{"id":54562,"date":"2025-01-30T22:03:49","date_gmt":"2025-01-30T21:03:49","guid":{"rendered":"https:\/\/superseeds.dk\/vare\/vipar-spectra-p600\/"},"modified":"2025-01-30T22:03:53","modified_gmt":"2025-01-30T21:03:53","slug":"vipar-spectra-p600","status":"publish","type":"product","link":"https:\/\/superseeds.dk\/se\/produkt\/vipar-spectra-p600\/","title":{"rendered":"Vipar Spectra - P600"},"content":{"rendered":"<h3>SPECIFIKATIONER<\/h3>\n<div class=\"mu-box\"><\/div>\n<table width=\"100%\">\n<tbody>\n<tr>\n<td>M\u00e5tt och dimensioner<\/td>\n<td>\n<div class=\"metric\">27,4 cm x 27,4 cm x 7,6 cm<\/div>\n<\/td>\n<\/tr>\n<tr>\n<td>V\u00e6gt<\/td>\n<td>\n<div class=\"metric\">2,27 kg<\/div>\n<\/td>\n<\/tr>\n<tr>\n<td>LED-chips<\/td>\n<td>250 stykker SMD-lysdioder med h\u00f8j intensitet, inklusive<\/p>\n<ul class=\"ul-in-table\">\n<li>3000K varme hvide lysdioder<\/li>\n<li>5000K hvide lysdioder<\/li>\n<li>660 nm dybe r\u00f8de lysdioder<\/li>\n<li>730 nm IR-LED<\/li>\n<\/ul>\n<\/td>\n<\/tr>\n<tr>\n<td>Vegging d\u00e6kning<\/td>\n<td>\n<div class=\"metric\">76,2 cm x 76,2 cm @ 0,46 m<\/div>\n<\/td>\n<\/tr>\n<tr>\n<td>Blomstrende d\u00e6kning<\/td>\n<td>\n<div class=\"metric\">61,0 cm x 61,0 cm @ 0,36 m<\/div>\n<\/td>\n<\/tr>\n<tr>\n<td>\u00c6gte magt<\/td>\n<td>95 watt \u00b1 3%<\/td>\n<\/tr>\n<tr>\n<td>Indgangssp\u00e6nding<\/td>\n<td>AC 100-240 V.<\/td>\n<\/tr>\n<tr>\n<td>Indgangsfrekvens<\/td>\n<td>50-60 Hz<\/td>\n<\/tr>\n<tr>\n<td>K\u00f8letilstand<\/td>\n<td>Passiv k\u00f8ling<\/td>\n<\/tr>\n<tr>\n<td>St\u00f8jniveau<\/td>\n<td>0 dB<\/td>\n<\/tr>\n<tr>\n<td>Levetid<\/td>\n<td>100.000 timer<\/td>\n<\/tr>\n<tr>\n<td>Pakkev\u00e6gt<\/td>\n<td>\n<div class=\"metric\">3,12 kg<\/div>\n<\/td>\n<\/tr>\n<tr>\n<td>Pakkeindhold<\/td>\n<td>P600, brugervejledning, 6 fods netledning og h\u00e6nges\u00e6t<\/td>\n<\/tr>\n<\/tbody>\n<\/table>","protected":false},"excerpt":{"rendered":"<p>Den nye effektive serie fra vipar spectra sikre dig den nyeste teknologi til de bedste priser.<\/p>\n<p>&nbsp;<\/p>\n<ul>\n<li>Integreret LED-beskyttelsesetui<\/li>\n<li>Ny SMD LED-teknologi<\/li>\n<li>fuldt spektrum<\/li>\n<li>Inkl. Infrar\u00f8d LED (IR)<\/li>\n<li>Indbygget lysd\u00e6mper, 15% &#8211; 100%<\/li>\n<li>Silikone bel\u00e6gning til vandt\u00e6tte LED&#8217;er<\/li>\n<li>Passiv k\u00f8ling med k\u00f8lelegeme med st\u00f8rre overflade<\/li>\n<li>Helt lydl\u00f8s<\/li>\n<\/ul>","protected":false},"featured_media":54576,"template":"","meta":{"_acf_changed":false},"product_brand":[],"product_cat":[1815,1863,1864,1876],"product_tag":[],"class_list":{"0":"post-54562","1":"product","2":"type-product","3":"status-publish","4":"has-post-thumbnail","6":"product_cat-groudstyr","7":"product_cat-lys","8":"product_cat-plantelys-led","9":"product_cat-viparspectra-led-vaekstlys","11":"first","12":"onbackorder","13":"taxable","14":"shipping-taxable","15":"purchasable","16":"product-type-simple"},"acf":[],"yoast_head":"<!-- This site is optimized with the Yoast SEO plugin v26.9 - https:\/\/yoast.com\/product\/yoast-seo-wordpress\/ -->\n<title>Vipar Spectra - P600 - Superseeds.dk<\/title>\n<meta name=\"robots\" content=\"index, follow, max-snippet:-1, max-image-preview:large, max-video-preview:-1\" \/>\n<link rel=\"canonical\" href=\"https:\/\/superseeds.dk\/se\/produkt\/vipar-spectra-p600\/\" \/>\n<meta property=\"og:locale\" content=\"sv_SE\" \/>\n<meta property=\"og:type\" content=\"article\" \/>\n<meta property=\"og:title\" content=\"Vipar Spectra - P600 - Superseeds.dk\" \/>\n<meta property=\"og:description\" content=\"Den nye effektive serie fra vipar spectra sikre dig den nyeste teknologi til de bedste priser.  &nbsp;   Integreret LED-beskyttelsesetui  Ny SMD LED-teknologi  fuldt spektrum  Inkl. Infrar\u00f8d LED (IR)  Indbygget lysd\u00e6mper, 15% - 100%  Silikone bel\u00e6gning til vandt\u00e6tte LED&#039;er  Passiv k\u00f8ling med k\u00f8lelegeme med st\u00f8rre overflade  Helt lydl\u00f8s\" \/>\n<meta property=\"og:url\" content=\"https:\/\/superseeds.dk\/se\/produkt\/vipar-spectra-p600\/\" \/>\n<meta property=\"og:site_name\" content=\"Superseeds.dk\" \/>\n<meta property=\"article:modified_time\" content=\"2025-01-30T21:03:53+00:00\" \/>\n<meta property=\"og:image\" content=\"https:\/\/super-seeds.se\/wp-content\/uploads\/2025\/01\/Vipar-Spectra-\u2013-P600.png\" \/>\n\t<meta property=\"og:image:width\" content=\"1080\" \/>\n\t<meta property=\"og:image:height\" content=\"1080\" \/>\n\t<meta property=\"og:image:type\" content=\"image\/png\" \/>\n<meta name=\"twitter:card\" content=\"summary_large_image\" \/>\n<script type=\"application\/ld+json\" class=\"yoast-schema-graph\">{\"@context\":\"https:\/\/schema.org\",\"@graph\":[{\"@type\":\"WebPage\",\"@id\":\"https:\/\/superseeds.dk\/vare\/vipar-spectra-p600\/\",\"url\":\"https:\/\/superseeds.dk\/vare\/vipar-spectra-p600\/\",\"name\":\"Vipar Spectra - P600 - Superseeds.dk\",\"isPartOf\":{\"@id\":\"https:\/\/super-seeds.se\/#website\"},\"primaryImageOfPage\":{\"@id\":\"https:\/\/superseeds.dk\/vare\/vipar-spectra-p600\/#primaryimage\"},\"image\":{\"@id\":\"https:\/\/superseeds.dk\/vare\/vipar-spectra-p600\/#primaryimage\"},\"thumbnailUrl\":\"https:\/\/superseeds.dk\/wp-content\/uploads\/2025\/01\/Vipar-Spectra-\u2013-P600.png\",\"datePublished\":\"2025-01-30T21:03:49+00:00\",\"dateModified\":\"2025-01-30T21:03:53+00:00\",\"breadcrumb\":{\"@id\":\"https:\/\/superseeds.dk\/vare\/vipar-spectra-p600\/#breadcrumb\"},\"inLanguage\":\"sv-SE\",\"potentialAction\":[{\"@type\":\"ReadAction\",\"target\":[\"https:\/\/superseeds.dk\/vare\/vipar-spectra-p600\/\"]}]},{\"@type\":\"ImageObject\",\"inLanguage\":\"sv-SE\",\"@id\":\"https:\/\/superseeds.dk\/vare\/vipar-spectra-p600\/#primaryimage\",\"url\":\"https:\/\/superseeds.dk\/wp-content\/uploads\/2025\/01\/Vipar-Spectra-\u2013-P600.png\",\"contentUrl\":\"https:\/\/superseeds.dk\/wp-content\/uploads\/2025\/01\/Vipar-Spectra-\u2013-P600.png\",\"width\":1080,\"height\":1080},{\"@type\":\"BreadcrumbList\",\"@id\":\"https:\/\/superseeds.dk\/vare\/vipar-spectra-p600\/#breadcrumb\",\"itemListElement\":[{\"@type\":\"ListItem\",\"position\":1,\"name\":\"Hjem\",\"item\":\"https:\/\/superseeds.dk\/\"},{\"@type\":\"ListItem\",\"position\":2,\"name\":\"Shop\",\"item\":\"https:\/\/superseeds.dk\/no\/butikk\/\"},{\"@type\":\"ListItem\",\"position\":3,\"name\":\"Vipar Spectra &#8211; P600\"}]},{\"@type\":\"WebSite\",\"@id\":\"https:\/\/super-seeds.se\/#website\",\"url\":\"https:\/\/super-seeds.se\/\",\"name\":\"Superseeds.dk\",\"description\":\"\",\"publisher\":{\"@id\":\"https:\/\/super-seeds.se\/#organization\"},\"potentialAction\":[{\"@type\":\"SearchAction\",\"target\":{\"@type\":\"EntryPoint\",\"urlTemplate\":\"https:\/\/super-seeds.se\/?s={search_term_string}\"},\"query-input\":{\"@type\":\"PropertyValueSpecification\",\"valueRequired\":true,\"valueName\":\"search_term_string\"}}],\"inLanguage\":\"sv-SE\"},{\"@type\":\"Organization\",\"@id\":\"https:\/\/super-seeds.se\/#organization\",\"name\":\"Superseeds.dk\",\"url\":\"https:\/\/super-seeds.se\/\",\"logo\":{\"@type\":\"ImageObject\",\"inLanguage\":\"sv-SE\",\"@id\":\"https:\/\/super-seeds.se\/#\/schema\/logo\/image\/\",\"url\":\"https:\/\/superseeds.dk\/wp-content\/uploads\/2025\/09\/logo-superseeds.png\",\"contentUrl\":\"https:\/\/superseeds.dk\/wp-content\/uploads\/2025\/09\/logo-superseeds.png\",\"width\":180,\"height\":160,\"caption\":\"Superseeds.dk\"},\"image\":{\"@id\":\"https:\/\/super-seeds.se\/#\/schema\/logo\/image\/\"}}]}<\/script>\n<!-- \/ Yoast SEO plugin. -->","yoast_head_json":{"title":"Vipar Spectra - P600 - Superseeds.dk","robots":{"index":"index","follow":"follow","max-snippet":"max-snippet:-1","max-image-preview":"max-image-preview:large","max-video-preview":"max-video-preview:-1"},"canonical":"https:\/\/superseeds.dk\/se\/produkt\/vipar-spectra-p600\/","og_locale":"sv_SE","og_type":"article","og_title":"Vipar Spectra - P600 - Superseeds.dk","og_description":"Den nye effektive serie fra vipar spectra sikre dig den nyeste teknologi til de bedste priser.  &nbsp;   Integreret LED-beskyttelsesetui  Ny SMD LED-teknologi  fuldt spektrum  Inkl. Infrar\u00f8d LED (IR)  Indbygget lysd\u00e6mper, 15% - 100%  Silikone bel\u00e6gning til vandt\u00e6tte LED'er  Passiv k\u00f8ling med k\u00f8lelegeme med st\u00f8rre overflade  Helt lydl\u00f8s","og_url":"https:\/\/superseeds.dk\/se\/produkt\/vipar-spectra-p600\/","og_site_name":"Superseeds.dk","article_modified_time":"2025-01-30T21:03:53+00:00","og_image":[{"width":1080,"height":1080,"url":"https:\/\/super-seeds.se\/wp-content\/uploads\/2025\/01\/Vipar-Spectra-\u2013-P600.png","type":"image\/png"}],"twitter_card":"summary_large_image","schema":{"@context":"https:\/\/schema.org","@graph":[{"@type":"WebPage","@id":"https:\/\/superseeds.dk\/vare\/vipar-spectra-p600\/","url":"https:\/\/superseeds.dk\/vare\/vipar-spectra-p600\/","name":"Vipar Spectra - P600 - Superseeds.dk","isPartOf":{"@id":"https:\/\/super-seeds.se\/#website"},"primaryImageOfPage":{"@id":"https:\/\/superseeds.dk\/vare\/vipar-spectra-p600\/#primaryimage"},"image":{"@id":"https:\/\/superseeds.dk\/vare\/vipar-spectra-p600\/#primaryimage"},"thumbnailUrl":"https:\/\/superseeds.dk\/wp-content\/uploads\/2025\/01\/Vipar-Spectra-\u2013-P600.png","datePublished":"2025-01-30T21:03:49+00:00","dateModified":"2025-01-30T21:03:53+00:00","breadcrumb":{"@id":"https:\/\/superseeds.dk\/vare\/vipar-spectra-p600\/#breadcrumb"},"inLanguage":"sv-SE","potentialAction":[{"@type":"ReadAction","target":["https:\/\/superseeds.dk\/vare\/vipar-spectra-p600\/"]}]},{"@type":"ImageObject","inLanguage":"sv-SE","@id":"https:\/\/superseeds.dk\/vare\/vipar-spectra-p600\/#primaryimage","url":"https:\/\/superseeds.dk\/wp-content\/uploads\/2025\/01\/Vipar-Spectra-\u2013-P600.png","contentUrl":"https:\/\/superseeds.dk\/wp-content\/uploads\/2025\/01\/Vipar-Spectra-\u2013-P600.png","width":1080,"height":1080},{"@type":"BreadcrumbList","@id":"https:\/\/superseeds.dk\/vare\/vipar-spectra-p600\/#breadcrumb","itemListElement":[{"@type":"ListItem","position":1,"name":"Hjem","item":"https:\/\/superseeds.dk\/"},{"@type":"ListItem","position":2,"name":"Shop","item":"https:\/\/superseeds.dk\/no\/butikk\/"},{"@type":"ListItem","position":3,"name":"Vipar Spectra &#8211; P600"}]},{"@type":"WebSite","@id":"https:\/\/super-seeds.se\/#website","url":"https:\/\/super-seeds.se\/","name":"Superseeds.com","description":"","publisher":{"@id":"https:\/\/super-seeds.se\/#organization"},"potentialAction":[{"@type":"SearchAction","target":{"@type":"EntryPoint","urlTemplate":"https:\/\/super-seeds.se\/?s={search_term_string}"},"query-input":{"@type":"PropertyValueSpecification","valueRequired":true,"valueName":"search_term_string"}}],"inLanguage":"sv-SE"},{"@type":"Organization","@id":"https:\/\/super-seeds.se\/#organization","name":"Superseeds.com","url":"https:\/\/super-seeds.se\/","logo":{"@type":"ImageObject","inLanguage":"sv-SE","@id":"https:\/\/super-seeds.se\/#\/schema\/logo\/image\/","url":"https:\/\/superseeds.dk\/wp-content\/uploads\/2025\/09\/logo-superseeds.png","contentUrl":"https:\/\/superseeds.dk\/wp-content\/uploads\/2025\/09\/logo-superseeds.png","width":180,"height":160,"caption":"Superseeds.dk"},"image":{"@id":"https:\/\/super-seeds.se\/#\/schema\/logo\/image\/"}}]}},"df_price":1149,"df_sale_price":"","df_regular_price":1149,"df_image_link":"https:\/\/superseeds.dk\/wp-content\/uploads\/2025\/01\/Vipar-Spectra-\u2013-P600-1024x1024.png","_links":{"self":[{"href":"https:\/\/superseeds.dk\/se\/wp-json\/wp\/v2\/product\/54562","targetHints":{"allow":["GET"]}}],"collection":[{"href":"https:\/\/superseeds.dk\/se\/wp-json\/wp\/v2\/product"}],"about":[{"href":"https:\/\/superseeds.dk\/se\/wp-json\/wp\/v2\/types\/product"}],"wp:featuredmedia":[{"embeddable":true,"href":"https:\/\/superseeds.dk\/se\/wp-json\/wp\/v2\/media\/54576"}],"wp:attachment":[{"href":"https:\/\/superseeds.dk\/se\/wp-json\/wp\/v2\/media?parent=54562"}],"wp:term":[{"taxonomy":"product_brand","embeddable":true,"href":"https:\/\/superseeds.dk\/se\/wp-json\/wp\/v2\/product_brand?post=54562"},{"taxonomy":"product_cat","embeddable":true,"href":"https:\/\/superseeds.dk\/se\/wp-json\/wp\/v2\/product_cat?post=54562"},{"taxonomy":"product_tag","embeddable":true,"href":"https:\/\/superseeds.dk\/se\/wp-json\/wp\/v2\/product_tag?post=54562"}],"curies":[{"name":"wp","href":"https:\/\/api.w.org\/{rel}","templated":true}]}}