{"id":54535,"date":"2025-01-30T22:03:29","date_gmt":"2025-01-30T21:03:29","guid":{"rendered":"https:\/\/superseeds.dk\/vare\/trikologic-s-10g-terra-aquatica\/"},"modified":"2025-01-30T22:03:31","modified_gmt":"2025-01-30T21:03:31","slug":"trikologic-s-10g-terra-aquatica","status":"publish","type":"product","link":"https:\/\/superseeds.dk\/se\/produkt\/trikologic-s-10g-terra-aquatica\/","title":{"rendered":"Terra Aquatica &#8211; Trikologic S"},"content":{"rendered":"<h2>S\u00e5dan bruges Trikologic S<\/h2>\n<p>Trikologic S er en naturlig, 100% organisk beskytter, og fungerer derfor bedst som en forebyggende.\u00a0Som med alle aerobe mikroorganismer, jo bedre iltforsyning og jo mere stabil pH, temperatur og fugtighed, desto sundere og mere effektiv vil Trikologic S v\u00e6re.<\/p>\n<ul>\n<li>Som en dr\u00e6n ved fr\u00f8s\u00e5ning og som tils\u00e6tningsstof til vand \/ n\u00e6ringsstof til kimplanter, unge og voksne planter: Tils\u00e6t 1 g for hver 15 til 20 liter vand eller n\u00e6ringsopl\u00f8sning hver 6. til 8. uge.<\/li>\n<li>For voksne planter i jord eller kokos: Tils\u00e6t 10 g for hver 150 til 200 liter vand eller n\u00e6ringsstofopl\u00f8sning hver 6. til 8. uge;\u00a0bare tilf\u00f8j til dit vand \/ n\u00e6ringsstofsystem eller vand direkte p\u00e5 underlaget.<\/li>\n<li>I ren, bar rod hydroponics og bioponics: N\u00e5r planter er unge og har sm\u00e5 rodsystemer, har Trikologic S brug for en base til at omgruppere og reproducere: for at give denne anvendelse en kommercielt tilg\u00e6ngelig biofilter enhed, eller suspendere en 3 til 5L plastkurv fyldt med 80 %leca \u00a0og 20% coco under faldende vand i din tank, f.eks. under tilbagelevering af vores growstream systemer<\/li>\n<\/ul>\n<p>&nbsp;<\/p>\n<p>Rodbeskyttelse er en stor bekymring for alle gartnere: i jord, hvor rodadgang er vanskelig, og i hydroponics, hvor adgangen til rodzonen er let, men r\u00f8dderne efterlades relativt udsat for patogener.\u00a0Og i betragtning af hvor stor indsats vi l\u00e6gger i at opbygge en sund rodmasse, er det sund fornuft at beskytte denne investering: Pythium, Fusarium, Verticillium og andre svampe- og bakteriepatogener kan skabe kaos i hydroponiske systemer, is\u00e6r i varmt vejr, hvor skimmelsvamp er mere af et luftpatogen, problemer kan udvikle sig praktisk talt natten over.<\/p>\n<p>Der findes flere \u201cl\u00f8sninger\u201d p\u00e5 markedet, fra UV-sterilisering til kommercielle fungicider fra havecentret, men de har alle ulemper: fra omkostninger, kompleksitet og tvivlsomme resultater, til toksicitet og sundhedsfarer ved fungicider.<\/p>\n<p>Heldigvis er der en yderst effektiv l\u00f8sning uden s\u00e5danne risici knyttet: Trikologic S.<\/p>\n<p>For at skabe den mest effektive beskyttelse, testede vi alle de stammer, der i \u00f8jeblikket anvendes som &#8220;gavnlige&#8221; og isolerede den mest effektive og hurtigstvirkende kombination (for mange stammer, og der er en kamp for at etablere sig og yde beskyttelse: det nytter ikke med hurtig voksende afgr\u00f8der).<\/p>\n<p>Trikologic S&#8217;s velafbalancerede blanding af gavnlige mikroorganismer fungerer med det samme og vil beskytte hele rodmassen p\u00e5 dine planter mod patogene svampe ved at danne en beskyttende barriere, der h\u00e6mmer patogenv\u00e6kst, formering og overlevelse.<br \/>\nDette giver dig den mest robuste beskyttelse mod rodpatogener, der findes.\u00a0Og takket v\u00e6re den samme h\u00f8jkvalitets Trichoderma som vores Trikologic-blanding nedbryder Trikologic S ogs\u00e5 u\u00f8nsket organisk stofaffald i n\u00e6ringsstofopl\u00f8sning, der omdanner denne potentielle sygdomskilde til et supplement af mineraler, der er let tilg\u00e6ngelige for dine planter.<\/p>","protected":false},"excerpt":{"rendered":"<p class=\"orange\"><strong>Trikologic S\u00a0 er\u00a0 en s\u00e6rdeles <\/strong><strong>\u00a0effektiv biologisk rodbeskytter.<\/strong> Trichoderma s er den ultimativ beskyttelse mod rodzoneproblemer ved for <strong>h\u00f8j vandtemperatur omkring dine r\u00f8dder<\/strong><\/p>\n<p>Trikologic S blanding af gavnlige mikroorganismer fungerer med det samme og vil <strong>beskytte hele rodmassen p\u00e5 dine planter<\/strong> mod patogene svampe ved at danne en beskyttende barriere, der h\u00e6mmer patogenv\u00e6kst<\/p>","protected":false},"featured_media":54539,"template":"","meta":{"_acf_changed":false},"product_brand":[],"product_cat":[1858,1815,1854,1859,1836,1862,1898],"product_tag":[],"class_list":{"0":"post-54535","1":"product","2":"type-product","3":"status-publish","4":"has-post-thumbnail","6":"product_cat-gromedie","7":"product_cat-groudstyr","8":"product_cat-hydro","9":"product_cat-jord-forbedring","10":"product_cat-plantegoedning","11":"product_cat-ghe","12":"product_cat-ghe-vandings-system","13":"pa_gram-10-g","14":"pa_gram-100-g","15":"pa_gram-25-g","17":"first","18":"onbackorder","19":"taxable","20":"shipping-taxable","21":"purchasable","22":"product-type-variable","23":"wvs-archive-product-wrapper"},"acf":[],"yoast_head":"<!-- This site is optimized with the Yoast SEO plugin v26.9 - https:\/\/yoast.com\/product\/yoast-seo-wordpress\/ -->\n<title>Terra Aquatica - Trikologic S - Superseeds.dk<\/title>\n<meta name=\"robots\" content=\"index, follow, max-snippet:-1, max-image-preview:large, max-video-preview:-1\" \/>\n<link rel=\"canonical\" href=\"https:\/\/superseeds.dk\/se\/produkt\/trikologic-s-10g-terra-aquatica\/\" \/>\n<meta property=\"og:locale\" content=\"sv_SE\" \/>\n<meta property=\"og:type\" content=\"article\" \/>\n<meta property=\"og:title\" content=\"Terra Aquatica - Trikologic S - Superseeds.dk\" \/>\n<meta property=\"og:description\" content=\"Trikologic S\u00a0 er\u00a0 en s\u00e6rdeles \u00a0effektiv biologisk rodbeskytter. Trichoderma s er den ultimativ beskyttelse mod rodzoneproblemer ved for h\u00f8j vandtemperatur omkring dine r\u00f8dder Trikologic S blanding af gavnlige mikroorganismer fungerer med det samme og vil beskytte hele rodmassen p\u00e5 dine planter mod patogene svampe ved at danne en beskyttende barriere, der h\u00e6mmer patogenv\u00e6kst\" \/>\n<meta property=\"og:url\" content=\"https:\/\/superseeds.dk\/se\/produkt\/trikologic-s-10g-terra-aquatica\/\" \/>\n<meta property=\"og:site_name\" content=\"Superseeds.dk\" \/>\n<meta property=\"article:modified_time\" content=\"2025-01-30T21:03:31+00:00\" \/>\n<meta property=\"og:image\" content=\"https:\/\/superseeds.dk\/wp-content\/uploads\/2025\/01\/Trikologic-S.png\" \/>\n\t<meta property=\"og:image:width\" content=\"972\" \/>\n\t<meta property=\"og:image:height\" content=\"1200\" \/>\n\t<meta property=\"og:image:type\" content=\"image\/png\" \/>\n<meta name=\"twitter:card\" content=\"summary_large_image\" \/>\n<meta name=\"twitter:label1\" content=\"Ber\u00e4knad l\u00e4stid\" \/>\n\t<meta name=\"twitter:data1\" content=\"2 minuter\" \/>\n<script type=\"application\/ld+json\" class=\"yoast-schema-graph\">{\"@context\":\"https:\/\/schema.org\",\"@graph\":[{\"@type\":\"WebPage\",\"@id\":\"https:\/\/superseeds.dk\/vare\/trikologic-s-10g-terra-aquatica\/\",\"url\":\"https:\/\/superseeds.dk\/vare\/trikologic-s-10g-terra-aquatica\/\",\"name\":\"Terra Aquatica - Trikologic S - Superseeds.dk\",\"isPartOf\":{\"@id\":\"https:\/\/super-seeds.se\/#website\"},\"primaryImageOfPage\":{\"@id\":\"https:\/\/superseeds.dk\/vare\/trikologic-s-10g-terra-aquatica\/#primaryimage\"},\"image\":{\"@id\":\"https:\/\/superseeds.dk\/vare\/trikologic-s-10g-terra-aquatica\/#primaryimage\"},\"thumbnailUrl\":\"https:\/\/superseeds.dk\/wp-content\/uploads\/2025\/01\/Trikologic-S.png\",\"datePublished\":\"2025-01-30T21:03:29+00:00\",\"dateModified\":\"2025-01-30T21:03:31+00:00\",\"breadcrumb\":{\"@id\":\"https:\/\/superseeds.dk\/vare\/trikologic-s-10g-terra-aquatica\/#breadcrumb\"},\"inLanguage\":\"sv-SE\",\"potentialAction\":[{\"@type\":\"ReadAction\",\"target\":[\"https:\/\/superseeds.dk\/vare\/trikologic-s-10g-terra-aquatica\/\"]}]},{\"@type\":\"ImageObject\",\"inLanguage\":\"sv-SE\",\"@id\":\"https:\/\/superseeds.dk\/vare\/trikologic-s-10g-terra-aquatica\/#primaryimage\",\"url\":\"https:\/\/superseeds.dk\/wp-content\/uploads\/2025\/01\/Trikologic-S.png\",\"contentUrl\":\"https:\/\/superseeds.dk\/wp-content\/uploads\/2025\/01\/Trikologic-S.png\",\"width\":972,\"height\":1200},{\"@type\":\"BreadcrumbList\",\"@id\":\"https:\/\/superseeds.dk\/vare\/trikologic-s-10g-terra-aquatica\/#breadcrumb\",\"itemListElement\":[{\"@type\":\"ListItem\",\"position\":1,\"name\":\"Hjem\",\"item\":\"https:\/\/superseeds.dk\/\"},{\"@type\":\"ListItem\",\"position\":2,\"name\":\"Shop\",\"item\":\"https:\/\/superseeds.dk\/no\/butikk\/\"},{\"@type\":\"ListItem\",\"position\":3,\"name\":\"Terra Aquatica &#8211; Trikologic S\"}]},{\"@type\":\"WebSite\",\"@id\":\"https:\/\/super-seeds.se\/#website\",\"url\":\"https:\/\/super-seeds.se\/\",\"name\":\"Superseeds.dk\",\"description\":\"\",\"publisher\":{\"@id\":\"https:\/\/super-seeds.se\/#organization\"},\"potentialAction\":[{\"@type\":\"SearchAction\",\"target\":{\"@type\":\"EntryPoint\",\"urlTemplate\":\"https:\/\/super-seeds.se\/?s={search_term_string}\"},\"query-input\":{\"@type\":\"PropertyValueSpecification\",\"valueRequired\":true,\"valueName\":\"search_term_string\"}}],\"inLanguage\":\"sv-SE\"},{\"@type\":\"Organization\",\"@id\":\"https:\/\/super-seeds.se\/#organization\",\"name\":\"Superseeds.dk\",\"url\":\"https:\/\/super-seeds.se\/\",\"logo\":{\"@type\":\"ImageObject\",\"inLanguage\":\"sv-SE\",\"@id\":\"https:\/\/super-seeds.se\/#\/schema\/logo\/image\/\",\"url\":\"https:\/\/superseeds.dk\/wp-content\/uploads\/2025\/09\/logo-superseeds.png\",\"contentUrl\":\"https:\/\/superseeds.dk\/wp-content\/uploads\/2025\/09\/logo-superseeds.png\",\"width\":180,\"height\":160,\"caption\":\"Superseeds.dk\"},\"image\":{\"@id\":\"https:\/\/super-seeds.se\/#\/schema\/logo\/image\/\"}}]}<\/script>\n<!-- \/ Yoast SEO plugin. -->","yoast_head_json":{"title":"Terra Aquatica - Trikologic S - Superseeds.dk","robots":{"index":"index","follow":"follow","max-snippet":"max-snippet:-1","max-image-preview":"max-image-preview:large","max-video-preview":"max-video-preview:-1"},"canonical":"https:\/\/superseeds.dk\/se\/produkt\/trikologic-s-10g-terra-aquatica\/","og_locale":"sv_SE","og_type":"article","og_title":"Terra Aquatica - Trikologic S - Superseeds.dk","og_description":"Trikologic S\u00a0 er\u00a0 en s\u00e6rdeles \u00a0effektiv biologisk rodbeskytter. Trichoderma s er den ultimativ beskyttelse mod rodzoneproblemer ved for h\u00f8j vandtemperatur omkring dine r\u00f8dder Trikologic S blanding af gavnlige mikroorganismer fungerer med det samme og vil beskytte hele rodmassen p\u00e5 dine planter mod patogene svampe ved at danne en beskyttende barriere, der h\u00e6mmer patogenv\u00e6kst","og_url":"https:\/\/superseeds.dk\/se\/produkt\/trikologic-s-10g-terra-aquatica\/","og_site_name":"Superseeds.dk","article_modified_time":"2025-01-30T21:03:31+00:00","og_image":[{"width":972,"height":1200,"url":"https:\/\/superseeds.dk\/wp-content\/uploads\/2025\/01\/Trikologic-S.png","type":"image\/png"}],"twitter_card":"summary_large_image","twitter_misc":{"Ber\u00e4knad l\u00e4stid":"2 minuter"},"schema":{"@context":"https:\/\/schema.org","@graph":[{"@type":"WebPage","@id":"https:\/\/superseeds.dk\/vare\/trikologic-s-10g-terra-aquatica\/","url":"https:\/\/superseeds.dk\/vare\/trikologic-s-10g-terra-aquatica\/","name":"Terra Aquatica - Trikologic S - Superseeds.dk","isPartOf":{"@id":"https:\/\/super-seeds.se\/#website"},"primaryImageOfPage":{"@id":"https:\/\/superseeds.dk\/vare\/trikologic-s-10g-terra-aquatica\/#primaryimage"},"image":{"@id":"https:\/\/superseeds.dk\/vare\/trikologic-s-10g-terra-aquatica\/#primaryimage"},"thumbnailUrl":"https:\/\/superseeds.dk\/wp-content\/uploads\/2025\/01\/Trikologic-S.png","datePublished":"2025-01-30T21:03:29+00:00","dateModified":"2025-01-30T21:03:31+00:00","breadcrumb":{"@id":"https:\/\/superseeds.dk\/vare\/trikologic-s-10g-terra-aquatica\/#breadcrumb"},"inLanguage":"sv-SE","potentialAction":[{"@type":"ReadAction","target":["https:\/\/superseeds.dk\/vare\/trikologic-s-10g-terra-aquatica\/"]}]},{"@type":"ImageObject","inLanguage":"sv-SE","@id":"https:\/\/superseeds.dk\/vare\/trikologic-s-10g-terra-aquatica\/#primaryimage","url":"https:\/\/superseeds.dk\/wp-content\/uploads\/2025\/01\/Trikologic-S.png","contentUrl":"https:\/\/superseeds.dk\/wp-content\/uploads\/2025\/01\/Trikologic-S.png","width":972,"height":1200},{"@type":"BreadcrumbList","@id":"https:\/\/superseeds.dk\/vare\/trikologic-s-10g-terra-aquatica\/#breadcrumb","itemListElement":[{"@type":"ListItem","position":1,"name":"Hjem","item":"https:\/\/superseeds.dk\/"},{"@type":"ListItem","position":2,"name":"Shop","item":"https:\/\/superseeds.dk\/no\/butikk\/"},{"@type":"ListItem","position":3,"name":"Terra Aquatica &#8211; Trikologic S"}]},{"@type":"WebSite","@id":"https:\/\/super-seeds.se\/#website","url":"https:\/\/super-seeds.se\/","name":"Superseeds.com","description":"","publisher":{"@id":"https:\/\/super-seeds.se\/#organization"},"potentialAction":[{"@type":"SearchAction","target":{"@type":"EntryPoint","urlTemplate":"https:\/\/super-seeds.se\/?s={search_term_string}"},"query-input":{"@type":"PropertyValueSpecification","valueRequired":true,"valueName":"search_term_string"}}],"inLanguage":"sv-SE"},{"@type":"Organization","@id":"https:\/\/super-seeds.se\/#organization","name":"Superseeds.com","url":"https:\/\/super-seeds.se\/","logo":{"@type":"ImageObject","inLanguage":"sv-SE","@id":"https:\/\/super-seeds.se\/#\/schema\/logo\/image\/","url":"https:\/\/superseeds.dk\/wp-content\/uploads\/2025\/09\/logo-superseeds.png","contentUrl":"https:\/\/superseeds.dk\/wp-content\/uploads\/2025\/09\/logo-superseeds.png","width":180,"height":160,"caption":"Superseeds.dk"},"image":{"@id":"https:\/\/super-seeds.se\/#\/schema\/logo\/image\/"}}]}},"df_price":169,"df_sale_price":"","df_regular_price":169,"df_image_link":"https:\/\/superseeds.dk\/wp-content\/uploads\/2025\/01\/Trikologic-S-829x1024.png","_links":{"self":[{"href":"https:\/\/superseeds.dk\/se\/wp-json\/wp\/v2\/product\/54535","targetHints":{"allow":["GET"]}}],"collection":[{"href":"https:\/\/superseeds.dk\/se\/wp-json\/wp\/v2\/product"}],"about":[{"href":"https:\/\/superseeds.dk\/se\/wp-json\/wp\/v2\/types\/product"}],"wp:featuredmedia":[{"embeddable":true,"href":"https:\/\/superseeds.dk\/se\/wp-json\/wp\/v2\/media\/54539"}],"wp:attachment":[{"href":"https:\/\/superseeds.dk\/se\/wp-json\/wp\/v2\/media?parent=54535"}],"wp:term":[{"taxonomy":"product_brand","embeddable":true,"href":"https:\/\/superseeds.dk\/se\/wp-json\/wp\/v2\/product_brand?post=54535"},{"taxonomy":"product_cat","embeddable":true,"href":"https:\/\/superseeds.dk\/se\/wp-json\/wp\/v2\/product_cat?post=54535"},{"taxonomy":"product_tag","embeddable":true,"href":"https:\/\/superseeds.dk\/se\/wp-json\/wp\/v2\/product_tag?post=54535"}],"curies":[{"name":"wp","href":"https:\/\/api.w.org\/{rel}","templated":true}]}}