{"id":54530,"date":"2025-01-30T22:03:24","date_gmt":"2025-01-30T21:03:24","guid":{"rendered":"https:\/\/superseeds.dk\/vare\/hygrometer-mini\/"},"modified":"2025-01-30T22:03:33","modified_gmt":"2025-01-30T21:03:33","slug":"hygrometer-mini","status":"publish","type":"product","link":"https:\/\/superseeds.dk\/se\/produkt\/hygrometer-mini\/","title":{"rendered":"Hygrometer &#8211; Mini"},"content":{"rendered":"<p>Hygrometeret m\u00e5ler luftfugtigheden med en n\u00f8jagtighed p\u00e5 \u00b15% (ved 25 \u2103)<\/p>\n<p>Termometret kan m\u00e5le temperatur fra -50\u00b0C til 70\u00b0C med en decimal og en n\u00f8jagtighed p\u00e5 \u00b11\u00b0C<\/p>\n<p>Temperatur og luftfugtigheds m\u00e5leren drives af 2 stk. LR44 batterier (medf\u00f8lger)<\/p>\n<p>&nbsp;<\/p>\n<p><iframe title=\"Mini Digital LCD Indoor Thermometer Hygrometer\" width=\"800\" height=\"450\" src=\"https:\/\/www.youtube.com\/embed\/8iXCz_Ls3Wk?feature=oembed\" frameborder=\"0\" allow=\"accelerometer; autoplay; clipboard-write; encrypted-media; gyroscope; picture-in-picture; web-share\" referrerpolicy=\"strict-origin-when-cross-origin\" allowfullscreen><\/iframe><\/p>","protected":false},"excerpt":{"rendered":"<p><strong>Mini hygrometer og termometer<\/strong> der er perfekt til af vise hvordan dine omgivelser er i dit grorum.<\/p>\n<p>den er utrolig lille og med tydeligt display og derfor <strong>velegnet til din currings beholder og andre urter.\u00a0<\/strong><\/p>\n<p>M\u00e5ler kun 5,7 x 3 x 1,1 cm<\/p>\n<p>&nbsp;<\/p>","protected":false},"featured_media":54531,"template":"","meta":{"_acf_changed":false},"product_brand":[],"product_cat":[1815,1860,1824],"product_tag":[],"class_list":{"0":"post-54530","1":"product","2":"type-product","3":"status-publish","4":"has-post-thumbnail","6":"product_cat-groudstyr","7":"product_cat-hygro-thermometer","8":"product_cat-klima","10":"first","11":"onbackorder","12":"taxable","13":"shipping-taxable","14":"purchasable","15":"product-type-simple"},"acf":[],"yoast_head":"<!-- This site is optimized with the Yoast SEO plugin v26.9 - https:\/\/yoast.com\/product\/yoast-seo-wordpress\/ -->\n<title>Hygrometer - Mini - Superseeds.dk<\/title>\n<meta name=\"robots\" content=\"index, follow, max-snippet:-1, max-image-preview:large, max-video-preview:-1\" \/>\n<link rel=\"canonical\" href=\"https:\/\/superseeds.dk\/se\/produkt\/hygrometer-mini\/\" \/>\n<meta property=\"og:locale\" content=\"sv_SE\" \/>\n<meta property=\"og:type\" content=\"article\" \/>\n<meta property=\"og:title\" content=\"Hygrometer - Mini - Superseeds.dk\" \/>\n<meta property=\"og:description\" content=\"Mini hygrometer og termometer der er perfekt til af vise hvordan dine omgivelser er i dit grorum.  den er utrolig lille og med tydeligt display og derfor velegnet til din currings beholder og andre urter.\u00a0  M\u00e5ler kun 5,7 x 3 x 1,1 cm  &nbsp;\" \/>\n<meta property=\"og:url\" content=\"https:\/\/superseeds.dk\/se\/produkt\/hygrometer-mini\/\" \/>\n<meta property=\"og:site_name\" content=\"Superseeds.dk\" \/>\n<meta property=\"article:modified_time\" content=\"2025-01-30T21:03:33+00:00\" \/>\n<meta property=\"og:image\" content=\"https:\/\/superseeds.dk\/wp-content\/uploads\/2025\/01\/Hygrometer-\u2013-Mini.png\" \/>\n\t<meta property=\"og:image:width\" content=\"1080\" \/>\n\t<meta property=\"og:image:height\" content=\"1080\" \/>\n\t<meta property=\"og:image:type\" content=\"image\/png\" \/>\n<meta name=\"twitter:card\" content=\"summary_large_image\" \/>\n<script type=\"application\/ld+json\" class=\"yoast-schema-graph\">{\"@context\":\"https:\/\/schema.org\",\"@graph\":[{\"@type\":\"WebPage\",\"@id\":\"https:\/\/superseeds.dk\/vare\/hygrometer-mini\/\",\"url\":\"https:\/\/superseeds.dk\/vare\/hygrometer-mini\/\",\"name\":\"Hygrometer - Mini - Superseeds.dk\",\"isPartOf\":{\"@id\":\"https:\/\/super-seeds.se\/#website\"},\"primaryImageOfPage\":{\"@id\":\"https:\/\/superseeds.dk\/vare\/hygrometer-mini\/#primaryimage\"},\"image\":{\"@id\":\"https:\/\/superseeds.dk\/vare\/hygrometer-mini\/#primaryimage\"},\"thumbnailUrl\":\"https:\/\/superseeds.dk\/wp-content\/uploads\/2025\/01\/Hygrometer-\u2013-Mini.png\",\"datePublished\":\"2025-01-30T21:03:24+00:00\",\"dateModified\":\"2025-01-30T21:03:33+00:00\",\"breadcrumb\":{\"@id\":\"https:\/\/superseeds.dk\/vare\/hygrometer-mini\/#breadcrumb\"},\"inLanguage\":\"sv-SE\",\"potentialAction\":[{\"@type\":\"ReadAction\",\"target\":[\"https:\/\/superseeds.dk\/vare\/hygrometer-mini\/\"]}]},{\"@type\":\"ImageObject\",\"inLanguage\":\"sv-SE\",\"@id\":\"https:\/\/superseeds.dk\/vare\/hygrometer-mini\/#primaryimage\",\"url\":\"https:\/\/superseeds.dk\/wp-content\/uploads\/2025\/01\/Hygrometer-\u2013-Mini.png\",\"contentUrl\":\"https:\/\/superseeds.dk\/wp-content\/uploads\/2025\/01\/Hygrometer-\u2013-Mini.png\",\"width\":1080,\"height\":1080},{\"@type\":\"BreadcrumbList\",\"@id\":\"https:\/\/superseeds.dk\/vare\/hygrometer-mini\/#breadcrumb\",\"itemListElement\":[{\"@type\":\"ListItem\",\"position\":1,\"name\":\"Hjem\",\"item\":\"https:\/\/superseeds.dk\/\"},{\"@type\":\"ListItem\",\"position\":2,\"name\":\"Shop\",\"item\":\"https:\/\/superseeds.dk\/no\/butikk\/\"},{\"@type\":\"ListItem\",\"position\":3,\"name\":\"Hygrometer &#8211; Mini\"}]},{\"@type\":\"WebSite\",\"@id\":\"https:\/\/super-seeds.se\/#website\",\"url\":\"https:\/\/super-seeds.se\/\",\"name\":\"Superseeds.dk\",\"description\":\"\",\"publisher\":{\"@id\":\"https:\/\/super-seeds.se\/#organization\"},\"potentialAction\":[{\"@type\":\"SearchAction\",\"target\":{\"@type\":\"EntryPoint\",\"urlTemplate\":\"https:\/\/super-seeds.se\/?s={search_term_string}\"},\"query-input\":{\"@type\":\"PropertyValueSpecification\",\"valueRequired\":true,\"valueName\":\"search_term_string\"}}],\"inLanguage\":\"sv-SE\"},{\"@type\":\"Organization\",\"@id\":\"https:\/\/super-seeds.se\/#organization\",\"name\":\"Superseeds.dk\",\"url\":\"https:\/\/super-seeds.se\/\",\"logo\":{\"@type\":\"ImageObject\",\"inLanguage\":\"sv-SE\",\"@id\":\"https:\/\/super-seeds.se\/#\/schema\/logo\/image\/\",\"url\":\"https:\/\/superseeds.dk\/wp-content\/uploads\/2025\/09\/logo-superseeds.png\",\"contentUrl\":\"https:\/\/superseeds.dk\/wp-content\/uploads\/2025\/09\/logo-superseeds.png\",\"width\":180,\"height\":160,\"caption\":\"Superseeds.dk\"},\"image\":{\"@id\":\"https:\/\/super-seeds.se\/#\/schema\/logo\/image\/\"}}]}<\/script>\n<!-- \/ Yoast SEO plugin. -->","yoast_head_json":{"title":"Hygrometer - Mini - Superseeds.dk","robots":{"index":"index","follow":"follow","max-snippet":"max-snippet:-1","max-image-preview":"max-image-preview:large","max-video-preview":"max-video-preview:-1"},"canonical":"https:\/\/superseeds.dk\/se\/produkt\/hygrometer-mini\/","og_locale":"sv_SE","og_type":"article","og_title":"Hygrometer - Mini - Superseeds.dk","og_description":"Mini hygrometer og termometer der er perfekt til af vise hvordan dine omgivelser er i dit grorum.  den er utrolig lille og med tydeligt display og derfor velegnet til din currings beholder og andre urter.\u00a0  M\u00e5ler kun 5,7 x 3 x 1,1 cm  &nbsp;","og_url":"https:\/\/superseeds.dk\/se\/produkt\/hygrometer-mini\/","og_site_name":"Superseeds.dk","article_modified_time":"2025-01-30T21:03:33+00:00","og_image":[{"width":1080,"height":1080,"url":"https:\/\/superseeds.dk\/wp-content\/uploads\/2025\/01\/Hygrometer-\u2013-Mini.png","type":"image\/png"}],"twitter_card":"summary_large_image","schema":{"@context":"https:\/\/schema.org","@graph":[{"@type":"WebPage","@id":"https:\/\/superseeds.dk\/vare\/hygrometer-mini\/","url":"https:\/\/superseeds.dk\/vare\/hygrometer-mini\/","name":"Hygrometer - Mini - Superseeds.dk","isPartOf":{"@id":"https:\/\/super-seeds.se\/#website"},"primaryImageOfPage":{"@id":"https:\/\/superseeds.dk\/vare\/hygrometer-mini\/#primaryimage"},"image":{"@id":"https:\/\/superseeds.dk\/vare\/hygrometer-mini\/#primaryimage"},"thumbnailUrl":"https:\/\/superseeds.dk\/wp-content\/uploads\/2025\/01\/Hygrometer-\u2013-Mini.png","datePublished":"2025-01-30T21:03:24+00:00","dateModified":"2025-01-30T21:03:33+00:00","breadcrumb":{"@id":"https:\/\/superseeds.dk\/vare\/hygrometer-mini\/#breadcrumb"},"inLanguage":"sv-SE","potentialAction":[{"@type":"ReadAction","target":["https:\/\/superseeds.dk\/vare\/hygrometer-mini\/"]}]},{"@type":"ImageObject","inLanguage":"sv-SE","@id":"https:\/\/superseeds.dk\/vare\/hygrometer-mini\/#primaryimage","url":"https:\/\/superseeds.dk\/wp-content\/uploads\/2025\/01\/Hygrometer-\u2013-Mini.png","contentUrl":"https:\/\/superseeds.dk\/wp-content\/uploads\/2025\/01\/Hygrometer-\u2013-Mini.png","width":1080,"height":1080},{"@type":"BreadcrumbList","@id":"https:\/\/superseeds.dk\/vare\/hygrometer-mini\/#breadcrumb","itemListElement":[{"@type":"ListItem","position":1,"name":"Hjem","item":"https:\/\/superseeds.dk\/"},{"@type":"ListItem","position":2,"name":"Shop","item":"https:\/\/superseeds.dk\/no\/butikk\/"},{"@type":"ListItem","position":3,"name":"Hygrometer &#8211; Mini"}]},{"@type":"WebSite","@id":"https:\/\/super-seeds.se\/#website","url":"https:\/\/super-seeds.se\/","name":"Superseeds.com","description":"","publisher":{"@id":"https:\/\/super-seeds.se\/#organization"},"potentialAction":[{"@type":"SearchAction","target":{"@type":"EntryPoint","urlTemplate":"https:\/\/super-seeds.se\/?s={search_term_string}"},"query-input":{"@type":"PropertyValueSpecification","valueRequired":true,"valueName":"search_term_string"}}],"inLanguage":"sv-SE"},{"@type":"Organization","@id":"https:\/\/super-seeds.se\/#organization","name":"Superseeds.com","url":"https:\/\/super-seeds.se\/","logo":{"@type":"ImageObject","inLanguage":"sv-SE","@id":"https:\/\/super-seeds.se\/#\/schema\/logo\/image\/","url":"https:\/\/superseeds.dk\/wp-content\/uploads\/2025\/09\/logo-superseeds.png","contentUrl":"https:\/\/superseeds.dk\/wp-content\/uploads\/2025\/09\/logo-superseeds.png","width":180,"height":160,"caption":"Superseeds.dk"},"image":{"@id":"https:\/\/super-seeds.se\/#\/schema\/logo\/image\/"}}]}},"df_price":49,"df_sale_price":"","df_regular_price":49,"df_image_link":"https:\/\/superseeds.dk\/wp-content\/uploads\/2025\/01\/Hygrometer-\u2013-Mini-1024x1024.png","_links":{"self":[{"href":"https:\/\/superseeds.dk\/se\/wp-json\/wp\/v2\/product\/54530","targetHints":{"allow":["GET"]}}],"collection":[{"href":"https:\/\/superseeds.dk\/se\/wp-json\/wp\/v2\/product"}],"about":[{"href":"https:\/\/superseeds.dk\/se\/wp-json\/wp\/v2\/types\/product"}],"wp:featuredmedia":[{"embeddable":true,"href":"https:\/\/superseeds.dk\/se\/wp-json\/wp\/v2\/media\/54531"}],"wp:attachment":[{"href":"https:\/\/superseeds.dk\/se\/wp-json\/wp\/v2\/media?parent=54530"}],"wp:term":[{"taxonomy":"product_brand","embeddable":true,"href":"https:\/\/superseeds.dk\/se\/wp-json\/wp\/v2\/product_brand?post=54530"},{"taxonomy":"product_cat","embeddable":true,"href":"https:\/\/superseeds.dk\/se\/wp-json\/wp\/v2\/product_cat?post=54530"},{"taxonomy":"product_tag","embeddable":true,"href":"https:\/\/superseeds.dk\/se\/wp-json\/wp\/v2\/product_tag?post=54530"}],"curies":[{"name":"wp","href":"https:\/\/api.w.org\/{rel}","templated":true}]}}