{"id":54524,"date":"2025-01-30T22:03:19","date_gmt":"2025-01-30T21:03:19","guid":{"rendered":"https:\/\/superseeds.dk\/vare\/gse-affugter-og-luftfugter-10a\/"},"modified":"2025-01-30T22:03:23","modified_gmt":"2025-01-30T21:03:23","slug":"gse-affugter-og-luftfugter-10a","status":"publish","type":"product","link":"https:\/\/superseeds.dk\/se\/produkt\/gse-affugter-og-luftfugter-10a\/","title":{"rendered":"Gse Affugter og Luftfugter -10A"},"content":{"rendered":"<p><iframe title=\"Humidifier\/Dehumidifier controller 10A\" width=\"800\" height=\"450\" src=\"https:\/\/www.youtube.com\/embed\/D_JzQnijR_k?feature=oembed\" frameborder=\"0\" allow=\"accelerometer; autoplay; clipboard-write; encrypted-media; gyroscope; picture-in-picture; web-share\" referrerpolicy=\"strict-origin-when-cross-origin\" allowfullscreen><\/iframe><\/p>\n<p>&nbsp;<\/p>\n<p>Luftfugteregulatoren betjener rum under konstant fugtighed for at holde deres fugtighed stabil.<\/p>\n<p>Enheden er anbragt mellem en befugtningsenhed (fogger) eller affugter og en stikkontakt.\u00a0Der er to kontrolknapper til at indstille den \u00f8nskede fugtighed og den forbrugertype, der v\u00e6lger hysteresen.<br \/>\nControlleren leveres som en enhed og er klar til brug.\u00a0Enheden leveres komplet i en vandt\u00e6t holder med kompatible stikkontakter med h\u00e6ngslede l\u00e5g og en digital lavsp\u00e6ndingssensor, hvilket g\u00f8r den til den perfekte controller til fugtige rum.\u00a0Sensoren leveres med et 4 meter kabel.<\/p>\n<p>Se tutorial p\u00e5 YouTube:<\/p>\n<p><b>St\u00f8rrelser og tekniske data:<\/b><br \/>\nHus: BxHxD = 130x80x70mm<br \/>\nFugtighedsregulator:<br \/>\nBxHxD = 160x100x90mm<br \/>\nStr\u00f8mkrav: (lysnet) Sp\u00e6nding: 230V \/ 50Hz, 8Amp (3A induktiv)<br \/>\nDigital sensor: 5V M\u00e5ler temperaturer fra -55 \u00b0 C til +125 \u00b0 C<br \/>\n( -67 \u00b0 F til +257 \u00b0 F) 0,5 \u00b0 C n\u00f8jagtighed fra -10 \u00b0 C til +85 \u00b0 C<br \/>\nFugtighedsn\u00f8jagtighed +\/- 3% RF maks. Tolerance @ 55% RH<br \/>\nBeskyttelsesklasse: IP54<\/p>\n<p><b>Indstillingsomr\u00e5de:<\/b><br \/>\nFugtighed: 30% til 100%<br \/>\nhysterese: affugter -10% til -1% og luftfugter + 1% til + 10%<\/p>","protected":false},"excerpt":{"rendered":"<p>Luftfugter regulatoren s\u00f8rger nemt og effektivt for af dit grorum for\u00a0 den korrekte fugtighed. og holder fugtigheden stabil<\/p>\n<p>Enheden er anbragt mellem en befugtningsenhed (Humidifyer) eller en affugter og en stikkontakt.<\/p>\n<p>&nbsp;<\/p>","protected":false},"featured_media":54526,"template":"","meta":{"_acf_changed":false},"product_brand":[],"product_cat":[1871,1894,1815,1824,1885,1870],"product_tag":[],"class_list":{"0":"post-54524","1":"product","2":"type-product","3":"status-publish","4":"has-post-thumbnail","6":"product_cat-affugter","7":"product_cat-befugter","8":"product_cat-groudstyr","9":"product_cat-klima","10":"product_cat-klimastyring","11":"product_cat-luft-fugtighed","13":"first","14":"onbackorder","15":"taxable","16":"shipping-taxable","17":"purchasable","18":"product-type-simple"},"acf":[],"yoast_head":"<!-- This site is optimized with the Yoast SEO plugin v26.9 - https:\/\/yoast.com\/product\/yoast-seo-wordpress\/ -->\n<title>Gse Affugter og Luftfugter -10A - Superseeds.dk<\/title>\n<meta name=\"robots\" content=\"index, follow, max-snippet:-1, max-image-preview:large, max-video-preview:-1\" \/>\n<link rel=\"canonical\" href=\"https:\/\/superseeds.dk\/se\/produkt\/gse-affugter-og-luftfugter-10a\/\" \/>\n<meta property=\"og:locale\" content=\"sv_SE\" \/>\n<meta property=\"og:type\" content=\"article\" \/>\n<meta property=\"og:title\" content=\"Gse Affugter og Luftfugter -10A - Superseeds.dk\" \/>\n<meta property=\"og:description\" content=\"Luftfugter regulatoren s\u00f8rger nemt og effektivt for af dit grorum for\u00a0 den korrekte fugtighed. og holder fugtigheden stabil  Enheden er anbragt mellem en befugtningsenhed (Humidifyer) eller en affugter og en stikkontakt.  &nbsp;\" \/>\n<meta property=\"og:url\" content=\"https:\/\/superseeds.dk\/se\/produkt\/gse-affugter-og-luftfugter-10a\/\" \/>\n<meta property=\"og:site_name\" content=\"Superseeds.dk\" \/>\n<meta property=\"article:modified_time\" content=\"2025-01-30T21:03:23+00:00\" \/>\n<meta property=\"og:image\" content=\"https:\/\/superseeds.dk\/wp-content\/uploads\/2025\/01\/Gse-Affugter-og-Luftfugter-10A.png\" \/>\n\t<meta property=\"og:image:width\" content=\"1080\" \/>\n\t<meta property=\"og:image:height\" content=\"1080\" \/>\n\t<meta property=\"og:image:type\" content=\"image\/png\" \/>\n<meta name=\"twitter:card\" content=\"summary_large_image\" \/>\n<meta name=\"twitter:label1\" content=\"Ber\u00e4knad l\u00e4stid\" \/>\n\t<meta name=\"twitter:data1\" content=\"1 minut\" \/>\n<script type=\"application\/ld+json\" class=\"yoast-schema-graph\">{\"@context\":\"https:\/\/schema.org\",\"@graph\":[{\"@type\":\"WebPage\",\"@id\":\"https:\/\/superseeds.dk\/vare\/gse-affugter-og-luftfugter-10a\/\",\"url\":\"https:\/\/superseeds.dk\/vare\/gse-affugter-og-luftfugter-10a\/\",\"name\":\"Gse Affugter og Luftfugter -10A - Superseeds.dk\",\"isPartOf\":{\"@id\":\"https:\/\/super-seeds.se\/#website\"},\"primaryImageOfPage\":{\"@id\":\"https:\/\/superseeds.dk\/vare\/gse-affugter-og-luftfugter-10a\/#primaryimage\"},\"image\":{\"@id\":\"https:\/\/superseeds.dk\/vare\/gse-affugter-og-luftfugter-10a\/#primaryimage\"},\"thumbnailUrl\":\"https:\/\/superseeds.dk\/wp-content\/uploads\/2025\/01\/Gse-Affugter-og-Luftfugter-10A.png\",\"datePublished\":\"2025-01-30T21:03:19+00:00\",\"dateModified\":\"2025-01-30T21:03:23+00:00\",\"breadcrumb\":{\"@id\":\"https:\/\/superseeds.dk\/vare\/gse-affugter-og-luftfugter-10a\/#breadcrumb\"},\"inLanguage\":\"sv-SE\",\"potentialAction\":[{\"@type\":\"ReadAction\",\"target\":[\"https:\/\/superseeds.dk\/vare\/gse-affugter-og-luftfugter-10a\/\"]}]},{\"@type\":\"ImageObject\",\"inLanguage\":\"sv-SE\",\"@id\":\"https:\/\/superseeds.dk\/vare\/gse-affugter-og-luftfugter-10a\/#primaryimage\",\"url\":\"https:\/\/superseeds.dk\/wp-content\/uploads\/2025\/01\/Gse-Affugter-og-Luftfugter-10A.png\",\"contentUrl\":\"https:\/\/superseeds.dk\/wp-content\/uploads\/2025\/01\/Gse-Affugter-og-Luftfugter-10A.png\",\"width\":1080,\"height\":1080},{\"@type\":\"BreadcrumbList\",\"@id\":\"https:\/\/superseeds.dk\/vare\/gse-affugter-og-luftfugter-10a\/#breadcrumb\",\"itemListElement\":[{\"@type\":\"ListItem\",\"position\":1,\"name\":\"Hjem\",\"item\":\"https:\/\/superseeds.dk\/\"},{\"@type\":\"ListItem\",\"position\":2,\"name\":\"Shop\",\"item\":\"https:\/\/superseeds.dk\/no\/butikk\/\"},{\"@type\":\"ListItem\",\"position\":3,\"name\":\"Gse Affugter og Luftfugter -10A\"}]},{\"@type\":\"WebSite\",\"@id\":\"https:\/\/super-seeds.se\/#website\",\"url\":\"https:\/\/super-seeds.se\/\",\"name\":\"Superseeds.dk\",\"description\":\"\",\"publisher\":{\"@id\":\"https:\/\/super-seeds.se\/#organization\"},\"potentialAction\":[{\"@type\":\"SearchAction\",\"target\":{\"@type\":\"EntryPoint\",\"urlTemplate\":\"https:\/\/super-seeds.se\/?s={search_term_string}\"},\"query-input\":{\"@type\":\"PropertyValueSpecification\",\"valueRequired\":true,\"valueName\":\"search_term_string\"}}],\"inLanguage\":\"sv-SE\"},{\"@type\":\"Organization\",\"@id\":\"https:\/\/super-seeds.se\/#organization\",\"name\":\"Superseeds.dk\",\"url\":\"https:\/\/super-seeds.se\/\",\"logo\":{\"@type\":\"ImageObject\",\"inLanguage\":\"sv-SE\",\"@id\":\"https:\/\/super-seeds.se\/#\/schema\/logo\/image\/\",\"url\":\"https:\/\/superseeds.dk\/wp-content\/uploads\/2025\/09\/logo-superseeds.png\",\"contentUrl\":\"https:\/\/superseeds.dk\/wp-content\/uploads\/2025\/09\/logo-superseeds.png\",\"width\":180,\"height\":160,\"caption\":\"Superseeds.dk\"},\"image\":{\"@id\":\"https:\/\/super-seeds.se\/#\/schema\/logo\/image\/\"}}]}<\/script>\n<!-- \/ Yoast SEO plugin. -->","yoast_head_json":{"title":"Gse Affugter og Luftfugter -10A - Superseeds.dk","robots":{"index":"index","follow":"follow","max-snippet":"max-snippet:-1","max-image-preview":"max-image-preview:large","max-video-preview":"max-video-preview:-1"},"canonical":"https:\/\/superseeds.dk\/se\/produkt\/gse-affugter-og-luftfugter-10a\/","og_locale":"sv_SE","og_type":"article","og_title":"Gse Affugter og Luftfugter -10A - Superseeds.dk","og_description":"Luftfugter regulatoren s\u00f8rger nemt og effektivt for af dit grorum for\u00a0 den korrekte fugtighed. og holder fugtigheden stabil  Enheden er anbragt mellem en befugtningsenhed (Humidifyer) eller en affugter og en stikkontakt.  &nbsp;","og_url":"https:\/\/superseeds.dk\/se\/produkt\/gse-affugter-og-luftfugter-10a\/","og_site_name":"Superseeds.dk","article_modified_time":"2025-01-30T21:03:23+00:00","og_image":[{"width":1080,"height":1080,"url":"https:\/\/superseeds.dk\/wp-content\/uploads\/2025\/01\/Gse-Affugter-og-Luftfugter-10A.png","type":"image\/png"}],"twitter_card":"summary_large_image","twitter_misc":{"Ber\u00e4knad l\u00e4stid":"1 minut"},"schema":{"@context":"https:\/\/schema.org","@graph":[{"@type":"WebPage","@id":"https:\/\/superseeds.dk\/vare\/gse-affugter-og-luftfugter-10a\/","url":"https:\/\/superseeds.dk\/vare\/gse-affugter-og-luftfugter-10a\/","name":"Gse Affugter og Luftfugter -10A - Superseeds.dk","isPartOf":{"@id":"https:\/\/super-seeds.se\/#website"},"primaryImageOfPage":{"@id":"https:\/\/superseeds.dk\/vare\/gse-affugter-og-luftfugter-10a\/#primaryimage"},"image":{"@id":"https:\/\/superseeds.dk\/vare\/gse-affugter-og-luftfugter-10a\/#primaryimage"},"thumbnailUrl":"https:\/\/superseeds.dk\/wp-content\/uploads\/2025\/01\/Gse-Affugter-og-Luftfugter-10A.png","datePublished":"2025-01-30T21:03:19+00:00","dateModified":"2025-01-30T21:03:23+00:00","breadcrumb":{"@id":"https:\/\/superseeds.dk\/vare\/gse-affugter-og-luftfugter-10a\/#breadcrumb"},"inLanguage":"sv-SE","potentialAction":[{"@type":"ReadAction","target":["https:\/\/superseeds.dk\/vare\/gse-affugter-og-luftfugter-10a\/"]}]},{"@type":"ImageObject","inLanguage":"sv-SE","@id":"https:\/\/superseeds.dk\/vare\/gse-affugter-og-luftfugter-10a\/#primaryimage","url":"https:\/\/superseeds.dk\/wp-content\/uploads\/2025\/01\/Gse-Affugter-og-Luftfugter-10A.png","contentUrl":"https:\/\/superseeds.dk\/wp-content\/uploads\/2025\/01\/Gse-Affugter-og-Luftfugter-10A.png","width":1080,"height":1080},{"@type":"BreadcrumbList","@id":"https:\/\/superseeds.dk\/vare\/gse-affugter-og-luftfugter-10a\/#breadcrumb","itemListElement":[{"@type":"ListItem","position":1,"name":"Hjem","item":"https:\/\/superseeds.dk\/"},{"@type":"ListItem","position":2,"name":"Shop","item":"https:\/\/superseeds.dk\/no\/butikk\/"},{"@type":"ListItem","position":3,"name":"Gse Affugter og Luftfugter -10A"}]},{"@type":"WebSite","@id":"https:\/\/super-seeds.se\/#website","url":"https:\/\/super-seeds.se\/","name":"Superseeds.com","description":"","publisher":{"@id":"https:\/\/super-seeds.se\/#organization"},"potentialAction":[{"@type":"SearchAction","target":{"@type":"EntryPoint","urlTemplate":"https:\/\/super-seeds.se\/?s={search_term_string}"},"query-input":{"@type":"PropertyValueSpecification","valueRequired":true,"valueName":"search_term_string"}}],"inLanguage":"sv-SE"},{"@type":"Organization","@id":"https:\/\/super-seeds.se\/#organization","name":"Superseeds.com","url":"https:\/\/super-seeds.se\/","logo":{"@type":"ImageObject","inLanguage":"sv-SE","@id":"https:\/\/super-seeds.se\/#\/schema\/logo\/image\/","url":"https:\/\/superseeds.dk\/wp-content\/uploads\/2025\/09\/logo-superseeds.png","contentUrl":"https:\/\/superseeds.dk\/wp-content\/uploads\/2025\/09\/logo-superseeds.png","width":180,"height":160,"caption":"Superseeds.dk"},"image":{"@id":"https:\/\/super-seeds.se\/#\/schema\/logo\/image\/"}}]}},"df_price":995,"df_sale_price":"","df_regular_price":995,"df_image_link":"https:\/\/superseeds.dk\/wp-content\/uploads\/2025\/01\/Gse-Affugter-og-Luftfugter-10A-1024x1024.png","_links":{"self":[{"href":"https:\/\/superseeds.dk\/se\/wp-json\/wp\/v2\/product\/54524","targetHints":{"allow":["GET"]}}],"collection":[{"href":"https:\/\/superseeds.dk\/se\/wp-json\/wp\/v2\/product"}],"about":[{"href":"https:\/\/superseeds.dk\/se\/wp-json\/wp\/v2\/types\/product"}],"wp:featuredmedia":[{"embeddable":true,"href":"https:\/\/superseeds.dk\/se\/wp-json\/wp\/v2\/media\/54526"}],"wp:attachment":[{"href":"https:\/\/superseeds.dk\/se\/wp-json\/wp\/v2\/media?parent=54524"}],"wp:term":[{"taxonomy":"product_brand","embeddable":true,"href":"https:\/\/superseeds.dk\/se\/wp-json\/wp\/v2\/product_brand?post=54524"},{"taxonomy":"product_cat","embeddable":true,"href":"https:\/\/superseeds.dk\/se\/wp-json\/wp\/v2\/product_cat?post=54524"},{"taxonomy":"product_tag","embeddable":true,"href":"https:\/\/superseeds.dk\/se\/wp-json\/wp\/v2\/product_tag?post=54524"}],"curies":[{"name":"wp","href":"https:\/\/api.w.org\/{rel}","templated":true}]}}