{"id":54466,"date":"2025-01-30T22:02:35","date_gmt":"2025-01-30T21:02:35","guid":{"rendered":"https:\/\/superseeds.dk\/vare\/gse-digital-temperatur-controller-5amp\/"},"modified":"2025-05-04T09:23:27","modified_gmt":"2025-05-04T07:23:27","slug":"gse-digital-temperatur-controller-5amp","status":"publish","type":"product","link":"https:\/\/superseeds.dk\/se\/produkt\/gse-digital-temperatur-controller-5amp\/","title":{"rendered":"GSE temperatur controller &#8211; 5amp"},"content":{"rendered":"<p>denne smarte ventilations controller fra gse <strong>s\u00e6ttes direkte i stikkontakten. <\/strong><\/p>\n<p>du kan instille <strong>minimums hastighed og temperatur.<\/strong><\/p>\n<p><strong>der medf\u00f8lger 2 meter langt kabel<\/strong> s\u00e5 du ikke beh\u00f8ver af placere din controller inde i dit grotelt.<\/p>","protected":false},"excerpt":{"rendered":"<p>Ventilatorstyringen holder rumtemperaturen konstant og forhindrer den i at falde under den indstillede minimumshastighed. Den er nem at bruge, den \u00f8nskede temperatur og minimumshastighed justeres med to knapper. Afh\u00e6ngigt af temperaturen og bl\u00e6serens effekt varierer controlleren og skifter til fuld effekt, n\u00e5r den er overbelastet. Sensoren leveres med et 2 meter kabel.<\/p>","protected":false},"featured_media":61033,"template":"","meta":{"_acf_changed":false},"product_brand":[],"product_cat":[1815,1824,1885],"product_tag":[],"class_list":{"0":"post-54466","1":"product","2":"type-product","3":"status-publish","4":"has-post-thumbnail","6":"product_cat-groudstyr","7":"product_cat-klima","8":"product_cat-klimastyring","10":"first","11":"onbackorder","12":"taxable","13":"shipping-taxable","14":"purchasable","15":"product-type-simple"},"acf":[],"yoast_head":"<!-- This site is optimized with the Yoast SEO plugin v26.9 - https:\/\/yoast.com\/product\/yoast-seo-wordpress\/ -->\n<title>GSE temperatur controller - 5amp - Superseeds.dk<\/title>\n<meta name=\"robots\" content=\"index, follow, max-snippet:-1, max-image-preview:large, max-video-preview:-1\" \/>\n<link rel=\"canonical\" href=\"https:\/\/superseeds.dk\/se\/produkt\/gse-digital-temperatur-controller-5amp\/\" \/>\n<meta property=\"og:locale\" content=\"sv_SE\" \/>\n<meta property=\"og:type\" content=\"article\" \/>\n<meta property=\"og:title\" content=\"GSE temperatur controller - 5amp - Superseeds.dk\" \/>\n<meta property=\"og:description\" content=\"Ventilatorstyringen holder rumtemperaturen konstant og forhindrer den i at falde under den indstillede minimumshastighed. Den er nem at bruge, den \u00f8nskede temperatur og minimumshastighed justeres med to knapper. Afh\u00e6ngigt af temperaturen og bl\u00e6serens effekt varierer controlleren og skifter til fuld effekt, n\u00e5r den er overbelastet. Sensoren leveres med et 2 meter kabel.\" \/>\n<meta property=\"og:url\" content=\"https:\/\/superseeds.dk\/se\/produkt\/gse-digital-temperatur-controller-5amp\/\" \/>\n<meta property=\"og:site_name\" content=\"Superseeds.dk\" \/>\n<meta property=\"article:modified_time\" content=\"2025-05-04T07:23:27+00:00\" \/>\n<meta property=\"og:image\" content=\"https:\/\/super-seeds.se\/wp-content\/uploads\/2025\/02\/controlador.jpg\" \/>\n\t<meta property=\"og:image:width\" content=\"1000\" \/>\n\t<meta property=\"og:image:height\" content=\"1000\" \/>\n\t<meta property=\"og:image:type\" content=\"image\/jpeg\" \/>\n<meta name=\"twitter:card\" content=\"summary_large_image\" \/>\n<meta name=\"twitter:label1\" content=\"Ber\u00e4knad l\u00e4stid\" \/>\n\t<meta name=\"twitter:data1\" content=\"1 minut\" \/>\n<script type=\"application\/ld+json\" class=\"yoast-schema-graph\">{\"@context\":\"https:\/\/schema.org\",\"@graph\":[{\"@type\":\"WebPage\",\"@id\":\"https:\/\/superseeds.dk\/vare\/gse-digital-temperatur-controller-5amp\/\",\"url\":\"https:\/\/superseeds.dk\/vare\/gse-digital-temperatur-controller-5amp\/\",\"name\":\"GSE temperatur controller - 5amp - Superseeds.dk\",\"isPartOf\":{\"@id\":\"https:\/\/super-seeds.se\/#website\"},\"primaryImageOfPage\":{\"@id\":\"https:\/\/superseeds.dk\/vare\/gse-digital-temperatur-controller-5amp\/#primaryimage\"},\"image\":{\"@id\":\"https:\/\/superseeds.dk\/vare\/gse-digital-temperatur-controller-5amp\/#primaryimage\"},\"thumbnailUrl\":\"https:\/\/superseeds.dk\/wp-content\/uploads\/2025\/02\/controlador.jpg\",\"datePublished\":\"2025-01-30T21:02:35+00:00\",\"dateModified\":\"2025-05-04T07:23:27+00:00\",\"breadcrumb\":{\"@id\":\"https:\/\/superseeds.dk\/vare\/gse-digital-temperatur-controller-5amp\/#breadcrumb\"},\"inLanguage\":\"sv-SE\",\"potentialAction\":[{\"@type\":\"ReadAction\",\"target\":[\"https:\/\/superseeds.dk\/vare\/gse-digital-temperatur-controller-5amp\/\"]}]},{\"@type\":\"ImageObject\",\"inLanguage\":\"sv-SE\",\"@id\":\"https:\/\/superseeds.dk\/vare\/gse-digital-temperatur-controller-5amp\/#primaryimage\",\"url\":\"https:\/\/superseeds.dk\/wp-content\/uploads\/2025\/02\/controlador.jpg\",\"contentUrl\":\"https:\/\/superseeds.dk\/wp-content\/uploads\/2025\/02\/controlador.jpg\",\"width\":1000,\"height\":1000},{\"@type\":\"BreadcrumbList\",\"@id\":\"https:\/\/superseeds.dk\/vare\/gse-digital-temperatur-controller-5amp\/#breadcrumb\",\"itemListElement\":[{\"@type\":\"ListItem\",\"position\":1,\"name\":\"Hjem\",\"item\":\"https:\/\/superseeds.dk\/\"},{\"@type\":\"ListItem\",\"position\":2,\"name\":\"Shop\",\"item\":\"https:\/\/superseeds.dk\/no\/butikk\/\"},{\"@type\":\"ListItem\",\"position\":3,\"name\":\"GSE temperatur controller &#8211; 5amp\"}]},{\"@type\":\"WebSite\",\"@id\":\"https:\/\/super-seeds.se\/#website\",\"url\":\"https:\/\/super-seeds.se\/\",\"name\":\"Superseeds.dk\",\"description\":\"\",\"publisher\":{\"@id\":\"https:\/\/super-seeds.se\/#organization\"},\"potentialAction\":[{\"@type\":\"SearchAction\",\"target\":{\"@type\":\"EntryPoint\",\"urlTemplate\":\"https:\/\/super-seeds.se\/?s={search_term_string}\"},\"query-input\":{\"@type\":\"PropertyValueSpecification\",\"valueRequired\":true,\"valueName\":\"search_term_string\"}}],\"inLanguage\":\"sv-SE\"},{\"@type\":\"Organization\",\"@id\":\"https:\/\/super-seeds.se\/#organization\",\"name\":\"Superseeds.dk\",\"url\":\"https:\/\/super-seeds.se\/\",\"logo\":{\"@type\":\"ImageObject\",\"inLanguage\":\"sv-SE\",\"@id\":\"https:\/\/super-seeds.se\/#\/schema\/logo\/image\/\",\"url\":\"https:\/\/superseeds.dk\/wp-content\/uploads\/2025\/09\/logo-superseeds.png\",\"contentUrl\":\"https:\/\/superseeds.dk\/wp-content\/uploads\/2025\/09\/logo-superseeds.png\",\"width\":180,\"height\":160,\"caption\":\"Superseeds.dk\"},\"image\":{\"@id\":\"https:\/\/super-seeds.se\/#\/schema\/logo\/image\/\"}}]}<\/script>\n<!-- \/ Yoast SEO plugin. -->","yoast_head_json":{"title":"GSE temperatur controller - 5amp - Superseeds.dk","robots":{"index":"index","follow":"follow","max-snippet":"max-snippet:-1","max-image-preview":"max-image-preview:large","max-video-preview":"max-video-preview:-1"},"canonical":"https:\/\/superseeds.dk\/se\/produkt\/gse-digital-temperatur-controller-5amp\/","og_locale":"sv_SE","og_type":"article","og_title":"GSE temperatur controller - 5amp - Superseeds.dk","og_description":"Ventilatorstyringen holder rumtemperaturen konstant og forhindrer den i at falde under den indstillede minimumshastighed. Den er nem at bruge, den \u00f8nskede temperatur og minimumshastighed justeres med to knapper. Afh\u00e6ngigt af temperaturen og bl\u00e6serens effekt varierer controlleren og skifter til fuld effekt, n\u00e5r den er overbelastet. Sensoren leveres med et 2 meter kabel.","og_url":"https:\/\/superseeds.dk\/se\/produkt\/gse-digital-temperatur-controller-5amp\/","og_site_name":"Superseeds.dk","article_modified_time":"2025-05-04T07:23:27+00:00","og_image":[{"width":1000,"height":1000,"url":"https:\/\/super-seeds.se\/wp-content\/uploads\/2025\/02\/controlador.jpg","type":"image\/jpeg"}],"twitter_card":"summary_large_image","twitter_misc":{"Ber\u00e4knad l\u00e4stid":"1 minut"},"schema":{"@context":"https:\/\/schema.org","@graph":[{"@type":"WebPage","@id":"https:\/\/superseeds.dk\/vare\/gse-digital-temperatur-controller-5amp\/","url":"https:\/\/superseeds.dk\/vare\/gse-digital-temperatur-controller-5amp\/","name":"GSE temperatur controller - 5amp - Superseeds.dk","isPartOf":{"@id":"https:\/\/super-seeds.se\/#website"},"primaryImageOfPage":{"@id":"https:\/\/superseeds.dk\/vare\/gse-digital-temperatur-controller-5amp\/#primaryimage"},"image":{"@id":"https:\/\/superseeds.dk\/vare\/gse-digital-temperatur-controller-5amp\/#primaryimage"},"thumbnailUrl":"https:\/\/superseeds.dk\/wp-content\/uploads\/2025\/02\/controlador.jpg","datePublished":"2025-01-30T21:02:35+00:00","dateModified":"2025-05-04T07:23:27+00:00","breadcrumb":{"@id":"https:\/\/superseeds.dk\/vare\/gse-digital-temperatur-controller-5amp\/#breadcrumb"},"inLanguage":"sv-SE","potentialAction":[{"@type":"ReadAction","target":["https:\/\/superseeds.dk\/vare\/gse-digital-temperatur-controller-5amp\/"]}]},{"@type":"ImageObject","inLanguage":"sv-SE","@id":"https:\/\/superseeds.dk\/vare\/gse-digital-temperatur-controller-5amp\/#primaryimage","url":"https:\/\/superseeds.dk\/wp-content\/uploads\/2025\/02\/controlador.jpg","contentUrl":"https:\/\/superseeds.dk\/wp-content\/uploads\/2025\/02\/controlador.jpg","width":1000,"height":1000},{"@type":"BreadcrumbList","@id":"https:\/\/superseeds.dk\/vare\/gse-digital-temperatur-controller-5amp\/#breadcrumb","itemListElement":[{"@type":"ListItem","position":1,"name":"Hjem","item":"https:\/\/superseeds.dk\/"},{"@type":"ListItem","position":2,"name":"Shop","item":"https:\/\/superseeds.dk\/no\/butikk\/"},{"@type":"ListItem","position":3,"name":"GSE temperatur controller &#8211; 5amp"}]},{"@type":"WebSite","@id":"https:\/\/super-seeds.se\/#website","url":"https:\/\/super-seeds.se\/","name":"Superseeds.com","description":"","publisher":{"@id":"https:\/\/super-seeds.se\/#organization"},"potentialAction":[{"@type":"SearchAction","target":{"@type":"EntryPoint","urlTemplate":"https:\/\/super-seeds.se\/?s={search_term_string}"},"query-input":{"@type":"PropertyValueSpecification","valueRequired":true,"valueName":"search_term_string"}}],"inLanguage":"sv-SE"},{"@type":"Organization","@id":"https:\/\/super-seeds.se\/#organization","name":"Superseeds.com","url":"https:\/\/super-seeds.se\/","logo":{"@type":"ImageObject","inLanguage":"sv-SE","@id":"https:\/\/super-seeds.se\/#\/schema\/logo\/image\/","url":"https:\/\/superseeds.dk\/wp-content\/uploads\/2025\/09\/logo-superseeds.png","contentUrl":"https:\/\/superseeds.dk\/wp-content\/uploads\/2025\/09\/logo-superseeds.png","width":180,"height":160,"caption":"Superseeds.dk"},"image":{"@id":"https:\/\/super-seeds.se\/#\/schema\/logo\/image\/"}}]}},"df_price":549,"df_sale_price":"","df_regular_price":549,"df_image_link":"https:\/\/superseeds.dk\/wp-content\/uploads\/2025\/02\/controlador.jpg","_links":{"self":[{"href":"https:\/\/superseeds.dk\/se\/wp-json\/wp\/v2\/product\/54466","targetHints":{"allow":["GET"]}}],"collection":[{"href":"https:\/\/superseeds.dk\/se\/wp-json\/wp\/v2\/product"}],"about":[{"href":"https:\/\/superseeds.dk\/se\/wp-json\/wp\/v2\/types\/product"}],"wp:featuredmedia":[{"embeddable":true,"href":"https:\/\/superseeds.dk\/se\/wp-json\/wp\/v2\/media\/61033"}],"wp:attachment":[{"href":"https:\/\/superseeds.dk\/se\/wp-json\/wp\/v2\/media?parent=54466"}],"wp:term":[{"taxonomy":"product_brand","embeddable":true,"href":"https:\/\/superseeds.dk\/se\/wp-json\/wp\/v2\/product_brand?post=54466"},{"taxonomy":"product_cat","embeddable":true,"href":"https:\/\/superseeds.dk\/se\/wp-json\/wp\/v2\/product_cat?post=54466"},{"taxonomy":"product_tag","embeddable":true,"href":"https:\/\/superseeds.dk\/se\/wp-json\/wp\/v2\/product_tag?post=54466"}],"curies":[{"name":"wp","href":"https:\/\/api.w.org\/{rel}","templated":true}]}}