{"id":54240,"date":"2025-01-30T21:59:49","date_gmt":"2025-01-30T20:59:49","guid":{"rendered":"https:\/\/superseeds.dk\/vare\/plagron-bat-guano\/"},"modified":"2025-01-30T21:59:53","modified_gmt":"2025-01-30T20:59:53","slug":"plagron-bat-guano","status":"publish","type":"product","link":"https:\/\/superseeds.dk\/se\/produkt\/plagron-bat-guano\/","title":{"rendered":"Plagron &#8211; Bat Guano"},"content":{"rendered":"<div><\/div>\n<div id=\"faqAnswer1\" class=\"font-small white collapse show\">Ja, du kan bruge Bat Guano til at bringe nok n\u00e6ringsstoffer ind i din jord.\u00a0Brug Mega Worm til at stimulere jordens liv.\u00a0Du kan kombinere dette med Supermix for at optimere udviklingen af \u200b\u200bplanten.\u00a0Brug ogs\u00e5 Calcium Kick til at justere dit pH-niveau.<\/div>\n<div><\/div>\n<div>\n<p><button class=\"faqQuestion py-1 col-12 RobotoBold\" type=\"button\" data-toggle=\"collapse\" data-target=\"#faqAnswer2\"><span class=\"faqTextBlock RobotoRegular white col-10 p-0\">Hvor meget Bat Guano skal jeg bruge, hvis jeg vil bruge den udend\u00f8rs som topdress?<\/span><\/button><\/p>\n<div id=\"faqAnswer2\" class=\"font-small white collapse show\">Dette afh\u00e6nger af mange faktorer, s\u00e5som plantesundhed, st\u00f8rrelse og art samt milj\u00f8faktorer.\u00a0Vores v\u00e6ksteksperter giver dig mere end gerne et passende svar.\u00a0Du kan n\u00e5 dem p\u00e5 sociale medier eller p\u00e5 servicedesk@plagron.com.<\/div>\n<\/div>","protected":false},"excerpt":{"rendered":"<p>Ja, du kan bruge Bat Guano til at bringe nok n\u00e6ringsstoffer ind i din jord.\u00a0Brug Mega Worm til at stimulere jordens liv.\u00a0Du kan kombinere dette med Supermix for at optimere udviklingen af \u200b\u200bplanten.\u00a0Brug ogs\u00e5 Calcium Kick til at justere dit pH-niveau. Hvor meget Bat Guano skal jeg bruge, hvis jeg vil bruge den udend\u00f8rs som [&hellip;]<\/p>\n","protected":false},"featured_media":54244,"template":"","meta":{"_acf_changed":false},"product_brand":[],"product_cat":[1858,1815,1859],"product_tag":[],"class_list":{"0":"post-54240","1":"product","2":"type-product","3":"status-publish","4":"has-post-thumbnail","6":"product_cat-gromedie","7":"product_cat-groudstyr","8":"product_cat-jord-forbedring","9":"pa_liter-1-l","10":"pa_liter-10-l","12":"first","13":"onbackorder","14":"taxable","15":"shipping-taxable","16":"purchasable","17":"product-type-variable","18":"wvs-archive-product-wrapper"},"acf":[],"yoast_head":"<!-- This site is optimized with the Yoast SEO plugin v26.9 - https:\/\/yoast.com\/product\/yoast-seo-wordpress\/ -->\n<title>Plagron - Bat Guano - Superseeds.dk<\/title>\n<meta name=\"robots\" content=\"index, follow, max-snippet:-1, max-image-preview:large, max-video-preview:-1\" \/>\n<link rel=\"canonical\" href=\"https:\/\/superseeds.dk\/se\/produkt\/plagron-bat-guano\/\" \/>\n<meta property=\"og:locale\" content=\"sv_SE\" \/>\n<meta property=\"og:type\" content=\"article\" \/>\n<meta property=\"og:title\" content=\"Plagron - Bat Guano - Superseeds.dk\" \/>\n<meta property=\"og:description\" content=\"Ja, du kan bruge Bat Guano til at bringe nok n\u00e6ringsstoffer ind i din jord.\u00a0Brug Mega Worm til at stimulere jordens liv.\u00a0Du kan kombinere dette med Supermix for at optimere udviklingen af \u200b\u200bplanten.\u00a0Brug ogs\u00e5 Calcium Kick til at justere dit pH-niveau. Hvor meget Bat Guano skal jeg bruge, hvis jeg vil bruge den udend\u00f8rs som [&hellip;]\" \/>\n<meta property=\"og:url\" content=\"https:\/\/superseeds.dk\/se\/produkt\/plagron-bat-guano\/\" \/>\n<meta property=\"og:site_name\" content=\"Superseeds.dk\" \/>\n<meta property=\"article:modified_time\" content=\"2025-01-30T20:59:53+00:00\" \/>\n<meta property=\"og:image\" content=\"https:\/\/superseeds.dk\/wp-content\/uploads\/2025\/01\/Plagron-\u2013-Bat-Guano.png\" \/>\n\t<meta property=\"og:image:width\" content=\"1080\" \/>\n\t<meta property=\"og:image:height\" content=\"1080\" \/>\n\t<meta property=\"og:image:type\" content=\"image\/png\" \/>\n<meta name=\"twitter:card\" content=\"summary_large_image\" \/>\n<meta name=\"twitter:label1\" content=\"Ber\u00e4knad l\u00e4stid\" \/>\n\t<meta name=\"twitter:data1\" content=\"1 minut\" \/>\n<script type=\"application\/ld+json\" class=\"yoast-schema-graph\">{\"@context\":\"https:\/\/schema.org\",\"@graph\":[{\"@type\":\"WebPage\",\"@id\":\"https:\/\/superseeds.dk\/vare\/plagron-bat-guano\/\",\"url\":\"https:\/\/superseeds.dk\/vare\/plagron-bat-guano\/\",\"name\":\"Plagron - Bat Guano - Superseeds.dk\",\"isPartOf\":{\"@id\":\"https:\/\/super-seeds.se\/#website\"},\"primaryImageOfPage\":{\"@id\":\"https:\/\/superseeds.dk\/vare\/plagron-bat-guano\/#primaryimage\"},\"image\":{\"@id\":\"https:\/\/superseeds.dk\/vare\/plagron-bat-guano\/#primaryimage\"},\"thumbnailUrl\":\"https:\/\/superseeds.dk\/wp-content\/uploads\/2025\/01\/Plagron-\u2013-Bat-Guano.png\",\"datePublished\":\"2025-01-30T20:59:49+00:00\",\"dateModified\":\"2025-01-30T20:59:53+00:00\",\"breadcrumb\":{\"@id\":\"https:\/\/superseeds.dk\/vare\/plagron-bat-guano\/#breadcrumb\"},\"inLanguage\":\"sv-SE\",\"potentialAction\":[{\"@type\":\"ReadAction\",\"target\":[\"https:\/\/superseeds.dk\/vare\/plagron-bat-guano\/\"]}]},{\"@type\":\"ImageObject\",\"inLanguage\":\"sv-SE\",\"@id\":\"https:\/\/superseeds.dk\/vare\/plagron-bat-guano\/#primaryimage\",\"url\":\"https:\/\/superseeds.dk\/wp-content\/uploads\/2025\/01\/Plagron-\u2013-Bat-Guano.png\",\"contentUrl\":\"https:\/\/superseeds.dk\/wp-content\/uploads\/2025\/01\/Plagron-\u2013-Bat-Guano.png\",\"width\":1080,\"height\":1080},{\"@type\":\"BreadcrumbList\",\"@id\":\"https:\/\/superseeds.dk\/vare\/plagron-bat-guano\/#breadcrumb\",\"itemListElement\":[{\"@type\":\"ListItem\",\"position\":1,\"name\":\"Hjem\",\"item\":\"https:\/\/superseeds.dk\/\"},{\"@type\":\"ListItem\",\"position\":2,\"name\":\"Shop\",\"item\":\"https:\/\/superseeds.dk\/no\/butikk\/\"},{\"@type\":\"ListItem\",\"position\":3,\"name\":\"Plagron &#8211; Bat Guano\"}]},{\"@type\":\"WebSite\",\"@id\":\"https:\/\/super-seeds.se\/#website\",\"url\":\"https:\/\/super-seeds.se\/\",\"name\":\"Superseeds.dk\",\"description\":\"\",\"publisher\":{\"@id\":\"https:\/\/super-seeds.se\/#organization\"},\"potentialAction\":[{\"@type\":\"SearchAction\",\"target\":{\"@type\":\"EntryPoint\",\"urlTemplate\":\"https:\/\/super-seeds.se\/?s={search_term_string}\"},\"query-input\":{\"@type\":\"PropertyValueSpecification\",\"valueRequired\":true,\"valueName\":\"search_term_string\"}}],\"inLanguage\":\"sv-SE\"},{\"@type\":\"Organization\",\"@id\":\"https:\/\/super-seeds.se\/#organization\",\"name\":\"Superseeds.dk\",\"url\":\"https:\/\/super-seeds.se\/\",\"logo\":{\"@type\":\"ImageObject\",\"inLanguage\":\"sv-SE\",\"@id\":\"https:\/\/super-seeds.se\/#\/schema\/logo\/image\/\",\"url\":\"https:\/\/superseeds.dk\/wp-content\/uploads\/2025\/09\/logo-superseeds.png\",\"contentUrl\":\"https:\/\/superseeds.dk\/wp-content\/uploads\/2025\/09\/logo-superseeds.png\",\"width\":180,\"height\":160,\"caption\":\"Superseeds.dk\"},\"image\":{\"@id\":\"https:\/\/super-seeds.se\/#\/schema\/logo\/image\/\"}}]}<\/script>\n<!-- \/ Yoast SEO plugin. -->","yoast_head_json":{"title":"Plagron - Bat Guano - Superseeds.dk","robots":{"index":"index","follow":"follow","max-snippet":"max-snippet:-1","max-image-preview":"max-image-preview:large","max-video-preview":"max-video-preview:-1"},"canonical":"https:\/\/superseeds.dk\/se\/produkt\/plagron-bat-guano\/","og_locale":"sv_SE","og_type":"article","og_title":"Plagron - Bat Guano - Superseeds.dk","og_description":"Ja, du kan bruge Bat Guano til at bringe nok n\u00e6ringsstoffer ind i din jord.\u00a0Brug Mega Worm til at stimulere jordens liv.\u00a0Du kan kombinere dette med Supermix for at optimere udviklingen af \u200b\u200bplanten.\u00a0Brug ogs\u00e5 Calcium Kick til at justere dit pH-niveau. Hvor meget Bat Guano skal jeg bruge, hvis jeg vil bruge den udend\u00f8rs som [&hellip;]","og_url":"https:\/\/superseeds.dk\/se\/produkt\/plagron-bat-guano\/","og_site_name":"Superseeds.dk","article_modified_time":"2025-01-30T20:59:53+00:00","og_image":[{"width":1080,"height":1080,"url":"https:\/\/superseeds.dk\/wp-content\/uploads\/2025\/01\/Plagron-\u2013-Bat-Guano.png","type":"image\/png"}],"twitter_card":"summary_large_image","twitter_misc":{"Ber\u00e4knad l\u00e4stid":"1 minut"},"schema":{"@context":"https:\/\/schema.org","@graph":[{"@type":"WebPage","@id":"https:\/\/superseeds.dk\/vare\/plagron-bat-guano\/","url":"https:\/\/superseeds.dk\/vare\/plagron-bat-guano\/","name":"Plagron - Bat Guano - Superseeds.dk","isPartOf":{"@id":"https:\/\/super-seeds.se\/#website"},"primaryImageOfPage":{"@id":"https:\/\/superseeds.dk\/vare\/plagron-bat-guano\/#primaryimage"},"image":{"@id":"https:\/\/superseeds.dk\/vare\/plagron-bat-guano\/#primaryimage"},"thumbnailUrl":"https:\/\/superseeds.dk\/wp-content\/uploads\/2025\/01\/Plagron-\u2013-Bat-Guano.png","datePublished":"2025-01-30T20:59:49+00:00","dateModified":"2025-01-30T20:59:53+00:00","breadcrumb":{"@id":"https:\/\/superseeds.dk\/vare\/plagron-bat-guano\/#breadcrumb"},"inLanguage":"sv-SE","potentialAction":[{"@type":"ReadAction","target":["https:\/\/superseeds.dk\/vare\/plagron-bat-guano\/"]}]},{"@type":"ImageObject","inLanguage":"sv-SE","@id":"https:\/\/superseeds.dk\/vare\/plagron-bat-guano\/#primaryimage","url":"https:\/\/superseeds.dk\/wp-content\/uploads\/2025\/01\/Plagron-\u2013-Bat-Guano.png","contentUrl":"https:\/\/superseeds.dk\/wp-content\/uploads\/2025\/01\/Plagron-\u2013-Bat-Guano.png","width":1080,"height":1080},{"@type":"BreadcrumbList","@id":"https:\/\/superseeds.dk\/vare\/plagron-bat-guano\/#breadcrumb","itemListElement":[{"@type":"ListItem","position":1,"name":"Hjem","item":"https:\/\/superseeds.dk\/"},{"@type":"ListItem","position":2,"name":"Shop","item":"https:\/\/superseeds.dk\/no\/butikk\/"},{"@type":"ListItem","position":3,"name":"Plagron &#8211; Bat Guano"}]},{"@type":"WebSite","@id":"https:\/\/super-seeds.se\/#website","url":"https:\/\/super-seeds.se\/","name":"Superseeds.com","description":"","publisher":{"@id":"https:\/\/super-seeds.se\/#organization"},"potentialAction":[{"@type":"SearchAction","target":{"@type":"EntryPoint","urlTemplate":"https:\/\/super-seeds.se\/?s={search_term_string}"},"query-input":{"@type":"PropertyValueSpecification","valueRequired":true,"valueName":"search_term_string"}}],"inLanguage":"sv-SE"},{"@type":"Organization","@id":"https:\/\/super-seeds.se\/#organization","name":"Superseeds.com","url":"https:\/\/super-seeds.se\/","logo":{"@type":"ImageObject","inLanguage":"sv-SE","@id":"https:\/\/super-seeds.se\/#\/schema\/logo\/image\/","url":"https:\/\/superseeds.dk\/wp-content\/uploads\/2025\/09\/logo-superseeds.png","contentUrl":"https:\/\/superseeds.dk\/wp-content\/uploads\/2025\/09\/logo-superseeds.png","width":180,"height":160,"caption":"Superseeds.dk"},"image":{"@id":"https:\/\/super-seeds.se\/#\/schema\/logo\/image\/"}}]}},"df_price":89,"df_sale_price":"","df_regular_price":89,"df_image_link":"https:\/\/superseeds.dk\/wp-content\/uploads\/2025\/01\/Plagron-\u2013-Bat-Guano-1024x1024.png","_links":{"self":[{"href":"https:\/\/superseeds.dk\/se\/wp-json\/wp\/v2\/product\/54240","targetHints":{"allow":["GET"]}}],"collection":[{"href":"https:\/\/superseeds.dk\/se\/wp-json\/wp\/v2\/product"}],"about":[{"href":"https:\/\/superseeds.dk\/se\/wp-json\/wp\/v2\/types\/product"}],"wp:featuredmedia":[{"embeddable":true,"href":"https:\/\/superseeds.dk\/se\/wp-json\/wp\/v2\/media\/54244"}],"wp:attachment":[{"href":"https:\/\/superseeds.dk\/se\/wp-json\/wp\/v2\/media?parent=54240"}],"wp:term":[{"taxonomy":"product_brand","embeddable":true,"href":"https:\/\/superseeds.dk\/se\/wp-json\/wp\/v2\/product_brand?post=54240"},{"taxonomy":"product_cat","embeddable":true,"href":"https:\/\/superseeds.dk\/se\/wp-json\/wp\/v2\/product_cat?post=54240"},{"taxonomy":"product_tag","embeddable":true,"href":"https:\/\/superseeds.dk\/se\/wp-json\/wp\/v2\/product_tag?post=54240"}],"curies":[{"name":"wp","href":"https:\/\/api.w.org\/{rel}","templated":true}]}}