{"id":54222,"date":"2025-01-30T21:59:33","date_gmt":"2025-01-30T20:59:33","guid":{"rendered":"https:\/\/superseeds.dk\/vare\/lumen-king-630w-full-spectrum-led\/"},"modified":"2025-01-30T21:59:35","modified_gmt":"2025-01-30T20:59:35","slug":"lumen-king-630w-full-spectrum-led","status":"publish","type":"product","link":"https:\/\/superseeds.dk\/se\/produkt\/lumen-king-630w-full-spectrum-led\/","title":{"rendered":"Lumen King 630w Fullspektrum LED"},"content":{"rendered":"<p>Med Lumen King LED&#8217;en har du et Plug &amp; Play Full Spectrum LED-panel p\u00e5 en kvadratmeter, der bruges p\u00e5 b\u00e5de det kommercielle og hobby plan. Der er t\u00e6nkt p\u00e5 alt, da dette panel blev designet. Det ultratynde design, som ogs\u00e5 er foldbart, g\u00f8r dette panel meget nemt at transportere. Fordi dette panel stort set ikke udsender varme, har dette panel heller ingen bl\u00e6sere, der for\u00e5rsager un\u00f8dig st\u00f8j.<\/p>\n<p>Dioderne som Lumen King bruger er fra Samsung og Osram\/Cree med drivere fra Sosen\/MeanWell, p\u00e5 grund af disse h\u00f8jkvalitetsdioder er dette panel god for 50.000 timers drift.<\/p>\n<h4><em>Fordele:<\/em><\/h4>\n<ul>\n<li>H\u00f8j effektivitet<\/li>\n<li>Fuldt spektrum<\/li>\n<li>Ingen bl\u00e6ser, ingen st\u00f8j<\/li>\n<li>Ultraslankt design<\/li>\n<li>Mindre str\u00f8mforbrug<\/li>\n<li>Professionelle applikationer til kommercielle og hobbymarkeder<\/li>\n<li>H\u00f8j PPF-output<\/li>\n<li>50000 timers levetid<\/li>\n<li>Plug &amp; Play<\/li>\n<li>Sammenfoldeligt design<\/li>\n<li>0-10V d\u00e6mpningssignal<\/li>\n<\/ul>\n<h4><em>SPECIFIKATIONER:<\/em><\/h4>\n<ul>\n<li>Lyskilde: LED<\/li>\n<li>Spektrum: fuldt spektrum<\/li>\n<li>1700 umol\/s<\/li>\n<li>Indgangssp\u00e6nding: 120-277v<\/li>\n<li>Indgangseffekt: 630W<\/li>\n<li>Effektivitet: 2,6 umol \/ J<\/li>\n<li>Monteringsh\u00f8jde: \u2265 6&#8221; over baldakin<\/li>\n<li>Termiske styringer: Passive<\/li>\n<li>D\u00e6mpning: 0-10V signal eller knap<\/li>\n<li>Str\u00e5levinkel: 120 grader<\/li>\n<li>Effektfaktor: \uff1e 90 %<\/li>\n<li>Certifikater: ETL \/ DLC \/ UL<\/li>\n<li>Dioder m\u00e6rke: Samsung + Osram \/ Cree<\/li>\n<li>Driver m\u00e6rke: Sosen \/ MeanWell<\/li>\n<li>Vandt\u00e6thed: IP65<\/li>\n<li>Driftstemperatur: -50 \u00b0C \u201350 \u00b0C<\/li>\n<li>Drift Luftfugtighed: 10% -95% RF<\/li>\n<\/ul>\n<p>&nbsp;<\/p>","protected":false},"excerpt":{"rendered":"<p>Med Lumen King LED&#8217;en har du et Plug &amp; Play Full Spectrum LED-panel p\u00e5 en kvadratmeter<\/p>","protected":false},"featured_media":54227,"template":"","meta":{"_acf_changed":false},"product_brand":[],"product_cat":[1815,1863,1864],"product_tag":[],"class_list":{"0":"post-54222","1":"product","2":"type-product","3":"status-publish","4":"has-post-thumbnail","6":"product_cat-groudstyr","7":"product_cat-lys","8":"product_cat-plantelys-led","10":"first","11":"instock","12":"taxable","13":"shipping-taxable","14":"purchasable","15":"product-type-simple"},"acf":[],"yoast_head":"<!-- This site is optimized with the Yoast SEO plugin v26.9 - https:\/\/yoast.com\/product\/yoast-seo-wordpress\/ -->\n<title>Lumen King 630w Full spectrum LED - Superseeds.dk<\/title>\n<meta name=\"robots\" content=\"index, follow, max-snippet:-1, max-image-preview:large, max-video-preview:-1\" \/>\n<link rel=\"canonical\" href=\"https:\/\/superseeds.dk\/se\/produkt\/lumen-king-630w-full-spectrum-led\/\" \/>\n<meta property=\"og:locale\" content=\"sv_SE\" \/>\n<meta property=\"og:type\" content=\"article\" \/>\n<meta property=\"og:title\" content=\"Lumen King 630w Full spectrum LED - Superseeds.dk\" \/>\n<meta property=\"og:description\" content=\"Med Lumen King LED&#039;en har du et Plug &amp; Play Full Spectrum LED-panel p\u00e5 en kvadratmeter\" \/>\n<meta property=\"og:url\" content=\"https:\/\/superseeds.dk\/se\/produkt\/lumen-king-630w-full-spectrum-led\/\" \/>\n<meta property=\"og:site_name\" content=\"Superseeds.dk\" \/>\n<meta property=\"article:modified_time\" content=\"2025-01-30T20:59:35+00:00\" \/>\n<meta property=\"og:image\" content=\"https:\/\/super-seeds.se\/wp-content\/uploads\/2025\/01\/9.png\" \/>\n\t<meta property=\"og:image:width\" content=\"1080\" \/>\n\t<meta property=\"og:image:height\" content=\"1080\" \/>\n\t<meta property=\"og:image:type\" content=\"image\/png\" \/>\n<meta name=\"twitter:card\" content=\"summary_large_image\" \/>\n<meta name=\"twitter:label1\" content=\"Ber\u00e4knad l\u00e4stid\" \/>\n\t<meta name=\"twitter:data1\" content=\"1 minut\" \/>\n<script type=\"application\/ld+json\" class=\"yoast-schema-graph\">{\"@context\":\"https:\/\/schema.org\",\"@graph\":[{\"@type\":\"WebPage\",\"@id\":\"https:\/\/superseeds.dk\/vare\/lumen-king-630w-full-spectrum-led\/\",\"url\":\"https:\/\/superseeds.dk\/vare\/lumen-king-630w-full-spectrum-led\/\",\"name\":\"Lumen King 630w Full spectrum LED - Superseeds.dk\",\"isPartOf\":{\"@id\":\"https:\/\/super-seeds.se\/#website\"},\"primaryImageOfPage\":{\"@id\":\"https:\/\/superseeds.dk\/vare\/lumen-king-630w-full-spectrum-led\/#primaryimage\"},\"image\":{\"@id\":\"https:\/\/superseeds.dk\/vare\/lumen-king-630w-full-spectrum-led\/#primaryimage\"},\"thumbnailUrl\":\"https:\/\/superseeds.dk\/wp-content\/uploads\/2025\/01\/9.png\",\"datePublished\":\"2025-01-30T20:59:33+00:00\",\"dateModified\":\"2025-01-30T20:59:35+00:00\",\"breadcrumb\":{\"@id\":\"https:\/\/superseeds.dk\/vare\/lumen-king-630w-full-spectrum-led\/#breadcrumb\"},\"inLanguage\":\"sv-SE\",\"potentialAction\":[{\"@type\":\"ReadAction\",\"target\":[\"https:\/\/superseeds.dk\/vare\/lumen-king-630w-full-spectrum-led\/\"]}]},{\"@type\":\"ImageObject\",\"inLanguage\":\"sv-SE\",\"@id\":\"https:\/\/superseeds.dk\/vare\/lumen-king-630w-full-spectrum-led\/#primaryimage\",\"url\":\"https:\/\/superseeds.dk\/wp-content\/uploads\/2025\/01\/9.png\",\"contentUrl\":\"https:\/\/superseeds.dk\/wp-content\/uploads\/2025\/01\/9.png\",\"width\":1080,\"height\":1080},{\"@type\":\"BreadcrumbList\",\"@id\":\"https:\/\/superseeds.dk\/vare\/lumen-king-630w-full-spectrum-led\/#breadcrumb\",\"itemListElement\":[{\"@type\":\"ListItem\",\"position\":1,\"name\":\"Hjem\",\"item\":\"https:\/\/superseeds.dk\/\"},{\"@type\":\"ListItem\",\"position\":2,\"name\":\"Shop\",\"item\":\"https:\/\/superseeds.dk\/no\/butikk\/\"},{\"@type\":\"ListItem\",\"position\":3,\"name\":\"Lumen King 630w Full spectrum LED\"}]},{\"@type\":\"WebSite\",\"@id\":\"https:\/\/super-seeds.se\/#website\",\"url\":\"https:\/\/super-seeds.se\/\",\"name\":\"Superseeds.dk\",\"description\":\"\",\"publisher\":{\"@id\":\"https:\/\/super-seeds.se\/#organization\"},\"potentialAction\":[{\"@type\":\"SearchAction\",\"target\":{\"@type\":\"EntryPoint\",\"urlTemplate\":\"https:\/\/super-seeds.se\/?s={search_term_string}\"},\"query-input\":{\"@type\":\"PropertyValueSpecification\",\"valueRequired\":true,\"valueName\":\"search_term_string\"}}],\"inLanguage\":\"sv-SE\"},{\"@type\":\"Organization\",\"@id\":\"https:\/\/super-seeds.se\/#organization\",\"name\":\"Superseeds.dk\",\"url\":\"https:\/\/super-seeds.se\/\",\"logo\":{\"@type\":\"ImageObject\",\"inLanguage\":\"sv-SE\",\"@id\":\"https:\/\/super-seeds.se\/#\/schema\/logo\/image\/\",\"url\":\"https:\/\/superseeds.dk\/wp-content\/uploads\/2025\/09\/logo-superseeds.png\",\"contentUrl\":\"https:\/\/superseeds.dk\/wp-content\/uploads\/2025\/09\/logo-superseeds.png\",\"width\":180,\"height\":160,\"caption\":\"Superseeds.dk\"},\"image\":{\"@id\":\"https:\/\/super-seeds.se\/#\/schema\/logo\/image\/\"}}]}<\/script>\n<!-- \/ Yoast SEO plugin. -->","yoast_head_json":{"title":"Lumen King 630w Full spectrum LED - Superseeds.dk","robots":{"index":"index","follow":"follow","max-snippet":"max-snippet:-1","max-image-preview":"max-image-preview:large","max-video-preview":"max-video-preview:-1"},"canonical":"https:\/\/superseeds.dk\/se\/produkt\/lumen-king-630w-full-spectrum-led\/","og_locale":"sv_SE","og_type":"article","og_title":"Lumen King 630w Full spectrum LED - Superseeds.dk","og_description":"Med Lumen King LED'en har du et Plug &amp; Play Full Spectrum LED-panel p\u00e5 en kvadratmeter","og_url":"https:\/\/superseeds.dk\/se\/produkt\/lumen-king-630w-full-spectrum-led\/","og_site_name":"Superseeds.dk","article_modified_time":"2025-01-30T20:59:35+00:00","og_image":[{"width":1080,"height":1080,"url":"https:\/\/super-seeds.se\/wp-content\/uploads\/2025\/01\/9.png","type":"image\/png"}],"twitter_card":"summary_large_image","twitter_misc":{"Ber\u00e4knad l\u00e4stid":"1 minut"},"schema":{"@context":"https:\/\/schema.org","@graph":[{"@type":"WebPage","@id":"https:\/\/superseeds.dk\/vare\/lumen-king-630w-full-spectrum-led\/","url":"https:\/\/superseeds.dk\/vare\/lumen-king-630w-full-spectrum-led\/","name":"Lumen King 630w Full spectrum LED - Superseeds.dk","isPartOf":{"@id":"https:\/\/super-seeds.se\/#website"},"primaryImageOfPage":{"@id":"https:\/\/superseeds.dk\/vare\/lumen-king-630w-full-spectrum-led\/#primaryimage"},"image":{"@id":"https:\/\/superseeds.dk\/vare\/lumen-king-630w-full-spectrum-led\/#primaryimage"},"thumbnailUrl":"https:\/\/superseeds.dk\/wp-content\/uploads\/2025\/01\/9.png","datePublished":"2025-01-30T20:59:33+00:00","dateModified":"2025-01-30T20:59:35+00:00","breadcrumb":{"@id":"https:\/\/superseeds.dk\/vare\/lumen-king-630w-full-spectrum-led\/#breadcrumb"},"inLanguage":"sv-SE","potentialAction":[{"@type":"ReadAction","target":["https:\/\/superseeds.dk\/vare\/lumen-king-630w-full-spectrum-led\/"]}]},{"@type":"ImageObject","inLanguage":"sv-SE","@id":"https:\/\/superseeds.dk\/vare\/lumen-king-630w-full-spectrum-led\/#primaryimage","url":"https:\/\/superseeds.dk\/wp-content\/uploads\/2025\/01\/9.png","contentUrl":"https:\/\/superseeds.dk\/wp-content\/uploads\/2025\/01\/9.png","width":1080,"height":1080},{"@type":"BreadcrumbList","@id":"https:\/\/superseeds.dk\/vare\/lumen-king-630w-full-spectrum-led\/#breadcrumb","itemListElement":[{"@type":"ListItem","position":1,"name":"Hjem","item":"https:\/\/superseeds.dk\/"},{"@type":"ListItem","position":2,"name":"Shop","item":"https:\/\/superseeds.dk\/no\/butikk\/"},{"@type":"ListItem","position":3,"name":"Lumen King 630w Full spectrum LED"}]},{"@type":"WebSite","@id":"https:\/\/super-seeds.se\/#website","url":"https:\/\/super-seeds.se\/","name":"Superseeds.com","description":"","publisher":{"@id":"https:\/\/super-seeds.se\/#organization"},"potentialAction":[{"@type":"SearchAction","target":{"@type":"EntryPoint","urlTemplate":"https:\/\/super-seeds.se\/?s={search_term_string}"},"query-input":{"@type":"PropertyValueSpecification","valueRequired":true,"valueName":"search_term_string"}}],"inLanguage":"sv-SE"},{"@type":"Organization","@id":"https:\/\/super-seeds.se\/#organization","name":"Superseeds.com","url":"https:\/\/super-seeds.se\/","logo":{"@type":"ImageObject","inLanguage":"sv-SE","@id":"https:\/\/super-seeds.se\/#\/schema\/logo\/image\/","url":"https:\/\/superseeds.dk\/wp-content\/uploads\/2025\/09\/logo-superseeds.png","contentUrl":"https:\/\/superseeds.dk\/wp-content\/uploads\/2025\/09\/logo-superseeds.png","width":180,"height":160,"caption":"Superseeds.dk"},"image":{"@id":"https:\/\/super-seeds.se\/#\/schema\/logo\/image\/"}}]}},"df_price":7295,"df_sale_price":"","df_regular_price":7295,"df_image_link":"https:\/\/superseeds.dk\/wp-content\/uploads\/2025\/01\/9-1024x1024.png","_links":{"self":[{"href":"https:\/\/superseeds.dk\/se\/wp-json\/wp\/v2\/product\/54222","targetHints":{"allow":["GET"]}}],"collection":[{"href":"https:\/\/superseeds.dk\/se\/wp-json\/wp\/v2\/product"}],"about":[{"href":"https:\/\/superseeds.dk\/se\/wp-json\/wp\/v2\/types\/product"}],"wp:featuredmedia":[{"embeddable":true,"href":"https:\/\/superseeds.dk\/se\/wp-json\/wp\/v2\/media\/54227"}],"wp:attachment":[{"href":"https:\/\/superseeds.dk\/se\/wp-json\/wp\/v2\/media?parent=54222"}],"wp:term":[{"taxonomy":"product_brand","embeddable":true,"href":"https:\/\/superseeds.dk\/se\/wp-json\/wp\/v2\/product_brand?post=54222"},{"taxonomy":"product_cat","embeddable":true,"href":"https:\/\/superseeds.dk\/se\/wp-json\/wp\/v2\/product_cat?post=54222"},{"taxonomy":"product_tag","embeddable":true,"href":"https:\/\/superseeds.dk\/se\/wp-json\/wp\/v2\/product_tag?post=54222"}],"curies":[{"name":"wp","href":"https:\/\/api.w.org\/{rel}","templated":true}]}}