{"id":54137,"date":"2025-01-30T21:58:08","date_gmt":"2025-01-30T20:58:08","guid":{"rendered":"https:\/\/superseeds.dk\/vare\/water-tray-telt-bund\/"},"modified":"2025-12-18T10:32:24","modified_gmt":"2025-12-18T09:32:24","slug":"water-tray-telt-bund","status":"publish","type":"product","link":"https:\/\/superseeds.dk\/se\/produkt\/water-tray-telt-bund\/","title":{"rendered":"vattentr\u00e5g - t\u00e4ltbotten"},"content":{"rendered":"","protected":false},"excerpt":{"rendered":"<p>Secret Jardin\u00a0 WATER TRAY er en aftagelig vandbakke. Den er lavet af et\u00a0 st\u00e6rkt, PVC-materiale og kan installeres og fjernes p\u00e5 f\u00e5 sekunder takket v\u00e6re et enkelt fastg\u00f8relsessystem. Det forhindrer oversv\u00f8mmelse og er meget let at reng\u00f8re.<\/p>\n<p><strong>Tilg\u00e6ngelig i:<\/strong><\/p>\n<ul>\n<li>60 Liner Vandbakke 60 x 60 x 5 cm<\/li>\n<li>90 Liner Vandbakke 90 x 90 x 5 cm<\/li>\n<li>120 Liner Vandbakke 120 x 120 x 5 cm<\/li>\n<li>150 Liner Vandbakke 150 x 150 x 5 cm<\/li>\n<\/ul>","protected":false},"featured_media":68847,"template":"","meta":{"_acf_changed":false},"product_brand":[],"product_cat":[1844,1815,1850,1842,1852,1849,1851,1853],"product_tag":[],"class_list":{"0":"post-54137","1":"product","2":"type-product","3":"status-publish","4":"has-post-thumbnail","6":"product_cat-bakker-trays","7":"product_cat-groudstyr","8":"product_cat-homebox","9":"product_cat-potter-underskaale","10":"product_cat-secret-jardin","11":"product_cat-telte","12":"product_cat-tilbehoer-homebox","13":"product_cat-tilbehoer-secret-jardin","14":"pa_stoerrelse-60x60","15":"pa_stoerrelse-90x90","16":"pa_stoerrelse-120x120","17":"pa_stoerrelse-150x150","19":"first","20":"instock","21":"taxable","22":"shipping-taxable","23":"purchasable","24":"product-type-variable","25":"wvs-archive-product-wrapper"},"acf":[],"yoast_head":"<!-- This site is optimized with the Yoast SEO plugin v26.9 - https:\/\/yoast.com\/product\/yoast-seo-wordpress\/ -->\n<title>water Tray - telt bund - Superseeds.dk<\/title>\n<meta name=\"robots\" content=\"index, follow, max-snippet:-1, max-image-preview:large, max-video-preview:-1\" \/>\n<link rel=\"canonical\" href=\"https:\/\/superseeds.dk\/se\/produkt\/water-tray-telt-bund\/\" \/>\n<meta property=\"og:locale\" content=\"sv_SE\" \/>\n<meta property=\"og:type\" content=\"article\" \/>\n<meta property=\"og:title\" content=\"water Tray - telt bund - Superseeds.dk\" \/>\n<meta property=\"og:description\" content=\"Secret Jardin\u00a0 WATER TRAY er en aftagelig vandbakke. Den er lavet af et\u00a0 st\u00e6rkt, PVC-materiale og kan installeres og fjernes p\u00e5 f\u00e5 sekunder takket v\u00e6re et enkelt fastg\u00f8relsessystem. Det forhindrer oversv\u00f8mmelse og er meget let at reng\u00f8re.  Tilg\u00e6ngelig i:   60 Liner Vandbakke 60 x 60 x 5 cm  90 Liner Vandbakke 90 x 90 x 5 cm  120 Liner Vandbakke 120 x 120 x 5 cm  150 Liner Vandbakke 150 x 150 x 5 cm\" \/>\n<meta property=\"og:url\" content=\"https:\/\/superseeds.dk\/se\/produkt\/water-tray-telt-bund\/\" \/>\n<meta property=\"og:site_name\" content=\"Superseeds.dk\" \/>\n<meta property=\"article:modified_time\" content=\"2025-12-18T09:32:24+00:00\" \/>\n<meta property=\"og:image\" content=\"https:\/\/www.super-seeds.se\/wp-content\/uploads\/2025\/02\/water-Tray-telt-bund.png\" \/>\n\t<meta property=\"og:image:width\" content=\"1080\" \/>\n\t<meta property=\"og:image:height\" content=\"1080\" \/>\n\t<meta property=\"og:image:type\" content=\"image\/png\" \/>\n<meta name=\"twitter:card\" content=\"summary_large_image\" \/>\n<script type=\"application\/ld+json\" class=\"yoast-schema-graph\">{\"@context\":\"https:\/\/schema.org\",\"@graph\":[{\"@type\":\"WebPage\",\"@id\":\"https:\/\/superseeds.dk\/vare\/water-tray-telt-bund\/\",\"url\":\"https:\/\/superseeds.dk\/vare\/water-tray-telt-bund\/\",\"name\":\"water Tray - telt bund - Superseeds.dk\",\"isPartOf\":{\"@id\":\"https:\/\/super-seeds.se\/#website\"},\"primaryImageOfPage\":{\"@id\":\"https:\/\/superseeds.dk\/vare\/water-tray-telt-bund\/#primaryimage\"},\"image\":{\"@id\":\"https:\/\/superseeds.dk\/vare\/water-tray-telt-bund\/#primaryimage\"},\"thumbnailUrl\":\"https:\/\/superseeds.dk\/wp-content\/uploads\/2025\/12\/water-Tray-telt-bund.png\",\"datePublished\":\"2025-01-30T20:58:08+00:00\",\"dateModified\":\"2025-12-18T09:32:24+00:00\",\"breadcrumb\":{\"@id\":\"https:\/\/superseeds.dk\/vare\/water-tray-telt-bund\/#breadcrumb\"},\"inLanguage\":\"sv-SE\",\"potentialAction\":[{\"@type\":\"ReadAction\",\"target\":[\"https:\/\/superseeds.dk\/vare\/water-tray-telt-bund\/\"]}]},{\"@type\":\"ImageObject\",\"inLanguage\":\"sv-SE\",\"@id\":\"https:\/\/superseeds.dk\/vare\/water-tray-telt-bund\/#primaryimage\",\"url\":\"https:\/\/superseeds.dk\/wp-content\/uploads\/2025\/12\/water-Tray-telt-bund.png\",\"contentUrl\":\"https:\/\/superseeds.dk\/wp-content\/uploads\/2025\/12\/water-Tray-telt-bund.png\",\"width\":1080,\"height\":1080},{\"@type\":\"BreadcrumbList\",\"@id\":\"https:\/\/superseeds.dk\/vare\/water-tray-telt-bund\/#breadcrumb\",\"itemListElement\":[{\"@type\":\"ListItem\",\"position\":1,\"name\":\"Hjem\",\"item\":\"https:\/\/superseeds.dk\/\"},{\"@type\":\"ListItem\",\"position\":2,\"name\":\"Shop\",\"item\":\"https:\/\/superseeds.dk\/no\/butikk\/\"},{\"@type\":\"ListItem\",\"position\":3,\"name\":\"water Tray &#8211; telt bund\"}]},{\"@type\":\"WebSite\",\"@id\":\"https:\/\/super-seeds.se\/#website\",\"url\":\"https:\/\/super-seeds.se\/\",\"name\":\"Superseeds.dk\",\"description\":\"\",\"publisher\":{\"@id\":\"https:\/\/super-seeds.se\/#organization\"},\"potentialAction\":[{\"@type\":\"SearchAction\",\"target\":{\"@type\":\"EntryPoint\",\"urlTemplate\":\"https:\/\/super-seeds.se\/?s={search_term_string}\"},\"query-input\":{\"@type\":\"PropertyValueSpecification\",\"valueRequired\":true,\"valueName\":\"search_term_string\"}}],\"inLanguage\":\"sv-SE\"},{\"@type\":\"Organization\",\"@id\":\"https:\/\/super-seeds.se\/#organization\",\"name\":\"Superseeds.dk\",\"url\":\"https:\/\/super-seeds.se\/\",\"logo\":{\"@type\":\"ImageObject\",\"inLanguage\":\"sv-SE\",\"@id\":\"https:\/\/super-seeds.se\/#\/schema\/logo\/image\/\",\"url\":\"https:\/\/superseeds.dk\/wp-content\/uploads\/2025\/09\/logo-superseeds.png\",\"contentUrl\":\"https:\/\/superseeds.dk\/wp-content\/uploads\/2025\/09\/logo-superseeds.png\",\"width\":180,\"height\":160,\"caption\":\"Superseeds.dk\"},\"image\":{\"@id\":\"https:\/\/super-seeds.se\/#\/schema\/logo\/image\/\"}}]}<\/script>\n<!-- \/ Yoast SEO plugin. -->","yoast_head_json":{"title":"water Tray - telt bund - Superseeds.dk","robots":{"index":"index","follow":"follow","max-snippet":"max-snippet:-1","max-image-preview":"max-image-preview:large","max-video-preview":"max-video-preview:-1"},"canonical":"https:\/\/superseeds.dk\/se\/produkt\/water-tray-telt-bund\/","og_locale":"sv_SE","og_type":"article","og_title":"water Tray - telt bund - Superseeds.dk","og_description":"Secret Jardin\u00a0 WATER TRAY er en aftagelig vandbakke. Den er lavet af et\u00a0 st\u00e6rkt, PVC-materiale og kan installeres og fjernes p\u00e5 f\u00e5 sekunder takket v\u00e6re et enkelt fastg\u00f8relsessystem. Det forhindrer oversv\u00f8mmelse og er meget let at reng\u00f8re.  Tilg\u00e6ngelig i:   60 Liner Vandbakke 60 x 60 x 5 cm  90 Liner Vandbakke 90 x 90 x 5 cm  120 Liner Vandbakke 120 x 120 x 5 cm  150 Liner Vandbakke 150 x 150 x 5 cm","og_url":"https:\/\/superseeds.dk\/se\/produkt\/water-tray-telt-bund\/","og_site_name":"Superseeds.dk","article_modified_time":"2025-12-18T09:32:24+00:00","og_image":[{"width":1080,"height":1080,"url":"https:\/\/www.super-seeds.se\/wp-content\/uploads\/2025\/02\/water-Tray-telt-bund.png","type":"image\/png"}],"twitter_card":"summary_large_image","schema":{"@context":"https:\/\/schema.org","@graph":[{"@type":"WebPage","@id":"https:\/\/superseeds.dk\/vare\/water-tray-telt-bund\/","url":"https:\/\/superseeds.dk\/vare\/water-tray-telt-bund\/","name":"water Tray - telt bund - Superseeds.dk","isPartOf":{"@id":"https:\/\/super-seeds.se\/#website"},"primaryImageOfPage":{"@id":"https:\/\/superseeds.dk\/vare\/water-tray-telt-bund\/#primaryimage"},"image":{"@id":"https:\/\/superseeds.dk\/vare\/water-tray-telt-bund\/#primaryimage"},"thumbnailUrl":"https:\/\/superseeds.dk\/wp-content\/uploads\/2025\/12\/water-Tray-telt-bund.png","datePublished":"2025-01-30T20:58:08+00:00","dateModified":"2025-12-18T09:32:24+00:00","breadcrumb":{"@id":"https:\/\/superseeds.dk\/vare\/water-tray-telt-bund\/#breadcrumb"},"inLanguage":"sv-SE","potentialAction":[{"@type":"ReadAction","target":["https:\/\/superseeds.dk\/vare\/water-tray-telt-bund\/"]}]},{"@type":"ImageObject","inLanguage":"sv-SE","@id":"https:\/\/superseeds.dk\/vare\/water-tray-telt-bund\/#primaryimage","url":"https:\/\/superseeds.dk\/wp-content\/uploads\/2025\/12\/water-Tray-telt-bund.png","contentUrl":"https:\/\/superseeds.dk\/wp-content\/uploads\/2025\/12\/water-Tray-telt-bund.png","width":1080,"height":1080},{"@type":"BreadcrumbList","@id":"https:\/\/superseeds.dk\/vare\/water-tray-telt-bund\/#breadcrumb","itemListElement":[{"@type":"ListItem","position":1,"name":"Hjem","item":"https:\/\/superseeds.dk\/"},{"@type":"ListItem","position":2,"name":"Shop","item":"https:\/\/superseeds.dk\/no\/butikk\/"},{"@type":"ListItem","position":3,"name":"water Tray &#8211; telt bund"}]},{"@type":"WebSite","@id":"https:\/\/super-seeds.se\/#website","url":"https:\/\/super-seeds.se\/","name":"Superseeds.com","description":"","publisher":{"@id":"https:\/\/super-seeds.se\/#organization"},"potentialAction":[{"@type":"SearchAction","target":{"@type":"EntryPoint","urlTemplate":"https:\/\/super-seeds.se\/?s={search_term_string}"},"query-input":{"@type":"PropertyValueSpecification","valueRequired":true,"valueName":"search_term_string"}}],"inLanguage":"sv-SE"},{"@type":"Organization","@id":"https:\/\/super-seeds.se\/#organization","name":"Superseeds.com","url":"https:\/\/super-seeds.se\/","logo":{"@type":"ImageObject","inLanguage":"sv-SE","@id":"https:\/\/super-seeds.se\/#\/schema\/logo\/image\/","url":"https:\/\/superseeds.dk\/wp-content\/uploads\/2025\/09\/logo-superseeds.png","contentUrl":"https:\/\/superseeds.dk\/wp-content\/uploads\/2025\/09\/logo-superseeds.png","width":180,"height":160,"caption":"Superseeds.dk"},"image":{"@id":"https:\/\/super-seeds.se\/#\/schema\/logo\/image\/"}}]}},"df_price":139,"df_sale_price":"","df_regular_price":139,"df_image_link":"https:\/\/superseeds.dk\/wp-content\/uploads\/2025\/12\/water-Tray-telt-bund-1024x1024.png","_links":{"self":[{"href":"https:\/\/superseeds.dk\/se\/wp-json\/wp\/v2\/product\/54137","targetHints":{"allow":["GET"]}}],"collection":[{"href":"https:\/\/superseeds.dk\/se\/wp-json\/wp\/v2\/product"}],"about":[{"href":"https:\/\/superseeds.dk\/se\/wp-json\/wp\/v2\/types\/product"}],"wp:featuredmedia":[{"embeddable":true,"href":"https:\/\/superseeds.dk\/se\/wp-json\/wp\/v2\/media\/68847"}],"wp:attachment":[{"href":"https:\/\/superseeds.dk\/se\/wp-json\/wp\/v2\/media?parent=54137"}],"wp:term":[{"taxonomy":"product_brand","embeddable":true,"href":"https:\/\/superseeds.dk\/se\/wp-json\/wp\/v2\/product_brand?post=54137"},{"taxonomy":"product_cat","embeddable":true,"href":"https:\/\/superseeds.dk\/se\/wp-json\/wp\/v2\/product_cat?post=54137"},{"taxonomy":"product_tag","embeddable":true,"href":"https:\/\/superseeds.dk\/se\/wp-json\/wp\/v2\/product_tag?post=54137"}],"curies":[{"name":"wp","href":"https:\/\/api.w.org\/{rel}","templated":true}]}}