{"id":54053,"date":"2025-01-30T21:51:54","date_gmt":"2025-01-30T20:51:54","guid":{"rendered":"https:\/\/superseeds.dk\/vare\/dexso-professional-extraction-tube-100-gr\/"},"modified":"2025-01-30T21:51:56","modified_gmt":"2025-01-30T20:51:56","slug":"dexso-professional-extraction-tube-100-gr","status":"publish","type":"product","link":"https:\/\/superseeds.dk\/se\/produkt\/dexso-professional-extraction-tube-100-gr\/","title":{"rendered":"DEXSO &#8211; PROFESSIONAL EXTRACTION TUBE &#8211; 100 GR"},"content":{"rendered":"<p>Dexso \u00e6teriske olie udsugningsanl\u00e6g &#8211; Simpelthen den bedste udsugningsanl\u00e6g og den p\u00e6neste m\u00e5de for at vende dit trim til guld!<br \/>\nDexso \u00e6teriske olie udsugningsanl\u00e6g er dit f\u00f8rste valg, n\u00e5r det kommer til extracion af \u00e6teriske olier ud af trim, fordi med Dexso du udtr\u00e6kke mere p\u00e5 kortere tid.<br \/>\nDexso \u00e6teriske olie udsugningsanl\u00e6g er de eneste udsugningsanl\u00e6g har en t\u00f8mning enhed med en distribution funktion, maksimere din udbyttet, og anodiseret Al2O3 krystal pels kombinerer fordelene fra et metal med renheden af \u200b\u200bet glas emh\u00e6tte og v\u00e6gten af \u200b\u200baluminium! Dexso er en schweizisk original, fremstillet i henhold til de h\u00f8jeste schweiziske ingeni\u00f8r standarder.<\/p>\n<p>Dexso \u00e6teriske olie udsugningsanl\u00e6g er meget let at bruge, meget let at vedligeholde og vil vare dig en levetid!<\/p>\n<p>Fordele<\/p>\n<p>Superior design:<br \/>\nDexso \u00e6teriske olie udsugningsanl\u00e6g er selvst\u00e5ende, og den patenterede maskinens design forhindrer blowbacks.<\/p>\n<p>Crystal Coating:<br \/>\nAl2O3 anodiseret bel\u00e6gning giver fordelene fra en metal emh\u00e6tte med renheden af \u200b\u200bet glas emh\u00e6tte, og beskytter emh\u00e6tte fra ridser eller misbrug.<\/p>\n<p>T\u00f8mning enhed:<br \/>\nudvinde mere p\u00e5 samme tid! Dexso \u00e6teriske olie udsugningsanl\u00e6g er de eneste, der har en t\u00f8mning enhed! Dexso t\u00f8mning enhed g\u00f8r t\u00f8mningen af \u200b\u200bbrugte trim efter udvinding problemfri, nem og hurtig. Du vil s\u00e6tte pris p\u00e5 dens effektivitet og brugervenlighed.<\/p>\n<p>Distribution enhed:<br \/>\nfordelingen enhed garanterer den bedst mulige fordeling af opl\u00f8sningsmidlet under udpakningen og den h\u00f8jeste grad af effektivitet.<\/p>\n<p>Statisk t\u00e6tning<br \/>\nden statiske t\u00e6tning sikrer en ren og sikker ekstraktion samt et h\u00f8jt niveau af brugervenlighed.<\/p>\n<p>Genanvendelig st\u00e5l sk\u00e6rm V4A sk\u00e6rm<br \/>\nde Dexso \u00e6terisk olie udsugningsanl\u00e6g bruge genanvendelige st\u00e5l V4A sk\u00e6rm, som er selvrensende under udpakningen. Maksimal udbytte og lav vedligeholdelse garanteret!<\/p>\n<p>Magnetisk stativ<br \/>\nde magnetiske stativ f\u00f8dder g\u00f8r forsamlingen nemt, og du vil s\u00e6tte pris p\u00e5 fordelene ved de magnetiske f\u00f8dder: Flytning Dexso \u00e6terisk olie emh\u00e6tte omkring har aldrig v\u00e6ret nemmere!<\/p>\n<p>gummif\u00f8dder<br \/>\ngummif\u00f8dder giver Dexso \u00e6teriske olie aftr\u00e6kkere en sikker og overlegen stativ og isolere det s\u00e5 godt.<\/p>\n<p>&nbsp;<\/p>\n<p><iframe title=\"Dexso essential oil extraction\" width=\"800\" height=\"450\" src=\"https:\/\/www.youtube.com\/embed\/W2JZ6vAk8tM?feature=oembed\" frameborder=\"0\" allow=\"accelerometer; autoplay; clipboard-write; encrypted-media; gyroscope; picture-in-picture; web-share\" referrerpolicy=\"strict-origin-when-cross-origin\" allowfullscreen><\/iframe><\/p>","protected":false},"excerpt":{"rendered":"<p>Perfekt l\u00f8sning til udtr\u00e6k<\/p>","protected":false},"featured_media":54054,"template":"","meta":{"_acf_changed":false},"product_brand":[],"product_cat":[1798,1800,1801],"product_tag":[],"class_list":{"0":"post-54053","1":"product","2":"type-product","3":"status-publish","4":"has-post-thumbnail","6":"product_cat-efterbehandling","7":"product_cat-ekstraktion","8":"product_cat-gas-bho","10":"first","11":"onbackorder","12":"taxable","13":"shipping-taxable","14":"purchasable","15":"product-type-simple"},"acf":[],"yoast_head":"<!-- This site is optimized with the Yoast SEO plugin v26.9 - https:\/\/yoast.com\/product\/yoast-seo-wordpress\/ -->\n<title>DEXSO - PROFESSIONAL EXTRACTION TUBE - 100 GR - Superseeds.dk<\/title>\n<meta name=\"robots\" content=\"index, follow, max-snippet:-1, max-image-preview:large, max-video-preview:-1\" \/>\n<link rel=\"canonical\" href=\"https:\/\/superseeds.dk\/se\/produkt\/dexso-professional-extraction-tube-100-gr\/\" \/>\n<meta property=\"og:locale\" content=\"sv_SE\" \/>\n<meta property=\"og:type\" content=\"article\" \/>\n<meta property=\"og:title\" content=\"DEXSO - PROFESSIONAL EXTRACTION TUBE - 100 GR - Superseeds.dk\" \/>\n<meta property=\"og:description\" content=\"Perfekt l\u00f8sning til udtr\u00e6k\" \/>\n<meta property=\"og:url\" content=\"https:\/\/superseeds.dk\/se\/produkt\/dexso-professional-extraction-tube-100-gr\/\" \/>\n<meta property=\"og:site_name\" content=\"Superseeds.dk\" \/>\n<meta property=\"article:modified_time\" content=\"2025-01-30T20:51:56+00:00\" \/>\n<meta property=\"og:image\" content=\"https:\/\/super-seeds.no\/wp-content\/uploads\/2025\/01\/DEXSO-\u2013-PROFESSIONAL-EXTRACTION-TUBE-\u2013-100-GR.png\" \/>\n\t<meta property=\"og:image:width\" content=\"1080\" \/>\n\t<meta property=\"og:image:height\" content=\"1080\" \/>\n\t<meta property=\"og:image:type\" content=\"image\/png\" \/>\n<meta name=\"twitter:card\" content=\"summary_large_image\" \/>\n<meta name=\"twitter:label1\" content=\"Ber\u00e4knad l\u00e4stid\" \/>\n\t<meta name=\"twitter:data1\" content=\"2 minuter\" \/>\n<script type=\"application\/ld+json\" class=\"yoast-schema-graph\">{\"@context\":\"https:\/\/schema.org\",\"@graph\":[{\"@type\":\"WebPage\",\"@id\":\"https:\/\/superseeds.dk\/vare\/dexso-professional-extraction-tube-100-gr\/\",\"url\":\"https:\/\/superseeds.dk\/vare\/dexso-professional-extraction-tube-100-gr\/\",\"name\":\"DEXSO - PROFESSIONAL EXTRACTION TUBE - 100 GR - Superseeds.dk\",\"isPartOf\":{\"@id\":\"https:\/\/super-seeds.se\/#website\"},\"primaryImageOfPage\":{\"@id\":\"https:\/\/superseeds.dk\/vare\/dexso-professional-extraction-tube-100-gr\/#primaryimage\"},\"image\":{\"@id\":\"https:\/\/superseeds.dk\/vare\/dexso-professional-extraction-tube-100-gr\/#primaryimage\"},\"thumbnailUrl\":\"https:\/\/superseeds.dk\/wp-content\/uploads\/2025\/01\/DEXSO-\u2013-PROFESSIONAL-EXTRACTION-TUBE-\u2013-100-GR.png\",\"datePublished\":\"2025-01-30T20:51:54+00:00\",\"dateModified\":\"2025-01-30T20:51:56+00:00\",\"breadcrumb\":{\"@id\":\"https:\/\/superseeds.dk\/vare\/dexso-professional-extraction-tube-100-gr\/#breadcrumb\"},\"inLanguage\":\"sv-SE\",\"potentialAction\":[{\"@type\":\"ReadAction\",\"target\":[\"https:\/\/superseeds.dk\/vare\/dexso-professional-extraction-tube-100-gr\/\"]}]},{\"@type\":\"ImageObject\",\"inLanguage\":\"sv-SE\",\"@id\":\"https:\/\/superseeds.dk\/vare\/dexso-professional-extraction-tube-100-gr\/#primaryimage\",\"url\":\"https:\/\/superseeds.dk\/wp-content\/uploads\/2025\/01\/DEXSO-\u2013-PROFESSIONAL-EXTRACTION-TUBE-\u2013-100-GR.png\",\"contentUrl\":\"https:\/\/superseeds.dk\/wp-content\/uploads\/2025\/01\/DEXSO-\u2013-PROFESSIONAL-EXTRACTION-TUBE-\u2013-100-GR.png\",\"width\":1080,\"height\":1080},{\"@type\":\"BreadcrumbList\",\"@id\":\"https:\/\/superseeds.dk\/vare\/dexso-professional-extraction-tube-100-gr\/#breadcrumb\",\"itemListElement\":[{\"@type\":\"ListItem\",\"position\":1,\"name\":\"Hjem\",\"item\":\"https:\/\/superseeds.dk\/\"},{\"@type\":\"ListItem\",\"position\":2,\"name\":\"Shop\",\"item\":\"https:\/\/superseeds.dk\/no\/butikk\/\"},{\"@type\":\"ListItem\",\"position\":3,\"name\":\"DEXSO &#8211; PROFESSIONAL EXTRACTION TUBE &#8211; 100 GR\"}]},{\"@type\":\"WebSite\",\"@id\":\"https:\/\/super-seeds.se\/#website\",\"url\":\"https:\/\/super-seeds.se\/\",\"name\":\"Superseeds.dk\",\"description\":\"\",\"publisher\":{\"@id\":\"https:\/\/super-seeds.se\/#organization\"},\"potentialAction\":[{\"@type\":\"SearchAction\",\"target\":{\"@type\":\"EntryPoint\",\"urlTemplate\":\"https:\/\/super-seeds.se\/?s={search_term_string}\"},\"query-input\":{\"@type\":\"PropertyValueSpecification\",\"valueRequired\":true,\"valueName\":\"search_term_string\"}}],\"inLanguage\":\"sv-SE\"},{\"@type\":\"Organization\",\"@id\":\"https:\/\/super-seeds.se\/#organization\",\"name\":\"Superseeds.dk\",\"url\":\"https:\/\/super-seeds.se\/\",\"logo\":{\"@type\":\"ImageObject\",\"inLanguage\":\"sv-SE\",\"@id\":\"https:\/\/super-seeds.se\/#\/schema\/logo\/image\/\",\"url\":\"https:\/\/superseeds.dk\/wp-content\/uploads\/2025\/09\/logo-superseeds.png\",\"contentUrl\":\"https:\/\/superseeds.dk\/wp-content\/uploads\/2025\/09\/logo-superseeds.png\",\"width\":180,\"height\":160,\"caption\":\"Superseeds.dk\"},\"image\":{\"@id\":\"https:\/\/super-seeds.se\/#\/schema\/logo\/image\/\"}}]}<\/script>\n<!-- \/ Yoast SEO plugin. -->","yoast_head_json":{"title":"DEXSO - PROFESSIONAL EXTRACTION TUBE - 100 GR - Superseeds.dk","robots":{"index":"index","follow":"follow","max-snippet":"max-snippet:-1","max-image-preview":"max-image-preview:large","max-video-preview":"max-video-preview:-1"},"canonical":"https:\/\/superseeds.dk\/se\/produkt\/dexso-professional-extraction-tube-100-gr\/","og_locale":"sv_SE","og_type":"article","og_title":"DEXSO - PROFESSIONAL EXTRACTION TUBE - 100 GR - Superseeds.dk","og_description":"Perfekt l\u00f8sning til udtr\u00e6k","og_url":"https:\/\/superseeds.dk\/se\/produkt\/dexso-professional-extraction-tube-100-gr\/","og_site_name":"Superseeds.dk","article_modified_time":"2025-01-30T20:51:56+00:00","og_image":[{"width":1080,"height":1080,"url":"https:\/\/super-seeds.no\/wp-content\/uploads\/2025\/01\/DEXSO-\u2013-PROFESSIONAL-EXTRACTION-TUBE-\u2013-100-GR.png","type":"image\/png"}],"twitter_card":"summary_large_image","twitter_misc":{"Ber\u00e4knad l\u00e4stid":"2 minuter"},"schema":{"@context":"https:\/\/schema.org","@graph":[{"@type":"WebPage","@id":"https:\/\/superseeds.dk\/vare\/dexso-professional-extraction-tube-100-gr\/","url":"https:\/\/superseeds.dk\/vare\/dexso-professional-extraction-tube-100-gr\/","name":"DEXSO - PROFESSIONAL EXTRACTION TUBE - 100 GR - Superseeds.dk","isPartOf":{"@id":"https:\/\/super-seeds.se\/#website"},"primaryImageOfPage":{"@id":"https:\/\/superseeds.dk\/vare\/dexso-professional-extraction-tube-100-gr\/#primaryimage"},"image":{"@id":"https:\/\/superseeds.dk\/vare\/dexso-professional-extraction-tube-100-gr\/#primaryimage"},"thumbnailUrl":"https:\/\/superseeds.dk\/wp-content\/uploads\/2025\/01\/DEXSO-\u2013-PROFESSIONAL-EXTRACTION-TUBE-\u2013-100-GR.png","datePublished":"2025-01-30T20:51:54+00:00","dateModified":"2025-01-30T20:51:56+00:00","breadcrumb":{"@id":"https:\/\/superseeds.dk\/vare\/dexso-professional-extraction-tube-100-gr\/#breadcrumb"},"inLanguage":"sv-SE","potentialAction":[{"@type":"ReadAction","target":["https:\/\/superseeds.dk\/vare\/dexso-professional-extraction-tube-100-gr\/"]}]},{"@type":"ImageObject","inLanguage":"sv-SE","@id":"https:\/\/superseeds.dk\/vare\/dexso-professional-extraction-tube-100-gr\/#primaryimage","url":"https:\/\/superseeds.dk\/wp-content\/uploads\/2025\/01\/DEXSO-\u2013-PROFESSIONAL-EXTRACTION-TUBE-\u2013-100-GR.png","contentUrl":"https:\/\/superseeds.dk\/wp-content\/uploads\/2025\/01\/DEXSO-\u2013-PROFESSIONAL-EXTRACTION-TUBE-\u2013-100-GR.png","width":1080,"height":1080},{"@type":"BreadcrumbList","@id":"https:\/\/superseeds.dk\/vare\/dexso-professional-extraction-tube-100-gr\/#breadcrumb","itemListElement":[{"@type":"ListItem","position":1,"name":"Hjem","item":"https:\/\/superseeds.dk\/"},{"@type":"ListItem","position":2,"name":"Shop","item":"https:\/\/superseeds.dk\/no\/butikk\/"},{"@type":"ListItem","position":3,"name":"DEXSO &#8211; PROFESSIONAL EXTRACTION TUBE &#8211; 100 GR"}]},{"@type":"WebSite","@id":"https:\/\/super-seeds.se\/#website","url":"https:\/\/super-seeds.se\/","name":"Superseeds.com","description":"","publisher":{"@id":"https:\/\/super-seeds.se\/#organization"},"potentialAction":[{"@type":"SearchAction","target":{"@type":"EntryPoint","urlTemplate":"https:\/\/super-seeds.se\/?s={search_term_string}"},"query-input":{"@type":"PropertyValueSpecification","valueRequired":true,"valueName":"search_term_string"}}],"inLanguage":"sv-SE"},{"@type":"Organization","@id":"https:\/\/super-seeds.se\/#organization","name":"Superseeds.com","url":"https:\/\/super-seeds.se\/","logo":{"@type":"ImageObject","inLanguage":"sv-SE","@id":"https:\/\/super-seeds.se\/#\/schema\/logo\/image\/","url":"https:\/\/superseeds.dk\/wp-content\/uploads\/2025\/09\/logo-superseeds.png","contentUrl":"https:\/\/superseeds.dk\/wp-content\/uploads\/2025\/09\/logo-superseeds.png","width":180,"height":160,"caption":"Superseeds.dk"},"image":{"@id":"https:\/\/super-seeds.se\/#\/schema\/logo\/image\/"}}]}},"df_price":1495,"df_sale_price":"","df_regular_price":1495,"df_image_link":"https:\/\/superseeds.dk\/wp-content\/uploads\/2025\/01\/DEXSO-\u2013-PROFESSIONAL-EXTRACTION-TUBE-\u2013-100-GR-1024x1024.png","_links":{"self":[{"href":"https:\/\/superseeds.dk\/se\/wp-json\/wp\/v2\/product\/54053","targetHints":{"allow":["GET"]}}],"collection":[{"href":"https:\/\/superseeds.dk\/se\/wp-json\/wp\/v2\/product"}],"about":[{"href":"https:\/\/superseeds.dk\/se\/wp-json\/wp\/v2\/types\/product"}],"wp:featuredmedia":[{"embeddable":true,"href":"https:\/\/superseeds.dk\/se\/wp-json\/wp\/v2\/media\/54054"}],"wp:attachment":[{"href":"https:\/\/superseeds.dk\/se\/wp-json\/wp\/v2\/media?parent=54053"}],"wp:term":[{"taxonomy":"product_brand","embeddable":true,"href":"https:\/\/superseeds.dk\/se\/wp-json\/wp\/v2\/product_brand?post=54053"},{"taxonomy":"product_cat","embeddable":true,"href":"https:\/\/superseeds.dk\/se\/wp-json\/wp\/v2\/product_cat?post=54053"},{"taxonomy":"product_tag","embeddable":true,"href":"https:\/\/superseeds.dk\/se\/wp-json\/wp\/v2\/product_tag?post=54053"}],"curies":[{"name":"wp","href":"https:\/\/api.w.org\/{rel}","templated":true}]}}