{"id":54011,"date":"2025-01-30T21:51:24","date_gmt":"2025-01-30T20:51:24","guid":{"rendered":"https:\/\/superseeds.dk\/vare\/the-silver-bullet\/"},"modified":"2025-01-30T21:51:28","modified_gmt":"2025-01-30T20:51:28","slug":"the-silver-bullet","status":"publish","type":"product","link":"https:\/\/superseeds.dk\/se\/produkt\/the-silver-bullet\/","title":{"rendered":"Centurion SilverBullet"},"content":{"rendered":"<p>&nbsp;<\/p>\n<p>CenturionPro\u00a0\u00ae\u00a0\u00a0s\u00f8lvkugle leveres med en lydd\u00e6mper for at reducere st\u00f8j fra trimmeren med over 30%.\u00a0Silver Bullet leveres med en indbygget marine-kvalitet Infinity Bluetooth-stereo og sort kapacitet med sort mesh.\u00a0Denne trimmer erstatter over 20 besk\u00e6ringspersonale.\u00a0Dens &#8216;elite-besk\u00e6ringsteknologi giver brancherne den strammeste trim og den h\u00f8jeste klippekapacitet inden for et lille fodaftryk.\u00a0Vi har gjort det s\u00e5 let som muligt at reng\u00f8re Silver Bullet med dets &#8216;hurtige demontering og videovejledninger.\u00a0Silver Bullet anvender en D2-h\u00e6rdet st\u00e5lblad af h\u00f8j kvalitet til industriens bedste klip.<\/p>\n<ul class=\"prod-list\">\n<li>Silver Bullet er en meget b\u00e6rbar maskine og kan let transporteres i de fleste k\u00f8ret\u00f8jer.<\/li>\n<li>Kan behandle 8 &#8211; 12 lbs t\u00f8rv\u00e6gt (40- 60 lbs v\u00e5d v\u00e6gt) materiale pr. Time.<\/li>\n<li>Leveres med 3 hestekraft bladopsamlingssystem for maksimal effektivitet.<\/li>\n<li>Indbygget sugeeffekt giver mulighed for en meget stram trim.<\/li>\n<li>Vaskbart vaskbart og let at reng\u00f8re.<\/li>\n<li>Leveres med en 25 mikron ydre taske og en 200 mikron non-stick indre taske til trichomeindsamling, der kan omdannes til v\u00e6rdifulde ekstrakter og koncentrater.<\/li>\n<li>Fremstillet i Nordamerika efter de h\u00f8jeste standarder.\u00a0Du kan v\u00e6re sikker p\u00e5, at Centurion-maskiner er af h\u00f8jeste kvalitet.<\/li>\n<\/ul>","protected":false},"excerpt":{"rendered":"<p>CenturionPro Silver Bullet er en af de bedste\u00a0 trimmere p\u00e5 markedet. Bruger den nyeste elite trimning teknologi, denne top trimmer erstatter op til 20 personer,<\/p>\n<p>CenturionPro Silver Bullet leveres desuden med en lydd\u00e6mper, som reducerer st\u00f8jen fra trimmeren med 30 procent<\/p>","protected":false},"featured_media":54017,"template":"","meta":{"_acf_changed":false},"product_brand":[],"product_cat":[1798,1802],"product_tag":[],"class_list":{"0":"post-54011","1":"product","2":"type-product","3":"status-publish","4":"has-post-thumbnail","6":"product_cat-efterbehandling","7":"product_cat-trimning","9":"first","10":"instock","11":"taxable","12":"shipping-taxable","13":"purchasable","14":"product-type-simple"},"acf":[],"yoast_head":"<!-- This site is optimized with the Yoast SEO plugin v26.9 - https:\/\/yoast.com\/product\/yoast-seo-wordpress\/ -->\n<title>Centurion SilverBullet - Superseeds.dk<\/title>\n<meta name=\"robots\" content=\"index, follow, max-snippet:-1, max-image-preview:large, max-video-preview:-1\" \/>\n<link rel=\"canonical\" href=\"https:\/\/superseeds.dk\/se\/produkt\/the-silver-bullet\/\" \/>\n<meta property=\"og:locale\" content=\"sv_SE\" \/>\n<meta property=\"og:type\" content=\"article\" \/>\n<meta property=\"og:title\" content=\"Centurion SilverBullet - Superseeds.dk\" \/>\n<meta property=\"og:description\" content=\"CenturionPro Silver Bullet er en af de bedste\u00a0 trimmere p\u00e5 markedet. Bruger den nyeste elite trimning teknologi, denne top trimmer erstatter op til 20 personer,  CenturionPro Silver Bullet leveres desuden med en lydd\u00e6mper, som reducerer st\u00f8jen fra trimmeren med 30 procent\" \/>\n<meta property=\"og:url\" content=\"https:\/\/superseeds.dk\/se\/produkt\/the-silver-bullet\/\" \/>\n<meta property=\"og:site_name\" content=\"Superseeds.dk\" \/>\n<meta property=\"article:modified_time\" content=\"2025-01-30T20:51:28+00:00\" \/>\n<meta property=\"og:image\" content=\"https:\/\/super-seeds.no\/wp-content\/uploads\/2025\/01\/Centurion-SilverBullet.png\" \/>\n\t<meta property=\"og:image:width\" content=\"1080\" \/>\n\t<meta property=\"og:image:height\" content=\"1080\" \/>\n\t<meta property=\"og:image:type\" content=\"image\/png\" \/>\n<meta name=\"twitter:card\" content=\"summary_large_image\" \/>\n<meta name=\"twitter:label1\" content=\"Ber\u00e4knad l\u00e4stid\" \/>\n\t<meta name=\"twitter:data1\" content=\"1 minut\" \/>\n<script type=\"application\/ld+json\" class=\"yoast-schema-graph\">{\"@context\":\"https:\/\/schema.org\",\"@graph\":[{\"@type\":\"WebPage\",\"@id\":\"https:\/\/superseeds.dk\/vare\/the-silver-bullet\/\",\"url\":\"https:\/\/superseeds.dk\/vare\/the-silver-bullet\/\",\"name\":\"Centurion SilverBullet - Superseeds.dk\",\"isPartOf\":{\"@id\":\"https:\/\/super-seeds.se\/#website\"},\"primaryImageOfPage\":{\"@id\":\"https:\/\/superseeds.dk\/vare\/the-silver-bullet\/#primaryimage\"},\"image\":{\"@id\":\"https:\/\/superseeds.dk\/vare\/the-silver-bullet\/#primaryimage\"},\"thumbnailUrl\":\"https:\/\/superseeds.dk\/wp-content\/uploads\/2025\/01\/Centurion-SilverBullet.png\",\"datePublished\":\"2025-01-30T20:51:24+00:00\",\"dateModified\":\"2025-01-30T20:51:28+00:00\",\"breadcrumb\":{\"@id\":\"https:\/\/superseeds.dk\/vare\/the-silver-bullet\/#breadcrumb\"},\"inLanguage\":\"sv-SE\",\"potentialAction\":[{\"@type\":\"ReadAction\",\"target\":[\"https:\/\/superseeds.dk\/vare\/the-silver-bullet\/\"]}]},{\"@type\":\"ImageObject\",\"inLanguage\":\"sv-SE\",\"@id\":\"https:\/\/superseeds.dk\/vare\/the-silver-bullet\/#primaryimage\",\"url\":\"https:\/\/superseeds.dk\/wp-content\/uploads\/2025\/01\/Centurion-SilverBullet.png\",\"contentUrl\":\"https:\/\/superseeds.dk\/wp-content\/uploads\/2025\/01\/Centurion-SilverBullet.png\",\"width\":1080,\"height\":1080},{\"@type\":\"BreadcrumbList\",\"@id\":\"https:\/\/superseeds.dk\/vare\/the-silver-bullet\/#breadcrumb\",\"itemListElement\":[{\"@type\":\"ListItem\",\"position\":1,\"name\":\"Hjem\",\"item\":\"https:\/\/superseeds.dk\/\"},{\"@type\":\"ListItem\",\"position\":2,\"name\":\"Shop\",\"item\":\"https:\/\/superseeds.dk\/no\/butikk\/\"},{\"@type\":\"ListItem\",\"position\":3,\"name\":\"Centurion SilverBullet\"}]},{\"@type\":\"WebSite\",\"@id\":\"https:\/\/super-seeds.se\/#website\",\"url\":\"https:\/\/super-seeds.se\/\",\"name\":\"Superseeds.dk\",\"description\":\"\",\"publisher\":{\"@id\":\"https:\/\/super-seeds.se\/#organization\"},\"potentialAction\":[{\"@type\":\"SearchAction\",\"target\":{\"@type\":\"EntryPoint\",\"urlTemplate\":\"https:\/\/super-seeds.se\/?s={search_term_string}\"},\"query-input\":{\"@type\":\"PropertyValueSpecification\",\"valueRequired\":true,\"valueName\":\"search_term_string\"}}],\"inLanguage\":\"sv-SE\"},{\"@type\":\"Organization\",\"@id\":\"https:\/\/super-seeds.se\/#organization\",\"name\":\"Superseeds.dk\",\"url\":\"https:\/\/super-seeds.se\/\",\"logo\":{\"@type\":\"ImageObject\",\"inLanguage\":\"sv-SE\",\"@id\":\"https:\/\/super-seeds.se\/#\/schema\/logo\/image\/\",\"url\":\"https:\/\/superseeds.dk\/wp-content\/uploads\/2025\/09\/logo-superseeds.png\",\"contentUrl\":\"https:\/\/superseeds.dk\/wp-content\/uploads\/2025\/09\/logo-superseeds.png\",\"width\":180,\"height\":160,\"caption\":\"Superseeds.dk\"},\"image\":{\"@id\":\"https:\/\/super-seeds.se\/#\/schema\/logo\/image\/\"}}]}<\/script>\n<!-- \/ Yoast SEO plugin. -->","yoast_head_json":{"title":"Centurion SilverBullet - Superseeds.dk","robots":{"index":"index","follow":"follow","max-snippet":"max-snippet:-1","max-image-preview":"max-image-preview:large","max-video-preview":"max-video-preview:-1"},"canonical":"https:\/\/superseeds.dk\/se\/produkt\/the-silver-bullet\/","og_locale":"sv_SE","og_type":"article","og_title":"Centurion SilverBullet - Superseeds.dk","og_description":"CenturionPro Silver Bullet er en af de bedste\u00a0 trimmere p\u00e5 markedet. Bruger den nyeste elite trimning teknologi, denne top trimmer erstatter op til 20 personer,  CenturionPro Silver Bullet leveres desuden med en lydd\u00e6mper, som reducerer st\u00f8jen fra trimmeren med 30 procent","og_url":"https:\/\/superseeds.dk\/se\/produkt\/the-silver-bullet\/","og_site_name":"Superseeds.dk","article_modified_time":"2025-01-30T20:51:28+00:00","og_image":[{"width":1080,"height":1080,"url":"https:\/\/super-seeds.no\/wp-content\/uploads\/2025\/01\/Centurion-SilverBullet.png","type":"image\/png"}],"twitter_card":"summary_large_image","twitter_misc":{"Ber\u00e4knad l\u00e4stid":"1 minut"},"schema":{"@context":"https:\/\/schema.org","@graph":[{"@type":"WebPage","@id":"https:\/\/superseeds.dk\/vare\/the-silver-bullet\/","url":"https:\/\/superseeds.dk\/vare\/the-silver-bullet\/","name":"Centurion SilverBullet - Superseeds.dk","isPartOf":{"@id":"https:\/\/super-seeds.se\/#website"},"primaryImageOfPage":{"@id":"https:\/\/superseeds.dk\/vare\/the-silver-bullet\/#primaryimage"},"image":{"@id":"https:\/\/superseeds.dk\/vare\/the-silver-bullet\/#primaryimage"},"thumbnailUrl":"https:\/\/superseeds.dk\/wp-content\/uploads\/2025\/01\/Centurion-SilverBullet.png","datePublished":"2025-01-30T20:51:24+00:00","dateModified":"2025-01-30T20:51:28+00:00","breadcrumb":{"@id":"https:\/\/superseeds.dk\/vare\/the-silver-bullet\/#breadcrumb"},"inLanguage":"sv-SE","potentialAction":[{"@type":"ReadAction","target":["https:\/\/superseeds.dk\/vare\/the-silver-bullet\/"]}]},{"@type":"ImageObject","inLanguage":"sv-SE","@id":"https:\/\/superseeds.dk\/vare\/the-silver-bullet\/#primaryimage","url":"https:\/\/superseeds.dk\/wp-content\/uploads\/2025\/01\/Centurion-SilverBullet.png","contentUrl":"https:\/\/superseeds.dk\/wp-content\/uploads\/2025\/01\/Centurion-SilverBullet.png","width":1080,"height":1080},{"@type":"BreadcrumbList","@id":"https:\/\/superseeds.dk\/vare\/the-silver-bullet\/#breadcrumb","itemListElement":[{"@type":"ListItem","position":1,"name":"Hjem","item":"https:\/\/superseeds.dk\/"},{"@type":"ListItem","position":2,"name":"Shop","item":"https:\/\/superseeds.dk\/no\/butikk\/"},{"@type":"ListItem","position":3,"name":"Centurion SilverBullet"}]},{"@type":"WebSite","@id":"https:\/\/super-seeds.se\/#website","url":"https:\/\/super-seeds.se\/","name":"Superseeds.com","description":"","publisher":{"@id":"https:\/\/super-seeds.se\/#organization"},"potentialAction":[{"@type":"SearchAction","target":{"@type":"EntryPoint","urlTemplate":"https:\/\/super-seeds.se\/?s={search_term_string}"},"query-input":{"@type":"PropertyValueSpecification","valueRequired":true,"valueName":"search_term_string"}}],"inLanguage":"sv-SE"},{"@type":"Organization","@id":"https:\/\/super-seeds.se\/#organization","name":"Superseeds.com","url":"https:\/\/super-seeds.se\/","logo":{"@type":"ImageObject","inLanguage":"sv-SE","@id":"https:\/\/super-seeds.se\/#\/schema\/logo\/image\/","url":"https:\/\/superseeds.dk\/wp-content\/uploads\/2025\/09\/logo-superseeds.png","contentUrl":"https:\/\/superseeds.dk\/wp-content\/uploads\/2025\/09\/logo-superseeds.png","width":180,"height":160,"caption":"Superseeds.dk"},"image":{"@id":"https:\/\/super-seeds.se\/#\/schema\/logo\/image\/"}}]}},"df_price":84995,"df_sale_price":"","df_regular_price":84995,"df_image_link":"https:\/\/superseeds.dk\/wp-content\/uploads\/2025\/01\/Centurion-SilverBullet-1024x1024.png","_links":{"self":[{"href":"https:\/\/superseeds.dk\/se\/wp-json\/wp\/v2\/product\/54011","targetHints":{"allow":["GET"]}}],"collection":[{"href":"https:\/\/superseeds.dk\/se\/wp-json\/wp\/v2\/product"}],"about":[{"href":"https:\/\/superseeds.dk\/se\/wp-json\/wp\/v2\/types\/product"}],"wp:featuredmedia":[{"embeddable":true,"href":"https:\/\/superseeds.dk\/se\/wp-json\/wp\/v2\/media\/54017"}],"wp:attachment":[{"href":"https:\/\/superseeds.dk\/se\/wp-json\/wp\/v2\/media?parent=54011"}],"wp:term":[{"taxonomy":"product_brand","embeddable":true,"href":"https:\/\/superseeds.dk\/se\/wp-json\/wp\/v2\/product_brand?post=54011"},{"taxonomy":"product_cat","embeddable":true,"href":"https:\/\/superseeds.dk\/se\/wp-json\/wp\/v2\/product_cat?post=54011"},{"taxonomy":"product_tag","embeddable":true,"href":"https:\/\/superseeds.dk\/se\/wp-json\/wp\/v2\/product_tag?post=54011"}],"curies":[{"name":"wp","href":"https:\/\/api.w.org\/{rel}","templated":true}]}}