{"id":53924,"date":"2025-01-30T21:49:55","date_gmt":"2025-01-30T20:49:55","guid":{"rendered":"https:\/\/superseeds.dk\/vare\/integra-boost-1-pakke-67-gr-rh-55\/"},"modified":"2025-01-30T21:49:59","modified_gmt":"2025-01-30T20:49:59","slug":"integra-boost-1-pakke-67-gr-rh-55","status":"publish","type":"product","link":"https:\/\/superseeds.dk\/se\/produkt\/integra-boost-1-pakke-67-gr-rh-55\/","title":{"rendered":"55% Integra Boost"},"content":{"rendered":"<h2><span style=\"font-weight: 400;\">Slip af med bekymringen om for h\u00f8j eller for lav fugtighed med Integra Boost<\/span><\/h2>\n<p><span style=\"font-weight: 400;\">Med Integra Boost 55% 2 way Humidity pack er det slut med at bekymre sig om for h\u00f8j eller for lav fugtighed i dit opbevaringsrum. Disse humidity packs kan enten frig\u00f8re eller absorbere fugt, alt efter behov, for at sikre det optimale milj\u00f8 for dit produkt. De er 100% saltfrie, s\u00e5 du beh\u00f8ver ikke bekymre dig om, at de vil \u00e6ndre smagen af \u200b\u200bdine planter eller sj\u00e6ldne cigarer.<\/span><\/p>\n<h3><span style=\"font-weight: 400;\">Nem at bruge og genanvendelig: Integra Boost 55% er den perfekte l\u00f8sning til dit opbevaringsbehov<\/span><\/h3>\n<p><span style=\"font-weight: 400;\">Produktet tilpasser sig det milj\u00f8, de er placeret i, hvilket skaber optimale fugtniveauer med minimal arbejde. Integra Boost 55% Humidity pack 4g kan klare op til 14g materiale\/produkt, 8g kan klare op til 30g materiale\/produkt, og 67g kan klare op til 450g materiale\/produkt.<\/span><\/p>\n<p>&nbsp;<\/p>\n<ul>\n<li style=\"font-weight: 400;\" aria-level=\"1\"><span style=\"font-weight: 400;\">Humidity pack 4g kan klare op til 14g materiale\/produkt<\/span><\/li>\n<li style=\"font-weight: 400;\" aria-level=\"1\"><span style=\"font-weight: 400;\">Humidity pack 8g kan klare op til 30g materiale\/produkt<\/span><\/li>\n<li style=\"font-weight: 400;\" aria-level=\"1\"><span style=\"font-weight: 400;\">Humidity pack 67g kan klare op til 450g materiale\/produkt<\/span><\/li>\n<\/ul>\n<h3><span style=\"font-weight: 400;\">FDA-Godkendte og bionedbrydelige<\/span><\/h3>\n<p><span style=\"font-weight: 400;\">Alle disse produkter er FDA-godkendte, spildresistente, bionedbrydelige og ikke-giftige. Hver pakke indeholder et h\u00e5ndfrit erstatnings indikatorkort. N\u00e5r prikken p\u00e5 kortet bliver lysebl\u00e5, er det tid til at erstatte din pakke. Integra Boost 55% 2 way Humidity pack opretholder en fugtighed p\u00e5 55% for optimal opbevaring af dit materiale eller produkt. F\u00e5s i tre varianter, 4g, 8g eller 67g. Absorberer fugt efter behov, s\u00e5 du kan v\u00e6re sikker p\u00e5, at dit materiale altid opbevares i det optimale milj\u00f8.<\/span><\/p>\n<h3><span style=\"font-weight: 400;\">K\u00f8b din Integra Boost 55% 2-way Humidity Pack her hos os<\/span><\/h3>\n<p><span style=\"font-weight: 400;\">Det betyder alt for os, at vores kunder f\u00e5r en god oplevelse. Derfor arbejder vi altid m\u00e5lrettet mod at have hurtige leveringstider, samt altid at st\u00e5 til r\u00e5dighed. Har du sp\u00f8rgsm\u00e5l, s\u00e5 er du alts\u00e5 med andre ord altid velkommen til at kontakte os.<\/span><\/p>\n<div>\n<h1>Humidity pack 4g, 8g og 67g, 62%<\/h1>\n<div>\n<p>2 way Humidity pack er en luft fugtigheds kontrolteknologi som responderer p\u00e5 det milj\u00f8, du placerer det i \u2013 enten frig\u00f8r eller absorberer fugt efter behov for at sikre det optimale milj\u00f8. Desuden er de 100% saltfrie \u2013 s\u00e5 de ikke \u00e6ndrer smagen af \u200b\u200bdine spirekasser, cannabis eller sj\u00e6ldne cigarer \u2013 og er lavet med godkendt bl\u00e6k. Uanset om du bor ved en fugtig kyst eller i en afsides \u00f8rken, virker produkterne og tilpasser sig det milj\u00f8 de er placeret i, hvilket skaber optimale fugtniveauer med minimal arbejde.<\/p>\n<\/div>\n<\/div>\n<ul>\n<li><strong>Humidity pack 4g kan klare op til 14g materiale\/produkt<\/strong><\/li>\n<li><strong>Humidity pack 8g kan klare op til 30g materiale\/produkt<br \/>\n<\/strong><\/li>\n<li><b>Humidity pack 67g kan klare op til 450g materiale\/produkt<\/b><\/li>\n<\/ul>\n<p><b>Information:<\/b><\/p>\n<ul>\n<li>Alle disse produkter er FDA-godkendte, spild resistente, bionedbrydelige og ikke-giftige.<\/li>\n<li>Hver pakke indeholder et h\u00e5ndfrit erstatnings indikatorkort. N\u00e5r prikken p\u00e5 kortet bliver lysebl\u00e5, er det tid til at erstatte din pakke.<\/li>\n<li>2 way Humidity pack 62%<\/li>\n<li>F\u00e5s i tre varianter 4g, 8g eller 67g<\/li>\n<li>Absorberer fugt efter behov<\/li>\n<\/ul>\n<p>&nbsp;<\/p>\n<p><span style=\"font-weight: 400;\">Du kan kontakta oss via telefon p\u00e5 24 79 80 80 80 eller via v\u00e5r <a href=\"\/kontakt\">kontaktsida<\/a>. Vi ser fram emot att h\u00f6ra fr\u00e5n dig!<\/span><\/p>","protected":false},"excerpt":{"rendered":"<p><span style=\"font-weight: 400;\">Denne <strong>55% Integra Boost 2-Way Humidity pack<\/strong> kan enten absorbere fugt eller frig\u00f8re fugt efter dit behov. Derudover er dette produkt <strong>100% saltfrie<\/strong>, hvilket g\u00f8r, at det ikke p\u00e5virker smagen p\u00e5 dine cigarer\/planter.<\/span><\/p>\n<p><span style=\"font-weight: 400;\">Pakken tilpasser sig fuldst\u00e6ndigt det milj\u00f8, som den st\u00e5r i, hvilket minimerer fugt arbejdet og skaber et bedre udbytte.<\/span><\/p>\n<p><b>M\u00e6ngde guide:<\/b><\/p>\n<ul>\n<li style=\"font-weight: 400;\" aria-level=\"1\"><span style=\"font-weight: 400;\">Humidity pack 4g klarer op til 14g materiale\/produkt<\/span><\/li>\n<li style=\"font-weight: 400;\" aria-level=\"1\"><span style=\"font-weight: 400;\">Humidity pack 8g klarer op til 30g materiale\/produkt<\/span><\/li>\n<li style=\"font-weight: 400;\" aria-level=\"1\"><span style=\"font-weight: 400;\">Humidity pack 67g klarer op til 450g materiale\/produkt<\/span><\/li>\n<\/ul>","protected":false},"featured_media":53929,"template":"","meta":{"_acf_changed":false},"product_brand":[],"product_cat":[1817,1798],"product_tag":[],"class_list":{"0":"post-53924","1":"product","2":"type-product","3":"status-publish","4":"has-post-thumbnail","6":"product_cat-bovedaintegra","7":"product_cat-efterbehandling","8":"pa_gram-4-g","9":"pa_gram-67-g","10":"pa_gram-8-g","12":"first","13":"onbackorder","14":"taxable","15":"shipping-taxable","16":"purchasable","17":"product-type-variable","18":"wvs-archive-product-wrapper"},"acf":[],"yoast_head":"<!-- This site is optimized with the Yoast SEO plugin v26.9 - https:\/\/yoast.com\/product\/yoast-seo-wordpress\/ -->\n<title>55% Integra Boost - Superseeds.dk<\/title>\n<meta name=\"robots\" content=\"index, follow, max-snippet:-1, max-image-preview:large, max-video-preview:-1\" \/>\n<link rel=\"canonical\" href=\"https:\/\/superseeds.dk\/se\/produkt\/integra-boost-1-pakke-67-gr-rh-55\/\" \/>\n<meta property=\"og:locale\" content=\"sv_SE\" \/>\n<meta property=\"og:type\" content=\"article\" \/>\n<meta property=\"og:title\" content=\"55% Integra Boost - Superseeds.dk\" \/>\n<meta property=\"og:description\" content=\"Denne 55% Integra Boost 2-Way Humidity pack kan enten absorbere fugt eller frig\u00f8re fugt efter dit behov. Derudover er dette produkt 100% saltfrie, hvilket g\u00f8r, at det ikke p\u00e5virker smagen p\u00e5 dine cigarer\/planter.  Pakken tilpasser sig fuldst\u00e6ndigt det milj\u00f8, som den st\u00e5r i, hvilket minimerer fugt arbejdet og skaber et bedre udbytte.  M\u00e6ngde guide:   Humidity pack 4g klarer op til 14g materiale\/produkt  Humidity pack 8g klarer op til 30g materiale\/produkt  Humidity pack 67g klarer op til 450g materiale\/produkt\" \/>\n<meta property=\"og:url\" content=\"https:\/\/superseeds.dk\/se\/produkt\/integra-boost-1-pakke-67-gr-rh-55\/\" \/>\n<meta property=\"og:site_name\" content=\"Superseeds.dk\" \/>\n<meta property=\"article:modified_time\" content=\"2025-01-30T20:49:59+00:00\" \/>\n<meta property=\"og:image\" content=\"https:\/\/super-seeds.se\/wp-content\/uploads\/2025\/01\/55-Integra-Boost.png\" \/>\n\t<meta property=\"og:image:width\" content=\"1080\" \/>\n\t<meta property=\"og:image:height\" content=\"1080\" \/>\n\t<meta property=\"og:image:type\" content=\"image\/png\" \/>\n<meta name=\"twitter:card\" content=\"summary_large_image\" \/>\n<meta name=\"twitter:label1\" content=\"Ber\u00e4knad l\u00e4stid\" \/>\n\t<meta name=\"twitter:data1\" content=\"3 minuter\" \/>\n<script type=\"application\/ld+json\" class=\"yoast-schema-graph\">{\"@context\":\"https:\/\/schema.org\",\"@graph\":[{\"@type\":\"WebPage\",\"@id\":\"https:\/\/superseeds.dk\/vare\/integra-boost-1-pakke-67-gr-rh-55\/\",\"url\":\"https:\/\/superseeds.dk\/vare\/integra-boost-1-pakke-67-gr-rh-55\/\",\"name\":\"55% Integra Boost - Superseeds.dk\",\"isPartOf\":{\"@id\":\"https:\/\/super-seeds.se\/#website\"},\"primaryImageOfPage\":{\"@id\":\"https:\/\/superseeds.dk\/vare\/integra-boost-1-pakke-67-gr-rh-55\/#primaryimage\"},\"image\":{\"@id\":\"https:\/\/superseeds.dk\/vare\/integra-boost-1-pakke-67-gr-rh-55\/#primaryimage\"},\"thumbnailUrl\":\"https:\/\/superseeds.dk\/wp-content\/uploads\/2025\/01\/55-Integra-Boost.png\",\"datePublished\":\"2025-01-30T20:49:55+00:00\",\"dateModified\":\"2025-01-30T20:49:59+00:00\",\"breadcrumb\":{\"@id\":\"https:\/\/superseeds.dk\/vare\/integra-boost-1-pakke-67-gr-rh-55\/#breadcrumb\"},\"inLanguage\":\"sv-SE\",\"potentialAction\":[{\"@type\":\"ReadAction\",\"target\":[\"https:\/\/superseeds.dk\/vare\/integra-boost-1-pakke-67-gr-rh-55\/\"]}]},{\"@type\":\"ImageObject\",\"inLanguage\":\"sv-SE\",\"@id\":\"https:\/\/superseeds.dk\/vare\/integra-boost-1-pakke-67-gr-rh-55\/#primaryimage\",\"url\":\"https:\/\/superseeds.dk\/wp-content\/uploads\/2025\/01\/55-Integra-Boost.png\",\"contentUrl\":\"https:\/\/superseeds.dk\/wp-content\/uploads\/2025\/01\/55-Integra-Boost.png\",\"width\":1080,\"height\":1080},{\"@type\":\"BreadcrumbList\",\"@id\":\"https:\/\/superseeds.dk\/vare\/integra-boost-1-pakke-67-gr-rh-55\/#breadcrumb\",\"itemListElement\":[{\"@type\":\"ListItem\",\"position\":1,\"name\":\"Hjem\",\"item\":\"https:\/\/superseeds.dk\/\"},{\"@type\":\"ListItem\",\"position\":2,\"name\":\"Shop\",\"item\":\"https:\/\/superseeds.dk\/no\/butikk\/\"},{\"@type\":\"ListItem\",\"position\":3,\"name\":\"55% Integra Boost\"}]},{\"@type\":\"WebSite\",\"@id\":\"https:\/\/super-seeds.se\/#website\",\"url\":\"https:\/\/super-seeds.se\/\",\"name\":\"Superseeds.dk\",\"description\":\"\",\"publisher\":{\"@id\":\"https:\/\/super-seeds.se\/#organization\"},\"potentialAction\":[{\"@type\":\"SearchAction\",\"target\":{\"@type\":\"EntryPoint\",\"urlTemplate\":\"https:\/\/super-seeds.se\/?s={search_term_string}\"},\"query-input\":{\"@type\":\"PropertyValueSpecification\",\"valueRequired\":true,\"valueName\":\"search_term_string\"}}],\"inLanguage\":\"sv-SE\"},{\"@type\":\"Organization\",\"@id\":\"https:\/\/super-seeds.se\/#organization\",\"name\":\"Superseeds.dk\",\"url\":\"https:\/\/super-seeds.se\/\",\"logo\":{\"@type\":\"ImageObject\",\"inLanguage\":\"sv-SE\",\"@id\":\"https:\/\/super-seeds.se\/#\/schema\/logo\/image\/\",\"url\":\"https:\/\/superseeds.dk\/wp-content\/uploads\/2025\/09\/logo-superseeds.png\",\"contentUrl\":\"https:\/\/superseeds.dk\/wp-content\/uploads\/2025\/09\/logo-superseeds.png\",\"width\":180,\"height\":160,\"caption\":\"Superseeds.dk\"},\"image\":{\"@id\":\"https:\/\/super-seeds.se\/#\/schema\/logo\/image\/\"}}]}<\/script>\n<!-- \/ Yoast SEO plugin. -->","yoast_head_json":{"title":"55% Integra Boost - Superseeds.dk","robots":{"index":"index","follow":"follow","max-snippet":"max-snippet:-1","max-image-preview":"max-image-preview:large","max-video-preview":"max-video-preview:-1"},"canonical":"https:\/\/superseeds.dk\/se\/produkt\/integra-boost-1-pakke-67-gr-rh-55\/","og_locale":"sv_SE","og_type":"article","og_title":"55% Integra Boost - Superseeds.dk","og_description":"Denne 55% Integra Boost 2-Way Humidity pack kan enten absorbere fugt eller frig\u00f8re fugt efter dit behov. Derudover er dette produkt 100% saltfrie, hvilket g\u00f8r, at det ikke p\u00e5virker smagen p\u00e5 dine cigarer\/planter.  Pakken tilpasser sig fuldst\u00e6ndigt det milj\u00f8, som den st\u00e5r i, hvilket minimerer fugt arbejdet og skaber et bedre udbytte.  M\u00e6ngde guide:   Humidity pack 4g klarer op til 14g materiale\/produkt  Humidity pack 8g klarer op til 30g materiale\/produkt  Humidity pack 67g klarer op til 450g materiale\/produkt","og_url":"https:\/\/superseeds.dk\/se\/produkt\/integra-boost-1-pakke-67-gr-rh-55\/","og_site_name":"Superseeds.dk","article_modified_time":"2025-01-30T20:49:59+00:00","og_image":[{"width":1080,"height":1080,"url":"https:\/\/super-seeds.se\/wp-content\/uploads\/2025\/01\/55-Integra-Boost.png","type":"image\/png"}],"twitter_card":"summary_large_image","twitter_misc":{"Ber\u00e4knad l\u00e4stid":"3 minuter"},"schema":{"@context":"https:\/\/schema.org","@graph":[{"@type":"WebPage","@id":"https:\/\/superseeds.dk\/vare\/integra-boost-1-pakke-67-gr-rh-55\/","url":"https:\/\/superseeds.dk\/vare\/integra-boost-1-pakke-67-gr-rh-55\/","name":"55% Integra Boost - Superseeds.dk","isPartOf":{"@id":"https:\/\/super-seeds.se\/#website"},"primaryImageOfPage":{"@id":"https:\/\/superseeds.dk\/vare\/integra-boost-1-pakke-67-gr-rh-55\/#primaryimage"},"image":{"@id":"https:\/\/superseeds.dk\/vare\/integra-boost-1-pakke-67-gr-rh-55\/#primaryimage"},"thumbnailUrl":"https:\/\/superseeds.dk\/wp-content\/uploads\/2025\/01\/55-Integra-Boost.png","datePublished":"2025-01-30T20:49:55+00:00","dateModified":"2025-01-30T20:49:59+00:00","breadcrumb":{"@id":"https:\/\/superseeds.dk\/vare\/integra-boost-1-pakke-67-gr-rh-55\/#breadcrumb"},"inLanguage":"sv-SE","potentialAction":[{"@type":"ReadAction","target":["https:\/\/superseeds.dk\/vare\/integra-boost-1-pakke-67-gr-rh-55\/"]}]},{"@type":"ImageObject","inLanguage":"sv-SE","@id":"https:\/\/superseeds.dk\/vare\/integra-boost-1-pakke-67-gr-rh-55\/#primaryimage","url":"https:\/\/superseeds.dk\/wp-content\/uploads\/2025\/01\/55-Integra-Boost.png","contentUrl":"https:\/\/superseeds.dk\/wp-content\/uploads\/2025\/01\/55-Integra-Boost.png","width":1080,"height":1080},{"@type":"BreadcrumbList","@id":"https:\/\/superseeds.dk\/vare\/integra-boost-1-pakke-67-gr-rh-55\/#breadcrumb","itemListElement":[{"@type":"ListItem","position":1,"name":"Hjem","item":"https:\/\/superseeds.dk\/"},{"@type":"ListItem","position":2,"name":"Shop","item":"https:\/\/superseeds.dk\/no\/butikk\/"},{"@type":"ListItem","position":3,"name":"55% Integra Boost"}]},{"@type":"WebSite","@id":"https:\/\/super-seeds.se\/#website","url":"https:\/\/super-seeds.se\/","name":"Superseeds.com","description":"","publisher":{"@id":"https:\/\/super-seeds.se\/#organization"},"potentialAction":[{"@type":"SearchAction","target":{"@type":"EntryPoint","urlTemplate":"https:\/\/super-seeds.se\/?s={search_term_string}"},"query-input":{"@type":"PropertyValueSpecification","valueRequired":true,"valueName":"search_term_string"}}],"inLanguage":"sv-SE"},{"@type":"Organization","@id":"https:\/\/super-seeds.se\/#organization","name":"Superseeds.com","url":"https:\/\/super-seeds.se\/","logo":{"@type":"ImageObject","inLanguage":"sv-SE","@id":"https:\/\/super-seeds.se\/#\/schema\/logo\/image\/","url":"https:\/\/superseeds.dk\/wp-content\/uploads\/2025\/09\/logo-superseeds.png","contentUrl":"https:\/\/superseeds.dk\/wp-content\/uploads\/2025\/09\/logo-superseeds.png","width":180,"height":160,"caption":"Superseeds.dk"},"image":{"@id":"https:\/\/super-seeds.se\/#\/schema\/logo\/image\/"}}]}},"df_price":8.95,"df_sale_price":"","df_regular_price":8.95,"df_image_link":"https:\/\/superseeds.dk\/wp-content\/uploads\/2025\/01\/55-Integra-Boost-1024x1024.png","_links":{"self":[{"href":"https:\/\/superseeds.dk\/se\/wp-json\/wp\/v2\/product\/53924","targetHints":{"allow":["GET"]}}],"collection":[{"href":"https:\/\/superseeds.dk\/se\/wp-json\/wp\/v2\/product"}],"about":[{"href":"https:\/\/superseeds.dk\/se\/wp-json\/wp\/v2\/types\/product"}],"wp:featuredmedia":[{"embeddable":true,"href":"https:\/\/superseeds.dk\/se\/wp-json\/wp\/v2\/media\/53929"}],"wp:attachment":[{"href":"https:\/\/superseeds.dk\/se\/wp-json\/wp\/v2\/media?parent=53924"}],"wp:term":[{"taxonomy":"product_brand","embeddable":true,"href":"https:\/\/superseeds.dk\/se\/wp-json\/wp\/v2\/product_brand?post=53924"},{"taxonomy":"product_cat","embeddable":true,"href":"https:\/\/superseeds.dk\/se\/wp-json\/wp\/v2\/product_cat?post=53924"},{"taxonomy":"product_tag","embeddable":true,"href":"https:\/\/superseeds.dk\/se\/wp-json\/wp\/v2\/product_tag?post=53924"}],"curies":[{"name":"wp","href":"https:\/\/api.w.org\/{rel}","templated":true}]}}