{"id":53899,"date":"2025-01-30T21:49:34","date_gmt":"2025-01-30T20:49:34","guid":{"rendered":"https:\/\/superseeds.dk\/vare\/ona-breeze-fan-for-ona-gel\/"},"modified":"2025-01-30T21:49:38","modified_gmt":"2025-01-30T20:49:38","slug":"ona-breeze-fan-for-ona-gel","status":"publish","type":"product","link":"https:\/\/superseeds.dk\/se\/produkt\/ona-breeze-fan-for-ona-gel\/","title":{"rendered":"Ona Breeze - passar ona gel 4l"},"content":{"rendered":"<p>S\u00f8rge for en dejlig frisk duft!<\/p>","protected":false},"excerpt":{"rendered":"<p>Neutraliser lugt effektivt med ONA Breeze<br \/>\nBreeze-bl\u00e6seren kan indstilles med h\u00f8j og lav hastighed og kombineret med ONA Gel, giver den effektiv ugtneutralisering til grorum p\u00e5 op til op til\u00a0 166 kvadratmeter.<\/p>","protected":false},"featured_media":53902,"template":"","meta":{"_acf_changed":false},"product_brand":[],"product_cat":[1798,1815,1824,1823,1825],"product_tag":[],"class_list":{"0":"post-53899","1":"product","2":"type-product","3":"status-publish","4":"has-post-thumbnail","6":"product_cat-efterbehandling","7":"product_cat-groudstyr","8":"product_cat-klima","9":"product_cat-lugtfjerner","10":"product_cat-ona-lugtkontrol","12":"first","13":"onbackorder","14":"taxable","15":"shipping-taxable","16":"purchasable","17":"product-type-simple"},"acf":[],"yoast_head":"<!-- This site is optimized with the Yoast SEO plugin v26.9 - https:\/\/yoast.com\/product\/yoast-seo-wordpress\/ -->\n<title>Ona Breeze - passer til ona gel 4l - Superseeds.dk<\/title>\n<meta name=\"robots\" content=\"index, follow, max-snippet:-1, max-image-preview:large, max-video-preview:-1\" \/>\n<link rel=\"canonical\" href=\"https:\/\/superseeds.dk\/se\/produkt\/ona-breeze-fan-for-ona-gel\/\" \/>\n<meta property=\"og:locale\" content=\"sv_SE\" \/>\n<meta property=\"og:type\" content=\"article\" \/>\n<meta property=\"og:title\" content=\"Ona Breeze - passer til ona gel 4l - Superseeds.dk\" \/>\n<meta property=\"og:description\" content=\"Neutraliser lugt effektivt med ONA Breeze Breeze-bl\u00e6seren kan indstilles med h\u00f8j og lav hastighed og kombineret med ONA Gel, giver den effektiv ugtneutralisering til grorum p\u00e5 op til op til\u00a0 166 kvadratmeter.\" \/>\n<meta property=\"og:url\" content=\"https:\/\/superseeds.dk\/se\/produkt\/ona-breeze-fan-for-ona-gel\/\" \/>\n<meta property=\"og:site_name\" content=\"Superseeds.dk\" \/>\n<meta property=\"article:modified_time\" content=\"2025-01-30T20:49:38+00:00\" \/>\n<meta property=\"og:image\" content=\"https:\/\/super-seeds.se\/wp-content\/uploads\/2025\/01\/Ona-Breeze-\u2013-passer-til-ona-gel-4l.png\" \/>\n\t<meta property=\"og:image:width\" content=\"1080\" \/>\n\t<meta property=\"og:image:height\" content=\"1080\" \/>\n\t<meta property=\"og:image:type\" content=\"image\/png\" \/>\n<meta name=\"twitter:card\" content=\"summary_large_image\" \/>\n<script type=\"application\/ld+json\" class=\"yoast-schema-graph\">{\"@context\":\"https:\/\/schema.org\",\"@graph\":[{\"@type\":\"WebPage\",\"@id\":\"https:\/\/superseeds.dk\/vare\/ona-breeze-fan-for-ona-gel\/\",\"url\":\"https:\/\/superseeds.dk\/vare\/ona-breeze-fan-for-ona-gel\/\",\"name\":\"Ona Breeze - passer til ona gel 4l - Superseeds.dk\",\"isPartOf\":{\"@id\":\"https:\/\/super-seeds.se\/#website\"},\"primaryImageOfPage\":{\"@id\":\"https:\/\/superseeds.dk\/vare\/ona-breeze-fan-for-ona-gel\/#primaryimage\"},\"image\":{\"@id\":\"https:\/\/superseeds.dk\/vare\/ona-breeze-fan-for-ona-gel\/#primaryimage\"},\"thumbnailUrl\":\"https:\/\/superseeds.dk\/wp-content\/uploads\/2025\/01\/Ona-Breeze-\u2013-passer-til-ona-gel-4l.png\",\"datePublished\":\"2025-01-30T20:49:34+00:00\",\"dateModified\":\"2025-01-30T20:49:38+00:00\",\"breadcrumb\":{\"@id\":\"https:\/\/superseeds.dk\/vare\/ona-breeze-fan-for-ona-gel\/#breadcrumb\"},\"inLanguage\":\"sv-SE\",\"potentialAction\":[{\"@type\":\"ReadAction\",\"target\":[\"https:\/\/superseeds.dk\/vare\/ona-breeze-fan-for-ona-gel\/\"]}]},{\"@type\":\"ImageObject\",\"inLanguage\":\"sv-SE\",\"@id\":\"https:\/\/superseeds.dk\/vare\/ona-breeze-fan-for-ona-gel\/#primaryimage\",\"url\":\"https:\/\/superseeds.dk\/wp-content\/uploads\/2025\/01\/Ona-Breeze-\u2013-passer-til-ona-gel-4l.png\",\"contentUrl\":\"https:\/\/superseeds.dk\/wp-content\/uploads\/2025\/01\/Ona-Breeze-\u2013-passer-til-ona-gel-4l.png\",\"width\":1080,\"height\":1080},{\"@type\":\"BreadcrumbList\",\"@id\":\"https:\/\/superseeds.dk\/vare\/ona-breeze-fan-for-ona-gel\/#breadcrumb\",\"itemListElement\":[{\"@type\":\"ListItem\",\"position\":1,\"name\":\"Hjem\",\"item\":\"https:\/\/superseeds.dk\/\"},{\"@type\":\"ListItem\",\"position\":2,\"name\":\"Shop\",\"item\":\"https:\/\/superseeds.dk\/no\/butikk\/\"},{\"@type\":\"ListItem\",\"position\":3,\"name\":\"Ona Breeze &#8211; passer til ona gel 4l\"}]},{\"@type\":\"WebSite\",\"@id\":\"https:\/\/super-seeds.se\/#website\",\"url\":\"https:\/\/super-seeds.se\/\",\"name\":\"Superseeds.dk\",\"description\":\"\",\"publisher\":{\"@id\":\"https:\/\/super-seeds.se\/#organization\"},\"potentialAction\":[{\"@type\":\"SearchAction\",\"target\":{\"@type\":\"EntryPoint\",\"urlTemplate\":\"https:\/\/super-seeds.se\/?s={search_term_string}\"},\"query-input\":{\"@type\":\"PropertyValueSpecification\",\"valueRequired\":true,\"valueName\":\"search_term_string\"}}],\"inLanguage\":\"sv-SE\"},{\"@type\":\"Organization\",\"@id\":\"https:\/\/super-seeds.se\/#organization\",\"name\":\"Superseeds.dk\",\"url\":\"https:\/\/super-seeds.se\/\",\"logo\":{\"@type\":\"ImageObject\",\"inLanguage\":\"sv-SE\",\"@id\":\"https:\/\/super-seeds.se\/#\/schema\/logo\/image\/\",\"url\":\"https:\/\/superseeds.dk\/wp-content\/uploads\/2025\/09\/logo-superseeds.png\",\"contentUrl\":\"https:\/\/superseeds.dk\/wp-content\/uploads\/2025\/09\/logo-superseeds.png\",\"width\":180,\"height\":160,\"caption\":\"Superseeds.dk\"},\"image\":{\"@id\":\"https:\/\/super-seeds.se\/#\/schema\/logo\/image\/\"}}]}<\/script>\n<!-- \/ Yoast SEO plugin. -->","yoast_head_json":{"title":"Ona Breeze - passer til ona gel 4l - Superseeds.dk","robots":{"index":"index","follow":"follow","max-snippet":"max-snippet:-1","max-image-preview":"max-image-preview:large","max-video-preview":"max-video-preview:-1"},"canonical":"https:\/\/superseeds.dk\/se\/produkt\/ona-breeze-fan-for-ona-gel\/","og_locale":"sv_SE","og_type":"article","og_title":"Ona Breeze - passer til ona gel 4l - Superseeds.dk","og_description":"Neutraliser lugt effektivt med ONA Breeze Breeze-bl\u00e6seren kan indstilles med h\u00f8j og lav hastighed og kombineret med ONA Gel, giver den effektiv ugtneutralisering til grorum p\u00e5 op til op til\u00a0 166 kvadratmeter.","og_url":"https:\/\/superseeds.dk\/se\/produkt\/ona-breeze-fan-for-ona-gel\/","og_site_name":"Superseeds.dk","article_modified_time":"2025-01-30T20:49:38+00:00","og_image":[{"width":1080,"height":1080,"url":"https:\/\/super-seeds.se\/wp-content\/uploads\/2025\/01\/Ona-Breeze-\u2013-passer-til-ona-gel-4l.png","type":"image\/png"}],"twitter_card":"summary_large_image","schema":{"@context":"https:\/\/schema.org","@graph":[{"@type":"WebPage","@id":"https:\/\/superseeds.dk\/vare\/ona-breeze-fan-for-ona-gel\/","url":"https:\/\/superseeds.dk\/vare\/ona-breeze-fan-for-ona-gel\/","name":"Ona Breeze - passer til ona gel 4l - Superseeds.dk","isPartOf":{"@id":"https:\/\/super-seeds.se\/#website"},"primaryImageOfPage":{"@id":"https:\/\/superseeds.dk\/vare\/ona-breeze-fan-for-ona-gel\/#primaryimage"},"image":{"@id":"https:\/\/superseeds.dk\/vare\/ona-breeze-fan-for-ona-gel\/#primaryimage"},"thumbnailUrl":"https:\/\/superseeds.dk\/wp-content\/uploads\/2025\/01\/Ona-Breeze-\u2013-passer-til-ona-gel-4l.png","datePublished":"2025-01-30T20:49:34+00:00","dateModified":"2025-01-30T20:49:38+00:00","breadcrumb":{"@id":"https:\/\/superseeds.dk\/vare\/ona-breeze-fan-for-ona-gel\/#breadcrumb"},"inLanguage":"sv-SE","potentialAction":[{"@type":"ReadAction","target":["https:\/\/superseeds.dk\/vare\/ona-breeze-fan-for-ona-gel\/"]}]},{"@type":"ImageObject","inLanguage":"sv-SE","@id":"https:\/\/superseeds.dk\/vare\/ona-breeze-fan-for-ona-gel\/#primaryimage","url":"https:\/\/superseeds.dk\/wp-content\/uploads\/2025\/01\/Ona-Breeze-\u2013-passer-til-ona-gel-4l.png","contentUrl":"https:\/\/superseeds.dk\/wp-content\/uploads\/2025\/01\/Ona-Breeze-\u2013-passer-til-ona-gel-4l.png","width":1080,"height":1080},{"@type":"BreadcrumbList","@id":"https:\/\/superseeds.dk\/vare\/ona-breeze-fan-for-ona-gel\/#breadcrumb","itemListElement":[{"@type":"ListItem","position":1,"name":"Hjem","item":"https:\/\/superseeds.dk\/"},{"@type":"ListItem","position":2,"name":"Shop","item":"https:\/\/superseeds.dk\/no\/butikk\/"},{"@type":"ListItem","position":3,"name":"Ona Breeze &#8211; passer til ona gel 4l"}]},{"@type":"WebSite","@id":"https:\/\/super-seeds.se\/#website","url":"https:\/\/super-seeds.se\/","name":"Superseeds.com","description":"","publisher":{"@id":"https:\/\/super-seeds.se\/#organization"},"potentialAction":[{"@type":"SearchAction","target":{"@type":"EntryPoint","urlTemplate":"https:\/\/super-seeds.se\/?s={search_term_string}"},"query-input":{"@type":"PropertyValueSpecification","valueRequired":true,"valueName":"search_term_string"}}],"inLanguage":"sv-SE"},{"@type":"Organization","@id":"https:\/\/super-seeds.se\/#organization","name":"Superseeds.com","url":"https:\/\/super-seeds.se\/","logo":{"@type":"ImageObject","inLanguage":"sv-SE","@id":"https:\/\/super-seeds.se\/#\/schema\/logo\/image\/","url":"https:\/\/superseeds.dk\/wp-content\/uploads\/2025\/09\/logo-superseeds.png","contentUrl":"https:\/\/superseeds.dk\/wp-content\/uploads\/2025\/09\/logo-superseeds.png","width":180,"height":160,"caption":"Superseeds.dk"},"image":{"@id":"https:\/\/super-seeds.se\/#\/schema\/logo\/image\/"}}]}},"df_price":495,"df_sale_price":"","df_regular_price":495,"df_image_link":"https:\/\/superseeds.dk\/wp-content\/uploads\/2025\/01\/Ona-Breeze-\u2013-passer-til-ona-gel-4l-1024x1024.png","_links":{"self":[{"href":"https:\/\/superseeds.dk\/se\/wp-json\/wp\/v2\/product\/53899","targetHints":{"allow":["GET"]}}],"collection":[{"href":"https:\/\/superseeds.dk\/se\/wp-json\/wp\/v2\/product"}],"about":[{"href":"https:\/\/superseeds.dk\/se\/wp-json\/wp\/v2\/types\/product"}],"wp:featuredmedia":[{"embeddable":true,"href":"https:\/\/superseeds.dk\/se\/wp-json\/wp\/v2\/media\/53902"}],"wp:attachment":[{"href":"https:\/\/superseeds.dk\/se\/wp-json\/wp\/v2\/media?parent=53899"}],"wp:term":[{"taxonomy":"product_brand","embeddable":true,"href":"https:\/\/superseeds.dk\/se\/wp-json\/wp\/v2\/product_brand?post=53899"},{"taxonomy":"product_cat","embeddable":true,"href":"https:\/\/superseeds.dk\/se\/wp-json\/wp\/v2\/product_cat?post=53899"},{"taxonomy":"product_tag","embeddable":true,"href":"https:\/\/superseeds.dk\/se\/wp-json\/wp\/v2\/product_tag?post=53899"}],"curies":[{"name":"wp","href":"https:\/\/api.w.org\/{rel}","templated":true}]}}