{"id":53894,"date":"2025-01-30T21:49:32","date_gmt":"2025-01-30T20:49:32","guid":{"rendered":"https:\/\/superseeds.dk\/vare\/zerumpro-spray-silvestra-750ml\/"},"modified":"2025-01-30T21:49:34","modified_gmt":"2025-01-30T20:49:34","slug":"zerumpro-spray-silvestra-750ml","status":"publish","type":"product","link":"https:\/\/superseeds.dk\/se\/produkt\/zerumpro-spray-silvestra-750ml\/","title":{"rendered":"Zerum Pro Spray - 750ml"},"content":{"rendered":"","protected":false},"excerpt":{"rendered":"<p>s\u00e6rdeles effektiv spray der neutralisere lugte<\/p>\n<p>denne velduftende spray er velegnet til brug p\u00e5 lugtende genstande og t\u00f8j<\/p>\n<p>kan nemt og hurtigt sk\u00e6rme lugte omkring dit grorum eller telt<\/p>","protected":false},"featured_media":53898,"template":"","meta":{"_acf_changed":false},"product_brand":[],"product_cat":[1798,1815,1824,1823,1825],"product_tag":[],"class_list":{"0":"post-53894","1":"product","2":"type-product","3":"status-publish","4":"has-post-thumbnail","6":"product_cat-efterbehandling","7":"product_cat-groudstyr","8":"product_cat-klima","9":"product_cat-lugtfjerner","10":"product_cat-ona-lugtkontrol","12":"first","13":"onbackorder","14":"taxable","15":"shipping-taxable","16":"purchasable","17":"product-type-simple"},"acf":[],"yoast_head":"<!-- This site is optimized with the Yoast SEO plugin v26.9 - https:\/\/yoast.com\/product\/yoast-seo-wordpress\/ -->\n<title>Zerum Pro Spray - 750ml - Superseeds.dk<\/title>\n<meta name=\"robots\" content=\"index, follow, max-snippet:-1, max-image-preview:large, max-video-preview:-1\" \/>\n<link rel=\"canonical\" href=\"https:\/\/superseeds.dk\/se\/produkt\/zerumpro-spray-silvestra-750ml\/\" \/>\n<meta property=\"og:locale\" content=\"sv_SE\" \/>\n<meta property=\"og:type\" content=\"article\" \/>\n<meta property=\"og:title\" content=\"Zerum Pro Spray - 750ml - Superseeds.dk\" \/>\n<meta property=\"og:description\" content=\"s\u00e6rdeles effektiv spray der neutralisere lugte  denne velduftende spray er velegnet til brug p\u00e5 lugtende genstande og t\u00f8j  kan nemt og hurtigt sk\u00e6rme lugte omkring dit grorum eller telt\" \/>\n<meta property=\"og:url\" content=\"https:\/\/superseeds.dk\/se\/produkt\/zerumpro-spray-silvestra-750ml\/\" \/>\n<meta property=\"og:site_name\" content=\"Superseeds.dk\" \/>\n<meta property=\"article:modified_time\" content=\"2025-01-30T20:49:34+00:00\" \/>\n<meta property=\"og:image\" content=\"https:\/\/super-seeds.no\/wp-content\/uploads\/2025\/01\/Zerum-Pro-Spray-\u2013-750ml.png\" \/>\n\t<meta property=\"og:image:width\" content=\"1080\" \/>\n\t<meta property=\"og:image:height\" content=\"1080\" \/>\n\t<meta property=\"og:image:type\" content=\"image\/png\" \/>\n<meta name=\"twitter:card\" content=\"summary_large_image\" \/>\n<script type=\"application\/ld+json\" class=\"yoast-schema-graph\">{\"@context\":\"https:\/\/schema.org\",\"@graph\":[{\"@type\":\"WebPage\",\"@id\":\"https:\/\/superseeds.dk\/vare\/zerumpro-spray-silvestra-750ml\/\",\"url\":\"https:\/\/superseeds.dk\/vare\/zerumpro-spray-silvestra-750ml\/\",\"name\":\"Zerum Pro Spray - 750ml - Superseeds.dk\",\"isPartOf\":{\"@id\":\"https:\/\/super-seeds.se\/#website\"},\"primaryImageOfPage\":{\"@id\":\"https:\/\/superseeds.dk\/vare\/zerumpro-spray-silvestra-750ml\/#primaryimage\"},\"image\":{\"@id\":\"https:\/\/superseeds.dk\/vare\/zerumpro-spray-silvestra-750ml\/#primaryimage\"},\"thumbnailUrl\":\"https:\/\/superseeds.dk\/wp-content\/uploads\/2025\/01\/Zerum-Pro-Spray-\u2013-750ml.png\",\"datePublished\":\"2025-01-30T20:49:32+00:00\",\"dateModified\":\"2025-01-30T20:49:34+00:00\",\"breadcrumb\":{\"@id\":\"https:\/\/superseeds.dk\/vare\/zerumpro-spray-silvestra-750ml\/#breadcrumb\"},\"inLanguage\":\"sv-SE\",\"potentialAction\":[{\"@type\":\"ReadAction\",\"target\":[\"https:\/\/superseeds.dk\/vare\/zerumpro-spray-silvestra-750ml\/\"]}]},{\"@type\":\"ImageObject\",\"inLanguage\":\"sv-SE\",\"@id\":\"https:\/\/superseeds.dk\/vare\/zerumpro-spray-silvestra-750ml\/#primaryimage\",\"url\":\"https:\/\/superseeds.dk\/wp-content\/uploads\/2025\/01\/Zerum-Pro-Spray-\u2013-750ml.png\",\"contentUrl\":\"https:\/\/superseeds.dk\/wp-content\/uploads\/2025\/01\/Zerum-Pro-Spray-\u2013-750ml.png\",\"width\":1080,\"height\":1080},{\"@type\":\"BreadcrumbList\",\"@id\":\"https:\/\/superseeds.dk\/vare\/zerumpro-spray-silvestra-750ml\/#breadcrumb\",\"itemListElement\":[{\"@type\":\"ListItem\",\"position\":1,\"name\":\"Hjem\",\"item\":\"https:\/\/superseeds.dk\/\"},{\"@type\":\"ListItem\",\"position\":2,\"name\":\"Shop\",\"item\":\"https:\/\/superseeds.dk\/no\/butikk\/\"},{\"@type\":\"ListItem\",\"position\":3,\"name\":\"Zerum Pro Spray &#8211; 750ml\"}]},{\"@type\":\"WebSite\",\"@id\":\"https:\/\/super-seeds.se\/#website\",\"url\":\"https:\/\/super-seeds.se\/\",\"name\":\"Superseeds.dk\",\"description\":\"\",\"publisher\":{\"@id\":\"https:\/\/super-seeds.se\/#organization\"},\"potentialAction\":[{\"@type\":\"SearchAction\",\"target\":{\"@type\":\"EntryPoint\",\"urlTemplate\":\"https:\/\/super-seeds.se\/?s={search_term_string}\"},\"query-input\":{\"@type\":\"PropertyValueSpecification\",\"valueRequired\":true,\"valueName\":\"search_term_string\"}}],\"inLanguage\":\"sv-SE\"},{\"@type\":\"Organization\",\"@id\":\"https:\/\/super-seeds.se\/#organization\",\"name\":\"Superseeds.dk\",\"url\":\"https:\/\/super-seeds.se\/\",\"logo\":{\"@type\":\"ImageObject\",\"inLanguage\":\"sv-SE\",\"@id\":\"https:\/\/super-seeds.se\/#\/schema\/logo\/image\/\",\"url\":\"https:\/\/superseeds.dk\/wp-content\/uploads\/2025\/09\/logo-superseeds.png\",\"contentUrl\":\"https:\/\/superseeds.dk\/wp-content\/uploads\/2025\/09\/logo-superseeds.png\",\"width\":180,\"height\":160,\"caption\":\"Superseeds.dk\"},\"image\":{\"@id\":\"https:\/\/super-seeds.se\/#\/schema\/logo\/image\/\"}}]}<\/script>\n<!-- \/ Yoast SEO plugin. -->","yoast_head_json":{"title":"Zerum Pro Spray - 750ml - Superseeds.dk","robots":{"index":"index","follow":"follow","max-snippet":"max-snippet:-1","max-image-preview":"max-image-preview:large","max-video-preview":"max-video-preview:-1"},"canonical":"https:\/\/superseeds.dk\/se\/produkt\/zerumpro-spray-silvestra-750ml\/","og_locale":"sv_SE","og_type":"article","og_title":"Zerum Pro Spray - 750ml - Superseeds.dk","og_description":"s\u00e6rdeles effektiv spray der neutralisere lugte  denne velduftende spray er velegnet til brug p\u00e5 lugtende genstande og t\u00f8j  kan nemt og hurtigt sk\u00e6rme lugte omkring dit grorum eller telt","og_url":"https:\/\/superseeds.dk\/se\/produkt\/zerumpro-spray-silvestra-750ml\/","og_site_name":"Superseeds.dk","article_modified_time":"2025-01-30T20:49:34+00:00","og_image":[{"width":1080,"height":1080,"url":"https:\/\/super-seeds.no\/wp-content\/uploads\/2025\/01\/Zerum-Pro-Spray-\u2013-750ml.png","type":"image\/png"}],"twitter_card":"summary_large_image","schema":{"@context":"https:\/\/schema.org","@graph":[{"@type":"WebPage","@id":"https:\/\/superseeds.dk\/vare\/zerumpro-spray-silvestra-750ml\/","url":"https:\/\/superseeds.dk\/vare\/zerumpro-spray-silvestra-750ml\/","name":"Zerum Pro Spray - 750ml - Superseeds.dk","isPartOf":{"@id":"https:\/\/super-seeds.se\/#website"},"primaryImageOfPage":{"@id":"https:\/\/superseeds.dk\/vare\/zerumpro-spray-silvestra-750ml\/#primaryimage"},"image":{"@id":"https:\/\/superseeds.dk\/vare\/zerumpro-spray-silvestra-750ml\/#primaryimage"},"thumbnailUrl":"https:\/\/superseeds.dk\/wp-content\/uploads\/2025\/01\/Zerum-Pro-Spray-\u2013-750ml.png","datePublished":"2025-01-30T20:49:32+00:00","dateModified":"2025-01-30T20:49:34+00:00","breadcrumb":{"@id":"https:\/\/superseeds.dk\/vare\/zerumpro-spray-silvestra-750ml\/#breadcrumb"},"inLanguage":"sv-SE","potentialAction":[{"@type":"ReadAction","target":["https:\/\/superseeds.dk\/vare\/zerumpro-spray-silvestra-750ml\/"]}]},{"@type":"ImageObject","inLanguage":"sv-SE","@id":"https:\/\/superseeds.dk\/vare\/zerumpro-spray-silvestra-750ml\/#primaryimage","url":"https:\/\/superseeds.dk\/wp-content\/uploads\/2025\/01\/Zerum-Pro-Spray-\u2013-750ml.png","contentUrl":"https:\/\/superseeds.dk\/wp-content\/uploads\/2025\/01\/Zerum-Pro-Spray-\u2013-750ml.png","width":1080,"height":1080},{"@type":"BreadcrumbList","@id":"https:\/\/superseeds.dk\/vare\/zerumpro-spray-silvestra-750ml\/#breadcrumb","itemListElement":[{"@type":"ListItem","position":1,"name":"Hjem","item":"https:\/\/superseeds.dk\/"},{"@type":"ListItem","position":2,"name":"Shop","item":"https:\/\/superseeds.dk\/no\/butikk\/"},{"@type":"ListItem","position":3,"name":"Zerum Pro Spray &#8211; 750ml"}]},{"@type":"WebSite","@id":"https:\/\/super-seeds.se\/#website","url":"https:\/\/super-seeds.se\/","name":"Superseeds.com","description":"","publisher":{"@id":"https:\/\/super-seeds.se\/#organization"},"potentialAction":[{"@type":"SearchAction","target":{"@type":"EntryPoint","urlTemplate":"https:\/\/super-seeds.se\/?s={search_term_string}"},"query-input":{"@type":"PropertyValueSpecification","valueRequired":true,"valueName":"search_term_string"}}],"inLanguage":"sv-SE"},{"@type":"Organization","@id":"https:\/\/super-seeds.se\/#organization","name":"Superseeds.com","url":"https:\/\/super-seeds.se\/","logo":{"@type":"ImageObject","inLanguage":"sv-SE","@id":"https:\/\/super-seeds.se\/#\/schema\/logo\/image\/","url":"https:\/\/superseeds.dk\/wp-content\/uploads\/2025\/09\/logo-superseeds.png","contentUrl":"https:\/\/superseeds.dk\/wp-content\/uploads\/2025\/09\/logo-superseeds.png","width":180,"height":160,"caption":"Superseeds.dk"},"image":{"@id":"https:\/\/super-seeds.se\/#\/schema\/logo\/image\/"}}]}},"df_price":115,"df_sale_price":"","df_regular_price":115,"df_image_link":"https:\/\/superseeds.dk\/wp-content\/uploads\/2025\/01\/Zerum-Pro-Spray-\u2013-750ml-1024x1024.png","_links":{"self":[{"href":"https:\/\/superseeds.dk\/se\/wp-json\/wp\/v2\/product\/53894","targetHints":{"allow":["GET"]}}],"collection":[{"href":"https:\/\/superseeds.dk\/se\/wp-json\/wp\/v2\/product"}],"about":[{"href":"https:\/\/superseeds.dk\/se\/wp-json\/wp\/v2\/types\/product"}],"wp:featuredmedia":[{"embeddable":true,"href":"https:\/\/superseeds.dk\/se\/wp-json\/wp\/v2\/media\/53898"}],"wp:attachment":[{"href":"https:\/\/superseeds.dk\/se\/wp-json\/wp\/v2\/media?parent=53894"}],"wp:term":[{"taxonomy":"product_brand","embeddable":true,"href":"https:\/\/superseeds.dk\/se\/wp-json\/wp\/v2\/product_brand?post=53894"},{"taxonomy":"product_cat","embeddable":true,"href":"https:\/\/superseeds.dk\/se\/wp-json\/wp\/v2\/product_cat?post=53894"},{"taxonomy":"product_tag","embeddable":true,"href":"https:\/\/superseeds.dk\/se\/wp-json\/wp\/v2\/product_tag?post=53894"}],"curies":[{"name":"wp","href":"https:\/\/api.w.org\/{rel}","templated":true}]}}