{"id":53743,"date":"2025-01-30T21:47:54","date_gmt":"2025-01-30T20:47:54","guid":{"rendered":"https:\/\/superseeds.dk\/vare\/qnubu-20t-rosin-press\/"},"modified":"2025-01-30T21:47:59","modified_gmt":"2025-01-30T20:47:59","slug":"qnubu-20t-rosin-press","status":"publish","type":"product","link":"https:\/\/superseeds.dk\/se\/produkt\/qnubu-20t-rosin-press\/","title":{"rendered":"Qnubu 20T kolofoniumpress"},"content":{"rendered":"<p><span class=\"tlid-translation translation\" lang=\"da\">Qnubu pr\u00e6senterer denne Rosin presse, en fantastisk enhed, hvorfra man kan f\u00e5 professionelle resultater. Qnubu-firmaet er specialiseret i cannabinoidekstraktionsudstyr, der tilbyder en r\u00e6kke rosinpresser af h\u00f8j kvalitet. Du kan nu finde alt tilbeh\u00f8r og udstyr til at udf\u00f8re dine rosinekstraktioner i vores katalog p\u00e5 Alchimiaweb.<\/span><\/p>\n<p>Denne 20 ton hydrauliske presse giver brugerne mulighed for at f\u00e5 den maksimale mulige harpiks sikkert uden brugte opl\u00f8sningsmidler. Den hurtigt opn\u00e5ede cannabisekstraktion er sikker til konsum med et v\u00e6rdifuldt indhold af terpener og cannabinoider i slutproduktet.<\/p>\n<p>De individuelt opvarmede plader er 12 cm x 12 cm i st\u00f8rrelse, nok til at udtr\u00e6kke et par snesevis af gram i hver procedure. Ved hj\u00e6lp af en klassisk cannabissort kan vi forvente et udbytte p\u00e5 10% og 30% for de mest harpiksholdige planter. For eksempel tilbyder en r\u00e6kke som Karma Genetics Biker Kush imponerende ekstraktionsresultater.<br \/>\nQnubu, professionel kvalitet til dine udvindinger<\/p>\n<p>Temperaturen er justerbar, og den vises p\u00e5 de to enhedssk\u00e6rme. Afl\u00e6sningen er enkel takket v\u00e6re disse klare og pr\u00e6cise digitale sk\u00e6rme. Plader kan opvarmes til 250 \u00b0 C, men vores anbefaling overstiger ikke en temperatur p\u00e5 90 \u00b0 C for at udnytte enheden godt for at opn\u00e5 en optimal og kvalitetsekstraktion.<\/p>\n<p>Qnubu-pressen har en akustisk alarm, der angiver, hvorn\u00e5r trykket skal frig\u00f8res. Timeren kan indstilles til 999 sekunder, men vores anbefaling (p\u00e5 samme m\u00e5de som vi orienterede om temperaturen) ville ikke overstige h\u00f8jst 2 eller 3 minutter.<\/p>\n<p>Trykket p\u00e5f\u00f8res takket v\u00e6re den pumpe, der er placeret p\u00e5 enhedssiden, ogs\u00e5 udstyret med en trykm\u00e5ler, hvor det ud\u00f8vede tryk til enhver tid er kendt. Vi anbefaler dig at anvende trykket gradvist under din udsugning, s\u00e5 posen ikke g\u00e5r i stykker.<br \/>\nQnubu 20 Tons hydraulisk presseinfo:<\/p>\n<p>Rosin Hydraulic Press<br \/>\nTryk: 20 ton<br \/>\nPladest\u00f8rrelse: 12x12cm<br \/>\nTemperatur: 0-250 \u00b0 C<br \/>\nDobbelt temperaturregulering<br \/>\nTimer: 0-999 sekunder<br \/>\nAkustisk alarm<br \/>\n220V europ\u00e6isk forbindelse<br \/>\nStr\u00f8mforbrug: 1200W \/ h<br \/>\nV\u00e6gt: 55 kg<\/p>","protected":false},"excerpt":{"rendered":"<div class=\"text-wrap tlid-copy-target\">\n<div class=\"result-shield-container tlid-copy-target\">\n<p><span class=\"tlid-translation translation\" lang=\"da\">Qnubu pr\u00e6senterer denne Rosin presse, en fantastisk enhed, hvorfra man kan f\u00e5 professionelle resultater. Rosin Qnubu-firmaet er specialiseret i ekstraktionsudstyr, der tilbyder en r\u00e6kke rosinpresser af h\u00f8j kvalitet.<\/span><\/p>\n<p>Denne 20 ton hydrauliske presse giver brugerne mulighed for at f\u00e5 den maksimale mulige harpiks sikkert uden brug af opl\u00f8sningsmidler.<\/p>\n<p>&nbsp;<\/p>\n<\/div>\n<\/div>\n<div class=\"tlid-result-transliteration-container result-transliteration-container transliteration-container\">\n<div class=\"tlid-transliteration-content transliteration-content full\"><\/div>\n<\/div>","protected":false},"featured_media":53758,"template":"","meta":{"_acf_changed":false},"product_brand":[],"product_cat":[1798,1800,1819,1810],"product_tag":[],"class_list":{"0":"post-53743","1":"product","2":"type-product","3":"status-publish","4":"has-post-thumbnail","6":"product_cat-efterbehandling","7":"product_cat-ekstraktion","8":"product_cat-qnubu-rosin-presser","9":"product_cat-rosin-press","10":"pa_pladestoerrelse-12-x-12cm","11":"pa_pladestoerrelse-7-6-x-25cm","13":"first","14":"onbackorder","15":"taxable","16":"shipping-taxable","17":"purchasable","18":"product-type-variable","19":"wvs-archive-product-wrapper"},"acf":[],"yoast_head":"<!-- This site is optimized with the Yoast SEO plugin v26.9 - https:\/\/yoast.com\/product\/yoast-seo-wordpress\/ -->\n<title>Qnubu 20T Rosin press - Superseeds.dk<\/title>\n<meta name=\"robots\" content=\"index, follow, max-snippet:-1, max-image-preview:large, max-video-preview:-1\" \/>\n<link rel=\"canonical\" href=\"https:\/\/super-seeds.no\/vare\/qnubu-20t-rosin-press\/\" \/>\n<meta property=\"og:locale\" content=\"sv_SE\" \/>\n<meta property=\"og:type\" content=\"article\" \/>\n<meta property=\"og:title\" content=\"Qnubu 20T Rosin press - Superseeds.dk\" \/>\n<meta property=\"og:description\" content=\"Qnubu pr\u00e6senterer denne Rosin presse, en fantastisk enhed, hvorfra man kan f\u00e5 professionelle resultater. Rosin Qnubu-firmaet er specialiseret i ekstraktionsudstyr, der tilbyder en r\u00e6kke rosinpresser af h\u00f8j kvalitet.  Denne 20 ton hydrauliske presse giver brugerne mulighed for at f\u00e5 den maksimale mulige harpiks sikkert uden brug af opl\u00f8sningsmidler.  &nbsp;\" \/>\n<meta property=\"og:url\" content=\"https:\/\/super-seeds.no\/vare\/qnubu-20t-rosin-press\/\" \/>\n<meta property=\"og:site_name\" content=\"Superseeds.dk\" \/>\n<meta property=\"article:modified_time\" content=\"2025-01-30T20:47:59+00:00\" \/>\n<meta property=\"og:image\" content=\"https:\/\/super-seeds.no\/wp-content\/uploads\/2025\/01\/Qnubu-20T-Rosin-press.png\" \/>\n\t<meta property=\"og:image:width\" content=\"1080\" \/>\n\t<meta property=\"og:image:height\" content=\"1080\" \/>\n\t<meta property=\"og:image:type\" content=\"image\/png\" \/>\n<meta name=\"twitter:card\" content=\"summary_large_image\" \/>\n<meta name=\"twitter:label1\" content=\"Ber\u00e4knad l\u00e4stid\" \/>\n\t<meta name=\"twitter:data1\" content=\"2 minuter\" \/>\n<script type=\"application\/ld+json\" class=\"yoast-schema-graph\">{\"@context\":\"https:\/\/schema.org\",\"@graph\":[{\"@type\":\"WebPage\",\"@id\":\"https:\/\/super-seeds.no\/vare\/qnubu-20t-rosin-press\/\",\"url\":\"https:\/\/super-seeds.no\/vare\/qnubu-20t-rosin-press\/\",\"name\":\"Qnubu 20T Rosin press - Superseeds.dk\",\"isPartOf\":{\"@id\":\"https:\/\/super-seeds.se\/#website\"},\"primaryImageOfPage\":{\"@id\":\"https:\/\/super-seeds.no\/vare\/qnubu-20t-rosin-press\/#primaryimage\"},\"image\":{\"@id\":\"https:\/\/super-seeds.no\/vare\/qnubu-20t-rosin-press\/#primaryimage\"},\"thumbnailUrl\":\"https:\/\/superseeds.dk\/wp-content\/uploads\/2025\/01\/Qnubu-20T-Rosin-press.png\",\"datePublished\":\"2025-01-30T20:47:54+00:00\",\"dateModified\":\"2025-01-30T20:47:59+00:00\",\"breadcrumb\":{\"@id\":\"https:\/\/super-seeds.no\/vare\/qnubu-20t-rosin-press\/#breadcrumb\"},\"inLanguage\":\"sv-SE\",\"potentialAction\":[{\"@type\":\"ReadAction\",\"target\":[\"https:\/\/super-seeds.no\/vare\/qnubu-20t-rosin-press\/\"]}]},{\"@type\":\"ImageObject\",\"inLanguage\":\"sv-SE\",\"@id\":\"https:\/\/super-seeds.no\/vare\/qnubu-20t-rosin-press\/#primaryimage\",\"url\":\"https:\/\/superseeds.dk\/wp-content\/uploads\/2025\/01\/Qnubu-20T-Rosin-press.png\",\"contentUrl\":\"https:\/\/superseeds.dk\/wp-content\/uploads\/2025\/01\/Qnubu-20T-Rosin-press.png\",\"width\":1080,\"height\":1080},{\"@type\":\"BreadcrumbList\",\"@id\":\"https:\/\/super-seeds.no\/vare\/qnubu-20t-rosin-press\/#breadcrumb\",\"itemListElement\":[{\"@type\":\"ListItem\",\"position\":1,\"name\":\"Hjem\",\"item\":\"https:\/\/superseeds.dk\/\"},{\"@type\":\"ListItem\",\"position\":2,\"name\":\"Shop\",\"item\":\"https:\/\/superseeds.dk\/no\/butikk\/\"},{\"@type\":\"ListItem\",\"position\":3,\"name\":\"Qnubu 20T Rosin press\"}]},{\"@type\":\"WebSite\",\"@id\":\"https:\/\/super-seeds.se\/#website\",\"url\":\"https:\/\/super-seeds.se\/\",\"name\":\"Superseeds.dk\",\"description\":\"\",\"publisher\":{\"@id\":\"https:\/\/super-seeds.se\/#organization\"},\"potentialAction\":[{\"@type\":\"SearchAction\",\"target\":{\"@type\":\"EntryPoint\",\"urlTemplate\":\"https:\/\/super-seeds.se\/?s={search_term_string}\"},\"query-input\":{\"@type\":\"PropertyValueSpecification\",\"valueRequired\":true,\"valueName\":\"search_term_string\"}}],\"inLanguage\":\"sv-SE\"},{\"@type\":\"Organization\",\"@id\":\"https:\/\/super-seeds.se\/#organization\",\"name\":\"Superseeds.dk\",\"url\":\"https:\/\/super-seeds.se\/\",\"logo\":{\"@type\":\"ImageObject\",\"inLanguage\":\"sv-SE\",\"@id\":\"https:\/\/super-seeds.se\/#\/schema\/logo\/image\/\",\"url\":\"https:\/\/superseeds.dk\/wp-content\/uploads\/2025\/09\/logo-superseeds.png\",\"contentUrl\":\"https:\/\/superseeds.dk\/wp-content\/uploads\/2025\/09\/logo-superseeds.png\",\"width\":180,\"height\":160,\"caption\":\"Superseeds.dk\"},\"image\":{\"@id\":\"https:\/\/super-seeds.se\/#\/schema\/logo\/image\/\"}}]}<\/script>\n<!-- \/ Yoast SEO plugin. -->","yoast_head_json":{"title":"Qnubu 20T Rosin press - Superseeds.dk","robots":{"index":"index","follow":"follow","max-snippet":"max-snippet:-1","max-image-preview":"max-image-preview:large","max-video-preview":"max-video-preview:-1"},"canonical":"https:\/\/super-seeds.no\/vare\/qnubu-20t-rosin-press\/","og_locale":"sv_SE","og_type":"article","og_title":"Qnubu 20T Rosin press - Superseeds.dk","og_description":"Qnubu pr\u00e6senterer denne Rosin presse, en fantastisk enhed, hvorfra man kan f\u00e5 professionelle resultater. Rosin Qnubu-firmaet er specialiseret i ekstraktionsudstyr, der tilbyder en r\u00e6kke rosinpresser af h\u00f8j kvalitet.  Denne 20 ton hydrauliske presse giver brugerne mulighed for at f\u00e5 den maksimale mulige harpiks sikkert uden brug af opl\u00f8sningsmidler.  &nbsp;","og_url":"https:\/\/super-seeds.no\/vare\/qnubu-20t-rosin-press\/","og_site_name":"Superseeds.dk","article_modified_time":"2025-01-30T20:47:59+00:00","og_image":[{"width":1080,"height":1080,"url":"https:\/\/super-seeds.no\/wp-content\/uploads\/2025\/01\/Qnubu-20T-Rosin-press.png","type":"image\/png"}],"twitter_card":"summary_large_image","twitter_misc":{"Ber\u00e4knad l\u00e4stid":"2 minuter"},"schema":{"@context":"https:\/\/schema.org","@graph":[{"@type":"WebPage","@id":"https:\/\/super-seeds.no\/vare\/qnubu-20t-rosin-press\/","url":"https:\/\/super-seeds.no\/vare\/qnubu-20t-rosin-press\/","name":"Qnubu 20T Rosin press - Superseeds.dk","isPartOf":{"@id":"https:\/\/super-seeds.se\/#website"},"primaryImageOfPage":{"@id":"https:\/\/super-seeds.no\/vare\/qnubu-20t-rosin-press\/#primaryimage"},"image":{"@id":"https:\/\/super-seeds.no\/vare\/qnubu-20t-rosin-press\/#primaryimage"},"thumbnailUrl":"https:\/\/superseeds.dk\/wp-content\/uploads\/2025\/01\/Qnubu-20T-Rosin-press.png","datePublished":"2025-01-30T20:47:54+00:00","dateModified":"2025-01-30T20:47:59+00:00","breadcrumb":{"@id":"https:\/\/super-seeds.no\/vare\/qnubu-20t-rosin-press\/#breadcrumb"},"inLanguage":"sv-SE","potentialAction":[{"@type":"ReadAction","target":["https:\/\/super-seeds.no\/vare\/qnubu-20t-rosin-press\/"]}]},{"@type":"ImageObject","inLanguage":"sv-SE","@id":"https:\/\/super-seeds.no\/vare\/qnubu-20t-rosin-press\/#primaryimage","url":"https:\/\/superseeds.dk\/wp-content\/uploads\/2025\/01\/Qnubu-20T-Rosin-press.png","contentUrl":"https:\/\/superseeds.dk\/wp-content\/uploads\/2025\/01\/Qnubu-20T-Rosin-press.png","width":1080,"height":1080},{"@type":"BreadcrumbList","@id":"https:\/\/super-seeds.no\/vare\/qnubu-20t-rosin-press\/#breadcrumb","itemListElement":[{"@type":"ListItem","position":1,"name":"Hjem","item":"https:\/\/superseeds.dk\/"},{"@type":"ListItem","position":2,"name":"Shop","item":"https:\/\/superseeds.dk\/no\/butikk\/"},{"@type":"ListItem","position":3,"name":"Qnubu 20T Rosin press"}]},{"@type":"WebSite","@id":"https:\/\/super-seeds.se\/#website","url":"https:\/\/super-seeds.se\/","name":"Superseeds.com","description":"","publisher":{"@id":"https:\/\/super-seeds.se\/#organization"},"potentialAction":[{"@type":"SearchAction","target":{"@type":"EntryPoint","urlTemplate":"https:\/\/super-seeds.se\/?s={search_term_string}"},"query-input":{"@type":"PropertyValueSpecification","valueRequired":true,"valueName":"search_term_string"}}],"inLanguage":"sv-SE"},{"@type":"Organization","@id":"https:\/\/super-seeds.se\/#organization","name":"Superseeds.com","url":"https:\/\/super-seeds.se\/","logo":{"@type":"ImageObject","inLanguage":"sv-SE","@id":"https:\/\/super-seeds.se\/#\/schema\/logo\/image\/","url":"https:\/\/superseeds.dk\/wp-content\/uploads\/2025\/09\/logo-superseeds.png","contentUrl":"https:\/\/superseeds.dk\/wp-content\/uploads\/2025\/09\/logo-superseeds.png","width":180,"height":160,"caption":"Superseeds.dk"},"image":{"@id":"https:\/\/super-seeds.se\/#\/schema\/logo\/image\/"}}]}},"df_price":12495,"df_sale_price":"","df_regular_price":12495,"df_image_link":"https:\/\/superseeds.dk\/wp-content\/uploads\/2025\/01\/Qnubu-20T-Rosin-press-1024x1024.png","_links":{"self":[{"href":"https:\/\/superseeds.dk\/se\/wp-json\/wp\/v2\/product\/53743","targetHints":{"allow":["GET"]}}],"collection":[{"href":"https:\/\/superseeds.dk\/se\/wp-json\/wp\/v2\/product"}],"about":[{"href":"https:\/\/superseeds.dk\/se\/wp-json\/wp\/v2\/types\/product"}],"wp:featuredmedia":[{"embeddable":true,"href":"https:\/\/superseeds.dk\/se\/wp-json\/wp\/v2\/media\/53758"}],"wp:attachment":[{"href":"https:\/\/superseeds.dk\/se\/wp-json\/wp\/v2\/media?parent=53743"}],"wp:term":[{"taxonomy":"product_brand","embeddable":true,"href":"https:\/\/superseeds.dk\/se\/wp-json\/wp\/v2\/product_brand?post=53743"},{"taxonomy":"product_cat","embeddable":true,"href":"https:\/\/superseeds.dk\/se\/wp-json\/wp\/v2\/product_cat?post=53743"},{"taxonomy":"product_tag","embeddable":true,"href":"https:\/\/superseeds.dk\/se\/wp-json\/wp\/v2\/product_tag?post=53743"}],"curies":[{"name":"wp","href":"https:\/\/api.w.org\/{rel}","templated":true}]}}