{"id":53415,"date":"2025-01-30T21:44:59","date_gmt":"2025-01-30T20:44:59","guid":{"rendered":"https:\/\/superseeds.dk\/vare\/power-cleaner-750ml\/"},"modified":"2025-01-30T21:45:03","modified_gmt":"2025-01-30T20:45:03","slug":"power-cleaner-750ml","status":"publish","type":"product","link":"https:\/\/superseeds.dk\/se\/produkt\/power-cleaner-750ml\/","title":{"rendered":"Kraftfull reng\u00f6ring - 750ml"},"content":{"rendered":"<h3>Hvad bruges en Power Clean maskinrens til?<\/h3>\n<p>ZERUM POWER CLEAN er et produkt til professionel brug, som giver dybdereng\u00f8ring uden at beskadige materialerne, hvor det bruges.\u00a0Fjerner nemt harpiks, fedt og olierester fra maskiner, elektronisk udstyr og computere, meget effektivt til reng\u00f8ring af dele i bilmekanik.\u00a0I gartneriaktiviteter, hvor der produceres harpiksholdige og klorofylholdige planterester, som er meget sv\u00e6re at fjerne, og de s\u00e6dvanlige reng\u00f8ringsmetoder ikke giver tilfredsstillende resultater, sikrer brugen af \u200b\u200bZERUM POWER CLEAN en total eliminering af rester, der blokerer eller tilstopper bev\u00e6gelige elementer.<\/p>\n<h3>Hvordan renser man en bong og r\u00f8r?<\/h3>\n<p>For at begynde at rense r\u00f8r eller ethvert andet glas- eller metalmateriale, der kommer i kontakt med materiale af vegetabilsk oprindelse, er brugen af \u200b\u200bZERUM POWER CLEAN l\u00f8sningen og endnu mere p\u00e5 grund af det cost\/benefit-forhold, det giver ved klart at reducere arbejdstiden. , dedikeret til reng\u00f8ring af n\u00e6vnte materialer.\u00a0Ligeledes anbefaler vi i det s\u00e6rlige tilf\u00e6lde af reng\u00f8ringsbong at bruge\u00a0<a href=\"https:\/\/zerumneutralice.com\/categoria-producto\/limpiador\/\">Zerum Power Clean.\u00a0<\/a>\u00a0Desuden er det bedre at p\u00e5f\u00f8re det med en typisk b\u00f8rste, der bruges til reng\u00f8ring af glasmaterialer i industrielle kemiske eller biologiske analyselaboratorier, for at forbedre dens virkning.\u00a0Til sidst anbefaler vi at se den f\u00f8lgende video for at se, hvordan du renser en bong korrekt\u00a0\u00a0<a class=\"mfp-iframe lightbox-added\" href=\"https:\/\/www.youtube.com\/watch?v=VrILymgju4E\">her<\/a>\u00a0.<\/p>\n<h4>Forholdsregler<\/h4>\n<p>F\u00f8rst skal du opbevare dem utilg\u00e6ngeligt for b\u00f8rn.\u00a0I tilf\u00e6lde af kontakt med \u00f8jnene: Skyl med rigeligt vand i flere minutter.\u00a0Endelig, hvis \u00f8jenirritation forts\u00e6tter, b\u00f8r du konsultere en l\u00e6ge.<\/p>","protected":false},"excerpt":{"rendered":"<p>Power Clean 750ml maskinrens er en spray og\u00a0<span class=\"JsGRdQ\">et produkt til professionelt brug, <\/span><\/p>\n<p>spr\u00f8jten direkte p\u00e5 overfladen, der skal reng\u00f8res, indtil de forventede resultater er opn\u00e5et.<\/p>\n<p>brug gerne en b\u00f8rste, for bedre resultat<\/p>","protected":false},"featured_media":53416,"template":"","meta":{"_acf_changed":false},"product_brand":[],"product_cat":[1798,1802],"product_tag":[],"class_list":{"0":"post-53415","1":"product","2":"type-product","3":"status-publish","4":"has-post-thumbnail","6":"product_cat-efterbehandling","7":"product_cat-trimning","9":"first","10":"instock","11":"taxable","12":"shipping-taxable","13":"purchasable","14":"product-type-simple"},"acf":[],"yoast_head":"<!-- This site is optimized with the Yoast SEO plugin v26.9 - https:\/\/yoast.com\/product\/yoast-seo-wordpress\/ -->\n<title>Power Cleaner - 750ml - Superseeds.dk<\/title>\n<meta name=\"robots\" content=\"index, follow, max-snippet:-1, max-image-preview:large, max-video-preview:-1\" \/>\n<link rel=\"canonical\" href=\"https:\/\/superseeds.dk\/se\/produkt\/power-cleaner-750ml\/\" \/>\n<meta property=\"og:locale\" content=\"sv_SE\" \/>\n<meta property=\"og:type\" content=\"article\" \/>\n<meta property=\"og:title\" content=\"Power Cleaner - 750ml - Superseeds.dk\" \/>\n<meta property=\"og:description\" content=\"Power Clean 750ml maskinrens er en spray og\u00a0et produkt til professionelt brug,   spr\u00f8jten direkte p\u00e5 overfladen, der skal reng\u00f8res, indtil de forventede resultater er opn\u00e5et.  brug gerne en b\u00f8rste, for bedre resultat\" \/>\n<meta property=\"og:url\" content=\"https:\/\/superseeds.dk\/se\/produkt\/power-cleaner-750ml\/\" \/>\n<meta property=\"og:site_name\" content=\"Superseeds.dk\" \/>\n<meta property=\"article:modified_time\" content=\"2025-01-30T20:45:03+00:00\" \/>\n<meta property=\"og:image\" content=\"https:\/\/super-seeds.se\/wp-content\/uploads\/2025\/01\/Power-Cleaner-\u2013-750ml.png\" \/>\n\t<meta property=\"og:image:width\" content=\"1080\" \/>\n\t<meta property=\"og:image:height\" content=\"1080\" \/>\n\t<meta property=\"og:image:type\" content=\"image\/png\" \/>\n<meta name=\"twitter:card\" content=\"summary_large_image\" \/>\n<meta name=\"twitter:label1\" content=\"Ber\u00e4knad l\u00e4stid\" \/>\n\t<meta name=\"twitter:data1\" content=\"1 minut\" \/>\n<script type=\"application\/ld+json\" class=\"yoast-schema-graph\">{\"@context\":\"https:\/\/schema.org\",\"@graph\":[{\"@type\":\"WebPage\",\"@id\":\"https:\/\/superseeds.dk\/vare\/power-cleaner-750ml\/\",\"url\":\"https:\/\/superseeds.dk\/vare\/power-cleaner-750ml\/\",\"name\":\"Power Cleaner - 750ml - Superseeds.dk\",\"isPartOf\":{\"@id\":\"https:\/\/super-seeds.se\/#website\"},\"primaryImageOfPage\":{\"@id\":\"https:\/\/superseeds.dk\/vare\/power-cleaner-750ml\/#primaryimage\"},\"image\":{\"@id\":\"https:\/\/superseeds.dk\/vare\/power-cleaner-750ml\/#primaryimage\"},\"thumbnailUrl\":\"https:\/\/superseeds.dk\/wp-content\/uploads\/2025\/01\/Power-Cleaner-\u2013-750ml.png\",\"datePublished\":\"2025-01-30T20:44:59+00:00\",\"dateModified\":\"2025-01-30T20:45:03+00:00\",\"breadcrumb\":{\"@id\":\"https:\/\/superseeds.dk\/vare\/power-cleaner-750ml\/#breadcrumb\"},\"inLanguage\":\"sv-SE\",\"potentialAction\":[{\"@type\":\"ReadAction\",\"target\":[\"https:\/\/superseeds.dk\/vare\/power-cleaner-750ml\/\"]}]},{\"@type\":\"ImageObject\",\"inLanguage\":\"sv-SE\",\"@id\":\"https:\/\/superseeds.dk\/vare\/power-cleaner-750ml\/#primaryimage\",\"url\":\"https:\/\/superseeds.dk\/wp-content\/uploads\/2025\/01\/Power-Cleaner-\u2013-750ml.png\",\"contentUrl\":\"https:\/\/superseeds.dk\/wp-content\/uploads\/2025\/01\/Power-Cleaner-\u2013-750ml.png\",\"width\":1080,\"height\":1080},{\"@type\":\"BreadcrumbList\",\"@id\":\"https:\/\/superseeds.dk\/vare\/power-cleaner-750ml\/#breadcrumb\",\"itemListElement\":[{\"@type\":\"ListItem\",\"position\":1,\"name\":\"Hjem\",\"item\":\"https:\/\/superseeds.dk\/\"},{\"@type\":\"ListItem\",\"position\":2,\"name\":\"Shop\",\"item\":\"https:\/\/superseeds.dk\/no\/butikk\/\"},{\"@type\":\"ListItem\",\"position\":3,\"name\":\"Power Cleaner &#8211; 750ml\"}]},{\"@type\":\"WebSite\",\"@id\":\"https:\/\/super-seeds.se\/#website\",\"url\":\"https:\/\/super-seeds.se\/\",\"name\":\"Superseeds.dk\",\"description\":\"\",\"publisher\":{\"@id\":\"https:\/\/super-seeds.se\/#organization\"},\"potentialAction\":[{\"@type\":\"SearchAction\",\"target\":{\"@type\":\"EntryPoint\",\"urlTemplate\":\"https:\/\/super-seeds.se\/?s={search_term_string}\"},\"query-input\":{\"@type\":\"PropertyValueSpecification\",\"valueRequired\":true,\"valueName\":\"search_term_string\"}}],\"inLanguage\":\"sv-SE\"},{\"@type\":\"Organization\",\"@id\":\"https:\/\/super-seeds.se\/#organization\",\"name\":\"Superseeds.dk\",\"url\":\"https:\/\/super-seeds.se\/\",\"logo\":{\"@type\":\"ImageObject\",\"inLanguage\":\"sv-SE\",\"@id\":\"https:\/\/super-seeds.se\/#\/schema\/logo\/image\/\",\"url\":\"https:\/\/superseeds.dk\/wp-content\/uploads\/2025\/09\/logo-superseeds.png\",\"contentUrl\":\"https:\/\/superseeds.dk\/wp-content\/uploads\/2025\/09\/logo-superseeds.png\",\"width\":180,\"height\":160,\"caption\":\"Superseeds.dk\"},\"image\":{\"@id\":\"https:\/\/super-seeds.se\/#\/schema\/logo\/image\/\"}}]}<\/script>\n<!-- \/ Yoast SEO plugin. -->","yoast_head_json":{"title":"Power Cleaner - 750ml - Superseeds.dk","robots":{"index":"index","follow":"follow","max-snippet":"max-snippet:-1","max-image-preview":"max-image-preview:large","max-video-preview":"max-video-preview:-1"},"canonical":"https:\/\/superseeds.dk\/se\/produkt\/power-cleaner-750ml\/","og_locale":"sv_SE","og_type":"article","og_title":"Power Cleaner - 750ml - Superseeds.dk","og_description":"Power Clean 750ml maskinrens er en spray og\u00a0et produkt til professionelt brug,   spr\u00f8jten direkte p\u00e5 overfladen, der skal reng\u00f8res, indtil de forventede resultater er opn\u00e5et.  brug gerne en b\u00f8rste, for bedre resultat","og_url":"https:\/\/superseeds.dk\/se\/produkt\/power-cleaner-750ml\/","og_site_name":"Superseeds.dk","article_modified_time":"2025-01-30T20:45:03+00:00","og_image":[{"width":1080,"height":1080,"url":"https:\/\/super-seeds.se\/wp-content\/uploads\/2025\/01\/Power-Cleaner-\u2013-750ml.png","type":"image\/png"}],"twitter_card":"summary_large_image","twitter_misc":{"Ber\u00e4knad l\u00e4stid":"1 minut"},"schema":{"@context":"https:\/\/schema.org","@graph":[{"@type":"WebPage","@id":"https:\/\/superseeds.dk\/vare\/power-cleaner-750ml\/","url":"https:\/\/superseeds.dk\/vare\/power-cleaner-750ml\/","name":"Power Cleaner - 750ml - Superseeds.dk","isPartOf":{"@id":"https:\/\/super-seeds.se\/#website"},"primaryImageOfPage":{"@id":"https:\/\/superseeds.dk\/vare\/power-cleaner-750ml\/#primaryimage"},"image":{"@id":"https:\/\/superseeds.dk\/vare\/power-cleaner-750ml\/#primaryimage"},"thumbnailUrl":"https:\/\/superseeds.dk\/wp-content\/uploads\/2025\/01\/Power-Cleaner-\u2013-750ml.png","datePublished":"2025-01-30T20:44:59+00:00","dateModified":"2025-01-30T20:45:03+00:00","breadcrumb":{"@id":"https:\/\/superseeds.dk\/vare\/power-cleaner-750ml\/#breadcrumb"},"inLanguage":"sv-SE","potentialAction":[{"@type":"ReadAction","target":["https:\/\/superseeds.dk\/vare\/power-cleaner-750ml\/"]}]},{"@type":"ImageObject","inLanguage":"sv-SE","@id":"https:\/\/superseeds.dk\/vare\/power-cleaner-750ml\/#primaryimage","url":"https:\/\/superseeds.dk\/wp-content\/uploads\/2025\/01\/Power-Cleaner-\u2013-750ml.png","contentUrl":"https:\/\/superseeds.dk\/wp-content\/uploads\/2025\/01\/Power-Cleaner-\u2013-750ml.png","width":1080,"height":1080},{"@type":"BreadcrumbList","@id":"https:\/\/superseeds.dk\/vare\/power-cleaner-750ml\/#breadcrumb","itemListElement":[{"@type":"ListItem","position":1,"name":"Hjem","item":"https:\/\/superseeds.dk\/"},{"@type":"ListItem","position":2,"name":"Shop","item":"https:\/\/superseeds.dk\/no\/butikk\/"},{"@type":"ListItem","position":3,"name":"Power Cleaner &#8211; 750ml"}]},{"@type":"WebSite","@id":"https:\/\/super-seeds.se\/#website","url":"https:\/\/super-seeds.se\/","name":"Superseeds.com","description":"","publisher":{"@id":"https:\/\/super-seeds.se\/#organization"},"potentialAction":[{"@type":"SearchAction","target":{"@type":"EntryPoint","urlTemplate":"https:\/\/super-seeds.se\/?s={search_term_string}"},"query-input":{"@type":"PropertyValueSpecification","valueRequired":true,"valueName":"search_term_string"}}],"inLanguage":"sv-SE"},{"@type":"Organization","@id":"https:\/\/super-seeds.se\/#organization","name":"Superseeds.com","url":"https:\/\/super-seeds.se\/","logo":{"@type":"ImageObject","inLanguage":"sv-SE","@id":"https:\/\/super-seeds.se\/#\/schema\/logo\/image\/","url":"https:\/\/superseeds.dk\/wp-content\/uploads\/2025\/09\/logo-superseeds.png","contentUrl":"https:\/\/superseeds.dk\/wp-content\/uploads\/2025\/09\/logo-superseeds.png","width":180,"height":160,"caption":"Superseeds.dk"},"image":{"@id":"https:\/\/super-seeds.se\/#\/schema\/logo\/image\/"}}]}},"df_price":79,"df_sale_price":"","df_regular_price":79,"df_image_link":"https:\/\/superseeds.dk\/wp-content\/uploads\/2025\/01\/Power-Cleaner-\u2013-750ml-1024x1024.png","_links":{"self":[{"href":"https:\/\/superseeds.dk\/se\/wp-json\/wp\/v2\/product\/53415","targetHints":{"allow":["GET"]}}],"collection":[{"href":"https:\/\/superseeds.dk\/se\/wp-json\/wp\/v2\/product"}],"about":[{"href":"https:\/\/superseeds.dk\/se\/wp-json\/wp\/v2\/types\/product"}],"wp:featuredmedia":[{"embeddable":true,"href":"https:\/\/superseeds.dk\/se\/wp-json\/wp\/v2\/media\/53416"}],"wp:attachment":[{"href":"https:\/\/superseeds.dk\/se\/wp-json\/wp\/v2\/media?parent=53415"}],"wp:term":[{"taxonomy":"product_brand","embeddable":true,"href":"https:\/\/superseeds.dk\/se\/wp-json\/wp\/v2\/product_brand?post=53415"},{"taxonomy":"product_cat","embeddable":true,"href":"https:\/\/superseeds.dk\/se\/wp-json\/wp\/v2\/product_cat?post=53415"},{"taxonomy":"product_tag","embeddable":true,"href":"https:\/\/superseeds.dk\/se\/wp-json\/wp\/v2\/product_tag?post=53415"}],"curies":[{"name":"wp","href":"https:\/\/api.w.org\/{rel}","templated":true}]}}