{"id":53403,"date":"2025-01-30T21:44:51","date_gmt":"2025-01-30T20:44:51","guid":{"rendered":"https:\/\/superseeds.dk\/vare\/qnubu-autosift-rystemaskine\/"},"modified":"2025-09-01T17:51:38","modified_gmt":"2025-09-01T15:51:38","slug":"qnubu-autosift-rystemaskine","status":"publish","type":"product","link":"https:\/\/superseeds.dk\/se\/produkt\/qnubu-autosift-rystemaskine\/","title":{"rendered":"Qnubu Autosift skakapparat"},"content":{"rendered":"<p>Qnubu elektriske vibrerende sigte er et alsidigt v\u00e6rkt\u00f8j, der kan bruges til en lang r\u00e6kke form\u00e5l, s\u00e5som f\u00f8devare-, kemiske og farmaceutiske industrier.<\/p>\n<p>Med sin elektriske drift og sine 70 mikron og 90 mikron sigter er den den ideelle l\u00f8sning til at sigte store m\u00e6ngder materiale hurtigt og effektivt.<\/p>\n<p>Qnubu elektriske vibrerende sigte automatiserer sigteprocessen og sparer dig for tid og kr\u00e6fter. Derudover garanterer den ensartet og pr\u00e6cis sigtning, hvilket forbedrer produktkvaliteten.<\/p>\n<p>Brugsanvisning:<\/p>\n<p>Placer den skridsikre m\u00e5tte.<br \/>\nV\u00e6lg sigten.<br \/>\nFyld en tredjedel af sigten med det materiale, der skal sigtes.<br \/>\nD\u00e6k sien med l\u00e5get og monter ankrene.<br \/>\nPlacer en beholder ved udgangen af \u200b\u200bgryden.<br \/>\nTryk p\u00e5 t\u00e6nd\/sluk-knappen.<br \/>\nFunktioner:<\/p>\n<p>S\u00e6t med 70 mikron og 90 mikron sigter<br \/>\nDriftssp\u00e6nding AC220V\/50 Hz\/60 Hz<br \/>\nSigtefrekvens 1150 gange\/min<br \/>\nEffekt 50 W<\/p>\n<p>Inkluderer udover sigter:<\/p>\n<p>Skridsikker m\u00e5tte<br \/>\nB\u00f8rste<\/p>","protected":false},"excerpt":{"rendered":"<p>Autosift Qnubu vibrerende sigte, den perfekte l\u00f8sning til adskillelse og klassificering af pulvermaterialer. Med dets kompakte design og automatiske betjening g\u00f8r det det til det ideelle v\u00e6rkt\u00f8j for alle, der har brug for at sigte store m\u00e6ngder materiale hurtigt og effektivt.<\/p>\n<p><strong>Inneh\u00e5ller<\/strong><\/p>\n<ul>\n<li>Skridsikker m\u00e5tte<\/li>\n<li>B\u00f8rste<\/li>\n<li>70 mikron sigte<\/li>\n<li>90 mikron sigte<\/li>\n<\/ul>","protected":false},"featured_media":65661,"template":"","meta":{"_acf_changed":false},"product_brand":[],"product_cat":[1798,1800,1808],"product_tag":[],"class_list":{"0":"post-53403","1":"product","2":"type-product","3":"status-publish","4":"has-post-thumbnail","6":"product_cat-efterbehandling","7":"product_cat-ekstraktion","8":"product_cat-sift","10":"first","11":"instock","12":"taxable","13":"shipping-taxable","14":"purchasable","15":"product-type-simple"},"acf":[],"yoast_head":"<!-- This site is optimized with the Yoast SEO plugin v26.9 - https:\/\/yoast.com\/product\/yoast-seo-wordpress\/ -->\n<title>Qnubu Autosift rystemaskine - Superseeds.dk<\/title>\n<meta name=\"robots\" content=\"index, follow, max-snippet:-1, max-image-preview:large, max-video-preview:-1\" \/>\n<link rel=\"canonical\" href=\"https:\/\/superseeds.dk\/se\/produkt\/qnubu-autosift-rystemaskine\/\" \/>\n<meta property=\"og:locale\" content=\"sv_SE\" \/>\n<meta property=\"og:type\" content=\"article\" \/>\n<meta property=\"og:title\" content=\"Qnubu Autosift rystemaskine - Superseeds.dk\" \/>\n<meta property=\"og:description\" content=\"Autosift Qnubu vibrerende sigte, den perfekte l\u00f8sning til adskillelse og klassificering af pulvermaterialer. Med dets kompakte design og automatiske betjening g\u00f8r det det til det ideelle v\u00e6rkt\u00f8j for alle, der har brug for at sigte store m\u00e6ngder materiale hurtigt og effektivt.  Indeholder   Skridsikker m\u00e5tte  B\u00f8rste  70 mikron sigte  90 mikron sigte\" \/>\n<meta property=\"og:url\" content=\"https:\/\/superseeds.dk\/se\/produkt\/qnubu-autosift-rystemaskine\/\" \/>\n<meta property=\"og:site_name\" content=\"Superseeds.dk\" \/>\n<meta property=\"article:modified_time\" content=\"2025-09-01T15:51:38+00:00\" \/>\n<meta property=\"og:image\" content=\"https:\/\/super-seeds.se\/wp-content\/uploads\/2025\/09\/Qnubu-Autosift-rystemaskine.png\" \/>\n\t<meta property=\"og:image:width\" content=\"1080\" \/>\n\t<meta property=\"og:image:height\" content=\"1080\" \/>\n\t<meta property=\"og:image:type\" content=\"image\/png\" \/>\n<meta name=\"twitter:card\" content=\"summary_large_image\" \/>\n<meta name=\"twitter:label1\" content=\"Ber\u00e4knad l\u00e4stid\" \/>\n\t<meta name=\"twitter:data1\" content=\"1 minut\" \/>\n<script type=\"application\/ld+json\" class=\"yoast-schema-graph\">{\"@context\":\"https:\/\/schema.org\",\"@graph\":[{\"@type\":\"WebPage\",\"@id\":\"https:\/\/superseeds.dk\/vare\/qnubu-autosift-rystemaskine\/\",\"url\":\"https:\/\/superseeds.dk\/vare\/qnubu-autosift-rystemaskine\/\",\"name\":\"Qnubu Autosift rystemaskine - Superseeds.dk\",\"isPartOf\":{\"@id\":\"https:\/\/super-seeds.se\/#website\"},\"primaryImageOfPage\":{\"@id\":\"https:\/\/superseeds.dk\/vare\/qnubu-autosift-rystemaskine\/#primaryimage\"},\"image\":{\"@id\":\"https:\/\/superseeds.dk\/vare\/qnubu-autosift-rystemaskine\/#primaryimage\"},\"thumbnailUrl\":\"https:\/\/superseeds.dk\/wp-content\/uploads\/2025\/09\/Qnubu-Autosift-rystemaskine.png\",\"datePublished\":\"2025-01-30T20:44:51+00:00\",\"dateModified\":\"2025-09-01T15:51:38+00:00\",\"breadcrumb\":{\"@id\":\"https:\/\/superseeds.dk\/vare\/qnubu-autosift-rystemaskine\/#breadcrumb\"},\"inLanguage\":\"sv-SE\",\"potentialAction\":[{\"@type\":\"ReadAction\",\"target\":[\"https:\/\/superseeds.dk\/vare\/qnubu-autosift-rystemaskine\/\"]}]},{\"@type\":\"ImageObject\",\"inLanguage\":\"sv-SE\",\"@id\":\"https:\/\/superseeds.dk\/vare\/qnubu-autosift-rystemaskine\/#primaryimage\",\"url\":\"https:\/\/superseeds.dk\/wp-content\/uploads\/2025\/09\/Qnubu-Autosift-rystemaskine.png\",\"contentUrl\":\"https:\/\/superseeds.dk\/wp-content\/uploads\/2025\/09\/Qnubu-Autosift-rystemaskine.png\",\"width\":1080,\"height\":1080},{\"@type\":\"BreadcrumbList\",\"@id\":\"https:\/\/superseeds.dk\/vare\/qnubu-autosift-rystemaskine\/#breadcrumb\",\"itemListElement\":[{\"@type\":\"ListItem\",\"position\":1,\"name\":\"Hjem\",\"item\":\"https:\/\/superseeds.dk\/\"},{\"@type\":\"ListItem\",\"position\":2,\"name\":\"Shop\",\"item\":\"https:\/\/superseeds.dk\/no\/butikk\/\"},{\"@type\":\"ListItem\",\"position\":3,\"name\":\"Qnubu Autosift rystemaskine\"}]},{\"@type\":\"WebSite\",\"@id\":\"https:\/\/super-seeds.se\/#website\",\"url\":\"https:\/\/super-seeds.se\/\",\"name\":\"Superseeds.dk\",\"description\":\"\",\"publisher\":{\"@id\":\"https:\/\/super-seeds.se\/#organization\"},\"potentialAction\":[{\"@type\":\"SearchAction\",\"target\":{\"@type\":\"EntryPoint\",\"urlTemplate\":\"https:\/\/super-seeds.se\/?s={search_term_string}\"},\"query-input\":{\"@type\":\"PropertyValueSpecification\",\"valueRequired\":true,\"valueName\":\"search_term_string\"}}],\"inLanguage\":\"sv-SE\"},{\"@type\":\"Organization\",\"@id\":\"https:\/\/super-seeds.se\/#organization\",\"name\":\"Superseeds.dk\",\"url\":\"https:\/\/super-seeds.se\/\",\"logo\":{\"@type\":\"ImageObject\",\"inLanguage\":\"sv-SE\",\"@id\":\"https:\/\/super-seeds.se\/#\/schema\/logo\/image\/\",\"url\":\"https:\/\/superseeds.dk\/wp-content\/uploads\/2025\/09\/logo-superseeds.png\",\"contentUrl\":\"https:\/\/superseeds.dk\/wp-content\/uploads\/2025\/09\/logo-superseeds.png\",\"width\":180,\"height\":160,\"caption\":\"Superseeds.dk\"},\"image\":{\"@id\":\"https:\/\/super-seeds.se\/#\/schema\/logo\/image\/\"}}]}<\/script>\n<!-- \/ Yoast SEO plugin. -->","yoast_head_json":{"title":"Qnubu Autosift rystemaskine - Superseeds.dk","robots":{"index":"index","follow":"follow","max-snippet":"max-snippet:-1","max-image-preview":"max-image-preview:large","max-video-preview":"max-video-preview:-1"},"canonical":"https:\/\/superseeds.dk\/se\/produkt\/qnubu-autosift-rystemaskine\/","og_locale":"sv_SE","og_type":"article","og_title":"Qnubu Autosift rystemaskine - Superseeds.dk","og_description":"Autosift Qnubu vibrerende sigte, den perfekte l\u00f8sning til adskillelse og klassificering af pulvermaterialer. Med dets kompakte design og automatiske betjening g\u00f8r det det til det ideelle v\u00e6rkt\u00f8j for alle, der har brug for at sigte store m\u00e6ngder materiale hurtigt og effektivt.  Indeholder   Skridsikker m\u00e5tte  B\u00f8rste  70 mikron sigte  90 mikron sigte","og_url":"https:\/\/superseeds.dk\/se\/produkt\/qnubu-autosift-rystemaskine\/","og_site_name":"Superseeds.dk","article_modified_time":"2025-09-01T15:51:38+00:00","og_image":[{"width":1080,"height":1080,"url":"https:\/\/super-seeds.se\/wp-content\/uploads\/2025\/09\/Qnubu-Autosift-rystemaskine.png","type":"image\/png"}],"twitter_card":"summary_large_image","twitter_misc":{"Ber\u00e4knad l\u00e4stid":"1 minut"},"schema":{"@context":"https:\/\/schema.org","@graph":[{"@type":"WebPage","@id":"https:\/\/superseeds.dk\/vare\/qnubu-autosift-rystemaskine\/","url":"https:\/\/superseeds.dk\/vare\/qnubu-autosift-rystemaskine\/","name":"Qnubu Autosift rystemaskine - Superseeds.dk","isPartOf":{"@id":"https:\/\/super-seeds.se\/#website"},"primaryImageOfPage":{"@id":"https:\/\/superseeds.dk\/vare\/qnubu-autosift-rystemaskine\/#primaryimage"},"image":{"@id":"https:\/\/superseeds.dk\/vare\/qnubu-autosift-rystemaskine\/#primaryimage"},"thumbnailUrl":"https:\/\/superseeds.dk\/wp-content\/uploads\/2025\/09\/Qnubu-Autosift-rystemaskine.png","datePublished":"2025-01-30T20:44:51+00:00","dateModified":"2025-09-01T15:51:38+00:00","breadcrumb":{"@id":"https:\/\/superseeds.dk\/vare\/qnubu-autosift-rystemaskine\/#breadcrumb"},"inLanguage":"sv-SE","potentialAction":[{"@type":"ReadAction","target":["https:\/\/superseeds.dk\/vare\/qnubu-autosift-rystemaskine\/"]}]},{"@type":"ImageObject","inLanguage":"sv-SE","@id":"https:\/\/superseeds.dk\/vare\/qnubu-autosift-rystemaskine\/#primaryimage","url":"https:\/\/superseeds.dk\/wp-content\/uploads\/2025\/09\/Qnubu-Autosift-rystemaskine.png","contentUrl":"https:\/\/superseeds.dk\/wp-content\/uploads\/2025\/09\/Qnubu-Autosift-rystemaskine.png","width":1080,"height":1080},{"@type":"BreadcrumbList","@id":"https:\/\/superseeds.dk\/vare\/qnubu-autosift-rystemaskine\/#breadcrumb","itemListElement":[{"@type":"ListItem","position":1,"name":"Hjem","item":"https:\/\/superseeds.dk\/"},{"@type":"ListItem","position":2,"name":"Shop","item":"https:\/\/superseeds.dk\/no\/butikk\/"},{"@type":"ListItem","position":3,"name":"Qnubu Autosift rystemaskine"}]},{"@type":"WebSite","@id":"https:\/\/super-seeds.se\/#website","url":"https:\/\/super-seeds.se\/","name":"Superseeds.com","description":"","publisher":{"@id":"https:\/\/super-seeds.se\/#organization"},"potentialAction":[{"@type":"SearchAction","target":{"@type":"EntryPoint","urlTemplate":"https:\/\/super-seeds.se\/?s={search_term_string}"},"query-input":{"@type":"PropertyValueSpecification","valueRequired":true,"valueName":"search_term_string"}}],"inLanguage":"sv-SE"},{"@type":"Organization","@id":"https:\/\/super-seeds.se\/#organization","name":"Superseeds.com","url":"https:\/\/super-seeds.se\/","logo":{"@type":"ImageObject","inLanguage":"sv-SE","@id":"https:\/\/super-seeds.se\/#\/schema\/logo\/image\/","url":"https:\/\/superseeds.dk\/wp-content\/uploads\/2025\/09\/logo-superseeds.png","contentUrl":"https:\/\/superseeds.dk\/wp-content\/uploads\/2025\/09\/logo-superseeds.png","width":180,"height":160,"caption":"Superseeds.dk"},"image":{"@id":"https:\/\/super-seeds.se\/#\/schema\/logo\/image\/"}}]}},"df_price":3199.95,"df_sale_price":"","df_regular_price":3199.95,"df_image_link":"https:\/\/superseeds.dk\/wp-content\/uploads\/2025\/09\/Qnubu-Autosift-rystemaskine-1024x1024.png","_links":{"self":[{"href":"https:\/\/superseeds.dk\/se\/wp-json\/wp\/v2\/product\/53403","targetHints":{"allow":["GET"]}}],"collection":[{"href":"https:\/\/superseeds.dk\/se\/wp-json\/wp\/v2\/product"}],"about":[{"href":"https:\/\/superseeds.dk\/se\/wp-json\/wp\/v2\/types\/product"}],"wp:featuredmedia":[{"embeddable":true,"href":"https:\/\/superseeds.dk\/se\/wp-json\/wp\/v2\/media\/65661"}],"wp:attachment":[{"href":"https:\/\/superseeds.dk\/se\/wp-json\/wp\/v2\/media?parent=53403"}],"wp:term":[{"taxonomy":"product_brand","embeddable":true,"href":"https:\/\/superseeds.dk\/se\/wp-json\/wp\/v2\/product_brand?post=53403"},{"taxonomy":"product_cat","embeddable":true,"href":"https:\/\/superseeds.dk\/se\/wp-json\/wp\/v2\/product_cat?post=53403"},{"taxonomy":"product_tag","embeddable":true,"href":"https:\/\/superseeds.dk\/se\/wp-json\/wp\/v2\/product_tag?post=53403"}],"curies":[{"name":"wp","href":"https:\/\/api.w.org\/{rel}","templated":true}]}}