{"id":49809,"date":"2024-09-05T20:33:57","date_gmt":"2024-09-05T18:33:57","guid":{"rendered":"https:\/\/superseeds.dk\/?post_type=product&#038;p=49809"},"modified":"2024-09-05T20:33:58","modified_gmt":"2024-09-05T18:33:58","slug":"ztrawberriez-auto-fast-buds","status":"publish","type":"product","link":"https:\/\/superseeds.dk\/se\/produkt\/ztrawberriez-auto-fast-buds\/","title":{"rendered":"Ztrawberriez Auto - Snabba knoppar"},"content":{"rendered":"","protected":false},"excerpt":{"rendered":"<table>\n<tbody>\n<tr>\n<td><img decoding=\"async\" class=\"wp-image-2106 alignnone\" src=\"https:\/\/superseeds.dk\/wp-content\/uploads\/2020\/12\/Weather_Tornado.svg\" alt=\"\" width=\"26\" height=\"26\" \/>:Blomningstid<\/td>\n<td><strong>9-10 veckor<\/strong><\/td>\n<\/tr>\n<tr>\n<td><img decoding=\"async\" class=\"wp-image-2111 alignnone\" src=\"https:\/\/superseeds.dk\/wp-content\/uploads\/2020\/12\/Share.svg\" alt=\"\" width=\"26\" height=\"26\" \/>Avkastning:<\/td>\n<td><strong>450-600 g\/m2<\/strong><\/td>\n<\/tr>\n<tr>\n<td><img decoding=\"async\" class=\"wp-image-2107 alignnone\" src=\"https:\/\/superseeds.dk\/wp-content\/uploads\/2020\/12\/Robotic_Arm_Picker.svg\" alt=\"\" width=\"26\" height=\"26\" \/>THC %<\/td>\n<td><strong>Op til 25%<\/strong><\/td>\n<\/tr>\n<tr>\n<td><img loading=\"lazy\" decoding=\"async\" class=\"wp-image-2124 alignnone\" src=\"https:\/\/superseeds.dk\/wp-content\/uploads\/2020\/12\/Block_Hub_Network.svg\" alt=\"\" width=\"26\" height=\"26\" \/>CBD %<\/td>\n<td><strong>0-1%<\/strong><\/td>\n<\/tr>\n<tr>\n<td><img loading=\"lazy\" decoding=\"async\" class=\"wp-image-2127 alignnone\" src=\"https:\/\/superseeds.dk\/wp-content\/uploads\/2020\/12\/Crops_Farming.svg\" alt=\"\" width=\"26\" height=\"26\" \/>H\u00f6jd:<\/td>\n<td><strong>70-120cm<\/strong><\/td>\n<\/tr>\n<\/tbody>\n<\/table>\n<p>Hybrid<br \/>\n40% indica, 60% sativa<\/p>\n<p>Smag: B\u00e6r, cremet og s\u00f8dt<\/p>","protected":false},"featured_media":49810,"template":"","meta":{"_acf_changed":false},"product_brand":[],"product_cat":[845,813,814,839,812,893,840,815,847,842],"product_tag":[],"class_list":{"0":"post-49809","1":"product","2":"type-product","3":"status-publish","4":"has-post-thumbnail","6":"product_cat-50-indica-50-sativa","7":"product_cat-60-65-dage","8":"product_cat-65-70-dage","9":"product_cat-autoblomstrende","10":"product_cat-blomstring-periode","11":"product_cat-fastbuds-seeds","12":"product_cat-indendoers-autoblomstrende","13":"product_cat-producenter-a-z","14":"product_cat-sativa-dominant-autoblomstrende","15":"product_cat-udendoers-autoblomstrende","16":"pa_antal-1-stk","17":"pa_antal-3-stk","18":"pa_antal-5-stk","19":"pa_blomst-type-autoblomstrende","20":"pa_blomstringstid-60-65-dage","21":"pa_blomstringstid-65-70-dage","22":"pa_indica-sativa-hybrid-50","23":"pa_indica-sativa-sativa-dominant","24":"pa_producenter-a-z-fastbuds-seeds","25":"pa_thc-20-25","26":"pa_udbytte-medium","27":"pa_udbytte-stort","29":"first","30":"instock","31":"taxable","32":"shipping-taxable","33":"purchasable","34":"product-type-variable","35":"wvs-archive-product-wrapper"},"acf":[],"yoast_head":"<!-- This site is optimized with the Yoast SEO plugin v26.9 - https:\/\/yoast.com\/product\/yoast-seo-wordpress\/ -->\n<title>Ztrawberriez Auto - Fast Buds - Superseeds.dk<\/title>\n<meta name=\"robots\" content=\"index, follow, max-snippet:-1, max-image-preview:large, max-video-preview:-1\" \/>\n<link rel=\"canonical\" href=\"https:\/\/superseeds.dk\/se\/produkt\/ztrawberriez-auto-fast-buds\/\" \/>\n<meta property=\"og:locale\" content=\"sv_SE\" \/>\n<meta property=\"og:type\" content=\"article\" \/>\n<meta property=\"og:title\" content=\"Ztrawberriez Auto - Fast Buds - Superseeds.dk\" \/>\n<meta property=\"og:description\" content=\":Blomstringstid 9-10 uger   Udbytte: 450-600 g\/m2   THC % Op til 25%   CBD % 0-1%   H\u00f8jde: 70-120cm    Hybrid 40% indica, 60% sativa  Smag: B\u00e6r, cremet og s\u00f8dt\" \/>\n<meta property=\"og:url\" content=\"https:\/\/superseeds.dk\/se\/produkt\/ztrawberriez-auto-fast-buds\/\" \/>\n<meta property=\"og:site_name\" content=\"Superseeds.dk\" \/>\n<meta property=\"article:modified_time\" content=\"2024-09-05T18:33:58+00:00\" \/>\n<meta property=\"og:image\" content=\"https:\/\/super-seeds.no\/wp-content\/uploads\/2024\/09\/ztrawberriez-auto-fast-buds.jpg\" \/>\n\t<meta property=\"og:image:width\" content=\"553\" \/>\n\t<meta property=\"og:image:height\" content=\"723\" \/>\n\t<meta property=\"og:image:type\" content=\"image\/jpeg\" \/>\n<meta name=\"twitter:card\" content=\"summary_large_image\" \/>\n<meta name=\"twitter:label1\" content=\"Ber\u00e4knad l\u00e4stid\" \/>\n\t<meta name=\"twitter:data1\" content=\"1 minut\" \/>\n<script type=\"application\/ld+json\" class=\"yoast-schema-graph\">{\"@context\":\"https:\/\/schema.org\",\"@graph\":[{\"@type\":\"WebPage\",\"@id\":\"https:\/\/superseeds.dk\/vare\/ztrawberriez-auto-fast-buds\/\",\"url\":\"https:\/\/superseeds.dk\/vare\/ztrawberriez-auto-fast-buds\/\",\"name\":\"Ztrawberriez Auto - Fast Buds - Superseeds.dk\",\"isPartOf\":{\"@id\":\"https:\/\/super-seeds.se\/#website\"},\"primaryImageOfPage\":{\"@id\":\"https:\/\/superseeds.dk\/vare\/ztrawberriez-auto-fast-buds\/#primaryimage\"},\"image\":{\"@id\":\"https:\/\/superseeds.dk\/vare\/ztrawberriez-auto-fast-buds\/#primaryimage\"},\"thumbnailUrl\":\"https:\/\/superseeds.dk\/wp-content\/uploads\/2024\/09\/ztrawberriez-auto-fast-buds.jpg\",\"datePublished\":\"2024-09-05T18:33:57+00:00\",\"dateModified\":\"2024-09-05T18:33:58+00:00\",\"breadcrumb\":{\"@id\":\"https:\/\/superseeds.dk\/vare\/ztrawberriez-auto-fast-buds\/#breadcrumb\"},\"inLanguage\":\"sv-SE\",\"potentialAction\":[{\"@type\":\"ReadAction\",\"target\":[\"https:\/\/superseeds.dk\/vare\/ztrawberriez-auto-fast-buds\/\"]}]},{\"@type\":\"ImageObject\",\"inLanguage\":\"sv-SE\",\"@id\":\"https:\/\/superseeds.dk\/vare\/ztrawberriez-auto-fast-buds\/#primaryimage\",\"url\":\"https:\/\/superseeds.dk\/wp-content\/uploads\/2024\/09\/ztrawberriez-auto-fast-buds.jpg\",\"contentUrl\":\"https:\/\/superseeds.dk\/wp-content\/uploads\/2024\/09\/ztrawberriez-auto-fast-buds.jpg\",\"width\":553,\"height\":723},{\"@type\":\"BreadcrumbList\",\"@id\":\"https:\/\/superseeds.dk\/vare\/ztrawberriez-auto-fast-buds\/#breadcrumb\",\"itemListElement\":[{\"@type\":\"ListItem\",\"position\":1,\"name\":\"Hjem\",\"item\":\"https:\/\/superseeds.dk\/\"},{\"@type\":\"ListItem\",\"position\":2,\"name\":\"Shop\",\"item\":\"https:\/\/superseeds.dk\/no\/butikk\/\"},{\"@type\":\"ListItem\",\"position\":3,\"name\":\"Ztrawberriez Auto &#8211; Fast Buds\"}]},{\"@type\":\"WebSite\",\"@id\":\"https:\/\/super-seeds.se\/#website\",\"url\":\"https:\/\/super-seeds.se\/\",\"name\":\"Superseeds.dk\",\"description\":\"\",\"publisher\":{\"@id\":\"https:\/\/super-seeds.se\/#organization\"},\"potentialAction\":[{\"@type\":\"SearchAction\",\"target\":{\"@type\":\"EntryPoint\",\"urlTemplate\":\"https:\/\/super-seeds.se\/?s={search_term_string}\"},\"query-input\":{\"@type\":\"PropertyValueSpecification\",\"valueRequired\":true,\"valueName\":\"search_term_string\"}}],\"inLanguage\":\"sv-SE\"},{\"@type\":\"Organization\",\"@id\":\"https:\/\/super-seeds.se\/#organization\",\"name\":\"Superseeds.dk\",\"url\":\"https:\/\/super-seeds.se\/\",\"logo\":{\"@type\":\"ImageObject\",\"inLanguage\":\"sv-SE\",\"@id\":\"https:\/\/super-seeds.se\/#\/schema\/logo\/image\/\",\"url\":\"https:\/\/superseeds.dk\/wp-content\/uploads\/2025\/09\/logo-superseeds.png\",\"contentUrl\":\"https:\/\/superseeds.dk\/wp-content\/uploads\/2025\/09\/logo-superseeds.png\",\"width\":180,\"height\":160,\"caption\":\"Superseeds.dk\"},\"image\":{\"@id\":\"https:\/\/super-seeds.se\/#\/schema\/logo\/image\/\"}}]}<\/script>\n<!-- \/ Yoast SEO plugin. -->","yoast_head_json":{"title":"Ztrawberriez Auto - Fast Buds - Superseeds.dk","robots":{"index":"index","follow":"follow","max-snippet":"max-snippet:-1","max-image-preview":"max-image-preview:large","max-video-preview":"max-video-preview:-1"},"canonical":"https:\/\/superseeds.dk\/se\/produkt\/ztrawberriez-auto-fast-buds\/","og_locale":"sv_SE","og_type":"article","og_title":"Ztrawberriez Auto - Fast Buds - Superseeds.dk","og_description":":Blomstringstid 9-10 uger   Udbytte: 450-600 g\/m2   THC % Op til 25%   CBD % 0-1%   H\u00f8jde: 70-120cm    Hybrid 40% indica, 60% sativa  Smag: B\u00e6r, cremet og s\u00f8dt","og_url":"https:\/\/superseeds.dk\/se\/produkt\/ztrawberriez-auto-fast-buds\/","og_site_name":"Superseeds.dk","article_modified_time":"2024-09-05T18:33:58+00:00","og_image":[{"width":553,"height":723,"url":"https:\/\/super-seeds.no\/wp-content\/uploads\/2024\/09\/ztrawberriez-auto-fast-buds.jpg","type":"image\/jpeg"}],"twitter_card":"summary_large_image","twitter_misc":{"Ber\u00e4knad l\u00e4stid":"1 minut"},"schema":{"@context":"https:\/\/schema.org","@graph":[{"@type":"WebPage","@id":"https:\/\/superseeds.dk\/vare\/ztrawberriez-auto-fast-buds\/","url":"https:\/\/superseeds.dk\/vare\/ztrawberriez-auto-fast-buds\/","name":"Ztrawberriez Auto - Fast Buds - Superseeds.dk","isPartOf":{"@id":"https:\/\/super-seeds.se\/#website"},"primaryImageOfPage":{"@id":"https:\/\/superseeds.dk\/vare\/ztrawberriez-auto-fast-buds\/#primaryimage"},"image":{"@id":"https:\/\/superseeds.dk\/vare\/ztrawberriez-auto-fast-buds\/#primaryimage"},"thumbnailUrl":"https:\/\/superseeds.dk\/wp-content\/uploads\/2024\/09\/ztrawberriez-auto-fast-buds.jpg","datePublished":"2024-09-05T18:33:57+00:00","dateModified":"2024-09-05T18:33:58+00:00","breadcrumb":{"@id":"https:\/\/superseeds.dk\/vare\/ztrawberriez-auto-fast-buds\/#breadcrumb"},"inLanguage":"sv-SE","potentialAction":[{"@type":"ReadAction","target":["https:\/\/superseeds.dk\/vare\/ztrawberriez-auto-fast-buds\/"]}]},{"@type":"ImageObject","inLanguage":"sv-SE","@id":"https:\/\/superseeds.dk\/vare\/ztrawberriez-auto-fast-buds\/#primaryimage","url":"https:\/\/superseeds.dk\/wp-content\/uploads\/2024\/09\/ztrawberriez-auto-fast-buds.jpg","contentUrl":"https:\/\/superseeds.dk\/wp-content\/uploads\/2024\/09\/ztrawberriez-auto-fast-buds.jpg","width":553,"height":723},{"@type":"BreadcrumbList","@id":"https:\/\/superseeds.dk\/vare\/ztrawberriez-auto-fast-buds\/#breadcrumb","itemListElement":[{"@type":"ListItem","position":1,"name":"Hjem","item":"https:\/\/superseeds.dk\/"},{"@type":"ListItem","position":2,"name":"Shop","item":"https:\/\/superseeds.dk\/no\/butikk\/"},{"@type":"ListItem","position":3,"name":"Ztrawberriez Auto &#8211; Fast Buds"}]},{"@type":"WebSite","@id":"https:\/\/super-seeds.se\/#website","url":"https:\/\/super-seeds.se\/","name":"Superseeds.com","description":"","publisher":{"@id":"https:\/\/super-seeds.se\/#organization"},"potentialAction":[{"@type":"SearchAction","target":{"@type":"EntryPoint","urlTemplate":"https:\/\/super-seeds.se\/?s={search_term_string}"},"query-input":{"@type":"PropertyValueSpecification","valueRequired":true,"valueName":"search_term_string"}}],"inLanguage":"sv-SE"},{"@type":"Organization","@id":"https:\/\/super-seeds.se\/#organization","name":"Superseeds.com","url":"https:\/\/super-seeds.se\/","logo":{"@type":"ImageObject","inLanguage":"sv-SE","@id":"https:\/\/super-seeds.se\/#\/schema\/logo\/image\/","url":"https:\/\/superseeds.dk\/wp-content\/uploads\/2025\/09\/logo-superseeds.png","contentUrl":"https:\/\/superseeds.dk\/wp-content\/uploads\/2025\/09\/logo-superseeds.png","width":180,"height":160,"caption":"Superseeds.dk"},"image":{"@id":"https:\/\/super-seeds.se\/#\/schema\/logo\/image\/"}}]}},"df_price":95,"df_sale_price":"","df_regular_price":95,"df_image_link":"https:\/\/superseeds.dk\/wp-content\/uploads\/2024\/09\/ztrawberriez-auto-fast-buds.jpg","_links":{"self":[{"href":"https:\/\/superseeds.dk\/se\/wp-json\/wp\/v2\/product\/49809","targetHints":{"allow":["GET"]}}],"collection":[{"href":"https:\/\/superseeds.dk\/se\/wp-json\/wp\/v2\/product"}],"about":[{"href":"https:\/\/superseeds.dk\/se\/wp-json\/wp\/v2\/types\/product"}],"wp:featuredmedia":[{"embeddable":true,"href":"https:\/\/superseeds.dk\/se\/wp-json\/wp\/v2\/media\/49810"}],"wp:attachment":[{"href":"https:\/\/superseeds.dk\/se\/wp-json\/wp\/v2\/media?parent=49809"}],"wp:term":[{"taxonomy":"product_brand","embeddable":true,"href":"https:\/\/superseeds.dk\/se\/wp-json\/wp\/v2\/product_brand?post=49809"},{"taxonomy":"product_cat","embeddable":true,"href":"https:\/\/superseeds.dk\/se\/wp-json\/wp\/v2\/product_cat?post=49809"},{"taxonomy":"product_tag","embeddable":true,"href":"https:\/\/superseeds.dk\/se\/wp-json\/wp\/v2\/product_tag?post=49809"}],"curies":[{"name":"wp","href":"https:\/\/api.w.org\/{rel}","templated":true}]}}