{"id":45079,"date":"2023-08-30T14:39:07","date_gmt":"2023-08-30T12:39:07","guid":{"rendered":"https:\/\/superseeds.dk\/?post_type=product&#038;p=45079"},"modified":"2023-11-23T13:28:28","modified_gmt":"2023-11-23T12:28:28","slug":"30-aars-jubilaeum-samleaeske-feminiseret-t-h-seeds","status":"publish","type":"product","link":"https:\/\/superseeds.dk\/se\/produkt\/30-aars-jubilaeum-samleaeske-feminiseret-t-h-seeds\/","title":{"rendered":"30 \u00e5rs jubil\u00e6um samle\u00e6ske (Feminiseret) &#8211; T.H. Seeds"},"content":{"rendered":"","protected":false},"excerpt":{"rendered":"<p>&nbsp;<\/p>\n<p>Limited Edition 30 \u00e5rs samle\u00e6ske inkluderer:<br \/>\n&#8211; Watermelon Ultra<br \/>\n&#8211; London Mint Cake<br \/>\n&#8211; Califunk<br \/>\n&#8211; Bubble Bananagum<br \/>\n&#8211; Black Apple Hitchcock<br \/>\n&#8211; Hazanana<\/p>\n<p>Samle\u00e6sken indeholder 39 fr\u00f8 + 6 ekstra gratis fr\u00f8<\/p>","protected":false},"featured_media":45080,"template":"","meta":{"_acf_changed":false},"product_brand":[],"product_cat":[813,1739,812,817,819,826,815,820,1723,835,827],"product_tag":[],"class_list":{"0":"post-45079","1":"product","2":"type-product","3":"status-publish","4":"has-post-thumbnail","6":"product_cat-60-65-dage","7":"product_cat-alle-froe","8":"product_cat-blomstring-periode","9":"product_cat-feminiserede","10":"product_cat-indendoers","11":"product_cat-indica-dominant","12":"product_cat-producenter-a-z","13":"product_cat-sativa-dominant","14":"product_cat-th-seeds","15":"product_cat-udendoers-feminiserede","16":"product_cat-under-60-dage","17":"pa_blomst-type-feminiserede","18":"pa_blomstringstid-under-60-dage","19":"pa_blomstringstid-60-65-dage","20":"pa_indica-sativa-sativa-dominant","21":"pa_indica-sativa-indica-dominant","22":"pa_udbytte-medium","23":"pa_udbytte-stort","24":"pa_udbytte-xxl","26":"first","27":"instock","28":"taxable","29":"shipping-taxable","30":"purchasable","31":"product-type-simple"},"acf":[],"yoast_head":"<!-- This site is optimized with the Yoast SEO plugin v26.9 - https:\/\/yoast.com\/product\/yoast-seo-wordpress\/ -->\n<title>30 \u00e5rs jubil\u00e6um samle\u00e6ske (Feminiseret) - T.H. Seeds - Superseeds.dk<\/title>\n<meta name=\"robots\" content=\"index, follow, max-snippet:-1, max-image-preview:large, max-video-preview:-1\" \/>\n<link rel=\"canonical\" href=\"https:\/\/superseeds.dk\/se\/produkt\/30-aars-jubilaeum-samleaeske-feminiseret-t-h-seeds\/\" \/>\n<meta property=\"og:locale\" content=\"sv_SE\" \/>\n<meta property=\"og:type\" content=\"article\" \/>\n<meta property=\"og:title\" content=\"30 \u00e5rs jubil\u00e6um samle\u00e6ske (Feminiseret) - T.H. Seeds - Superseeds.dk\" \/>\n<meta property=\"og:description\" content=\"&nbsp;  Limited Edition 30 \u00e5rs samle\u00e6ske inkluderer: - Watermelon Ultra - London Mint Cake - Califunk - Bubble Bananagum - Black Apple Hitchcock - Hazanana  Samle\u00e6sken indeholder 39 fr\u00f8 + 6 ekstra gratis fr\u00f8\" \/>\n<meta property=\"og:url\" content=\"https:\/\/superseeds.dk\/se\/produkt\/30-aars-jubilaeum-samleaeske-feminiseret-t-h-seeds\/\" \/>\n<meta property=\"og:site_name\" content=\"Superseeds.dk\" \/>\n<meta property=\"article:modified_time\" content=\"2023-11-23T12:28:28+00:00\" \/>\n<meta property=\"og:image\" content=\"https:\/\/superseeds.dk\/wp-content\/uploads\/2023\/08\/th-seeds-30-aars-.jpg\" \/>\n\t<meta property=\"og:image:width\" content=\"736\" \/>\n\t<meta property=\"og:image:height\" content=\"736\" \/>\n\t<meta property=\"og:image:type\" content=\"image\/jpeg\" \/>\n<meta name=\"twitter:card\" content=\"summary_large_image\" \/>\n<script type=\"application\/ld+json\" class=\"yoast-schema-graph\">{\"@context\":\"https:\/\/schema.org\",\"@graph\":[{\"@type\":\"WebPage\",\"@id\":\"https:\/\/superseeds.dk\/se\/produkt\/30-aars-jubilaeum-samleaeske-feminiseret-t-h-seeds\/\",\"url\":\"https:\/\/superseeds.dk\/se\/produkt\/30-aars-jubilaeum-samleaeske-feminiseret-t-h-seeds\/\",\"name\":\"30 \u00e5rs jubil\u00e6um samle\u00e6ske (Feminiseret) - T.H. Seeds - Superseeds.dk\",\"isPartOf\":{\"@id\":\"https:\/\/super-seeds.se\/#website\"},\"primaryImageOfPage\":{\"@id\":\"https:\/\/superseeds.dk\/se\/produkt\/30-aars-jubilaeum-samleaeske-feminiseret-t-h-seeds\/#primaryimage\"},\"image\":{\"@id\":\"https:\/\/superseeds.dk\/se\/produkt\/30-aars-jubilaeum-samleaeske-feminiseret-t-h-seeds\/#primaryimage\"},\"thumbnailUrl\":\"https:\/\/superseeds.dk\/wp-content\/uploads\/2023\/08\/th-seeds-30-aars-.jpg\",\"datePublished\":\"2023-08-30T12:39:07+00:00\",\"dateModified\":\"2023-11-23T12:28:28+00:00\",\"breadcrumb\":{\"@id\":\"https:\/\/superseeds.dk\/se\/produkt\/30-aars-jubilaeum-samleaeske-feminiseret-t-h-seeds\/#breadcrumb\"},\"inLanguage\":\"sv-SE\",\"potentialAction\":[{\"@type\":\"ReadAction\",\"target\":[\"https:\/\/superseeds.dk\/se\/produkt\/30-aars-jubilaeum-samleaeske-feminiseret-t-h-seeds\/\"]}]},{\"@type\":\"ImageObject\",\"inLanguage\":\"sv-SE\",\"@id\":\"https:\/\/superseeds.dk\/se\/produkt\/30-aars-jubilaeum-samleaeske-feminiseret-t-h-seeds\/#primaryimage\",\"url\":\"https:\/\/superseeds.dk\/wp-content\/uploads\/2023\/08\/th-seeds-30-aars-.jpg\",\"contentUrl\":\"https:\/\/superseeds.dk\/wp-content\/uploads\/2023\/08\/th-seeds-30-aars-.jpg\",\"width\":736,\"height\":736},{\"@type\":\"BreadcrumbList\",\"@id\":\"https:\/\/superseeds.dk\/se\/produkt\/30-aars-jubilaeum-samleaeske-feminiseret-t-h-seeds\/#breadcrumb\",\"itemListElement\":[{\"@type\":\"ListItem\",\"position\":1,\"name\":\"Hjem\",\"item\":\"https:\/\/superseeds.dk\/\"},{\"@type\":\"ListItem\",\"position\":2,\"name\":\"Shop\",\"item\":\"https:\/\/superseeds.dk\/no\/butikk\/\"},{\"@type\":\"ListItem\",\"position\":3,\"name\":\"30 \u00e5rs jubil\u00e6um samle\u00e6ske (Feminiseret) &#8211; T.H. Seeds\"}]},{\"@type\":\"WebSite\",\"@id\":\"https:\/\/super-seeds.se\/#website\",\"url\":\"https:\/\/super-seeds.se\/\",\"name\":\"Superseeds.dk\",\"description\":\"\",\"publisher\":{\"@id\":\"https:\/\/super-seeds.se\/#organization\"},\"potentialAction\":[{\"@type\":\"SearchAction\",\"target\":{\"@type\":\"EntryPoint\",\"urlTemplate\":\"https:\/\/super-seeds.se\/?s={search_term_string}\"},\"query-input\":{\"@type\":\"PropertyValueSpecification\",\"valueRequired\":true,\"valueName\":\"search_term_string\"}}],\"inLanguage\":\"sv-SE\"},{\"@type\":\"Organization\",\"@id\":\"https:\/\/super-seeds.se\/#organization\",\"name\":\"Superseeds.dk\",\"url\":\"https:\/\/super-seeds.se\/\",\"logo\":{\"@type\":\"ImageObject\",\"inLanguage\":\"sv-SE\",\"@id\":\"https:\/\/super-seeds.se\/#\/schema\/logo\/image\/\",\"url\":\"https:\/\/superseeds.dk\/wp-content\/uploads\/2025\/09\/logo-superseeds.png\",\"contentUrl\":\"https:\/\/superseeds.dk\/wp-content\/uploads\/2025\/09\/logo-superseeds.png\",\"width\":180,\"height\":160,\"caption\":\"Superseeds.dk\"},\"image\":{\"@id\":\"https:\/\/super-seeds.se\/#\/schema\/logo\/image\/\"}}]}<\/script>\n<!-- \/ Yoast SEO plugin. -->","yoast_head_json":{"title":"30 \u00e5rs jubil\u00e6um samle\u00e6ske (Feminiseret) - T.H. Seeds - Superseeds.dk","robots":{"index":"index","follow":"follow","max-snippet":"max-snippet:-1","max-image-preview":"max-image-preview:large","max-video-preview":"max-video-preview:-1"},"canonical":"https:\/\/superseeds.dk\/se\/produkt\/30-aars-jubilaeum-samleaeske-feminiseret-t-h-seeds\/","og_locale":"sv_SE","og_type":"article","og_title":"30 \u00e5rs jubil\u00e6um samle\u00e6ske (Feminiseret) - T.H. Seeds - Superseeds.dk","og_description":"&nbsp;  Limited Edition 30 \u00e5rs samle\u00e6ske inkluderer: - Watermelon Ultra - London Mint Cake - Califunk - Bubble Bananagum - Black Apple Hitchcock - Hazanana  Samle\u00e6sken indeholder 39 fr\u00f8 + 6 ekstra gratis fr\u00f8","og_url":"https:\/\/superseeds.dk\/se\/produkt\/30-aars-jubilaeum-samleaeske-feminiseret-t-h-seeds\/","og_site_name":"Superseeds.dk","article_modified_time":"2023-11-23T12:28:28+00:00","og_image":[{"width":736,"height":736,"url":"https:\/\/superseeds.dk\/wp-content\/uploads\/2023\/08\/th-seeds-30-aars-.jpg","type":"image\/jpeg"}],"twitter_card":"summary_large_image","schema":{"@context":"https:\/\/schema.org","@graph":[{"@type":"WebPage","@id":"https:\/\/superseeds.dk\/se\/produkt\/30-aars-jubilaeum-samleaeske-feminiseret-t-h-seeds\/","url":"https:\/\/superseeds.dk\/se\/produkt\/30-aars-jubilaeum-samleaeske-feminiseret-t-h-seeds\/","name":"30 \u00e5rs jubil\u00e6um samle\u00e6ske (Feminiseret) - T.H. Seeds - Superseeds.dk","isPartOf":{"@id":"https:\/\/super-seeds.se\/#website"},"primaryImageOfPage":{"@id":"https:\/\/superseeds.dk\/se\/produkt\/30-aars-jubilaeum-samleaeske-feminiseret-t-h-seeds\/#primaryimage"},"image":{"@id":"https:\/\/superseeds.dk\/se\/produkt\/30-aars-jubilaeum-samleaeske-feminiseret-t-h-seeds\/#primaryimage"},"thumbnailUrl":"https:\/\/superseeds.dk\/wp-content\/uploads\/2023\/08\/th-seeds-30-aars-.jpg","datePublished":"2023-08-30T12:39:07+00:00","dateModified":"2023-11-23T12:28:28+00:00","breadcrumb":{"@id":"https:\/\/superseeds.dk\/se\/produkt\/30-aars-jubilaeum-samleaeske-feminiseret-t-h-seeds\/#breadcrumb"},"inLanguage":"sv-SE","potentialAction":[{"@type":"ReadAction","target":["https:\/\/superseeds.dk\/se\/produkt\/30-aars-jubilaeum-samleaeske-feminiseret-t-h-seeds\/"]}]},{"@type":"ImageObject","inLanguage":"sv-SE","@id":"https:\/\/superseeds.dk\/se\/produkt\/30-aars-jubilaeum-samleaeske-feminiseret-t-h-seeds\/#primaryimage","url":"https:\/\/superseeds.dk\/wp-content\/uploads\/2023\/08\/th-seeds-30-aars-.jpg","contentUrl":"https:\/\/superseeds.dk\/wp-content\/uploads\/2023\/08\/th-seeds-30-aars-.jpg","width":736,"height":736},{"@type":"BreadcrumbList","@id":"https:\/\/superseeds.dk\/se\/produkt\/30-aars-jubilaeum-samleaeske-feminiseret-t-h-seeds\/#breadcrumb","itemListElement":[{"@type":"ListItem","position":1,"name":"Hjem","item":"https:\/\/superseeds.dk\/"},{"@type":"ListItem","position":2,"name":"Shop","item":"https:\/\/superseeds.dk\/no\/butikk\/"},{"@type":"ListItem","position":3,"name":"30 \u00e5rs jubil\u00e6um samle\u00e6ske (Feminiseret) &#8211; T.H. Seeds"}]},{"@type":"WebSite","@id":"https:\/\/super-seeds.se\/#website","url":"https:\/\/super-seeds.se\/","name":"Superseeds.com","description":"","publisher":{"@id":"https:\/\/super-seeds.se\/#organization"},"potentialAction":[{"@type":"SearchAction","target":{"@type":"EntryPoint","urlTemplate":"https:\/\/super-seeds.se\/?s={search_term_string}"},"query-input":{"@type":"PropertyValueSpecification","valueRequired":true,"valueName":"search_term_string"}}],"inLanguage":"sv-SE"},{"@type":"Organization","@id":"https:\/\/super-seeds.se\/#organization","name":"Superseeds.com","url":"https:\/\/super-seeds.se\/","logo":{"@type":"ImageObject","inLanguage":"sv-SE","@id":"https:\/\/super-seeds.se\/#\/schema\/logo\/image\/","url":"https:\/\/superseeds.dk\/wp-content\/uploads\/2025\/09\/logo-superseeds.png","contentUrl":"https:\/\/superseeds.dk\/wp-content\/uploads\/2025\/09\/logo-superseeds.png","width":180,"height":160,"caption":"Superseeds.dk"},"image":{"@id":"https:\/\/super-seeds.se\/#\/schema\/logo\/image\/"}}]}},"df_price":2779,"df_sale_price":"","df_regular_price":2779,"df_image_link":"https:\/\/superseeds.dk\/wp-content\/uploads\/2023\/08\/th-seeds-30-aars-.jpg","_links":{"self":[{"href":"https:\/\/superseeds.dk\/se\/wp-json\/wp\/v2\/product\/45079","targetHints":{"allow":["GET"]}}],"collection":[{"href":"https:\/\/superseeds.dk\/se\/wp-json\/wp\/v2\/product"}],"about":[{"href":"https:\/\/superseeds.dk\/se\/wp-json\/wp\/v2\/types\/product"}],"wp:featuredmedia":[{"embeddable":true,"href":"https:\/\/superseeds.dk\/se\/wp-json\/wp\/v2\/media\/45080"}],"wp:attachment":[{"href":"https:\/\/superseeds.dk\/se\/wp-json\/wp\/v2\/media?parent=45079"}],"wp:term":[{"taxonomy":"product_brand","embeddable":true,"href":"https:\/\/superseeds.dk\/se\/wp-json\/wp\/v2\/product_brand?post=45079"},{"taxonomy":"product_cat","embeddable":true,"href":"https:\/\/superseeds.dk\/se\/wp-json\/wp\/v2\/product_cat?post=45079"},{"taxonomy":"product_tag","embeddable":true,"href":"https:\/\/superseeds.dk\/se\/wp-json\/wp\/v2\/product_tag?post=45079"}],"curies":[{"name":"wp","href":"https:\/\/api.w.org\/{rel}","templated":true}]}}