{"id":42286,"date":"2023-05-10T09:36:06","date_gmt":"2023-05-10T07:36:06","guid":{"rendered":"https:\/\/superseeds.dk\/?post_type=product&#038;p=42286"},"modified":"2023-11-23T13:28:54","modified_gmt":"2023-11-23T12:28:54","slug":"epic-buzz-feminiseret-anesia-seeds","status":"publish","type":"product","link":"https:\/\/superseeds.dk\/se\/produkt\/epic-buzz-feminiseret-anesia-seeds\/","title":{"rendered":"Epic Buzz (feminiserad) - Anesia fr\u00f6n"},"content":{"rendered":"","protected":false},"excerpt":{"rendered":"<p>&nbsp;<\/p>\n<p>Future #1 x Blackberry Moonrocks<\/p>\n<p>&nbsp;<\/p>\n<ul>\n<li><strong>Genetik: 7<\/strong>0% Indica \/ 30% Sativa<\/li>\n<li><strong>Avkastning<\/strong>: 500g\/m\u00b2 \u2022 800-900 g\/plant<\/li>\n<li><strong>Blomningstid:<\/strong> 8 &#8211; 9 uger<\/li>\n<li><strong>H\u00f8st udend\u00f8rs<\/strong>: slut september<\/li>\n<li>L\u00e4mplig f\u00f6r inomhus- och utomhusbruk<\/li>\n<li><strong>H\u00f6jd:<\/strong>\u00a0100-140 cm<\/li>\n<li><strong>THC<\/strong>: 36,5 %<\/li>\n<li><strong>Smak<\/strong>: b\u00e6r og slik<\/li>\n<\/ul>","protected":false},"featured_media":42287,"template":"","meta":{"_acf_changed":false},"product_brand":[],"product_cat":[813,1739,907,812,817,818,819,826,815,835,827],"product_tag":[],"class_list":{"0":"post-42286","1":"product","2":"type-product","3":"status-publish","4":"has-post-thumbnail","6":"product_cat-60-65-dage","7":"product_cat-alle-froe","8":"product_cat-anesia-seeds","9":"product_cat-blomstring-periode","10":"product_cat-feminiserede","11":"product_cat-hoej-thc","12":"product_cat-indendoers","13":"product_cat-indica-dominant","14":"product_cat-producenter-a-z","15":"product_cat-udendoers-feminiserede","16":"product_cat-under-60-dage","17":"pa_antal-10-stk","18":"pa_antal-3-stk","19":"pa_antal-5-stk","20":"pa_blomst-type-feminiserede","21":"pa_blomstringstid-60-65-dage","22":"pa_blomstringstid-under-60-dage","23":"pa_indica-sativa-indica-dominant","24":"pa_producenter-a-z-anesia-seeds","25":"pa_thc-over-25","26":"pa_udbytte-stort","28":"first","29":"instock","30":"taxable","31":"shipping-taxable","32":"purchasable","33":"product-type-variable","34":"wvs-archive-product-wrapper"},"acf":[],"yoast_head":"<!-- This site is optimized with the Yoast SEO plugin v26.9 - https:\/\/yoast.com\/product\/yoast-seo-wordpress\/ -->\n<title>Epic Buzz (Feminiseret) - Anesia Seeds - Superseeds.dk<\/title>\n<meta name=\"robots\" content=\"index, follow, max-snippet:-1, max-image-preview:large, max-video-preview:-1\" \/>\n<link rel=\"canonical\" href=\"https:\/\/superseeds.dk\/se\/produkt\/epic-buzz-feminiseret-anesia-seeds\/\" \/>\n<meta property=\"og:locale\" content=\"sv_SE\" \/>\n<meta property=\"og:type\" content=\"article\" \/>\n<meta property=\"og:title\" content=\"Epic Buzz (Feminiseret) - Anesia Seeds - Superseeds.dk\" \/>\n<meta property=\"og:description\" content=\"&nbsp;  Future #1 x Blackberry Moonrocks  &nbsp;   Genetik: 70% Indica \/ 30% Sativa  Udbytte: 500g\/m\u00b2 \u2022 800-900 g\/plant  Blomstringstid: 8 - 9 uger  H\u00f8st udend\u00f8rs: slut september  Velegnet til indend\u00f8rs og udend\u00f8rs  H\u00f8jde:\u00a0100-140 cm  THC: 36,5 %  Smag: b\u00e6r og slik\" \/>\n<meta property=\"og:url\" content=\"https:\/\/superseeds.dk\/se\/produkt\/epic-buzz-feminiseret-anesia-seeds\/\" \/>\n<meta property=\"og:site_name\" content=\"Superseeds.dk\" \/>\n<meta property=\"article:modified_time\" content=\"2023-11-23T12:28:54+00:00\" \/>\n<meta property=\"og:image\" content=\"https:\/\/superseeds.dk\/wp-content\/uploads\/2023\/05\/Epic-Buzz-anesia-seeds.jpg\" \/>\n\t<meta property=\"og:image:width\" content=\"600\" \/>\n\t<meta property=\"og:image:height\" content=\"800\" \/>\n\t<meta property=\"og:image:type\" content=\"image\/jpeg\" \/>\n<meta name=\"twitter:card\" content=\"summary_large_image\" \/>\n<script type=\"application\/ld+json\" class=\"yoast-schema-graph\">{\"@context\":\"https:\/\/schema.org\",\"@graph\":[{\"@type\":\"WebPage\",\"@id\":\"https:\/\/superseeds.dk\/vare\/epic-buzz-feminiseret-anesia-seeds\/\",\"url\":\"https:\/\/superseeds.dk\/vare\/epic-buzz-feminiseret-anesia-seeds\/\",\"name\":\"Epic Buzz (Feminiseret) - Anesia Seeds - Superseeds.dk\",\"isPartOf\":{\"@id\":\"https:\/\/super-seeds.se\/#website\"},\"primaryImageOfPage\":{\"@id\":\"https:\/\/superseeds.dk\/vare\/epic-buzz-feminiseret-anesia-seeds\/#primaryimage\"},\"image\":{\"@id\":\"https:\/\/superseeds.dk\/vare\/epic-buzz-feminiseret-anesia-seeds\/#primaryimage\"},\"thumbnailUrl\":\"https:\/\/superseeds.dk\/wp-content\/uploads\/2023\/05\/Epic-Buzz-anesia-seeds.jpg\",\"datePublished\":\"2023-05-10T07:36:06+00:00\",\"dateModified\":\"2023-11-23T12:28:54+00:00\",\"breadcrumb\":{\"@id\":\"https:\/\/superseeds.dk\/vare\/epic-buzz-feminiseret-anesia-seeds\/#breadcrumb\"},\"inLanguage\":\"sv-SE\",\"potentialAction\":[{\"@type\":\"ReadAction\",\"target\":[\"https:\/\/superseeds.dk\/vare\/epic-buzz-feminiseret-anesia-seeds\/\"]}]},{\"@type\":\"ImageObject\",\"inLanguage\":\"sv-SE\",\"@id\":\"https:\/\/superseeds.dk\/vare\/epic-buzz-feminiseret-anesia-seeds\/#primaryimage\",\"url\":\"https:\/\/superseeds.dk\/wp-content\/uploads\/2023\/05\/Epic-Buzz-anesia-seeds.jpg\",\"contentUrl\":\"https:\/\/superseeds.dk\/wp-content\/uploads\/2023\/05\/Epic-Buzz-anesia-seeds.jpg\",\"width\":600,\"height\":800},{\"@type\":\"BreadcrumbList\",\"@id\":\"https:\/\/superseeds.dk\/vare\/epic-buzz-feminiseret-anesia-seeds\/#breadcrumb\",\"itemListElement\":[{\"@type\":\"ListItem\",\"position\":1,\"name\":\"Hjem\",\"item\":\"https:\/\/superseeds.dk\/\"},{\"@type\":\"ListItem\",\"position\":2,\"name\":\"Shop\",\"item\":\"https:\/\/superseeds.dk\/no\/butikk\/\"},{\"@type\":\"ListItem\",\"position\":3,\"name\":\"Epic Buzz (Feminiseret) &#8211; Anesia Seeds\"}]},{\"@type\":\"WebSite\",\"@id\":\"https:\/\/super-seeds.se\/#website\",\"url\":\"https:\/\/super-seeds.se\/\",\"name\":\"Superseeds.dk\",\"description\":\"\",\"publisher\":{\"@id\":\"https:\/\/super-seeds.se\/#organization\"},\"potentialAction\":[{\"@type\":\"SearchAction\",\"target\":{\"@type\":\"EntryPoint\",\"urlTemplate\":\"https:\/\/super-seeds.se\/?s={search_term_string}\"},\"query-input\":{\"@type\":\"PropertyValueSpecification\",\"valueRequired\":true,\"valueName\":\"search_term_string\"}}],\"inLanguage\":\"sv-SE\"},{\"@type\":\"Organization\",\"@id\":\"https:\/\/super-seeds.se\/#organization\",\"name\":\"Superseeds.dk\",\"url\":\"https:\/\/super-seeds.se\/\",\"logo\":{\"@type\":\"ImageObject\",\"inLanguage\":\"sv-SE\",\"@id\":\"https:\/\/super-seeds.se\/#\/schema\/logo\/image\/\",\"url\":\"https:\/\/superseeds.dk\/wp-content\/uploads\/2025\/09\/logo-superseeds.png\",\"contentUrl\":\"https:\/\/superseeds.dk\/wp-content\/uploads\/2025\/09\/logo-superseeds.png\",\"width\":180,\"height\":160,\"caption\":\"Superseeds.dk\"},\"image\":{\"@id\":\"https:\/\/super-seeds.se\/#\/schema\/logo\/image\/\"}}]}<\/script>\n<!-- \/ Yoast SEO plugin. -->","yoast_head_json":{"title":"Epic Buzz (Feminiseret) - Anesia Seeds - Superseeds.dk","robots":{"index":"index","follow":"follow","max-snippet":"max-snippet:-1","max-image-preview":"max-image-preview:large","max-video-preview":"max-video-preview:-1"},"canonical":"https:\/\/superseeds.dk\/se\/produkt\/epic-buzz-feminiseret-anesia-seeds\/","og_locale":"sv_SE","og_type":"article","og_title":"Epic Buzz (Feminiseret) - Anesia Seeds - Superseeds.dk","og_description":"&nbsp;  Future #1 x Blackberry Moonrocks  &nbsp;   Genetik: 70% Indica \/ 30% Sativa  Udbytte: 500g\/m\u00b2 \u2022 800-900 g\/plant  Blomstringstid: 8 - 9 uger  H\u00f8st udend\u00f8rs: slut september  Velegnet til indend\u00f8rs og udend\u00f8rs  H\u00f8jde:\u00a0100-140 cm  THC: 36,5 %  Smag: b\u00e6r og slik","og_url":"https:\/\/superseeds.dk\/se\/produkt\/epic-buzz-feminiseret-anesia-seeds\/","og_site_name":"Superseeds.dk","article_modified_time":"2023-11-23T12:28:54+00:00","og_image":[{"width":600,"height":800,"url":"https:\/\/superseeds.dk\/wp-content\/uploads\/2023\/05\/Epic-Buzz-anesia-seeds.jpg","type":"image\/jpeg"}],"twitter_card":"summary_large_image","schema":{"@context":"https:\/\/schema.org","@graph":[{"@type":"WebPage","@id":"https:\/\/superseeds.dk\/vare\/epic-buzz-feminiseret-anesia-seeds\/","url":"https:\/\/superseeds.dk\/vare\/epic-buzz-feminiseret-anesia-seeds\/","name":"Epic Buzz (Feminiseret) - Anesia Seeds - Superseeds.dk","isPartOf":{"@id":"https:\/\/super-seeds.se\/#website"},"primaryImageOfPage":{"@id":"https:\/\/superseeds.dk\/vare\/epic-buzz-feminiseret-anesia-seeds\/#primaryimage"},"image":{"@id":"https:\/\/superseeds.dk\/vare\/epic-buzz-feminiseret-anesia-seeds\/#primaryimage"},"thumbnailUrl":"https:\/\/superseeds.dk\/wp-content\/uploads\/2023\/05\/Epic-Buzz-anesia-seeds.jpg","datePublished":"2023-05-10T07:36:06+00:00","dateModified":"2023-11-23T12:28:54+00:00","breadcrumb":{"@id":"https:\/\/superseeds.dk\/vare\/epic-buzz-feminiseret-anesia-seeds\/#breadcrumb"},"inLanguage":"sv-SE","potentialAction":[{"@type":"ReadAction","target":["https:\/\/superseeds.dk\/vare\/epic-buzz-feminiseret-anesia-seeds\/"]}]},{"@type":"ImageObject","inLanguage":"sv-SE","@id":"https:\/\/superseeds.dk\/vare\/epic-buzz-feminiseret-anesia-seeds\/#primaryimage","url":"https:\/\/superseeds.dk\/wp-content\/uploads\/2023\/05\/Epic-Buzz-anesia-seeds.jpg","contentUrl":"https:\/\/superseeds.dk\/wp-content\/uploads\/2023\/05\/Epic-Buzz-anesia-seeds.jpg","width":600,"height":800},{"@type":"BreadcrumbList","@id":"https:\/\/superseeds.dk\/vare\/epic-buzz-feminiseret-anesia-seeds\/#breadcrumb","itemListElement":[{"@type":"ListItem","position":1,"name":"Hjem","item":"https:\/\/superseeds.dk\/"},{"@type":"ListItem","position":2,"name":"Shop","item":"https:\/\/superseeds.dk\/no\/butikk\/"},{"@type":"ListItem","position":3,"name":"Epic Buzz (Feminiseret) &#8211; Anesia Seeds"}]},{"@type":"WebSite","@id":"https:\/\/super-seeds.se\/#website","url":"https:\/\/super-seeds.se\/","name":"Superseeds.com","description":"","publisher":{"@id":"https:\/\/super-seeds.se\/#organization"},"potentialAction":[{"@type":"SearchAction","target":{"@type":"EntryPoint","urlTemplate":"https:\/\/super-seeds.se\/?s={search_term_string}"},"query-input":{"@type":"PropertyValueSpecification","valueRequired":true,"valueName":"search_term_string"}}],"inLanguage":"sv-SE"},{"@type":"Organization","@id":"https:\/\/super-seeds.se\/#organization","name":"Superseeds.com","url":"https:\/\/super-seeds.se\/","logo":{"@type":"ImageObject","inLanguage":"sv-SE","@id":"https:\/\/super-seeds.se\/#\/schema\/logo\/image\/","url":"https:\/\/superseeds.dk\/wp-content\/uploads\/2025\/09\/logo-superseeds.png","contentUrl":"https:\/\/superseeds.dk\/wp-content\/uploads\/2025\/09\/logo-superseeds.png","width":180,"height":160,"caption":"Superseeds.dk"},"image":{"@id":"https:\/\/super-seeds.se\/#\/schema\/logo\/image\/"}}]}},"df_price":359,"df_sale_price":"","df_regular_price":359,"df_image_link":"https:\/\/superseeds.dk\/wp-content\/uploads\/2023\/05\/Epic-Buzz-anesia-seeds.jpg","_links":{"self":[{"href":"https:\/\/superseeds.dk\/se\/wp-json\/wp\/v2\/product\/42286","targetHints":{"allow":["GET"]}}],"collection":[{"href":"https:\/\/superseeds.dk\/se\/wp-json\/wp\/v2\/product"}],"about":[{"href":"https:\/\/superseeds.dk\/se\/wp-json\/wp\/v2\/types\/product"}],"wp:featuredmedia":[{"embeddable":true,"href":"https:\/\/superseeds.dk\/se\/wp-json\/wp\/v2\/media\/42287"}],"wp:attachment":[{"href":"https:\/\/superseeds.dk\/se\/wp-json\/wp\/v2\/media?parent=42286"}],"wp:term":[{"taxonomy":"product_brand","embeddable":true,"href":"https:\/\/superseeds.dk\/se\/wp-json\/wp\/v2\/product_brand?post=42286"},{"taxonomy":"product_cat","embeddable":true,"href":"https:\/\/superseeds.dk\/se\/wp-json\/wp\/v2\/product_cat?post=42286"},{"taxonomy":"product_tag","embeddable":true,"href":"https:\/\/superseeds.dk\/se\/wp-json\/wp\/v2\/product_tag?post=42286"}],"curies":[{"name":"wp","href":"https:\/\/api.w.org\/{rel}","templated":true}]}}