{"id":25134,"date":"2021-03-23T11:12:25","date_gmt":"2021-03-23T10:12:25","guid":{"rendered":"https:\/\/superseeds.dk\/vare\/royal-cookies-auto-rqs\/"},"modified":"2023-11-23T13:30:45","modified_gmt":"2023-11-23T12:30:45","slug":"royal-cookies-auto-rqs","status":"publish","type":"product","link":"https:\/\/superseeds.dk\/se\/produkt\/royal-cookies-auto-rqs\/","title":{"rendered":"Royal Cookies Auto &#8211; RQS"},"content":{"rendered":"<div id=\"idTab1\" class=\"rte\">\n<div class=\"product-expand\" data-expand-button=\"Read more\" data-collapse-button=\"Vis mindre\">\n<h2>Royal Cookies Automatic: Fugtige sm\u00e5kager i en fart<\/h2>\n<h3>Fugtige ingredienser og luksuri\u00f8s st\u00f8rrelse<\/h3>\n<p>Royal Cookies Automatic giver &#8220;nem at bage&#8221; en hel ny mening. Ved at kombinere gourmet-Royal Cookies med genetikken fra Ruderalis er der blevet skabt en unik ny hybrid. Indend\u00f8rs bliver Royal Cookies Automatic st\u00f8rre end gennemsnittet for de \u00f8vrige automatiske blomstrende sorter. Der er lagt op til en h\u00f8jde p\u00e5 60-120 cm. Disse sm\u00e5kager er bestemt ikke en snackst\u00f8rrelse. Royal Cookies Automatic passer perfekt til dyrkere med SOG-ops\u00e6tning. Hvis du gerne behandle hende ordentligt i dyrkingsomr\u00e5det, s\u00e5 kan der opn\u00e5s tunge udbytter p\u00e5 helt op til 450 gram\/m2 i l\u00f8bet af 10-12 uger, fra det \u00f8jeblik fr\u00f8et blev s\u00e5et.<\/p>\n<p>Udend\u00f8rs i et varmt klima, selv i l\u00f8bet af en kort sommer, kan der kultiveres en fantastisk afgr\u00f8de. Evnen til at blomstre helt uafh\u00e6ngigt af sollys betyder, at du kan h\u00f8ste adskillige omgange Cookies fra for\u00e5ret til efter\u00e5ret. Planterne er i stand til at vokse op mod 140 cm med et udbytte p\u00e5 130-180 gram\/plante, s\u00e5 selv begyndere kan begynde at indsamle et stort lager af Cookies. Royal Cookies Automatic er ekstremt potent og vildt hurtigt blomstrende. F\u00e5 fat i Cookies-kugler med op til 18% THC p\u00e5 s\u00e5 lidt som 6-8 uger.<\/p>\n<h3>L\u00e6kker Virkning<\/h3>\n<p>Som en sand dessertsort er Royal Cookies Automatic perfekt til feinschmeckeren, der vil ryge efter middagen. Blomsterne er t\u00e6tte og d\u00e6kket af harpiks. Denne sorts signaturaroma af sm\u00e5kager og subtil mynteagtige eftersmag fra den originale Cookies-&#8220;opskrift&#8221; er der ikke \u00e6ndret ved. Det vigtigste er dog, at den fysiske virkning, der limer dig til sofaen, rammer dig hurtigt og varer i timevis. Ved 18% THC og minimalt CBD er Royal Cookies Automatic ikke bare potent for en automatisk blomstrende sort at v\u00e6re, men disse sm\u00e5kager er p\u00e5 l\u00e6kker vis fugtige. Og s\u00e5dan er det bare.<\/p>\n<table id=\"idTab2\" class=\"bullet product-features-list\">\n<tbody>\n<tr>\n<td class=\"feature-icon\"><img decoding=\"async\" src=\"https:\/\/superseeds.dk\/wp-content\/uploads\/2022\/07\/1773_val_family-auto_1.svg\" width=\"30\" \/><\/td>\n<th class=\"feature-name\">Sorttype:<\/th>\n<td class=\"feture-value\">Auto-Blomstrende<\/td>\n<\/tr>\n<tr>\n<td class=\"feature-icon\"><img decoding=\"async\" src=\"https:\/\/superseeds.dk\/wp-content\/uploads\/2022\/07\/29_THC_1.svg\" width=\"30\" \/><\/td>\n<th class=\"feature-name\">THC:<\/th>\n<td class=\"feture-value\">18%<\/td>\n<\/tr>\n<tr>\n<td class=\"feature-icon\"><img decoding=\"async\" src=\"https:\/\/superseeds.dk\/wp-content\/uploads\/2022\/07\/30_CBD_1.svg\" width=\"30\" \/><\/td>\n<th class=\"feature-name\">CBD:<\/th>\n<td class=\"feture-value\">L\u00e5g<\/td>\n<\/tr>\n<tr>\n<td class=\"feature-icon\"><img decoding=\"async\" src=\"https:\/\/superseeds.dk\/wp-content\/uploads\/2022\/07\/33_Yield-indoors_1.svg\" width=\"30\" \/><\/td>\n<th class=\"feature-name\">Udbytte indend\u00f8rs:<\/th>\n<td class=\"feture-value\">325 &#8211; 450 gr\/m2<\/td>\n<\/tr>\n<tr>\n<td class=\"feature-icon\"><img decoding=\"async\" src=\"https:\/\/superseeds.dk\/wp-content\/uploads\/2022\/07\/34_yield-outdoor_1.svg\" width=\"30\" \/><\/td>\n<th class=\"feature-name\">Udbytte udend\u00f8rs:<\/th>\n<td class=\"feture-value\">130 &#8211; 180 gr\/plant<\/td>\n<\/tr>\n<tr>\n<td class=\"feature-icon\"><img decoding=\"async\" src=\"https:\/\/superseeds.dk\/wp-content\/uploads\/2022\/07\/31_plant-height-outdoor_1.svg\" width=\"30\" \/><\/td>\n<th class=\"feature-name\">H\u00f8jde indend\u00f8rs:<\/th>\n<td class=\"feture-value\">60 &#8211; 120 cm<\/td>\n<\/tr>\n<tr>\n<td class=\"feature-icon\"><img decoding=\"async\" src=\"https:\/\/superseeds.dk\/wp-content\/uploads\/2022\/07\/32_plant-height-outdoors_1.svg\" width=\"30\" \/><\/td>\n<th class=\"feature-name\">H\u00f8jde udend\u00f8rs:<\/th>\n<td class=\"feture-value\">60 &#8211; 140 cm<\/td>\n<\/tr>\n<tr>\n<td class=\"feature-icon\"><img decoding=\"async\" src=\"https:\/\/superseeds.dk\/wp-content\/uploads\/2022\/07\/25_flowering-time_1.svg\" width=\"30\" \/><\/td>\n<th class=\"feature-name\">Blomningstid:<\/th>\n<td class=\"feture-value\">7 &#8211; 9 uger<\/td>\n<\/tr>\n<tr>\n<td class=\"feature-icon\"><img decoding=\"async\" src=\"https:\/\/superseeds.dk\/wp-content\/uploads\/2022\/07\/27_harvest-period_1.svg\" width=\"30\" \/><\/td>\n<th class=\"feature-name\">H\u00f8stm\u00e5ned:<\/th>\n<td class=\"feture-value\">10-12 Uger efter spiring<\/td>\n<\/tr>\n<tr>\n<td class=\"feature-icon\"><img decoding=\"async\" src=\"https:\/\/superseeds.dk\/wp-content\/uploads\/2022\/07\/23_genetic-background_1.svg\" width=\"30\" \/><\/td>\n<th class=\"feature-name\">Genetisk baggrund:<\/th>\n<td class=\"feture-value\">Girl Scout Cookies x Ruderalis<\/td>\n<\/tr>\n<tr>\n<td class=\"feature-icon\"><img decoding=\"async\" src=\"https:\/\/superseeds.dk\/wp-content\/uploads\/2022\/07\/28_Type-Blend_1.svg\" width=\"30\" \/><\/td>\n<th class=\"feature-name\">Type:<\/th>\n<td class=\"feture-value\">Sativa 20% Indica 60% Ruderalis 20%<\/td>\n<\/tr>\n<tr>\n<td class=\"feature-icon\"><img decoding=\"async\" src=\"https:\/\/superseeds.dk\/wp-content\/uploads\/2022\/07\/22_Effect_1.svg\" width=\"30\" \/><\/td>\n<th class=\"feature-name\">Effekt:<\/th>\n<td class=\"feture-value\">Beroligende, Euforisk<\/td>\n<\/tr>\n<tr>\n<td class=\"feature-icon\"><img decoding=\"async\" src=\"https:\/\/superseeds.dk\/wp-content\/uploads\/2022\/07\/35_Climate_1.svg\" width=\"30\" \/><\/td>\n<th class=\"feature-name\">Klima:<\/th>\n<td class=\"feture-value\">Varm<\/td>\n<\/tr>\n<tr>\n<td class=\"feature-icon\"><img decoding=\"async\" src=\"https:\/\/superseeds.dk\/wp-content\/uploads\/2022\/07\/46_Flavour.svg\" width=\"30\" \/><\/td>\n<th class=\"feature-name\">Smak:<\/th>\n<td class=\"feture-value\">Frugtagtig, Jordagtig, Slik<\/td>\n<\/tr>\n<\/tbody>\n<\/table>\n<\/div>\n<\/div>","protected":false},"excerpt":{"rendered":"<p>Royal Cookies Automatic er det seneste skud p\u00e5 stammen fra udvalget af automatisk blomstrende sorter hos Royal Queen Seeds. En krydsning af marihuana-verdensstjernen Girl Scout Cookies og Ruderalis-genetik er denne sort med den ikoniske aromaprofil nu nemmere at dyrke end nogensinde. Hvis du absolut ikke kan vente p\u00e5 at blive taget med fingrene i kaged\u00e5sen, s\u00e5 er det her sorten, du dr\u00f8mmer om.<\/p>","protected":false},"featured_media":12184,"template":"","meta":{"_acf_changed":false},"product_brand":[],"product_cat":[1739,839,812,840,841,830,815,896,842],"product_tag":[],"class_list":{"0":"post-25134","1":"product","2":"type-product","3":"status-publish","4":"has-post-thumbnail","6":"product_cat-alle-froe","7":"product_cat-autoblomstrende","8":"product_cat-blomstring-periode","9":"product_cat-indendoers-autoblomstrende","10":"product_cat-indica-dominant-autoblomstrende","11":"product_cat-over-70-dage","12":"product_cat-producenter-a-z","13":"product_cat-royal-queen-seeds","14":"product_cat-udendoers-autoblomstrende","15":"pa_antal-3-stk","16":"pa_antal-5-stk","17":"pa_blomst-type-autoblomstrende","18":"pa_blomstringstid-over-70-dage","19":"pa_thc-10-20","20":"pa_udbytte-medium","22":"first","23":"instock","24":"taxable","25":"shipping-taxable","26":"purchasable","27":"product-type-variable","28":"wvs-archive-product-wrapper"},"acf":[],"yoast_head":"<!-- This site is optimized with the Yoast SEO plugin v26.9 - https:\/\/yoast.com\/product\/yoast-seo-wordpress\/ -->\n<title>Royal Cookies Auto - RQS - Superseeds.dk<\/title>\n<meta name=\"robots\" content=\"index, follow, max-snippet:-1, max-image-preview:large, max-video-preview:-1\" \/>\n<link rel=\"canonical\" href=\"https:\/\/superseeds.dk\/se\/produkt\/royal-cookies-auto-rqs\/\" \/>\n<meta property=\"og:locale\" content=\"sv_SE\" \/>\n<meta property=\"og:type\" content=\"article\" \/>\n<meta property=\"og:title\" content=\"Royal Cookies Auto - RQS - Superseeds.dk\" \/>\n<meta property=\"og:description\" content=\"Royal Cookies Automatic er det seneste skud p\u00e5 stammen fra udvalget af automatisk blomstrende sorter hos Royal Queen Seeds. En krydsning af marihuana-verdensstjernen Girl Scout Cookies og Ruderalis-genetik er denne sort med den ikoniske aromaprofil nu nemmere at dyrke end nogensinde. Hvis du absolut ikke kan vente p\u00e5 at blive taget med fingrene i kaged\u00e5sen, s\u00e5 er det her sorten, du dr\u00f8mmer om.\" \/>\n<meta property=\"og:url\" content=\"https:\/\/superseeds.dk\/se\/produkt\/royal-cookies-auto-rqs\/\" \/>\n<meta property=\"og:site_name\" content=\"Superseeds.dk\" \/>\n<meta property=\"article:modified_time\" content=\"2023-11-23T12:30:45+00:00\" \/>\n<meta property=\"og:image\" content=\"https:\/\/dev.superseeds.dk\/wp-content\/uploads\/2022\/07\/royal-cookies-automatic.jpg\" \/>\n\t<meta property=\"og:image:width\" content=\"600\" \/>\n\t<meta property=\"og:image:height\" content=\"600\" \/>\n\t<meta property=\"og:image:type\" content=\"image\/jpeg\" \/>\n<meta name=\"twitter:card\" content=\"summary_large_image\" \/>\n<meta name=\"twitter:label1\" content=\"Ber\u00e4knad l\u00e4stid\" \/>\n\t<meta name=\"twitter:data1\" content=\"5 minuter\" \/>\n<script type=\"application\/ld+json\" class=\"yoast-schema-graph\">{\"@context\":\"https:\/\/schema.org\",\"@graph\":[{\"@type\":\"WebPage\",\"@id\":\"https:\/\/superseeds.dk\/vare\/royal-cookies-auto-rqs\/\",\"url\":\"https:\/\/superseeds.dk\/vare\/royal-cookies-auto-rqs\/\",\"name\":\"Royal Cookies Auto - RQS - Superseeds.dk\",\"isPartOf\":{\"@id\":\"https:\/\/super-seeds.se\/#website\"},\"primaryImageOfPage\":{\"@id\":\"https:\/\/superseeds.dk\/vare\/royal-cookies-auto-rqs\/#primaryimage\"},\"image\":{\"@id\":\"https:\/\/superseeds.dk\/vare\/royal-cookies-auto-rqs\/#primaryimage\"},\"thumbnailUrl\":\"https:\/\/superseeds.dk\/wp-content\/uploads\/2022\/07\/royal-cookies-automatic.jpg\",\"datePublished\":\"2021-03-23T10:12:25+00:00\",\"dateModified\":\"2023-11-23T12:30:45+00:00\",\"breadcrumb\":{\"@id\":\"https:\/\/superseeds.dk\/vare\/royal-cookies-auto-rqs\/#breadcrumb\"},\"inLanguage\":\"sv-SE\",\"potentialAction\":[{\"@type\":\"ReadAction\",\"target\":[\"https:\/\/superseeds.dk\/vare\/royal-cookies-auto-rqs\/\"]}]},{\"@type\":\"ImageObject\",\"inLanguage\":\"sv-SE\",\"@id\":\"https:\/\/superseeds.dk\/vare\/royal-cookies-auto-rqs\/#primaryimage\",\"url\":\"https:\/\/superseeds.dk\/wp-content\/uploads\/2022\/07\/royal-cookies-automatic.jpg\",\"contentUrl\":\"https:\/\/superseeds.dk\/wp-content\/uploads\/2022\/07\/royal-cookies-automatic.jpg\",\"width\":600,\"height\":600},{\"@type\":\"BreadcrumbList\",\"@id\":\"https:\/\/superseeds.dk\/vare\/royal-cookies-auto-rqs\/#breadcrumb\",\"itemListElement\":[{\"@type\":\"ListItem\",\"position\":1,\"name\":\"Hjem\",\"item\":\"https:\/\/superseeds.dk\/\"},{\"@type\":\"ListItem\",\"position\":2,\"name\":\"Shop\",\"item\":\"https:\/\/superseeds.dk\/no\/butikk\/\"},{\"@type\":\"ListItem\",\"position\":3,\"name\":\"Royal Cookies Auto &#8211; RQS\"}]},{\"@type\":\"WebSite\",\"@id\":\"https:\/\/super-seeds.se\/#website\",\"url\":\"https:\/\/super-seeds.se\/\",\"name\":\"Superseeds.dk\",\"description\":\"\",\"publisher\":{\"@id\":\"https:\/\/super-seeds.se\/#organization\"},\"potentialAction\":[{\"@type\":\"SearchAction\",\"target\":{\"@type\":\"EntryPoint\",\"urlTemplate\":\"https:\/\/super-seeds.se\/?s={search_term_string}\"},\"query-input\":{\"@type\":\"PropertyValueSpecification\",\"valueRequired\":true,\"valueName\":\"search_term_string\"}}],\"inLanguage\":\"sv-SE\"},{\"@type\":\"Organization\",\"@id\":\"https:\/\/super-seeds.se\/#organization\",\"name\":\"Superseeds.dk\",\"url\":\"https:\/\/super-seeds.se\/\",\"logo\":{\"@type\":\"ImageObject\",\"inLanguage\":\"sv-SE\",\"@id\":\"https:\/\/super-seeds.se\/#\/schema\/logo\/image\/\",\"url\":\"https:\/\/superseeds.dk\/wp-content\/uploads\/2025\/09\/logo-superseeds.png\",\"contentUrl\":\"https:\/\/superseeds.dk\/wp-content\/uploads\/2025\/09\/logo-superseeds.png\",\"width\":180,\"height\":160,\"caption\":\"Superseeds.dk\"},\"image\":{\"@id\":\"https:\/\/super-seeds.se\/#\/schema\/logo\/image\/\"}}]}<\/script>\n<!-- \/ Yoast SEO plugin. -->","yoast_head_json":{"title":"Royal Cookies Auto - RQS - Superseeds.dk","robots":{"index":"index","follow":"follow","max-snippet":"max-snippet:-1","max-image-preview":"max-image-preview:large","max-video-preview":"max-video-preview:-1"},"canonical":"https:\/\/superseeds.dk\/se\/produkt\/royal-cookies-auto-rqs\/","og_locale":"sv_SE","og_type":"article","og_title":"Royal Cookies Auto - RQS - Superseeds.dk","og_description":"Royal Cookies Automatic er det seneste skud p\u00e5 stammen fra udvalget af automatisk blomstrende sorter hos Royal Queen Seeds. En krydsning af marihuana-verdensstjernen Girl Scout Cookies og Ruderalis-genetik er denne sort med den ikoniske aromaprofil nu nemmere at dyrke end nogensinde. Hvis du absolut ikke kan vente p\u00e5 at blive taget med fingrene i kaged\u00e5sen, s\u00e5 er det her sorten, du dr\u00f8mmer om.","og_url":"https:\/\/superseeds.dk\/se\/produkt\/royal-cookies-auto-rqs\/","og_site_name":"Superseeds.dk","article_modified_time":"2023-11-23T12:30:45+00:00","og_image":[{"width":600,"height":600,"url":"https:\/\/dev.superseeds.dk\/wp-content\/uploads\/2022\/07\/royal-cookies-automatic.jpg","type":"image\/jpeg"}],"twitter_card":"summary_large_image","twitter_misc":{"Ber\u00e4knad l\u00e4stid":"5 minuter"},"schema":{"@context":"https:\/\/schema.org","@graph":[{"@type":"WebPage","@id":"https:\/\/superseeds.dk\/vare\/royal-cookies-auto-rqs\/","url":"https:\/\/superseeds.dk\/vare\/royal-cookies-auto-rqs\/","name":"Royal Cookies Auto - RQS - Superseeds.dk","isPartOf":{"@id":"https:\/\/super-seeds.se\/#website"},"primaryImageOfPage":{"@id":"https:\/\/superseeds.dk\/vare\/royal-cookies-auto-rqs\/#primaryimage"},"image":{"@id":"https:\/\/superseeds.dk\/vare\/royal-cookies-auto-rqs\/#primaryimage"},"thumbnailUrl":"https:\/\/superseeds.dk\/wp-content\/uploads\/2022\/07\/royal-cookies-automatic.jpg","datePublished":"2021-03-23T10:12:25+00:00","dateModified":"2023-11-23T12:30:45+00:00","breadcrumb":{"@id":"https:\/\/superseeds.dk\/vare\/royal-cookies-auto-rqs\/#breadcrumb"},"inLanguage":"sv-SE","potentialAction":[{"@type":"ReadAction","target":["https:\/\/superseeds.dk\/vare\/royal-cookies-auto-rqs\/"]}]},{"@type":"ImageObject","inLanguage":"sv-SE","@id":"https:\/\/superseeds.dk\/vare\/royal-cookies-auto-rqs\/#primaryimage","url":"https:\/\/superseeds.dk\/wp-content\/uploads\/2022\/07\/royal-cookies-automatic.jpg","contentUrl":"https:\/\/superseeds.dk\/wp-content\/uploads\/2022\/07\/royal-cookies-automatic.jpg","width":600,"height":600},{"@type":"BreadcrumbList","@id":"https:\/\/superseeds.dk\/vare\/royal-cookies-auto-rqs\/#breadcrumb","itemListElement":[{"@type":"ListItem","position":1,"name":"Hjem","item":"https:\/\/superseeds.dk\/"},{"@type":"ListItem","position":2,"name":"Shop","item":"https:\/\/superseeds.dk\/no\/butikk\/"},{"@type":"ListItem","position":3,"name":"Royal Cookies Auto &#8211; RQS"}]},{"@type":"WebSite","@id":"https:\/\/super-seeds.se\/#website","url":"https:\/\/super-seeds.se\/","name":"Superseeds.com","description":"","publisher":{"@id":"https:\/\/super-seeds.se\/#organization"},"potentialAction":[{"@type":"SearchAction","target":{"@type":"EntryPoint","urlTemplate":"https:\/\/super-seeds.se\/?s={search_term_string}"},"query-input":{"@type":"PropertyValueSpecification","valueRequired":true,"valueName":"search_term_string"}}],"inLanguage":"sv-SE"},{"@type":"Organization","@id":"https:\/\/super-seeds.se\/#organization","name":"Superseeds.com","url":"https:\/\/super-seeds.se\/","logo":{"@type":"ImageObject","inLanguage":"sv-SE","@id":"https:\/\/super-seeds.se\/#\/schema\/logo\/image\/","url":"https:\/\/superseeds.dk\/wp-content\/uploads\/2025\/09\/logo-superseeds.png","contentUrl":"https:\/\/superseeds.dk\/wp-content\/uploads\/2025\/09\/logo-superseeds.png","width":180,"height":160,"caption":"Superseeds.dk"},"image":{"@id":"https:\/\/super-seeds.se\/#\/schema\/logo\/image\/"}}]}},"df_price":195,"df_sale_price":"","df_regular_price":195,"df_image_link":"https:\/\/superseeds.dk\/wp-content\/uploads\/2022\/07\/royal-cookies-automatic-300x300.jpg","_links":{"self":[{"href":"https:\/\/superseeds.dk\/se\/wp-json\/wp\/v2\/product\/25134","targetHints":{"allow":["GET"]}}],"collection":[{"href":"https:\/\/superseeds.dk\/se\/wp-json\/wp\/v2\/product"}],"about":[{"href":"https:\/\/superseeds.dk\/se\/wp-json\/wp\/v2\/types\/product"}],"wp:featuredmedia":[{"embeddable":true,"href":"https:\/\/superseeds.dk\/se\/wp-json\/wp\/v2\/media\/12184"}],"wp:attachment":[{"href":"https:\/\/superseeds.dk\/se\/wp-json\/wp\/v2\/media?parent=25134"}],"wp:term":[{"taxonomy":"product_brand","embeddable":true,"href":"https:\/\/superseeds.dk\/se\/wp-json\/wp\/v2\/product_brand?post=25134"},{"taxonomy":"product_cat","embeddable":true,"href":"https:\/\/superseeds.dk\/se\/wp-json\/wp\/v2\/product_cat?post=25134"},{"taxonomy":"product_tag","embeddable":true,"href":"https:\/\/superseeds.dk\/se\/wp-json\/wp\/v2\/product_tag?post=25134"}],"curies":[{"name":"wp","href":"https:\/\/api.w.org\/{rel}","templated":true}]}}