{"id":25070,"date":"2021-03-19T12:44:27","date_gmt":"2021-03-19T11:44:27","guid":{"rendered":"https:\/\/superseeds.dk\/vare\/sweet-zz-auto-rqs\/"},"modified":"2023-11-23T13:30:53","modified_gmt":"2023-11-23T12:30:53","slug":"sweet-zz-auto-rqs","status":"publish","type":"product","link":"https:\/\/superseeds.dk\/se\/produkt\/sweet-zz-auto-rqs\/","title":{"rendered":"Sweet ZZ Auto &#8211; RQS"},"content":{"rendered":"<div id=\"idTab1\" class=\"rte\">\n<div class=\"product-expand\" data-expand-button=\"Read more\" data-collapse-button=\"Vis mindre\">\n<h2>Sweet ZZ Automatic: En automatisk blomstrende s\u00e6rhed<\/h2>\n<p>Begyndere lokkes ofte af de automatisk blomstrende sorter, fordi de er s\u00e5 nemme at dyrke. Mere erfarne dyrkere v\u00e6lger imidlertid typisk fotoperiodiske sorter for et mere omfangsrigt udbytte. Sweet ZZ Auto kombinerer disse egenskaber for at im\u00f8dekomme krav fra b\u00e5de novicer og erfarne dyrkere. Hun er ligetil at dyrke og producerer en h\u00f8st, som er p\u00e5 niveau med de fleste fotoperiodiske sorter.<\/p>\n<p>Vores dygtige avlere skabte denne skabning ved at bruge for\u00e6ldresorter af h\u00f8jeste kvalitet. Fra begyndelsen var m\u00e5let at h\u00e6ve standarden for den automatisk blomstrende genetik. Udbytte og virkning var essentielle faktorer, men hun skulle ogs\u00e5 smage fantastisk. Vores avlere valgte Zkittlez som den f\u00f8rste for\u00e6ldresort netop p\u00e5 grund af dette. Hendes prisvindende smag og lugt tilf\u00f8rte noget seri\u00f8s skarphed, hvorimod hendes Indica-high bidrog med en afslappende virkning. Derefter havde vi brug for at finde noget lige s\u00e5 velsmagende for at tils\u00e6tte noget automatisk blomstrende genetik til blandingen. Diesel Auto &#8211; :https:\/\/www.royalqueenseeds.com\/autoflowering-cannabis-seeds\/180-diesel-automatic.html &#8211; var det perfekte valg. Denne kvinde har et l\u00e6kkert slag i sig og udm\u00e6rker sig ved en hurtig v\u00e6kstcyklus. Vores ekspertavlere har omhyggeligt kombineret disse genetiske tr\u00e6k, og resultatet er enest\u00e5ende. Sweet ZZ Automatisk er f\u00f8dt, og hendes egenskaber har bl\u00e6st os v\u00e6k.<\/p>\n<h3>Virkning, Smag Og Aroma Af Sweet Zz Automatic<\/h3>\n<p>Sweet ZZ Automatic arvede en Indica-domineret genetisk profil. Hun leverer hovedsageligt en stenet f\u00f8lelse af at v\u00e6re h\u00f8j, som g\u00e5r efter kroppen. Det ville v\u00e6re en underdrivelse at beskrive denne virkning som afslappende. Vi tog et udpluk af hendes blomster med p\u00e5 laboratoriet og fik bekr\u00e6ftelse p\u00e5 et THC-niveau p\u00e5 18%. S\u00e5dan en h\u00f8j koncentration af cannabinoid sm\u00e6kker kroppen med en gennemgribende beroligende virkning, som bremser angst og stress i opl\u00f8bet. Sweet ZZ Auto er en fantastisk sort til nydelsesm\u00e6ssige form\u00e5l, n\u00e5r du og dine rygevenner har brug for at f\u00e5 hverdagens strabadser p\u00e5 afstand. Bestil noget l\u00e6kker mad, s\u00e6t en god film p\u00e5, og flygt fra virkeligheden for en stund.<\/p>\n<p>Et v\u00e6ld af afslappende terpener forst\u00e6rker den intense og l\u00e6ngerevarende f\u00f8lelse af at v\u00e6re h\u00f8j. Disse molekyler leverer l\u00e6kre smage og p\u00e5virker virkningen v\u00e6sentligt. Caryophyllen er d\u00e9n terpen, som der er mest af i Sweet ZZ Auto og s\u00f8rger for noter af krydderi og peber. Det b\u00f8r n\u00e6vnes, at molekylen ogs\u00e5 spiller en rolle som cannabinoid. Caryophyllen aktiverer CB2-receptorerne i det endocannabinoide system for at producere en antiinflammatorisk virkning. Denne mekanisme giver et boost til det samlede terapeutiske potentiale i Sweet ZZ Auto.<\/p>\n<p>Sorten indeholder ogs\u00e5 h\u00f8je niveauer af humulen, som byder p\u00e5 humlesmag og -aroma. Limonen er endnu en fremtr\u00e6dende terpen i blandingen med spor af citron og virkning mod angst.<\/p>\n<h3>Dyrkning Af Sweet ZZ Automatic<\/h3>\n<p>Hun er alts\u00e5 sp\u00e6kket med THC og velsmagende terpener. Hvad mere kunne du \u00f8nske dig? Jamen, g\u00f8r dig klar til den store finale. Sweet ZZ Automatic producerer et imponerende udbytte p\u00e5 kort tid. Efter spiring af hendes fr\u00f8 producerer hun et tykt omr\u00e5de af modne blomster p\u00e5 omkring 75 dage. I l\u00f8bet af denne tid n\u00e5r hun op p\u00e5 en h\u00f8jde p\u00e5 omkring 1 meter.<\/p>\n<p>Hvis du planl\u00e6gger at dyrke denne sort indend\u00f8rs, kan du forvente et maksimalt udbytte p\u00e5 400 gram\/m\u00b2. Hvis dit speciale ligger inden for udend\u00f8rs dyrkning, kan du se frem til en h\u00f8st p\u00e5 omkring 160 gram pr. plante<\/p>\n<table id=\"idTab2\" class=\"bullet product-features-list\">\n<caption>\u00a0<\/caption>\n<tbody>\n<tr>\n<td class=\"feature-icon\"><img decoding=\"async\" src=\"https:\/\/superseeds.dk\/wp-content\/uploads\/2022\/07\/1773_val_family-auto_1.svg\" width=\"30\" \/><\/td>\n<th class=\"feature-name\">Sorttype:<\/th>\n<td class=\"feture-value\">Auto-Blomstrende<\/td>\n<\/tr>\n<tr>\n<td class=\"feature-icon\"><img decoding=\"async\" src=\"https:\/\/superseeds.dk\/wp-content\/uploads\/2022\/07\/29_THC_1.svg\" width=\"30\" \/><\/td>\n<th class=\"feature-name\">THC:<\/th>\n<td class=\"feture-value\">18%<\/td>\n<\/tr>\n<tr>\n<td class=\"feature-icon\"><img decoding=\"async\" src=\"https:\/\/superseeds.dk\/wp-content\/uploads\/2022\/07\/30_CBD_1.svg\" width=\"30\" \/><\/td>\n<th class=\"feature-name\">CBD:<\/th>\n<td class=\"feture-value\">L\u00e5g<\/td>\n<\/tr>\n<tr>\n<td class=\"feature-icon\"><img decoding=\"async\" src=\"https:\/\/superseeds.dk\/wp-content\/uploads\/2022\/07\/33_Yield-indoors_1.svg\" width=\"30\" \/><\/td>\n<th class=\"feature-name\">Udbytte indend\u00f8rs:<\/th>\n<td class=\"feture-value\">350 &#8211; 400 gr\/m2<\/td>\n<\/tr>\n<tr>\n<td class=\"feature-icon\"><img decoding=\"async\" src=\"https:\/\/superseeds.dk\/wp-content\/uploads\/2022\/07\/34_yield-outdoor_1.svg\" width=\"30\" \/><\/td>\n<th class=\"feature-name\">Udbytte udend\u00f8rs:<\/th>\n<td class=\"feture-value\">90 &#8211; 175 gr\/plant<\/td>\n<\/tr>\n<tr>\n<td class=\"feature-icon\"><img decoding=\"async\" src=\"https:\/\/superseeds.dk\/wp-content\/uploads\/2022\/07\/31_plant-height-outdoor_1.svg\" width=\"30\" \/><\/td>\n<th class=\"feature-name\">H\u00f8jde indend\u00f8rs:<\/th>\n<td class=\"feture-value\">70 &#8211; 120 cm<\/td>\n<\/tr>\n<tr>\n<td class=\"feature-icon\"><img decoding=\"async\" src=\"https:\/\/superseeds.dk\/wp-content\/uploads\/2022\/07\/32_plant-height-outdoors_1.svg\" width=\"30\" \/><\/td>\n<th class=\"feature-name\">H\u00f8jde udend\u00f8rs:<\/th>\n<td class=\"feture-value\">100 &#8211; 120 cm<\/td>\n<\/tr>\n<tr>\n<td class=\"feature-icon\"><img decoding=\"async\" src=\"https:\/\/superseeds.dk\/wp-content\/uploads\/2022\/07\/25_flowering-time_1.svg\" width=\"30\" \/><\/td>\n<th class=\"feature-name\">Blomningstid:<\/th>\n<td class=\"feture-value\">6 &#8211; 7 uger<\/td>\n<\/tr>\n<tr>\n<td class=\"feature-icon\"><img decoding=\"async\" src=\"https:\/\/superseeds.dk\/wp-content\/uploads\/2022\/07\/27_harvest-period_1.svg\" width=\"30\" \/><\/td>\n<th class=\"feature-name\">H\u00f8stm\u00e5ned:<\/th>\n<td class=\"feture-value\">9 &#8211; 11 Uger efter spiring<\/td>\n<\/tr>\n<tr>\n<td class=\"feature-icon\"><img decoding=\"async\" src=\"https:\/\/superseeds.dk\/wp-content\/uploads\/2022\/07\/23_genetic-background_1.svg\" width=\"30\" \/><\/td>\n<th class=\"feature-name\">Genetisk baggrund:<\/th>\n<td class=\"feture-value\">Sweet ZZ x Diesel Auto<\/td>\n<\/tr>\n<tr>\n<td class=\"feature-icon\"><img decoding=\"async\" src=\"https:\/\/superseeds.dk\/wp-content\/uploads\/2022\/07\/28_Type-Blend_1.svg\" width=\"30\" \/><\/td>\n<th class=\"feature-name\">Type:<\/th>\n<td class=\"feture-value\">Sativa 35% Indica 60% Ruderalis 5%<\/td>\n<\/tr>\n<tr>\n<td class=\"feature-icon\"><img decoding=\"async\" src=\"https:\/\/superseeds.dk\/wp-content\/uploads\/2022\/07\/22_Effect_1.svg\" width=\"30\" \/><\/td>\n<th class=\"feature-name\">Effekt:<\/th>\n<td class=\"feture-value\">Stenet<\/td>\n<\/tr>\n<tr>\n<td class=\"feature-icon\"><img decoding=\"async\" src=\"https:\/\/superseeds.dk\/wp-content\/uploads\/2022\/07\/35_Climate_1.svg\" width=\"30\" \/><\/td>\n<th class=\"feature-name\">Klima:<\/th>\n<td class=\"feture-value\">Kold<\/td>\n<\/tr>\n<tr>\n<td class=\"feature-icon\"><img decoding=\"async\" src=\"https:\/\/superseeds.dk\/wp-content\/uploads\/2022\/07\/46_Flavour.svg\" width=\"30\" \/><\/td>\n<th class=\"feature-name\">Smak:<\/th>\n<td class=\"feture-value\">Citrus, Frugtagtig, Slik<\/td>\n<\/tr>\n<\/tbody>\n<\/table>\n<\/div>\n<\/div>","protected":false},"excerpt":{"rendered":"<p>Sweet ZZ Automatic er et banebrydende skridt inden for verden for automatisk blomstrende genetik. Hun bl\u00e6ser andre sorter ud af banen i forhold til styrke, smag og udbytte.<\/p>","protected":false},"featured_media":12082,"template":"","meta":{"_acf_changed":false},"product_brand":[],"product_cat":[1739,839,812,840,841,830,815,896,842],"product_tag":[],"class_list":{"0":"post-25070","1":"product","2":"type-product","3":"status-publish","4":"has-post-thumbnail","6":"product_cat-alle-froe","7":"product_cat-autoblomstrende","8":"product_cat-blomstring-periode","9":"product_cat-indendoers-autoblomstrende","10":"product_cat-indica-dominant-autoblomstrende","11":"product_cat-over-70-dage","12":"product_cat-producenter-a-z","13":"product_cat-royal-queen-seeds","14":"product_cat-udendoers-autoblomstrende","15":"pa_antal-3-stk","16":"pa_antal-5-stk","17":"pa_blomst-type-autoblomstrende","18":"pa_blomstringstid-over-70-dage","19":"pa_thc-10-20","20":"pa_udbytte-medium","22":"first","23":"instock","24":"taxable","25":"shipping-taxable","26":"purchasable","27":"product-type-variable","28":"wvs-archive-product-wrapper"},"acf":[],"yoast_head":"<!-- This site is optimized with the Yoast SEO plugin v26.9 - https:\/\/yoast.com\/product\/yoast-seo-wordpress\/ -->\n<title>Sweet ZZ Auto - RQS - Superseeds.dk<\/title>\n<meta name=\"robots\" content=\"index, follow, max-snippet:-1, max-image-preview:large, max-video-preview:-1\" \/>\n<link rel=\"canonical\" href=\"https:\/\/superseeds.dk\/se\/produkt\/sweet-zz-auto-rqs\/\" \/>\n<meta property=\"og:locale\" content=\"sv_SE\" \/>\n<meta property=\"og:type\" content=\"article\" \/>\n<meta property=\"og:title\" content=\"Sweet ZZ Auto - RQS - Superseeds.dk\" \/>\n<meta property=\"og:description\" content=\"Sweet ZZ Automatic er et banebrydende skridt inden for verden for automatisk blomstrende genetik. Hun bl\u00e6ser andre sorter ud af banen i forhold til styrke, smag og udbytte.\" \/>\n<meta property=\"og:url\" content=\"https:\/\/superseeds.dk\/se\/produkt\/sweet-zz-auto-rqs\/\" \/>\n<meta property=\"og:site_name\" content=\"Superseeds.dk\" \/>\n<meta property=\"article:modified_time\" content=\"2023-11-23T12:30:53+00:00\" \/>\n<meta property=\"og:image\" content=\"https:\/\/dev.dev.dev.dev.superseeds.dk\/wp-content\/uploads\/2022\/07\/sweet-zz-automatic.jpg\" \/>\n\t<meta property=\"og:image:width\" content=\"600\" \/>\n\t<meta property=\"og:image:height\" content=\"600\" \/>\n\t<meta property=\"og:image:type\" content=\"image\/jpeg\" \/>\n<meta name=\"twitter:card\" content=\"summary_large_image\" \/>\n<meta name=\"twitter:label1\" content=\"Ber\u00e4knad l\u00e4stid\" \/>\n\t<meta name=\"twitter:data1\" content=\"7 minuter\" \/>\n<script type=\"application\/ld+json\" class=\"yoast-schema-graph\">{\"@context\":\"https:\/\/schema.org\",\"@graph\":[{\"@type\":\"WebPage\",\"@id\":\"https:\/\/superseeds.dk\/vare\/sweet-zz-auto-rqs\/\",\"url\":\"https:\/\/superseeds.dk\/vare\/sweet-zz-auto-rqs\/\",\"name\":\"Sweet ZZ Auto - RQS - Superseeds.dk\",\"isPartOf\":{\"@id\":\"https:\/\/super-seeds.se\/#website\"},\"primaryImageOfPage\":{\"@id\":\"https:\/\/superseeds.dk\/vare\/sweet-zz-auto-rqs\/#primaryimage\"},\"image\":{\"@id\":\"https:\/\/superseeds.dk\/vare\/sweet-zz-auto-rqs\/#primaryimage\"},\"thumbnailUrl\":\"https:\/\/superseeds.dk\/wp-content\/uploads\/2022\/07\/sweet-zz-automatic.jpg\",\"datePublished\":\"2021-03-19T11:44:27+00:00\",\"dateModified\":\"2023-11-23T12:30:53+00:00\",\"breadcrumb\":{\"@id\":\"https:\/\/superseeds.dk\/vare\/sweet-zz-auto-rqs\/#breadcrumb\"},\"inLanguage\":\"sv-SE\",\"potentialAction\":[{\"@type\":\"ReadAction\",\"target\":[\"https:\/\/superseeds.dk\/vare\/sweet-zz-auto-rqs\/\"]}]},{\"@type\":\"ImageObject\",\"inLanguage\":\"sv-SE\",\"@id\":\"https:\/\/superseeds.dk\/vare\/sweet-zz-auto-rqs\/#primaryimage\",\"url\":\"https:\/\/superseeds.dk\/wp-content\/uploads\/2022\/07\/sweet-zz-automatic.jpg\",\"contentUrl\":\"https:\/\/superseeds.dk\/wp-content\/uploads\/2022\/07\/sweet-zz-automatic.jpg\",\"width\":600,\"height\":600},{\"@type\":\"BreadcrumbList\",\"@id\":\"https:\/\/superseeds.dk\/vare\/sweet-zz-auto-rqs\/#breadcrumb\",\"itemListElement\":[{\"@type\":\"ListItem\",\"position\":1,\"name\":\"Hjem\",\"item\":\"https:\/\/superseeds.dk\/\"},{\"@type\":\"ListItem\",\"position\":2,\"name\":\"Shop\",\"item\":\"https:\/\/superseeds.dk\/no\/butikk\/\"},{\"@type\":\"ListItem\",\"position\":3,\"name\":\"Sweet ZZ Auto &#8211; RQS\"}]},{\"@type\":\"WebSite\",\"@id\":\"https:\/\/super-seeds.se\/#website\",\"url\":\"https:\/\/super-seeds.se\/\",\"name\":\"Superseeds.dk\",\"description\":\"\",\"publisher\":{\"@id\":\"https:\/\/super-seeds.se\/#organization\"},\"potentialAction\":[{\"@type\":\"SearchAction\",\"target\":{\"@type\":\"EntryPoint\",\"urlTemplate\":\"https:\/\/super-seeds.se\/?s={search_term_string}\"},\"query-input\":{\"@type\":\"PropertyValueSpecification\",\"valueRequired\":true,\"valueName\":\"search_term_string\"}}],\"inLanguage\":\"sv-SE\"},{\"@type\":\"Organization\",\"@id\":\"https:\/\/super-seeds.se\/#organization\",\"name\":\"Superseeds.dk\",\"url\":\"https:\/\/super-seeds.se\/\",\"logo\":{\"@type\":\"ImageObject\",\"inLanguage\":\"sv-SE\",\"@id\":\"https:\/\/super-seeds.se\/#\/schema\/logo\/image\/\",\"url\":\"https:\/\/superseeds.dk\/wp-content\/uploads\/2025\/09\/logo-superseeds.png\",\"contentUrl\":\"https:\/\/superseeds.dk\/wp-content\/uploads\/2025\/09\/logo-superseeds.png\",\"width\":180,\"height\":160,\"caption\":\"Superseeds.dk\"},\"image\":{\"@id\":\"https:\/\/super-seeds.se\/#\/schema\/logo\/image\/\"}}]}<\/script>\n<!-- \/ Yoast SEO plugin. -->","yoast_head_json":{"title":"Sweet ZZ Auto - RQS - Superseeds.dk","robots":{"index":"index","follow":"follow","max-snippet":"max-snippet:-1","max-image-preview":"max-image-preview:large","max-video-preview":"max-video-preview:-1"},"canonical":"https:\/\/superseeds.dk\/se\/produkt\/sweet-zz-auto-rqs\/","og_locale":"sv_SE","og_type":"article","og_title":"Sweet ZZ Auto - RQS - Superseeds.dk","og_description":"Sweet ZZ Automatic er et banebrydende skridt inden for verden for automatisk blomstrende genetik. Hun bl\u00e6ser andre sorter ud af banen i forhold til styrke, smag og udbytte.","og_url":"https:\/\/superseeds.dk\/se\/produkt\/sweet-zz-auto-rqs\/","og_site_name":"Superseeds.dk","article_modified_time":"2023-11-23T12:30:53+00:00","og_image":[{"width":600,"height":600,"url":"https:\/\/dev.dev.dev.dev.superseeds.dk\/wp-content\/uploads\/2022\/07\/sweet-zz-automatic.jpg","type":"image\/jpeg"}],"twitter_card":"summary_large_image","twitter_misc":{"Ber\u00e4knad l\u00e4stid":"7 minuter"},"schema":{"@context":"https:\/\/schema.org","@graph":[{"@type":"WebPage","@id":"https:\/\/superseeds.dk\/vare\/sweet-zz-auto-rqs\/","url":"https:\/\/superseeds.dk\/vare\/sweet-zz-auto-rqs\/","name":"Sweet ZZ Auto - RQS - Superseeds.dk","isPartOf":{"@id":"https:\/\/super-seeds.se\/#website"},"primaryImageOfPage":{"@id":"https:\/\/superseeds.dk\/vare\/sweet-zz-auto-rqs\/#primaryimage"},"image":{"@id":"https:\/\/superseeds.dk\/vare\/sweet-zz-auto-rqs\/#primaryimage"},"thumbnailUrl":"https:\/\/superseeds.dk\/wp-content\/uploads\/2022\/07\/sweet-zz-automatic.jpg","datePublished":"2021-03-19T11:44:27+00:00","dateModified":"2023-11-23T12:30:53+00:00","breadcrumb":{"@id":"https:\/\/superseeds.dk\/vare\/sweet-zz-auto-rqs\/#breadcrumb"},"inLanguage":"sv-SE","potentialAction":[{"@type":"ReadAction","target":["https:\/\/superseeds.dk\/vare\/sweet-zz-auto-rqs\/"]}]},{"@type":"ImageObject","inLanguage":"sv-SE","@id":"https:\/\/superseeds.dk\/vare\/sweet-zz-auto-rqs\/#primaryimage","url":"https:\/\/superseeds.dk\/wp-content\/uploads\/2022\/07\/sweet-zz-automatic.jpg","contentUrl":"https:\/\/superseeds.dk\/wp-content\/uploads\/2022\/07\/sweet-zz-automatic.jpg","width":600,"height":600},{"@type":"BreadcrumbList","@id":"https:\/\/superseeds.dk\/vare\/sweet-zz-auto-rqs\/#breadcrumb","itemListElement":[{"@type":"ListItem","position":1,"name":"Hjem","item":"https:\/\/superseeds.dk\/"},{"@type":"ListItem","position":2,"name":"Shop","item":"https:\/\/superseeds.dk\/no\/butikk\/"},{"@type":"ListItem","position":3,"name":"Sweet ZZ Auto &#8211; RQS"}]},{"@type":"WebSite","@id":"https:\/\/super-seeds.se\/#website","url":"https:\/\/super-seeds.se\/","name":"Superseeds.com","description":"","publisher":{"@id":"https:\/\/super-seeds.se\/#organization"},"potentialAction":[{"@type":"SearchAction","target":{"@type":"EntryPoint","urlTemplate":"https:\/\/super-seeds.se\/?s={search_term_string}"},"query-input":{"@type":"PropertyValueSpecification","valueRequired":true,"valueName":"search_term_string"}}],"inLanguage":"sv-SE"},{"@type":"Organization","@id":"https:\/\/super-seeds.se\/#organization","name":"Superseeds.com","url":"https:\/\/super-seeds.se\/","logo":{"@type":"ImageObject","inLanguage":"sv-SE","@id":"https:\/\/super-seeds.se\/#\/schema\/logo\/image\/","url":"https:\/\/superseeds.dk\/wp-content\/uploads\/2025\/09\/logo-superseeds.png","contentUrl":"https:\/\/superseeds.dk\/wp-content\/uploads\/2025\/09\/logo-superseeds.png","width":180,"height":160,"caption":"Superseeds.dk"},"image":{"@id":"https:\/\/super-seeds.se\/#\/schema\/logo\/image\/"}}]}},"df_price":179,"df_sale_price":"","df_regular_price":179,"df_image_link":"https:\/\/superseeds.dk\/wp-content\/uploads\/2022\/07\/sweet-zz-automatic-300x300.jpg","_links":{"self":[{"href":"https:\/\/superseeds.dk\/se\/wp-json\/wp\/v2\/product\/25070","targetHints":{"allow":["GET"]}}],"collection":[{"href":"https:\/\/superseeds.dk\/se\/wp-json\/wp\/v2\/product"}],"about":[{"href":"https:\/\/superseeds.dk\/se\/wp-json\/wp\/v2\/types\/product"}],"wp:featuredmedia":[{"embeddable":true,"href":"https:\/\/superseeds.dk\/se\/wp-json\/wp\/v2\/media\/12082"}],"wp:attachment":[{"href":"https:\/\/superseeds.dk\/se\/wp-json\/wp\/v2\/media?parent=25070"}],"wp:term":[{"taxonomy":"product_brand","embeddable":true,"href":"https:\/\/superseeds.dk\/se\/wp-json\/wp\/v2\/product_brand?post=25070"},{"taxonomy":"product_cat","embeddable":true,"href":"https:\/\/superseeds.dk\/se\/wp-json\/wp\/v2\/product_cat?post=25070"},{"taxonomy":"product_tag","embeddable":true,"href":"https:\/\/superseeds.dk\/se\/wp-json\/wp\/v2\/product_tag?post=25070"}],"curies":[{"name":"wp","href":"https:\/\/api.w.org\/{rel}","templated":true}]}}