{"id":24944,"date":"2021-02-23T19:47:37","date_gmt":"2021-02-23T18:47:37","guid":{"rendered":"https:\/\/superseeds.dk\/vare\/green-house-seeds-femi-the-church\/"},"modified":"2025-01-31T15:39:52","modified_gmt":"2025-01-31T14:39:52","slug":"green-house-seeds-femi-the-church","status":"publish","type":"product","link":"https:\/\/superseeds.dk\/se\/produkt\/green-house-seeds-femi-the-church\/","title":{"rendered":"The Church (Feminiserad) - Fr\u00f6er f\u00f6r v\u00e4xthus"},"content":{"rendered":"<p><strong>Indica 60%\u00a0Sativa 40%<\/strong><\/p>\n<p><strong>GENETIK<br \/>\n<\/strong>Swiss sativa x Super Skunk x Northern Lights.<\/p>\n<p><strong>EFFEKTER<br \/>\n<\/strong>En tung indica-f\u00f8lelse, der udvikler sig i en langvarig hjerneh\u00f8jde.<br \/>\nEn kompleks, meget social effekt.<\/p>\n<p><strong>BLOMMENDE INDEND\u00d8R<br \/>\n<\/strong>8 uger med et udbytte p\u00e5 op til 800 gr \/ m<sup>\u00a02<\/sup>\u00a0.<br \/>\nGod til SCRoG eller LST.<\/p>\n<p><strong>BLOMSTENDE UDEND\u00d8R<br \/>\n<\/strong>Klar i slutningen af \u200b\u200bseptember (nordlige halvkugle) med en produktion op til 900 gr \/ plante.<br \/>\nBusket plante, meget skimmelbestandig, ideel til fugtige omr\u00e5der.<\/p>","protected":false},"excerpt":{"rendered":"<table>\n<tbody>\n<tr>\n<td><img decoding=\"async\" class=\"wp-image-2106 alignnone\" src=\"http:\/\/superseeds.dk\/wp-content\/uploads\/2020\/12\/Weather_Tornado.svg\" sizes=\"(max-width: 26px) 100vw, 26px\" srcset=\"http:\/\/superseeds.dk\/wp-content\/uploads\/\/2020\/12\/Weather_Tornado.svg 150w, http:\/\/superseeds.dk\/wp-content\/uploads\/\/2020\/12\/Weather_Tornado.svg 300w, http:\/\/superseeds.dk\/wp-content\/uploads\/\/2020\/12\/Weather_Tornado.svg 1024w\" alt=\"\" width=\"26\" height=\"26\" \/>Blomningstid<\/td>\n<td><strong>56 dage<\/strong><\/td>\n<\/tr>\n<tr>\n<td><img decoding=\"async\" class=\"wp-image-2111 alignnone\" src=\"http:\/\/superseeds.dk\/wp-content\/uploads\/2020\/12\/Share.svg\" sizes=\"(max-width: 26px) 100vw, 26px\" srcset=\"http:\/\/superseeds.dk\/wp-content\/uploads\/\/2020\/12\/Share.svg 150w, http:\/\/superseeds.dk\/wp-content\/uploads\/\/2020\/12\/Share.svg 300w, http:\/\/superseeds.dk\/wp-content\/uploads\/\/2020\/12\/Share.svg 1024w\" alt=\"\" width=\"26\" height=\"26\" \/>Avkastning<\/td>\n<td><strong>Op til 800 g\/m\u00b2<\/strong><\/td>\n<\/tr>\n<tr>\n<td><img decoding=\"async\" class=\"wp-image-2107 alignnone\" src=\"http:\/\/superseeds.dk\/wp-content\/uploads\/2020\/12\/Robotic_Arm_Picker.svg\" sizes=\"(max-width: 26px) 100vw, 26px\" srcset=\"http:\/\/superseeds.dk\/wp-content\/uploads\/\/2020\/12\/Robotic_Arm_Picker.svg 150w, http:\/\/superseeds.dk\/wp-content\/uploads\/\/2020\/12\/Robotic_Arm_Picker.svg 300w, http:\/\/superseeds.dk\/wp-content\/uploads\/\/2020\/12\/Robotic_Arm_Picker.svg 1024w\" alt=\"\" width=\"26\" height=\"26\" \/>THC %<\/td>\n<td><strong>20,28%<\/strong><\/td>\n<\/tr>\n<tr>\n<td><img loading=\"lazy\" decoding=\"async\" class=\"wp-image-2124 alignnone\" src=\"http:\/\/superseeds.dk\/wp-content\/uploads\/2020\/12\/Block_Hub_Network.svg\" sizes=\"(max-width: 26px) 100vw, 26px\" srcset=\"http:\/\/superseeds.dk\/wp-content\/uploads\/\/2020\/12\/Block_Hub_Network.svg 150w, http:\/\/superseeds.dk\/wp-content\/uploads\/\/2020\/12\/Block_Hub_Network.svg 300w, http:\/\/superseeds.dk\/wp-content\/uploads\/\/2020\/12\/Block_Hub_Network.svg 1024w\" alt=\"\" width=\"26\" height=\"26\" \/>CBD %<\/td>\n<td><strong>0.16%<\/strong><\/td>\n<\/tr>\n<tr>\n<td><img loading=\"lazy\" decoding=\"async\" class=\"wp-image-2127 alignnone\" src=\"http:\/\/superseeds.dk\/wp-content\/uploads\/2020\/12\/Crops_Farming.svg\" sizes=\"(max-width: 26px) 100vw, 26px\" srcset=\"http:\/\/superseeds.dk\/wp-content\/uploads\/\/2020\/12\/Crops_Farming.svg 150w, http:\/\/superseeds.dk\/wp-content\/uploads\/\/2020\/12\/Crops_Farming.svg 300w, http:\/\/superseeds.dk\/wp-content\/uploads\/\/2020\/12\/Crops_Farming.svg 1024w\" alt=\"\" width=\"26\" height=\"26\" \/>H\u00f6jd<\/td>\n<td><strong>90-120 cm<\/strong><\/td>\n<\/tr>\n<\/tbody>\n<\/table>\n<p>The Church ( strawberry x Super Skunk x Northern Lights ) er <strong>meget modstandsdygtig over for skimmel,<\/strong> hvilket g\u00f8r den ideel til fugtige omr\u00e5der<\/p>\n<p>Ved optimalt dyrkning indend\u00f8rs kan du forvente et udbytte p\u00e5<strong> op til 800 g \/ m\u00b2 efter 8 ugers blomstring.<\/strong><\/p>","protected":false},"featured_media":11928,"template":"","meta":{"_acf_changed":false},"product_brand":[],"product_cat":[1739,812,817,911,819,826,815,827],"product_tag":[],"class_list":{"0":"post-24944","1":"product","2":"type-product","3":"status-publish","4":"has-post-thumbnail","6":"product_cat-alle-froe","7":"product_cat-blomstring-periode","8":"product_cat-feminiserede","9":"product_cat-green-house-seeds","10":"product_cat-indendoers","11":"product_cat-indica-dominant","12":"product_cat-producenter-a-z","13":"product_cat-under-60-dage","14":"pa_antal-1-stk","15":"pa_antal-3-stk","16":"pa_antal-5-stk","17":"pa_blomst-type-feminiserede","18":"pa_blomstringstid-under-60-dage","19":"pa_indica-sativa-indica-dominant","20":"pa_thc-10-20","21":"pa_thc-20-25","22":"pa_udbytte-xxl","24":"first","25":"instock","26":"taxable","27":"shipping-taxable","28":"purchasable","29":"product-type-variable","30":"wvs-archive-product-wrapper"},"acf":[],"yoast_head":"<!-- This site is optimized with the Yoast SEO plugin v26.9 - https:\/\/yoast.com\/product\/yoast-seo-wordpress\/ -->\n<title>The Church (Feminiseret) - Green House Seeds - Superseeds.dk<\/title>\n<meta name=\"robots\" content=\"index, follow, max-snippet:-1, max-image-preview:large, max-video-preview:-1\" \/>\n<link rel=\"canonical\" href=\"https:\/\/superseeds.dk\/se\/produkt\/green-house-seeds-femi-the-church\/\" \/>\n<meta property=\"og:locale\" content=\"sv_SE\" \/>\n<meta property=\"og:type\" content=\"article\" \/>\n<meta property=\"og:title\" content=\"The Church (Feminiseret) - Green House Seeds - Superseeds.dk\" \/>\n<meta property=\"og:description\" content=\"Blomstringstid 56 dage   Udbytte Op til 800 g\/m\u00b2   THC % 20,28%   CBD % 0.16%   H\u00f8jde 90-120 cm    The Church ( strawberry x Super Skunk x Northern Lights ) er meget modstandsdygtig over for skimmel, hvilket g\u00f8r den ideel til fugtige omr\u00e5der  Ved optimalt dyrkning indend\u00f8rs kan du forvente et udbytte p\u00e5 op til 800 g \/ m\u00b2 efter 8 ugers blomstring.\" \/>\n<meta property=\"og:url\" content=\"https:\/\/superseeds.dk\/se\/produkt\/green-house-seeds-femi-the-church\/\" \/>\n<meta property=\"og:site_name\" content=\"Superseeds.dk\" \/>\n<meta property=\"article:modified_time\" content=\"2025-01-31T14:39:52+00:00\" \/>\n<meta property=\"og:image\" content=\"https:\/\/super-seeds.no\/wp-content\/uploads\/2022\/07\/greenhouse-seeds-church-feminized-superseeds.jpg\" \/>\n\t<meta property=\"og:image:width\" content=\"660\" \/>\n\t<meta property=\"og:image:height\" content=\"660\" \/>\n\t<meta property=\"og:image:type\" content=\"image\/jpeg\" \/>\n<meta name=\"twitter:card\" content=\"summary_large_image\" \/>\n<meta name=\"twitter:label1\" content=\"Ber\u00e4knad l\u00e4stid\" \/>\n\t<meta name=\"twitter:data1\" content=\"1 minut\" \/>\n<script type=\"application\/ld+json\" class=\"yoast-schema-graph\">{\"@context\":\"https:\/\/schema.org\",\"@graph\":[{\"@type\":\"WebPage\",\"@id\":\"https:\/\/superseeds.dk\/vare\/green-house-seeds-femi-the-church\/\",\"url\":\"https:\/\/superseeds.dk\/vare\/green-house-seeds-femi-the-church\/\",\"name\":\"The Church (Feminiseret) - Green House Seeds - Superseeds.dk\",\"isPartOf\":{\"@id\":\"https:\/\/super-seeds.se\/#website\"},\"primaryImageOfPage\":{\"@id\":\"https:\/\/superseeds.dk\/vare\/green-house-seeds-femi-the-church\/#primaryimage\"},\"image\":{\"@id\":\"https:\/\/superseeds.dk\/vare\/green-house-seeds-femi-the-church\/#primaryimage\"},\"thumbnailUrl\":\"https:\/\/superseeds.dk\/wp-content\/uploads\/2022\/07\/greenhouse-seeds-church-feminized-superseeds.jpg\",\"datePublished\":\"2021-02-23T18:47:37+00:00\",\"dateModified\":\"2025-01-31T14:39:52+00:00\",\"breadcrumb\":{\"@id\":\"https:\/\/superseeds.dk\/vare\/green-house-seeds-femi-the-church\/#breadcrumb\"},\"inLanguage\":\"sv-SE\",\"potentialAction\":[{\"@type\":\"ReadAction\",\"target\":[\"https:\/\/superseeds.dk\/vare\/green-house-seeds-femi-the-church\/\"]}]},{\"@type\":\"ImageObject\",\"inLanguage\":\"sv-SE\",\"@id\":\"https:\/\/superseeds.dk\/vare\/green-house-seeds-femi-the-church\/#primaryimage\",\"url\":\"https:\/\/superseeds.dk\/wp-content\/uploads\/2022\/07\/greenhouse-seeds-church-feminized-superseeds.jpg\",\"contentUrl\":\"https:\/\/superseeds.dk\/wp-content\/uploads\/2022\/07\/greenhouse-seeds-church-feminized-superseeds.jpg\",\"width\":660,\"height\":660,\"caption\":\"greenhouse-seeds-church-feminized-superseeds\"},{\"@type\":\"BreadcrumbList\",\"@id\":\"https:\/\/superseeds.dk\/vare\/green-house-seeds-femi-the-church\/#breadcrumb\",\"itemListElement\":[{\"@type\":\"ListItem\",\"position\":1,\"name\":\"Hjem\",\"item\":\"https:\/\/superseeds.dk\/\"},{\"@type\":\"ListItem\",\"position\":2,\"name\":\"Shop\",\"item\":\"https:\/\/superseeds.dk\/no\/butikk\/\"},{\"@type\":\"ListItem\",\"position\":3,\"name\":\"The Church (Feminiseret) &#8211; Green House Seeds\"}]},{\"@type\":\"WebSite\",\"@id\":\"https:\/\/super-seeds.se\/#website\",\"url\":\"https:\/\/super-seeds.se\/\",\"name\":\"Superseeds.dk\",\"description\":\"\",\"publisher\":{\"@id\":\"https:\/\/super-seeds.se\/#organization\"},\"potentialAction\":[{\"@type\":\"SearchAction\",\"target\":{\"@type\":\"EntryPoint\",\"urlTemplate\":\"https:\/\/super-seeds.se\/?s={search_term_string}\"},\"query-input\":{\"@type\":\"PropertyValueSpecification\",\"valueRequired\":true,\"valueName\":\"search_term_string\"}}],\"inLanguage\":\"sv-SE\"},{\"@type\":\"Organization\",\"@id\":\"https:\/\/super-seeds.se\/#organization\",\"name\":\"Superseeds.dk\",\"url\":\"https:\/\/super-seeds.se\/\",\"logo\":{\"@type\":\"ImageObject\",\"inLanguage\":\"sv-SE\",\"@id\":\"https:\/\/super-seeds.se\/#\/schema\/logo\/image\/\",\"url\":\"https:\/\/superseeds.dk\/wp-content\/uploads\/2025\/09\/logo-superseeds.png\",\"contentUrl\":\"https:\/\/superseeds.dk\/wp-content\/uploads\/2025\/09\/logo-superseeds.png\",\"width\":180,\"height\":160,\"caption\":\"Superseeds.dk\"},\"image\":{\"@id\":\"https:\/\/super-seeds.se\/#\/schema\/logo\/image\/\"}}]}<\/script>\n<!-- \/ Yoast SEO plugin. -->","yoast_head_json":{"title":"The Church (Feminiseret) - Green House Seeds - Superseeds.dk","robots":{"index":"index","follow":"follow","max-snippet":"max-snippet:-1","max-image-preview":"max-image-preview:large","max-video-preview":"max-video-preview:-1"},"canonical":"https:\/\/superseeds.dk\/se\/produkt\/green-house-seeds-femi-the-church\/","og_locale":"sv_SE","og_type":"article","og_title":"The Church (Feminiseret) - Green House Seeds - Superseeds.dk","og_description":"Blomstringstid 56 dage   Udbytte Op til 800 g\/m\u00b2   THC % 20,28%   CBD % 0.16%   H\u00f8jde 90-120 cm    The Church ( strawberry x Super Skunk x Northern Lights ) er meget modstandsdygtig over for skimmel, hvilket g\u00f8r den ideel til fugtige omr\u00e5der  Ved optimalt dyrkning indend\u00f8rs kan du forvente et udbytte p\u00e5 op til 800 g \/ m\u00b2 efter 8 ugers blomstring.","og_url":"https:\/\/superseeds.dk\/se\/produkt\/green-house-seeds-femi-the-church\/","og_site_name":"Superseeds.dk","article_modified_time":"2025-01-31T14:39:52+00:00","og_image":[{"width":660,"height":660,"url":"https:\/\/super-seeds.no\/wp-content\/uploads\/2022\/07\/greenhouse-seeds-church-feminized-superseeds.jpg","type":"image\/jpeg"}],"twitter_card":"summary_large_image","twitter_misc":{"Ber\u00e4knad l\u00e4stid":"1 minut"},"schema":{"@context":"https:\/\/schema.org","@graph":[{"@type":"WebPage","@id":"https:\/\/superseeds.dk\/vare\/green-house-seeds-femi-the-church\/","url":"https:\/\/superseeds.dk\/vare\/green-house-seeds-femi-the-church\/","name":"The Church (Feminiseret) - Green House Seeds - Superseeds.dk","isPartOf":{"@id":"https:\/\/super-seeds.se\/#website"},"primaryImageOfPage":{"@id":"https:\/\/superseeds.dk\/vare\/green-house-seeds-femi-the-church\/#primaryimage"},"image":{"@id":"https:\/\/superseeds.dk\/vare\/green-house-seeds-femi-the-church\/#primaryimage"},"thumbnailUrl":"https:\/\/superseeds.dk\/wp-content\/uploads\/2022\/07\/greenhouse-seeds-church-feminized-superseeds.jpg","datePublished":"2021-02-23T18:47:37+00:00","dateModified":"2025-01-31T14:39:52+00:00","breadcrumb":{"@id":"https:\/\/superseeds.dk\/vare\/green-house-seeds-femi-the-church\/#breadcrumb"},"inLanguage":"sv-SE","potentialAction":[{"@type":"ReadAction","target":["https:\/\/superseeds.dk\/vare\/green-house-seeds-femi-the-church\/"]}]},{"@type":"ImageObject","inLanguage":"sv-SE","@id":"https:\/\/superseeds.dk\/vare\/green-house-seeds-femi-the-church\/#primaryimage","url":"https:\/\/superseeds.dk\/wp-content\/uploads\/2022\/07\/greenhouse-seeds-church-feminized-superseeds.jpg","contentUrl":"https:\/\/superseeds.dk\/wp-content\/uploads\/2022\/07\/greenhouse-seeds-church-feminized-superseeds.jpg","width":660,"height":660,"caption":"greenhouse-seeds-church-feminized-superseeds"},{"@type":"BreadcrumbList","@id":"https:\/\/superseeds.dk\/vare\/green-house-seeds-femi-the-church\/#breadcrumb","itemListElement":[{"@type":"ListItem","position":1,"name":"Hjem","item":"https:\/\/superseeds.dk\/"},{"@type":"ListItem","position":2,"name":"Shop","item":"https:\/\/superseeds.dk\/no\/butikk\/"},{"@type":"ListItem","position":3,"name":"The Church (Feminiseret) &#8211; Green House Seeds"}]},{"@type":"WebSite","@id":"https:\/\/super-seeds.se\/#website","url":"https:\/\/super-seeds.se\/","name":"Superseeds.com","description":"","publisher":{"@id":"https:\/\/super-seeds.se\/#organization"},"potentialAction":[{"@type":"SearchAction","target":{"@type":"EntryPoint","urlTemplate":"https:\/\/super-seeds.se\/?s={search_term_string}"},"query-input":{"@type":"PropertyValueSpecification","valueRequired":true,"valueName":"search_term_string"}}],"inLanguage":"sv-SE"},{"@type":"Organization","@id":"https:\/\/super-seeds.se\/#organization","name":"Superseeds.com","url":"https:\/\/super-seeds.se\/","logo":{"@type":"ImageObject","inLanguage":"sv-SE","@id":"https:\/\/super-seeds.se\/#\/schema\/logo\/image\/","url":"https:\/\/superseeds.dk\/wp-content\/uploads\/2025\/09\/logo-superseeds.png","contentUrl":"https:\/\/superseeds.dk\/wp-content\/uploads\/2025\/09\/logo-superseeds.png","width":180,"height":160,"caption":"Superseeds.dk"},"image":{"@id":"https:\/\/super-seeds.se\/#\/schema\/logo\/image\/"}}]}},"df_price":105,"df_sale_price":"","df_regular_price":105,"df_image_link":"https:\/\/superseeds.dk\/wp-content\/uploads\/2022\/07\/greenhouse-seeds-church-feminized-superseeds-300x300.jpg","_links":{"self":[{"href":"https:\/\/superseeds.dk\/se\/wp-json\/wp\/v2\/product\/24944","targetHints":{"allow":["GET"]}}],"collection":[{"href":"https:\/\/superseeds.dk\/se\/wp-json\/wp\/v2\/product"}],"about":[{"href":"https:\/\/superseeds.dk\/se\/wp-json\/wp\/v2\/types\/product"}],"wp:featuredmedia":[{"embeddable":true,"href":"https:\/\/superseeds.dk\/se\/wp-json\/wp\/v2\/media\/11928"}],"wp:attachment":[{"href":"https:\/\/superseeds.dk\/se\/wp-json\/wp\/v2\/media?parent=24944"}],"wp:term":[{"taxonomy":"product_brand","embeddable":true,"href":"https:\/\/superseeds.dk\/se\/wp-json\/wp\/v2\/product_brand?post=24944"},{"taxonomy":"product_cat","embeddable":true,"href":"https:\/\/superseeds.dk\/se\/wp-json\/wp\/v2\/product_cat?post=24944"},{"taxonomy":"product_tag","embeddable":true,"href":"https:\/\/superseeds.dk\/se\/wp-json\/wp\/v2\/product_tag?post=24944"}],"curies":[{"name":"wp","href":"https:\/\/api.w.org\/{rel}","templated":true}]}}