{"id":24914,"date":"2021-02-23T12:16:00","date_gmt":"2021-02-23T11:16:00","guid":{"rendered":"https:\/\/superseeds.dk\/vare\/white-rhino-feminised-green-house-seeds\/"},"modified":"2023-11-23T13:31:02","modified_gmt":"2023-11-23T12:31:02","slug":"white-rhino-feminised-green-house-seeds","status":"publish","type":"product","link":"https:\/\/superseeds.dk\/se\/produkt\/white-rhino-feminised-green-house-seeds\/","title":{"rendered":"White Rhino (feminiserad) - Green House Seeds"},"content":{"rendered":"","protected":false},"excerpt":{"rendered":"<table>\n<tbody>\n<tr>\n<td><img decoding=\"async\" class=\"wp-image-2106 alignnone\" src=\"http:\/\/superseeds.dk\/wp-content\/uploads\/2020\/12\/Weather_Tornado.svg\" sizes=\"(max-width: 26px) 100vw, 26px\" srcset=\"http:\/\/superseeds.dk\/wp-content\/uploads\/\/2020\/12\/Weather_Tornado.svg 150w, http:\/\/superseeds.dk\/wp-content\/uploads\/\/2020\/12\/Weather_Tornado.svg 300w, http:\/\/superseeds.dk\/wp-content\/uploads\/\/2020\/12\/Weather_Tornado.svg 1024w\" alt=\"\" width=\"26\" height=\"26\" \/>Blomningstid<\/td>\n<td><strong>63 dage<\/strong><\/td>\n<\/tr>\n<tr>\n<td><img decoding=\"async\" class=\"wp-image-2111 alignnone\" src=\"http:\/\/superseeds.dk\/wp-content\/uploads\/2020\/12\/Share.svg\" sizes=\"(max-width: 26px) 100vw, 26px\" srcset=\"http:\/\/superseeds.dk\/wp-content\/uploads\/\/2020\/12\/Share.svg 150w, http:\/\/superseeds.dk\/wp-content\/uploads\/\/2020\/12\/Share.svg 300w, http:\/\/superseeds.dk\/wp-content\/uploads\/\/2020\/12\/Share.svg 1024w\" alt=\"\" width=\"26\" height=\"26\" \/>Avkastning<\/td>\n<td><strong>Op til 900 g\/m\u00b2<\/strong><\/td>\n<\/tr>\n<tr>\n<td><img decoding=\"async\" class=\"wp-image-2107 alignnone\" src=\"http:\/\/superseeds.dk\/wp-content\/uploads\/2020\/12\/Robotic_Arm_Picker.svg\" sizes=\"(max-width: 26px) 100vw, 26px\" srcset=\"http:\/\/superseeds.dk\/wp-content\/uploads\/\/2020\/12\/Robotic_Arm_Picker.svg 150w, http:\/\/superseeds.dk\/wp-content\/uploads\/\/2020\/12\/Robotic_Arm_Picker.svg 300w, http:\/\/superseeds.dk\/wp-content\/uploads\/\/2020\/12\/Robotic_Arm_Picker.svg 1024w\" alt=\"\" width=\"26\" height=\"26\" \/>THC %<\/td>\n<td><strong>20,19%<\/strong><\/td>\n<\/tr>\n<tr>\n<td><img loading=\"lazy\" decoding=\"async\" class=\"wp-image-2124 alignnone\" src=\"http:\/\/superseeds.dk\/wp-content\/uploads\/2020\/12\/Block_Hub_Network.svg\" sizes=\"(max-width: 26px) 100vw, 26px\" srcset=\"http:\/\/superseeds.dk\/wp-content\/uploads\/\/2020\/12\/Block_Hub_Network.svg 150w, http:\/\/superseeds.dk\/wp-content\/uploads\/\/2020\/12\/Block_Hub_Network.svg 300w, http:\/\/superseeds.dk\/wp-content\/uploads\/\/2020\/12\/Block_Hub_Network.svg 1024w\" alt=\"\" width=\"26\" height=\"26\" \/>CBD %<\/td>\n<td><strong>0.11%<\/strong><\/td>\n<\/tr>\n<tr>\n<td><img loading=\"lazy\" decoding=\"async\" class=\"wp-image-2127 alignnone\" src=\"http:\/\/superseeds.dk\/wp-content\/uploads\/2020\/12\/Crops_Farming.svg\" sizes=\"(max-width: 26px) 100vw, 26px\" srcset=\"http:\/\/superseeds.dk\/wp-content\/uploads\/\/2020\/12\/Crops_Farming.svg 150w, http:\/\/superseeds.dk\/wp-content\/uploads\/\/2020\/12\/Crops_Farming.svg 300w, http:\/\/superseeds.dk\/wp-content\/uploads\/\/2020\/12\/Crops_Farming.svg 1024w\" alt=\"\" width=\"26\" height=\"26\" \/>H\u00f6jd<\/td>\n<td><strong>100-120 cm<\/strong><\/td>\n<\/tr>\n<\/tbody>\n<\/table>\n<p>White Rhino er 80% Indica og har et H\u00f8jt THC potentiale. den<strong> kan producere udbytter p\u00e5 op til 900 gr \/ m <\/strong><strong><sup>2<\/sup>\u00a0i en ni ugers blomstringsfase.<\/strong><\/p>\n<p>Planter dyrket udend\u00f8rs vokser til en kort, rund, busket struktur med mange grene. Klar i slutningen af \u200b\u200bden f\u00f8rste uge i oktober i Nordeuropa kan det producere utrolige 1200 gr \/ plante<\/p>","protected":false},"featured_media":11889,"template":"","meta":{"_acf_changed":false},"product_brand":[],"product_cat":[813,1739,812,817,911,819,826,815,835],"product_tag":[],"class_list":{"0":"post-24914","1":"product","2":"type-product","3":"status-publish","4":"has-post-thumbnail","6":"product_cat-60-65-dage","7":"product_cat-alle-froe","8":"product_cat-blomstring-periode","9":"product_cat-feminiserede","10":"product_cat-green-house-seeds","11":"product_cat-indendoers","12":"product_cat-indica-dominant","13":"product_cat-producenter-a-z","14":"product_cat-udendoers-feminiserede","15":"pa_antal-3-stk","16":"pa_antal-5-stk","17":"pa_antal-10-stk","18":"pa_blomst-type-feminiserede","19":"pa_blomstringstid-60-65-dage","20":"pa_indica-sativa-indica-dominant","21":"pa_thc-10-20","22":"pa_thc-20-25","23":"pa_udbytte-xxl","25":"first","26":"instock","27":"taxable","28":"shipping-taxable","29":"purchasable","30":"product-type-variable","31":"wvs-archive-product-wrapper"},"acf":[],"yoast_head":"<!-- This site is optimized with the Yoast SEO plugin v26.9 - https:\/\/yoast.com\/product\/yoast-seo-wordpress\/ -->\n<title>White Rhino (Feminiseret) - Green House Seeds - Superseeds.dk<\/title>\n<meta name=\"robots\" content=\"index, follow, max-snippet:-1, max-image-preview:large, max-video-preview:-1\" \/>\n<link rel=\"canonical\" href=\"https:\/\/superseeds.dk\/se\/produkt\/white-rhino-feminised-green-house-seeds\/\" \/>\n<meta property=\"og:locale\" content=\"sv_SE\" \/>\n<meta property=\"og:type\" content=\"article\" \/>\n<meta property=\"og:title\" content=\"White Rhino (Feminiseret) - Green House Seeds - Superseeds.dk\" \/>\n<meta property=\"og:description\" content=\"Blomstringstid 63 dage   Udbytte Op til 900 g\/m\u00b2   THC % 20,19%   CBD % 0.11%   H\u00f8jde 100-120 cm    White Rhino er 80% Indica og har et H\u00f8jt THC potentiale. den kan producere udbytter p\u00e5 op til 900 gr \/ m 2\u00a0i en ni ugers blomstringsfase.  Planter dyrket udend\u00f8rs vokser til en kort, rund, busket struktur med mange grene. Klar i slutningen af \u200b\u200bden f\u00f8rste uge i oktober i Nordeuropa kan det producere utrolige 1200 gr \/ plante\" \/>\n<meta property=\"og:url\" content=\"https:\/\/superseeds.dk\/se\/produkt\/white-rhino-feminised-green-house-seeds\/\" \/>\n<meta property=\"og:site_name\" content=\"Superseeds.dk\" \/>\n<meta property=\"article:modified_time\" content=\"2023-11-23T12:31:02+00:00\" \/>\n<meta property=\"og:image\" content=\"https:\/\/superseeds.dk\/wp-content\/uploads\/2022\/07\/WhiteRhino-greenhouse-seeds.jpg\" \/>\n\t<meta property=\"og:image:width\" content=\"800\" \/>\n\t<meta property=\"og:image:height\" content=\"1048\" \/>\n\t<meta property=\"og:image:type\" content=\"image\/jpeg\" \/>\n<meta name=\"twitter:card\" content=\"summary_large_image\" \/>\n<script type=\"application\/ld+json\" class=\"yoast-schema-graph\">{\"@context\":\"https:\/\/schema.org\",\"@graph\":[{\"@type\":\"WebPage\",\"@id\":\"https:\/\/superseeds.dk\/vare\/white-rhino-feminised-green-house-seeds\/\",\"url\":\"https:\/\/superseeds.dk\/vare\/white-rhino-feminised-green-house-seeds\/\",\"name\":\"White Rhino (Feminiseret) - Green House Seeds - Superseeds.dk\",\"isPartOf\":{\"@id\":\"https:\/\/super-seeds.se\/#website\"},\"primaryImageOfPage\":{\"@id\":\"https:\/\/superseeds.dk\/vare\/white-rhino-feminised-green-house-seeds\/#primaryimage\"},\"image\":{\"@id\":\"https:\/\/superseeds.dk\/vare\/white-rhino-feminised-green-house-seeds\/#primaryimage\"},\"thumbnailUrl\":\"https:\/\/superseeds.dk\/wp-content\/uploads\/2022\/07\/WhiteRhino-greenhouse-seeds.jpg\",\"datePublished\":\"2021-02-23T11:16:00+00:00\",\"dateModified\":\"2023-11-23T12:31:02+00:00\",\"breadcrumb\":{\"@id\":\"https:\/\/superseeds.dk\/vare\/white-rhino-feminised-green-house-seeds\/#breadcrumb\"},\"inLanguage\":\"sv-SE\",\"potentialAction\":[{\"@type\":\"ReadAction\",\"target\":[\"https:\/\/superseeds.dk\/vare\/white-rhino-feminised-green-house-seeds\/\"]}]},{\"@type\":\"ImageObject\",\"inLanguage\":\"sv-SE\",\"@id\":\"https:\/\/superseeds.dk\/vare\/white-rhino-feminised-green-house-seeds\/#primaryimage\",\"url\":\"https:\/\/superseeds.dk\/wp-content\/uploads\/2022\/07\/WhiteRhino-greenhouse-seeds.jpg\",\"contentUrl\":\"https:\/\/superseeds.dk\/wp-content\/uploads\/2022\/07\/WhiteRhino-greenhouse-seeds.jpg\",\"width\":800,\"height\":1048,\"caption\":\"WhiteRhino-greenhouse-seeds\"},{\"@type\":\"BreadcrumbList\",\"@id\":\"https:\/\/superseeds.dk\/vare\/white-rhino-feminised-green-house-seeds\/#breadcrumb\",\"itemListElement\":[{\"@type\":\"ListItem\",\"position\":1,\"name\":\"Hjem\",\"item\":\"https:\/\/superseeds.dk\/\"},{\"@type\":\"ListItem\",\"position\":2,\"name\":\"Shop\",\"item\":\"https:\/\/superseeds.dk\/no\/butikk\/\"},{\"@type\":\"ListItem\",\"position\":3,\"name\":\"White Rhino (Feminiseret) &#8211; Green House Seeds\"}]},{\"@type\":\"WebSite\",\"@id\":\"https:\/\/super-seeds.se\/#website\",\"url\":\"https:\/\/super-seeds.se\/\",\"name\":\"Superseeds.dk\",\"description\":\"\",\"publisher\":{\"@id\":\"https:\/\/super-seeds.se\/#organization\"},\"potentialAction\":[{\"@type\":\"SearchAction\",\"target\":{\"@type\":\"EntryPoint\",\"urlTemplate\":\"https:\/\/super-seeds.se\/?s={search_term_string}\"},\"query-input\":{\"@type\":\"PropertyValueSpecification\",\"valueRequired\":true,\"valueName\":\"search_term_string\"}}],\"inLanguage\":\"sv-SE\"},{\"@type\":\"Organization\",\"@id\":\"https:\/\/super-seeds.se\/#organization\",\"name\":\"Superseeds.dk\",\"url\":\"https:\/\/super-seeds.se\/\",\"logo\":{\"@type\":\"ImageObject\",\"inLanguage\":\"sv-SE\",\"@id\":\"https:\/\/super-seeds.se\/#\/schema\/logo\/image\/\",\"url\":\"https:\/\/superseeds.dk\/wp-content\/uploads\/2025\/09\/logo-superseeds.png\",\"contentUrl\":\"https:\/\/superseeds.dk\/wp-content\/uploads\/2025\/09\/logo-superseeds.png\",\"width\":180,\"height\":160,\"caption\":\"Superseeds.dk\"},\"image\":{\"@id\":\"https:\/\/super-seeds.se\/#\/schema\/logo\/image\/\"}}]}<\/script>\n<!-- \/ Yoast SEO plugin. -->","yoast_head_json":{"title":"White Rhino (Feminiseret) - Green House Seeds - Superseeds.dk","robots":{"index":"index","follow":"follow","max-snippet":"max-snippet:-1","max-image-preview":"max-image-preview:large","max-video-preview":"max-video-preview:-1"},"canonical":"https:\/\/superseeds.dk\/se\/produkt\/white-rhino-feminised-green-house-seeds\/","og_locale":"sv_SE","og_type":"article","og_title":"White Rhino (Feminiseret) - Green House Seeds - Superseeds.dk","og_description":"Blomstringstid 63 dage   Udbytte Op til 900 g\/m\u00b2   THC % 20,19%   CBD % 0.11%   H\u00f8jde 100-120 cm    White Rhino er 80% Indica og har et H\u00f8jt THC potentiale. den kan producere udbytter p\u00e5 op til 900 gr \/ m 2\u00a0i en ni ugers blomstringsfase.  Planter dyrket udend\u00f8rs vokser til en kort, rund, busket struktur med mange grene. Klar i slutningen af \u200b\u200bden f\u00f8rste uge i oktober i Nordeuropa kan det producere utrolige 1200 gr \/ plante","og_url":"https:\/\/superseeds.dk\/se\/produkt\/white-rhino-feminised-green-house-seeds\/","og_site_name":"Superseeds.dk","article_modified_time":"2023-11-23T12:31:02+00:00","og_image":[{"width":800,"height":1048,"url":"https:\/\/superseeds.dk\/wp-content\/uploads\/2022\/07\/WhiteRhino-greenhouse-seeds.jpg","type":"image\/jpeg"}],"twitter_card":"summary_large_image","schema":{"@context":"https:\/\/schema.org","@graph":[{"@type":"WebPage","@id":"https:\/\/superseeds.dk\/vare\/white-rhino-feminised-green-house-seeds\/","url":"https:\/\/superseeds.dk\/vare\/white-rhino-feminised-green-house-seeds\/","name":"White Rhino (Feminiseret) - Green House Seeds - Superseeds.dk","isPartOf":{"@id":"https:\/\/super-seeds.se\/#website"},"primaryImageOfPage":{"@id":"https:\/\/superseeds.dk\/vare\/white-rhino-feminised-green-house-seeds\/#primaryimage"},"image":{"@id":"https:\/\/superseeds.dk\/vare\/white-rhino-feminised-green-house-seeds\/#primaryimage"},"thumbnailUrl":"https:\/\/superseeds.dk\/wp-content\/uploads\/2022\/07\/WhiteRhino-greenhouse-seeds.jpg","datePublished":"2021-02-23T11:16:00+00:00","dateModified":"2023-11-23T12:31:02+00:00","breadcrumb":{"@id":"https:\/\/superseeds.dk\/vare\/white-rhino-feminised-green-house-seeds\/#breadcrumb"},"inLanguage":"sv-SE","potentialAction":[{"@type":"ReadAction","target":["https:\/\/superseeds.dk\/vare\/white-rhino-feminised-green-house-seeds\/"]}]},{"@type":"ImageObject","inLanguage":"sv-SE","@id":"https:\/\/superseeds.dk\/vare\/white-rhino-feminised-green-house-seeds\/#primaryimage","url":"https:\/\/superseeds.dk\/wp-content\/uploads\/2022\/07\/WhiteRhino-greenhouse-seeds.jpg","contentUrl":"https:\/\/superseeds.dk\/wp-content\/uploads\/2022\/07\/WhiteRhino-greenhouse-seeds.jpg","width":800,"height":1048,"caption":"WhiteRhino-greenhouse-seeds"},{"@type":"BreadcrumbList","@id":"https:\/\/superseeds.dk\/vare\/white-rhino-feminised-green-house-seeds\/#breadcrumb","itemListElement":[{"@type":"ListItem","position":1,"name":"Hjem","item":"https:\/\/superseeds.dk\/"},{"@type":"ListItem","position":2,"name":"Shop","item":"https:\/\/superseeds.dk\/no\/butikk\/"},{"@type":"ListItem","position":3,"name":"White Rhino (Feminiseret) &#8211; Green House Seeds"}]},{"@type":"WebSite","@id":"https:\/\/super-seeds.se\/#website","url":"https:\/\/super-seeds.se\/","name":"Superseeds.com","description":"","publisher":{"@id":"https:\/\/super-seeds.se\/#organization"},"potentialAction":[{"@type":"SearchAction","target":{"@type":"EntryPoint","urlTemplate":"https:\/\/super-seeds.se\/?s={search_term_string}"},"query-input":{"@type":"PropertyValueSpecification","valueRequired":true,"valueName":"search_term_string"}}],"inLanguage":"sv-SE"},{"@type":"Organization","@id":"https:\/\/super-seeds.se\/#organization","name":"Superseeds.com","url":"https:\/\/super-seeds.se\/","logo":{"@type":"ImageObject","inLanguage":"sv-SE","@id":"https:\/\/super-seeds.se\/#\/schema\/logo\/image\/","url":"https:\/\/superseeds.dk\/wp-content\/uploads\/2025\/09\/logo-superseeds.png","contentUrl":"https:\/\/superseeds.dk\/wp-content\/uploads\/2025\/09\/logo-superseeds.png","width":180,"height":160,"caption":"Superseeds.dk"},"image":{"@id":"https:\/\/super-seeds.se\/#\/schema\/logo\/image\/"}}]}},"df_price":145,"df_sale_price":"","df_regular_price":145,"df_image_link":"https:\/\/superseeds.dk\/wp-content\/uploads\/2022\/07\/WhiteRhino-greenhouse-seeds-782x1024.jpg","_links":{"self":[{"href":"https:\/\/superseeds.dk\/se\/wp-json\/wp\/v2\/product\/24914","targetHints":{"allow":["GET"]}}],"collection":[{"href":"https:\/\/superseeds.dk\/se\/wp-json\/wp\/v2\/product"}],"about":[{"href":"https:\/\/superseeds.dk\/se\/wp-json\/wp\/v2\/types\/product"}],"wp:featuredmedia":[{"embeddable":true,"href":"https:\/\/superseeds.dk\/se\/wp-json\/wp\/v2\/media\/11889"}],"wp:attachment":[{"href":"https:\/\/superseeds.dk\/se\/wp-json\/wp\/v2\/media?parent=24914"}],"wp:term":[{"taxonomy":"product_brand","embeddable":true,"href":"https:\/\/superseeds.dk\/se\/wp-json\/wp\/v2\/product_brand?post=24914"},{"taxonomy":"product_cat","embeddable":true,"href":"https:\/\/superseeds.dk\/se\/wp-json\/wp\/v2\/product_cat?post=24914"},{"taxonomy":"product_tag","embeddable":true,"href":"https:\/\/superseeds.dk\/se\/wp-json\/wp\/v2\/product_tag?post=24914"}],"curies":[{"name":"wp","href":"https:\/\/api.w.org\/{rel}","templated":true}]}}