{"id":24841,"date":"2021-02-17T21:37:41","date_gmt":"2021-02-17T20:37:41","guid":{"rendered":"https:\/\/superseeds.dk\/vare\/reserva-privada-dna-kosher-kush\/"},"modified":"2023-11-23T13:31:07","modified_gmt":"2023-11-23T12:31:07","slug":"reserva-privada-dna-kosher-kush","status":"publish","type":"product","link":"https:\/\/superseeds.dk\/se\/produkt\/reserva-privada-dna-kosher-kush\/","title":{"rendered":"Kosher Kush - Reserva Privada Dna"},"content":{"rendered":"","protected":false},"excerpt":{"rendered":"<p><strong>KOSHER KUSH, en fantastisk sort fr\u00e5n Kalifornien<\/strong>. Den levere potente og et gennemsnitligt udbytte, der f\u00e5r alle, der ryger det, til at f\u00f8le sig &#8220;velsignet&#8221;<\/p>\n<p><strong> L\u00e4tt att odla f\u00f6r nyb\u00f6rjaren och en utmaning att bem\u00e4stra f\u00f6r experten<\/strong>. Kosher har ett bra f\u00f6rh\u00e5llande mellan skott och blad, vilket g\u00f6r henne l\u00e4tt att trimma.<\/p>\n<p>&nbsp;<\/p>\n<ul>\n<li><strong>Kosher Kush x Kosher Kush<\/strong><\/li>\n<li>Blomningstid: <strong>9-10 veckor<\/strong><\/li>\n<li>Avkastning:<strong> 450-550 g \/ m2<\/strong><\/li>\n<li>H\u00f6jd: <strong>H\u00f6g<\/strong><\/li>\n<\/ul>","protected":false},"featured_media":11810,"template":"","meta":{"_acf_changed":false},"product_brand":[],"product_cat":[813,814,1739,812,817,819,826,815,909],"product_tag":[],"class_list":{"0":"post-24841","1":"product","2":"type-product","3":"status-publish","4":"has-post-thumbnail","6":"product_cat-60-65-dage","7":"product_cat-65-70-dage","8":"product_cat-alle-froe","9":"product_cat-blomstring-periode","10":"product_cat-feminiserede","11":"product_cat-indendoers","12":"product_cat-indica-dominant","13":"product_cat-producenter-a-z","14":"product_cat-reserva-privada","15":"pa_antal-6-stk","16":"pa_blomst-type-feminiserede","17":"pa_blomstringstid-60-65-dage","18":"pa_blomstringstid-65-70-dage","19":"pa_cbd-under-1","20":"pa_indica-sativa-indica-dominant","21":"pa_thc-20-25","22":"pa_udbytte-medium","24":"first","25":"instock","26":"taxable","27":"shipping-taxable","28":"purchasable","29":"product-type-variable","30":"wvs-archive-product-wrapper"},"acf":[],"yoast_head":"<!-- This site is optimized with the Yoast SEO plugin v26.9 - https:\/\/yoast.com\/product\/yoast-seo-wordpress\/ -->\n<title>Kosher Kush - Reserva Privada Dna - Superseeds.dk<\/title>\n<meta name=\"robots\" content=\"index, follow, max-snippet:-1, max-image-preview:large, max-video-preview:-1\" \/>\n<link rel=\"canonical\" href=\"https:\/\/super-seeds.se\/vare\/reserva-privada-dna-kosher-kush\/\" \/>\n<meta property=\"og:locale\" content=\"sv_SE\" \/>\n<meta property=\"og:type\" content=\"article\" \/>\n<meta property=\"og:title\" content=\"Kosher Kush - Reserva Privada Dna - Superseeds.dk\" \/>\n<meta property=\"og:description\" content=\"KOSHER KUSH, er en fantastisk stamme fra Californien. Den levere potente og et gennemsnitligt udbytte, der f\u00e5r alle, der ryger det, til at f\u00f8le sig &quot;velsignet&quot;  let at dyrke for begynderen og en udfordring at mestre for eksperten. Kosher har et godt forhold mellem skud og blade, hvilket g\u00f8r hende let at trimme. &nbsp;  Kosher Kush x Kosher Kush  Blomstringstid: 9-10 uger  Udbytte: 450-550g \/ m2  H\u00f8jde: H\u00f8j\" \/>\n<meta property=\"og:url\" content=\"https:\/\/super-seeds.se\/vare\/reserva-privada-dna-kosher-kush\/\" \/>\n<meta property=\"og:site_name\" content=\"Superseeds.dk\" \/>\n<meta property=\"article:modified_time\" content=\"2023-11-23T12:31:07+00:00\" \/>\n<meta property=\"og:image\" content=\"https:\/\/super-seeds.se\/wp-content\/uploads\/2022\/07\/kosher-kush-reserva-privad-superseeds1-e1613597542737.jpg\" \/>\n\t<meta property=\"og:image:width\" content=\"500\" \/>\n\t<meta property=\"og:image:height\" content=\"500\" \/>\n\t<meta property=\"og:image:type\" content=\"image\/jpeg\" \/>\n<meta name=\"twitter:card\" content=\"summary_large_image\" \/>\n<script type=\"application\/ld+json\" class=\"yoast-schema-graph\">{\"@context\":\"https:\/\/schema.org\",\"@graph\":[{\"@type\":\"WebPage\",\"@id\":\"https:\/\/super-seeds.se\/vare\/reserva-privada-dna-kosher-kush\/\",\"url\":\"https:\/\/super-seeds.se\/vare\/reserva-privada-dna-kosher-kush\/\",\"name\":\"Kosher Kush - Reserva Privada Dna - Superseeds.dk\",\"isPartOf\":{\"@id\":\"https:\/\/super-seeds.se\/#website\"},\"primaryImageOfPage\":{\"@id\":\"https:\/\/super-seeds.se\/vare\/reserva-privada-dna-kosher-kush\/#primaryimage\"},\"image\":{\"@id\":\"https:\/\/super-seeds.se\/vare\/reserva-privada-dna-kosher-kush\/#primaryimage\"},\"thumbnailUrl\":\"https:\/\/superseeds.dk\/wp-content\/uploads\/2022\/07\/kosher-kush-reserva-privad-superseeds1-e1613597542737.jpg\",\"datePublished\":\"2021-02-17T20:37:41+00:00\",\"dateModified\":\"2023-11-23T12:31:07+00:00\",\"breadcrumb\":{\"@id\":\"https:\/\/super-seeds.se\/vare\/reserva-privada-dna-kosher-kush\/#breadcrumb\"},\"inLanguage\":\"sv-SE\",\"potentialAction\":[{\"@type\":\"ReadAction\",\"target\":[\"https:\/\/super-seeds.se\/vare\/reserva-privada-dna-kosher-kush\/\"]}]},{\"@type\":\"ImageObject\",\"inLanguage\":\"sv-SE\",\"@id\":\"https:\/\/super-seeds.se\/vare\/reserva-privada-dna-kosher-kush\/#primaryimage\",\"url\":\"https:\/\/superseeds.dk\/wp-content\/uploads\/2022\/07\/kosher-kush-reserva-privad-superseeds1-e1613597542737.jpg\",\"contentUrl\":\"https:\/\/superseeds.dk\/wp-content\/uploads\/2022\/07\/kosher-kush-reserva-privad-superseeds1-e1613597542737.jpg\",\"width\":500,\"height\":500,\"caption\":\"reserva privada\"},{\"@type\":\"BreadcrumbList\",\"@id\":\"https:\/\/super-seeds.se\/vare\/reserva-privada-dna-kosher-kush\/#breadcrumb\",\"itemListElement\":[{\"@type\":\"ListItem\",\"position\":1,\"name\":\"Hjem\",\"item\":\"https:\/\/superseeds.dk\/\"},{\"@type\":\"ListItem\",\"position\":2,\"name\":\"Shop\",\"item\":\"https:\/\/superseeds.dk\/no\/butikk\/\"},{\"@type\":\"ListItem\",\"position\":3,\"name\":\"Kosher Kush &#8211; Reserva Privada Dna\"}]},{\"@type\":\"WebSite\",\"@id\":\"https:\/\/super-seeds.se\/#website\",\"url\":\"https:\/\/super-seeds.se\/\",\"name\":\"Superseeds.dk\",\"description\":\"\",\"publisher\":{\"@id\":\"https:\/\/super-seeds.se\/#organization\"},\"potentialAction\":[{\"@type\":\"SearchAction\",\"target\":{\"@type\":\"EntryPoint\",\"urlTemplate\":\"https:\/\/super-seeds.se\/?s={search_term_string}\"},\"query-input\":{\"@type\":\"PropertyValueSpecification\",\"valueRequired\":true,\"valueName\":\"search_term_string\"}}],\"inLanguage\":\"sv-SE\"},{\"@type\":\"Organization\",\"@id\":\"https:\/\/super-seeds.se\/#organization\",\"name\":\"Superseeds.dk\",\"url\":\"https:\/\/super-seeds.se\/\",\"logo\":{\"@type\":\"ImageObject\",\"inLanguage\":\"sv-SE\",\"@id\":\"https:\/\/super-seeds.se\/#\/schema\/logo\/image\/\",\"url\":\"https:\/\/superseeds.dk\/wp-content\/uploads\/2025\/09\/logo-superseeds.png\",\"contentUrl\":\"https:\/\/superseeds.dk\/wp-content\/uploads\/2025\/09\/logo-superseeds.png\",\"width\":180,\"height\":160,\"caption\":\"Superseeds.dk\"},\"image\":{\"@id\":\"https:\/\/super-seeds.se\/#\/schema\/logo\/image\/\"}}]}<\/script>\n<!-- \/ Yoast SEO plugin. -->","yoast_head_json":{"title":"Kosher Kush - Reserva Privada Dna - Superseeds.dk","robots":{"index":"index","follow":"follow","max-snippet":"max-snippet:-1","max-image-preview":"max-image-preview:large","max-video-preview":"max-video-preview:-1"},"canonical":"https:\/\/super-seeds.se\/vare\/reserva-privada-dna-kosher-kush\/","og_locale":"sv_SE","og_type":"article","og_title":"Kosher Kush - Reserva Privada Dna - Superseeds.dk","og_description":"KOSHER KUSH, er en fantastisk stamme fra Californien. Den levere potente og et gennemsnitligt udbytte, der f\u00e5r alle, der ryger det, til at f\u00f8le sig \"velsignet\"  let at dyrke for begynderen og en udfordring at mestre for eksperten. Kosher har et godt forhold mellem skud og blade, hvilket g\u00f8r hende let at trimme. &nbsp;  Kosher Kush x Kosher Kush  Blomstringstid: 9-10 uger  Udbytte: 450-550g \/ m2  H\u00f8jde: H\u00f8j","og_url":"https:\/\/super-seeds.se\/vare\/reserva-privada-dna-kosher-kush\/","og_site_name":"Superseeds.dk","article_modified_time":"2023-11-23T12:31:07+00:00","og_image":[{"width":500,"height":500,"url":"https:\/\/super-seeds.se\/wp-content\/uploads\/2022\/07\/kosher-kush-reserva-privad-superseeds1-e1613597542737.jpg","type":"image\/jpeg"}],"twitter_card":"summary_large_image","schema":{"@context":"https:\/\/schema.org","@graph":[{"@type":"WebPage","@id":"https:\/\/super-seeds.se\/vare\/reserva-privada-dna-kosher-kush\/","url":"https:\/\/super-seeds.se\/vare\/reserva-privada-dna-kosher-kush\/","name":"Kosher Kush - Reserva Privada Dna - Superseeds.dk","isPartOf":{"@id":"https:\/\/super-seeds.se\/#website"},"primaryImageOfPage":{"@id":"https:\/\/super-seeds.se\/vare\/reserva-privada-dna-kosher-kush\/#primaryimage"},"image":{"@id":"https:\/\/super-seeds.se\/vare\/reserva-privada-dna-kosher-kush\/#primaryimage"},"thumbnailUrl":"https:\/\/superseeds.dk\/wp-content\/uploads\/2022\/07\/kosher-kush-reserva-privad-superseeds1-e1613597542737.jpg","datePublished":"2021-02-17T20:37:41+00:00","dateModified":"2023-11-23T12:31:07+00:00","breadcrumb":{"@id":"https:\/\/super-seeds.se\/vare\/reserva-privada-dna-kosher-kush\/#breadcrumb"},"inLanguage":"sv-SE","potentialAction":[{"@type":"ReadAction","target":["https:\/\/super-seeds.se\/vare\/reserva-privada-dna-kosher-kush\/"]}]},{"@type":"ImageObject","inLanguage":"sv-SE","@id":"https:\/\/super-seeds.se\/vare\/reserva-privada-dna-kosher-kush\/#primaryimage","url":"https:\/\/superseeds.dk\/wp-content\/uploads\/2022\/07\/kosher-kush-reserva-privad-superseeds1-e1613597542737.jpg","contentUrl":"https:\/\/superseeds.dk\/wp-content\/uploads\/2022\/07\/kosher-kush-reserva-privad-superseeds1-e1613597542737.jpg","width":500,"height":500,"caption":"reserva privada"},{"@type":"BreadcrumbList","@id":"https:\/\/super-seeds.se\/vare\/reserva-privada-dna-kosher-kush\/#breadcrumb","itemListElement":[{"@type":"ListItem","position":1,"name":"Hjem","item":"https:\/\/superseeds.dk\/"},{"@type":"ListItem","position":2,"name":"Shop","item":"https:\/\/superseeds.dk\/no\/butikk\/"},{"@type":"ListItem","position":3,"name":"Kosher Kush &#8211; Reserva Privada Dna"}]},{"@type":"WebSite","@id":"https:\/\/super-seeds.se\/#website","url":"https:\/\/super-seeds.se\/","name":"Superseeds.com","description":"","publisher":{"@id":"https:\/\/super-seeds.se\/#organization"},"potentialAction":[{"@type":"SearchAction","target":{"@type":"EntryPoint","urlTemplate":"https:\/\/super-seeds.se\/?s={search_term_string}"},"query-input":{"@type":"PropertyValueSpecification","valueRequired":true,"valueName":"search_term_string"}}],"inLanguage":"sv-SE"},{"@type":"Organization","@id":"https:\/\/super-seeds.se\/#organization","name":"Superseeds.com","url":"https:\/\/super-seeds.se\/","logo":{"@type":"ImageObject","inLanguage":"sv-SE","@id":"https:\/\/super-seeds.se\/#\/schema\/logo\/image\/","url":"https:\/\/superseeds.dk\/wp-content\/uploads\/2025\/09\/logo-superseeds.png","contentUrl":"https:\/\/superseeds.dk\/wp-content\/uploads\/2025\/09\/logo-superseeds.png","width":180,"height":160,"caption":"Superseeds.dk"},"image":{"@id":"https:\/\/super-seeds.se\/#\/schema\/logo\/image\/"}}]}},"df_price":529,"df_sale_price":"","df_regular_price":529,"df_image_link":"https:\/\/superseeds.dk\/wp-content\/uploads\/2022\/07\/kosher-kush-reserva-privad-superseeds1-e1613597542737-300x300.jpg","_links":{"self":[{"href":"https:\/\/superseeds.dk\/se\/wp-json\/wp\/v2\/product\/24841","targetHints":{"allow":["GET"]}}],"collection":[{"href":"https:\/\/superseeds.dk\/se\/wp-json\/wp\/v2\/product"}],"about":[{"href":"https:\/\/superseeds.dk\/se\/wp-json\/wp\/v2\/types\/product"}],"wp:featuredmedia":[{"embeddable":true,"href":"https:\/\/superseeds.dk\/se\/wp-json\/wp\/v2\/media\/11810"}],"wp:attachment":[{"href":"https:\/\/superseeds.dk\/se\/wp-json\/wp\/v2\/media?parent=24841"}],"wp:term":[{"taxonomy":"product_brand","embeddable":true,"href":"https:\/\/superseeds.dk\/se\/wp-json\/wp\/v2\/product_brand?post=24841"},{"taxonomy":"product_cat","embeddable":true,"href":"https:\/\/superseeds.dk\/se\/wp-json\/wp\/v2\/product_cat?post=24841"},{"taxonomy":"product_tag","embeddable":true,"href":"https:\/\/superseeds.dk\/se\/wp-json\/wp\/v2\/product_tag?post=24841"}],"curies":[{"name":"wp","href":"https:\/\/api.w.org\/{rel}","templated":true}]}}