{"id":24440,"date":"2021-02-10T13:19:32","date_gmt":"2021-02-10T12:19:32","guid":{"rendered":"https:\/\/superseeds.dk\/vare\/blackberry-moonrocks-anesia-seeds\/"},"modified":"2023-11-23T13:31:38","modified_gmt":"2023-11-23T12:31:38","slug":"blackberry-moonrocks-anesia-seeds","status":"publish","type":"product","link":"https:\/\/superseeds.dk\/se\/produkt\/blackberry-moonrocks-anesia-seeds\/","title":{"rendered":"Blackberry Moonrocks (Feminiserad) - Anesia Fr\u00f6n"},"content":{"rendered":"","protected":false},"excerpt":{"rendered":"<p><strong>Blackberry Moonrocks gigantiske THC-indhold p\u00e5 32%<\/strong> og den omfattende cannabinoidprofil. sikrer langvarige og meget intense effekter. Effekten er hovedsagelig <strong>Indica-dominerende<\/strong><\/p>\n<p>topskudene p\u00e5 <strong>Blackberry Moonrocks er stenh\u00e5rde, gennembl\u00f8dt i harpiks og har ofte en bl\u00e5lig lilla glans<\/strong> eller endda sort farve. De ser n\u00e6sten ud som om de kom fra m\u00e5nen<\/p>\n<p>ekstremt modstandsdygtig over for skimmelsvamp og andre skadelige svampesygdomme.\u00a0Efter en kort blomstringsperiode p\u00e5 8-9 uger opn\u00e5s store udbytter (550 g \/ m\u00b2)<\/p>\n<p>&nbsp;<\/p>\n<p>&nbsp;<\/p>\n<ul>\n<li><strong>Blue Moonrock x Blackberry<\/strong><\/li>\n<li><strong>Genetik:<\/strong>\u00a080% Indica, 20% Sativa<\/li>\n<li><strong>Avkastning<\/strong>\u00a0: 550 g \/ m\u00b2 \u2022 op til 700 g pr. Plante<\/li>\n<li><strong>Blomningstid<\/strong>\u00a0: 8-9 veckor<\/li>\n<li><strong>H\u00f8st udend\u00f8rs:<\/strong>\u00a0slutningen af \u200b\u200bseptember<\/li>\n<li>velegnet til indend\u00f8rs og udend\u00f8rs<\/li>\n<li><strong>H\u00f6jd:<\/strong>\u00a0110-130 cm<\/li>\n<li><strong>THC<\/strong>\u00a0: 33%<\/li>\n<li><strong>Aromaer \/ smag:<\/strong>\u00a0bl\u00e5b\u00e6r, lavendel<\/li>\n<\/ul>","protected":false},"featured_media":33952,"template":"","meta":{"_acf_changed":false},"product_brand":[],"product_cat":[813,1739,907,812,817,818,819,826,815,835,827],"product_tag":[],"class_list":{"0":"post-24440","1":"product","2":"type-product","3":"status-publish","4":"has-post-thumbnail","6":"product_cat-60-65-dage","7":"product_cat-alle-froe","8":"product_cat-anesia-seeds","9":"product_cat-blomstring-periode","10":"product_cat-feminiserede","11":"product_cat-hoej-thc","12":"product_cat-indendoers","13":"product_cat-indica-dominant","14":"product_cat-producenter-a-z","15":"product_cat-udendoers-feminiserede","16":"product_cat-under-60-dage","17":"pa_antal-3-stk","18":"pa_antal-5-stk","19":"pa_antal-10-stk","20":"pa_blomst-type-feminiserede","21":"pa_blomstringstid-under-60-dage","22":"pa_blomstringstid-60-65-dage","23":"pa_indica-sativa-indica-dominant","24":"pa_thc-over-25","25":"pa_udbytte-stort","27":"first","28":"instock","29":"taxable","30":"shipping-taxable","31":"purchasable","32":"product-type-variable","33":"wvs-archive-product-wrapper"},"acf":[],"yoast_head":"<!-- This site is optimized with the Yoast SEO plugin v26.9 - https:\/\/yoast.com\/product\/yoast-seo-wordpress\/ -->\n<title>Blackberry Moonrocks (Feminiseret) - Anesia Seeds - Superseeds.dk<\/title>\n<meta name=\"robots\" content=\"index, follow, max-snippet:-1, max-image-preview:large, max-video-preview:-1\" \/>\n<link rel=\"canonical\" href=\"https:\/\/superseeds.dk\/se\/produkt\/blackberry-moonrocks-anesia-seeds\/\" \/>\n<meta property=\"og:locale\" content=\"sv_SE\" \/>\n<meta property=\"og:type\" content=\"article\" \/>\n<meta property=\"og:title\" content=\"Blackberry Moonrocks (Feminiseret) - Anesia Seeds - Superseeds.dk\" \/>\n<meta property=\"og:description\" content=\"Blackberry Moonrocks gigantiske THC-indhold p\u00e5 32% og den omfattende cannabinoidprofil. sikrer langvarige og meget intense effekter. Effekten er hovedsagelig Indica-dominerende  topskudene p\u00e5 Blackberry Moonrocks er stenh\u00e5rde, gennembl\u00f8dt i harpiks og har ofte en bl\u00e5lig lilla glans eller endda sort farve. De ser n\u00e6sten ud som om de kom fra m\u00e5nen  ekstremt modstandsdygtig over for skimmelsvamp og andre skadelige svampesygdomme.\u00a0Efter en kort blomstringsperiode p\u00e5 8-9 uger opn\u00e5s store udbytter (550 g \/ m\u00b2)  &nbsp;  &nbsp;   Blue Moonrock x Blackberry  Genetik:\u00a080% Indica, 20% Sativa  Udbytte\u00a0: 550 g \/ m\u00b2 \u2022 op til 700 g pr. Plante  Blomstringstid\u00a0: 8-9 uger  H\u00f8st udend\u00f8rs:\u00a0slutningen af \u200b\u200bseptember  velegnet til indend\u00f8rs og udend\u00f8rs  H\u00f8jde:\u00a0110-130cm  THC\u00a0: 33%  Aromaer \/ smag:\u00a0bl\u00e5b\u00e6r, lavendel\" \/>\n<meta property=\"og:url\" content=\"https:\/\/superseeds.dk\/se\/produkt\/blackberry-moonrocks-anesia-seeds\/\" \/>\n<meta property=\"og:site_name\" content=\"Superseeds.dk\" \/>\n<meta property=\"article:modified_time\" content=\"2023-11-23T12:31:38+00:00\" \/>\n<meta property=\"og:image\" content=\"https:\/\/superseeds.dk\/wp-content\/uploads\/2021\/02\/blackberry-moonrocks-anesia-seeds.jpg\" \/>\n\t<meta property=\"og:image:width\" content=\"600\" \/>\n\t<meta property=\"og:image:height\" content=\"800\" \/>\n\t<meta property=\"og:image:type\" content=\"image\/jpeg\" \/>\n<meta name=\"twitter:card\" content=\"summary_large_image\" \/>\n<script type=\"application\/ld+json\" class=\"yoast-schema-graph\">{\"@context\":\"https:\/\/schema.org\",\"@graph\":[{\"@type\":\"WebPage\",\"@id\":\"https:\/\/superseeds.dk\/vare\/blackberry-moonrocks-anesia-seeds\/\",\"url\":\"https:\/\/superseeds.dk\/vare\/blackberry-moonrocks-anesia-seeds\/\",\"name\":\"Blackberry Moonrocks (Feminiseret) - Anesia Seeds - Superseeds.dk\",\"isPartOf\":{\"@id\":\"https:\/\/super-seeds.se\/#website\"},\"primaryImageOfPage\":{\"@id\":\"https:\/\/superseeds.dk\/vare\/blackberry-moonrocks-anesia-seeds\/#primaryimage\"},\"image\":{\"@id\":\"https:\/\/superseeds.dk\/vare\/blackberry-moonrocks-anesia-seeds\/#primaryimage\"},\"thumbnailUrl\":\"https:\/\/superseeds.dk\/wp-content\/uploads\/2021\/02\/blackberry-moonrocks-anesia-seeds.jpg\",\"datePublished\":\"2021-02-10T12:19:32+00:00\",\"dateModified\":\"2023-11-23T12:31:38+00:00\",\"breadcrumb\":{\"@id\":\"https:\/\/superseeds.dk\/vare\/blackberry-moonrocks-anesia-seeds\/#breadcrumb\"},\"inLanguage\":\"sv-SE\",\"potentialAction\":[{\"@type\":\"ReadAction\",\"target\":[\"https:\/\/superseeds.dk\/vare\/blackberry-moonrocks-anesia-seeds\/\"]}]},{\"@type\":\"ImageObject\",\"inLanguage\":\"sv-SE\",\"@id\":\"https:\/\/superseeds.dk\/vare\/blackberry-moonrocks-anesia-seeds\/#primaryimage\",\"url\":\"https:\/\/superseeds.dk\/wp-content\/uploads\/2021\/02\/blackberry-moonrocks-anesia-seeds.jpg\",\"contentUrl\":\"https:\/\/superseeds.dk\/wp-content\/uploads\/2021\/02\/blackberry-moonrocks-anesia-seeds.jpg\",\"width\":600,\"height\":800},{\"@type\":\"BreadcrumbList\",\"@id\":\"https:\/\/superseeds.dk\/vare\/blackberry-moonrocks-anesia-seeds\/#breadcrumb\",\"itemListElement\":[{\"@type\":\"ListItem\",\"position\":1,\"name\":\"Hjem\",\"item\":\"https:\/\/superseeds.dk\/\"},{\"@type\":\"ListItem\",\"position\":2,\"name\":\"Shop\",\"item\":\"https:\/\/superseeds.dk\/no\/butikk\/\"},{\"@type\":\"ListItem\",\"position\":3,\"name\":\"Blackberry Moonrocks (Feminiseret) &#8211; Anesia Seeds\"}]},{\"@type\":\"WebSite\",\"@id\":\"https:\/\/super-seeds.se\/#website\",\"url\":\"https:\/\/super-seeds.se\/\",\"name\":\"Superseeds.dk\",\"description\":\"\",\"publisher\":{\"@id\":\"https:\/\/super-seeds.se\/#organization\"},\"potentialAction\":[{\"@type\":\"SearchAction\",\"target\":{\"@type\":\"EntryPoint\",\"urlTemplate\":\"https:\/\/super-seeds.se\/?s={search_term_string}\"},\"query-input\":{\"@type\":\"PropertyValueSpecification\",\"valueRequired\":true,\"valueName\":\"search_term_string\"}}],\"inLanguage\":\"sv-SE\"},{\"@type\":\"Organization\",\"@id\":\"https:\/\/super-seeds.se\/#organization\",\"name\":\"Superseeds.dk\",\"url\":\"https:\/\/super-seeds.se\/\",\"logo\":{\"@type\":\"ImageObject\",\"inLanguage\":\"sv-SE\",\"@id\":\"https:\/\/super-seeds.se\/#\/schema\/logo\/image\/\",\"url\":\"https:\/\/superseeds.dk\/wp-content\/uploads\/2025\/09\/logo-superseeds.png\",\"contentUrl\":\"https:\/\/superseeds.dk\/wp-content\/uploads\/2025\/09\/logo-superseeds.png\",\"width\":180,\"height\":160,\"caption\":\"Superseeds.dk\"},\"image\":{\"@id\":\"https:\/\/super-seeds.se\/#\/schema\/logo\/image\/\"}}]}<\/script>\n<!-- \/ Yoast SEO plugin. -->","yoast_head_json":{"title":"Blackberry Moonrocks (Feminiseret) - Anesia Seeds - Superseeds.dk","robots":{"index":"index","follow":"follow","max-snippet":"max-snippet:-1","max-image-preview":"max-image-preview:large","max-video-preview":"max-video-preview:-1"},"canonical":"https:\/\/superseeds.dk\/se\/produkt\/blackberry-moonrocks-anesia-seeds\/","og_locale":"sv_SE","og_type":"article","og_title":"Blackberry Moonrocks (Feminiseret) - Anesia Seeds - Superseeds.dk","og_description":"Blackberry Moonrocks gigantiske THC-indhold p\u00e5 32% og den omfattende cannabinoidprofil. sikrer langvarige og meget intense effekter. Effekten er hovedsagelig Indica-dominerende  topskudene p\u00e5 Blackberry Moonrocks er stenh\u00e5rde, gennembl\u00f8dt i harpiks og har ofte en bl\u00e5lig lilla glans eller endda sort farve. De ser n\u00e6sten ud som om de kom fra m\u00e5nen  ekstremt modstandsdygtig over for skimmelsvamp og andre skadelige svampesygdomme.\u00a0Efter en kort blomstringsperiode p\u00e5 8-9 uger opn\u00e5s store udbytter (550 g \/ m\u00b2)  &nbsp;  &nbsp;   Blue Moonrock x Blackberry  Genetik:\u00a080% Indica, 20% Sativa  Udbytte\u00a0: 550 g \/ m\u00b2 \u2022 op til 700 g pr. Plante  Blomstringstid\u00a0: 8-9 uger  H\u00f8st udend\u00f8rs:\u00a0slutningen af \u200b\u200bseptember  velegnet til indend\u00f8rs og udend\u00f8rs  H\u00f8jde:\u00a0110-130cm  THC\u00a0: 33%  Aromaer \/ smag:\u00a0bl\u00e5b\u00e6r, lavendel","og_url":"https:\/\/superseeds.dk\/se\/produkt\/blackberry-moonrocks-anesia-seeds\/","og_site_name":"Superseeds.dk","article_modified_time":"2023-11-23T12:31:38+00:00","og_image":[{"width":600,"height":800,"url":"https:\/\/superseeds.dk\/wp-content\/uploads\/2021\/02\/blackberry-moonrocks-anesia-seeds.jpg","type":"image\/jpeg"}],"twitter_card":"summary_large_image","schema":{"@context":"https:\/\/schema.org","@graph":[{"@type":"WebPage","@id":"https:\/\/superseeds.dk\/vare\/blackberry-moonrocks-anesia-seeds\/","url":"https:\/\/superseeds.dk\/vare\/blackberry-moonrocks-anesia-seeds\/","name":"Blackberry Moonrocks (Feminiseret) - Anesia Seeds - Superseeds.dk","isPartOf":{"@id":"https:\/\/super-seeds.se\/#website"},"primaryImageOfPage":{"@id":"https:\/\/superseeds.dk\/vare\/blackberry-moonrocks-anesia-seeds\/#primaryimage"},"image":{"@id":"https:\/\/superseeds.dk\/vare\/blackberry-moonrocks-anesia-seeds\/#primaryimage"},"thumbnailUrl":"https:\/\/superseeds.dk\/wp-content\/uploads\/2021\/02\/blackberry-moonrocks-anesia-seeds.jpg","datePublished":"2021-02-10T12:19:32+00:00","dateModified":"2023-11-23T12:31:38+00:00","breadcrumb":{"@id":"https:\/\/superseeds.dk\/vare\/blackberry-moonrocks-anesia-seeds\/#breadcrumb"},"inLanguage":"sv-SE","potentialAction":[{"@type":"ReadAction","target":["https:\/\/superseeds.dk\/vare\/blackberry-moonrocks-anesia-seeds\/"]}]},{"@type":"ImageObject","inLanguage":"sv-SE","@id":"https:\/\/superseeds.dk\/vare\/blackberry-moonrocks-anesia-seeds\/#primaryimage","url":"https:\/\/superseeds.dk\/wp-content\/uploads\/2021\/02\/blackberry-moonrocks-anesia-seeds.jpg","contentUrl":"https:\/\/superseeds.dk\/wp-content\/uploads\/2021\/02\/blackberry-moonrocks-anesia-seeds.jpg","width":600,"height":800},{"@type":"BreadcrumbList","@id":"https:\/\/superseeds.dk\/vare\/blackberry-moonrocks-anesia-seeds\/#breadcrumb","itemListElement":[{"@type":"ListItem","position":1,"name":"Hjem","item":"https:\/\/superseeds.dk\/"},{"@type":"ListItem","position":2,"name":"Shop","item":"https:\/\/superseeds.dk\/no\/butikk\/"},{"@type":"ListItem","position":3,"name":"Blackberry Moonrocks (Feminiseret) &#8211; Anesia Seeds"}]},{"@type":"WebSite","@id":"https:\/\/super-seeds.se\/#website","url":"https:\/\/super-seeds.se\/","name":"Superseeds.com","description":"","publisher":{"@id":"https:\/\/super-seeds.se\/#organization"},"potentialAction":[{"@type":"SearchAction","target":{"@type":"EntryPoint","urlTemplate":"https:\/\/super-seeds.se\/?s={search_term_string}"},"query-input":{"@type":"PropertyValueSpecification","valueRequired":true,"valueName":"search_term_string"}}],"inLanguage":"sv-SE"},{"@type":"Organization","@id":"https:\/\/super-seeds.se\/#organization","name":"Superseeds.com","url":"https:\/\/super-seeds.se\/","logo":{"@type":"ImageObject","inLanguage":"sv-SE","@id":"https:\/\/super-seeds.se\/#\/schema\/logo\/image\/","url":"https:\/\/superseeds.dk\/wp-content\/uploads\/2025\/09\/logo-superseeds.png","contentUrl":"https:\/\/superseeds.dk\/wp-content\/uploads\/2025\/09\/logo-superseeds.png","width":180,"height":160,"caption":"Superseeds.dk"},"image":{"@id":"https:\/\/super-seeds.se\/#\/schema\/logo\/image\/"}}]}},"df_price":249,"df_sale_price":"","df_regular_price":249,"df_image_link":"https:\/\/superseeds.dk\/wp-content\/uploads\/2021\/02\/blackberry-moonrocks-anesia-seeds.jpg","_links":{"self":[{"href":"https:\/\/superseeds.dk\/se\/wp-json\/wp\/v2\/product\/24440","targetHints":{"allow":["GET"]}}],"collection":[{"href":"https:\/\/superseeds.dk\/se\/wp-json\/wp\/v2\/product"}],"about":[{"href":"https:\/\/superseeds.dk\/se\/wp-json\/wp\/v2\/types\/product"}],"wp:featuredmedia":[{"embeddable":true,"href":"https:\/\/superseeds.dk\/se\/wp-json\/wp\/v2\/media\/33952"}],"wp:attachment":[{"href":"https:\/\/superseeds.dk\/se\/wp-json\/wp\/v2\/media?parent=24440"}],"wp:term":[{"taxonomy":"product_brand","embeddable":true,"href":"https:\/\/superseeds.dk\/se\/wp-json\/wp\/v2\/product_brand?post=24440"},{"taxonomy":"product_cat","embeddable":true,"href":"https:\/\/superseeds.dk\/se\/wp-json\/wp\/v2\/product_cat?post=24440"},{"taxonomy":"product_tag","embeddable":true,"href":"https:\/\/superseeds.dk\/se\/wp-json\/wp\/v2\/product_tag?post=24440"}],"curies":[{"name":"wp","href":"https:\/\/api.w.org\/{rel}","templated":true}]}}