{"id":24330,"date":"2021-02-05T20:47:48","date_gmt":"2021-02-05T19:47:48","guid":{"rendered":"https:\/\/superseeds.dk\/vare\/tangie-auto-fast-buds\/"},"modified":"2023-11-23T13:35:05","modified_gmt":"2023-11-23T12:35:05","slug":"tangie-auto-fast-buds","status":"publish","type":"product","link":"https:\/\/superseeds.dk\/se\/produkt\/tangie-auto-fast-buds\/","title":{"rendered":"Tangie'Matic Auto - Snabba knoppar"},"content":{"rendered":"<div class=\"tech\">\n<h2 class=\"ttl_3\">Tekniska specifikationer<\/h2>\n<div class=\"tbl\">\n<table>\n<tbody>\n<tr>\n<th><i class=\"ptaste icparam\"><\/i>\u00a0Smak<\/th>\n<td>Mandarin, jordn\u00e6r, s\u00f8d<\/td>\n<\/tr>\n<tr>\n<th><i class=\"pthc icparam\"><\/i>\u00a0THC<\/th>\n<td>Op til 23%<\/td>\n<\/tr>\n<tr>\n<th><i class=\"pcbd icparam\"><\/i>\u00a0CBD<\/th>\n<td>&lt;1%<\/td>\n<\/tr>\n<tr>\n<th><i class=\"pharvest_eu_indoor icparam\"><\/i>\u00a0Sk\u00f6rda EU inomhus<\/th>\n<td>400 &#8211; 550 gr \/ m2<\/td>\n<\/tr>\n<tr>\n<th><\/th>\n<td><\/td>\n<\/tr>\n<tr>\n<th><i class=\"pharvest_eu_outdoor icparam\"><\/i>\u00a0Sk\u00f6rd av EU utomhus<\/th>\n<td>50 &#8211; 250 gr \/ plante<\/td>\n<\/tr>\n<tr>\n<th><\/th>\n<td><\/td>\n<\/tr>\n<tr>\n<th><i class=\"psize icparam\"><\/i>\u00a0Storlek<\/th>\n<td>XL<\/td>\n<\/tr>\n<tr>\n<th><i class=\"pheight_eu icparam\"><\/i>\u00a0H\u00f6jd<\/th>\n<td>80-120 cm<\/td>\n<\/tr>\n<tr>\n<th><\/th>\n<td><\/td>\n<\/tr>\n<tr>\n<th><i class=\"pflowering icparam\"><\/i>\u00a0Blommande<\/th>\n<td>9-10 veckor<\/td>\n<\/tr>\n<tr>\n<th><i class=\"proom icparam\"><\/i>\u00a0Rum<\/th>\n<td>Inomhus utomhus<\/td>\n<\/tr>\n<tr>\n<th><i class=\"pgender icparam\"><\/i>\u00a0K\u00f6n<\/th>\n<td>Feministiskt<\/td>\n<\/tr>\n<tr>\n<th><i class=\"pgen_sativa_indica icparam\"><\/i>\u00a0Ol\u00e4genhet<\/th>\n<td>Sativa 65% \/ Indica 35%<\/td>\n<\/tr>\n<tr>\n<th><i class=\"pgenetic icparam\"><\/i>\u00a0Genetik<\/th>\n<td>Tangie Auto<\/td>\n<\/tr>\n<tr>\n<th><i class=\"pautoflowering icparam\"><\/i>\u00a0Autoflowering<\/th>\n<td>Ja<\/td>\n<\/tr>\n<\/tbody>\n<\/table>\n<\/div>\n<\/div>\n<p><a name=\"description\"><\/a><\/p>\n<div class=\"sl_description\">\n<div class=\"content\">\n<h2 class=\"ttl_3\">Beskrivning<\/h2>\n<div class=\"short\">Med op til 23% THC flyver Tangie Auto dig direkte til skyerne.\u00a0En elegant Sativa fusioneret med avanceret moderne autoflowering genetik, der med succes genindvinder al magien i et klassisk head stash.\u00a0At v\u00e6re en af \u200b\u200bvores h\u00f8jtydende og producere stramme frostige knopper fulde af Tangie-smag giver brugeren en god oplevelse, uanset om du laver ekstraktioner eller har en r\u00f8gsk\u00e6rm.\u00a0Let at dyrke og kan tilpasses til n\u00e6sten alle grow-ops, dette er den perfekte stamme for nybegyndere eller mestervindere.<\/div>\n<div class=\"desc\">\n<h3>Bud beskrivelse<\/h3>\n<p>Lysegr\u00f8nne knopper med subtile lilla nuancer d\u00e6kket af orange pistiller giver denne stamme en forbandet god taskeappel.\u00a0Disse stramme frostknopper kan konkurrere med de tungeste Indicas.\u00a0Sativa nugs har aldrig set s\u00e5 t\u00e6tte ud.<\/p>\n<h3>R\u00f8grapport<\/h3>\n<p>En fuldt funktionel Sativa high uden hovedhastighed.\u00a0Dette er den perfekte belastning til dagtimerne og f\u00e5 tingene f\u00e6rdige.\u00a0Mange brugere h\u00e6vder, at Tangie Auto hj\u00e6lper med at opretholde fokus og er en god kickstart til b\u00e5de rekreative og besv\u00e6rlige aktiviteter.<\/p>\n<h3>Planteudseende<\/h3>\n<p>Tangie&#8217;matic n\u00e5r op til 130 cm og lever op til sin Sativa-sl\u00e6gt.\u00a0Hun producerer en h\u00f8j hovedkola med imponerende sidegrener, der passer sammen, som pakker p\u00e5 tykke med citrusagtige aromatiske knopper i blomstringsfasen.\u00a0Tangie Auto-forholdet mellem blomster og blade er imponerende, s\u00e5 trimning skal v\u00e6re en leg.\u00a0En betydelig internodal-afstand g\u00f8r den perfekt til b\u00e5de LST og SCROG-ops\u00e6tninger for at maksimere hendes allerede store udbytte.<\/p>\n<div class=\"pack_desc\"><img decoding=\"async\" class=\"pk1\" src=\"https:\/\/2fast4buds.com\/src\/seeds\/images\/en_pack_desc_front.jpg?v2\" alt=\"Pak foran\" \/><img decoding=\"async\" class=\"pk2\" src=\"https:\/\/2fast4buds.com\/src\/seeds\/images\/pack_desc_seed.jpg?v2\" alt=\"Pak fr\u00f8\" \/><img decoding=\"async\" class=\"pk3\" src=\"https:\/\/2fast4buds.com\/src\/seeds\/images\/en_pack_desc_back.jpg?v2\" alt=\"Pak tilbage\" \/><\/div>\n<h3>Grow Tips<\/h3>\n<p>Tangie Auto udf\u00f8rer godt udend\u00f8rs, og med lidt tr\u00e6ning vokser selv i snigende balkon.\u00a0I betragtning af hendes h\u00f8jde anbefales LST st\u00e6rkt at kontrollere str\u00e6kningen samt \u00f8ge hendes allerede kraftige udbytte, som er omkring 500 g \/ m2.\u00a0P\u00e5 grund af hendes st\u00e6rke aromaer er der brug for et kulfilter.\u00a0Hun er en tung \u00e6der, s\u00e5 v\u00e6r klar til at fodre hende ofte.\u00a0Derefter skal du s\u00f8rge for at skylle for at optimere smagsprofilen.<\/p>\n<h3>Smak<\/h3>\n<p>Denne stamme indeholder et Tangie-slag.\u00a0S\u00f8de jordnoter ledsaget af skarpe appelsinsmag, giver denne citrusagtige stamme den ber\u00f8mte l\u00e6kre smagsprofil.\u00a0S\u00f8rg for at give en dejlig lang kur for at bringe alle de l\u00e6kre terps frem.<\/p>\n<\/div>\n<\/div>\n<\/div>","protected":false},"excerpt":{"rendered":"<ul>\n<li><strong>En imponerende Sativa.\u00a0<\/strong>Denne plante kan vokse op til 130cm og give omkring 500gr \/ m2 p\u00e5 bare 70 dage!<\/li>\n<li><strong>Tangie-licious terps.\u00a0<\/strong>\u00a0 S\u00f8d citrus og skarpe orange smag som du aldrig har set f\u00f8r.<\/li>\n<li><strong>Fuldt funktionel.\u00a0<\/strong>Den perfekte high til at f\u00e5 tingene gjort uden intens hovedhastighed.<\/li>\n<li><strong>Den frugtagtige klassiker.\u00a0<\/strong>Du kan forvente en \u00e6gte repr\u00e6sentation af Cali classic i auto version.<\/li>\n<\/ul>","protected":false},"featured_media":34155,"template":"","meta":{"_acf_changed":false},"product_brand":[],"product_cat":[813,814,1739,839,812,893,840,815,847,842],"product_tag":[],"class_list":{"0":"post-24330","1":"product","2":"type-product","3":"status-publish","4":"has-post-thumbnail","6":"product_cat-60-65-dage","7":"product_cat-65-70-dage","8":"product_cat-alle-froe","9":"product_cat-autoblomstrende","10":"product_cat-blomstring-periode","11":"product_cat-fastbuds-seeds","12":"product_cat-indendoers-autoblomstrende","13":"product_cat-producenter-a-z","14":"product_cat-sativa-dominant-autoblomstrende","15":"product_cat-udendoers-autoblomstrende","16":"pa_antal-1-stk","17":"pa_antal-3-stk","18":"pa_antal-5-stk","19":"pa_blomst-type-autoblomstrende","20":"pa_blomstringstid-60-65-dage","21":"pa_blomstringstid-65-70-dage","22":"pa_indica-sativa-sativa-dominant","23":"pa_thc-20-25","24":"pa_udbytte-medium","25":"pa_udbytte-stort","27":"first","28":"instock","29":"taxable","30":"shipping-taxable","31":"purchasable","32":"product-type-variable","33":"wvs-archive-product-wrapper"},"acf":[],"yoast_head":"<!-- This site is optimized with the Yoast SEO plugin v26.9 - https:\/\/yoast.com\/product\/yoast-seo-wordpress\/ -->\n<title>Tangie&#039;Matic Auto - Fast Buds - Superseeds.dk<\/title>\n<meta name=\"robots\" content=\"index, follow, max-snippet:-1, max-image-preview:large, max-video-preview:-1\" \/>\n<link rel=\"canonical\" href=\"https:\/\/superseeds.dk\/se\/produkt\/tangie-auto-fast-buds\/\" \/>\n<meta property=\"og:locale\" content=\"sv_SE\" \/>\n<meta property=\"og:type\" content=\"article\" \/>\n<meta property=\"og:title\" content=\"Tangie&#039;Matic Auto - Fast Buds - Superseeds.dk\" \/>\n<meta property=\"og:description\" content=\"En imponerende Sativa.\u00a0Denne plante kan vokse op til 130cm og give omkring 500gr \/ m2 p\u00e5 bare 70 dage!  Tangie-licious terps.\u00a0\u00a0 S\u00f8d citrus og skarpe orange smag som du aldrig har set f\u00f8r.  Fuldt funktionel.\u00a0Den perfekte high til at f\u00e5 tingene gjort uden intens hovedhastighed.  Den frugtagtige klassiker.\u00a0Du kan forvente en \u00e6gte repr\u00e6sentation af Cali classic i auto version.\" \/>\n<meta property=\"og:url\" content=\"https:\/\/superseeds.dk\/se\/produkt\/tangie-auto-fast-buds\/\" \/>\n<meta property=\"og:site_name\" content=\"Superseeds.dk\" \/>\n<meta property=\"article:modified_time\" content=\"2023-11-23T12:35:05+00:00\" \/>\n<meta property=\"og:image\" content=\"https:\/\/superseeds.dk\/wp-content\/uploads\/2021\/02\/tangiematic-auto-fast-buds.jpg\" \/>\n\t<meta property=\"og:image:width\" content=\"552\" \/>\n\t<meta property=\"og:image:height\" content=\"708\" \/>\n\t<meta property=\"og:image:type\" content=\"image\/jpeg\" \/>\n<meta name=\"twitter:card\" content=\"summary_large_image\" \/>\n<meta name=\"twitter:label1\" content=\"Ber\u00e4knad l\u00e4stid\" \/>\n\t<meta name=\"twitter:data1\" content=\"3 minuter\" \/>\n<script type=\"application\/ld+json\" class=\"yoast-schema-graph\">{\"@context\":\"https:\/\/schema.org\",\"@graph\":[{\"@type\":\"WebPage\",\"@id\":\"https:\/\/superseeds.dk\/vare\/tangie-auto-fast-buds\/\",\"url\":\"https:\/\/superseeds.dk\/vare\/tangie-auto-fast-buds\/\",\"name\":\"Tangie'Matic Auto - Fast Buds - Superseeds.dk\",\"isPartOf\":{\"@id\":\"https:\/\/super-seeds.se\/#website\"},\"primaryImageOfPage\":{\"@id\":\"https:\/\/superseeds.dk\/vare\/tangie-auto-fast-buds\/#primaryimage\"},\"image\":{\"@id\":\"https:\/\/superseeds.dk\/vare\/tangie-auto-fast-buds\/#primaryimage\"},\"thumbnailUrl\":\"https:\/\/superseeds.dk\/wp-content\/uploads\/2021\/02\/tangiematic-auto-fast-buds.jpg\",\"datePublished\":\"2021-02-05T19:47:48+00:00\",\"dateModified\":\"2023-11-23T12:35:05+00:00\",\"breadcrumb\":{\"@id\":\"https:\/\/superseeds.dk\/vare\/tangie-auto-fast-buds\/#breadcrumb\"},\"inLanguage\":\"sv-SE\",\"potentialAction\":[{\"@type\":\"ReadAction\",\"target\":[\"https:\/\/superseeds.dk\/vare\/tangie-auto-fast-buds\/\"]}]},{\"@type\":\"ImageObject\",\"inLanguage\":\"sv-SE\",\"@id\":\"https:\/\/superseeds.dk\/vare\/tangie-auto-fast-buds\/#primaryimage\",\"url\":\"https:\/\/superseeds.dk\/wp-content\/uploads\/2021\/02\/tangiematic-auto-fast-buds.jpg\",\"contentUrl\":\"https:\/\/superseeds.dk\/wp-content\/uploads\/2021\/02\/tangiematic-auto-fast-buds.jpg\",\"width\":552,\"height\":708},{\"@type\":\"BreadcrumbList\",\"@id\":\"https:\/\/superseeds.dk\/vare\/tangie-auto-fast-buds\/#breadcrumb\",\"itemListElement\":[{\"@type\":\"ListItem\",\"position\":1,\"name\":\"Hjem\",\"item\":\"https:\/\/superseeds.dk\/\"},{\"@type\":\"ListItem\",\"position\":2,\"name\":\"Shop\",\"item\":\"https:\/\/superseeds.dk\/no\/butikk\/\"},{\"@type\":\"ListItem\",\"position\":3,\"name\":\"Tangie&#8217;Matic Auto &#8211; Fast Buds\"}]},{\"@type\":\"WebSite\",\"@id\":\"https:\/\/super-seeds.se\/#website\",\"url\":\"https:\/\/super-seeds.se\/\",\"name\":\"Superseeds.dk\",\"description\":\"\",\"publisher\":{\"@id\":\"https:\/\/super-seeds.se\/#organization\"},\"potentialAction\":[{\"@type\":\"SearchAction\",\"target\":{\"@type\":\"EntryPoint\",\"urlTemplate\":\"https:\/\/super-seeds.se\/?s={search_term_string}\"},\"query-input\":{\"@type\":\"PropertyValueSpecification\",\"valueRequired\":true,\"valueName\":\"search_term_string\"}}],\"inLanguage\":\"sv-SE\"},{\"@type\":\"Organization\",\"@id\":\"https:\/\/super-seeds.se\/#organization\",\"name\":\"Superseeds.dk\",\"url\":\"https:\/\/super-seeds.se\/\",\"logo\":{\"@type\":\"ImageObject\",\"inLanguage\":\"sv-SE\",\"@id\":\"https:\/\/super-seeds.se\/#\/schema\/logo\/image\/\",\"url\":\"https:\/\/superseeds.dk\/wp-content\/uploads\/2025\/09\/logo-superseeds.png\",\"contentUrl\":\"https:\/\/superseeds.dk\/wp-content\/uploads\/2025\/09\/logo-superseeds.png\",\"width\":180,\"height\":160,\"caption\":\"Superseeds.dk\"},\"image\":{\"@id\":\"https:\/\/super-seeds.se\/#\/schema\/logo\/image\/\"}}]}<\/script>\n<!-- \/ Yoast SEO plugin. -->","yoast_head_json":{"title":"Tangie'Matic Auto - Fast Buds - Superseeds.dk","robots":{"index":"index","follow":"follow","max-snippet":"max-snippet:-1","max-image-preview":"max-image-preview:large","max-video-preview":"max-video-preview:-1"},"canonical":"https:\/\/superseeds.dk\/se\/produkt\/tangie-auto-fast-buds\/","og_locale":"sv_SE","og_type":"article","og_title":"Tangie'Matic Auto - Fast Buds - Superseeds.dk","og_description":"En imponerende Sativa.\u00a0Denne plante kan vokse op til 130cm og give omkring 500gr \/ m2 p\u00e5 bare 70 dage!  Tangie-licious terps.\u00a0\u00a0 S\u00f8d citrus og skarpe orange smag som du aldrig har set f\u00f8r.  Fuldt funktionel.\u00a0Den perfekte high til at f\u00e5 tingene gjort uden intens hovedhastighed.  Den frugtagtige klassiker.\u00a0Du kan forvente en \u00e6gte repr\u00e6sentation af Cali classic i auto version.","og_url":"https:\/\/superseeds.dk\/se\/produkt\/tangie-auto-fast-buds\/","og_site_name":"Superseeds.dk","article_modified_time":"2023-11-23T12:35:05+00:00","og_image":[{"width":552,"height":708,"url":"https:\/\/superseeds.dk\/wp-content\/uploads\/2021\/02\/tangiematic-auto-fast-buds.jpg","type":"image\/jpeg"}],"twitter_card":"summary_large_image","twitter_misc":{"Ber\u00e4knad l\u00e4stid":"3 minuter"},"schema":{"@context":"https:\/\/schema.org","@graph":[{"@type":"WebPage","@id":"https:\/\/superseeds.dk\/vare\/tangie-auto-fast-buds\/","url":"https:\/\/superseeds.dk\/vare\/tangie-auto-fast-buds\/","name":"Tangie'Matic Auto - Fast Buds - Superseeds.dk","isPartOf":{"@id":"https:\/\/super-seeds.se\/#website"},"primaryImageOfPage":{"@id":"https:\/\/superseeds.dk\/vare\/tangie-auto-fast-buds\/#primaryimage"},"image":{"@id":"https:\/\/superseeds.dk\/vare\/tangie-auto-fast-buds\/#primaryimage"},"thumbnailUrl":"https:\/\/superseeds.dk\/wp-content\/uploads\/2021\/02\/tangiematic-auto-fast-buds.jpg","datePublished":"2021-02-05T19:47:48+00:00","dateModified":"2023-11-23T12:35:05+00:00","breadcrumb":{"@id":"https:\/\/superseeds.dk\/vare\/tangie-auto-fast-buds\/#breadcrumb"},"inLanguage":"sv-SE","potentialAction":[{"@type":"ReadAction","target":["https:\/\/superseeds.dk\/vare\/tangie-auto-fast-buds\/"]}]},{"@type":"ImageObject","inLanguage":"sv-SE","@id":"https:\/\/superseeds.dk\/vare\/tangie-auto-fast-buds\/#primaryimage","url":"https:\/\/superseeds.dk\/wp-content\/uploads\/2021\/02\/tangiematic-auto-fast-buds.jpg","contentUrl":"https:\/\/superseeds.dk\/wp-content\/uploads\/2021\/02\/tangiematic-auto-fast-buds.jpg","width":552,"height":708},{"@type":"BreadcrumbList","@id":"https:\/\/superseeds.dk\/vare\/tangie-auto-fast-buds\/#breadcrumb","itemListElement":[{"@type":"ListItem","position":1,"name":"Hjem","item":"https:\/\/superseeds.dk\/"},{"@type":"ListItem","position":2,"name":"Shop","item":"https:\/\/superseeds.dk\/no\/butikk\/"},{"@type":"ListItem","position":3,"name":"Tangie&#8217;Matic Auto &#8211; Fast Buds"}]},{"@type":"WebSite","@id":"https:\/\/super-seeds.se\/#website","url":"https:\/\/super-seeds.se\/","name":"Superseeds.com","description":"","publisher":{"@id":"https:\/\/super-seeds.se\/#organization"},"potentialAction":[{"@type":"SearchAction","target":{"@type":"EntryPoint","urlTemplate":"https:\/\/super-seeds.se\/?s={search_term_string}"},"query-input":{"@type":"PropertyValueSpecification","valueRequired":true,"valueName":"search_term_string"}}],"inLanguage":"sv-SE"},{"@type":"Organization","@id":"https:\/\/super-seeds.se\/#organization","name":"Superseeds.com","url":"https:\/\/super-seeds.se\/","logo":{"@type":"ImageObject","inLanguage":"sv-SE","@id":"https:\/\/super-seeds.se\/#\/schema\/logo\/image\/","url":"https:\/\/superseeds.dk\/wp-content\/uploads\/2025\/09\/logo-superseeds.png","contentUrl":"https:\/\/superseeds.dk\/wp-content\/uploads\/2025\/09\/logo-superseeds.png","width":180,"height":160,"caption":"Superseeds.dk"},"image":{"@id":"https:\/\/super-seeds.se\/#\/schema\/logo\/image\/"}}]}},"df_price":69,"df_sale_price":"","df_regular_price":69,"df_image_link":"https:\/\/superseeds.dk\/wp-content\/uploads\/2021\/02\/tangiematic-auto-fast-buds.jpg","_links":{"self":[{"href":"https:\/\/superseeds.dk\/se\/wp-json\/wp\/v2\/product\/24330","targetHints":{"allow":["GET"]}}],"collection":[{"href":"https:\/\/superseeds.dk\/se\/wp-json\/wp\/v2\/product"}],"about":[{"href":"https:\/\/superseeds.dk\/se\/wp-json\/wp\/v2\/types\/product"}],"wp:featuredmedia":[{"embeddable":true,"href":"https:\/\/superseeds.dk\/se\/wp-json\/wp\/v2\/media\/34155"}],"wp:attachment":[{"href":"https:\/\/superseeds.dk\/se\/wp-json\/wp\/v2\/media?parent=24330"}],"wp:term":[{"taxonomy":"product_brand","embeddable":true,"href":"https:\/\/superseeds.dk\/se\/wp-json\/wp\/v2\/product_brand?post=24330"},{"taxonomy":"product_cat","embeddable":true,"href":"https:\/\/superseeds.dk\/se\/wp-json\/wp\/v2\/product_cat?post=24330"},{"taxonomy":"product_tag","embeddable":true,"href":"https:\/\/superseeds.dk\/se\/wp-json\/wp\/v2\/product_tag?post=24330"}],"curies":[{"name":"wp","href":"https:\/\/api.w.org\/{rel}","templated":true}]}}