{"id":24254,"date":"2021-01-31T21:27:15","date_gmt":"2021-01-31T20:27:15","guid":{"rendered":"https:\/\/superseeds.dk\/vare\/candy-kush-fem-rqs\/"},"modified":"2023-11-23T13:35:14","modified_gmt":"2023-11-23T12:35:14","slug":"candy-kush-fem-rqs","status":"publish","type":"product","link":"https:\/\/superseeds.dk\/se\/produkt\/candy-kush-fem-rqs\/","title":{"rendered":"Candy Kush Express (Feminiserad) - RQS"},"content":{"rendered":"<div id=\"idTab1\" class=\"rte\">\n<div class=\"product-expand\" data-expand-button=\"Read more\" data-collapse-button=\"Vis mindre\">\n<h2>En meget velbalanceret Sativa-Indica-sort<\/h2>\n<p>Normalt har en sort det med at l\u00e6ne sig kraftigt mod den ene eller anden retning, n\u00e5r det g\u00e6lder b\u00e5de genetisk baggrund og virkning, selvom den er en kombination af Sativa og Indica. Candy Kush Express Fast Flowering er dog helt speciel, selv blandt Indica\/Sativa-hybriderne: Med 40% Sativa og 60% Indica er denne Kush-sort s\u00e5 t\u00e6t p\u00e5 en \u00e6gte, lige fordelt hybrid p\u00e5 markedet, som man kan komme. Dette betyder en helt speciel blanding med virkning fra b\u00e5de Indica og Sativa.<\/p>\n<p>Sweet Special-sorten er del af den direkte genetiske baggrund fra Candy Kush. Denne sort er blandt andet kendt for sin s\u00f8de smag og sund, holdbare plante. Disse gode egenskaber er overf\u00f8rt til Candy Kush, idet planterne er st\u00e6rke rent fysisk i forhold dyrkning indend\u00f8rs eller udend\u00f8rs, og smagen altid er tilfredsstillende s\u00f8d. Den legendariske Royal Kush er den anden genetiske for\u00e6lder for Candy Kush. Royal Kush er en ber\u00f8mt Indica-domineret sort, som selv er en efterkommer fra den ubeskriveligt potente Afghani Kush. B\u00e5de Afghani og Royal Kush hyldes blandt dem, som lider af s\u00f8vnl\u00f8shed, for deres beroligende virkning, mens de mere casual og nydelsesrygere bem\u00e6rker de mere klassiske tr\u00e6k fra disse sorter, hvor man ender limet til sin sofa.<\/p>\n<h3>En blandet fysisk og euforisk high<\/h3>\n<p>Da denne sort har en anelse mere Indica i sin genetiske baggrund, er der en st\u00e6rkere fysisk fornemmelse af at v\u00e6re h\u00f8j til stede. Sativa-egenskaberne i denne sort viser sig dog i den opl\u00f8ftende eufori, der g\u00e5r lige til hovedet. Aspekterne fra Sativa i Candy Kush hj\u00e6lper med at skabe en balance i virkningen, hvilket giver den beroligende effekt en underlig, men alligevel velkommen energisk kvalitet . Denne variant bliver mere og mere popul\u00e6r p\u00e5 grund af den unikke blanding, der giver en b\u00e5de opl\u00f8ftende og dybt afslappende virkning. Inden for det medicinske omr\u00e5de virker denne sort bedst mod stress og smertelindring. Det lave CBD.indhold hj\u00e6per med at regulere den den afslappende effekt, hvilket betyder, at denne sort har evnen til berolige uden at sl\u00e5 brugeren i gulvet.<\/p>\n<p>Det er v\u00e6rd at bem\u00e6rke, at selv med et lavt indhold af CBD, s\u00e5 er indholdet af THC i denne sort helt oppe p\u00e5 18%, hvilket g\u00f8r den til en af de mere potente sorter p\u00e5 markedet. Hvis den dyrkes udenfor, s\u00e5 kan planten give et udbytte p\u00e5 mindst 450 t\u00f8rrede gram eller op til 500 gram\/plante, hvorimod udbyttet vil ligge omkring 475-525, hvis den dyrkes indend\u00f8rs. Da der er tale om en automatisk blomstrende sort, vil blomstringen kun tage 7 uger. Ved dyrkning ude i det fri vil det v\u00e6re bedst at planl\u00e6gge en s\u00e5kaldt h\u00f8st i starten af september. N\u00e5r den er f\u00e6rdig med at vokse, vil planten n\u00e5 en h\u00f8jde p\u00e5 op til 100 cm indend\u00f8rs og i n\u00e6rheden af 170 cm udend\u00f8rs.<\/p>\n<p>God sort til begynderne<br \/>\nLigesom alle sorter med hurtig blomstring vil disse Candy Kush-planter v\u00e6re nemme at dyrke. Selv begynderne vil opleve, at det er overraskende ligetil at producere tykke blomster af h\u00f8j kvalitet med et nemt dyrkningsforl\u00f8b. Candu Kush Express Fast Flowering er ideel til dyrkeren, som er interesseret i en specielt balanceret sort, som er nem at dyrke hurtigt under b\u00e5de indend\u00f8rs og udend\u00f8rs forhold.<\/p>\n<table id=\"idTab2\" class=\"bullet product-features-list\">\n<tbody>\n<tr>\n<td class=\"feature-icon\"><img decoding=\"async\" src=\"https:\/\/superseeds.dk\/wp-content\/uploads\/2022\/07\/1772_val_family-feminized_1.svg\" width=\"30\" \/><\/td>\n<th class=\"feature-name\">Sorttype:<\/th>\n<td class=\"feture-value\">Feministiskt<\/td>\n<\/tr>\n<tr>\n<td class=\"feature-icon\"><img decoding=\"async\" src=\"https:\/\/superseeds.dk\/wp-content\/uploads\/2022\/07\/29_THC_1.svg\" width=\"30\" \/><\/td>\n<th class=\"feature-name\">THC:<\/th>\n<td class=\"feture-value\">18%<\/td>\n<\/tr>\n<tr>\n<td class=\"feature-icon\"><img decoding=\"async\" src=\"https:\/\/superseeds.dk\/wp-content\/uploads\/2022\/07\/30_CBD_1.svg\" width=\"30\" \/><\/td>\n<th class=\"feature-name\">CBD:<\/th>\n<td class=\"feture-value\">L\u00e5g<\/td>\n<\/tr>\n<tr>\n<td class=\"feature-icon\"><img decoding=\"async\" src=\"https:\/\/superseeds.dk\/wp-content\/uploads\/2022\/07\/33_Yield-indoors_1.svg\" width=\"30\" \/><\/td>\n<th class=\"feature-name\">Udbytte indend\u00f8rs:<\/th>\n<td class=\"feture-value\">475 &#8211; 525 gr\/m2<\/td>\n<\/tr>\n<tr>\n<td class=\"feature-icon\"><img decoding=\"async\" src=\"https:\/\/superseeds.dk\/wp-content\/uploads\/2022\/07\/34_yield-outdoor_1.svg\" width=\"30\" \/><\/td>\n<th class=\"feature-name\">Udbytte udend\u00f8rs:<\/th>\n<td class=\"feture-value\">450 &#8211; 500 gr\/plant<\/td>\n<\/tr>\n<tr>\n<td class=\"feature-icon\"><img decoding=\"async\" src=\"https:\/\/superseeds.dk\/wp-content\/uploads\/2022\/07\/31_plant-height-outdoor_1.svg\" width=\"30\" \/><\/td>\n<th class=\"feature-name\">H\u00f8jde indend\u00f8rs:<\/th>\n<td class=\"feture-value\">60 &#8211; 100 cm<\/td>\n<\/tr>\n<tr>\n<td class=\"feature-icon\"><img decoding=\"async\" src=\"https:\/\/superseeds.dk\/wp-content\/uploads\/2022\/07\/32_plant-height-outdoors_1.svg\" width=\"30\" \/><\/td>\n<th class=\"feature-name\">H\u00f8jde udend\u00f8rs:<\/th>\n<td class=\"feture-value\">100 &#8211; 170 cm<\/td>\n<\/tr>\n<tr>\n<td class=\"feature-icon\"><img decoding=\"async\" src=\"https:\/\/superseeds.dk\/wp-content\/uploads\/2022\/07\/25_flowering-time_1.svg\" width=\"30\" \/><\/td>\n<th class=\"feature-name\">Blomningstid:<\/th>\n<td class=\"feture-value\">7 &#8211; 9 uger<\/td>\n<\/tr>\n<tr>\n<td class=\"feature-icon\"><img decoding=\"async\" src=\"https:\/\/superseeds.dk\/wp-content\/uploads\/2022\/07\/27_harvest-period_1.svg\" width=\"30\" \/><\/td>\n<th class=\"feature-name\">H\u00f8stm\u00e5ned:<\/th>\n<td class=\"feture-value\">Tidlig september<\/td>\n<\/tr>\n<tr>\n<td class=\"feature-icon\"><img decoding=\"async\" src=\"https:\/\/superseeds.dk\/wp-content\/uploads\/2022\/07\/23_genetic-background_1.svg\" width=\"30\" \/><\/td>\n<th class=\"feature-name\">Genetisk baggrund:<\/th>\n<td class=\"feture-value\">Sweet Special x O.G. Kush<\/td>\n<\/tr>\n<tr>\n<td class=\"feature-icon\"><img decoding=\"async\" src=\"https:\/\/superseeds.dk\/wp-content\/uploads\/2022\/07\/28_Type-Blend_1.svg\" width=\"30\" \/><\/td>\n<th class=\"feature-name\">Type:<\/th>\n<td class=\"feture-value\">Sativa 40% Indica 60%<\/td>\n<\/tr>\n<tr>\n<td class=\"feature-icon\"><img decoding=\"async\" src=\"https:\/\/superseeds.dk\/wp-content\/uploads\/2022\/07\/22_Effect_1.svg\" width=\"30\" \/><\/td>\n<th class=\"feature-name\">Effekt:<\/th>\n<td class=\"feture-value\">Fysisk afslappende, Stenet<\/td>\n<\/tr>\n<tr>\n<td class=\"feature-icon\"><img decoding=\"async\" src=\"https:\/\/superseeds.dk\/wp-content\/uploads\/2022\/07\/35_Climate_1.svg\" width=\"30\" \/><\/td>\n<th class=\"feature-name\">Klima:<\/th>\n<td class=\"feture-value\">Mild<\/td>\n<\/tr>\n<tr>\n<td class=\"feature-icon\"><img decoding=\"async\" src=\"https:\/\/superseeds.dk\/wp-content\/uploads\/2022\/07\/46_Flavour.svg\" width=\"30\" \/><\/td>\n<th class=\"feature-name\">Smak:<\/th>\n<td class=\"feture-value\">Frugtagtig, Slik<\/td>\n<\/tr>\n<\/tbody>\n<\/table>\n<\/div>\n<\/div>","protected":false},"excerpt":{"rendered":"<p>Normalt har en sort det med at l\u00e6ne sig kraftigt mod den ene eller anden retning, n\u00e5r det g\u00e6lder b\u00e5de genetisk baggrund og virkning, selvom den er en kombination af Sativa og Indica. Candy Kush Express Fast Flowering er dog helt speciel, selv blandt Indica\/Sativa-hybriderne: Med 40% Sativa og 60% Indica er denne Kush-sort s\u00e5 t\u00e6t p\u00e5 en \u00e6gte, lige fordelt hybrid p\u00e5 markedet, som man kan komme. Dette betyder en helt speciel blanding med virkning fra b\u00e5de Indica og Sativa.<\/p>\n<p>&nbsp;<\/p>\n<p>&nbsp;<\/p>","protected":false},"featured_media":11038,"template":"","meta":{"_acf_changed":false},"product_brand":[],"product_cat":[889,1739,812,817,819,826,815,896,835,827],"product_tag":[],"class_list":{"0":"post-24254","1":"product","2":"type-product","3":"status-publish","4":"has-post-thumbnail","6":"product_cat-50-indica-50-sativa-feminiserede","7":"product_cat-alle-froe","8":"product_cat-blomstring-periode","9":"product_cat-feminiserede","10":"product_cat-indendoers","11":"product_cat-indica-dominant","12":"product_cat-producenter-a-z","13":"product_cat-royal-queen-seeds","14":"product_cat-udendoers-feminiserede","15":"product_cat-under-60-dage","16":"pa_antal-3-stk","17":"pa_antal-5-stk","18":"pa_blomst-type-feminiserede","19":"pa_blomstringstid-under-60-dage","20":"pa_thc-10-20","21":"pa_udbytte-stort","23":"first","24":"instock","25":"taxable","26":"shipping-taxable","27":"purchasable","28":"product-type-variable","29":"wvs-archive-product-wrapper"},"acf":[],"yoast_head":"<!-- This site is optimized with the Yoast SEO plugin v26.9 - https:\/\/yoast.com\/product\/yoast-seo-wordpress\/ -->\n<title>Candy Kush Express (Feminiseret) - RQS - Superseeds.dk<\/title>\n<meta name=\"robots\" content=\"index, follow, max-snippet:-1, max-image-preview:large, max-video-preview:-1\" \/>\n<link rel=\"canonical\" href=\"https:\/\/superseeds.dk\/se\/produkt\/candy-kush-fem-rqs\/\" \/>\n<meta property=\"og:locale\" content=\"sv_SE\" \/>\n<meta property=\"og:type\" content=\"article\" \/>\n<meta property=\"og:title\" content=\"Candy Kush Express (Feminiseret) - RQS - Superseeds.dk\" \/>\n<meta property=\"og:description\" content=\"Normalt har en sort det med at l\u00e6ne sig kraftigt mod den ene eller anden retning, n\u00e5r det g\u00e6lder b\u00e5de genetisk baggrund og virkning, selvom den er en kombination af Sativa og Indica. Candy Kush Express Fast Flowering er dog helt speciel, selv blandt Indica\/Sativa-hybriderne: Med 40% Sativa og 60% Indica er denne Kush-sort s\u00e5 t\u00e6t p\u00e5 en \u00e6gte, lige fordelt hybrid p\u00e5 markedet, som man kan komme. Dette betyder en helt speciel blanding med virkning fra b\u00e5de Indica og Sativa.  &nbsp;  &nbsp;\" \/>\n<meta property=\"og:url\" content=\"https:\/\/superseeds.dk\/se\/produkt\/candy-kush-fem-rqs\/\" \/>\n<meta property=\"og:site_name\" content=\"Superseeds.dk\" \/>\n<meta property=\"article:modified_time\" content=\"2023-11-23T12:35:14+00:00\" \/>\n<meta property=\"og:image\" content=\"https:\/\/super-seeds.no\/wp-content\/uploads\/2022\/07\/candy-kush-hurtigt-blomstrende.jpg\" \/>\n\t<meta property=\"og:image:width\" content=\"600\" \/>\n\t<meta property=\"og:image:height\" content=\"600\" \/>\n\t<meta property=\"og:image:type\" content=\"image\/jpeg\" \/>\n<meta name=\"twitter:card\" content=\"summary_large_image\" \/>\n<meta name=\"twitter:label1\" content=\"Ber\u00e4knad l\u00e4stid\" \/>\n\t<meta name=\"twitter:data1\" content=\"6 minuter\" \/>\n<script type=\"application\/ld+json\" class=\"yoast-schema-graph\">{\"@context\":\"https:\/\/schema.org\",\"@graph\":[{\"@type\":\"WebPage\",\"@id\":\"https:\/\/superseeds.dk\/vare\/candy-kush-fem-rqs\/\",\"url\":\"https:\/\/superseeds.dk\/vare\/candy-kush-fem-rqs\/\",\"name\":\"Candy Kush Express (Feminiseret) - RQS - Superseeds.dk\",\"isPartOf\":{\"@id\":\"https:\/\/super-seeds.se\/#website\"},\"primaryImageOfPage\":{\"@id\":\"https:\/\/superseeds.dk\/vare\/candy-kush-fem-rqs\/#primaryimage\"},\"image\":{\"@id\":\"https:\/\/superseeds.dk\/vare\/candy-kush-fem-rqs\/#primaryimage\"},\"thumbnailUrl\":\"https:\/\/superseeds.dk\/wp-content\/uploads\/2022\/07\/candy-kush-hurtigt-blomstrende.jpg\",\"datePublished\":\"2021-01-31T20:27:15+00:00\",\"dateModified\":\"2023-11-23T12:35:14+00:00\",\"breadcrumb\":{\"@id\":\"https:\/\/superseeds.dk\/vare\/candy-kush-fem-rqs\/#breadcrumb\"},\"inLanguage\":\"sv-SE\",\"potentialAction\":[{\"@type\":\"ReadAction\",\"target\":[\"https:\/\/superseeds.dk\/vare\/candy-kush-fem-rqs\/\"]}]},{\"@type\":\"ImageObject\",\"inLanguage\":\"sv-SE\",\"@id\":\"https:\/\/superseeds.dk\/vare\/candy-kush-fem-rqs\/#primaryimage\",\"url\":\"https:\/\/superseeds.dk\/wp-content\/uploads\/2022\/07\/candy-kush-hurtigt-blomstrende.jpg\",\"contentUrl\":\"https:\/\/superseeds.dk\/wp-content\/uploads\/2022\/07\/candy-kush-hurtigt-blomstrende.jpg\",\"width\":600,\"height\":600},{\"@type\":\"BreadcrumbList\",\"@id\":\"https:\/\/superseeds.dk\/vare\/candy-kush-fem-rqs\/#breadcrumb\",\"itemListElement\":[{\"@type\":\"ListItem\",\"position\":1,\"name\":\"Hjem\",\"item\":\"https:\/\/superseeds.dk\/\"},{\"@type\":\"ListItem\",\"position\":2,\"name\":\"Shop\",\"item\":\"https:\/\/superseeds.dk\/no\/butikk\/\"},{\"@type\":\"ListItem\",\"position\":3,\"name\":\"Candy Kush Express (Feminiseret) &#8211; RQS\"}]},{\"@type\":\"WebSite\",\"@id\":\"https:\/\/super-seeds.se\/#website\",\"url\":\"https:\/\/super-seeds.se\/\",\"name\":\"Superseeds.dk\",\"description\":\"\",\"publisher\":{\"@id\":\"https:\/\/super-seeds.se\/#organization\"},\"potentialAction\":[{\"@type\":\"SearchAction\",\"target\":{\"@type\":\"EntryPoint\",\"urlTemplate\":\"https:\/\/super-seeds.se\/?s={search_term_string}\"},\"query-input\":{\"@type\":\"PropertyValueSpecification\",\"valueRequired\":true,\"valueName\":\"search_term_string\"}}],\"inLanguage\":\"sv-SE\"},{\"@type\":\"Organization\",\"@id\":\"https:\/\/super-seeds.se\/#organization\",\"name\":\"Superseeds.dk\",\"url\":\"https:\/\/super-seeds.se\/\",\"logo\":{\"@type\":\"ImageObject\",\"inLanguage\":\"sv-SE\",\"@id\":\"https:\/\/super-seeds.se\/#\/schema\/logo\/image\/\",\"url\":\"https:\/\/superseeds.dk\/wp-content\/uploads\/2025\/09\/logo-superseeds.png\",\"contentUrl\":\"https:\/\/superseeds.dk\/wp-content\/uploads\/2025\/09\/logo-superseeds.png\",\"width\":180,\"height\":160,\"caption\":\"Superseeds.dk\"},\"image\":{\"@id\":\"https:\/\/super-seeds.se\/#\/schema\/logo\/image\/\"}}]}<\/script>\n<!-- \/ Yoast SEO plugin. -->","yoast_head_json":{"title":"Candy Kush Express (Feminiseret) - RQS - Superseeds.dk","robots":{"index":"index","follow":"follow","max-snippet":"max-snippet:-1","max-image-preview":"max-image-preview:large","max-video-preview":"max-video-preview:-1"},"canonical":"https:\/\/superseeds.dk\/se\/produkt\/candy-kush-fem-rqs\/","og_locale":"sv_SE","og_type":"article","og_title":"Candy Kush Express (Feminiseret) - RQS - Superseeds.dk","og_description":"Normalt har en sort det med at l\u00e6ne sig kraftigt mod den ene eller anden retning, n\u00e5r det g\u00e6lder b\u00e5de genetisk baggrund og virkning, selvom den er en kombination af Sativa og Indica. Candy Kush Express Fast Flowering er dog helt speciel, selv blandt Indica\/Sativa-hybriderne: Med 40% Sativa og 60% Indica er denne Kush-sort s\u00e5 t\u00e6t p\u00e5 en \u00e6gte, lige fordelt hybrid p\u00e5 markedet, som man kan komme. Dette betyder en helt speciel blanding med virkning fra b\u00e5de Indica og Sativa.  &nbsp;  &nbsp;","og_url":"https:\/\/superseeds.dk\/se\/produkt\/candy-kush-fem-rqs\/","og_site_name":"Superseeds.dk","article_modified_time":"2023-11-23T12:35:14+00:00","og_image":[{"width":600,"height":600,"url":"https:\/\/super-seeds.no\/wp-content\/uploads\/2022\/07\/candy-kush-hurtigt-blomstrende.jpg","type":"image\/jpeg"}],"twitter_card":"summary_large_image","twitter_misc":{"Ber\u00e4knad l\u00e4stid":"6 minuter"},"schema":{"@context":"https:\/\/schema.org","@graph":[{"@type":"WebPage","@id":"https:\/\/superseeds.dk\/vare\/candy-kush-fem-rqs\/","url":"https:\/\/superseeds.dk\/vare\/candy-kush-fem-rqs\/","name":"Candy Kush Express (Feminiseret) - RQS - Superseeds.dk","isPartOf":{"@id":"https:\/\/super-seeds.se\/#website"},"primaryImageOfPage":{"@id":"https:\/\/superseeds.dk\/vare\/candy-kush-fem-rqs\/#primaryimage"},"image":{"@id":"https:\/\/superseeds.dk\/vare\/candy-kush-fem-rqs\/#primaryimage"},"thumbnailUrl":"https:\/\/superseeds.dk\/wp-content\/uploads\/2022\/07\/candy-kush-hurtigt-blomstrende.jpg","datePublished":"2021-01-31T20:27:15+00:00","dateModified":"2023-11-23T12:35:14+00:00","breadcrumb":{"@id":"https:\/\/superseeds.dk\/vare\/candy-kush-fem-rqs\/#breadcrumb"},"inLanguage":"sv-SE","potentialAction":[{"@type":"ReadAction","target":["https:\/\/superseeds.dk\/vare\/candy-kush-fem-rqs\/"]}]},{"@type":"ImageObject","inLanguage":"sv-SE","@id":"https:\/\/superseeds.dk\/vare\/candy-kush-fem-rqs\/#primaryimage","url":"https:\/\/superseeds.dk\/wp-content\/uploads\/2022\/07\/candy-kush-hurtigt-blomstrende.jpg","contentUrl":"https:\/\/superseeds.dk\/wp-content\/uploads\/2022\/07\/candy-kush-hurtigt-blomstrende.jpg","width":600,"height":600},{"@type":"BreadcrumbList","@id":"https:\/\/superseeds.dk\/vare\/candy-kush-fem-rqs\/#breadcrumb","itemListElement":[{"@type":"ListItem","position":1,"name":"Hjem","item":"https:\/\/superseeds.dk\/"},{"@type":"ListItem","position":2,"name":"Shop","item":"https:\/\/superseeds.dk\/no\/butikk\/"},{"@type":"ListItem","position":3,"name":"Candy Kush Express (Feminiseret) &#8211; RQS"}]},{"@type":"WebSite","@id":"https:\/\/super-seeds.se\/#website","url":"https:\/\/super-seeds.se\/","name":"Superseeds.com","description":"","publisher":{"@id":"https:\/\/super-seeds.se\/#organization"},"potentialAction":[{"@type":"SearchAction","target":{"@type":"EntryPoint","urlTemplate":"https:\/\/super-seeds.se\/?s={search_term_string}"},"query-input":{"@type":"PropertyValueSpecification","valueRequired":true,"valueName":"search_term_string"}}],"inLanguage":"sv-SE"},{"@type":"Organization","@id":"https:\/\/super-seeds.se\/#organization","name":"Superseeds.com","url":"https:\/\/super-seeds.se\/","logo":{"@type":"ImageObject","inLanguage":"sv-SE","@id":"https:\/\/super-seeds.se\/#\/schema\/logo\/image\/","url":"https:\/\/superseeds.dk\/wp-content\/uploads\/2025\/09\/logo-superseeds.png","contentUrl":"https:\/\/superseeds.dk\/wp-content\/uploads\/2025\/09\/logo-superseeds.png","width":180,"height":160,"caption":"Superseeds.dk"},"image":{"@id":"https:\/\/super-seeds.se\/#\/schema\/logo\/image\/"}}]}},"df_price":169,"df_sale_price":"","df_regular_price":169,"df_image_link":"https:\/\/superseeds.dk\/wp-content\/uploads\/2022\/07\/candy-kush-hurtigt-blomstrende-300x300.jpg","_links":{"self":[{"href":"https:\/\/superseeds.dk\/se\/wp-json\/wp\/v2\/product\/24254","targetHints":{"allow":["GET"]}}],"collection":[{"href":"https:\/\/superseeds.dk\/se\/wp-json\/wp\/v2\/product"}],"about":[{"href":"https:\/\/superseeds.dk\/se\/wp-json\/wp\/v2\/types\/product"}],"wp:featuredmedia":[{"embeddable":true,"href":"https:\/\/superseeds.dk\/se\/wp-json\/wp\/v2\/media\/11038"}],"wp:attachment":[{"href":"https:\/\/superseeds.dk\/se\/wp-json\/wp\/v2\/media?parent=24254"}],"wp:term":[{"taxonomy":"product_brand","embeddable":true,"href":"https:\/\/superseeds.dk\/se\/wp-json\/wp\/v2\/product_brand?post=24254"},{"taxonomy":"product_cat","embeddable":true,"href":"https:\/\/superseeds.dk\/se\/wp-json\/wp\/v2\/product_cat?post=24254"},{"taxonomy":"product_tag","embeddable":true,"href":"https:\/\/superseeds.dk\/se\/wp-json\/wp\/v2\/product_tag?post=24254"}],"curies":[{"name":"wp","href":"https:\/\/api.w.org\/{rel}","templated":true}]}}