{"id":24207,"date":"2021-01-28T14:32:36","date_gmt":"2021-01-28T13:32:36","guid":{"rendered":"https:\/\/superseeds.dk\/vare\/amnesia-haze-fem-rqs\/"},"modified":"2023-11-23T13:35:21","modified_gmt":"2023-11-23T12:35:21","slug":"amnesia-haze-fem-rqs","status":"publish","type":"product","link":"https:\/\/superseeds.dk\/se\/produkt\/amnesia-haze-fem-rqs\/","title":{"rendered":"Amnesia Haze (Feminiseret) &#8211; RQS"},"content":{"rendered":"<div id=\"idTab1\" class=\"rte\">\n<div class=\"product-expand\" data-expand-button=\"Read more\" data-collapse-button=\"Vis mindre\">\n<h3>Genetik og potens<\/h3>\n<p>Da haze-generne kom til Holland, og flere hybrider blev skabt. besluttede en amerikansk expat senere hen at kombinere en af disse hybrider med en hanplante fra gammeldags haze-fr\u00f8, hvilket blev til Amnesia Haze. Vi f\u00f8lte ikke, at vores samling af marihuanafr\u00f8 ville v\u00e6re fuldendt uden en af de bedste haze-fr\u00f8, der nogensinde er r\u00f8get, og derfor har vi f\u00e5et fat i noget Amnesia og skabt feminiserede fr\u00f8.<\/p>\n<h3>Udbytte og dyrkning<\/h3>\n<p>Vores Amnesia Haze er en velholdt plante, der bliver lidt over en meter h\u00f8j og op til ca. 120 cm. Hun kan dyrkes udend\u00f8rs, men vil kr\u00e6ve et varmt klima som i Australien, Nordafrika og Californien. Men det er nok n\u00f8dvendigt at dyrke den i et drivhus p\u00e5 grund af den lange blomstringsperiode. Amnesia Haze er en af vores sorter med det h\u00f8jeste udbytte, idet den producerer 70-80 gram pr. plante, helt op til cirka 650 gram pr. m2 under et 600W lys. Hun kan opn\u00e5 et stort udbytte udend\u00f8rs med helt op til 700 gram pr. plante i fuld sol. Der er dog behov for ekstra omhu ved udend\u00f8rs dyrkning, da det er en f\u00f8lsom plante, og problemer med vejret, insekter eller vanding kan p\u00e5virke din endelige h\u00f8st negativt. Det vil s\u00e5 sige, at efter 4 m\u00e5neders dyrkning, 2 ugers t\u00f8rring og fermentering, s\u00e5 er du klar til at ryge den Amnesia Haze, der har taget dig s\u00e5 lang tid at dyrke. N\u00e5r du g\u00e5r i gang med din f\u00f8rste joint eller bong, s\u00e5 er vi overbeviste om, at du efter al den ventetid vil v\u00e6re mere end tilfreds med oplevelsen. Vores Amnesia Haze er virkelig en af de bedste cannabissorter i hele vores lager.<\/p>\n<h3>Effekt<\/h3>\n<p>Hvert hit kommer med et virkelig psykedelisk head high, som med stor sandsynlighed sender enhver bruger lige ud i astrosf\u00e6ren. Smagen er frisk og frugtagtig, som man forventer det fra en haze, hvilket kun g\u00f8r rygningen en st\u00f8rre nydelse. Rygere advares p\u00e5 forh\u00e5nd, at det her er en st\u00e6rk omgang, og som navnet antyder, s\u00e5 kan brugere godt sl\u00e5 deres hjerner helt fra efter en omgang.<\/p>\n<table id=\"idTab2\" class=\"bullet product-features-list\">\n<tbody>\n<tr>\n<td class=\"feature-icon\"><img decoding=\"async\" src=\"https:\/\/superseeds.dk\/wp-content\/uploads\/2022\/07\/1772_val_family-feminized_1.svg\" width=\"30\" \/><\/td>\n<th class=\"feature-name\">Sorttype:<\/th>\n<td class=\"feture-value\">Feministiskt<\/td>\n<\/tr>\n<tr>\n<td class=\"feature-icon\"><img decoding=\"async\" src=\"https:\/\/superseeds.dk\/wp-content\/uploads\/2022\/07\/29_THC_1.svg\" width=\"30\" \/><\/td>\n<th class=\"feature-name\">THC:<\/th>\n<td class=\"feture-value\">22%<\/td>\n<\/tr>\n<tr>\n<td class=\"feature-icon\"><img decoding=\"async\" src=\"https:\/\/superseeds.dk\/wp-content\/uploads\/2022\/07\/30_CBD_1.svg\" width=\"30\" \/><\/td>\n<th class=\"feature-name\">CBD:<\/th>\n<td class=\"feture-value\">Medium<\/td>\n<\/tr>\n<tr>\n<td class=\"feature-icon\"><img decoding=\"async\" src=\"https:\/\/superseeds.dk\/wp-content\/uploads\/2022\/07\/33_Yield-indoors_1.svg\" width=\"30\" \/><\/td>\n<th class=\"feature-name\">Udbytte indend\u00f8rs:<\/th>\n<td class=\"feture-value\">600 &#8211; 650 gr\/m2<\/td>\n<\/tr>\n<tr>\n<td class=\"feature-icon\"><img decoding=\"async\" src=\"https:\/\/superseeds.dk\/wp-content\/uploads\/2022\/07\/34_yield-outdoor_1.svg\" width=\"30\" \/><\/td>\n<th class=\"feature-name\">Udbytte udend\u00f8rs:<\/th>\n<td class=\"feture-value\">650 &#8211; 700 gr\/plant<\/td>\n<\/tr>\n<tr>\n<td class=\"feature-icon\"><img decoding=\"async\" src=\"https:\/\/superseeds.dk\/wp-content\/uploads\/2022\/07\/31_plant-height-outdoor_1.svg\" width=\"30\" \/><\/td>\n<th class=\"feature-name\">H\u00f8jde indend\u00f8rs:<\/th>\n<td class=\"feture-value\">80 &#8211; 140 cm<\/td>\n<\/tr>\n<tr>\n<td class=\"feature-icon\"><img decoding=\"async\" src=\"https:\/\/superseeds.dk\/wp-content\/uploads\/2022\/07\/32_plant-height-outdoors_1.svg\" width=\"30\" \/><\/td>\n<th class=\"feature-name\">H\u00f8jde udend\u00f8rs:<\/th>\n<td class=\"feture-value\">175 &#8211; 210 cm<\/td>\n<\/tr>\n<tr>\n<td class=\"feature-icon\"><img decoding=\"async\" src=\"https:\/\/superseeds.dk\/wp-content\/uploads\/2022\/07\/25_flowering-time_1.svg\" width=\"30\" \/><\/td>\n<th class=\"feature-name\">Blomningstid:<\/th>\n<td class=\"feture-value\">10 &#8211; 11 uger<\/td>\n<\/tr>\n<tr>\n<td class=\"feature-icon\"><img decoding=\"async\" src=\"https:\/\/superseeds.dk\/wp-content\/uploads\/2022\/07\/27_harvest-period_1.svg\" width=\"30\" \/><\/td>\n<th class=\"feature-name\">H\u00f8stm\u00e5ned:<\/th>\n<td class=\"feture-value\">Sen oktober<\/td>\n<\/tr>\n<tr>\n<td class=\"feature-icon\"><img decoding=\"async\" src=\"https:\/\/superseeds.dk\/wp-content\/uploads\/2022\/07\/23_genetic-background_1.svg\" width=\"30\" \/><\/td>\n<th class=\"feature-name\">Genetisk baggrund:<\/th>\n<td class=\"feture-value\">Original Amnesia Haze<\/td>\n<\/tr>\n<tr>\n<td class=\"feature-icon\"><img decoding=\"async\" src=\"https:\/\/superseeds.dk\/wp-content\/uploads\/2022\/07\/28_Type-Blend_1.svg\" width=\"30\" \/><\/td>\n<th class=\"feature-name\">Type:<\/th>\n<td class=\"feture-value\">Sativa 70% Indica 30%<\/td>\n<\/tr>\n<tr>\n<td class=\"feature-icon\"><img decoding=\"async\" src=\"https:\/\/superseeds.dk\/wp-content\/uploads\/2022\/07\/22_Effect_1.svg\" width=\"30\" \/><\/td>\n<th class=\"feature-name\">Effekt:<\/th>\n<td class=\"feture-value\">Fysisk afslappende, Kraftfuld, Langvarig<\/td>\n<\/tr>\n<tr>\n<td class=\"feature-icon\"><img decoding=\"async\" src=\"https:\/\/superseeds.dk\/wp-content\/uploads\/2022\/07\/35_Climate_1.svg\" width=\"30\" \/><\/td>\n<th class=\"feature-name\">Klima:<\/th>\n<td class=\"feture-value\">Mild<\/td>\n<\/tr>\n<tr>\n<td class=\"feature-icon\"><img decoding=\"async\" src=\"https:\/\/superseeds.dk\/wp-content\/uploads\/2022\/07\/46_Flavour.svg\" width=\"30\" \/><\/td>\n<th class=\"feature-name\">Smak:<\/th>\n<td class=\"feture-value\">Citrus, Jordagtig, Peber, Urteagtig<\/td>\n<\/tr>\n<\/tbody>\n<\/table>\n<\/div>\n<\/div>","protected":false},"excerpt":{"rendered":"<h2>En af de bedste sorter hos RQS<\/h2>\n<p>Da haze-generne kom til Holland, og flere hybrider blev skabt. besluttede en amerikansk expat senere hen at kombinere en af disse hybrider med en hanplante fra gammeldags haze-fr\u00f8, hvilket blev til Amnesia Haze. Vi f\u00f8lte ikke, at vores samling af marihuanafr\u00f8 ville v\u00e6re fuldendt uden en af de bedste haze-fr\u00f8, der nogensinde er r\u00f8get, og derfor har vi f\u00e5et fat i noget Amnesia og skabt feminiserede fr\u00f8.<\/p>","protected":false},"featured_media":10954,"template":"","meta":{"_acf_changed":false},"product_brand":[],"product_cat":[1739,812,817,819,830,815,896,820,835],"product_tag":[],"class_list":{"0":"post-24207","1":"product","2":"type-product","3":"status-publish","4":"has-post-thumbnail","6":"product_cat-alle-froe","7":"product_cat-blomstring-periode","8":"product_cat-feminiserede","9":"product_cat-indendoers","10":"product_cat-over-70-dage","11":"product_cat-producenter-a-z","12":"product_cat-royal-queen-seeds","13":"product_cat-sativa-dominant","14":"product_cat-udendoers-feminiserede","15":"pa_antal-3-stk","16":"pa_antal-5-stk","17":"pa_antal-10-stk","18":"pa_blomst-type-feminiserede","19":"pa_blomstringstid-over-70-dage","20":"pa_thc-20-25","21":"pa_udbytte-xxl","23":"first","24":"instock","25":"taxable","26":"shipping-taxable","27":"purchasable","28":"product-type-variable","29":"wvs-archive-product-wrapper"},"acf":[],"yoast_head":"<!-- This site is optimized with the Yoast SEO plugin v26.9 - https:\/\/yoast.com\/product\/yoast-seo-wordpress\/ -->\n<title>Amnesia Haze (Feminiseret) - RQS - Superseeds.dk<\/title>\n<meta name=\"robots\" content=\"index, follow, max-snippet:-1, max-image-preview:large, max-video-preview:-1\" \/>\n<link rel=\"canonical\" href=\"https:\/\/superseeds.dk\/se\/produkt\/amnesia-haze-fem-rqs\/\" \/>\n<meta property=\"og:locale\" content=\"sv_SE\" \/>\n<meta property=\"og:type\" content=\"article\" \/>\n<meta property=\"og:title\" content=\"Amnesia Haze (Feminiseret) - RQS - Superseeds.dk\" \/>\n<meta property=\"og:description\" content=\"En af de bedste sorter hos RQS Da haze-generne kom til Holland, og flere hybrider blev skabt. besluttede en amerikansk expat senere hen at kombinere en af disse hybrider med en hanplante fra gammeldags haze-fr\u00f8, hvilket blev til Amnesia Haze. Vi f\u00f8lte ikke, at vores samling af marihuanafr\u00f8 ville v\u00e6re fuldendt uden en af de bedste haze-fr\u00f8, der nogensinde er r\u00f8get, og derfor har vi f\u00e5et fat i noget Amnesia og skabt feminiserede fr\u00f8.\" \/>\n<meta property=\"og:url\" content=\"https:\/\/superseeds.dk\/se\/produkt\/amnesia-haze-fem-rqs\/\" \/>\n<meta property=\"og:site_name\" content=\"Superseeds.dk\" \/>\n<meta property=\"article:modified_time\" content=\"2023-11-23T12:35:21+00:00\" \/>\n<meta property=\"og:image\" content=\"https:\/\/super-seeds.se\/wp-content\/uploads\/2022\/07\/amnesia-haze0.jpg\" \/>\n\t<meta property=\"og:image:width\" content=\"600\" \/>\n\t<meta property=\"og:image:height\" content=\"600\" \/>\n\t<meta property=\"og:image:type\" content=\"image\/jpeg\" \/>\n<meta name=\"twitter:card\" content=\"summary_large_image\" \/>\n<meta name=\"twitter:label1\" content=\"Ber\u00e4knad l\u00e4stid\" \/>\n\t<meta name=\"twitter:data1\" content=\"5 minuter\" \/>\n<script type=\"application\/ld+json\" class=\"yoast-schema-graph\">{\"@context\":\"https:\/\/schema.org\",\"@graph\":[{\"@type\":\"WebPage\",\"@id\":\"https:\/\/superseeds.dk\/vare\/amnesia-haze-fem-rqs\/\",\"url\":\"https:\/\/superseeds.dk\/vare\/amnesia-haze-fem-rqs\/\",\"name\":\"Amnesia Haze (Feminiseret) - RQS - Superseeds.dk\",\"isPartOf\":{\"@id\":\"https:\/\/super-seeds.se\/#website\"},\"primaryImageOfPage\":{\"@id\":\"https:\/\/superseeds.dk\/vare\/amnesia-haze-fem-rqs\/#primaryimage\"},\"image\":{\"@id\":\"https:\/\/superseeds.dk\/vare\/amnesia-haze-fem-rqs\/#primaryimage\"},\"thumbnailUrl\":\"https:\/\/superseeds.dk\/wp-content\/uploads\/2022\/07\/amnesia-haze0.jpg\",\"datePublished\":\"2021-01-28T13:32:36+00:00\",\"dateModified\":\"2023-11-23T12:35:21+00:00\",\"breadcrumb\":{\"@id\":\"https:\/\/superseeds.dk\/vare\/amnesia-haze-fem-rqs\/#breadcrumb\"},\"inLanguage\":\"sv-SE\",\"potentialAction\":[{\"@type\":\"ReadAction\",\"target\":[\"https:\/\/superseeds.dk\/vare\/amnesia-haze-fem-rqs\/\"]}]},{\"@type\":\"ImageObject\",\"inLanguage\":\"sv-SE\",\"@id\":\"https:\/\/superseeds.dk\/vare\/amnesia-haze-fem-rqs\/#primaryimage\",\"url\":\"https:\/\/superseeds.dk\/wp-content\/uploads\/2022\/07\/amnesia-haze0.jpg\",\"contentUrl\":\"https:\/\/superseeds.dk\/wp-content\/uploads\/2022\/07\/amnesia-haze0.jpg\",\"width\":600,\"height\":600},{\"@type\":\"BreadcrumbList\",\"@id\":\"https:\/\/superseeds.dk\/vare\/amnesia-haze-fem-rqs\/#breadcrumb\",\"itemListElement\":[{\"@type\":\"ListItem\",\"position\":1,\"name\":\"Hjem\",\"item\":\"https:\/\/superseeds.dk\/\"},{\"@type\":\"ListItem\",\"position\":2,\"name\":\"Shop\",\"item\":\"https:\/\/superseeds.dk\/no\/butikk\/\"},{\"@type\":\"ListItem\",\"position\":3,\"name\":\"Amnesia Haze (Feminiseret) &#8211; RQS\"}]},{\"@type\":\"WebSite\",\"@id\":\"https:\/\/super-seeds.se\/#website\",\"url\":\"https:\/\/super-seeds.se\/\",\"name\":\"Superseeds.dk\",\"description\":\"\",\"publisher\":{\"@id\":\"https:\/\/super-seeds.se\/#organization\"},\"potentialAction\":[{\"@type\":\"SearchAction\",\"target\":{\"@type\":\"EntryPoint\",\"urlTemplate\":\"https:\/\/super-seeds.se\/?s={search_term_string}\"},\"query-input\":{\"@type\":\"PropertyValueSpecification\",\"valueRequired\":true,\"valueName\":\"search_term_string\"}}],\"inLanguage\":\"sv-SE\"},{\"@type\":\"Organization\",\"@id\":\"https:\/\/super-seeds.se\/#organization\",\"name\":\"Superseeds.dk\",\"url\":\"https:\/\/super-seeds.se\/\",\"logo\":{\"@type\":\"ImageObject\",\"inLanguage\":\"sv-SE\",\"@id\":\"https:\/\/super-seeds.se\/#\/schema\/logo\/image\/\",\"url\":\"https:\/\/superseeds.dk\/wp-content\/uploads\/2025\/09\/logo-superseeds.png\",\"contentUrl\":\"https:\/\/superseeds.dk\/wp-content\/uploads\/2025\/09\/logo-superseeds.png\",\"width\":180,\"height\":160,\"caption\":\"Superseeds.dk\"},\"image\":{\"@id\":\"https:\/\/super-seeds.se\/#\/schema\/logo\/image\/\"}}]}<\/script>\n<!-- \/ Yoast SEO plugin. -->","yoast_head_json":{"title":"Amnesia Haze (Feminiseret) - RQS - Superseeds.dk","robots":{"index":"index","follow":"follow","max-snippet":"max-snippet:-1","max-image-preview":"max-image-preview:large","max-video-preview":"max-video-preview:-1"},"canonical":"https:\/\/superseeds.dk\/se\/produkt\/amnesia-haze-fem-rqs\/","og_locale":"sv_SE","og_type":"article","og_title":"Amnesia Haze (Feminiseret) - RQS - Superseeds.dk","og_description":"En af de bedste sorter hos RQS Da haze-generne kom til Holland, og flere hybrider blev skabt. besluttede en amerikansk expat senere hen at kombinere en af disse hybrider med en hanplante fra gammeldags haze-fr\u00f8, hvilket blev til Amnesia Haze. Vi f\u00f8lte ikke, at vores samling af marihuanafr\u00f8 ville v\u00e6re fuldendt uden en af de bedste haze-fr\u00f8, der nogensinde er r\u00f8get, og derfor har vi f\u00e5et fat i noget Amnesia og skabt feminiserede fr\u00f8.","og_url":"https:\/\/superseeds.dk\/se\/produkt\/amnesia-haze-fem-rqs\/","og_site_name":"Superseeds.dk","article_modified_time":"2023-11-23T12:35:21+00:00","og_image":[{"width":600,"height":600,"url":"https:\/\/super-seeds.se\/wp-content\/uploads\/2022\/07\/amnesia-haze0.jpg","type":"image\/jpeg"}],"twitter_card":"summary_large_image","twitter_misc":{"Ber\u00e4knad l\u00e4stid":"5 minuter"},"schema":{"@context":"https:\/\/schema.org","@graph":[{"@type":"WebPage","@id":"https:\/\/superseeds.dk\/vare\/amnesia-haze-fem-rqs\/","url":"https:\/\/superseeds.dk\/vare\/amnesia-haze-fem-rqs\/","name":"Amnesia Haze (Feminiseret) - RQS - Superseeds.dk","isPartOf":{"@id":"https:\/\/super-seeds.se\/#website"},"primaryImageOfPage":{"@id":"https:\/\/superseeds.dk\/vare\/amnesia-haze-fem-rqs\/#primaryimage"},"image":{"@id":"https:\/\/superseeds.dk\/vare\/amnesia-haze-fem-rqs\/#primaryimage"},"thumbnailUrl":"https:\/\/superseeds.dk\/wp-content\/uploads\/2022\/07\/amnesia-haze0.jpg","datePublished":"2021-01-28T13:32:36+00:00","dateModified":"2023-11-23T12:35:21+00:00","breadcrumb":{"@id":"https:\/\/superseeds.dk\/vare\/amnesia-haze-fem-rqs\/#breadcrumb"},"inLanguage":"sv-SE","potentialAction":[{"@type":"ReadAction","target":["https:\/\/superseeds.dk\/vare\/amnesia-haze-fem-rqs\/"]}]},{"@type":"ImageObject","inLanguage":"sv-SE","@id":"https:\/\/superseeds.dk\/vare\/amnesia-haze-fem-rqs\/#primaryimage","url":"https:\/\/superseeds.dk\/wp-content\/uploads\/2022\/07\/amnesia-haze0.jpg","contentUrl":"https:\/\/superseeds.dk\/wp-content\/uploads\/2022\/07\/amnesia-haze0.jpg","width":600,"height":600},{"@type":"BreadcrumbList","@id":"https:\/\/superseeds.dk\/vare\/amnesia-haze-fem-rqs\/#breadcrumb","itemListElement":[{"@type":"ListItem","position":1,"name":"Hjem","item":"https:\/\/superseeds.dk\/"},{"@type":"ListItem","position":2,"name":"Shop","item":"https:\/\/superseeds.dk\/no\/butikk\/"},{"@type":"ListItem","position":3,"name":"Amnesia Haze (Feminiseret) &#8211; RQS"}]},{"@type":"WebSite","@id":"https:\/\/super-seeds.se\/#website","url":"https:\/\/super-seeds.se\/","name":"Superseeds.com","description":"","publisher":{"@id":"https:\/\/super-seeds.se\/#organization"},"potentialAction":[{"@type":"SearchAction","target":{"@type":"EntryPoint","urlTemplate":"https:\/\/super-seeds.se\/?s={search_term_string}"},"query-input":{"@type":"PropertyValueSpecification","valueRequired":true,"valueName":"search_term_string"}}],"inLanguage":"sv-SE"},{"@type":"Organization","@id":"https:\/\/super-seeds.se\/#organization","name":"Superseeds.com","url":"https:\/\/super-seeds.se\/","logo":{"@type":"ImageObject","inLanguage":"sv-SE","@id":"https:\/\/super-seeds.se\/#\/schema\/logo\/image\/","url":"https:\/\/superseeds.dk\/wp-content\/uploads\/2025\/09\/logo-superseeds.png","contentUrl":"https:\/\/superseeds.dk\/wp-content\/uploads\/2025\/09\/logo-superseeds.png","width":180,"height":160,"caption":"Superseeds.dk"},"image":{"@id":"https:\/\/super-seeds.se\/#\/schema\/logo\/image\/"}}]}},"df_price":189,"df_sale_price":"","df_regular_price":189,"df_image_link":"https:\/\/superseeds.dk\/wp-content\/uploads\/2022\/07\/amnesia-haze0-300x300.jpg","_links":{"self":[{"href":"https:\/\/superseeds.dk\/se\/wp-json\/wp\/v2\/product\/24207","targetHints":{"allow":["GET"]}}],"collection":[{"href":"https:\/\/superseeds.dk\/se\/wp-json\/wp\/v2\/product"}],"about":[{"href":"https:\/\/superseeds.dk\/se\/wp-json\/wp\/v2\/types\/product"}],"wp:featuredmedia":[{"embeddable":true,"href":"https:\/\/superseeds.dk\/se\/wp-json\/wp\/v2\/media\/10954"}],"wp:attachment":[{"href":"https:\/\/superseeds.dk\/se\/wp-json\/wp\/v2\/media?parent=24207"}],"wp:term":[{"taxonomy":"product_brand","embeddable":true,"href":"https:\/\/superseeds.dk\/se\/wp-json\/wp\/v2\/product_brand?post=24207"},{"taxonomy":"product_cat","embeddable":true,"href":"https:\/\/superseeds.dk\/se\/wp-json\/wp\/v2\/product_cat?post=24207"},{"taxonomy":"product_tag","embeddable":true,"href":"https:\/\/superseeds.dk\/se\/wp-json\/wp\/v2\/product_tag?post=24207"}],"curies":[{"name":"wp","href":"https:\/\/api.w.org\/{rel}","templated":true}]}}