{"id":24151,"date":"2021-01-20T21:11:42","date_gmt":"2021-01-20T20:11:42","guid":{"rendered":"https:\/\/superseeds.dk\/vare\/gelato-auto-fast-buds\/"},"modified":"2023-11-23T13:35:51","modified_gmt":"2023-11-23T12:35:51","slug":"gelato-auto-fast-buds","status":"publish","type":"product","link":"https:\/\/superseeds.dk\/se\/produkt\/gelato-auto-fast-buds\/","title":{"rendered":"Gelato Auto - Snabba knoppar"},"content":{"rendered":"<div class=\"tech\">\n<h2 class=\"ttl_3\">Tekniska specifikationer<\/h2>\n<div class=\"tbl\">\n<table>\n<tbody>\n<tr>\n<th><i class=\"ptaste icparam\"><\/i>\u00a0Smak<\/th>\n<td>Is, s\u00f8d, kage, jordn\u00e6r<\/td>\n<\/tr>\n<tr>\n<th><i class=\"pthc icparam\"><\/i>\u00a0THC<\/th>\n<td>Op til 26%<\/td>\n<\/tr>\n<tr>\n<th><i class=\"pcbd icparam\"><\/i>\u00a0CBD<\/th>\n<td>&lt;1%<\/td>\n<\/tr>\n<tr>\n<th><i class=\"pharvest_eu_indoor icparam\"><\/i>\u00a0Sk\u00f6rda EU inomhus<\/th>\n<td>400 &#8211; 550 gr \/ m2<\/td>\n<\/tr>\n<tr>\n<th><\/th>\n<td><\/td>\n<\/tr>\n<tr>\n<th><i class=\"pharvest_eu_outdoor icparam\"><\/i>\u00a0Sk\u00f6rd av EU utomhus<\/th>\n<td>50 &#8211; 200 gr \/ plante<\/td>\n<\/tr>\n<tr>\n<th><\/th>\n<td><\/td>\n<\/tr>\n<tr>\n<th><i class=\"psize icparam\"><\/i>\u00a0Storlek<\/th>\n<td>XL<\/td>\n<\/tr>\n<tr>\n<th><i class=\"pheight_eu icparam\"><\/i>\u00a0H\u00f6jd<\/th>\n<td>70-100 cm<\/td>\n<\/tr>\n<tr>\n<th><\/th>\n<td><\/td>\n<\/tr>\n<tr>\n<th><i class=\"pflowering icparam\"><\/i>\u00a0Blommande<\/th>\n<td>9 veckor<\/td>\n<\/tr>\n<tr>\n<th><i class=\"proom icparam\"><\/i>\u00a0Rum<\/th>\n<td>Inomhus utomhus<\/td>\n<\/tr>\n<tr>\n<th><i class=\"pgender icparam\"><\/i>\u00a0K\u00f6n<\/th>\n<td>Feministiskt<\/td>\n<\/tr>\n<tr>\n<th><i class=\"pgen_sativa_indica icparam\"><\/i>\u00a0Ol\u00e4genhet<\/th>\n<td>Sativa 55% \/ Indica 45%<\/td>\n<\/tr>\n<tr>\n<th><i class=\"pgenetic icparam\"><\/i>\u00a0Genetik<\/th>\n<td>Gelato Auto<\/td>\n<\/tr>\n<tr>\n<th><i class=\"pautoflowering icparam\"><\/i>\u00a0Autoflowering<\/th>\n<td>Ja<\/td>\n<\/tr>\n<\/tbody>\n<\/table>\n<\/div>\n<\/div>\n<p><a name=\"description\"><\/a><\/p>\n<div class=\"sl_description\">\n<div class=\"content\">\n<h2 class=\"ttl_3\">Beskrivning<\/h2>\n<div class=\"vimeo_video\">\n<div class=\"wframe\">\n<div><\/div>\n<\/div>\n<\/div>\n<div class=\"short\">Gelato er blevet et flagskib for kvalitetssmag siden dets oprettelse i Californien, og vores Gelato Auto er ikke anderledes.\u00a0En velstruktureret stabil plante med forskellige is-smag, hvilket g\u00f8r det til et godt valg til ekstraktion.\u00a0Og med laboratorierapporter med op til 26% THC er Gelato uden tvivl den mest kraftfulde stamme, vi nogensinde har oprettet.<\/div>\n<div class=\"desc\">\n<h3>Bud Udseende<\/h3>\n<p>Frostige, orange pistild\u00e6kkede knopper.\u00a0Disse knopper har en levende gr\u00f8n farve med orange gyldne frostige h\u00e5r, og disse knopper holder sig til dine fingre med bare den letteste ber\u00f8ring.<\/p>\n<h3>R\u00f8grapport<\/h3>\n<p>En opl\u00f8ftende h\u00f8j, fnissende og energisk.\u00a0Perfekt til de kreative sind, der \u00f8nsker at overvinde forfatterblok.\u00a0Hvis du er ny med at ryge, vil du m\u00e5ske v\u00e6re forsigtig, hvis du har en sk\u00f8r 26% THC, vil denne stamme v\u00e6re meget potent og kan efterlade noget sofa-l\u00e5st, ryge let, nyde den cremede smag og lade kreativiteten flyde inden i dig.<\/p>\n<h3>Planteudseende<\/h3>\n<p>En rig gr\u00f8n plante, der er krystalbelagte blade, vil gnistre under solen eller vokse lys.\u00a0En mere Indica-lignende struktur, ret t\u00e6t og med mange kompakte knopper.\u00a0N\u00e5r det n\u00e6rmer sig slutningen af \u200b\u200bsin cyklus, ser du det d\u00e6kke sig selv i orange pistiller.<\/p>\n<div class=\"pack_desc\"><img decoding=\"async\" class=\"pk1\" src=\"https:\/\/2fast4buds.com\/src\/seeds\/images\/en_pack_desc_front.jpg?v2\" alt=\"Pak foran\" \/><img decoding=\"async\" class=\"pk2\" src=\"https:\/\/2fast4buds.com\/src\/seeds\/images\/pack_desc_seed.jpg?v2\" alt=\"Pak fr\u00f8\" \/><img decoding=\"async\" class=\"pk3\" src=\"https:\/\/2fast4buds.com\/src\/seeds\/images\/en_pack_desc_back.jpg?v2\" alt=\"Pak tilbage\" \/><\/div>\n<h3>Grow Tips<\/h3>\n<p>Som en mere Indica-struktureret plante kan det anbefales at anbefale en vis lys afbl\u00f8dning for at hj\u00e6lpe v\u00e6ksten i de nedre dele af planten.\u00a0Et kulfilter anbefales st\u00e6rkt, da hun er en af \u200b\u200bvores lugtere stammer.\u00a0Dyrkerne skal ogs\u00e5 se p\u00e5 at h\u00f8ste omkring uge 9, n\u00e5r de begynder at se pistillerne blive lidt rav \/ orange.\u00a0Hendes overflod i harpiks g\u00f8r hende til et godt valg til fremstilling af olier eller ekstraktioner.\u00a0Skylningsprocessen skal starte ca. 10 dage inden cyklusens afslutning.<\/p>\n<h3>Smak<\/h3>\n<p>En blanding af jordiske overtoner d\u00e6mpet af s\u00f8de kagearomaer og skarpe citrusber\u00f8ringer g\u00f8r r\u00f8gene s\u00f8de og glatte, hvilket antyder undertoner af is.<\/p>\n<\/div>\n<\/div>\n<\/div>","protected":false},"excerpt":{"rendered":"<p><strong>Vanvittig kraftfuld. <\/strong>\u00a0For dem, der nyder en kraftig h\u00f8j, laboratorietestet ved 26% THC.<\/p>\n<p><strong>Unikke terps.\u00a0<\/strong>Den s\u00e6rlige issmag med s\u00f8de og skarpe undertoner giver de mest l\u00e6kre ekstraktioner.<\/p>\n<p><strong>Diskret.\u00a0<\/strong>En t\u00e6t Indica-lignende struktur g\u00f8r den perfekt til dyrkning overalt<\/p>","protected":false},"featured_media":34146,"template":"","meta":{"_acf_changed":false},"product_brand":[],"product_cat":[845,813,1739,839,812,893,840,815,842],"product_tag":[],"class_list":{"0":"post-24151","1":"product","2":"type-product","3":"status-publish","4":"has-post-thumbnail","6":"product_cat-50-indica-50-sativa","7":"product_cat-60-65-dage","8":"product_cat-alle-froe","9":"product_cat-autoblomstrende","10":"product_cat-blomstring-periode","11":"product_cat-fastbuds-seeds","12":"product_cat-indendoers-autoblomstrende","13":"product_cat-producenter-a-z","14":"product_cat-udendoers-autoblomstrende","15":"pa_antal-1-stk","16":"pa_antal-3-stk","17":"pa_antal-5-stk","18":"pa_blomst-type-autoblomstrende","19":"pa_blomstringstid-60-65-dage","20":"pa_indica-sativa-hybrid-50","21":"pa_indica-sativa-sativa-dominant","22":"pa_thc-over-25","23":"pa_udbytte-medium","24":"pa_udbytte-stort","26":"first","27":"instock","28":"taxable","29":"shipping-taxable","30":"purchasable","31":"product-type-variable","32":"wvs-archive-product-wrapper"},"acf":[],"yoast_head":"<!-- This site is optimized with the Yoast SEO plugin v26.9 - https:\/\/yoast.com\/product\/yoast-seo-wordpress\/ -->\n<title>Gelato Auto - Fast Buds - Superseeds.dk<\/title>\n<meta name=\"robots\" content=\"index, follow, max-snippet:-1, max-image-preview:large, max-video-preview:-1\" \/>\n<link rel=\"canonical\" href=\"https:\/\/superseeds.dk\/se\/produkt\/gelato-auto-fast-buds\/\" \/>\n<meta property=\"og:locale\" content=\"sv_SE\" \/>\n<meta property=\"og:type\" content=\"article\" \/>\n<meta property=\"og:title\" content=\"Gelato Auto - Fast Buds - Superseeds.dk\" \/>\n<meta property=\"og:description\" content=\"Vanvittig kraftfuld. \u00a0For dem, der nyder en kraftig h\u00f8j, laboratorietestet ved 26% THC.  Unikke terps.\u00a0Den s\u00e6rlige issmag med s\u00f8de og skarpe undertoner giver de mest l\u00e6kre ekstraktioner.  Diskret.\u00a0En t\u00e6t Indica-lignende struktur g\u00f8r den perfekt til dyrkning overalt\" \/>\n<meta property=\"og:url\" content=\"https:\/\/superseeds.dk\/se\/produkt\/gelato-auto-fast-buds\/\" \/>\n<meta property=\"og:site_name\" content=\"Superseeds.dk\" \/>\n<meta property=\"article:modified_time\" content=\"2023-11-23T12:35:51+00:00\" \/>\n<meta property=\"og:image\" content=\"https:\/\/superseeds.dk\/wp-content\/uploads\/2021\/01\/gelato-auto-fast-buds.jpg\" \/>\n\t<meta property=\"og:image:width\" content=\"562\" \/>\n\t<meta property=\"og:image:height\" content=\"748\" \/>\n\t<meta property=\"og:image:type\" content=\"image\/jpeg\" \/>\n<meta name=\"twitter:card\" content=\"summary_large_image\" \/>\n<meta name=\"twitter:label1\" content=\"Ber\u00e4knad l\u00e4stid\" \/>\n\t<meta name=\"twitter:data1\" content=\"3 minuter\" \/>\n<script type=\"application\/ld+json\" class=\"yoast-schema-graph\">{\"@context\":\"https:\/\/schema.org\",\"@graph\":[{\"@type\":\"WebPage\",\"@id\":\"https:\/\/superseeds.dk\/vare\/gelato-auto-fast-buds\/\",\"url\":\"https:\/\/superseeds.dk\/vare\/gelato-auto-fast-buds\/\",\"name\":\"Gelato Auto - Fast Buds - Superseeds.dk\",\"isPartOf\":{\"@id\":\"https:\/\/super-seeds.se\/#website\"},\"primaryImageOfPage\":{\"@id\":\"https:\/\/superseeds.dk\/vare\/gelato-auto-fast-buds\/#primaryimage\"},\"image\":{\"@id\":\"https:\/\/superseeds.dk\/vare\/gelato-auto-fast-buds\/#primaryimage\"},\"thumbnailUrl\":\"https:\/\/superseeds.dk\/wp-content\/uploads\/2021\/01\/gelato-auto-fast-buds.jpg\",\"datePublished\":\"2021-01-20T20:11:42+00:00\",\"dateModified\":\"2023-11-23T12:35:51+00:00\",\"breadcrumb\":{\"@id\":\"https:\/\/superseeds.dk\/vare\/gelato-auto-fast-buds\/#breadcrumb\"},\"inLanguage\":\"sv-SE\",\"potentialAction\":[{\"@type\":\"ReadAction\",\"target\":[\"https:\/\/superseeds.dk\/vare\/gelato-auto-fast-buds\/\"]}]},{\"@type\":\"ImageObject\",\"inLanguage\":\"sv-SE\",\"@id\":\"https:\/\/superseeds.dk\/vare\/gelato-auto-fast-buds\/#primaryimage\",\"url\":\"https:\/\/superseeds.dk\/wp-content\/uploads\/2021\/01\/gelato-auto-fast-buds.jpg\",\"contentUrl\":\"https:\/\/superseeds.dk\/wp-content\/uploads\/2021\/01\/gelato-auto-fast-buds.jpg\",\"width\":562,\"height\":748},{\"@type\":\"BreadcrumbList\",\"@id\":\"https:\/\/superseeds.dk\/vare\/gelato-auto-fast-buds\/#breadcrumb\",\"itemListElement\":[{\"@type\":\"ListItem\",\"position\":1,\"name\":\"Hjem\",\"item\":\"https:\/\/superseeds.dk\/\"},{\"@type\":\"ListItem\",\"position\":2,\"name\":\"Shop\",\"item\":\"https:\/\/superseeds.dk\/no\/butikk\/\"},{\"@type\":\"ListItem\",\"position\":3,\"name\":\"Gelato Auto &#8211; Fast Buds\"}]},{\"@type\":\"WebSite\",\"@id\":\"https:\/\/super-seeds.se\/#website\",\"url\":\"https:\/\/super-seeds.se\/\",\"name\":\"Superseeds.dk\",\"description\":\"\",\"publisher\":{\"@id\":\"https:\/\/super-seeds.se\/#organization\"},\"potentialAction\":[{\"@type\":\"SearchAction\",\"target\":{\"@type\":\"EntryPoint\",\"urlTemplate\":\"https:\/\/super-seeds.se\/?s={search_term_string}\"},\"query-input\":{\"@type\":\"PropertyValueSpecification\",\"valueRequired\":true,\"valueName\":\"search_term_string\"}}],\"inLanguage\":\"sv-SE\"},{\"@type\":\"Organization\",\"@id\":\"https:\/\/super-seeds.se\/#organization\",\"name\":\"Superseeds.dk\",\"url\":\"https:\/\/super-seeds.se\/\",\"logo\":{\"@type\":\"ImageObject\",\"inLanguage\":\"sv-SE\",\"@id\":\"https:\/\/super-seeds.se\/#\/schema\/logo\/image\/\",\"url\":\"https:\/\/superseeds.dk\/wp-content\/uploads\/2025\/09\/logo-superseeds.png\",\"contentUrl\":\"https:\/\/superseeds.dk\/wp-content\/uploads\/2025\/09\/logo-superseeds.png\",\"width\":180,\"height\":160,\"caption\":\"Superseeds.dk\"},\"image\":{\"@id\":\"https:\/\/super-seeds.se\/#\/schema\/logo\/image\/\"}}]}<\/script>\n<!-- \/ Yoast SEO plugin. -->","yoast_head_json":{"title":"Gelato Auto - Fast Buds - Superseeds.dk","robots":{"index":"index","follow":"follow","max-snippet":"max-snippet:-1","max-image-preview":"max-image-preview:large","max-video-preview":"max-video-preview:-1"},"canonical":"https:\/\/superseeds.dk\/se\/produkt\/gelato-auto-fast-buds\/","og_locale":"sv_SE","og_type":"article","og_title":"Gelato Auto - Fast Buds - Superseeds.dk","og_description":"Vanvittig kraftfuld. \u00a0For dem, der nyder en kraftig h\u00f8j, laboratorietestet ved 26% THC.  Unikke terps.\u00a0Den s\u00e6rlige issmag med s\u00f8de og skarpe undertoner giver de mest l\u00e6kre ekstraktioner.  Diskret.\u00a0En t\u00e6t Indica-lignende struktur g\u00f8r den perfekt til dyrkning overalt","og_url":"https:\/\/superseeds.dk\/se\/produkt\/gelato-auto-fast-buds\/","og_site_name":"Superseeds.dk","article_modified_time":"2023-11-23T12:35:51+00:00","og_image":[{"width":562,"height":748,"url":"https:\/\/superseeds.dk\/wp-content\/uploads\/2021\/01\/gelato-auto-fast-buds.jpg","type":"image\/jpeg"}],"twitter_card":"summary_large_image","twitter_misc":{"Ber\u00e4knad l\u00e4stid":"3 minuter"},"schema":{"@context":"https:\/\/schema.org","@graph":[{"@type":"WebPage","@id":"https:\/\/superseeds.dk\/vare\/gelato-auto-fast-buds\/","url":"https:\/\/superseeds.dk\/vare\/gelato-auto-fast-buds\/","name":"Gelato Auto - Fast Buds - Superseeds.dk","isPartOf":{"@id":"https:\/\/super-seeds.se\/#website"},"primaryImageOfPage":{"@id":"https:\/\/superseeds.dk\/vare\/gelato-auto-fast-buds\/#primaryimage"},"image":{"@id":"https:\/\/superseeds.dk\/vare\/gelato-auto-fast-buds\/#primaryimage"},"thumbnailUrl":"https:\/\/superseeds.dk\/wp-content\/uploads\/2021\/01\/gelato-auto-fast-buds.jpg","datePublished":"2021-01-20T20:11:42+00:00","dateModified":"2023-11-23T12:35:51+00:00","breadcrumb":{"@id":"https:\/\/superseeds.dk\/vare\/gelato-auto-fast-buds\/#breadcrumb"},"inLanguage":"sv-SE","potentialAction":[{"@type":"ReadAction","target":["https:\/\/superseeds.dk\/vare\/gelato-auto-fast-buds\/"]}]},{"@type":"ImageObject","inLanguage":"sv-SE","@id":"https:\/\/superseeds.dk\/vare\/gelato-auto-fast-buds\/#primaryimage","url":"https:\/\/superseeds.dk\/wp-content\/uploads\/2021\/01\/gelato-auto-fast-buds.jpg","contentUrl":"https:\/\/superseeds.dk\/wp-content\/uploads\/2021\/01\/gelato-auto-fast-buds.jpg","width":562,"height":748},{"@type":"BreadcrumbList","@id":"https:\/\/superseeds.dk\/vare\/gelato-auto-fast-buds\/#breadcrumb","itemListElement":[{"@type":"ListItem","position":1,"name":"Hjem","item":"https:\/\/superseeds.dk\/"},{"@type":"ListItem","position":2,"name":"Shop","item":"https:\/\/superseeds.dk\/no\/butikk\/"},{"@type":"ListItem","position":3,"name":"Gelato Auto &#8211; Fast Buds"}]},{"@type":"WebSite","@id":"https:\/\/super-seeds.se\/#website","url":"https:\/\/super-seeds.se\/","name":"Superseeds.com","description":"","publisher":{"@id":"https:\/\/super-seeds.se\/#organization"},"potentialAction":[{"@type":"SearchAction","target":{"@type":"EntryPoint","urlTemplate":"https:\/\/super-seeds.se\/?s={search_term_string}"},"query-input":{"@type":"PropertyValueSpecification","valueRequired":true,"valueName":"search_term_string"}}],"inLanguage":"sv-SE"},{"@type":"Organization","@id":"https:\/\/super-seeds.se\/#organization","name":"Superseeds.com","url":"https:\/\/super-seeds.se\/","logo":{"@type":"ImageObject","inLanguage":"sv-SE","@id":"https:\/\/super-seeds.se\/#\/schema\/logo\/image\/","url":"https:\/\/superseeds.dk\/wp-content\/uploads\/2025\/09\/logo-superseeds.png","contentUrl":"https:\/\/superseeds.dk\/wp-content\/uploads\/2025\/09\/logo-superseeds.png","width":180,"height":160,"caption":"Superseeds.dk"},"image":{"@id":"https:\/\/super-seeds.se\/#\/schema\/logo\/image\/"}}]}},"df_price":89,"df_sale_price":"","df_regular_price":89,"df_image_link":"https:\/\/superseeds.dk\/wp-content\/uploads\/2021\/01\/gelato-auto-fast-buds.jpg","_links":{"self":[{"href":"https:\/\/superseeds.dk\/se\/wp-json\/wp\/v2\/product\/24151","targetHints":{"allow":["GET"]}}],"collection":[{"href":"https:\/\/superseeds.dk\/se\/wp-json\/wp\/v2\/product"}],"about":[{"href":"https:\/\/superseeds.dk\/se\/wp-json\/wp\/v2\/types\/product"}],"wp:featuredmedia":[{"embeddable":true,"href":"https:\/\/superseeds.dk\/se\/wp-json\/wp\/v2\/media\/34146"}],"wp:attachment":[{"href":"https:\/\/superseeds.dk\/se\/wp-json\/wp\/v2\/media?parent=24151"}],"wp:term":[{"taxonomy":"product_brand","embeddable":true,"href":"https:\/\/superseeds.dk\/se\/wp-json\/wp\/v2\/product_brand?post=24151"},{"taxonomy":"product_cat","embeddable":true,"href":"https:\/\/superseeds.dk\/se\/wp-json\/wp\/v2\/product_cat?post=24151"},{"taxonomy":"product_tag","embeddable":true,"href":"https:\/\/superseeds.dk\/se\/wp-json\/wp\/v2\/product_tag?post=24151"}],"curies":[{"name":"wp","href":"https:\/\/api.w.org\/{rel}","templated":true}]}}