{"id":24125,"date":"2021-01-17T18:52:34","date_gmt":"2021-01-17T17:52:34","guid":{"rendered":"https:\/\/superseeds.dk\/vare\/orange-sherbet-auto-fast-buds\/"},"modified":"2023-11-23T13:35:56","modified_gmt":"2023-11-23T12:35:56","slug":"orange-sherbet-auto-fast-buds","status":"publish","type":"product","link":"https:\/\/superseeds.dk\/se\/produkt\/orange-sherbet-auto-fast-buds\/","title":{"rendered":"Orange Sherbet Auto - Snabba knoppar"},"content":{"rendered":"<div class=\"tech\">\n<h2 class=\"ttl_3\">Tekniska specifikationer<\/h2>\n<div class=\"tbl\">\n<table>\n<tbody>\n<tr>\n<th><i class=\"ptaste icparam\"><\/i>\u00a0Smak<\/th>\n<td>Orange, s\u00f8d, sur, fl\u00f8de<\/td>\n<\/tr>\n<tr>\n<th><i class=\"pthc icparam\"><\/i>\u00a0THC<\/th>\n<td>Upp till 24%<\/td>\n<\/tr>\n<tr>\n<th><i class=\"pcbd icparam\"><\/i>\u00a0CBD<\/th>\n<td>&lt;1%<\/td>\n<\/tr>\n<tr>\n<th><i class=\"pharvest_eu_indoor icparam\"><\/i>\u00a0Sk\u00f6rda EU inomhus<\/th>\n<td>500 &#8211; 650 gr \/ m2<\/td>\n<\/tr>\n<tr>\n<th><\/th>\n<td><\/td>\n<\/tr>\n<tr>\n<th><i class=\"pharvest_eu_outdoor icparam\"><\/i>\u00a0Sk\u00f6rd av EU utomhus<\/th>\n<td>60 &#8211; 300 gr \/ plante<\/td>\n<\/tr>\n<tr>\n<th><\/th>\n<td><\/td>\n<\/tr>\n<tr>\n<th><i class=\"psize icparam\"><\/i>\u00a0Storlek<\/th>\n<td>XXL<\/td>\n<\/tr>\n<tr>\n<th><i class=\"pheight_eu icparam\"><\/i>\u00a0H\u00f6jd<\/th>\n<td>110 &#8211; 150 cm<\/td>\n<\/tr>\n<tr>\n<th><i class=\"pheight_us icparam\"><\/i>\u00a0H\u00f8jde US<\/th>\n<td>43 &#8211; 59 tommer<\/td>\n<\/tr>\n<tr>\n<th><i class=\"pflowering icparam\"><\/i>\u00a0Blommande<\/th>\n<td>9-10 veckor<\/td>\n<\/tr>\n<tr>\n<th><i class=\"proom icparam\"><\/i>\u00a0Rum<\/th>\n<td>Inomhus utomhus<\/td>\n<\/tr>\n<tr>\n<th><i class=\"pgender icparam\"><\/i>\u00a0K\u00f6n<\/th>\n<td>Feministiskt<\/td>\n<\/tr>\n<tr>\n<th><i class=\"pgen_sativa_indica icparam\"><\/i>\u00a0Ol\u00e4genhet<\/th>\n<td>Sativa 70% \/ Indica 30%<\/td>\n<\/tr>\n<tr>\n<th><i class=\"pgenetic icparam\"><\/i>\u00a0Genetik<\/th>\n<td>Orange Sherbet Auto<\/td>\n<\/tr>\n<tr>\n<th><i class=\"pautoflowering icparam\"><\/i>\u00a0Autoflowering<\/th>\n<td>Ja<\/td>\n<\/tr>\n<\/tbody>\n<\/table>\n<\/div>\n<\/div>\n<p><a name=\"description\"><\/a><\/p>\n<div class=\"sl_description\">\n<div class=\"content\">\n<h2 class=\"ttl_3\">Beskrivning<\/h2>\n<div class=\"vimeo_video\">\n<div class=\"wframe\">\n<div><\/div>\n<\/div>\n<\/div>\n<div class=\"short\">Et Sativa dominerende citrus terpydyr, som hashproducenter og ekstraktorer vil forelske sig i.\u00a0En fremragende autoflowering hybrid, der kan prale med en imponerende 24% THC, der matcher hendes vidunderlige smag med styrke.\u00a0Kan anbefales til f\u00f8rstegangsavlere, der er p\u00e5 udkig efter en lav vedligeholdelse, men alligevel ekstremt produktiv cultivar, der blomstrer fra fr\u00f8 til h\u00f8st i 9-10 uger.\u00a0Denne stamme kan vokse sig h\u00f8j og g\u00f8re hende til en af \u200b\u200bde st\u00f8rre autoflowering-hybrider, hvilket betyder, at hun er et klogt valg for kommercielle avlere p\u00e5 jagt efter noget ekstra specielt.<\/div>\n<div class=\"desc\">\n<h3>Bud beskrivelse<\/h3>\n<p>Hendes knopper er omgivet af trichomer, der giver hende et helt hvidt udseende, og b\u00e6gerne er store, s\u00e5 hendes knopper ser stablet ud.\u00a0Knopperne har en meget tydelig mandarin, orange frugtagtig aroma med en skarp sur, sherbet baggrund, og n\u00e5r den h\u00e5ndteres, er den meget harpiksagtig.<\/p>\n<h3>R\u00f8grapport<\/h3>\n<p>Efter at have smagt Orange Sherbet Auto, vil du f\u00f8le hendes Sativa-dominans og styrke, da hun holder dig i kredsl\u00f8b i timevis.\u00a0Helt l\u00e6kre smag og en effekt, der kan beskrives som opl\u00f8ftende, opmuntrende, dybt kreativ og motiveret.\u00a0Denne cultivar er perfekt til sociale scenarier, middagsfester, dage p\u00e5 stranden, en lang vandretur, komme igennem en lang opgaveliste eller bare spille musik, spil eller l\u00e6sning.<\/p>\n<h3>Planteudseende<\/h3>\n<p>En af vores h\u00f8jere hybrider, der kan vokse mellem 110-150 cm, s\u00e5 den er bedst egnet til dem med masser af vokseplads.\u00a0Takket v\u00e6re hendes Sativa-arv kan du forvente, at denne dame vokser hurtigt med stor mellemrum mellemrum og et bredt busket udseende.\u00a0Udbytter p\u00e5 500-600gr \/ m2 kan forventes, s\u00e5 vi anbefaler at st\u00f8tte hende i blomstringsperioden.\u00a0En utrolig producent af ekstremt harpiksagtige blomster, der klarer sig godt i alle klimaer, men is\u00e6r i varmere.\u00a0Hun vil dyrke store knopper med frodige m\u00e6ngder harpiks p\u00e5 de omkringliggende blade, der f\u00e5r hash-producenter til at slikke deres l\u00e6ber i forventning.<\/p>\n<div class=\"pack_desc\"><img decoding=\"async\" class=\"pk1\" src=\"https:\/\/2fast4buds.com\/src\/seeds\/images\/en_pack_desc_front.jpg?v2\" alt=\"Pak foran\" \/><img decoding=\"async\" class=\"pk2\" src=\"https:\/\/2fast4buds.com\/src\/seeds\/images\/pack_desc_seed.jpg?v2\" alt=\"Pak fr\u00f8\" \/><img decoding=\"async\" class=\"pk3\" src=\"https:\/\/2fast4buds.com\/src\/seeds\/images\/en_pack_desc_back.jpg?v2\" alt=\"Pak tilbage\" \/><\/div>\n<p>&nbsp;<\/p>\n<h3>Smak<\/h3>\n<p>Hendes smag kan beskrives som en cocktail af frisk appelsinsaft og s\u00f8d og sur mandarinserbet.\u00a0En meget skarp og karakteristisk smag, der ledsager cerebral effekten vidunderligt, der efterlader en st\u00e6rk frugtsmoothiesmag i munden.<\/p>\n<\/div>\n<\/div>\n<\/div>","protected":false},"excerpt":{"rendered":"<p><strong>Helt op 24% THC. <\/strong>En af vores seneste udgivelser med en ekstremt kraftig opl\u00f8ftende og sp\u00e6ndende effekt.<\/p>\n<p><strong>Sativa-dominerende k\u00e6mpe.\u00a0<\/strong>Denne stamme vokser op til 150 cm og kan producere op til 650gr \/ m2 p\u00e5 mindre end 70 dage, perfekt til kommercielle avlere, der \u00f8nsker en hurtig h\u00f8st.<\/p>","protected":false},"featured_media":34178,"template":"","meta":{"_acf_changed":false},"product_brand":[],"product_cat":[814,1739,839,812,893,840,815,847,842],"product_tag":[],"class_list":{"0":"post-24125","1":"product","2":"type-product","3":"status-publish","4":"has-post-thumbnail","6":"product_cat-65-70-dage","7":"product_cat-alle-froe","8":"product_cat-autoblomstrende","9":"product_cat-blomstring-periode","10":"product_cat-fastbuds-seeds","11":"product_cat-indendoers-autoblomstrende","12":"product_cat-producenter-a-z","13":"product_cat-sativa-dominant-autoblomstrende","14":"product_cat-udendoers-autoblomstrende","15":"pa_antal-1-stk","16":"pa_antal-3-stk","17":"pa_antal-5-stk","18":"pa_blomst-type-autoblomstrende","19":"pa_blomstringstid-65-70-dage","20":"pa_indica-sativa-sativa-dominant","21":"pa_thc-20-25","22":"pa_udbytte-stort","23":"pa_udbytte-xxl","25":"first","26":"instock","27":"taxable","28":"shipping-taxable","29":"purchasable","30":"product-type-variable","31":"wvs-archive-product-wrapper"},"acf":[],"yoast_head":"<!-- This site is optimized with the Yoast SEO plugin v26.9 - https:\/\/yoast.com\/product\/yoast-seo-wordpress\/ -->\n<title>Orange Sherbet Auto - Fast buds - Superseeds.dk<\/title>\n<meta name=\"robots\" content=\"index, follow, max-snippet:-1, max-image-preview:large, max-video-preview:-1\" \/>\n<link rel=\"canonical\" href=\"https:\/\/superseeds.dk\/se\/produkt\/orange-sherbet-auto-fast-buds\/\" \/>\n<meta property=\"og:locale\" content=\"sv_SE\" \/>\n<meta property=\"og:type\" content=\"article\" \/>\n<meta property=\"og:title\" content=\"Orange Sherbet Auto - Fast buds - Superseeds.dk\" \/>\n<meta property=\"og:description\" content=\"Helt op 24% THC. En af vores seneste udgivelser med en ekstremt kraftig opl\u00f8ftende og sp\u00e6ndende effekt.  Sativa-dominerende k\u00e6mpe.\u00a0Denne stamme vokser op til 150 cm og kan producere op til 650gr \/ m2 p\u00e5 mindre end 70 dage, perfekt til kommercielle avlere, der \u00f8nsker en hurtig h\u00f8st.\" \/>\n<meta property=\"og:url\" content=\"https:\/\/superseeds.dk\/se\/produkt\/orange-sherbet-auto-fast-buds\/\" \/>\n<meta property=\"og:site_name\" content=\"Superseeds.dk\" \/>\n<meta property=\"article:modified_time\" content=\"2023-11-23T12:35:56+00:00\" \/>\n<meta property=\"og:image\" content=\"https:\/\/superseeds.dk\/wp-content\/uploads\/2021\/01\/orange-sherbet-auto-fast-buds.jpg\" \/>\n\t<meta property=\"og:image:width\" content=\"562\" \/>\n\t<meta property=\"og:image:height\" content=\"732\" \/>\n\t<meta property=\"og:image:type\" content=\"image\/jpeg\" \/>\n<meta name=\"twitter:card\" content=\"summary_large_image\" \/>\n<meta name=\"twitter:label1\" content=\"Ber\u00e4knad l\u00e4stid\" \/>\n\t<meta name=\"twitter:data1\" content=\"3 minuter\" \/>\n<script type=\"application\/ld+json\" class=\"yoast-schema-graph\">{\"@context\":\"https:\/\/schema.org\",\"@graph\":[{\"@type\":\"WebPage\",\"@id\":\"https:\/\/superseeds.dk\/vare\/orange-sherbet-auto-fast-buds\/\",\"url\":\"https:\/\/superseeds.dk\/vare\/orange-sherbet-auto-fast-buds\/\",\"name\":\"Orange Sherbet Auto - Fast buds - Superseeds.dk\",\"isPartOf\":{\"@id\":\"https:\/\/super-seeds.se\/#website\"},\"primaryImageOfPage\":{\"@id\":\"https:\/\/superseeds.dk\/vare\/orange-sherbet-auto-fast-buds\/#primaryimage\"},\"image\":{\"@id\":\"https:\/\/superseeds.dk\/vare\/orange-sherbet-auto-fast-buds\/#primaryimage\"},\"thumbnailUrl\":\"https:\/\/superseeds.dk\/wp-content\/uploads\/2021\/01\/orange-sherbet-auto-fast-buds.jpg\",\"datePublished\":\"2021-01-17T17:52:34+00:00\",\"dateModified\":\"2023-11-23T12:35:56+00:00\",\"breadcrumb\":{\"@id\":\"https:\/\/superseeds.dk\/vare\/orange-sherbet-auto-fast-buds\/#breadcrumb\"},\"inLanguage\":\"sv-SE\",\"potentialAction\":[{\"@type\":\"ReadAction\",\"target\":[\"https:\/\/superseeds.dk\/vare\/orange-sherbet-auto-fast-buds\/\"]}]},{\"@type\":\"ImageObject\",\"inLanguage\":\"sv-SE\",\"@id\":\"https:\/\/superseeds.dk\/vare\/orange-sherbet-auto-fast-buds\/#primaryimage\",\"url\":\"https:\/\/superseeds.dk\/wp-content\/uploads\/2021\/01\/orange-sherbet-auto-fast-buds.jpg\",\"contentUrl\":\"https:\/\/superseeds.dk\/wp-content\/uploads\/2021\/01\/orange-sherbet-auto-fast-buds.jpg\",\"width\":562,\"height\":732},{\"@type\":\"BreadcrumbList\",\"@id\":\"https:\/\/superseeds.dk\/vare\/orange-sherbet-auto-fast-buds\/#breadcrumb\",\"itemListElement\":[{\"@type\":\"ListItem\",\"position\":1,\"name\":\"Hjem\",\"item\":\"https:\/\/superseeds.dk\/\"},{\"@type\":\"ListItem\",\"position\":2,\"name\":\"Shop\",\"item\":\"https:\/\/superseeds.dk\/no\/butikk\/\"},{\"@type\":\"ListItem\",\"position\":3,\"name\":\"Orange Sherbet Auto &#8211; Fast buds\"}]},{\"@type\":\"WebSite\",\"@id\":\"https:\/\/super-seeds.se\/#website\",\"url\":\"https:\/\/super-seeds.se\/\",\"name\":\"Superseeds.dk\",\"description\":\"\",\"publisher\":{\"@id\":\"https:\/\/super-seeds.se\/#organization\"},\"potentialAction\":[{\"@type\":\"SearchAction\",\"target\":{\"@type\":\"EntryPoint\",\"urlTemplate\":\"https:\/\/super-seeds.se\/?s={search_term_string}\"},\"query-input\":{\"@type\":\"PropertyValueSpecification\",\"valueRequired\":true,\"valueName\":\"search_term_string\"}}],\"inLanguage\":\"sv-SE\"},{\"@type\":\"Organization\",\"@id\":\"https:\/\/super-seeds.se\/#organization\",\"name\":\"Superseeds.dk\",\"url\":\"https:\/\/super-seeds.se\/\",\"logo\":{\"@type\":\"ImageObject\",\"inLanguage\":\"sv-SE\",\"@id\":\"https:\/\/super-seeds.se\/#\/schema\/logo\/image\/\",\"url\":\"https:\/\/superseeds.dk\/wp-content\/uploads\/2025\/09\/logo-superseeds.png\",\"contentUrl\":\"https:\/\/superseeds.dk\/wp-content\/uploads\/2025\/09\/logo-superseeds.png\",\"width\":180,\"height\":160,\"caption\":\"Superseeds.dk\"},\"image\":{\"@id\":\"https:\/\/super-seeds.se\/#\/schema\/logo\/image\/\"}}]}<\/script>\n<!-- \/ Yoast SEO plugin. -->","yoast_head_json":{"title":"Orange Sherbet Auto - Fast buds - Superseeds.dk","robots":{"index":"index","follow":"follow","max-snippet":"max-snippet:-1","max-image-preview":"max-image-preview:large","max-video-preview":"max-video-preview:-1"},"canonical":"https:\/\/superseeds.dk\/se\/produkt\/orange-sherbet-auto-fast-buds\/","og_locale":"sv_SE","og_type":"article","og_title":"Orange Sherbet Auto - Fast buds - Superseeds.dk","og_description":"Helt op 24% THC. En af vores seneste udgivelser med en ekstremt kraftig opl\u00f8ftende og sp\u00e6ndende effekt.  Sativa-dominerende k\u00e6mpe.\u00a0Denne stamme vokser op til 150 cm og kan producere op til 650gr \/ m2 p\u00e5 mindre end 70 dage, perfekt til kommercielle avlere, der \u00f8nsker en hurtig h\u00f8st.","og_url":"https:\/\/superseeds.dk\/se\/produkt\/orange-sherbet-auto-fast-buds\/","og_site_name":"Superseeds.dk","article_modified_time":"2023-11-23T12:35:56+00:00","og_image":[{"width":562,"height":732,"url":"https:\/\/superseeds.dk\/wp-content\/uploads\/2021\/01\/orange-sherbet-auto-fast-buds.jpg","type":"image\/jpeg"}],"twitter_card":"summary_large_image","twitter_misc":{"Ber\u00e4knad l\u00e4stid":"3 minuter"},"schema":{"@context":"https:\/\/schema.org","@graph":[{"@type":"WebPage","@id":"https:\/\/superseeds.dk\/vare\/orange-sherbet-auto-fast-buds\/","url":"https:\/\/superseeds.dk\/vare\/orange-sherbet-auto-fast-buds\/","name":"Orange Sherbet Auto - Fast buds - Superseeds.dk","isPartOf":{"@id":"https:\/\/super-seeds.se\/#website"},"primaryImageOfPage":{"@id":"https:\/\/superseeds.dk\/vare\/orange-sherbet-auto-fast-buds\/#primaryimage"},"image":{"@id":"https:\/\/superseeds.dk\/vare\/orange-sherbet-auto-fast-buds\/#primaryimage"},"thumbnailUrl":"https:\/\/superseeds.dk\/wp-content\/uploads\/2021\/01\/orange-sherbet-auto-fast-buds.jpg","datePublished":"2021-01-17T17:52:34+00:00","dateModified":"2023-11-23T12:35:56+00:00","breadcrumb":{"@id":"https:\/\/superseeds.dk\/vare\/orange-sherbet-auto-fast-buds\/#breadcrumb"},"inLanguage":"sv-SE","potentialAction":[{"@type":"ReadAction","target":["https:\/\/superseeds.dk\/vare\/orange-sherbet-auto-fast-buds\/"]}]},{"@type":"ImageObject","inLanguage":"sv-SE","@id":"https:\/\/superseeds.dk\/vare\/orange-sherbet-auto-fast-buds\/#primaryimage","url":"https:\/\/superseeds.dk\/wp-content\/uploads\/2021\/01\/orange-sherbet-auto-fast-buds.jpg","contentUrl":"https:\/\/superseeds.dk\/wp-content\/uploads\/2021\/01\/orange-sherbet-auto-fast-buds.jpg","width":562,"height":732},{"@type":"BreadcrumbList","@id":"https:\/\/superseeds.dk\/vare\/orange-sherbet-auto-fast-buds\/#breadcrumb","itemListElement":[{"@type":"ListItem","position":1,"name":"Hjem","item":"https:\/\/superseeds.dk\/"},{"@type":"ListItem","position":2,"name":"Shop","item":"https:\/\/superseeds.dk\/no\/butikk\/"},{"@type":"ListItem","position":3,"name":"Orange Sherbet Auto &#8211; Fast buds"}]},{"@type":"WebSite","@id":"https:\/\/super-seeds.se\/#website","url":"https:\/\/super-seeds.se\/","name":"Superseeds.com","description":"","publisher":{"@id":"https:\/\/super-seeds.se\/#organization"},"potentialAction":[{"@type":"SearchAction","target":{"@type":"EntryPoint","urlTemplate":"https:\/\/super-seeds.se\/?s={search_term_string}"},"query-input":{"@type":"PropertyValueSpecification","valueRequired":true,"valueName":"search_term_string"}}],"inLanguage":"sv-SE"},{"@type":"Organization","@id":"https:\/\/super-seeds.se\/#organization","name":"Superseeds.com","url":"https:\/\/super-seeds.se\/","logo":{"@type":"ImageObject","inLanguage":"sv-SE","@id":"https:\/\/super-seeds.se\/#\/schema\/logo\/image\/","url":"https:\/\/superseeds.dk\/wp-content\/uploads\/2025\/09\/logo-superseeds.png","contentUrl":"https:\/\/superseeds.dk\/wp-content\/uploads\/2025\/09\/logo-superseeds.png","width":180,"height":160,"caption":"Superseeds.dk"},"image":{"@id":"https:\/\/super-seeds.se\/#\/schema\/logo\/image\/"}}]}},"df_price":89,"df_sale_price":"","df_regular_price":89,"df_image_link":"https:\/\/superseeds.dk\/wp-content\/uploads\/2021\/01\/orange-sherbet-auto-fast-buds.jpg","_links":{"self":[{"href":"https:\/\/superseeds.dk\/se\/wp-json\/wp\/v2\/product\/24125","targetHints":{"allow":["GET"]}}],"collection":[{"href":"https:\/\/superseeds.dk\/se\/wp-json\/wp\/v2\/product"}],"about":[{"href":"https:\/\/superseeds.dk\/se\/wp-json\/wp\/v2\/types\/product"}],"wp:featuredmedia":[{"embeddable":true,"href":"https:\/\/superseeds.dk\/se\/wp-json\/wp\/v2\/media\/34178"}],"wp:attachment":[{"href":"https:\/\/superseeds.dk\/se\/wp-json\/wp\/v2\/media?parent=24125"}],"wp:term":[{"taxonomy":"product_brand","embeddable":true,"href":"https:\/\/superseeds.dk\/se\/wp-json\/wp\/v2\/product_brand?post=24125"},{"taxonomy":"product_cat","embeddable":true,"href":"https:\/\/superseeds.dk\/se\/wp-json\/wp\/v2\/product_cat?post=24125"},{"taxonomy":"product_tag","embeddable":true,"href":"https:\/\/superseeds.dk\/se\/wp-json\/wp\/v2\/product_tag?post=24125"}],"curies":[{"name":"wp","href":"https:\/\/api.w.org\/{rel}","templated":true}]}}