{"id":24029,"date":"2021-01-21T21:01:06","date_gmt":"2021-01-21T20:01:06","guid":{"rendered":"https:\/\/superseeds.dk\/vare\/killer-haze-auto-cph-seeds\/"},"modified":"2025-03-06T10:38:11","modified_gmt":"2025-03-06T09:38:11","slug":"killer-haze-auto-cph-seeds","status":"publish","type":"product","link":"https:\/\/superseeds.dk\/se\/produkt\/killer-haze-auto-cph-seeds\/","title":{"rendered":"Copenhagen Killer Haze Auto - CPH Fr\u00f6n"},"content":{"rendered":"<p>KILLER HAZE, en legendarisk tropisk sativa med stort afkast potentiale og super medicinsk egenskaber samtidig er sorten fantastik til at lave koncentrater. Et must try fra CPHSeeds<\/p>\n<p>CPHSeeds er meget stole af Killer Haze \u2013 aka Godzilla Haze, sorten er et komplex kryds af en ren haze fra Sydindien og den legandariske HyPro cut af Amnesia Haze krydset med en hurtig blomsterne phenotype af vores \u201ddanske\u201d Lowryder. Killer Haze, vokser som en klassisk haze og bliver relativt stor p\u00e5 kort tid og kr\u00e6ver st\u00f8tte til at holde de mange topskud den producere. Historien om den Sydindiske Haze, vi har brugt i Killer Haze :<\/p>\n<p>Den Sydindiske stat Kerella er et mekka af lokale og uopdaget cannabis sorter og genetik, under en af CPHseeds mange rejser m\u00f8dte vi en \u00e6ldre fransk dame der boede oppe i bjergene. Hun havde igennem de sidste 20 \u00e5r fremavlet en super potent ren haze sort, der dufter af mango og modne mandariner. Sorten i sin rene form tager 14 uger at blomster f\u00e6rdig, s\u00e5 derfor valgte vi at krydse den med, HyPro\u00b4s Amnesia Haze for at f\u00e5 reduceret blomstrings tiden. En udvalgt pheno af Kerella x Amnesia Haze har vi herefter krydset med vores super s\u00f8de og krystal fyldte Lowryder.<\/p>\n<p>Resultatet er en super potent autoblomstrende Haze der dufter af en blanding af modne mandariner og tropisk mango.<\/p>\n<p>En Legende indenfor autoflowers er f\u00f8dt !<\/p>\n<p><strong>Type :<\/strong>\u00a0Feminiseret.<br \/>\n<strong>Photoperiode :<\/strong>\u00a0Autoblomstrende.<br \/>\n<strong>Kultivation :<\/strong>\u00a0indend\u00f8rs\/udend\u00f8rs.<br \/>\n<strong>Genetik :<\/strong>\u00a0(Kerella Haze x Amnesia haze) x Lowryder.<br \/>\n<strong>Effekt :<\/strong>\u00a0Lang, opl\u00f8ftende, euforisk og kreativ.<br \/>\n<strong>Medicinsk :<\/strong>\u00a0\u00d8get appetit, \u00f8get hum\u00f8r, smerte lindrende.<br \/>\n<strong>Indend\u00f8rs afkast\/yield (g) :<\/strong>\u00a0600-700 gr\/m2.<br \/>\n<strong>Blomstrings tid :<\/strong>\u00a090 dage fra fr\u00f8.<br \/>\n<strong>H\u00f8jde indend\u00f8rs :<\/strong>\u00a0125-150cm.<br \/>\n<strong>Smag :<\/strong>\u00a0Eksplosion af tropiske frugter<br \/>\n<strong>Duft :<\/strong>\u00a0Kraftig s\u00f8dmefuld mango og mandarin aroma<\/p>\n<p><strong>THC :<\/strong>\u00a023%\u00a0<strong>CBD:\u00a0<\/strong>0,2%<\/p>","protected":false},"excerpt":{"rendered":"<p><strong>KILLER HAZE, en legendarisk tropisk sativa<\/strong> med stort afkast potentiale og super medicinsk egenskaber samtidig er sorten fantastik til at lave koncentrater. Et must try fra CPHSeeds. <strong>Lowryder Fr\u00f8 Krydset Med Amnesia Haze<\/strong> (HyPro Cut)<\/p>\n<p><strong>Type :<\/strong>\u00a0Feminiseret.<br \/>\n<strong>Photoperiode :<\/strong>\u00a0Autoblomstrende.<br \/>\n<strong>Kultivation :<\/strong>\u00a0indend\u00f8rs\/udend\u00f8rs.<br \/>\n<strong>Genetik :<\/strong>\u00a0(Kerella Haze x Amnesia haze) x Lowryder.<br \/>\n<strong>Effekt :<\/strong>\u00a0Lang, opl\u00f8ftende, euforisk og kreativ.<br \/>\n<strong>Medicinsk :<\/strong>\u00a0\u00d8get appetit, \u00f8get hum\u00f8r, smerte lindrende.<br \/>\n<strong>Indend\u00f8rs afkast\/yield (g) :<\/strong>\u00a0600-700 gr\/m2.<br \/>\n<strong>Blomstrings tid :<\/strong>\u00a090 dage fra fr\u00f8.<br \/>\n<strong>H\u00f8jde indend\u00f8rs :<\/strong>\u00a0125-150cm.<br \/>\n<strong>Smag :<\/strong>\u00a0Eksplosion af tropiske frugter<br \/>\n<strong>Duft :<\/strong>\u00a0Kraftig s\u00f8dmefuld mango og mandarin aroma<\/p>\n<p><strong>THC :<\/strong>\u00a023%\u00a0<strong>CBD:\u00a0<\/strong>0,2%<\/p>\n<p>&nbsp;<\/p>","protected":false},"featured_media":33945,"template":"","meta":{"_acf_changed":false},"product_brand":[],"product_cat":[1739,839,812,877,840,830,815,847,842],"product_tag":[],"class_list":{"0":"post-24029","1":"product","2":"type-product","3":"status-publish","4":"has-post-thumbnail","6":"product_cat-alle-froe","7":"product_cat-autoblomstrende","8":"product_cat-blomstring-periode","9":"product_cat-cph-seeds","10":"product_cat-indendoers-autoblomstrende","11":"product_cat-over-70-dage","12":"product_cat-producenter-a-z","13":"product_cat-sativa-dominant-autoblomstrende","14":"product_cat-udendoers-autoblomstrende","15":"pa_antal-2-stk","16":"pa_antal-10-stk","17":"pa_antal-4-stk","18":"pa_antal-50-stk","19":"pa_antal-100-stk","20":"pa_blomst-type-autoblomstrende","21":"pa_blomstringstid-over-70-dage","22":"pa_indica-878","23":"pa_sativa-879","24":"pa_thc-20-25","25":"pa_udbytte-xxl","27":"first","28":"instock","29":"taxable","30":"shipping-taxable","31":"purchasable","32":"product-type-variable","33":"wvs-archive-product-wrapper"},"acf":[],"yoast_head":"<!-- This site is optimized with the Yoast SEO plugin v26.9 - https:\/\/yoast.com\/product\/yoast-seo-wordpress\/ -->\n<title>Copenhagen Killer Haze Auto - CPH Seeds - Superseeds.dk<\/title>\n<meta name=\"robots\" content=\"index, follow, max-snippet:-1, max-image-preview:large, max-video-preview:-1\" \/>\n<link rel=\"canonical\" href=\"https:\/\/superseeds.dk\/se\/produkt\/killer-haze-auto-cph-seeds\/\" \/>\n<meta property=\"og:locale\" content=\"sv_SE\" \/>\n<meta property=\"og:type\" content=\"article\" \/>\n<meta property=\"og:title\" content=\"Copenhagen Killer Haze Auto - CPH Seeds - Superseeds.dk\" \/>\n<meta property=\"og:description\" content=\"KILLER HAZE, en legendarisk tropisk sativa med stort afkast potentiale og super medicinsk egenskaber samtidig er sorten fantastik til at lave koncentrater. Et must try fra CPHSeeds. Lowryder Fr\u00f8 Krydset Med Amnesia Haze (HyPro Cut)  Type :\u00a0Feminiseret. Photoperiode :\u00a0Autoblomstrende. Kultivation :\u00a0indend\u00f8rs\/udend\u00f8rs. Genetik :\u00a0(Kerella Haze x Amnesia haze) x Lowryder. Effekt :\u00a0Lang, opl\u00f8ftende, euforisk og kreativ. Medicinsk :\u00a0\u00d8get appetit, \u00f8get hum\u00f8r, smerte lindrende. Indend\u00f8rs afkast\/yield (g) :\u00a0600-700 gr\/m2. Blomstrings tid :\u00a090 dage fra fr\u00f8. H\u00f8jde indend\u00f8rs :\u00a0125-150cm. Smag :\u00a0Eksplosion af tropiske frugter Duft :\u00a0Kraftig s\u00f8dmefuld mango og mandarin aroma  THC :\u00a023%\u00a0CBD:\u00a00,2%  &nbsp;\" \/>\n<meta property=\"og:url\" content=\"https:\/\/superseeds.dk\/se\/produkt\/killer-haze-auto-cph-seeds\/\" \/>\n<meta property=\"og:site_name\" content=\"Superseeds.dk\" \/>\n<meta property=\"article:modified_time\" content=\"2025-03-06T09:38:11+00:00\" \/>\n<meta property=\"og:image\" content=\"https:\/\/superseeds.dk\/wp-content\/uploads\/2021\/01\/killer-haze-cph-seeds.jpg\" \/>\n\t<meta property=\"og:image:width\" content=\"715\" \/>\n\t<meta property=\"og:image:height\" content=\"712\" \/>\n\t<meta property=\"og:image:type\" content=\"image\/jpeg\" \/>\n<meta name=\"twitter:card\" content=\"summary_large_image\" \/>\n<meta name=\"twitter:label1\" content=\"Ber\u00e4knad l\u00e4stid\" \/>\n\t<meta name=\"twitter:data1\" content=\"2 minuter\" \/>\n<script type=\"application\/ld+json\" class=\"yoast-schema-graph\">{\"@context\":\"https:\/\/schema.org\",\"@graph\":[{\"@type\":\"WebPage\",\"@id\":\"https:\/\/superseeds.dk\/vare\/killer-haze-auto-cph-seeds\/\",\"url\":\"https:\/\/superseeds.dk\/vare\/killer-haze-auto-cph-seeds\/\",\"name\":\"Copenhagen Killer Haze Auto - CPH Seeds - Superseeds.dk\",\"isPartOf\":{\"@id\":\"https:\/\/super-seeds.se\/#website\"},\"primaryImageOfPage\":{\"@id\":\"https:\/\/superseeds.dk\/vare\/killer-haze-auto-cph-seeds\/#primaryimage\"},\"image\":{\"@id\":\"https:\/\/superseeds.dk\/vare\/killer-haze-auto-cph-seeds\/#primaryimage\"},\"thumbnailUrl\":\"https:\/\/superseeds.dk\/wp-content\/uploads\/2021\/01\/killer-haze-cph-seeds.jpg\",\"datePublished\":\"2021-01-21T20:01:06+00:00\",\"dateModified\":\"2025-03-06T09:38:11+00:00\",\"breadcrumb\":{\"@id\":\"https:\/\/superseeds.dk\/vare\/killer-haze-auto-cph-seeds\/#breadcrumb\"},\"inLanguage\":\"sv-SE\",\"potentialAction\":[{\"@type\":\"ReadAction\",\"target\":[\"https:\/\/superseeds.dk\/vare\/killer-haze-auto-cph-seeds\/\"]}]},{\"@type\":\"ImageObject\",\"inLanguage\":\"sv-SE\",\"@id\":\"https:\/\/superseeds.dk\/vare\/killer-haze-auto-cph-seeds\/#primaryimage\",\"url\":\"https:\/\/superseeds.dk\/wp-content\/uploads\/2021\/01\/killer-haze-cph-seeds.jpg\",\"contentUrl\":\"https:\/\/superseeds.dk\/wp-content\/uploads\/2021\/01\/killer-haze-cph-seeds.jpg\",\"width\":715,\"height\":712},{\"@type\":\"BreadcrumbList\",\"@id\":\"https:\/\/superseeds.dk\/vare\/killer-haze-auto-cph-seeds\/#breadcrumb\",\"itemListElement\":[{\"@type\":\"ListItem\",\"position\":1,\"name\":\"Hjem\",\"item\":\"https:\/\/superseeds.dk\/\"},{\"@type\":\"ListItem\",\"position\":2,\"name\":\"Shop\",\"item\":\"https:\/\/superseeds.dk\/no\/butikk\/\"},{\"@type\":\"ListItem\",\"position\":3,\"name\":\"Copenhagen Killer Haze Auto &#8211; CPH Seeds\"}]},{\"@type\":\"WebSite\",\"@id\":\"https:\/\/super-seeds.se\/#website\",\"url\":\"https:\/\/super-seeds.se\/\",\"name\":\"Superseeds.dk\",\"description\":\"\",\"publisher\":{\"@id\":\"https:\/\/super-seeds.se\/#organization\"},\"potentialAction\":[{\"@type\":\"SearchAction\",\"target\":{\"@type\":\"EntryPoint\",\"urlTemplate\":\"https:\/\/super-seeds.se\/?s={search_term_string}\"},\"query-input\":{\"@type\":\"PropertyValueSpecification\",\"valueRequired\":true,\"valueName\":\"search_term_string\"}}],\"inLanguage\":\"sv-SE\"},{\"@type\":\"Organization\",\"@id\":\"https:\/\/super-seeds.se\/#organization\",\"name\":\"Superseeds.dk\",\"url\":\"https:\/\/super-seeds.se\/\",\"logo\":{\"@type\":\"ImageObject\",\"inLanguage\":\"sv-SE\",\"@id\":\"https:\/\/super-seeds.se\/#\/schema\/logo\/image\/\",\"url\":\"https:\/\/superseeds.dk\/wp-content\/uploads\/2025\/09\/logo-superseeds.png\",\"contentUrl\":\"https:\/\/superseeds.dk\/wp-content\/uploads\/2025\/09\/logo-superseeds.png\",\"width\":180,\"height\":160,\"caption\":\"Superseeds.dk\"},\"image\":{\"@id\":\"https:\/\/super-seeds.se\/#\/schema\/logo\/image\/\"}}]}<\/script>\n<!-- \/ Yoast SEO plugin. -->","yoast_head_json":{"title":"Copenhagen Killer Haze Auto - CPH Seeds - Superseeds.dk","robots":{"index":"index","follow":"follow","max-snippet":"max-snippet:-1","max-image-preview":"max-image-preview:large","max-video-preview":"max-video-preview:-1"},"canonical":"https:\/\/superseeds.dk\/se\/produkt\/killer-haze-auto-cph-seeds\/","og_locale":"sv_SE","og_type":"article","og_title":"Copenhagen Killer Haze Auto - CPH Seeds - Superseeds.dk","og_description":"KILLER HAZE, en legendarisk tropisk sativa med stort afkast potentiale og super medicinsk egenskaber samtidig er sorten fantastik til at lave koncentrater. Et must try fra CPHSeeds. Lowryder Fr\u00f8 Krydset Med Amnesia Haze (HyPro Cut)  Type :\u00a0Feminiseret. Photoperiode :\u00a0Autoblomstrende. Kultivation :\u00a0indend\u00f8rs\/udend\u00f8rs. Genetik :\u00a0(Kerella Haze x Amnesia haze) x Lowryder. Effekt :\u00a0Lang, opl\u00f8ftende, euforisk og kreativ. Medicinsk :\u00a0\u00d8get appetit, \u00f8get hum\u00f8r, smerte lindrende. Indend\u00f8rs afkast\/yield (g) :\u00a0600-700 gr\/m2. Blomstrings tid :\u00a090 dage fra fr\u00f8. H\u00f8jde indend\u00f8rs :\u00a0125-150cm. Smag :\u00a0Eksplosion af tropiske frugter Duft :\u00a0Kraftig s\u00f8dmefuld mango og mandarin aroma  THC :\u00a023%\u00a0CBD:\u00a00,2%  &nbsp;","og_url":"https:\/\/superseeds.dk\/se\/produkt\/killer-haze-auto-cph-seeds\/","og_site_name":"Superseeds.dk","article_modified_time":"2025-03-06T09:38:11+00:00","og_image":[{"width":715,"height":712,"url":"https:\/\/superseeds.dk\/wp-content\/uploads\/2021\/01\/killer-haze-cph-seeds.jpg","type":"image\/jpeg"}],"twitter_card":"summary_large_image","twitter_misc":{"Ber\u00e4knad l\u00e4stid":"2 minuter"},"schema":{"@context":"https:\/\/schema.org","@graph":[{"@type":"WebPage","@id":"https:\/\/superseeds.dk\/vare\/killer-haze-auto-cph-seeds\/","url":"https:\/\/superseeds.dk\/vare\/killer-haze-auto-cph-seeds\/","name":"Copenhagen Killer Haze Auto - CPH Seeds - Superseeds.dk","isPartOf":{"@id":"https:\/\/super-seeds.se\/#website"},"primaryImageOfPage":{"@id":"https:\/\/superseeds.dk\/vare\/killer-haze-auto-cph-seeds\/#primaryimage"},"image":{"@id":"https:\/\/superseeds.dk\/vare\/killer-haze-auto-cph-seeds\/#primaryimage"},"thumbnailUrl":"https:\/\/superseeds.dk\/wp-content\/uploads\/2021\/01\/killer-haze-cph-seeds.jpg","datePublished":"2021-01-21T20:01:06+00:00","dateModified":"2025-03-06T09:38:11+00:00","breadcrumb":{"@id":"https:\/\/superseeds.dk\/vare\/killer-haze-auto-cph-seeds\/#breadcrumb"},"inLanguage":"sv-SE","potentialAction":[{"@type":"ReadAction","target":["https:\/\/superseeds.dk\/vare\/killer-haze-auto-cph-seeds\/"]}]},{"@type":"ImageObject","inLanguage":"sv-SE","@id":"https:\/\/superseeds.dk\/vare\/killer-haze-auto-cph-seeds\/#primaryimage","url":"https:\/\/superseeds.dk\/wp-content\/uploads\/2021\/01\/killer-haze-cph-seeds.jpg","contentUrl":"https:\/\/superseeds.dk\/wp-content\/uploads\/2021\/01\/killer-haze-cph-seeds.jpg","width":715,"height":712},{"@type":"BreadcrumbList","@id":"https:\/\/superseeds.dk\/vare\/killer-haze-auto-cph-seeds\/#breadcrumb","itemListElement":[{"@type":"ListItem","position":1,"name":"Hjem","item":"https:\/\/superseeds.dk\/"},{"@type":"ListItem","position":2,"name":"Shop","item":"https:\/\/superseeds.dk\/no\/butikk\/"},{"@type":"ListItem","position":3,"name":"Copenhagen Killer Haze Auto &#8211; CPH Seeds"}]},{"@type":"WebSite","@id":"https:\/\/super-seeds.se\/#website","url":"https:\/\/super-seeds.se\/","name":"Superseeds.com","description":"","publisher":{"@id":"https:\/\/super-seeds.se\/#organization"},"potentialAction":[{"@type":"SearchAction","target":{"@type":"EntryPoint","urlTemplate":"https:\/\/super-seeds.se\/?s={search_term_string}"},"query-input":{"@type":"PropertyValueSpecification","valueRequired":true,"valueName":"search_term_string"}}],"inLanguage":"sv-SE"},{"@type":"Organization","@id":"https:\/\/super-seeds.se\/#organization","name":"Superseeds.com","url":"https:\/\/super-seeds.se\/","logo":{"@type":"ImageObject","inLanguage":"sv-SE","@id":"https:\/\/super-seeds.se\/#\/schema\/logo\/image\/","url":"https:\/\/superseeds.dk\/wp-content\/uploads\/2025\/09\/logo-superseeds.png","contentUrl":"https:\/\/superseeds.dk\/wp-content\/uploads\/2025\/09\/logo-superseeds.png","width":180,"height":160,"caption":"Superseeds.dk"},"image":{"@id":"https:\/\/super-seeds.se\/#\/schema\/logo\/image\/"}}]}},"df_price":129,"df_sale_price":"","df_regular_price":129,"df_image_link":"https:\/\/superseeds.dk\/wp-content\/uploads\/2021\/01\/killer-haze-cph-seeds.jpg","_links":{"self":[{"href":"https:\/\/superseeds.dk\/se\/wp-json\/wp\/v2\/product\/24029","targetHints":{"allow":["GET"]}}],"collection":[{"href":"https:\/\/superseeds.dk\/se\/wp-json\/wp\/v2\/product"}],"about":[{"href":"https:\/\/superseeds.dk\/se\/wp-json\/wp\/v2\/types\/product"}],"wp:featuredmedia":[{"embeddable":true,"href":"https:\/\/superseeds.dk\/se\/wp-json\/wp\/v2\/media\/33945"}],"wp:attachment":[{"href":"https:\/\/superseeds.dk\/se\/wp-json\/wp\/v2\/media?parent=24029"}],"wp:term":[{"taxonomy":"product_brand","embeddable":true,"href":"https:\/\/superseeds.dk\/se\/wp-json\/wp\/v2\/product_brand?post=24029"},{"taxonomy":"product_cat","embeddable":true,"href":"https:\/\/superseeds.dk\/se\/wp-json\/wp\/v2\/product_cat?post=24029"},{"taxonomy":"product_tag","embeddable":true,"href":"https:\/\/superseeds.dk\/se\/wp-json\/wp\/v2\/product_tag?post=24029"}],"curies":[{"name":"wp","href":"https:\/\/api.w.org\/{rel}","templated":true}]}}