{"id":24023,"date":"2021-01-22T13:57:15","date_gmt":"2021-01-22T12:57:15","guid":{"rendered":"https:\/\/superseeds.dk\/vare\/critical-2-0-auto-cph-seeds\/"},"modified":"2023-11-23T13:35:46","modified_gmt":"2023-11-23T12:35:46","slug":"critical-2-0-auto-cph-seeds","status":"publish","type":"product","link":"https:\/\/superseeds.dk\/se\/produkt\/critical-2-0-auto-cph-seeds\/","title":{"rendered":"Critical 2.0 Auto - CPH Fr\u00f6n"},"content":{"rendered":"","protected":false},"excerpt":{"rendered":"<p><em><strong>Critical 2.0 kan dyrkes b\u00e5de indend\u00f8rs og udenfor \u2013 med fantastiske resultater.<\/strong><\/em><\/p>\n<p><strong>blanding af klassisk high powered skunk blandet med bl\u00e5b\u00e6r og jordb\u00e6r<\/strong> toner. Bl\u00e5b\u00e6r og jordb\u00e6r tonerne kommer fra CPHseeds udvalgte Lowryder.<\/p>\n<p><strong>Type :<\/strong>\u00a0Feminiseret.<br \/>\n<strong>Photoperiode :<\/strong>\u00a0Autoblomsterende.<br \/>\n<strong>Kultivation :<\/strong>\u00a0Feminiseret.<br \/>\n<strong>Genetik :<\/strong>\u00a0Critical 2.0 x Lowryder (White Berry pheno).<br \/>\n<strong>Effekt :<\/strong>\u00a0Lang, beroligende, euforisk og kreativ.<br \/>\n<strong>Indend\u00f8rs afkast \/ yield (g) :<\/strong>\u00a0600 gr\/m2.<br \/>\n<strong>Blomstrings tid :<\/strong>\u00a080-90 dage fra fr\u00f8.<br \/>\n<strong>H\u00f8jde indend\u00f8rs :<\/strong>\u00a0100-110cm.<br \/>\n<strong>Smag :<\/strong>\u00a0s\u00f8d skunk med toner af bl\u00e5b\u00e6r og jordb\u00e6r.<br \/>\n<strong>Duft :<\/strong>\u00a0kompleks skunk aroma med s\u00f8de toner<\/p>\n<p><strong>THC :<\/strong>\u00a020%\u00a0<strong>CBD:\u00a0<\/strong>0,4%<\/p>","protected":false},"featured_media":33938,"template":"","meta":{"_acf_changed":false},"product_brand":[],"product_cat":[1739,839,812,877,840,841,830,815,842],"product_tag":[],"class_list":{"0":"post-24023","1":"product","2":"type-product","3":"status-publish","4":"has-post-thumbnail","6":"product_cat-alle-froe","7":"product_cat-autoblomstrende","8":"product_cat-blomstring-periode","9":"product_cat-cph-seeds","10":"product_cat-indendoers-autoblomstrende","11":"product_cat-indica-dominant-autoblomstrende","12":"product_cat-over-70-dage","13":"product_cat-producenter-a-z","14":"product_cat-udendoers-autoblomstrende","15":"pa_antal-2-stk","16":"pa_antal-10-stk","17":"pa_antal-4-stk","18":"pa_antal-50-stk","19":"pa_antal-100-stk","20":"pa_blomst-type-autoblomstrende","21":"pa_blomstringstid-over-70-dage","22":"pa_indica-sativa-indica-dominant","23":"pa_thc-20-25","24":"pa_udbytte-stort","25":"pa_udbytte-xxl","27":"first","28":"instock","29":"taxable","30":"shipping-taxable","31":"purchasable","32":"product-type-variable","33":"wvs-archive-product-wrapper"},"acf":[],"yoast_head":"<!-- This site is optimized with the Yoast SEO plugin v26.9 - https:\/\/yoast.com\/product\/yoast-seo-wordpress\/ -->\n<title>Critical 2.0 Auto - CPH Seeds - Superseeds.dk<\/title>\n<meta name=\"robots\" content=\"index, follow, max-snippet:-1, max-image-preview:large, max-video-preview:-1\" \/>\n<link rel=\"canonical\" href=\"https:\/\/superseeds.dk\/se\/produkt\/critical-2-0-auto-cph-seeds\/\" \/>\n<meta property=\"og:locale\" content=\"sv_SE\" \/>\n<meta property=\"og:type\" content=\"article\" \/>\n<meta property=\"og:title\" content=\"Critical 2.0 Auto - CPH Seeds - Superseeds.dk\" \/>\n<meta property=\"og:description\" content=\"Critical 2.0 kan dyrkes b\u00e5de indend\u00f8rs og udenfor \u2013 med fantastiske resultater.  blanding af klassisk high powered skunk blandet med bl\u00e5b\u00e6r og jordb\u00e6r toner. Bl\u00e5b\u00e6r og jordb\u00e6r tonerne kommer fra CPHseeds udvalgte Lowryder.  Type :\u00a0Feminiseret. Photoperiode :\u00a0Autoblomsterende. Kultivation :\u00a0Feminiseret. Genetik :\u00a0Critical 2.0 x Lowryder (White Berry pheno). Effekt :\u00a0Lang, beroligende, euforisk og kreativ. Indend\u00f8rs afkast \/ yield (g) :\u00a0600 gr\/m2. Blomstrings tid :\u00a080-90 dage fra fr\u00f8. H\u00f8jde indend\u00f8rs :\u00a0100-110cm. Smag :\u00a0s\u00f8d skunk med toner af bl\u00e5b\u00e6r og jordb\u00e6r. Duft :\u00a0kompleks skunk aroma med s\u00f8de toner  THC :\u00a020%\u00a0CBD:\u00a00,4%\" \/>\n<meta property=\"og:url\" content=\"https:\/\/superseeds.dk\/se\/produkt\/critical-2-0-auto-cph-seeds\/\" \/>\n<meta property=\"og:site_name\" content=\"Superseeds.dk\" \/>\n<meta property=\"article:modified_time\" content=\"2023-11-23T12:35:46+00:00\" \/>\n<meta property=\"og:image\" content=\"https:\/\/superseeds.dk\/wp-content\/uploads\/2021\/01\/critical-2.0-cph-seeds.jpg\" \/>\n\t<meta property=\"og:image:width\" content=\"685\" \/>\n\t<meta property=\"og:image:height\" content=\"691\" \/>\n\t<meta property=\"og:image:type\" content=\"image\/jpeg\" \/>\n<meta name=\"twitter:card\" content=\"summary_large_image\" \/>\n<script type=\"application\/ld+json\" class=\"yoast-schema-graph\">{\"@context\":\"https:\/\/schema.org\",\"@graph\":[{\"@type\":\"WebPage\",\"@id\":\"https:\/\/superseeds.dk\/vare\/critical-2-0-auto-cph-seeds\/\",\"url\":\"https:\/\/superseeds.dk\/vare\/critical-2-0-auto-cph-seeds\/\",\"name\":\"Critical 2.0 Auto - CPH Seeds - Superseeds.dk\",\"isPartOf\":{\"@id\":\"https:\/\/super-seeds.se\/#website\"},\"primaryImageOfPage\":{\"@id\":\"https:\/\/superseeds.dk\/vare\/critical-2-0-auto-cph-seeds\/#primaryimage\"},\"image\":{\"@id\":\"https:\/\/superseeds.dk\/vare\/critical-2-0-auto-cph-seeds\/#primaryimage\"},\"thumbnailUrl\":\"https:\/\/superseeds.dk\/wp-content\/uploads\/2021\/01\/critical-2.0-cph-seeds.jpg\",\"datePublished\":\"2021-01-22T12:57:15+00:00\",\"dateModified\":\"2023-11-23T12:35:46+00:00\",\"breadcrumb\":{\"@id\":\"https:\/\/superseeds.dk\/vare\/critical-2-0-auto-cph-seeds\/#breadcrumb\"},\"inLanguage\":\"sv-SE\",\"potentialAction\":[{\"@type\":\"ReadAction\",\"target\":[\"https:\/\/superseeds.dk\/vare\/critical-2-0-auto-cph-seeds\/\"]}]},{\"@type\":\"ImageObject\",\"inLanguage\":\"sv-SE\",\"@id\":\"https:\/\/superseeds.dk\/vare\/critical-2-0-auto-cph-seeds\/#primaryimage\",\"url\":\"https:\/\/superseeds.dk\/wp-content\/uploads\/2021\/01\/critical-2.0-cph-seeds.jpg\",\"contentUrl\":\"https:\/\/superseeds.dk\/wp-content\/uploads\/2021\/01\/critical-2.0-cph-seeds.jpg\",\"width\":685,\"height\":691},{\"@type\":\"BreadcrumbList\",\"@id\":\"https:\/\/superseeds.dk\/vare\/critical-2-0-auto-cph-seeds\/#breadcrumb\",\"itemListElement\":[{\"@type\":\"ListItem\",\"position\":1,\"name\":\"Hjem\",\"item\":\"https:\/\/superseeds.dk\/\"},{\"@type\":\"ListItem\",\"position\":2,\"name\":\"Shop\",\"item\":\"https:\/\/superseeds.dk\/no\/butikk\/\"},{\"@type\":\"ListItem\",\"position\":3,\"name\":\"Critical 2.0 Auto &#8211; CPH Seeds\"}]},{\"@type\":\"WebSite\",\"@id\":\"https:\/\/super-seeds.se\/#website\",\"url\":\"https:\/\/super-seeds.se\/\",\"name\":\"Superseeds.dk\",\"description\":\"\",\"publisher\":{\"@id\":\"https:\/\/super-seeds.se\/#organization\"},\"potentialAction\":[{\"@type\":\"SearchAction\",\"target\":{\"@type\":\"EntryPoint\",\"urlTemplate\":\"https:\/\/super-seeds.se\/?s={search_term_string}\"},\"query-input\":{\"@type\":\"PropertyValueSpecification\",\"valueRequired\":true,\"valueName\":\"search_term_string\"}}],\"inLanguage\":\"sv-SE\"},{\"@type\":\"Organization\",\"@id\":\"https:\/\/super-seeds.se\/#organization\",\"name\":\"Superseeds.dk\",\"url\":\"https:\/\/super-seeds.se\/\",\"logo\":{\"@type\":\"ImageObject\",\"inLanguage\":\"sv-SE\",\"@id\":\"https:\/\/super-seeds.se\/#\/schema\/logo\/image\/\",\"url\":\"https:\/\/superseeds.dk\/wp-content\/uploads\/2025\/09\/logo-superseeds.png\",\"contentUrl\":\"https:\/\/superseeds.dk\/wp-content\/uploads\/2025\/09\/logo-superseeds.png\",\"width\":180,\"height\":160,\"caption\":\"Superseeds.dk\"},\"image\":{\"@id\":\"https:\/\/super-seeds.se\/#\/schema\/logo\/image\/\"}}]}<\/script>\n<!-- \/ Yoast SEO plugin. -->","yoast_head_json":{"title":"Critical 2.0 Auto - CPH Seeds - Superseeds.dk","robots":{"index":"index","follow":"follow","max-snippet":"max-snippet:-1","max-image-preview":"max-image-preview:large","max-video-preview":"max-video-preview:-1"},"canonical":"https:\/\/superseeds.dk\/se\/produkt\/critical-2-0-auto-cph-seeds\/","og_locale":"sv_SE","og_type":"article","og_title":"Critical 2.0 Auto - CPH Seeds - Superseeds.dk","og_description":"Critical 2.0 kan dyrkes b\u00e5de indend\u00f8rs og udenfor \u2013 med fantastiske resultater.  blanding af klassisk high powered skunk blandet med bl\u00e5b\u00e6r og jordb\u00e6r toner. Bl\u00e5b\u00e6r og jordb\u00e6r tonerne kommer fra CPHseeds udvalgte Lowryder.  Type :\u00a0Feminiseret. Photoperiode :\u00a0Autoblomsterende. Kultivation :\u00a0Feminiseret. Genetik :\u00a0Critical 2.0 x Lowryder (White Berry pheno). Effekt :\u00a0Lang, beroligende, euforisk og kreativ. Indend\u00f8rs afkast \/ yield (g) :\u00a0600 gr\/m2. Blomstrings tid :\u00a080-90 dage fra fr\u00f8. H\u00f8jde indend\u00f8rs :\u00a0100-110cm. Smag :\u00a0s\u00f8d skunk med toner af bl\u00e5b\u00e6r og jordb\u00e6r. Duft :\u00a0kompleks skunk aroma med s\u00f8de toner  THC :\u00a020%\u00a0CBD:\u00a00,4%","og_url":"https:\/\/superseeds.dk\/se\/produkt\/critical-2-0-auto-cph-seeds\/","og_site_name":"Superseeds.dk","article_modified_time":"2023-11-23T12:35:46+00:00","og_image":[{"width":685,"height":691,"url":"https:\/\/superseeds.dk\/wp-content\/uploads\/2021\/01\/critical-2.0-cph-seeds.jpg","type":"image\/jpeg"}],"twitter_card":"summary_large_image","schema":{"@context":"https:\/\/schema.org","@graph":[{"@type":"WebPage","@id":"https:\/\/superseeds.dk\/vare\/critical-2-0-auto-cph-seeds\/","url":"https:\/\/superseeds.dk\/vare\/critical-2-0-auto-cph-seeds\/","name":"Critical 2.0 Auto - CPH Seeds - Superseeds.dk","isPartOf":{"@id":"https:\/\/super-seeds.se\/#website"},"primaryImageOfPage":{"@id":"https:\/\/superseeds.dk\/vare\/critical-2-0-auto-cph-seeds\/#primaryimage"},"image":{"@id":"https:\/\/superseeds.dk\/vare\/critical-2-0-auto-cph-seeds\/#primaryimage"},"thumbnailUrl":"https:\/\/superseeds.dk\/wp-content\/uploads\/2021\/01\/critical-2.0-cph-seeds.jpg","datePublished":"2021-01-22T12:57:15+00:00","dateModified":"2023-11-23T12:35:46+00:00","breadcrumb":{"@id":"https:\/\/superseeds.dk\/vare\/critical-2-0-auto-cph-seeds\/#breadcrumb"},"inLanguage":"sv-SE","potentialAction":[{"@type":"ReadAction","target":["https:\/\/superseeds.dk\/vare\/critical-2-0-auto-cph-seeds\/"]}]},{"@type":"ImageObject","inLanguage":"sv-SE","@id":"https:\/\/superseeds.dk\/vare\/critical-2-0-auto-cph-seeds\/#primaryimage","url":"https:\/\/superseeds.dk\/wp-content\/uploads\/2021\/01\/critical-2.0-cph-seeds.jpg","contentUrl":"https:\/\/superseeds.dk\/wp-content\/uploads\/2021\/01\/critical-2.0-cph-seeds.jpg","width":685,"height":691},{"@type":"BreadcrumbList","@id":"https:\/\/superseeds.dk\/vare\/critical-2-0-auto-cph-seeds\/#breadcrumb","itemListElement":[{"@type":"ListItem","position":1,"name":"Hjem","item":"https:\/\/superseeds.dk\/"},{"@type":"ListItem","position":2,"name":"Shop","item":"https:\/\/superseeds.dk\/no\/butikk\/"},{"@type":"ListItem","position":3,"name":"Critical 2.0 Auto &#8211; CPH Seeds"}]},{"@type":"WebSite","@id":"https:\/\/super-seeds.se\/#website","url":"https:\/\/super-seeds.se\/","name":"Superseeds.com","description":"","publisher":{"@id":"https:\/\/super-seeds.se\/#organization"},"potentialAction":[{"@type":"SearchAction","target":{"@type":"EntryPoint","urlTemplate":"https:\/\/super-seeds.se\/?s={search_term_string}"},"query-input":{"@type":"PropertyValueSpecification","valueRequired":true,"valueName":"search_term_string"}}],"inLanguage":"sv-SE"},{"@type":"Organization","@id":"https:\/\/super-seeds.se\/#organization","name":"Superseeds.com","url":"https:\/\/super-seeds.se\/","logo":{"@type":"ImageObject","inLanguage":"sv-SE","@id":"https:\/\/super-seeds.se\/#\/schema\/logo\/image\/","url":"https:\/\/superseeds.dk\/wp-content\/uploads\/2025\/09\/logo-superseeds.png","contentUrl":"https:\/\/superseeds.dk\/wp-content\/uploads\/2025\/09\/logo-superseeds.png","width":180,"height":160,"caption":"Superseeds.dk"},"image":{"@id":"https:\/\/super-seeds.se\/#\/schema\/logo\/image\/"}}]}},"df_price":85,"df_sale_price":"","df_regular_price":85,"df_image_link":"https:\/\/superseeds.dk\/wp-content\/uploads\/2021\/01\/critical-2.0-cph-seeds.jpg","_links":{"self":[{"href":"https:\/\/superseeds.dk\/se\/wp-json\/wp\/v2\/product\/24023","targetHints":{"allow":["GET"]}}],"collection":[{"href":"https:\/\/superseeds.dk\/se\/wp-json\/wp\/v2\/product"}],"about":[{"href":"https:\/\/superseeds.dk\/se\/wp-json\/wp\/v2\/types\/product"}],"wp:featuredmedia":[{"embeddable":true,"href":"https:\/\/superseeds.dk\/se\/wp-json\/wp\/v2\/media\/33938"}],"wp:attachment":[{"href":"https:\/\/superseeds.dk\/se\/wp-json\/wp\/v2\/media?parent=24023"}],"wp:term":[{"taxonomy":"product_brand","embeddable":true,"href":"https:\/\/superseeds.dk\/se\/wp-json\/wp\/v2\/product_brand?post=24023"},{"taxonomy":"product_cat","embeddable":true,"href":"https:\/\/superseeds.dk\/se\/wp-json\/wp\/v2\/product_cat?post=24023"},{"taxonomy":"product_tag","embeddable":true,"href":"https:\/\/superseeds.dk\/se\/wp-json\/wp\/v2\/product_tag?post=24023"}],"curies":[{"name":"wp","href":"https:\/\/api.w.org\/{rel}","templated":true}]}}