{"id":24020,"date":"2021-01-22T19:53:51","date_gmt":"2021-01-22T18:53:51","guid":{"rendered":"https:\/\/superseeds.dk\/vare\/copenhagen-kush-auto-cph-seeds\/"},"modified":"2023-11-23T13:35:42","modified_gmt":"2023-11-23T12:35:42","slug":"copenhagen-kush-auto-cph-seeds","status":"publish","type":"product","link":"https:\/\/superseeds.dk\/se\/produkt\/copenhagen-kush-auto-cph-seeds\/","title":{"rendered":"Copenhagen Kush Auto - CPH Fr\u00f6n"},"content":{"rendered":"","protected":false},"excerpt":{"rendered":"<p><strong>Copenhagen Kush automatic<\/strong> er en unik autofloblomstrende sort der er skabt ved at krydse den originale Copenhagen Kush med vores udvalgt hvide Lowryder.<\/p>\n<p>kan under optimale forhold blive <strong>STOR og producere et stort afkast af stenh\u00e5rde store topskud<\/strong>.<\/p>\n<p><strong>Type :<\/strong>\u00a0Feminiseret.<br \/>\n<strong>Photoperiode :<\/strong>\u00a0Autoblomsterende.<br \/>\n<strong>Cultivation :<\/strong>\u00a0indend\u00f8rs\/udend\u00f8rs.<br \/>\n<strong>Genetik :<\/strong>\u00a0Copenhagen Kush x Lowryder (White Berry pheno).<br \/>\n<strong>Effekt :<\/strong>\u00a0Beroligende, euforisk og kreativ.<br \/>\n<strong>Indend\u00f8r afkast \/ yield (g) :<\/strong>\u00a0600 gr\/m2.<br \/>\n<strong>Blomstrings tid :<\/strong>\u00a080-90 dage fra fr\u00f8.<br \/>\n<strong>H\u00f8jde inded\u00f8rs :<\/strong>\u00a0100-160cm.<br \/>\n<strong>Smag :<\/strong>\u00a0S\u00f8d Kush med toner af skovb\u00e6r.<br \/>\n<strong>Duft :<\/strong>\u00a0komplex mild kush aroma med s\u00f8de toner<\/p>\n<p><strong>THC :<\/strong>\u00a023%\u00a0<strong>CBD:\u00a0<\/strong>1-2%<\/p>","protected":false},"featured_media":33937,"template":"","meta":{"_acf_changed":false},"product_brand":[],"product_cat":[1739,839,812,877,840,841,830,815,842],"product_tag":[],"class_list":{"0":"post-24020","1":"product","2":"type-product","3":"status-publish","4":"has-post-thumbnail","6":"product_cat-alle-froe","7":"product_cat-autoblomstrende","8":"product_cat-blomstring-periode","9":"product_cat-cph-seeds","10":"product_cat-indendoers-autoblomstrende","11":"product_cat-indica-dominant-autoblomstrende","12":"product_cat-over-70-dage","13":"product_cat-producenter-a-z","14":"product_cat-udendoers-autoblomstrende","15":"pa_antal-2-stk","16":"pa_antal-10-stk","17":"pa_antal-4-stk","18":"pa_antal-50-stk","19":"pa_antal-100-stk","20":"pa_blomst-type-autoblomstrende","21":"pa_blomstringstid-over-70-dage","22":"pa_indica-sativa-indica-dominant","23":"pa_thc-20-25","24":"pa_udbytte-stort","25":"pa_udbytte-xxl","27":"first","28":"instock","29":"taxable","30":"shipping-taxable","31":"purchasable","32":"product-type-variable","33":"wvs-archive-product-wrapper"},"acf":[],"yoast_head":"<!-- This site is optimized with the Yoast SEO plugin v26.9 - https:\/\/yoast.com\/product\/yoast-seo-wordpress\/ -->\n<title>Copenhagen Kush Auto - CPH Seeds - Superseeds.dk<\/title>\n<meta name=\"robots\" content=\"index, follow, max-snippet:-1, max-image-preview:large, max-video-preview:-1\" \/>\n<link rel=\"canonical\" href=\"https:\/\/superseeds.dk\/se\/produkt\/copenhagen-kush-auto-cph-seeds\/\" \/>\n<meta property=\"og:locale\" content=\"sv_SE\" \/>\n<meta property=\"og:type\" content=\"article\" \/>\n<meta property=\"og:title\" content=\"Copenhagen Kush Auto - CPH Seeds - Superseeds.dk\" \/>\n<meta property=\"og:description\" content=\"Copenhagen Kush automatic er en unik autofloblomstrende sort der er skabt ved at krydse den originale Copenhagen Kush med vores udvalgt hvide Lowryder.  kan under optimale forhold blive STOR og producere et stort afkast af stenh\u00e5rde store topskud.  Type :\u00a0Feminiseret. Photoperiode :\u00a0Autoblomsterende. Cultivation :\u00a0indend\u00f8rs\/udend\u00f8rs. Genetik :\u00a0Copenhagen Kush x Lowryder (White Berry pheno). Effekt :\u00a0Beroligende, euforisk og kreativ. Indend\u00f8r afkast \/ yield (g) :\u00a0600 gr\/m2. Blomstrings tid :\u00a080-90 dage fra fr\u00f8. H\u00f8jde inded\u00f8rs :\u00a0100-160cm. Smag :\u00a0S\u00f8d Kush med toner af skovb\u00e6r. Duft :\u00a0komplex mild kush aroma med s\u00f8de toner  THC :\u00a023%\u00a0CBD:\u00a01-2%\" \/>\n<meta property=\"og:url\" content=\"https:\/\/superseeds.dk\/se\/produkt\/copenhagen-kush-auto-cph-seeds\/\" \/>\n<meta property=\"og:site_name\" content=\"Superseeds.dk\" \/>\n<meta property=\"article:modified_time\" content=\"2023-11-23T12:35:42+00:00\" \/>\n<meta property=\"og:image\" content=\"https:\/\/super-seeds.no\/wp-content\/uploads\/2021\/01\/copenhagen-kush-cph-seeds.jpg\" \/>\n\t<meta property=\"og:image:width\" content=\"837\" \/>\n\t<meta property=\"og:image:height\" content=\"586\" \/>\n\t<meta property=\"og:image:type\" content=\"image\/jpeg\" \/>\n<meta name=\"twitter:card\" content=\"summary_large_image\" \/>\n<script type=\"application\/ld+json\" class=\"yoast-schema-graph\">{\"@context\":\"https:\/\/schema.org\",\"@graph\":[{\"@type\":\"WebPage\",\"@id\":\"https:\/\/superseeds.dk\/vare\/copenhagen-kush-auto-cph-seeds\/\",\"url\":\"https:\/\/superseeds.dk\/vare\/copenhagen-kush-auto-cph-seeds\/\",\"name\":\"Copenhagen Kush Auto - CPH Seeds - Superseeds.dk\",\"isPartOf\":{\"@id\":\"https:\/\/super-seeds.se\/#website\"},\"primaryImageOfPage\":{\"@id\":\"https:\/\/superseeds.dk\/vare\/copenhagen-kush-auto-cph-seeds\/#primaryimage\"},\"image\":{\"@id\":\"https:\/\/superseeds.dk\/vare\/copenhagen-kush-auto-cph-seeds\/#primaryimage\"},\"thumbnailUrl\":\"https:\/\/superseeds.dk\/wp-content\/uploads\/2021\/01\/copenhagen-kush-cph-seeds.jpg\",\"datePublished\":\"2021-01-22T18:53:51+00:00\",\"dateModified\":\"2023-11-23T12:35:42+00:00\",\"breadcrumb\":{\"@id\":\"https:\/\/superseeds.dk\/vare\/copenhagen-kush-auto-cph-seeds\/#breadcrumb\"},\"inLanguage\":\"sv-SE\",\"potentialAction\":[{\"@type\":\"ReadAction\",\"target\":[\"https:\/\/superseeds.dk\/vare\/copenhagen-kush-auto-cph-seeds\/\"]}]},{\"@type\":\"ImageObject\",\"inLanguage\":\"sv-SE\",\"@id\":\"https:\/\/superseeds.dk\/vare\/copenhagen-kush-auto-cph-seeds\/#primaryimage\",\"url\":\"https:\/\/superseeds.dk\/wp-content\/uploads\/2021\/01\/copenhagen-kush-cph-seeds.jpg\",\"contentUrl\":\"https:\/\/superseeds.dk\/wp-content\/uploads\/2021\/01\/copenhagen-kush-cph-seeds.jpg\",\"width\":837,\"height\":586},{\"@type\":\"BreadcrumbList\",\"@id\":\"https:\/\/superseeds.dk\/vare\/copenhagen-kush-auto-cph-seeds\/#breadcrumb\",\"itemListElement\":[{\"@type\":\"ListItem\",\"position\":1,\"name\":\"Hjem\",\"item\":\"https:\/\/superseeds.dk\/\"},{\"@type\":\"ListItem\",\"position\":2,\"name\":\"Shop\",\"item\":\"https:\/\/superseeds.dk\/no\/butikk\/\"},{\"@type\":\"ListItem\",\"position\":3,\"name\":\"Copenhagen Kush Auto &#8211; CPH Seeds\"}]},{\"@type\":\"WebSite\",\"@id\":\"https:\/\/super-seeds.se\/#website\",\"url\":\"https:\/\/super-seeds.se\/\",\"name\":\"Superseeds.dk\",\"description\":\"\",\"publisher\":{\"@id\":\"https:\/\/super-seeds.se\/#organization\"},\"potentialAction\":[{\"@type\":\"SearchAction\",\"target\":{\"@type\":\"EntryPoint\",\"urlTemplate\":\"https:\/\/super-seeds.se\/?s={search_term_string}\"},\"query-input\":{\"@type\":\"PropertyValueSpecification\",\"valueRequired\":true,\"valueName\":\"search_term_string\"}}],\"inLanguage\":\"sv-SE\"},{\"@type\":\"Organization\",\"@id\":\"https:\/\/super-seeds.se\/#organization\",\"name\":\"Superseeds.dk\",\"url\":\"https:\/\/super-seeds.se\/\",\"logo\":{\"@type\":\"ImageObject\",\"inLanguage\":\"sv-SE\",\"@id\":\"https:\/\/super-seeds.se\/#\/schema\/logo\/image\/\",\"url\":\"https:\/\/superseeds.dk\/wp-content\/uploads\/2025\/09\/logo-superseeds.png\",\"contentUrl\":\"https:\/\/superseeds.dk\/wp-content\/uploads\/2025\/09\/logo-superseeds.png\",\"width\":180,\"height\":160,\"caption\":\"Superseeds.dk\"},\"image\":{\"@id\":\"https:\/\/super-seeds.se\/#\/schema\/logo\/image\/\"}}]}<\/script>\n<!-- \/ Yoast SEO plugin. -->","yoast_head_json":{"title":"Copenhagen Kush Auto - CPH Seeds - Superseeds.dk","robots":{"index":"index","follow":"follow","max-snippet":"max-snippet:-1","max-image-preview":"max-image-preview:large","max-video-preview":"max-video-preview:-1"},"canonical":"https:\/\/superseeds.dk\/se\/produkt\/copenhagen-kush-auto-cph-seeds\/","og_locale":"sv_SE","og_type":"article","og_title":"Copenhagen Kush Auto - CPH Seeds - Superseeds.dk","og_description":"Copenhagen Kush automatic er en unik autofloblomstrende sort der er skabt ved at krydse den originale Copenhagen Kush med vores udvalgt hvide Lowryder.  kan under optimale forhold blive STOR og producere et stort afkast af stenh\u00e5rde store topskud.  Type :\u00a0Feminiseret. Photoperiode :\u00a0Autoblomsterende. Cultivation :\u00a0indend\u00f8rs\/udend\u00f8rs. Genetik :\u00a0Copenhagen Kush x Lowryder (White Berry pheno). Effekt :\u00a0Beroligende, euforisk og kreativ. Indend\u00f8r afkast \/ yield (g) :\u00a0600 gr\/m2. Blomstrings tid :\u00a080-90 dage fra fr\u00f8. H\u00f8jde inded\u00f8rs :\u00a0100-160cm. Smag :\u00a0S\u00f8d Kush med toner af skovb\u00e6r. Duft :\u00a0komplex mild kush aroma med s\u00f8de toner  THC :\u00a023%\u00a0CBD:\u00a01-2%","og_url":"https:\/\/superseeds.dk\/se\/produkt\/copenhagen-kush-auto-cph-seeds\/","og_site_name":"Superseeds.dk","article_modified_time":"2023-11-23T12:35:42+00:00","og_image":[{"width":837,"height":586,"url":"https:\/\/super-seeds.no\/wp-content\/uploads\/2021\/01\/copenhagen-kush-cph-seeds.jpg","type":"image\/jpeg"}],"twitter_card":"summary_large_image","schema":{"@context":"https:\/\/schema.org","@graph":[{"@type":"WebPage","@id":"https:\/\/superseeds.dk\/vare\/copenhagen-kush-auto-cph-seeds\/","url":"https:\/\/superseeds.dk\/vare\/copenhagen-kush-auto-cph-seeds\/","name":"Copenhagen Kush Auto - CPH Seeds - Superseeds.dk","isPartOf":{"@id":"https:\/\/super-seeds.se\/#website"},"primaryImageOfPage":{"@id":"https:\/\/superseeds.dk\/vare\/copenhagen-kush-auto-cph-seeds\/#primaryimage"},"image":{"@id":"https:\/\/superseeds.dk\/vare\/copenhagen-kush-auto-cph-seeds\/#primaryimage"},"thumbnailUrl":"https:\/\/superseeds.dk\/wp-content\/uploads\/2021\/01\/copenhagen-kush-cph-seeds.jpg","datePublished":"2021-01-22T18:53:51+00:00","dateModified":"2023-11-23T12:35:42+00:00","breadcrumb":{"@id":"https:\/\/superseeds.dk\/vare\/copenhagen-kush-auto-cph-seeds\/#breadcrumb"},"inLanguage":"sv-SE","potentialAction":[{"@type":"ReadAction","target":["https:\/\/superseeds.dk\/vare\/copenhagen-kush-auto-cph-seeds\/"]}]},{"@type":"ImageObject","inLanguage":"sv-SE","@id":"https:\/\/superseeds.dk\/vare\/copenhagen-kush-auto-cph-seeds\/#primaryimage","url":"https:\/\/superseeds.dk\/wp-content\/uploads\/2021\/01\/copenhagen-kush-cph-seeds.jpg","contentUrl":"https:\/\/superseeds.dk\/wp-content\/uploads\/2021\/01\/copenhagen-kush-cph-seeds.jpg","width":837,"height":586},{"@type":"BreadcrumbList","@id":"https:\/\/superseeds.dk\/vare\/copenhagen-kush-auto-cph-seeds\/#breadcrumb","itemListElement":[{"@type":"ListItem","position":1,"name":"Hjem","item":"https:\/\/superseeds.dk\/"},{"@type":"ListItem","position":2,"name":"Shop","item":"https:\/\/superseeds.dk\/no\/butikk\/"},{"@type":"ListItem","position":3,"name":"Copenhagen Kush Auto &#8211; CPH Seeds"}]},{"@type":"WebSite","@id":"https:\/\/super-seeds.se\/#website","url":"https:\/\/super-seeds.se\/","name":"Superseeds.com","description":"","publisher":{"@id":"https:\/\/super-seeds.se\/#organization"},"potentialAction":[{"@type":"SearchAction","target":{"@type":"EntryPoint","urlTemplate":"https:\/\/super-seeds.se\/?s={search_term_string}"},"query-input":{"@type":"PropertyValueSpecification","valueRequired":true,"valueName":"search_term_string"}}],"inLanguage":"sv-SE"},{"@type":"Organization","@id":"https:\/\/super-seeds.se\/#organization","name":"Superseeds.com","url":"https:\/\/super-seeds.se\/","logo":{"@type":"ImageObject","inLanguage":"sv-SE","@id":"https:\/\/super-seeds.se\/#\/schema\/logo\/image\/","url":"https:\/\/superseeds.dk\/wp-content\/uploads\/2025\/09\/logo-superseeds.png","contentUrl":"https:\/\/superseeds.dk\/wp-content\/uploads\/2025\/09\/logo-superseeds.png","width":180,"height":160,"caption":"Superseeds.dk"},"image":{"@id":"https:\/\/super-seeds.se\/#\/schema\/logo\/image\/"}}]}},"df_price":85,"df_sale_price":"","df_regular_price":85,"df_image_link":"https:\/\/superseeds.dk\/wp-content\/uploads\/2021\/01\/copenhagen-kush-cph-seeds.jpg","_links":{"self":[{"href":"https:\/\/superseeds.dk\/se\/wp-json\/wp\/v2\/product\/24020","targetHints":{"allow":["GET"]}}],"collection":[{"href":"https:\/\/superseeds.dk\/se\/wp-json\/wp\/v2\/product"}],"about":[{"href":"https:\/\/superseeds.dk\/se\/wp-json\/wp\/v2\/types\/product"}],"wp:featuredmedia":[{"embeddable":true,"href":"https:\/\/superseeds.dk\/se\/wp-json\/wp\/v2\/media\/33937"}],"wp:attachment":[{"href":"https:\/\/superseeds.dk\/se\/wp-json\/wp\/v2\/media?parent=24020"}],"wp:term":[{"taxonomy":"product_brand","embeddable":true,"href":"https:\/\/superseeds.dk\/se\/wp-json\/wp\/v2\/product_brand?post=24020"},{"taxonomy":"product_cat","embeddable":true,"href":"https:\/\/superseeds.dk\/se\/wp-json\/wp\/v2\/product_cat?post=24020"},{"taxonomy":"product_tag","embeddable":true,"href":"https:\/\/superseeds.dk\/se\/wp-json\/wp\/v2\/product_tag?post=24020"}],"curies":[{"name":"wp","href":"https:\/\/api.w.org\/{rel}","templated":true}]}}