{"id":23961,"date":"2021-02-08T20:29:41","date_gmt":"2021-02-08T19:29:41","guid":{"rendered":"https:\/\/superseeds.dk\/vare\/pre-98-bubba-kush-x-key-lime-pie-purple-city-genetics\/"},"modified":"2023-11-23T13:31:48","modified_gmt":"2023-11-23T12:31:48","slug":"pre-98-bubba-kush-x-key-lime-pie-purple-city-genetics","status":"publish","type":"product","link":"https:\/\/superseeds.dk\/se\/produkt\/pre-98-bubba-kush-x-key-lime-pie-purple-city-genetics\/","title":{"rendered":"Pre &#8217;98 Bubba Kush X Key Lime Pie (Feminiseret) &#8211; Purple City Genetics"},"content":{"rendered":"","protected":false},"excerpt":{"rendered":"<p><strong>Purple City Genetics sikre dig top kvalitets fr\u00f8, hver gang<\/strong>!<\/p>\n<p>Purple City Genetics er et prisvindende kollektiv, der er kendt for at producere unikke f\u00e6notyper, der mest udvikles for styrke,\u00a0<strong>optimalt udbytte og overlegen terpen produktion.<\/strong><\/p>\n<p>&nbsp;<\/p>\n<p>Deres princip siden 2008 har v\u00e6ret meget simpelt: F\u00e5\u00a0<strong>de bedste strains for at opn\u00e5 planter af h\u00f8jeste kvalitet<\/strong><\/p>\n<p><strong>De er ekstremt seri\u00f8se med hensyn til organisk og pesticidfri produktion.<\/strong><\/p>\n<p>&nbsp;<\/p>\n<ul>\n<li><strong>Type: Indica<\/strong><\/li>\n<li><strong>Indend\u00f8rs:\u00a0 8-9 Uger<\/strong><\/li>\n<li><strong>Udend\u00f8rs: . 28. Sep.- 5. Okt<\/strong><\/li>\n<li><strong>Yield: Medium<\/strong><\/li>\n<li><strong>Terp profil: Lime gas<\/strong><\/li>\n<\/ul>","protected":false},"featured_media":10530,"template":"","meta":{"_acf_changed":false},"product_brand":[],"product_cat":[813,1739,812,817,819,826,815,872,835,827],"product_tag":[],"class_list":{"0":"post-23961","1":"product","2":"type-product","3":"status-publish","4":"has-post-thumbnail","6":"product_cat-60-65-dage","7":"product_cat-alle-froe","8":"product_cat-blomstring-periode","9":"product_cat-feminiserede","10":"product_cat-indendoers","11":"product_cat-indica-dominant","12":"product_cat-producenter-a-z","13":"product_cat-purple-city-genetics","14":"product_cat-udendoers-feminiserede","15":"product_cat-under-60-dage","16":"pa_antal-3-stk","17":"pa_blomst-type-feminiserede","18":"pa_blomstringstid-under-60-dage","19":"pa_blomstringstid-60-65-dage","20":"pa_indica-sativa-indica-dominant","21":"pa_thc-20-25","22":"pa_udbytte-medium","24":"first","25":"instock","26":"taxable","27":"shipping-taxable","28":"purchasable","29":"product-type-variable","30":"wvs-archive-product-wrapper"},"acf":[],"yoast_head":"<!-- This site is optimized with the Yoast SEO plugin v26.9 - https:\/\/yoast.com\/product\/yoast-seo-wordpress\/ -->\n<title>Pre &#039;98 Bubba Kush X Key Lime Pie (Feminiseret) - Purple City Genetics - Superseeds.dk<\/title>\n<meta name=\"robots\" content=\"index, follow, max-snippet:-1, max-image-preview:large, max-video-preview:-1\" \/>\n<link rel=\"canonical\" href=\"https:\/\/superseeds.dk\/se\/produkt\/pre-98-bubba-kush-x-key-lime-pie-purple-city-genetics\/\" \/>\n<meta property=\"og:locale\" content=\"sv_SE\" \/>\n<meta property=\"og:type\" content=\"article\" \/>\n<meta property=\"og:title\" content=\"Pre &#039;98 Bubba Kush X Key Lime Pie (Feminiseret) - Purple City Genetics - Superseeds.dk\" \/>\n<meta property=\"og:description\" content=\"Purple City Genetics sikre dig top kvalitets fr\u00f8, hver gang!  Purple City Genetics er et prisvindende kollektiv, der er kendt for at producere unikke f\u00e6notyper, der mest udvikles for styrke,\u00a0optimalt udbytte og overlegen terpen produktion.  &nbsp;  Deres princip siden 2008 har v\u00e6ret meget simpelt: F\u00e5\u00a0de bedste strains for at opn\u00e5 planter af h\u00f8jeste kvalitet  De er ekstremt seri\u00f8se med hensyn til organisk og pesticidfri produktion.  &nbsp;   Type: Indica  Indend\u00f8rs:\u00a0 8-9 Uger  Udend\u00f8rs: . 28. Sep.- 5. Okt  Yield: Medium  Terp profil: Lime gas\" \/>\n<meta property=\"og:url\" content=\"https:\/\/superseeds.dk\/se\/produkt\/pre-98-bubba-kush-x-key-lime-pie-purple-city-genetics\/\" \/>\n<meta property=\"og:site_name\" content=\"Superseeds.dk\" \/>\n<meta property=\"article:modified_time\" content=\"2023-11-23T12:31:48+00:00\" \/>\n<meta property=\"og:image\" content=\"https:\/\/superseeds.dk\/wp-content\/uploads\/2022\/07\/pre-98-bubba-key-lime-pie-feminized1.jpg\" \/>\n\t<meta property=\"og:image:width\" content=\"630\" \/>\n\t<meta property=\"og:image:height\" content=\"630\" \/>\n\t<meta property=\"og:image:type\" content=\"image\/jpeg\" \/>\n<meta name=\"twitter:card\" content=\"summary_large_image\" \/>\n<script type=\"application\/ld+json\" class=\"yoast-schema-graph\">{\"@context\":\"https:\/\/schema.org\",\"@graph\":[{\"@type\":\"WebPage\",\"@id\":\"https:\/\/superseeds.dk\/vare\/pre-98-bubba-kush-x-key-lime-pie-purple-city-genetics\/\",\"url\":\"https:\/\/superseeds.dk\/vare\/pre-98-bubba-kush-x-key-lime-pie-purple-city-genetics\/\",\"name\":\"Pre '98 Bubba Kush X Key Lime Pie (Feminiseret) - Purple City Genetics - Superseeds.dk\",\"isPartOf\":{\"@id\":\"https:\/\/super-seeds.se\/#website\"},\"primaryImageOfPage\":{\"@id\":\"https:\/\/superseeds.dk\/vare\/pre-98-bubba-kush-x-key-lime-pie-purple-city-genetics\/#primaryimage\"},\"image\":{\"@id\":\"https:\/\/superseeds.dk\/vare\/pre-98-bubba-kush-x-key-lime-pie-purple-city-genetics\/#primaryimage\"},\"thumbnailUrl\":\"https:\/\/superseeds.dk\/wp-content\/uploads\/2022\/07\/pre-98-bubba-key-lime-pie-feminized1.jpg\",\"datePublished\":\"2021-02-08T19:29:41+00:00\",\"dateModified\":\"2023-11-23T12:31:48+00:00\",\"breadcrumb\":{\"@id\":\"https:\/\/superseeds.dk\/vare\/pre-98-bubba-kush-x-key-lime-pie-purple-city-genetics\/#breadcrumb\"},\"inLanguage\":\"sv-SE\",\"potentialAction\":[{\"@type\":\"ReadAction\",\"target\":[\"https:\/\/superseeds.dk\/vare\/pre-98-bubba-kush-x-key-lime-pie-purple-city-genetics\/\"]}]},{\"@type\":\"ImageObject\",\"inLanguage\":\"sv-SE\",\"@id\":\"https:\/\/superseeds.dk\/vare\/pre-98-bubba-kush-x-key-lime-pie-purple-city-genetics\/#primaryimage\",\"url\":\"https:\/\/superseeds.dk\/wp-content\/uploads\/2022\/07\/pre-98-bubba-key-lime-pie-feminized1.jpg\",\"contentUrl\":\"https:\/\/superseeds.dk\/wp-content\/uploads\/2022\/07\/pre-98-bubba-key-lime-pie-feminized1.jpg\",\"width\":630,\"height\":630,\"caption\":\"Indend\u00f8rs\"},{\"@type\":\"BreadcrumbList\",\"@id\":\"https:\/\/superseeds.dk\/vare\/pre-98-bubba-kush-x-key-lime-pie-purple-city-genetics\/#breadcrumb\",\"itemListElement\":[{\"@type\":\"ListItem\",\"position\":1,\"name\":\"Hjem\",\"item\":\"https:\/\/superseeds.dk\/\"},{\"@type\":\"ListItem\",\"position\":2,\"name\":\"Shop\",\"item\":\"https:\/\/superseeds.dk\/no\/butikk\/\"},{\"@type\":\"ListItem\",\"position\":3,\"name\":\"Pre &#8217;98 Bubba Kush X Key Lime Pie (Feminiseret) &#8211; Purple City Genetics\"}]},{\"@type\":\"WebSite\",\"@id\":\"https:\/\/super-seeds.se\/#website\",\"url\":\"https:\/\/super-seeds.se\/\",\"name\":\"Superseeds.dk\",\"description\":\"\",\"publisher\":{\"@id\":\"https:\/\/super-seeds.se\/#organization\"},\"potentialAction\":[{\"@type\":\"SearchAction\",\"target\":{\"@type\":\"EntryPoint\",\"urlTemplate\":\"https:\/\/super-seeds.se\/?s={search_term_string}\"},\"query-input\":{\"@type\":\"PropertyValueSpecification\",\"valueRequired\":true,\"valueName\":\"search_term_string\"}}],\"inLanguage\":\"sv-SE\"},{\"@type\":\"Organization\",\"@id\":\"https:\/\/super-seeds.se\/#organization\",\"name\":\"Superseeds.dk\",\"url\":\"https:\/\/super-seeds.se\/\",\"logo\":{\"@type\":\"ImageObject\",\"inLanguage\":\"sv-SE\",\"@id\":\"https:\/\/super-seeds.se\/#\/schema\/logo\/image\/\",\"url\":\"https:\/\/superseeds.dk\/wp-content\/uploads\/2025\/09\/logo-superseeds.png\",\"contentUrl\":\"https:\/\/superseeds.dk\/wp-content\/uploads\/2025\/09\/logo-superseeds.png\",\"width\":180,\"height\":160,\"caption\":\"Superseeds.dk\"},\"image\":{\"@id\":\"https:\/\/super-seeds.se\/#\/schema\/logo\/image\/\"}}]}<\/script>\n<!-- \/ Yoast SEO plugin. -->","yoast_head_json":{"title":"Pre '98 Bubba Kush X Key Lime Pie (Feminiseret) - Purple City Genetics - Superseeds.dk","robots":{"index":"index","follow":"follow","max-snippet":"max-snippet:-1","max-image-preview":"max-image-preview:large","max-video-preview":"max-video-preview:-1"},"canonical":"https:\/\/superseeds.dk\/se\/produkt\/pre-98-bubba-kush-x-key-lime-pie-purple-city-genetics\/","og_locale":"sv_SE","og_type":"article","og_title":"Pre '98 Bubba Kush X Key Lime Pie (Feminiseret) - Purple City Genetics - Superseeds.dk","og_description":"Purple City Genetics sikre dig top kvalitets fr\u00f8, hver gang!  Purple City Genetics er et prisvindende kollektiv, der er kendt for at producere unikke f\u00e6notyper, der mest udvikles for styrke,\u00a0optimalt udbytte og overlegen terpen produktion.  &nbsp;  Deres princip siden 2008 har v\u00e6ret meget simpelt: F\u00e5\u00a0de bedste strains for at opn\u00e5 planter af h\u00f8jeste kvalitet  De er ekstremt seri\u00f8se med hensyn til organisk og pesticidfri produktion.  &nbsp;   Type: Indica  Indend\u00f8rs:\u00a0 8-9 Uger  Udend\u00f8rs: . 28. Sep.- 5. Okt  Yield: Medium  Terp profil: Lime gas","og_url":"https:\/\/superseeds.dk\/se\/produkt\/pre-98-bubba-kush-x-key-lime-pie-purple-city-genetics\/","og_site_name":"Superseeds.dk","article_modified_time":"2023-11-23T12:31:48+00:00","og_image":[{"width":630,"height":630,"url":"https:\/\/superseeds.dk\/wp-content\/uploads\/2022\/07\/pre-98-bubba-key-lime-pie-feminized1.jpg","type":"image\/jpeg"}],"twitter_card":"summary_large_image","schema":{"@context":"https:\/\/schema.org","@graph":[{"@type":"WebPage","@id":"https:\/\/superseeds.dk\/vare\/pre-98-bubba-kush-x-key-lime-pie-purple-city-genetics\/","url":"https:\/\/superseeds.dk\/vare\/pre-98-bubba-kush-x-key-lime-pie-purple-city-genetics\/","name":"Pre '98 Bubba Kush X Key Lime Pie (Feminiseret) - Purple City Genetics - Superseeds.dk","isPartOf":{"@id":"https:\/\/super-seeds.se\/#website"},"primaryImageOfPage":{"@id":"https:\/\/superseeds.dk\/vare\/pre-98-bubba-kush-x-key-lime-pie-purple-city-genetics\/#primaryimage"},"image":{"@id":"https:\/\/superseeds.dk\/vare\/pre-98-bubba-kush-x-key-lime-pie-purple-city-genetics\/#primaryimage"},"thumbnailUrl":"https:\/\/superseeds.dk\/wp-content\/uploads\/2022\/07\/pre-98-bubba-key-lime-pie-feminized1.jpg","datePublished":"2021-02-08T19:29:41+00:00","dateModified":"2023-11-23T12:31:48+00:00","breadcrumb":{"@id":"https:\/\/superseeds.dk\/vare\/pre-98-bubba-kush-x-key-lime-pie-purple-city-genetics\/#breadcrumb"},"inLanguage":"sv-SE","potentialAction":[{"@type":"ReadAction","target":["https:\/\/superseeds.dk\/vare\/pre-98-bubba-kush-x-key-lime-pie-purple-city-genetics\/"]}]},{"@type":"ImageObject","inLanguage":"sv-SE","@id":"https:\/\/superseeds.dk\/vare\/pre-98-bubba-kush-x-key-lime-pie-purple-city-genetics\/#primaryimage","url":"https:\/\/superseeds.dk\/wp-content\/uploads\/2022\/07\/pre-98-bubba-key-lime-pie-feminized1.jpg","contentUrl":"https:\/\/superseeds.dk\/wp-content\/uploads\/2022\/07\/pre-98-bubba-key-lime-pie-feminized1.jpg","width":630,"height":630,"caption":"Indend\u00f8rs"},{"@type":"BreadcrumbList","@id":"https:\/\/superseeds.dk\/vare\/pre-98-bubba-kush-x-key-lime-pie-purple-city-genetics\/#breadcrumb","itemListElement":[{"@type":"ListItem","position":1,"name":"Hjem","item":"https:\/\/superseeds.dk\/"},{"@type":"ListItem","position":2,"name":"Shop","item":"https:\/\/superseeds.dk\/no\/butikk\/"},{"@type":"ListItem","position":3,"name":"Pre &#8217;98 Bubba Kush X Key Lime Pie (Feminiseret) &#8211; Purple City Genetics"}]},{"@type":"WebSite","@id":"https:\/\/super-seeds.se\/#website","url":"https:\/\/super-seeds.se\/","name":"Superseeds.com","description":"","publisher":{"@id":"https:\/\/super-seeds.se\/#organization"},"potentialAction":[{"@type":"SearchAction","target":{"@type":"EntryPoint","urlTemplate":"https:\/\/super-seeds.se\/?s={search_term_string}"},"query-input":{"@type":"PropertyValueSpecification","valueRequired":true,"valueName":"search_term_string"}}],"inLanguage":"sv-SE"},{"@type":"Organization","@id":"https:\/\/super-seeds.se\/#organization","name":"Superseeds.com","url":"https:\/\/super-seeds.se\/","logo":{"@type":"ImageObject","inLanguage":"sv-SE","@id":"https:\/\/super-seeds.se\/#\/schema\/logo\/image\/","url":"https:\/\/superseeds.dk\/wp-content\/uploads\/2025\/09\/logo-superseeds.png","contentUrl":"https:\/\/superseeds.dk\/wp-content\/uploads\/2025\/09\/logo-superseeds.png","width":180,"height":160,"caption":"Superseeds.dk"},"image":{"@id":"https:\/\/super-seeds.se\/#\/schema\/logo\/image\/"}}]}},"df_price":229,"df_sale_price":"","df_regular_price":229,"df_image_link":"https:\/\/superseeds.dk\/wp-content\/uploads\/2022\/07\/pre-98-bubba-key-lime-pie-feminized1-300x300.jpg","_links":{"self":[{"href":"https:\/\/superseeds.dk\/se\/wp-json\/wp\/v2\/product\/23961","targetHints":{"allow":["GET"]}}],"collection":[{"href":"https:\/\/superseeds.dk\/se\/wp-json\/wp\/v2\/product"}],"about":[{"href":"https:\/\/superseeds.dk\/se\/wp-json\/wp\/v2\/types\/product"}],"wp:featuredmedia":[{"embeddable":true,"href":"https:\/\/superseeds.dk\/se\/wp-json\/wp\/v2\/media\/10530"}],"wp:attachment":[{"href":"https:\/\/superseeds.dk\/se\/wp-json\/wp\/v2\/media?parent=23961"}],"wp:term":[{"taxonomy":"product_brand","embeddable":true,"href":"https:\/\/superseeds.dk\/se\/wp-json\/wp\/v2\/product_brand?post=23961"},{"taxonomy":"product_cat","embeddable":true,"href":"https:\/\/superseeds.dk\/se\/wp-json\/wp\/v2\/product_cat?post=23961"},{"taxonomy":"product_tag","embeddable":true,"href":"https:\/\/superseeds.dk\/se\/wp-json\/wp\/v2\/product_tag?post=23961"}],"curies":[{"name":"wp","href":"https:\/\/api.w.org\/{rel}","templated":true}]}}