{"id":23951,"date":"2021-01-26T20:39:18","date_gmt":"2021-01-26T19:39:18","guid":{"rendered":"https:\/\/superseeds.dk\/vare\/frisian-dew-femi-dutch-passion\/"},"modified":"2023-11-23T13:35:34","modified_gmt":"2023-11-23T12:35:34","slug":"frisian-dew-femi-dutch-passion","status":"publish","type":"product","link":"https:\/\/superseeds.dk\/se\/produkt\/frisian-dew-femi-dutch-passion\/","title":{"rendered":"Frisian Dew (Feminiserad) - Holl\u00e4ndsk passion"},"content":{"rendered":"<h2>Frisian Dew, en pokalvinder, der garanterer den h\u00f8jeste kvalitet<\/h2>\n<p>Frisian Dew vandt f\u00f8rstepladsen i 2008 ved Highlife Cup i Holland. Senest tog frisiske Dew i 2018 tredjepladsen i kategorien &#8216;Dutch Hash&#8217;. Hun har v\u00e6ret en vigtig del af den udend\u00f8rs feminiserede fr\u00f8kollektion i mange \u00e5r og ved stadig, hvordan man nemt kan sl\u00e5 andre nye sorter.<br \/>\nKnopperne af frisisk dug er frugtige og friske<br \/>\nFrisian Dew er en perfekt hybrid cannabis plante med en frisk, frugtagtig, blomstersmag og aroma. Det kan variere fra frugtagtig (skovfrugter) og lidt citron-lignende til mere fyrretr\u00e6-lignende og lavendel. Nogle f\u00e6notyper lugter lidt mere som jord, ammoniak og urter &#8211; en egenskab fra hendes Skunk for\u00e6ldre. Hendes terpen profil er unik og giver en behagelig rygeoplevelse. En smuk udend\u00f8rs feminiseret sort, der ogs\u00e5 smager fantastisk!<br \/>\nKnopperne af frisisk dug er store og farverige<br \/>\nFrisian Dew er kendt for sine store udbytter. Det siger sig selv, at knopperne kan blive meget store og fedt. Det er den perfekte blanding af Indica og Sativa gener, der tager sig af udvikling, der producerer rigelig v\u00e6kst og tunge blomster. De fleste f\u00e6notyper har ogs\u00e5 en meget gunstig blomst til blad forhold.<\/p>\n<h2>Voksende frisisk dug udend\u00f8rs tilbyder det bedste udbytte<\/h2>\n<p>Frisian Dew er den bedste s\u00e6lger fra vores hollandske Udend\u00f8rs cannabis fr\u00f8 udv\u00e6lgelse. Hun blev omhyggeligt krydset og selektivt opdr\u00e6ttet gennem mange generationer i Friesland, en provins i Holland. Disse genetik har mere end bevist sig selv i \u00e5renes l\u00f8b. En klassisk udend\u00f8rs feminiseret fr\u00f8 sort, der vil bestemt ikke skuffe.<br \/>\nFrisian Dew har noget, der hedder &#8216;hybrid kraft&#8217;. Det er resultatet af en krydsning mellem en kvindelig Super Skunk og en mandlig Purple Star. Shiva har skabt en meget st\u00e6rk plante, der vokser hurtigt og blomstrer sprudlende. Hendes Sativa gener giver lange blomster og Indica gener sikre kompakte knopper. Sammen denne kombination giver ekstremt h\u00f8je udbytter.<br \/>\nNavnet Frisisk Dew kommer fra det omr\u00e5de, hvor denne sort blev udviklet. Frisisk er den bogstavelige overs\u00e6ttelse af &#8220;Fries&#8221; p\u00e5 engelsk en af de nordligste regioner i Holland med sit eget sprog og st\u00e6rke kulturarv.<br \/>\nDenne st\u00e6rke hybrid leverer erfarne rygere med en kraftfuld h\u00f8j, som varer ganske lang tid. Mange udend\u00f8rs avlere simpelthen finde det den perfekte h\u00f8je, nice for b\u00e5de dag og nat. R\u00f8g \/ vape en lille smule mere og &#8220;sofa-lock&#8221; overtager fra den f\u00f8rste up-high.<br \/>\nFrisiske dugfr\u00f8 er stabile, st\u00e6rke og nemme at dyrke<br \/>\nFrisian Dew er resultatet af mange \u00e5rs krydsning\/udvikling af b\u00e5de Skunk og Purple genetics. Denne tidskr\u00e6vende proces i sidste ende produceret en meget stabil og st\u00e6rk udend\u00f8rs feminiseret fr\u00f8 sort. Hendes genetik er kendt for h\u00f8je udbytter og h\u00f8j kvalitet. Hun er ogs\u00e5 meget let at dyrke. Hun beh\u00f8ver ikke nogen s\u00e6rlige fodring tidsplaner, og hun kan h\u00e5ndtere n\u00e6sten enhver form for vejrforhold, koldt og v\u00e5dt eller varmt og t\u00f8rt, kan frisiske Dew h\u00e5ndtere det!<br \/>\nDe fleste af planterne vil blive st\u00e6rke og store. Denne stamme er kendt for kraftig v\u00e6kst med store blade og st\u00e6rke robuste st\u00e6ngler, som ikke bryder let. Det er en dame, som du skal t\u00e6mme, hvis du ikke vil have hende til at vokse ind i en stor busk.<\/p>\n<h2>Frisian Dew er en sand klassisk udend\u00f8rs marihuana stamme af legendariske proportioner.<\/h2>\n<p>Hun er ikke egnet til indend\u00f8rs dyrkning, men er perfekt egnet til udend\u00f8rs dyrkning og drivhuse. Under de rette omst\u00e6ndigheder og med den rette pleje planten kan vokse til en af episke proportioner. Planter p\u00e5 3,5 m h\u00f8j med 3,5 m bred er ingen undtagelse. I de fleste tilf\u00e6lde er frisisk dew klar til udend\u00f8rs h\u00f8st i oktober (nordlige halvkugle).<\/p>\n<h2>Virkninger af frisisk dug<\/h2>\n<p>Frisian Dew har en st\u00e6rk hybrid effekt, hvilket giver brugeren en stor h\u00f8j kombineret med en dejlig tung &#8216;body stone&#8217;. R\u00f8g lidt, og du f\u00f8ler en energisk, kreativ h\u00f8j. R\u00f8g lidt mere og lad din krop slappe helt af efter en lang dag. Hvis du er en fan af en \u00f8ge Sativa h\u00f8j, anbefaler vi h\u00f8st hende lidt tidligere, men hvis du er en fan af den narkotiske Indica h\u00f8j, anbefaler vi at forlade hende lidt l\u00e6ngere. Dette giver mere rav trichomes og en st\u00e6rkere kropseffekt.<br \/>\nFrisisk dug blomstringstid<br \/>\nVi anbefaler en v\u00e6kstfase p\u00e5 mindst (f\u00f8r) p\u00e5 ca. 3 -6 uger. Udend\u00f8rs planter kan bedst startes indend\u00f8rs p\u00e5 en 18\/6 lys ordning. Med dette sikrer du en st\u00e6rkere plante, der har en bedre chance for at overleve. At spire en feminiseret cannabisfr\u00f8 udenfor eller s\u00e6tte en ung s\u00e6tteplante af et par dage gammel udenfor bringer alle former for risici. Hvis planterne stadig er sm\u00e5, er de mindre modstandsdygtige over for vejrforholdene. Desuden kan de spises meget hurtigt af en lille skadedyr, insekter eller andre dyr. Jo st\u00f8rre og sundere planten er, n\u00e5r hun er plantet udend\u00f8rs, jo st\u00f8rre er chancen for en vellykket h\u00f8st.<br \/>\nFrisisk Dew blomstrer bedst i et mildt\/tempereret klima, men hun klarer sig ogs\u00e5 godt i et meget varmt eller fugtigt klima. Hun er generelt mere modstandsdygtig over for d\u00e5rligt vejr end de fleste traditionelle cannabis stammer.<br \/>\nBlomstringen tid er omkring 8 uger. Den kan h\u00f8stes p\u00e5 den hollandske breddegrad mellem slutningen af september og slutningen af oktober. I et drivhus, hun ofte blomster lidt hurtigere p\u00e5 grund af bedre forhold.<\/p>\n<p>Mere information om frisisk dug<br \/>\nFrisian Dew er en udend\u00f8rs vinder og den bedste all-rounder fra den hollandske Udend\u00f8rs feminiserede fr\u00f8kollektion. Hun blomstrer i alle klimaer og er meget modstandsdygtig over for alvorlige vejrforhold. Hendes tykke aflange knopper er en rigtig fest for \u00f8jnene! Omkring 50% af planterne har lilla nuancer i toppen. Der er ogs\u00e5 helt gr\u00f8nne f\u00e6notyper. Men p\u00e5 den anden side, nogle planter er helt lilla.<br \/>\nKig efter den lette lilla variant, som har et stort potentiale og smag profil, en af vores egne favoritter! Auto Frisian Dew er ikke l\u00e6ngere tilg\u00e6ngelig. Men fans af frisisk dew genetik kan stadig k\u00f8be fr\u00f8 af feminiserede fotoperiode version. Frisian Dew fr\u00f8 vil blive solgt i mange \u00e5r fremover!<\/p>","protected":false},"excerpt":{"rendered":"<p><strong>Frisiske Dew har\u00a0 vundet 1 <span style=\"font-size: 11.6667px;\">pladsen<\/span>\u00a0i 2008 p\u00e5 Highlife Cup i Holland<\/strong>.\u00a0For nylig, i Homegrown Cup 2018, tog Frisian Dew 3. pladsen i kategorien &#8216;Dutch Hash<\/p>\n<p><strong>En st\u00e6rk robust udend\u00f8rs plante<\/strong>, der er velegnet til alle klimaer. Prisvindende hybrid med smukke lilla farver og stor skimmelbestandighed<\/p>\n<p>&nbsp;<\/p>","protected":false},"featured_media":10512,"template":"","meta":{"_acf_changed":false},"product_brand":[],"product_cat":[889,1739,812,866,817,819,815,835,827],"product_tag":[],"class_list":{"0":"post-23951","1":"product","2":"type-product","3":"status-publish","4":"has-post-thumbnail","6":"product_cat-50-indica-50-sativa-feminiserede","7":"product_cat-alle-froe","8":"product_cat-blomstring-periode","9":"product_cat-dutch-passion","10":"product_cat-feminiserede","11":"product_cat-indendoers","12":"product_cat-producenter-a-z","13":"product_cat-udendoers-feminiserede","14":"product_cat-under-60-dage","15":"pa_antal-3-stk","16":"pa_antal-5-stk","17":"pa_blomst-type-feminiserede","18":"pa_blomstringstid-under-60-dage","19":"pa_indica-sativa-indica-dominant","20":"pa_thc-10-20","22":"first","23":"instock","24":"taxable","25":"shipping-taxable","26":"purchasable","27":"product-type-variable","28":"wvs-archive-product-wrapper"},"acf":[],"yoast_head":"<!-- This site is optimized with the Yoast SEO plugin v26.9 - https:\/\/yoast.com\/product\/yoast-seo-wordpress\/ -->\n<title>Frisian Dew (Feminiseret) - Dutch Passion - Superseeds.dk<\/title>\n<meta name=\"robots\" content=\"index, follow, max-snippet:-1, max-image-preview:large, max-video-preview:-1\" \/>\n<link rel=\"canonical\" href=\"https:\/\/superseeds.dk\/se\/produkt\/frisian-dew-femi-dutch-passion\/\" \/>\n<meta property=\"og:locale\" content=\"sv_SE\" \/>\n<meta property=\"og:type\" content=\"article\" \/>\n<meta property=\"og:title\" content=\"Frisian Dew (Feminiseret) - Dutch Passion - Superseeds.dk\" \/>\n<meta property=\"og:description\" content=\"Frisiske Dew har\u00a0 vundet 1 pladsen\u00a0i 2008 p\u00e5 Highlife Cup i Holland.\u00a0For nylig, i Homegrown Cup 2018, tog Frisian Dew 3. pladsen i kategorien &#039;Dutch Hash  En st\u00e6rk robust udend\u00f8rs plante, der er velegnet til alle klimaer. Prisvindende hybrid med smukke lilla farver og stor skimmelbestandighed  &nbsp;\" \/>\n<meta property=\"og:url\" content=\"https:\/\/superseeds.dk\/se\/produkt\/frisian-dew-femi-dutch-passion\/\" \/>\n<meta property=\"og:site_name\" content=\"Superseeds.dk\" \/>\n<meta property=\"article:modified_time\" content=\"2023-11-23T12:35:34+00:00\" \/>\n<meta property=\"og:image\" content=\"https:\/\/superseeds.dk\/wp-content\/uploads\/2022\/07\/frisian-dew-1.jpg\" \/>\n\t<meta property=\"og:image:width\" content=\"430\" \/>\n\t<meta property=\"og:image:height\" content=\"430\" \/>\n\t<meta property=\"og:image:type\" content=\"image\/jpeg\" \/>\n<meta name=\"twitter:card\" content=\"summary_large_image\" \/>\n<meta name=\"twitter:label1\" content=\"Ber\u00e4knad l\u00e4stid\" \/>\n\t<meta name=\"twitter:data1\" content=\"6 minuter\" \/>\n<script type=\"application\/ld+json\" class=\"yoast-schema-graph\">{\"@context\":\"https:\/\/schema.org\",\"@graph\":[{\"@type\":\"WebPage\",\"@id\":\"https:\/\/superseeds.dk\/vare\/frisian-dew-femi-dutch-passion\/\",\"url\":\"https:\/\/superseeds.dk\/vare\/frisian-dew-femi-dutch-passion\/\",\"name\":\"Frisian Dew (Feminiseret) - Dutch Passion - Superseeds.dk\",\"isPartOf\":{\"@id\":\"https:\/\/super-seeds.se\/#website\"},\"primaryImageOfPage\":{\"@id\":\"https:\/\/superseeds.dk\/vare\/frisian-dew-femi-dutch-passion\/#primaryimage\"},\"image\":{\"@id\":\"https:\/\/superseeds.dk\/vare\/frisian-dew-femi-dutch-passion\/#primaryimage\"},\"thumbnailUrl\":\"https:\/\/superseeds.dk\/wp-content\/uploads\/2022\/07\/frisian-dew-1.jpg\",\"datePublished\":\"2021-01-26T19:39:18+00:00\",\"dateModified\":\"2023-11-23T12:35:34+00:00\",\"breadcrumb\":{\"@id\":\"https:\/\/superseeds.dk\/vare\/frisian-dew-femi-dutch-passion\/#breadcrumb\"},\"inLanguage\":\"sv-SE\",\"potentialAction\":[{\"@type\":\"ReadAction\",\"target\":[\"https:\/\/superseeds.dk\/vare\/frisian-dew-femi-dutch-passion\/\"]}]},{\"@type\":\"ImageObject\",\"inLanguage\":\"sv-SE\",\"@id\":\"https:\/\/superseeds.dk\/vare\/frisian-dew-femi-dutch-passion\/#primaryimage\",\"url\":\"https:\/\/superseeds.dk\/wp-content\/uploads\/2022\/07\/frisian-dew-1.jpg\",\"contentUrl\":\"https:\/\/superseeds.dk\/wp-content\/uploads\/2022\/07\/frisian-dew-1.jpg\",\"width\":430,\"height\":430},{\"@type\":\"BreadcrumbList\",\"@id\":\"https:\/\/superseeds.dk\/vare\/frisian-dew-femi-dutch-passion\/#breadcrumb\",\"itemListElement\":[{\"@type\":\"ListItem\",\"position\":1,\"name\":\"Hjem\",\"item\":\"https:\/\/superseeds.dk\/\"},{\"@type\":\"ListItem\",\"position\":2,\"name\":\"Shop\",\"item\":\"https:\/\/superseeds.dk\/no\/butikk\/\"},{\"@type\":\"ListItem\",\"position\":3,\"name\":\"Frisian Dew (Feminiseret) &#8211; Dutch Passion\"}]},{\"@type\":\"WebSite\",\"@id\":\"https:\/\/super-seeds.se\/#website\",\"url\":\"https:\/\/super-seeds.se\/\",\"name\":\"Superseeds.dk\",\"description\":\"\",\"publisher\":{\"@id\":\"https:\/\/super-seeds.se\/#organization\"},\"potentialAction\":[{\"@type\":\"SearchAction\",\"target\":{\"@type\":\"EntryPoint\",\"urlTemplate\":\"https:\/\/super-seeds.se\/?s={search_term_string}\"},\"query-input\":{\"@type\":\"PropertyValueSpecification\",\"valueRequired\":true,\"valueName\":\"search_term_string\"}}],\"inLanguage\":\"sv-SE\"},{\"@type\":\"Organization\",\"@id\":\"https:\/\/super-seeds.se\/#organization\",\"name\":\"Superseeds.dk\",\"url\":\"https:\/\/super-seeds.se\/\",\"logo\":{\"@type\":\"ImageObject\",\"inLanguage\":\"sv-SE\",\"@id\":\"https:\/\/super-seeds.se\/#\/schema\/logo\/image\/\",\"url\":\"https:\/\/superseeds.dk\/wp-content\/uploads\/2025\/09\/logo-superseeds.png\",\"contentUrl\":\"https:\/\/superseeds.dk\/wp-content\/uploads\/2025\/09\/logo-superseeds.png\",\"width\":180,\"height\":160,\"caption\":\"Superseeds.dk\"},\"image\":{\"@id\":\"https:\/\/super-seeds.se\/#\/schema\/logo\/image\/\"}}]}<\/script>\n<!-- \/ Yoast SEO plugin. -->","yoast_head_json":{"title":"Frisian Dew (Feminiseret) - Dutch Passion - Superseeds.dk","robots":{"index":"index","follow":"follow","max-snippet":"max-snippet:-1","max-image-preview":"max-image-preview:large","max-video-preview":"max-video-preview:-1"},"canonical":"https:\/\/superseeds.dk\/se\/produkt\/frisian-dew-femi-dutch-passion\/","og_locale":"sv_SE","og_type":"article","og_title":"Frisian Dew (Feminiseret) - Dutch Passion - Superseeds.dk","og_description":"Frisiske Dew har\u00a0 vundet 1 pladsen\u00a0i 2008 p\u00e5 Highlife Cup i Holland.\u00a0For nylig, i Homegrown Cup 2018, tog Frisian Dew 3. pladsen i kategorien 'Dutch Hash  En st\u00e6rk robust udend\u00f8rs plante, der er velegnet til alle klimaer. Prisvindende hybrid med smukke lilla farver og stor skimmelbestandighed  &nbsp;","og_url":"https:\/\/superseeds.dk\/se\/produkt\/frisian-dew-femi-dutch-passion\/","og_site_name":"Superseeds.dk","article_modified_time":"2023-11-23T12:35:34+00:00","og_image":[{"width":430,"height":430,"url":"https:\/\/superseeds.dk\/wp-content\/uploads\/2022\/07\/frisian-dew-1.jpg","type":"image\/jpeg"}],"twitter_card":"summary_large_image","twitter_misc":{"Ber\u00e4knad l\u00e4stid":"6 minuter"},"schema":{"@context":"https:\/\/schema.org","@graph":[{"@type":"WebPage","@id":"https:\/\/superseeds.dk\/vare\/frisian-dew-femi-dutch-passion\/","url":"https:\/\/superseeds.dk\/vare\/frisian-dew-femi-dutch-passion\/","name":"Frisian Dew (Feminiseret) - Dutch Passion - Superseeds.dk","isPartOf":{"@id":"https:\/\/super-seeds.se\/#website"},"primaryImageOfPage":{"@id":"https:\/\/superseeds.dk\/vare\/frisian-dew-femi-dutch-passion\/#primaryimage"},"image":{"@id":"https:\/\/superseeds.dk\/vare\/frisian-dew-femi-dutch-passion\/#primaryimage"},"thumbnailUrl":"https:\/\/superseeds.dk\/wp-content\/uploads\/2022\/07\/frisian-dew-1.jpg","datePublished":"2021-01-26T19:39:18+00:00","dateModified":"2023-11-23T12:35:34+00:00","breadcrumb":{"@id":"https:\/\/superseeds.dk\/vare\/frisian-dew-femi-dutch-passion\/#breadcrumb"},"inLanguage":"sv-SE","potentialAction":[{"@type":"ReadAction","target":["https:\/\/superseeds.dk\/vare\/frisian-dew-femi-dutch-passion\/"]}]},{"@type":"ImageObject","inLanguage":"sv-SE","@id":"https:\/\/superseeds.dk\/vare\/frisian-dew-femi-dutch-passion\/#primaryimage","url":"https:\/\/superseeds.dk\/wp-content\/uploads\/2022\/07\/frisian-dew-1.jpg","contentUrl":"https:\/\/superseeds.dk\/wp-content\/uploads\/2022\/07\/frisian-dew-1.jpg","width":430,"height":430},{"@type":"BreadcrumbList","@id":"https:\/\/superseeds.dk\/vare\/frisian-dew-femi-dutch-passion\/#breadcrumb","itemListElement":[{"@type":"ListItem","position":1,"name":"Hjem","item":"https:\/\/superseeds.dk\/"},{"@type":"ListItem","position":2,"name":"Shop","item":"https:\/\/superseeds.dk\/no\/butikk\/"},{"@type":"ListItem","position":3,"name":"Frisian Dew (Feminiseret) &#8211; Dutch Passion"}]},{"@type":"WebSite","@id":"https:\/\/super-seeds.se\/#website","url":"https:\/\/super-seeds.se\/","name":"Superseeds.com","description":"","publisher":{"@id":"https:\/\/super-seeds.se\/#organization"},"potentialAction":[{"@type":"SearchAction","target":{"@type":"EntryPoint","urlTemplate":"https:\/\/super-seeds.se\/?s={search_term_string}"},"query-input":{"@type":"PropertyValueSpecification","valueRequired":true,"valueName":"search_term_string"}}],"inLanguage":"sv-SE"},{"@type":"Organization","@id":"https:\/\/super-seeds.se\/#organization","name":"Superseeds.com","url":"https:\/\/super-seeds.se\/","logo":{"@type":"ImageObject","inLanguage":"sv-SE","@id":"https:\/\/super-seeds.se\/#\/schema\/logo\/image\/","url":"https:\/\/superseeds.dk\/wp-content\/uploads\/2025\/09\/logo-superseeds.png","contentUrl":"https:\/\/superseeds.dk\/wp-content\/uploads\/2025\/09\/logo-superseeds.png","width":180,"height":160,"caption":"Superseeds.dk"},"image":{"@id":"https:\/\/super-seeds.se\/#\/schema\/logo\/image\/"}}]}},"df_price":169,"df_sale_price":"","df_regular_price":169,"df_image_link":"https:\/\/superseeds.dk\/wp-content\/uploads\/2022\/07\/frisian-dew-1-300x300.jpg","_links":{"self":[{"href":"https:\/\/superseeds.dk\/se\/wp-json\/wp\/v2\/product\/23951","targetHints":{"allow":["GET"]}}],"collection":[{"href":"https:\/\/superseeds.dk\/se\/wp-json\/wp\/v2\/product"}],"about":[{"href":"https:\/\/superseeds.dk\/se\/wp-json\/wp\/v2\/types\/product"}],"wp:featuredmedia":[{"embeddable":true,"href":"https:\/\/superseeds.dk\/se\/wp-json\/wp\/v2\/media\/10512"}],"wp:attachment":[{"href":"https:\/\/superseeds.dk\/se\/wp-json\/wp\/v2\/media?parent=23951"}],"wp:term":[{"taxonomy":"product_brand","embeddable":true,"href":"https:\/\/superseeds.dk\/se\/wp-json\/wp\/v2\/product_brand?post=23951"},{"taxonomy":"product_cat","embeddable":true,"href":"https:\/\/superseeds.dk\/se\/wp-json\/wp\/v2\/product_cat?post=23951"},{"taxonomy":"product_tag","embeddable":true,"href":"https:\/\/superseeds.dk\/se\/wp-json\/wp\/v2\/product_tag?post=23951"}],"curies":[{"name":"wp","href":"https:\/\/api.w.org\/{rel}","templated":true}]}}