{"id":23937,"date":"2020-12-08T12:48:43","date_gmt":"2020-12-08T11:48:43","guid":{"rendered":"https:\/\/superseeds.dk\/vare\/dutch-passion-strawberry-cough-femi\/"},"modified":"2023-11-23T13:36:07","modified_gmt":"2023-11-23T12:36:07","slug":"dutch-passion-strawberry-cough-femi","status":"publish","type":"product","link":"https:\/\/superseeds.dk\/se\/produkt\/dutch-passion-strawberry-cough-femi\/","title":{"rendered":"Strawberry Cough (Feminised) - Dutch Passion"},"content":{"rendered":"<h2>Hvordan er Strawberry cough?<\/h2>\n<p>Jordb\u00e6r hoste knopper er smukke og meget velsmagende<br \/>\nJordb\u00e6r hostegenetik har en n\u00e6sten mytisk oprindelse og en unik, meget efterspurgt effekt. Den legendariske genetik er dels nordamerikansk og dels europ\u00e6isk. Hun er en hybrid cannabisstamme, der l\u00e6ner sig mere til Sativa-siden. Planterne er smukke at se p\u00e5, nogle specielle f\u00e6notyper viser lilla nuancer i knopperne, og disse er vores favoritter. \u00c5rtier efter introduktionen forbliver Strawberry Cough feminiserede fr\u00f8 en fast favorit hos kendere og producenter. Den friske lugt og s\u00f8de smag af jordb\u00e6r efterlader helt sikkert et smil p\u00e5 dit ansigt.<\/p>\n<p>Jordb\u00e6r hoste er fuld af terpener<br \/>\nStrawberry Hoste har blomster, der er d\u00e6kket af trichomes med lejlighedsvis r\u00f8dlige pistiller og farverige lilla \/ lyser\u00f8de nuancer i blomsten og bladene. Aromaen er umiskendeligt den fra havenfriske jordb\u00e6r. Den tiltalende duft kan ogs\u00e5 have en \u00e6gte sliks\u00f8dme. Nogle f\u00e6notyper kan udtrykke mere af en pebret, krydret profil med en mildere jordb\u00e6rduft. Disse er ogs\u00e5 en rigtig gl\u00e6de at ryge \/ vape.<\/p>\n<p>Den oprindelige smag er af modne jordb\u00e6r. Ved ud\u00e5nding har smagen mere af en s\u00f8dere smag med kun et strejf af krydderi. Jordb\u00e6r duftende r\u00f8g fra denne sort kan v\u00e6re tyk og rig, hvilket f\u00e5r dig til at hoste, deraf navnet. Strawberry Host udviser et s\u00e6rligt rigt og smagfuldt udvalg af terpener, som enhver cannabisfund simpelthen vil elske. En velh\u00e6rdet krukke med kraftige, harpiksbl\u00f8dgjorte jordb\u00e6r hosteknopper er vanskelig at sl\u00e5! F\u00e5 hybridstammer kan matche kombinationen af \u200b\u200bsmuk aroma og fantastisk visuelt udseende med s\u00e5 kraftige og langvarige lykksalige effekter.<\/p>\n<p>Dutch Passion Strawberry Hoste: En Sativa, der er let at dyrke med en meget h\u00f8j<br \/>\nJordb\u00e6r hoste er en relativt let stamme at dyrke, is\u00e6r sammenlignet med andre Sativa dominerende sorter. Det er ikke s\u00e5 h\u00f8jt \/ elastisk som nogle Sativas som Silver Haze, Amnesia Haze eller Desfr\u00e1n. Men den THC-rige jordb\u00e6r hostegenetik giver dig den samme yderst tilfredsstillende r\u00f8g \/ dampkvalitet som den fra rene Sativas.<\/p>\n<p>Den h\u00f8je er meget cerebral. Det er st\u00e6rkt psykoaktivt, klart, socialt og euforisk. B\u00e5de medicinske og fritidsbrugere kommenterer, at Strawberry Hoste er en unik kreativ stamme. Dette skarpe fokus er ideelt til at arbejde p\u00e5 opgaver, der involverer en vis grad af kreativitet eller probleml\u00f8sning.<\/p>\n<p>Sativa-elskere ved, at deres lange blomstrende planter undertiden kan kr\u00e6ve lidt mere opm\u00e6rksomhed end hurtig efterbehandling af Indica&#8217;s. Ud over den l\u00e6ngere v\u00e6kstcyklus kan nogle Sativa&#8217;er v\u00e6re mere f\u00f8lsomme over for n\u00e6ringsstoffer, hvilket g\u00f8r dem m\u00e5ske lidt sv\u00e6rere for begyndere. Imidlertid ved erfarne sativa-avlere, at genetikken er den ekstra indsats og blomstringstid v\u00e6rd. Det er fordi en velvoksen Sativa kan give dig en skyh\u00f8j psykedelisk h\u00f8j som ingen anden. I tilf\u00e6lde af Strawberry Hoste kan du forvente en kraftig, men alligevel lykkelig forn\u00f8jelse fra dokumenteret genetik, der er blevet elsket i \u00e5rtier. Disse er feminiserede cannabisfr\u00f8 af topkvalitet med et fuldt fortjent ry.<\/p>\n<p>Dutch Passion Strawberry Hoste har lige den rigtige m\u00e6ngde Indica-indhold for at g\u00f8re hende mindre kr\u00e6sen med n\u00e6ringsstoffer og ogs\u00e5 for at hj\u00e6lpe med at kontrollere str\u00e6kningen. Dette g\u00f8r hende mere h\u00e5ndterbar i v\u00e6kstlokalet og lettere for indend\u00f8rs avlere. Planterne har tendens til at v\u00e6re lidt kortere og buskede end de fleste Sativaer. Hun vokser til en medium h\u00f8jde, men bevarer stadig de vigtigste egenskaber for avlere, der foretr\u00e6kker Sativa.<\/p>\n<h2>Dyrkning af sin Plante?<\/h2>\n<p>Strawberry Hoste info: En popul\u00e6r Sativa for begyndere<br \/>\nStrawberry Coughs fortsatte popularitet er blevet drevet af erfaringer fra producenter og rygere over hele verden. Denne kraftfulde hybridstamme har en s\u00e6rlig loyal fanbase af gentagne avlere, der simpelthen elsker den specielle high. Mange avlere er tiltrukket af det legendariske navn og kultens omd\u00f8mme Strawberry Cough. Det hollandske Passion-team mener, at smagen og den fremragende h\u00f8je er de vigtigste grunde til, at stammen har f\u00e5et en s\u00e5dan global popularitet. Der er dog en anden grund til, at Strawberry Cough fortjener sin plads som en af \u200b\u200bde mest ikoniske sativa-stammer nogensinde, og det er let at vokse.<\/p>\n<p>De fleste af dem, der dyrker Indicas eller Indica-dominerende hybrider, g\u00f8r det af gode grunde. De bedste er nemme at dyrke, og de kan v\u00e6re ret ubehagelige, selv n\u00e5r de dyrkes lidt uden for deres normale forhold eller n\u00e6ringsstofomr\u00e5de. Indikaer eller Indica-dominerende hybrider vokser godt under en lang r\u00e6kke v\u00e6kstbetingelser og kan endda t\u00e5le ustabile forhold. Jordb\u00e6r hoste kan v\u00e6re en sativa dominerende hybrid, men hun har en bem\u00e6rkelsesv\u00e6rdig robusthed svarende til indica dominerende hybrider. Strawberry Hoste vokser relativt hurtigt som en hybrid, dog uden meget stretch. Bladene viser ogs\u00e5 nogle hybride tr\u00e6k. Imidlertid bliver blomsterne tyndere og l\u00e6ngere i blomstringen og viser flere af Sativa-egenskaberne.<\/p>\n<p>Knopperne viser en blanding af Sativa- og Indica-gener. Knopperne er kegleformede, blomsterne er lange og kompakte, hvilket g\u00f8r hende let at trimme. Selvom den h\u00f8je er meget Sativa-lignende, er knopperne mindre fluffy og tilb\u00f8jelige til at tage r\u00e6v, end man kunne forvente. Der er bestemt nogle f\u00e6notyper, der er tilb\u00f8jelige til at tage r\u00e6v, men selv disse knopper kan v\u00e6re ret t\u00e6tte og kompakte.<\/p>\n<p>Den genetik, der bruges til at skabe jordb\u00e6rhoste, sikrer f\u00f8lgende tr\u00e6k:<\/p>\n<p>En hybrid blad- og plantestruktur, der l\u00e6ner sig lidt mere til Sativa-siden<\/p>\n<p>En solid og robust plante, der kan dyrkes i b\u00e5de SOG- og SCROG-ops\u00e6tninger<\/p>\n<p>Kegleformede Sativa-stil knopper, der er t\u00e6tte og kompakte<\/p>\n<p>Fantastisk trichome-produktion fyldt med terpener og THC<br \/>\nStrawberry Hoste er en tilgivende plante, som kan dyrkes af begyndere, der \u00f8nsker at dyrke deres f\u00f8rste Sativa dominerende sort. Hun er ogs\u00e5 et glimrende valg for kendere, der s\u00f8ger den legendariske Strawberry Host-oplevelse!<\/p>\n<h2>Virkning af din Strawberry cough?<\/h2>\n<p>Jordb\u00e6r hoste effekter<br \/>\nStrawberry Hoste er kendt for sine gavnlige virkninger, som \u00f8ger energi og kreativitet, mens de lindrer stress og angst. Den angstd\u00e6mpende effekt er en af \u200b\u200bhoved\u00e5rsagerne til, at hun er s\u00e5 meget v\u00e6rdsat af det medicinske cannabissamfund. Det kan ogs\u00e5 give brugeren en dyb fornemmelse af eufori og fokus, hvilket g\u00f8r dette til en god belastning for at arbejde p\u00e5 daglige opgaver eller til at fuldf\u00f8re kreative og kunstneriske job. Strawberry Hoste giver brugeren en h\u00f8j, som varer i flere timer. Perfekt til en boost i dagtimerne eller en social aften med venner og familie.<\/p>\n<p>Jordb\u00e6r Hostestamme blomstringstid<br \/>\nVi vil anbefale en vegetativ periode p\u00e5 omkring 5-6 uger. Selvom hun er en Sativa-dominerende hybrid, str\u00e6kker hun sig ikke s\u00e5 meget som rene Sativa-sorter. Hun vokser til planter af medium h\u00f8jde.<\/p>\n<p>Jordb\u00e6r hoste er ikke egnet til udend\u00f8rs dyrkning i koldere klimaer. Udend\u00f8rs kan det tage ca. 9-11 uger at h\u00f8ste, hvilket g\u00f8r hende modtagelig for skimmel og svampe i lange perioder med d\u00e5rligt vejr. Dyrkning i et middelhavsklima b\u00f8r v\u00e6re muligt, men for de bedste resultater anbefaler vi at dyrke hende indend\u00f8rs.<\/p>\n<p>Blomstringstiden er ca. 9-10 uger. I kombination med den anbefalede vegperiode tager hun cirka 14-16 uger fra fr\u00f8 til h\u00f8st.<\/p>\n<p>Udbyttet af jordb\u00e6rhoste<br \/>\nJordb\u00e6r hoste giver mellemstore til store udbytter; ca. 400 gram pr. m2 i gennemsnit. Mere er muligt, n\u00e5r du optimerer v\u00e6kstbetingelserne.<\/p>\n<p>Vores ekspertr\u00e5dgivning<br \/>\nStrawberry Hoste er stadig en af \u200b\u200bde bedste Sativa-cannabisfr\u00f8varianter, der findes i dag. Hun rammer alle de rigtige toner til en ukompliceret v\u00e6kst. Dette g\u00f8r hende perfekt til begyndere. At dyrke hende i en SOG- eller SCROG-ops\u00e6tning vil helt sikkert give det bedste udbytte. Hendes st\u00e6ngler kan b\u00f8jes og superbesk\u00e6res for at \u00f8ge udbyttet endnu mere. Hvis du vil holde en j\u00e6vn baldakin, anbefaler vi st\u00e6rkt supercroping-teknikker. Hun er ogs\u00e5 en god plante til at dyrke den naturlige m\u00e5de, hendes stilke er st\u00e6rke nok til at forhindre hende i at falde sammen under v\u00e6gten af \u200b\u200bsine egne blomster.<\/p>","protected":false},"excerpt":{"rendered":"<p><strong>Strawberry Cough<\/strong> er d\u00e6kket af trichomes med lejlighedsvis r\u00f8dlige pistiller og farverige lilla \/ lyser\u00f8de nuancer<\/p>\n<div class=\"col-sm-6\"><\/div>\n<div class=\"col-sm-6\">\n<div class=\"product-featureitem\">\n<p><strong><span lang=\"en-us\">Fantastisk smag af friske jordb\u00e6r\u00a0 <\/span><\/strong><span lang=\"en-us\">let at dyrke <\/span><span lang=\"en-us\">En unik, l\u00e6kker euforisk sativa h\u00f8j, som er klar, social og energisk<\/span><\/p>\n<\/div>\n<\/div>","protected":false},"featured_media":10486,"template":"","meta":{"_acf_changed":false},"product_brand":[],"product_cat":[813,814,1739,812,866,817,819,815,820,835],"product_tag":[],"class_list":{"0":"post-23937","1":"product","2":"type-product","3":"status-publish","4":"has-post-thumbnail","6":"product_cat-60-65-dage","7":"product_cat-65-70-dage","8":"product_cat-alle-froe","9":"product_cat-blomstring-periode","10":"product_cat-dutch-passion","11":"product_cat-feminiserede","12":"product_cat-indendoers","13":"product_cat-producenter-a-z","14":"product_cat-sativa-dominant","15":"product_cat-udendoers-feminiserede","16":"pa_antal-3-stk","17":"pa_antal-5-stk","18":"pa_blomst-type-feminiserede","19":"pa_blomstringstid-60-65-dage","20":"pa_blomstringstid-65-70-dage","21":"pa_indica-sativa-sativa-dominant","22":"pa_thc-10-20","23":"pa_udbytte-medium","25":"first","26":"instock","27":"taxable","28":"shipping-taxable","29":"purchasable","30":"product-type-variable","31":"wvs-archive-product-wrapper"},"acf":[],"yoast_head":"<!-- This site is optimized with the Yoast SEO plugin v26.9 - https:\/\/yoast.com\/product\/yoast-seo-wordpress\/ -->\n<title>Strawberry Cough (Feminiseret) - Dutch Passion - Superseeds.dk<\/title>\n<meta name=\"robots\" content=\"index, follow, max-snippet:-1, max-image-preview:large, max-video-preview:-1\" \/>\n<link rel=\"canonical\" href=\"https:\/\/superseeds.dk\/se\/produkt\/dutch-passion-strawberry-cough-femi\/\" \/>\n<meta property=\"og:locale\" content=\"sv_SE\" \/>\n<meta property=\"og:type\" content=\"article\" \/>\n<meta property=\"og:title\" content=\"Strawberry Cough (Feminiseret) - Dutch Passion - Superseeds.dk\" \/>\n<meta property=\"og:description\" content=\"Strawberry Cough er d\u00e6kket af trichomes med lejlighedsvis r\u00f8dlige pistiller og farverige lilla \/ lyser\u00f8de nuancer     Fantastisk smag af friske jordb\u00e6r\u00a0 let at dyrke En unik, l\u00e6kker euforisk sativa h\u00f8j, som er klar, social og energisk\" \/>\n<meta property=\"og:url\" content=\"https:\/\/superseeds.dk\/se\/produkt\/dutch-passion-strawberry-cough-femi\/\" \/>\n<meta property=\"og:site_name\" content=\"Superseeds.dk\" \/>\n<meta property=\"article:modified_time\" content=\"2023-11-23T12:36:07+00:00\" \/>\n<meta property=\"og:image\" content=\"https:\/\/www.dev.superseeds.dk\/wp-content\/uploads\/2022\/07\/strawberry-cough.jpg\" \/>\n\t<meta property=\"og:image:width\" content=\"430\" \/>\n\t<meta property=\"og:image:height\" content=\"430\" \/>\n\t<meta property=\"og:image:type\" content=\"image\/jpeg\" \/>\n<meta name=\"twitter:card\" content=\"summary_large_image\" \/>\n<meta name=\"twitter:label1\" content=\"Ber\u00e4knad l\u00e4stid\" \/>\n\t<meta name=\"twitter:data1\" content=\"7 minuter\" \/>\n<script type=\"application\/ld+json\" class=\"yoast-schema-graph\">{\"@context\":\"https:\/\/schema.org\",\"@graph\":[{\"@type\":\"WebPage\",\"@id\":\"https:\/\/superseeds.dk\/vare\/dutch-passion-strawberry-cough-femi\/\",\"url\":\"https:\/\/superseeds.dk\/vare\/dutch-passion-strawberry-cough-femi\/\",\"name\":\"Strawberry Cough (Feminiseret) - Dutch Passion - Superseeds.dk\",\"isPartOf\":{\"@id\":\"https:\/\/super-seeds.se\/#website\"},\"primaryImageOfPage\":{\"@id\":\"https:\/\/superseeds.dk\/vare\/dutch-passion-strawberry-cough-femi\/#primaryimage\"},\"image\":{\"@id\":\"https:\/\/superseeds.dk\/vare\/dutch-passion-strawberry-cough-femi\/#primaryimage\"},\"thumbnailUrl\":\"https:\/\/superseeds.dk\/wp-content\/uploads\/2022\/07\/strawberry-cough.jpg\",\"datePublished\":\"2020-12-08T11:48:43+00:00\",\"dateModified\":\"2023-11-23T12:36:07+00:00\",\"breadcrumb\":{\"@id\":\"https:\/\/superseeds.dk\/vare\/dutch-passion-strawberry-cough-femi\/#breadcrumb\"},\"inLanguage\":\"sv-SE\",\"potentialAction\":[{\"@type\":\"ReadAction\",\"target\":[\"https:\/\/superseeds.dk\/vare\/dutch-passion-strawberry-cough-femi\/\"]}]},{\"@type\":\"ImageObject\",\"inLanguage\":\"sv-SE\",\"@id\":\"https:\/\/superseeds.dk\/vare\/dutch-passion-strawberry-cough-femi\/#primaryimage\",\"url\":\"https:\/\/superseeds.dk\/wp-content\/uploads\/2022\/07\/strawberry-cough.jpg\",\"contentUrl\":\"https:\/\/superseeds.dk\/wp-content\/uploads\/2022\/07\/strawberry-cough.jpg\",\"width\":430,\"height\":430},{\"@type\":\"BreadcrumbList\",\"@id\":\"https:\/\/superseeds.dk\/vare\/dutch-passion-strawberry-cough-femi\/#breadcrumb\",\"itemListElement\":[{\"@type\":\"ListItem\",\"position\":1,\"name\":\"Hjem\",\"item\":\"https:\/\/superseeds.dk\/\"},{\"@type\":\"ListItem\",\"position\":2,\"name\":\"Shop\",\"item\":\"https:\/\/superseeds.dk\/no\/butikk\/\"},{\"@type\":\"ListItem\",\"position\":3,\"name\":\"Strawberry Cough (Feminiseret) &#8211; Dutch Passion\"}]},{\"@type\":\"WebSite\",\"@id\":\"https:\/\/super-seeds.se\/#website\",\"url\":\"https:\/\/super-seeds.se\/\",\"name\":\"Superseeds.dk\",\"description\":\"\",\"publisher\":{\"@id\":\"https:\/\/super-seeds.se\/#organization\"},\"potentialAction\":[{\"@type\":\"SearchAction\",\"target\":{\"@type\":\"EntryPoint\",\"urlTemplate\":\"https:\/\/super-seeds.se\/?s={search_term_string}\"},\"query-input\":{\"@type\":\"PropertyValueSpecification\",\"valueRequired\":true,\"valueName\":\"search_term_string\"}}],\"inLanguage\":\"sv-SE\"},{\"@type\":\"Organization\",\"@id\":\"https:\/\/super-seeds.se\/#organization\",\"name\":\"Superseeds.dk\",\"url\":\"https:\/\/super-seeds.se\/\",\"logo\":{\"@type\":\"ImageObject\",\"inLanguage\":\"sv-SE\",\"@id\":\"https:\/\/super-seeds.se\/#\/schema\/logo\/image\/\",\"url\":\"https:\/\/superseeds.dk\/wp-content\/uploads\/2025\/09\/logo-superseeds.png\",\"contentUrl\":\"https:\/\/superseeds.dk\/wp-content\/uploads\/2025\/09\/logo-superseeds.png\",\"width\":180,\"height\":160,\"caption\":\"Superseeds.dk\"},\"image\":{\"@id\":\"https:\/\/super-seeds.se\/#\/schema\/logo\/image\/\"}}]}<\/script>\n<!-- \/ Yoast SEO plugin. -->","yoast_head_json":{"title":"Strawberry Cough (Feminiseret) - Dutch Passion - Superseeds.dk","robots":{"index":"index","follow":"follow","max-snippet":"max-snippet:-1","max-image-preview":"max-image-preview:large","max-video-preview":"max-video-preview:-1"},"canonical":"https:\/\/superseeds.dk\/se\/produkt\/dutch-passion-strawberry-cough-femi\/","og_locale":"sv_SE","og_type":"article","og_title":"Strawberry Cough (Feminiseret) - Dutch Passion - Superseeds.dk","og_description":"Strawberry Cough er d\u00e6kket af trichomes med lejlighedsvis r\u00f8dlige pistiller og farverige lilla \/ lyser\u00f8de nuancer     Fantastisk smag af friske jordb\u00e6r\u00a0 let at dyrke En unik, l\u00e6kker euforisk sativa h\u00f8j, som er klar, social og energisk","og_url":"https:\/\/superseeds.dk\/se\/produkt\/dutch-passion-strawberry-cough-femi\/","og_site_name":"Superseeds.dk","article_modified_time":"2023-11-23T12:36:07+00:00","og_image":[{"width":430,"height":430,"url":"https:\/\/www.dev.superseeds.dk\/wp-content\/uploads\/2022\/07\/strawberry-cough.jpg","type":"image\/jpeg"}],"twitter_card":"summary_large_image","twitter_misc":{"Ber\u00e4knad l\u00e4stid":"7 minuter"},"schema":{"@context":"https:\/\/schema.org","@graph":[{"@type":"WebPage","@id":"https:\/\/superseeds.dk\/vare\/dutch-passion-strawberry-cough-femi\/","url":"https:\/\/superseeds.dk\/vare\/dutch-passion-strawberry-cough-femi\/","name":"Strawberry Cough (Feminiseret) - Dutch Passion - Superseeds.dk","isPartOf":{"@id":"https:\/\/super-seeds.se\/#website"},"primaryImageOfPage":{"@id":"https:\/\/superseeds.dk\/vare\/dutch-passion-strawberry-cough-femi\/#primaryimage"},"image":{"@id":"https:\/\/superseeds.dk\/vare\/dutch-passion-strawberry-cough-femi\/#primaryimage"},"thumbnailUrl":"https:\/\/superseeds.dk\/wp-content\/uploads\/2022\/07\/strawberry-cough.jpg","datePublished":"2020-12-08T11:48:43+00:00","dateModified":"2023-11-23T12:36:07+00:00","breadcrumb":{"@id":"https:\/\/superseeds.dk\/vare\/dutch-passion-strawberry-cough-femi\/#breadcrumb"},"inLanguage":"sv-SE","potentialAction":[{"@type":"ReadAction","target":["https:\/\/superseeds.dk\/vare\/dutch-passion-strawberry-cough-femi\/"]}]},{"@type":"ImageObject","inLanguage":"sv-SE","@id":"https:\/\/superseeds.dk\/vare\/dutch-passion-strawberry-cough-femi\/#primaryimage","url":"https:\/\/superseeds.dk\/wp-content\/uploads\/2022\/07\/strawberry-cough.jpg","contentUrl":"https:\/\/superseeds.dk\/wp-content\/uploads\/2022\/07\/strawberry-cough.jpg","width":430,"height":430},{"@type":"BreadcrumbList","@id":"https:\/\/superseeds.dk\/vare\/dutch-passion-strawberry-cough-femi\/#breadcrumb","itemListElement":[{"@type":"ListItem","position":1,"name":"Hjem","item":"https:\/\/superseeds.dk\/"},{"@type":"ListItem","position":2,"name":"Shop","item":"https:\/\/superseeds.dk\/no\/butikk\/"},{"@type":"ListItem","position":3,"name":"Strawberry Cough (Feminiseret) &#8211; Dutch Passion"}]},{"@type":"WebSite","@id":"https:\/\/super-seeds.se\/#website","url":"https:\/\/super-seeds.se\/","name":"Superseeds.com","description":"","publisher":{"@id":"https:\/\/super-seeds.se\/#organization"},"potentialAction":[{"@type":"SearchAction","target":{"@type":"EntryPoint","urlTemplate":"https:\/\/super-seeds.se\/?s={search_term_string}"},"query-input":{"@type":"PropertyValueSpecification","valueRequired":true,"valueName":"search_term_string"}}],"inLanguage":"sv-SE"},{"@type":"Organization","@id":"https:\/\/super-seeds.se\/#organization","name":"Superseeds.com","url":"https:\/\/super-seeds.se\/","logo":{"@type":"ImageObject","inLanguage":"sv-SE","@id":"https:\/\/super-seeds.se\/#\/schema\/logo\/image\/","url":"https:\/\/superseeds.dk\/wp-content\/uploads\/2025\/09\/logo-superseeds.png","contentUrl":"https:\/\/superseeds.dk\/wp-content\/uploads\/2025\/09\/logo-superseeds.png","width":180,"height":160,"caption":"Superseeds.dk"},"image":{"@id":"https:\/\/super-seeds.se\/#\/schema\/logo\/image\/"}}]}},"df_price":189,"df_sale_price":"","df_regular_price":189,"df_image_link":"https:\/\/superseeds.dk\/wp-content\/uploads\/2022\/07\/strawberry-cough-300x300.jpg","_links":{"self":[{"href":"https:\/\/superseeds.dk\/se\/wp-json\/wp\/v2\/product\/23937","targetHints":{"allow":["GET"]}}],"collection":[{"href":"https:\/\/superseeds.dk\/se\/wp-json\/wp\/v2\/product"}],"about":[{"href":"https:\/\/superseeds.dk\/se\/wp-json\/wp\/v2\/types\/product"}],"wp:featuredmedia":[{"embeddable":true,"href":"https:\/\/superseeds.dk\/se\/wp-json\/wp\/v2\/media\/10486"}],"wp:attachment":[{"href":"https:\/\/superseeds.dk\/se\/wp-json\/wp\/v2\/media?parent=23937"}],"wp:term":[{"taxonomy":"product_brand","embeddable":true,"href":"https:\/\/superseeds.dk\/se\/wp-json\/wp\/v2\/product_brand?post=23937"},{"taxonomy":"product_cat","embeddable":true,"href":"https:\/\/superseeds.dk\/se\/wp-json\/wp\/v2\/product_cat?post=23937"},{"taxonomy":"product_tag","embeddable":true,"href":"https:\/\/superseeds.dk\/se\/wp-json\/wp\/v2\/product_tag?post=23937"}],"curies":[{"name":"wp","href":"https:\/\/api.w.org\/{rel}","templated":true}]}}