{"id":23811,"date":"2021-02-11T13:08:55","date_gmt":"2021-02-11T12:08:55","guid":{"rendered":"https:\/\/superseeds.dk\/vare\/critical-kush-auto-barneys-farm\/"},"modified":"2023-11-23T13:31:28","modified_gmt":"2023-11-23T12:31:28","slug":"critical-kush-auto-barneys-farm","status":"publish","type":"product","link":"https:\/\/superseeds.dk\/se\/produkt\/critical-kush-auto-barneys-farm\/","title":{"rendered":"Critical Kush Auto &#8211; Barney&#8217;s Farm"},"content":{"rendered":"<p>F\u00e5 HURTIGT KUSH-KVALITET MED CRITICAL KUSH AUTO &#8211; KLAR P\u00e5 BARE 9 UGER<\/p>\n<p>En af BARNEYS FARM\u00ae mest popul\u00e6re stammer er nu tilg\u00e6ngelig i autoflower, s\u00e5 hils p\u00e5 CRITICAL KUSH AUTO \u2122. Denne stamme blev skabt ved at krydse CRITICAL KUSH \u2122 med vores mest avancerede autoflower avlsplante og kan blive din p\u00e5 bare 8-9 uger. Blomstringen begynder i den femte uge, hvor den endelige plante n\u00e5r op til 75 cm. Hovedstammen dyrker flere sidegrener, der er fyldt med velsmagende og kompakte tunge buds. Og glem ikke den l\u00e6kre jordagtige fyrretr\u00e6 og Kush-smag. Dette er et fantastisk valg for indica-elskere.<\/p>\n<p>Type Feminiseret Lysperiode Autoblomstring Dyrkning INDEND\u00d8RS\/UDEND\u00d8RS Genetik Critical Kush x BF Super Auto #1 Effekt Afslappet, beroligende, s\u00f8vnig, cerebral Indend\u00f8rs udbytte (g) 550 gr\/m\u00b2 Autoflower H\u00f8st tid fra fr\u00f8 (dage) 70 &#8211; 80 H\u00f8jde (cm) 70\/80cm H\u00f8jde indend\u00f8rs (cm) 70\/80cm H\u00f8jde udend\u00f8rs (cm) 70-100cm H\u00f8jde Kort Indica % 90% Sativa % 10% Indica\/Sativa Mest Indica Medicinsk Nej Smag Pine Wood, Kush Aroma Behagelig, jordagtig, frugtagtig<\/p>","protected":false},"excerpt":{"rendered":"<p>F\u00e5 HURTIGT KUSH-KVALITET MED CRITICAL KUSH AUTO &#8211; KLAR P\u00e5 BARE 9 UGER<\/p>\n<p>&nbsp;<\/p>\n<p>En af BARNEYS FARM\u00ae mest popul\u00e6re stammer er nu tilg\u00e6ngelig i autoflower, s\u00e5 hils p\u00e5 CRITICAL KUSH AUTO \u2122. Denne stamme blev skabt ved at krydse CRITICAL KUSH \u2122 med vores mest avancerede autoflower avlsplante og kan blive din p\u00e5 bare 8-9 uger. Blomstringen begynder i den femte uge, hvor den endelige plante n\u00e5r op til 75 cm. Hovedstammen dyrker flere sidegrener, der er fyldt med velsmagende og kompakte tunge buds. Og glem ikke den l\u00e6kre jordagtige fyrretr\u00e6 og Kush-smag. Dette er et fantastisk valg for indica-elskere.<\/p>\n<p>&nbsp;<\/p>","protected":false},"featured_media":10258,"template":"","meta":{"_acf_changed":false},"product_brand":[],"product_cat":[1739,839,816,812,840,841,830,815,842],"product_tag":[],"class_list":{"0":"post-23811","1":"product","2":"type-product","3":"status-publish","4":"has-post-thumbnail","6":"product_cat-alle-froe","7":"product_cat-autoblomstrende","8":"product_cat-barneys-farm","9":"product_cat-blomstring-periode","10":"product_cat-indendoers-autoblomstrende","11":"product_cat-indica-dominant-autoblomstrende","12":"product_cat-over-70-dage","13":"product_cat-producenter-a-z","14":"product_cat-udendoers-autoblomstrende","15":"pa_antal-1-stk","16":"pa_antal-3-stk","17":"pa_antal-5-stk","18":"pa_antal-10-stk","19":"pa_blomst-type-autoblomstrende","20":"pa_blomstringstid-over-70-dage","21":"pa_indica-sativa-indica-dominant","22":"pa_thc-10-20","23":"pa_udbytte-medium","24":"pa_udbytte-stort","26":"first","27":"instock","28":"taxable","29":"shipping-taxable","30":"purchasable","31":"product-type-variable","32":"wvs-archive-product-wrapper"},"acf":[],"yoast_head":"<!-- This site is optimized with the Yoast SEO plugin v26.9 - https:\/\/yoast.com\/product\/yoast-seo-wordpress\/ -->\n<title>Critical Kush Auto - Barney&#039;s Farm - Superseeds.dk<\/title>\n<meta name=\"robots\" content=\"index, follow, max-snippet:-1, max-image-preview:large, max-video-preview:-1\" \/>\n<link rel=\"canonical\" href=\"https:\/\/superseeds.dk\/se\/produkt\/critical-kush-auto-barneys-farm\/\" \/>\n<meta property=\"og:locale\" content=\"sv_SE\" \/>\n<meta property=\"og:type\" content=\"article\" \/>\n<meta property=\"og:title\" content=\"Critical Kush Auto - Barney&#039;s Farm - Superseeds.dk\" \/>\n<meta property=\"og:description\" content=\"F\u00e5 HURTIGT KUSH-KVALITET MED CRITICAL KUSH AUTO - KLAR P\u00e5 BARE 9 UGER  &nbsp;  En af BARNEYS FARM\u00ae mest popul\u00e6re stammer er nu tilg\u00e6ngelig i autoflower, s\u00e5 hils p\u00e5 CRITICAL KUSH AUTO \u2122. Denne stamme blev skabt ved at krydse CRITICAL KUSH \u2122 med vores mest avancerede autoflower avlsplante og kan blive din p\u00e5 bare 8-9 uger. Blomstringen begynder i den femte uge, hvor den endelige plante n\u00e5r op til 75 cm. Hovedstammen dyrker flere sidegrener, der er fyldt med velsmagende og kompakte tunge buds. Og glem ikke den l\u00e6kre jordagtige fyrretr\u00e6 og Kush-smag. Dette er et fantastisk valg for indica-elskere.  &nbsp;\" \/>\n<meta property=\"og:url\" content=\"https:\/\/superseeds.dk\/se\/produkt\/critical-kush-auto-barneys-farm\/\" \/>\n<meta property=\"og:site_name\" content=\"Superseeds.dk\" \/>\n<meta property=\"article:modified_time\" content=\"2023-11-23T12:31:28+00:00\" \/>\n<meta property=\"og:image\" content=\"https:\/\/superseeds.dk\/wp-content\/uploads\/2022\/07\/critical-kush-auto_circle_new_12_869633.jpg\" \/>\n\t<meta property=\"og:image:width\" content=\"475\" \/>\n\t<meta property=\"og:image:height\" content=\"570\" \/>\n\t<meta property=\"og:image:type\" content=\"image\/jpeg\" \/>\n<meta name=\"twitter:card\" content=\"summary_large_image\" \/>\n<meta name=\"twitter:label1\" content=\"Ber\u00e4knad l\u00e4stid\" \/>\n\t<meta name=\"twitter:data1\" content=\"1 minut\" \/>\n<script type=\"application\/ld+json\" class=\"yoast-schema-graph\">{\"@context\":\"https:\/\/schema.org\",\"@graph\":[{\"@type\":\"WebPage\",\"@id\":\"https:\/\/superseeds.dk\/vare\/critical-kush-auto-barneys-farm\/\",\"url\":\"https:\/\/superseeds.dk\/vare\/critical-kush-auto-barneys-farm\/\",\"name\":\"Critical Kush Auto - Barney's Farm - Superseeds.dk\",\"isPartOf\":{\"@id\":\"https:\/\/super-seeds.se\/#website\"},\"primaryImageOfPage\":{\"@id\":\"https:\/\/superseeds.dk\/vare\/critical-kush-auto-barneys-farm\/#primaryimage\"},\"image\":{\"@id\":\"https:\/\/superseeds.dk\/vare\/critical-kush-auto-barneys-farm\/#primaryimage\"},\"thumbnailUrl\":\"https:\/\/superseeds.dk\/wp-content\/uploads\/2022\/07\/critical-kush-auto_circle_new_12_869633.jpg\",\"datePublished\":\"2021-02-11T12:08:55+00:00\",\"dateModified\":\"2023-11-23T12:31:28+00:00\",\"breadcrumb\":{\"@id\":\"https:\/\/superseeds.dk\/vare\/critical-kush-auto-barneys-farm\/#breadcrumb\"},\"inLanguage\":\"sv-SE\",\"potentialAction\":[{\"@type\":\"ReadAction\",\"target\":[\"https:\/\/superseeds.dk\/vare\/critical-kush-auto-barneys-farm\/\"]}]},{\"@type\":\"ImageObject\",\"inLanguage\":\"sv-SE\",\"@id\":\"https:\/\/superseeds.dk\/vare\/critical-kush-auto-barneys-farm\/#primaryimage\",\"url\":\"https:\/\/superseeds.dk\/wp-content\/uploads\/2022\/07\/critical-kush-auto_circle_new_12_869633.jpg\",\"contentUrl\":\"https:\/\/superseeds.dk\/wp-content\/uploads\/2022\/07\/critical-kush-auto_circle_new_12_869633.jpg\",\"width\":475,\"height\":570},{\"@type\":\"BreadcrumbList\",\"@id\":\"https:\/\/superseeds.dk\/vare\/critical-kush-auto-barneys-farm\/#breadcrumb\",\"itemListElement\":[{\"@type\":\"ListItem\",\"position\":1,\"name\":\"Hjem\",\"item\":\"https:\/\/superseeds.dk\/\"},{\"@type\":\"ListItem\",\"position\":2,\"name\":\"Shop\",\"item\":\"https:\/\/superseeds.dk\/no\/butikk\/\"},{\"@type\":\"ListItem\",\"position\":3,\"name\":\"Critical Kush Auto &#8211; Barney&#8217;s Farm\"}]},{\"@type\":\"WebSite\",\"@id\":\"https:\/\/super-seeds.se\/#website\",\"url\":\"https:\/\/super-seeds.se\/\",\"name\":\"Superseeds.dk\",\"description\":\"\",\"publisher\":{\"@id\":\"https:\/\/super-seeds.se\/#organization\"},\"potentialAction\":[{\"@type\":\"SearchAction\",\"target\":{\"@type\":\"EntryPoint\",\"urlTemplate\":\"https:\/\/super-seeds.se\/?s={search_term_string}\"},\"query-input\":{\"@type\":\"PropertyValueSpecification\",\"valueRequired\":true,\"valueName\":\"search_term_string\"}}],\"inLanguage\":\"sv-SE\"},{\"@type\":\"Organization\",\"@id\":\"https:\/\/super-seeds.se\/#organization\",\"name\":\"Superseeds.dk\",\"url\":\"https:\/\/super-seeds.se\/\",\"logo\":{\"@type\":\"ImageObject\",\"inLanguage\":\"sv-SE\",\"@id\":\"https:\/\/super-seeds.se\/#\/schema\/logo\/image\/\",\"url\":\"https:\/\/superseeds.dk\/wp-content\/uploads\/2025\/09\/logo-superseeds.png\",\"contentUrl\":\"https:\/\/superseeds.dk\/wp-content\/uploads\/2025\/09\/logo-superseeds.png\",\"width\":180,\"height\":160,\"caption\":\"Superseeds.dk\"},\"image\":{\"@id\":\"https:\/\/super-seeds.se\/#\/schema\/logo\/image\/\"}}]}<\/script>\n<!-- \/ Yoast SEO plugin. -->","yoast_head_json":{"title":"Critical Kush Auto - Barney's Farm - Superseeds.dk","robots":{"index":"index","follow":"follow","max-snippet":"max-snippet:-1","max-image-preview":"max-image-preview:large","max-video-preview":"max-video-preview:-1"},"canonical":"https:\/\/superseeds.dk\/se\/produkt\/critical-kush-auto-barneys-farm\/","og_locale":"sv_SE","og_type":"article","og_title":"Critical Kush Auto - Barney's Farm - Superseeds.dk","og_description":"F\u00e5 HURTIGT KUSH-KVALITET MED CRITICAL KUSH AUTO - KLAR P\u00e5 BARE 9 UGER  &nbsp;  En af BARNEYS FARM\u00ae mest popul\u00e6re stammer er nu tilg\u00e6ngelig i autoflower, s\u00e5 hils p\u00e5 CRITICAL KUSH AUTO \u2122. Denne stamme blev skabt ved at krydse CRITICAL KUSH \u2122 med vores mest avancerede autoflower avlsplante og kan blive din p\u00e5 bare 8-9 uger. Blomstringen begynder i den femte uge, hvor den endelige plante n\u00e5r op til 75 cm. Hovedstammen dyrker flere sidegrener, der er fyldt med velsmagende og kompakte tunge buds. Og glem ikke den l\u00e6kre jordagtige fyrretr\u00e6 og Kush-smag. Dette er et fantastisk valg for indica-elskere.  &nbsp;","og_url":"https:\/\/superseeds.dk\/se\/produkt\/critical-kush-auto-barneys-farm\/","og_site_name":"Superseeds.dk","article_modified_time":"2023-11-23T12:31:28+00:00","og_image":[{"width":475,"height":570,"url":"https:\/\/superseeds.dk\/wp-content\/uploads\/2022\/07\/critical-kush-auto_circle_new_12_869633.jpg","type":"image\/jpeg"}],"twitter_card":"summary_large_image","twitter_misc":{"Ber\u00e4knad l\u00e4stid":"1 minut"},"schema":{"@context":"https:\/\/schema.org","@graph":[{"@type":"WebPage","@id":"https:\/\/superseeds.dk\/vare\/critical-kush-auto-barneys-farm\/","url":"https:\/\/superseeds.dk\/vare\/critical-kush-auto-barneys-farm\/","name":"Critical Kush Auto - Barney's Farm - Superseeds.dk","isPartOf":{"@id":"https:\/\/super-seeds.se\/#website"},"primaryImageOfPage":{"@id":"https:\/\/superseeds.dk\/vare\/critical-kush-auto-barneys-farm\/#primaryimage"},"image":{"@id":"https:\/\/superseeds.dk\/vare\/critical-kush-auto-barneys-farm\/#primaryimage"},"thumbnailUrl":"https:\/\/superseeds.dk\/wp-content\/uploads\/2022\/07\/critical-kush-auto_circle_new_12_869633.jpg","datePublished":"2021-02-11T12:08:55+00:00","dateModified":"2023-11-23T12:31:28+00:00","breadcrumb":{"@id":"https:\/\/superseeds.dk\/vare\/critical-kush-auto-barneys-farm\/#breadcrumb"},"inLanguage":"sv-SE","potentialAction":[{"@type":"ReadAction","target":["https:\/\/superseeds.dk\/vare\/critical-kush-auto-barneys-farm\/"]}]},{"@type":"ImageObject","inLanguage":"sv-SE","@id":"https:\/\/superseeds.dk\/vare\/critical-kush-auto-barneys-farm\/#primaryimage","url":"https:\/\/superseeds.dk\/wp-content\/uploads\/2022\/07\/critical-kush-auto_circle_new_12_869633.jpg","contentUrl":"https:\/\/superseeds.dk\/wp-content\/uploads\/2022\/07\/critical-kush-auto_circle_new_12_869633.jpg","width":475,"height":570},{"@type":"BreadcrumbList","@id":"https:\/\/superseeds.dk\/vare\/critical-kush-auto-barneys-farm\/#breadcrumb","itemListElement":[{"@type":"ListItem","position":1,"name":"Hjem","item":"https:\/\/superseeds.dk\/"},{"@type":"ListItem","position":2,"name":"Shop","item":"https:\/\/superseeds.dk\/no\/butikk\/"},{"@type":"ListItem","position":3,"name":"Critical Kush Auto &#8211; Barney&#8217;s Farm"}]},{"@type":"WebSite","@id":"https:\/\/super-seeds.se\/#website","url":"https:\/\/super-seeds.se\/","name":"Superseeds.com","description":"","publisher":{"@id":"https:\/\/super-seeds.se\/#organization"},"potentialAction":[{"@type":"SearchAction","target":{"@type":"EntryPoint","urlTemplate":"https:\/\/super-seeds.se\/?s={search_term_string}"},"query-input":{"@type":"PropertyValueSpecification","valueRequired":true,"valueName":"search_term_string"}}],"inLanguage":"sv-SE"},{"@type":"Organization","@id":"https:\/\/super-seeds.se\/#organization","name":"Superseeds.com","url":"https:\/\/super-seeds.se\/","logo":{"@type":"ImageObject","inLanguage":"sv-SE","@id":"https:\/\/super-seeds.se\/#\/schema\/logo\/image\/","url":"https:\/\/superseeds.dk\/wp-content\/uploads\/2025\/09\/logo-superseeds.png","contentUrl":"https:\/\/superseeds.dk\/wp-content\/uploads\/2025\/09\/logo-superseeds.png","width":180,"height":160,"caption":"Superseeds.dk"},"image":{"@id":"https:\/\/super-seeds.se\/#\/schema\/logo\/image\/"}}]}},"df_price":69,"df_sale_price":"","df_regular_price":69,"df_image_link":"https:\/\/superseeds.dk\/wp-content\/uploads\/2022\/07\/critical-kush-auto_circle_new_12_869633-250x300.jpg","_links":{"self":[{"href":"https:\/\/superseeds.dk\/se\/wp-json\/wp\/v2\/product\/23811","targetHints":{"allow":["GET"]}}],"collection":[{"href":"https:\/\/superseeds.dk\/se\/wp-json\/wp\/v2\/product"}],"about":[{"href":"https:\/\/superseeds.dk\/se\/wp-json\/wp\/v2\/types\/product"}],"wp:featuredmedia":[{"embeddable":true,"href":"https:\/\/superseeds.dk\/se\/wp-json\/wp\/v2\/media\/10258"}],"wp:attachment":[{"href":"https:\/\/superseeds.dk\/se\/wp-json\/wp\/v2\/media?parent=23811"}],"wp:term":[{"taxonomy":"product_brand","embeddable":true,"href":"https:\/\/superseeds.dk\/se\/wp-json\/wp\/v2\/product_brand?post=23811"},{"taxonomy":"product_cat","embeddable":true,"href":"https:\/\/superseeds.dk\/se\/wp-json\/wp\/v2\/product_cat?post=23811"},{"taxonomy":"product_tag","embeddable":true,"href":"https:\/\/superseeds.dk\/se\/wp-json\/wp\/v2\/product_tag?post=23811"}],"curies":[{"name":"wp","href":"https:\/\/api.w.org\/{rel}","templated":true}]}}