{"id":23748,"date":"2021-02-18T12:58:20","date_gmt":"2021-02-18T11:58:20","guid":{"rendered":"https:\/\/superseeds.dk\/vare\/zkittlez-og-auto-barneys-farm\/"},"modified":"2023-11-23T13:31:05","modified_gmt":"2023-11-23T12:31:05","slug":"zkittlez-og-auto-barneys-farm","status":"publish","type":"product","link":"https:\/\/superseeds.dk\/se\/produkt\/zkittlez-og-auto-barneys-farm\/","title":{"rendered":"Zkittlez OG Auto - Barney's Farm"},"content":{"rendered":"<p>NYD KRAFTEN FRA VESTKYSTGENETIK MED VORES ZKITTLEZ OG CROSS<\/p>\n<p>Frugtagtige smag kombineret med vores v\u00e6rdsatte OG er blevet omhyggeligt arbejdet sammen til noget, vi aldrig troede var muligt i en autoflower. ZKITTLEZ OG AUTO \u2122 er en smuk kombination af smuk genetik for at levere en kosmisk beroligende oplevelse. Utrolige aromaer bugner, og inden du ved det, holder du hendes sj\u00e6ldne frugter i dine h\u00e6nder. Efter kun 70 dages v\u00e6ksttid vil du blive glad for udf\u00f8relsen af denne autoflowering mester. At oze med THC hendes saftige sukkerbelagte knopper er en gl\u00e6de at se og vil neutralisere dine smerter v\u00e6k, f\u00f8r du slipper dig ind i en anden, mere dr\u00f8mmende dimension. S\u00f8rg for, at du ikke g\u00e5r glip af denne ekstravaganza af amerikansk genetik i autoflower-form. N\u00e5r du dyrker ZKITTLEZ OG AUTO \u2122 indend\u00f8rs, kan du forvente storsl\u00e5ede udbytter p\u00e5 op til 600 g pr. M2, hvilket er en pr\u00e6station for en bil. Udend\u00f8rs udbytter p\u00e5 op til 400 g pr. Plante er rapporteret.<\/p>\n<p>Type Feminiseret Lysperiode Autoblomstring Dyrkning INDEND\u00d8RS\/UDEND\u00d8RS Genetik Zkittlez x OG Kush x BF Super Auto #1 Effekt Rolig, fokuseret, opl\u00f8ftet, opm\u00e6rksom, glad, afslappet Udend\u00f8rs udbytte (g) 400g per plant Indend\u00f8rs udbytte (g) 600 gr\/m\u00b2 Autoflower H\u00f8st tid fra fr\u00f8 (dage) 70 &#8211; 77 H\u00f8jde (cm) 100-130cm H\u00f8jde indend\u00f8rs (cm) 100cm H\u00f8jde udend\u00f8rs (cm) 130cm H\u00f8jde Medium Indica % 50% Sativa % 50% Indica\/Sativa Indica\/Sativa Medicinsk niveau Medium Medicinsk Ja Smag S\u00f8d sur slik, tropisk frugt, b\u00e6r, drue Aroma S\u00f8d, tropisk jord, frugtagtig, b\u00e6r, skunky citron Modstand mod skimmel\/mug (5 = bedst) 5 Modstand mod botrytis (5 = bedst) 5 Modstand mod kulde (5 = Bedst) 4 Modstand mod Meldug (5 = Bedst) 5 Modstand mod Spindemider (5 = Bedst) 5 V\u00e6kstvanskelighed (5 = h\u00e5rd) 1<\/p>","protected":false},"excerpt":{"rendered":"<p>NYD KRAFTEN FRA VESTKYSTGENETIK MED VORES ZKITTLEZ OG CROSS<\/p>\n<p>Frugtagtige smag kombineret med vores v\u00e6rdsatte OG er blevet omhyggeligt arbejdet sammen til noget, vi aldrig troede var muligt i en autoflower. ZKITTLEZ OG AUTO \u2122 er en smuk kombination af smuk genetik for at levere en kosmisk beroligende oplevelse. Utrolige aromaer bugner, og inden du ved det, holder du hendes sj\u00e6ldne frugter i dine h\u00e6nder. Efter kun 70 dages v\u00e6ksttid vil du blive glad for udf\u00f8relsen af denne autoflowering mester. At oze med THC hendes saftige sukkerbelagte knopper er en gl\u00e6de at se og vil neutralisere dine smerter v\u00e6k, f\u00f8r du slipper dig ind i en anden, mere dr\u00f8mmende dimension. S\u00f8rg for, at du ikke g\u00e5r glip af denne ekstravaganza af amerikansk genetik i autoflower-form. N\u00e5r du dyrker ZKITTLEZ OG AUTO \u2122 indend\u00f8rs, kan du forvente storsl\u00e5ede udbytter p\u00e5 op til 600 g pr. M2, hvilket er en pr\u00e6station for en bil. Udend\u00f8rs udbytter p\u00e5 op til 400 g pr. Plante er rapporteret.<\/p>","protected":false},"featured_media":10137,"template":"","meta":{"_acf_changed":false},"product_brand":[],"product_cat":[845,1739,839,816,812,840,830,815,842],"product_tag":[],"class_list":{"0":"post-23748","1":"product","2":"type-product","3":"status-publish","4":"has-post-thumbnail","6":"product_cat-50-indica-50-sativa","7":"product_cat-alle-froe","8":"product_cat-autoblomstrende","9":"product_cat-barneys-farm","10":"product_cat-blomstring-periode","11":"product_cat-indendoers-autoblomstrende","12":"product_cat-over-70-dage","13":"product_cat-producenter-a-z","14":"product_cat-udendoers-autoblomstrende","15":"pa_antal-1-stk","16":"pa_antal-3-stk","17":"pa_antal-5-stk","18":"pa_antal-10-stk","19":"pa_blomst-type-autoblomstrende","20":"pa_blomstringstid-over-70-dage","21":"pa_indica-sativa-hybrid-50","22":"pa_thc-20-25","23":"pa_udbytte-stort","25":"first","26":"instock","27":"taxable","28":"shipping-taxable","29":"purchasable","30":"product-type-variable","31":"wvs-archive-product-wrapper"},"acf":[],"yoast_head":"<!-- This site is optimized with the Yoast SEO plugin v26.9 - https:\/\/yoast.com\/product\/yoast-seo-wordpress\/ -->\n<title>Zkittlez OG Auto - Barney&#039;s Farm - Superseeds.dk<\/title>\n<meta name=\"robots\" content=\"index, follow, max-snippet:-1, max-image-preview:large, max-video-preview:-1\" \/>\n<link rel=\"canonical\" href=\"https:\/\/superseeds.dk\/se\/produkt\/zkittlez-og-auto-barneys-farm\/\" \/>\n<meta property=\"og:locale\" content=\"sv_SE\" \/>\n<meta property=\"og:type\" content=\"article\" \/>\n<meta property=\"og:title\" content=\"Zkittlez OG Auto - Barney&#039;s Farm - Superseeds.dk\" \/>\n<meta property=\"og:description\" content=\"NYD KRAFTEN FRA VESTKYSTGENETIK MED VORES ZKITTLEZ OG CROSS  Frugtagtige smag kombineret med vores v\u00e6rdsatte OG er blevet omhyggeligt arbejdet sammen til noget, vi aldrig troede var muligt i en autoflower. ZKITTLEZ OG AUTO \u2122 er en smuk kombination af smuk genetik for at levere en kosmisk beroligende oplevelse. Utrolige aromaer bugner, og inden du ved det, holder du hendes sj\u00e6ldne frugter i dine h\u00e6nder. Efter kun 70 dages v\u00e6ksttid vil du blive glad for udf\u00f8relsen af denne autoflowering mester. At oze med THC hendes saftige sukkerbelagte knopper er en gl\u00e6de at se og vil neutralisere dine smerter v\u00e6k, f\u00f8r du slipper dig ind i en anden, mere dr\u00f8mmende dimension. S\u00f8rg for, at du ikke g\u00e5r glip af denne ekstravaganza af amerikansk genetik i autoflower-form. N\u00e5r du dyrker ZKITTLEZ OG AUTO \u2122 indend\u00f8rs, kan du forvente storsl\u00e5ede udbytter p\u00e5 op til 600 g pr. M2, hvilket er en pr\u00e6station for en bil. Udend\u00f8rs udbytter p\u00e5 op til 400 g pr. Plante er rapporteret.\" \/>\n<meta property=\"og:url\" content=\"https:\/\/superseeds.dk\/se\/produkt\/zkittlez-og-auto-barneys-farm\/\" \/>\n<meta property=\"og:site_name\" content=\"Superseeds.dk\" \/>\n<meta property=\"article:modified_time\" content=\"2023-11-23T12:31:05+00:00\" \/>\n<meta property=\"og:image\" content=\"https:\/\/dev.dev.superseeds.dk\/wp-content\/uploads\/2022\/07\/zkittlez-og-auto_circle_new_12_864407.jpg\" \/>\n\t<meta property=\"og:image:width\" content=\"475\" \/>\n\t<meta property=\"og:image:height\" content=\"570\" \/>\n\t<meta property=\"og:image:type\" content=\"image\/jpeg\" \/>\n<meta name=\"twitter:card\" content=\"summary_large_image\" \/>\n<meta name=\"twitter:label1\" content=\"Ber\u00e4knad l\u00e4stid\" \/>\n\t<meta name=\"twitter:data1\" content=\"2 minuter\" \/>\n<script type=\"application\/ld+json\" class=\"yoast-schema-graph\">{\"@context\":\"https:\/\/schema.org\",\"@graph\":[{\"@type\":\"WebPage\",\"@id\":\"https:\/\/superseeds.dk\/vare\/zkittlez-og-auto-barneys-farm\/\",\"url\":\"https:\/\/superseeds.dk\/vare\/zkittlez-og-auto-barneys-farm\/\",\"name\":\"Zkittlez OG Auto - Barney's Farm - Superseeds.dk\",\"isPartOf\":{\"@id\":\"https:\/\/super-seeds.se\/#website\"},\"primaryImageOfPage\":{\"@id\":\"https:\/\/superseeds.dk\/vare\/zkittlez-og-auto-barneys-farm\/#primaryimage\"},\"image\":{\"@id\":\"https:\/\/superseeds.dk\/vare\/zkittlez-og-auto-barneys-farm\/#primaryimage\"},\"thumbnailUrl\":\"https:\/\/superseeds.dk\/wp-content\/uploads\/2022\/07\/zkittlez-og-auto_circle_new_12_864407.jpg\",\"datePublished\":\"2021-02-18T11:58:20+00:00\",\"dateModified\":\"2023-11-23T12:31:05+00:00\",\"breadcrumb\":{\"@id\":\"https:\/\/superseeds.dk\/vare\/zkittlez-og-auto-barneys-farm\/#breadcrumb\"},\"inLanguage\":\"sv-SE\",\"potentialAction\":[{\"@type\":\"ReadAction\",\"target\":[\"https:\/\/superseeds.dk\/vare\/zkittlez-og-auto-barneys-farm\/\"]}]},{\"@type\":\"ImageObject\",\"inLanguage\":\"sv-SE\",\"@id\":\"https:\/\/superseeds.dk\/vare\/zkittlez-og-auto-barneys-farm\/#primaryimage\",\"url\":\"https:\/\/superseeds.dk\/wp-content\/uploads\/2022\/07\/zkittlez-og-auto_circle_new_12_864407.jpg\",\"contentUrl\":\"https:\/\/superseeds.dk\/wp-content\/uploads\/2022\/07\/zkittlez-og-auto_circle_new_12_864407.jpg\",\"width\":475,\"height\":570},{\"@type\":\"BreadcrumbList\",\"@id\":\"https:\/\/superseeds.dk\/vare\/zkittlez-og-auto-barneys-farm\/#breadcrumb\",\"itemListElement\":[{\"@type\":\"ListItem\",\"position\":1,\"name\":\"Hjem\",\"item\":\"https:\/\/superseeds.dk\/\"},{\"@type\":\"ListItem\",\"position\":2,\"name\":\"Shop\",\"item\":\"https:\/\/superseeds.dk\/no\/butikk\/\"},{\"@type\":\"ListItem\",\"position\":3,\"name\":\"Zkittlez OG Auto &#8211; Barney&#8217;s Farm\"}]},{\"@type\":\"WebSite\",\"@id\":\"https:\/\/super-seeds.se\/#website\",\"url\":\"https:\/\/super-seeds.se\/\",\"name\":\"Superseeds.dk\",\"description\":\"\",\"publisher\":{\"@id\":\"https:\/\/super-seeds.se\/#organization\"},\"potentialAction\":[{\"@type\":\"SearchAction\",\"target\":{\"@type\":\"EntryPoint\",\"urlTemplate\":\"https:\/\/super-seeds.se\/?s={search_term_string}\"},\"query-input\":{\"@type\":\"PropertyValueSpecification\",\"valueRequired\":true,\"valueName\":\"search_term_string\"}}],\"inLanguage\":\"sv-SE\"},{\"@type\":\"Organization\",\"@id\":\"https:\/\/super-seeds.se\/#organization\",\"name\":\"Superseeds.dk\",\"url\":\"https:\/\/super-seeds.se\/\",\"logo\":{\"@type\":\"ImageObject\",\"inLanguage\":\"sv-SE\",\"@id\":\"https:\/\/super-seeds.se\/#\/schema\/logo\/image\/\",\"url\":\"https:\/\/superseeds.dk\/wp-content\/uploads\/2025\/09\/logo-superseeds.png\",\"contentUrl\":\"https:\/\/superseeds.dk\/wp-content\/uploads\/2025\/09\/logo-superseeds.png\",\"width\":180,\"height\":160,\"caption\":\"Superseeds.dk\"},\"image\":{\"@id\":\"https:\/\/super-seeds.se\/#\/schema\/logo\/image\/\"}}]}<\/script>\n<!-- \/ Yoast SEO plugin. -->","yoast_head_json":{"title":"Zkittlez OG Auto - Barney's Farm - Superseeds.dk","robots":{"index":"index","follow":"follow","max-snippet":"max-snippet:-1","max-image-preview":"max-image-preview:large","max-video-preview":"max-video-preview:-1"},"canonical":"https:\/\/superseeds.dk\/se\/produkt\/zkittlez-og-auto-barneys-farm\/","og_locale":"sv_SE","og_type":"article","og_title":"Zkittlez OG Auto - Barney's Farm - Superseeds.dk","og_description":"NYD KRAFTEN FRA VESTKYSTGENETIK MED VORES ZKITTLEZ OG CROSS  Frugtagtige smag kombineret med vores v\u00e6rdsatte OG er blevet omhyggeligt arbejdet sammen til noget, vi aldrig troede var muligt i en autoflower. ZKITTLEZ OG AUTO \u2122 er en smuk kombination af smuk genetik for at levere en kosmisk beroligende oplevelse. Utrolige aromaer bugner, og inden du ved det, holder du hendes sj\u00e6ldne frugter i dine h\u00e6nder. Efter kun 70 dages v\u00e6ksttid vil du blive glad for udf\u00f8relsen af denne autoflowering mester. At oze med THC hendes saftige sukkerbelagte knopper er en gl\u00e6de at se og vil neutralisere dine smerter v\u00e6k, f\u00f8r du slipper dig ind i en anden, mere dr\u00f8mmende dimension. S\u00f8rg for, at du ikke g\u00e5r glip af denne ekstravaganza af amerikansk genetik i autoflower-form. N\u00e5r du dyrker ZKITTLEZ OG AUTO \u2122 indend\u00f8rs, kan du forvente storsl\u00e5ede udbytter p\u00e5 op til 600 g pr. M2, hvilket er en pr\u00e6station for en bil. Udend\u00f8rs udbytter p\u00e5 op til 400 g pr. Plante er rapporteret.","og_url":"https:\/\/superseeds.dk\/se\/produkt\/zkittlez-og-auto-barneys-farm\/","og_site_name":"Superseeds.dk","article_modified_time":"2023-11-23T12:31:05+00:00","og_image":[{"width":475,"height":570,"url":"https:\/\/dev.dev.superseeds.dk\/wp-content\/uploads\/2022\/07\/zkittlez-og-auto_circle_new_12_864407.jpg","type":"image\/jpeg"}],"twitter_card":"summary_large_image","twitter_misc":{"Ber\u00e4knad l\u00e4stid":"2 minuter"},"schema":{"@context":"https:\/\/schema.org","@graph":[{"@type":"WebPage","@id":"https:\/\/superseeds.dk\/vare\/zkittlez-og-auto-barneys-farm\/","url":"https:\/\/superseeds.dk\/vare\/zkittlez-og-auto-barneys-farm\/","name":"Zkittlez OG Auto - Barney's Farm - Superseeds.dk","isPartOf":{"@id":"https:\/\/super-seeds.se\/#website"},"primaryImageOfPage":{"@id":"https:\/\/superseeds.dk\/vare\/zkittlez-og-auto-barneys-farm\/#primaryimage"},"image":{"@id":"https:\/\/superseeds.dk\/vare\/zkittlez-og-auto-barneys-farm\/#primaryimage"},"thumbnailUrl":"https:\/\/superseeds.dk\/wp-content\/uploads\/2022\/07\/zkittlez-og-auto_circle_new_12_864407.jpg","datePublished":"2021-02-18T11:58:20+00:00","dateModified":"2023-11-23T12:31:05+00:00","breadcrumb":{"@id":"https:\/\/superseeds.dk\/vare\/zkittlez-og-auto-barneys-farm\/#breadcrumb"},"inLanguage":"sv-SE","potentialAction":[{"@type":"ReadAction","target":["https:\/\/superseeds.dk\/vare\/zkittlez-og-auto-barneys-farm\/"]}]},{"@type":"ImageObject","inLanguage":"sv-SE","@id":"https:\/\/superseeds.dk\/vare\/zkittlez-og-auto-barneys-farm\/#primaryimage","url":"https:\/\/superseeds.dk\/wp-content\/uploads\/2022\/07\/zkittlez-og-auto_circle_new_12_864407.jpg","contentUrl":"https:\/\/superseeds.dk\/wp-content\/uploads\/2022\/07\/zkittlez-og-auto_circle_new_12_864407.jpg","width":475,"height":570},{"@type":"BreadcrumbList","@id":"https:\/\/superseeds.dk\/vare\/zkittlez-og-auto-barneys-farm\/#breadcrumb","itemListElement":[{"@type":"ListItem","position":1,"name":"Hjem","item":"https:\/\/superseeds.dk\/"},{"@type":"ListItem","position":2,"name":"Shop","item":"https:\/\/superseeds.dk\/no\/butikk\/"},{"@type":"ListItem","position":3,"name":"Zkittlez OG Auto &#8211; Barney&#8217;s Farm"}]},{"@type":"WebSite","@id":"https:\/\/super-seeds.se\/#website","url":"https:\/\/super-seeds.se\/","name":"Superseeds.com","description":"","publisher":{"@id":"https:\/\/super-seeds.se\/#organization"},"potentialAction":[{"@type":"SearchAction","target":{"@type":"EntryPoint","urlTemplate":"https:\/\/super-seeds.se\/?s={search_term_string}"},"query-input":{"@type":"PropertyValueSpecification","valueRequired":true,"valueName":"search_term_string"}}],"inLanguage":"sv-SE"},{"@type":"Organization","@id":"https:\/\/super-seeds.se\/#organization","name":"Superseeds.com","url":"https:\/\/super-seeds.se\/","logo":{"@type":"ImageObject","inLanguage":"sv-SE","@id":"https:\/\/super-seeds.se\/#\/schema\/logo\/image\/","url":"https:\/\/superseeds.dk\/wp-content\/uploads\/2025\/09\/logo-superseeds.png","contentUrl":"https:\/\/superseeds.dk\/wp-content\/uploads\/2025\/09\/logo-superseeds.png","width":180,"height":160,"caption":"Superseeds.dk"},"image":{"@id":"https:\/\/super-seeds.se\/#\/schema\/logo\/image\/"}}]}},"df_price":79,"df_sale_price":"","df_regular_price":79,"df_image_link":"https:\/\/superseeds.dk\/wp-content\/uploads\/2022\/07\/zkittlez-og-auto_circle_new_12_864407-250x300.jpg","_links":{"self":[{"href":"https:\/\/superseeds.dk\/se\/wp-json\/wp\/v2\/product\/23748","targetHints":{"allow":["GET"]}}],"collection":[{"href":"https:\/\/superseeds.dk\/se\/wp-json\/wp\/v2\/product"}],"about":[{"href":"https:\/\/superseeds.dk\/se\/wp-json\/wp\/v2\/types\/product"}],"wp:featuredmedia":[{"embeddable":true,"href":"https:\/\/superseeds.dk\/se\/wp-json\/wp\/v2\/media\/10137"}],"wp:attachment":[{"href":"https:\/\/superseeds.dk\/se\/wp-json\/wp\/v2\/media?parent=23748"}],"wp:term":[{"taxonomy":"product_brand","embeddable":true,"href":"https:\/\/superseeds.dk\/se\/wp-json\/wp\/v2\/product_brand?post=23748"},{"taxonomy":"product_cat","embeddable":true,"href":"https:\/\/superseeds.dk\/se\/wp-json\/wp\/v2\/product_cat?post=23748"},{"taxonomy":"product_tag","embeddable":true,"href":"https:\/\/superseeds.dk\/se\/wp-json\/wp\/v2\/product_tag?post=23748"}],"curies":[{"name":"wp","href":"https:\/\/api.w.org\/{rel}","templated":true}]}}