{"id":23735,"date":"2021-01-21T16:00:27","date_gmt":"2021-01-21T15:00:27","guid":{"rendered":"https:\/\/superseeds.dk\/vare\/pineapple-express-barneys-farm\/"},"modified":"2023-11-23T13:35:48","modified_gmt":"2023-11-23T12:35:48","slug":"pineapple-express-barneys-farm","status":"publish","type":"product","link":"https:\/\/superseeds.dk\/se\/produkt\/pineapple-express-barneys-farm\/","title":{"rendered":"Pineapple Express Auto - Barneys g\u00e5rd"},"content":{"rendered":"<h3>Pineapple Express &#8211; Barney&#8217;s Farm<\/h3>\n<p>Barney&#8217;s Farms verdensber\u00f8mte Pineapple Chunk \u2122 f\u00e5s nu i en autoflowering-variant.<br \/>\nPineapple Express Auto er en h\u00e5rdf\u00f8r, hurtig blomstrende og let at dyrke. Planten er en h\u00e5rdf\u00f8r, hurtig blomstrende og let at dyrke cannabisplante, der giver gener\u00f8se udbytter med tunge blomster\u00a0 d\u00e6kket med krystaller.<\/p>\n<p>Pineapple Express Auto\u00a0 producerer imponerende 60 til 100 gram pr. plante, som svare til ca 600g\/m2. Dens duft er l\u00e6kker earthy Indica, med en kraftig s\u00f8dme med noter af ananas.<br \/>\nEffekten af denne fantastiske strain giver kroppen mulighed for at slappe af og kan reducere stress.<\/p>\n<p>V\u00e6kstperioden er p\u00e5 kun 4 uger med en blomstringsperiode p\u00e5 bare 30 dage.<\/p>","protected":false},"excerpt":{"rendered":"<h3><strong>Pineapple Express Auto - Barneys g\u00e5rd<\/strong><br \/>\n&#8211; <b>Hurtig og super s\u00f8d auto flower\u00a0<\/b><\/h3>\n<p>Barnye&#8217;s Farm har med deres Pineapple Chunk, udviklet den meget kendte Pineapple Express Auto.<\/p>\n<p>Du f\u00e5r en plante der giver op til 600 g\/m2 og men en vanvittig s\u00f8dme, der f\u00e5r tankerne hen p\u00e5 ananas, derfra navnet.<\/p>\n<p>&nbsp;<\/p>","protected":false},"featured_media":10112,"template":"","meta":{"_acf_changed":false},"product_brand":[],"product_cat":[813,1739,839,816,812,840,841,815,842],"product_tag":[],"class_list":{"0":"post-23735","1":"product","2":"type-product","3":"status-publish","4":"has-post-thumbnail","6":"product_cat-60-65-dage","7":"product_cat-alle-froe","8":"product_cat-autoblomstrende","9":"product_cat-barneys-farm","10":"product_cat-blomstring-periode","11":"product_cat-indendoers-autoblomstrende","12":"product_cat-indica-dominant-autoblomstrende","13":"product_cat-producenter-a-z","14":"product_cat-udendoers-autoblomstrende","15":"pa_antal-1-stk","16":"pa_antal-3-stk","17":"pa_antal-5-stk","18":"pa_antal-10-stk","19":"pa_blomst-type-autoblomstrende","20":"pa_blomstringstid-60-65-dage","21":"pa_indica-sativa-indica-dominant","22":"pa_thc-10-20","23":"pa_udbytte-stort","25":"first","26":"instock","27":"taxable","28":"shipping-taxable","29":"purchasable","30":"product-type-variable","31":"wvs-archive-product-wrapper"},"acf":[],"yoast_head":"<!-- This site is optimized with the Yoast SEO plugin v26.9 - https:\/\/yoast.com\/product\/yoast-seo-wordpress\/ -->\n<title>Pineapple Express Auto - Barney&#039;s Farm - Superseeds.dk<\/title>\n<meta name=\"robots\" content=\"index, follow, max-snippet:-1, max-image-preview:large, max-video-preview:-1\" \/>\n<link rel=\"canonical\" href=\"https:\/\/superseeds.dk\/se\/produkt\/pineapple-express-barneys-farm\/\" \/>\n<meta property=\"og:locale\" content=\"sv_SE\" \/>\n<meta property=\"og:type\" content=\"article\" \/>\n<meta property=\"og:title\" content=\"Pineapple Express Auto - Barney&#039;s Farm - Superseeds.dk\" \/>\n<meta property=\"og:description\" content=\"Pineapple Express Auto - Barney&#039;s Farm - Hurtig og super s\u00f8d auto flower\u00a0 Barnye&#039;s Farm har med deres Pineapple Chunk, udviklet den meget kendte Pineapple Express Auto.  Du f\u00e5r en plante der giver op til 600 g\/m2 og men en vanvittig s\u00f8dme, der f\u00e5r tankerne hen p\u00e5 ananas, derfra navnet.  &nbsp;\" \/>\n<meta property=\"og:url\" content=\"https:\/\/superseeds.dk\/se\/produkt\/pineapple-express-barneys-farm\/\" \/>\n<meta property=\"og:site_name\" content=\"Superseeds.dk\" \/>\n<meta property=\"article:modified_time\" content=\"2023-11-23T12:35:48+00:00\" \/>\n<meta property=\"og:image\" content=\"https:\/\/www.superseeds.dk\/wp-content\/uploads\/2022\/07\/pineapple-express-auto_circle_new_12_864997.jpg\" \/>\n\t<meta property=\"og:image:width\" content=\"475\" \/>\n\t<meta property=\"og:image:height\" content=\"570\" \/>\n\t<meta property=\"og:image:type\" content=\"image\/jpeg\" \/>\n<meta name=\"twitter:card\" content=\"summary_large_image\" \/>\n<meta name=\"twitter:label1\" content=\"Ber\u00e4knad l\u00e4stid\" \/>\n\t<meta name=\"twitter:data1\" content=\"1 minut\" \/>\n<script type=\"application\/ld+json\" class=\"yoast-schema-graph\">{\"@context\":\"https:\/\/schema.org\",\"@graph\":[{\"@type\":\"WebPage\",\"@id\":\"https:\/\/superseeds.dk\/vare\/pineapple-express-barneys-farm\/\",\"url\":\"https:\/\/superseeds.dk\/vare\/pineapple-express-barneys-farm\/\",\"name\":\"Pineapple Express Auto - Barney's Farm - Superseeds.dk\",\"isPartOf\":{\"@id\":\"https:\/\/super-seeds.se\/#website\"},\"primaryImageOfPage\":{\"@id\":\"https:\/\/superseeds.dk\/vare\/pineapple-express-barneys-farm\/#primaryimage\"},\"image\":{\"@id\":\"https:\/\/superseeds.dk\/vare\/pineapple-express-barneys-farm\/#primaryimage\"},\"thumbnailUrl\":\"https:\/\/superseeds.dk\/wp-content\/uploads\/2022\/07\/pineapple-express-auto_circle_new_12_864997.jpg\",\"datePublished\":\"2021-01-21T15:00:27+00:00\",\"dateModified\":\"2023-11-23T12:35:48+00:00\",\"breadcrumb\":{\"@id\":\"https:\/\/superseeds.dk\/vare\/pineapple-express-barneys-farm\/#breadcrumb\"},\"inLanguage\":\"sv-SE\",\"potentialAction\":[{\"@type\":\"ReadAction\",\"target\":[\"https:\/\/superseeds.dk\/vare\/pineapple-express-barneys-farm\/\"]}]},{\"@type\":\"ImageObject\",\"inLanguage\":\"sv-SE\",\"@id\":\"https:\/\/superseeds.dk\/vare\/pineapple-express-barneys-farm\/#primaryimage\",\"url\":\"https:\/\/superseeds.dk\/wp-content\/uploads\/2022\/07\/pineapple-express-auto_circle_new_12_864997.jpg\",\"contentUrl\":\"https:\/\/superseeds.dk\/wp-content\/uploads\/2022\/07\/pineapple-express-auto_circle_new_12_864997.jpg\",\"width\":475,\"height\":570},{\"@type\":\"BreadcrumbList\",\"@id\":\"https:\/\/superseeds.dk\/vare\/pineapple-express-barneys-farm\/#breadcrumb\",\"itemListElement\":[{\"@type\":\"ListItem\",\"position\":1,\"name\":\"Hjem\",\"item\":\"https:\/\/superseeds.dk\/\"},{\"@type\":\"ListItem\",\"position\":2,\"name\":\"Shop\",\"item\":\"https:\/\/superseeds.dk\/no\/butikk\/\"},{\"@type\":\"ListItem\",\"position\":3,\"name\":\"Pineapple Express Auto &#8211; Barney&#8217;s Farm\"}]},{\"@type\":\"WebSite\",\"@id\":\"https:\/\/super-seeds.se\/#website\",\"url\":\"https:\/\/super-seeds.se\/\",\"name\":\"Superseeds.dk\",\"description\":\"\",\"publisher\":{\"@id\":\"https:\/\/super-seeds.se\/#organization\"},\"potentialAction\":[{\"@type\":\"SearchAction\",\"target\":{\"@type\":\"EntryPoint\",\"urlTemplate\":\"https:\/\/super-seeds.se\/?s={search_term_string}\"},\"query-input\":{\"@type\":\"PropertyValueSpecification\",\"valueRequired\":true,\"valueName\":\"search_term_string\"}}],\"inLanguage\":\"sv-SE\"},{\"@type\":\"Organization\",\"@id\":\"https:\/\/super-seeds.se\/#organization\",\"name\":\"Superseeds.dk\",\"url\":\"https:\/\/super-seeds.se\/\",\"logo\":{\"@type\":\"ImageObject\",\"inLanguage\":\"sv-SE\",\"@id\":\"https:\/\/super-seeds.se\/#\/schema\/logo\/image\/\",\"url\":\"https:\/\/superseeds.dk\/wp-content\/uploads\/2025\/09\/logo-superseeds.png\",\"contentUrl\":\"https:\/\/superseeds.dk\/wp-content\/uploads\/2025\/09\/logo-superseeds.png\",\"width\":180,\"height\":160,\"caption\":\"Superseeds.dk\"},\"image\":{\"@id\":\"https:\/\/super-seeds.se\/#\/schema\/logo\/image\/\"}}]}<\/script>\n<!-- \/ Yoast SEO plugin. -->","yoast_head_json":{"title":"Pineapple Express Auto - Barney's Farm - Superseeds.dk","robots":{"index":"index","follow":"follow","max-snippet":"max-snippet:-1","max-image-preview":"max-image-preview:large","max-video-preview":"max-video-preview:-1"},"canonical":"https:\/\/superseeds.dk\/se\/produkt\/pineapple-express-barneys-farm\/","og_locale":"sv_SE","og_type":"article","og_title":"Pineapple Express Auto - Barney's Farm - Superseeds.dk","og_description":"Pineapple Express Auto - Barney's Farm - Hurtig og super s\u00f8d auto flower\u00a0 Barnye's Farm har med deres Pineapple Chunk, udviklet den meget kendte Pineapple Express Auto.  Du f\u00e5r en plante der giver op til 600 g\/m2 og men en vanvittig s\u00f8dme, der f\u00e5r tankerne hen p\u00e5 ananas, derfra navnet.  &nbsp;","og_url":"https:\/\/superseeds.dk\/se\/produkt\/pineapple-express-barneys-farm\/","og_site_name":"Superseeds.dk","article_modified_time":"2023-11-23T12:35:48+00:00","og_image":[{"width":475,"height":570,"url":"https:\/\/www.superseeds.dk\/wp-content\/uploads\/2022\/07\/pineapple-express-auto_circle_new_12_864997.jpg","type":"image\/jpeg"}],"twitter_card":"summary_large_image","twitter_misc":{"Ber\u00e4knad l\u00e4stid":"1 minut"},"schema":{"@context":"https:\/\/schema.org","@graph":[{"@type":"WebPage","@id":"https:\/\/superseeds.dk\/vare\/pineapple-express-barneys-farm\/","url":"https:\/\/superseeds.dk\/vare\/pineapple-express-barneys-farm\/","name":"Pineapple Express Auto - Barney's Farm - Superseeds.dk","isPartOf":{"@id":"https:\/\/super-seeds.se\/#website"},"primaryImageOfPage":{"@id":"https:\/\/superseeds.dk\/vare\/pineapple-express-barneys-farm\/#primaryimage"},"image":{"@id":"https:\/\/superseeds.dk\/vare\/pineapple-express-barneys-farm\/#primaryimage"},"thumbnailUrl":"https:\/\/superseeds.dk\/wp-content\/uploads\/2022\/07\/pineapple-express-auto_circle_new_12_864997.jpg","datePublished":"2021-01-21T15:00:27+00:00","dateModified":"2023-11-23T12:35:48+00:00","breadcrumb":{"@id":"https:\/\/superseeds.dk\/vare\/pineapple-express-barneys-farm\/#breadcrumb"},"inLanguage":"sv-SE","potentialAction":[{"@type":"ReadAction","target":["https:\/\/superseeds.dk\/vare\/pineapple-express-barneys-farm\/"]}]},{"@type":"ImageObject","inLanguage":"sv-SE","@id":"https:\/\/superseeds.dk\/vare\/pineapple-express-barneys-farm\/#primaryimage","url":"https:\/\/superseeds.dk\/wp-content\/uploads\/2022\/07\/pineapple-express-auto_circle_new_12_864997.jpg","contentUrl":"https:\/\/superseeds.dk\/wp-content\/uploads\/2022\/07\/pineapple-express-auto_circle_new_12_864997.jpg","width":475,"height":570},{"@type":"BreadcrumbList","@id":"https:\/\/superseeds.dk\/vare\/pineapple-express-barneys-farm\/#breadcrumb","itemListElement":[{"@type":"ListItem","position":1,"name":"Hjem","item":"https:\/\/superseeds.dk\/"},{"@type":"ListItem","position":2,"name":"Shop","item":"https:\/\/superseeds.dk\/no\/butikk\/"},{"@type":"ListItem","position":3,"name":"Pineapple Express Auto &#8211; Barney&#8217;s Farm"}]},{"@type":"WebSite","@id":"https:\/\/super-seeds.se\/#website","url":"https:\/\/super-seeds.se\/","name":"Superseeds.com","description":"","publisher":{"@id":"https:\/\/super-seeds.se\/#organization"},"potentialAction":[{"@type":"SearchAction","target":{"@type":"EntryPoint","urlTemplate":"https:\/\/super-seeds.se\/?s={search_term_string}"},"query-input":{"@type":"PropertyValueSpecification","valueRequired":true,"valueName":"search_term_string"}}],"inLanguage":"sv-SE"},{"@type":"Organization","@id":"https:\/\/super-seeds.se\/#organization","name":"Superseeds.com","url":"https:\/\/super-seeds.se\/","logo":{"@type":"ImageObject","inLanguage":"sv-SE","@id":"https:\/\/super-seeds.se\/#\/schema\/logo\/image\/","url":"https:\/\/superseeds.dk\/wp-content\/uploads\/2025\/09\/logo-superseeds.png","contentUrl":"https:\/\/superseeds.dk\/wp-content\/uploads\/2025\/09\/logo-superseeds.png","width":180,"height":160,"caption":"Superseeds.dk"},"image":{"@id":"https:\/\/super-seeds.se\/#\/schema\/logo\/image\/"}}]}},"df_price":69,"df_sale_price":"","df_regular_price":69,"df_image_link":"https:\/\/superseeds.dk\/wp-content\/uploads\/2022\/07\/pineapple-express-auto_circle_new_12_864997-250x300.jpg","_links":{"self":[{"href":"https:\/\/superseeds.dk\/se\/wp-json\/wp\/v2\/product\/23735","targetHints":{"allow":["GET"]}}],"collection":[{"href":"https:\/\/superseeds.dk\/se\/wp-json\/wp\/v2\/product"}],"about":[{"href":"https:\/\/superseeds.dk\/se\/wp-json\/wp\/v2\/types\/product"}],"wp:featuredmedia":[{"embeddable":true,"href":"https:\/\/superseeds.dk\/se\/wp-json\/wp\/v2\/media\/10112"}],"wp:attachment":[{"href":"https:\/\/superseeds.dk\/se\/wp-json\/wp\/v2\/media?parent=23735"}],"wp:term":[{"taxonomy":"product_brand","embeddable":true,"href":"https:\/\/superseeds.dk\/se\/wp-json\/wp\/v2\/product_brand?post=23735"},{"taxonomy":"product_cat","embeddable":true,"href":"https:\/\/superseeds.dk\/se\/wp-json\/wp\/v2\/product_cat?post=23735"},{"taxonomy":"product_tag","embeddable":true,"href":"https:\/\/superseeds.dk\/se\/wp-json\/wp\/v2\/product_tag?post=23735"}],"curies":[{"name":"wp","href":"https:\/\/api.w.org\/{rel}","templated":true}]}}