{"id":23618,"date":"2021-02-12T15:54:56","date_gmt":"2021-02-12T14:54:56","guid":{"rendered":"https:\/\/superseeds.dk\/vare\/orange-sherbert-femi-barneys-farm\/"},"modified":"2023-11-23T13:31:17","modified_gmt":"2023-11-23T12:31:17","slug":"orange-sherbert-femi-barneys-farm","status":"publish","type":"product","link":"https:\/\/superseeds.dk\/se\/produkt\/orange-sherbert-femi-barneys-farm\/","title":{"rendered":"Orange Sherbert (feminiserad) - Barney's Farm"},"content":{"rendered":"<p>SMAG DE S\u00f8DE OG CREMEDE ORANGE SKUD FRA DENNE ENEST\u00e5ENDE FRUGTAGTIGE KLASSIKER<\/p>\n<p>&nbsp;<\/p>\n<p>ORANGE SHERBERT \u2122, en kraftig og styrkende Indica-dominerende hybrid med berusende og mundvandende effekter. Dette er en helt amerikansk stamme, der samler orange creme, Purple urkel og Cherry Pie i en fantastisk slik \/ appelsinsmagende plante. Laver de mest fantastiske t\u00e6tte orange og lilla blomster, man kan forestille sig med en smag, der er en utrolig fremragende dyb appelsin. Meget Indica afslappende effekt efterlader i enskrop og sind bliver et k\u00f8ligt og fredeligt sted. Denne plante er en af de nemmeste at dyrke. Planter vokser op til ca 1,3 meter og producerer enorme cola af l\u00e6kker skud. Sidegrener har brug for st\u00f8tte i de sidste uger af blomstring.<\/p>\n<p>&nbsp;<\/p>\n<p>Type Feminiseret Lysperiode Normal Dyrkning INDEND\u00d8RS\/UDEND\u00d8RS Genetik Orange Cream x Purple Urkle x Cherry Pie Effekt Afslapende, Chil Udend\u00f8rs udbytte (g) 700 Indend\u00f8rs udbytte (g) 650 gr\/m\u00b2 Blomstringstid (dage) 60 &#8211; 70 Feminiseret udend\u00f8rs h\u00f8stm\u00e5ned September Feminiseret udend\u00f8rs h\u00f8stm\u00e5ned uge 3rd-4th week H\u00f8jde (cm) 100-130cm H\u00f8jde Medium Indica % 80% Sativa % 20% Indica\/Sativa Mest Indica Medicinsk niveau Medium Medicinsk Ja Smag Syrlig Slik, Appelsin Aroma Bitters\u00f8d, Appelsin Modstand mod skimmel\/mug (5 = bedst) 4 Modstand mod botrytis (5 = bedst) 5 Modstand mod kulde (5 = Bedst) 5 Modstand mod Meldug (5 = Bedst) 5 Modstand mod Spindemider (5 = Bedst) 4<\/p>","protected":false},"excerpt":{"rendered":"<p>SMAG DE S\u00f8DE OG CREMEDE ORANGE SKUD FRA DENNE ENEST\u00e5ENDE FRUGTAGTIGE KLASSIKER<\/p>\n<p>ORANGE SHERBERT \u2122, en kraftig og styrkende Indica-dominerende hybrid med berusende og mundvandende effekter. Dette er en helt amerikansk stamme, der samler orange creme, Purple urkel og Cherry Pie i en fantastisk slik \/ appelsinsmagende plante. Laver de mest fantastiske t\u00e6tte orange og lilla blomster, man kan forestille sig med en smag, der er en utrolig fremragende dyb appelsin. Meget Indica afslappende effekt efterlader i enskrop og sind bliver et k\u00f8ligt og fredeligt sted. Denne plante er en af de nemmeste at dyrke. Planter vokser op til ca 1,3 meter og producerer enorme cola af l\u00e6kker skud. Sidegrener har brug for st\u00f8tte i de sidste uger af blomstring.<\/p>","protected":false},"featured_media":9887,"template":"","meta":{"_acf_changed":false},"product_brand":[],"product_cat":[813,814,1739,816,812,817,819,826,815,835],"product_tag":[],"class_list":{"0":"post-23618","1":"product","2":"type-product","3":"status-publish","4":"has-post-thumbnail","6":"product_cat-60-65-dage","7":"product_cat-65-70-dage","8":"product_cat-alle-froe","9":"product_cat-barneys-farm","10":"product_cat-blomstring-periode","11":"product_cat-feminiserede","12":"product_cat-indendoers","13":"product_cat-indica-dominant","14":"product_cat-producenter-a-z","15":"product_cat-udendoers-feminiserede","16":"pa_antal-1-stk","17":"pa_antal-3-stk","18":"pa_antal-5-stk","19":"pa_antal-10-stk","20":"pa_blomst-type-feminiserede","21":"pa_blomstringstid-60-65-dage","22":"pa_blomstringstid-65-70-dage","23":"pa_indica-sativa-indica-dominant","24":"pa_thc-20-25","25":"pa_udbytte-xxl","27":"first","28":"instock","29":"taxable","30":"shipping-taxable","31":"purchasable","32":"product-type-variable","33":"wvs-archive-product-wrapper"},"acf":[],"yoast_head":"<!-- This site is optimized with the Yoast SEO plugin v26.9 - https:\/\/yoast.com\/product\/yoast-seo-wordpress\/ -->\n<title>Orange Sherbert (Feminiseret) - Barney&#039;s Farm - Superseeds.dk<\/title>\n<meta name=\"robots\" content=\"index, follow, max-snippet:-1, max-image-preview:large, max-video-preview:-1\" \/>\n<link rel=\"canonical\" href=\"https:\/\/superseeds.dk\/se\/produkt\/orange-sherbert-femi-barneys-farm\/\" \/>\n<meta property=\"og:locale\" content=\"sv_SE\" \/>\n<meta property=\"og:type\" content=\"article\" \/>\n<meta property=\"og:title\" content=\"Orange Sherbert (Feminiseret) - Barney&#039;s Farm - Superseeds.dk\" \/>\n<meta property=\"og:description\" content=\"SMAG DE S\u00f8DE OG CREMEDE ORANGE SKUD FRA DENNE ENEST\u00e5ENDE FRUGTAGTIGE KLASSIKER  ORANGE SHERBERT \u2122, en kraftig og styrkende Indica-dominerende hybrid med berusende og mundvandende effekter. Dette er en helt amerikansk stamme, der samler orange creme, Purple urkel og Cherry Pie i en fantastisk slik \/ appelsinsmagende plante. Laver de mest fantastiske t\u00e6tte orange og lilla blomster, man kan forestille sig med en smag, der er en utrolig fremragende dyb appelsin. Meget Indica afslappende effekt efterlader i enskrop og sind bliver et k\u00f8ligt og fredeligt sted. Denne plante er en af de nemmeste at dyrke. Planter vokser op til ca 1,3 meter og producerer enorme cola af l\u00e6kker skud. Sidegrener har brug for st\u00f8tte i de sidste uger af blomstring.\" \/>\n<meta property=\"og:url\" content=\"https:\/\/superseeds.dk\/se\/produkt\/orange-sherbert-femi-barneys-farm\/\" \/>\n<meta property=\"og:site_name\" content=\"Superseeds.dk\" \/>\n<meta property=\"article:modified_time\" content=\"2023-11-23T12:31:17+00:00\" \/>\n<meta property=\"og:image\" content=\"https:\/\/superseeds.dk\/wp-content\/uploads\/2022\/07\/orange-sherbert_circle_new_12_043908.jpg\" \/>\n\t<meta property=\"og:image:width\" content=\"475\" \/>\n\t<meta property=\"og:image:height\" content=\"570\" \/>\n\t<meta property=\"og:image:type\" content=\"image\/jpeg\" \/>\n<meta name=\"twitter:card\" content=\"summary_large_image\" \/>\n<meta name=\"twitter:label1\" content=\"Ber\u00e4knad l\u00e4stid\" \/>\n\t<meta name=\"twitter:data1\" content=\"2 minuter\" \/>\n<script type=\"application\/ld+json\" class=\"yoast-schema-graph\">{\"@context\":\"https:\/\/schema.org\",\"@graph\":[{\"@type\":\"WebPage\",\"@id\":\"https:\/\/superseeds.dk\/vare\/orange-sherbert-femi-barneys-farm\/\",\"url\":\"https:\/\/superseeds.dk\/vare\/orange-sherbert-femi-barneys-farm\/\",\"name\":\"Orange Sherbert (Feminiseret) - Barney's Farm - Superseeds.dk\",\"isPartOf\":{\"@id\":\"https:\/\/super-seeds.se\/#website\"},\"primaryImageOfPage\":{\"@id\":\"https:\/\/superseeds.dk\/vare\/orange-sherbert-femi-barneys-farm\/#primaryimage\"},\"image\":{\"@id\":\"https:\/\/superseeds.dk\/vare\/orange-sherbert-femi-barneys-farm\/#primaryimage\"},\"thumbnailUrl\":\"https:\/\/superseeds.dk\/wp-content\/uploads\/2022\/07\/orange-sherbert_circle_new_12_043908.jpg\",\"datePublished\":\"2021-02-12T14:54:56+00:00\",\"dateModified\":\"2023-11-23T12:31:17+00:00\",\"breadcrumb\":{\"@id\":\"https:\/\/superseeds.dk\/vare\/orange-sherbert-femi-barneys-farm\/#breadcrumb\"},\"inLanguage\":\"sv-SE\",\"potentialAction\":[{\"@type\":\"ReadAction\",\"target\":[\"https:\/\/superseeds.dk\/vare\/orange-sherbert-femi-barneys-farm\/\"]}]},{\"@type\":\"ImageObject\",\"inLanguage\":\"sv-SE\",\"@id\":\"https:\/\/superseeds.dk\/vare\/orange-sherbert-femi-barneys-farm\/#primaryimage\",\"url\":\"https:\/\/superseeds.dk\/wp-content\/uploads\/2022\/07\/orange-sherbert_circle_new_12_043908.jpg\",\"contentUrl\":\"https:\/\/superseeds.dk\/wp-content\/uploads\/2022\/07\/orange-sherbert_circle_new_12_043908.jpg\",\"width\":475,\"height\":570},{\"@type\":\"BreadcrumbList\",\"@id\":\"https:\/\/superseeds.dk\/vare\/orange-sherbert-femi-barneys-farm\/#breadcrumb\",\"itemListElement\":[{\"@type\":\"ListItem\",\"position\":1,\"name\":\"Hjem\",\"item\":\"https:\/\/superseeds.dk\/\"},{\"@type\":\"ListItem\",\"position\":2,\"name\":\"Shop\",\"item\":\"https:\/\/superseeds.dk\/no\/butikk\/\"},{\"@type\":\"ListItem\",\"position\":3,\"name\":\"Orange Sherbert (Feminiseret) &#8211; Barney&#8217;s Farm\"}]},{\"@type\":\"WebSite\",\"@id\":\"https:\/\/super-seeds.se\/#website\",\"url\":\"https:\/\/super-seeds.se\/\",\"name\":\"Superseeds.dk\",\"description\":\"\",\"publisher\":{\"@id\":\"https:\/\/super-seeds.se\/#organization\"},\"potentialAction\":[{\"@type\":\"SearchAction\",\"target\":{\"@type\":\"EntryPoint\",\"urlTemplate\":\"https:\/\/super-seeds.se\/?s={search_term_string}\"},\"query-input\":{\"@type\":\"PropertyValueSpecification\",\"valueRequired\":true,\"valueName\":\"search_term_string\"}}],\"inLanguage\":\"sv-SE\"},{\"@type\":\"Organization\",\"@id\":\"https:\/\/super-seeds.se\/#organization\",\"name\":\"Superseeds.dk\",\"url\":\"https:\/\/super-seeds.se\/\",\"logo\":{\"@type\":\"ImageObject\",\"inLanguage\":\"sv-SE\",\"@id\":\"https:\/\/super-seeds.se\/#\/schema\/logo\/image\/\",\"url\":\"https:\/\/superseeds.dk\/wp-content\/uploads\/2025\/09\/logo-superseeds.png\",\"contentUrl\":\"https:\/\/superseeds.dk\/wp-content\/uploads\/2025\/09\/logo-superseeds.png\",\"width\":180,\"height\":160,\"caption\":\"Superseeds.dk\"},\"image\":{\"@id\":\"https:\/\/super-seeds.se\/#\/schema\/logo\/image\/\"}}]}<\/script>\n<!-- \/ Yoast SEO plugin. -->","yoast_head_json":{"title":"Orange Sherbert (Feminiseret) - Barney's Farm - Superseeds.dk","robots":{"index":"index","follow":"follow","max-snippet":"max-snippet:-1","max-image-preview":"max-image-preview:large","max-video-preview":"max-video-preview:-1"},"canonical":"https:\/\/superseeds.dk\/se\/produkt\/orange-sherbert-femi-barneys-farm\/","og_locale":"sv_SE","og_type":"article","og_title":"Orange Sherbert (Feminiseret) - Barney's Farm - Superseeds.dk","og_description":"SMAG DE S\u00f8DE OG CREMEDE ORANGE SKUD FRA DENNE ENEST\u00e5ENDE FRUGTAGTIGE KLASSIKER  ORANGE SHERBERT \u2122, en kraftig og styrkende Indica-dominerende hybrid med berusende og mundvandende effekter. Dette er en helt amerikansk stamme, der samler orange creme, Purple urkel og Cherry Pie i en fantastisk slik \/ appelsinsmagende plante. Laver de mest fantastiske t\u00e6tte orange og lilla blomster, man kan forestille sig med en smag, der er en utrolig fremragende dyb appelsin. Meget Indica afslappende effekt efterlader i enskrop og sind bliver et k\u00f8ligt og fredeligt sted. Denne plante er en af de nemmeste at dyrke. Planter vokser op til ca 1,3 meter og producerer enorme cola af l\u00e6kker skud. Sidegrener har brug for st\u00f8tte i de sidste uger af blomstring.","og_url":"https:\/\/superseeds.dk\/se\/produkt\/orange-sherbert-femi-barneys-farm\/","og_site_name":"Superseeds.dk","article_modified_time":"2023-11-23T12:31:17+00:00","og_image":[{"width":475,"height":570,"url":"https:\/\/superseeds.dk\/wp-content\/uploads\/2022\/07\/orange-sherbert_circle_new_12_043908.jpg","type":"image\/jpeg"}],"twitter_card":"summary_large_image","twitter_misc":{"Ber\u00e4knad l\u00e4stid":"2 minuter"},"schema":{"@context":"https:\/\/schema.org","@graph":[{"@type":"WebPage","@id":"https:\/\/superseeds.dk\/vare\/orange-sherbert-femi-barneys-farm\/","url":"https:\/\/superseeds.dk\/vare\/orange-sherbert-femi-barneys-farm\/","name":"Orange Sherbert (Feminiseret) - Barney's Farm - Superseeds.dk","isPartOf":{"@id":"https:\/\/super-seeds.se\/#website"},"primaryImageOfPage":{"@id":"https:\/\/superseeds.dk\/vare\/orange-sherbert-femi-barneys-farm\/#primaryimage"},"image":{"@id":"https:\/\/superseeds.dk\/vare\/orange-sherbert-femi-barneys-farm\/#primaryimage"},"thumbnailUrl":"https:\/\/superseeds.dk\/wp-content\/uploads\/2022\/07\/orange-sherbert_circle_new_12_043908.jpg","datePublished":"2021-02-12T14:54:56+00:00","dateModified":"2023-11-23T12:31:17+00:00","breadcrumb":{"@id":"https:\/\/superseeds.dk\/vare\/orange-sherbert-femi-barneys-farm\/#breadcrumb"},"inLanguage":"sv-SE","potentialAction":[{"@type":"ReadAction","target":["https:\/\/superseeds.dk\/vare\/orange-sherbert-femi-barneys-farm\/"]}]},{"@type":"ImageObject","inLanguage":"sv-SE","@id":"https:\/\/superseeds.dk\/vare\/orange-sherbert-femi-barneys-farm\/#primaryimage","url":"https:\/\/superseeds.dk\/wp-content\/uploads\/2022\/07\/orange-sherbert_circle_new_12_043908.jpg","contentUrl":"https:\/\/superseeds.dk\/wp-content\/uploads\/2022\/07\/orange-sherbert_circle_new_12_043908.jpg","width":475,"height":570},{"@type":"BreadcrumbList","@id":"https:\/\/superseeds.dk\/vare\/orange-sherbert-femi-barneys-farm\/#breadcrumb","itemListElement":[{"@type":"ListItem","position":1,"name":"Hjem","item":"https:\/\/superseeds.dk\/"},{"@type":"ListItem","position":2,"name":"Shop","item":"https:\/\/superseeds.dk\/no\/butikk\/"},{"@type":"ListItem","position":3,"name":"Orange Sherbert (Feminiseret) &#8211; Barney&#8217;s Farm"}]},{"@type":"WebSite","@id":"https:\/\/super-seeds.se\/#website","url":"https:\/\/super-seeds.se\/","name":"Superseeds.com","description":"","publisher":{"@id":"https:\/\/super-seeds.se\/#organization"},"potentialAction":[{"@type":"SearchAction","target":{"@type":"EntryPoint","urlTemplate":"https:\/\/super-seeds.se\/?s={search_term_string}"},"query-input":{"@type":"PropertyValueSpecification","valueRequired":true,"valueName":"search_term_string"}}],"inLanguage":"sv-SE"},{"@type":"Organization","@id":"https:\/\/super-seeds.se\/#organization","name":"Superseeds.com","url":"https:\/\/super-seeds.se\/","logo":{"@type":"ImageObject","inLanguage":"sv-SE","@id":"https:\/\/super-seeds.se\/#\/schema\/logo\/image\/","url":"https:\/\/superseeds.dk\/wp-content\/uploads\/2025\/09\/logo-superseeds.png","contentUrl":"https:\/\/superseeds.dk\/wp-content\/uploads\/2025\/09\/logo-superseeds.png","width":180,"height":160,"caption":"Superseeds.dk"},"image":{"@id":"https:\/\/super-seeds.se\/#\/schema\/logo\/image\/"}}]}},"df_price":80,"df_sale_price":"","df_regular_price":80,"df_image_link":"https:\/\/superseeds.dk\/wp-content\/uploads\/2022\/07\/orange-sherbert_circle_new_12_043908-250x300.jpg","_links":{"self":[{"href":"https:\/\/superseeds.dk\/se\/wp-json\/wp\/v2\/product\/23618","targetHints":{"allow":["GET"]}}],"collection":[{"href":"https:\/\/superseeds.dk\/se\/wp-json\/wp\/v2\/product"}],"about":[{"href":"https:\/\/superseeds.dk\/se\/wp-json\/wp\/v2\/types\/product"}],"wp:featuredmedia":[{"embeddable":true,"href":"https:\/\/superseeds.dk\/se\/wp-json\/wp\/v2\/media\/9887"}],"wp:attachment":[{"href":"https:\/\/superseeds.dk\/se\/wp-json\/wp\/v2\/media?parent=23618"}],"wp:term":[{"taxonomy":"product_brand","embeddable":true,"href":"https:\/\/superseeds.dk\/se\/wp-json\/wp\/v2\/product_brand?post=23618"},{"taxonomy":"product_cat","embeddable":true,"href":"https:\/\/superseeds.dk\/se\/wp-json\/wp\/v2\/product_cat?post=23618"},{"taxonomy":"product_tag","embeddable":true,"href":"https:\/\/superseeds.dk\/se\/wp-json\/wp\/v2\/product_tag?post=23618"}],"curies":[{"name":"wp","href":"https:\/\/api.w.org\/{rel}","templated":true}]}}