{"id":23354,"date":"2020-09-10T14:51:31","date_gmt":"2020-09-10T12:51:31","guid":{"rendered":"https:\/\/superseeds.dk\/vare\/acapulco-gold-femi\/"},"modified":"2023-11-23T13:36:10","modified_gmt":"2023-11-23T12:36:10","slug":"acapulco-gold-femi","status":"publish","type":"product","link":"https:\/\/superseeds.dk\/se\/produkt\/acapulco-gold-femi\/","title":{"rendered":"Acapulco Gold (feminiserad) - Barney's Farm"},"content":{"rendered":"<p>Barneys Farm skubber l\u00f8bende gr\u00e6nserne for marihuana-genetik og forbedrer deres udv\u00e6lgelses- og avlsprocesser for at skabe noget, der virkelig er betagende. ACAPULCO GOLD \u2122 er den n\u00e6ste generation af marihuana. Ligesom den originale navnebror ACAPULCO GOLD \u2122 blomster med fede colaer, flettet med smuk r\u00f8dbrun kalyx, hver d\u00e6kket med smukke krystaller af THC. #<\/p>\n<p>R\u00f8gen har en intens frugtcocktailsmag, der dv\u00e6ler i timevis. Dette er en Sativa dominerende stamme, der giver en langvarig h\u00f8j, afbalancerende afslappende stressreduktion med en reel optimistisk effekt. Acapulco Gold overg\u00e5r langt den rapsodiserede r\u00f8g fra tidligere dage.<\/p>\n<p>Type: Feminiseret<\/p>\n<p>Fotooperation: Normal<\/p>\n<p>Dyrkning: Indend\u00f8rs \/ udend\u00f8rs<\/p>\n<p>Karakteristik:. Genetik: Centralamerikansk<\/p>\n<p>Effekt: Cerebral, v\u00e6kket, energigivende, kreativ, Eufori, Happy<\/p>\n<p>Udend\u00f8rs udbytte (g): op til 1500 Mindste udbytte (g): 500<\/p>\n<p>Indend\u00f8rs udbytte (g): op til 500 gr \/ m\u00b2<\/p>\n<p>Drivhusudbytte (g): 700<\/p>\n<p>Gennemsnitlig udbytte (g): 500<\/p>\n<p>Indend\u00f8rs blomstrende lyscyklus (timer): 12-12<\/p>\n<p>Indend\u00f8rs Vegativ lyscyklus (timer): 18-24<\/p>\n<p>Blomstringstid (dage): 60 &#8211; 70<\/p>\n<p>Feminiseret udend\u00f8rs h\u00f8stm\u00e5ned: oktober<\/p>\n<p>Feminiseret udend\u00f8rs h\u00f8stm\u00e5ned Uge: 2. til 3. uge<\/p>\n<p>Kanabinoidindhold: Medium CBG: 2CBN: 1<\/p>\n<p>H\u00f8jde (cm): 100 \/ 110cm<\/p>\n<p>H\u00f8jde indend\u00f8rs (cm): 100 \/ 110cm<\/p>\n<p>H\u00f8jde udend\u00f8rs (cm): 200cmH\u00f8jde:<\/p>\n<p>H\u00f8jVegativ h\u00f8jde (cm): 20cm<\/p>\n<p>Vegativ cyklus (dage): 10<\/p>\n<p>Vegativ cyklussk\u00e6ring (dage): 10<\/p>\n<p>Vegative cyklusplanter (dage): 20<\/p>\n<p>Indica%: 30% Sativa%: 70% Ruderalis%: 0%<\/p>\n<p>Indica \/ Sativa: For det meste Sativa<\/p>\n<p>Medicinsk niveau: Medium<\/p>\n<p>Medicinsk: Ja<\/p>\n<p>Smag: Citrus, Kaffe, Cremet, Fyr, S\u00f8d, Woody<\/p>\n<p>Aroma: Jordagtig, fyr, skarp, s\u00f8d<\/p>\n<p>Modstand mod skimmel (5 = bedst): 5<\/p>\n<p>modstand mod botrytis (5 = v\u00e6r st): 5<\/p>\n<p>Bestandighed mod kulde (5 = Bedst): 3<\/p>\n<p>Bestandighed mod meldug (5 = Bedst): 5<\/p>\n<p>Bestandighed mod edderkoppemid (5 = Bedst): 3<\/p>\n<p>Ideal potst\u00f8rrelse: 20<\/p>\n<p>Klima: K\u00f8lig, varm og tempereretStabilitet: 100<\/p>\n<p>V\u00e6kstsv\u00e6rhedsgrad (1 = Let , 5 = h\u00e5rd): 3<\/p>","protected":false},"excerpt":{"rendered":"<p>Barneys Farm skubber l\u00f8bende gr\u00e6nserne for marihuana-genetik og forbedrer deres udv\u00e6lgelses- og avlsprocesser for at skabe noget, der virkelig er betagende. ACAPULCO GOLD \u2122 er den n\u00e6ste generation af marihuana. Ligesom den originale navnebror ACAPULCO GOLD \u2122 blomster med fede colaer, flettet med smuk r\u00f8dbrun kalyx, hver d\u00e6kket med smukke krystaller af THC. #<\/p>","protected":false},"featured_media":9352,"template":"","meta":{"_acf_changed":false},"product_brand":[],"product_cat":[813,814,1739,816,812,817,819,815,820,835],"product_tag":[],"class_list":{"0":"post-23354","1":"product","2":"type-product","3":"status-publish","4":"has-post-thumbnail","6":"product_cat-60-65-dage","7":"product_cat-65-70-dage","8":"product_cat-alle-froe","9":"product_cat-barneys-farm","10":"product_cat-blomstring-periode","11":"product_cat-feminiserede","12":"product_cat-indendoers","13":"product_cat-producenter-a-z","14":"product_cat-sativa-dominant","15":"product_cat-udendoers-feminiserede","16":"pa_antal-1-stk","17":"pa_antal-3-stk","18":"pa_antal-5-stk","19":"pa_blomst-type-feminiserede","20":"pa_blomstringstid-60-65-dage","21":"pa_blomstringstid-65-70-dage","22":"pa_indica-sativa-sativa-dominant","23":"pa_thc-10-20","24":"pa_thc-20-25","25":"pa_udbytte-stort","27":"first","28":"instock","29":"taxable","30":"shipping-taxable","31":"purchasable","32":"product-type-variable","33":"wvs-archive-product-wrapper"},"acf":[],"yoast_head":"<!-- This site is optimized with the Yoast SEO plugin v26.9 - https:\/\/yoast.com\/product\/yoast-seo-wordpress\/ -->\n<title>Acapulco Gold (Feminiseret) - Barney&#039;s Farm - Superseeds.dk<\/title>\n<meta name=\"robots\" content=\"index, follow, max-snippet:-1, max-image-preview:large, max-video-preview:-1\" \/>\n<link rel=\"canonical\" href=\"https:\/\/superseeds.dk\/se\/produkt\/acapulco-gold-femi\/\" \/>\n<meta property=\"og:locale\" content=\"sv_SE\" \/>\n<meta property=\"og:type\" content=\"article\" \/>\n<meta property=\"og:title\" content=\"Acapulco Gold (Feminiseret) - Barney&#039;s Farm - Superseeds.dk\" \/>\n<meta property=\"og:description\" content=\"Barneys Farm skubber l\u00f8bende gr\u00e6nserne for marihuana-genetik og forbedrer deres udv\u00e6lgelses- og avlsprocesser for at skabe noget, der virkelig er betagende. ACAPULCO GOLD \u2122 er den n\u00e6ste generation af marihuana. Ligesom den originale navnebror ACAPULCO GOLD \u2122 blomster med fede colaer, flettet med smuk r\u00f8dbrun kalyx, hver d\u00e6kket med smukke krystaller af THC. #\" \/>\n<meta property=\"og:url\" content=\"https:\/\/superseeds.dk\/se\/produkt\/acapulco-gold-femi\/\" \/>\n<meta property=\"og:site_name\" content=\"Superseeds.dk\" \/>\n<meta property=\"article:modified_time\" content=\"2023-11-23T12:36:10+00:00\" \/>\n<meta property=\"og:image\" content=\"https:\/\/dev.superseeds.dk\/wp-content\/uploads\/2022\/07\/acapulco-gold_circle_new_12_871679-2.jpg\" \/>\n\t<meta property=\"og:image:width\" content=\"475\" \/>\n\t<meta property=\"og:image:height\" content=\"570\" \/>\n\t<meta property=\"og:image:type\" content=\"image\/jpeg\" \/>\n<meta name=\"twitter:card\" content=\"summary_large_image\" \/>\n<meta name=\"twitter:label1\" content=\"Ber\u00e4knad l\u00e4stid\" \/>\n\t<meta name=\"twitter:data1\" content=\"2 minuter\" \/>\n<script type=\"application\/ld+json\" class=\"yoast-schema-graph\">{\"@context\":\"https:\/\/schema.org\",\"@graph\":[{\"@type\":\"WebPage\",\"@id\":\"https:\/\/superseeds.dk\/vare\/acapulco-gold-femi\/\",\"url\":\"https:\/\/superseeds.dk\/vare\/acapulco-gold-femi\/\",\"name\":\"Acapulco Gold (Feminiseret) - Barney's Farm - Superseeds.dk\",\"isPartOf\":{\"@id\":\"https:\/\/super-seeds.se\/#website\"},\"primaryImageOfPage\":{\"@id\":\"https:\/\/superseeds.dk\/vare\/acapulco-gold-femi\/#primaryimage\"},\"image\":{\"@id\":\"https:\/\/superseeds.dk\/vare\/acapulco-gold-femi\/#primaryimage\"},\"thumbnailUrl\":\"https:\/\/superseeds.dk\/wp-content\/uploads\/2022\/07\/acapulco-gold_circle_new_12_871679-2.jpg\",\"datePublished\":\"2020-09-10T12:51:31+00:00\",\"dateModified\":\"2023-11-23T12:36:10+00:00\",\"breadcrumb\":{\"@id\":\"https:\/\/superseeds.dk\/vare\/acapulco-gold-femi\/#breadcrumb\"},\"inLanguage\":\"sv-SE\",\"potentialAction\":[{\"@type\":\"ReadAction\",\"target\":[\"https:\/\/superseeds.dk\/vare\/acapulco-gold-femi\/\"]}]},{\"@type\":\"ImageObject\",\"inLanguage\":\"sv-SE\",\"@id\":\"https:\/\/superseeds.dk\/vare\/acapulco-gold-femi\/#primaryimage\",\"url\":\"https:\/\/superseeds.dk\/wp-content\/uploads\/2022\/07\/acapulco-gold_circle_new_12_871679-2.jpg\",\"contentUrl\":\"https:\/\/superseeds.dk\/wp-content\/uploads\/2022\/07\/acapulco-gold_circle_new_12_871679-2.jpg\",\"width\":475,\"height\":570},{\"@type\":\"BreadcrumbList\",\"@id\":\"https:\/\/superseeds.dk\/vare\/acapulco-gold-femi\/#breadcrumb\",\"itemListElement\":[{\"@type\":\"ListItem\",\"position\":1,\"name\":\"Hjem\",\"item\":\"https:\/\/superseeds.dk\/\"},{\"@type\":\"ListItem\",\"position\":2,\"name\":\"Shop\",\"item\":\"https:\/\/superseeds.dk\/no\/butikk\/\"},{\"@type\":\"ListItem\",\"position\":3,\"name\":\"Acapulco Gold (Feminiseret) &#8211; Barney&#8217;s Farm\"}]},{\"@type\":\"WebSite\",\"@id\":\"https:\/\/super-seeds.se\/#website\",\"url\":\"https:\/\/super-seeds.se\/\",\"name\":\"Superseeds.dk\",\"description\":\"\",\"publisher\":{\"@id\":\"https:\/\/super-seeds.se\/#organization\"},\"potentialAction\":[{\"@type\":\"SearchAction\",\"target\":{\"@type\":\"EntryPoint\",\"urlTemplate\":\"https:\/\/super-seeds.se\/?s={search_term_string}\"},\"query-input\":{\"@type\":\"PropertyValueSpecification\",\"valueRequired\":true,\"valueName\":\"search_term_string\"}}],\"inLanguage\":\"sv-SE\"},{\"@type\":\"Organization\",\"@id\":\"https:\/\/super-seeds.se\/#organization\",\"name\":\"Superseeds.dk\",\"url\":\"https:\/\/super-seeds.se\/\",\"logo\":{\"@type\":\"ImageObject\",\"inLanguage\":\"sv-SE\",\"@id\":\"https:\/\/super-seeds.se\/#\/schema\/logo\/image\/\",\"url\":\"https:\/\/superseeds.dk\/wp-content\/uploads\/2025\/09\/logo-superseeds.png\",\"contentUrl\":\"https:\/\/superseeds.dk\/wp-content\/uploads\/2025\/09\/logo-superseeds.png\",\"width\":180,\"height\":160,\"caption\":\"Superseeds.dk\"},\"image\":{\"@id\":\"https:\/\/super-seeds.se\/#\/schema\/logo\/image\/\"}}]}<\/script>\n<!-- \/ Yoast SEO plugin. -->","yoast_head_json":{"title":"Acapulco Gold (Feminiseret) - Barney's Farm - Superseeds.dk","robots":{"index":"index","follow":"follow","max-snippet":"max-snippet:-1","max-image-preview":"max-image-preview:large","max-video-preview":"max-video-preview:-1"},"canonical":"https:\/\/superseeds.dk\/se\/produkt\/acapulco-gold-femi\/","og_locale":"sv_SE","og_type":"article","og_title":"Acapulco Gold (Feminiseret) - Barney's Farm - Superseeds.dk","og_description":"Barneys Farm skubber l\u00f8bende gr\u00e6nserne for marihuana-genetik og forbedrer deres udv\u00e6lgelses- og avlsprocesser for at skabe noget, der virkelig er betagende. ACAPULCO GOLD \u2122 er den n\u00e6ste generation af marihuana. Ligesom den originale navnebror ACAPULCO GOLD \u2122 blomster med fede colaer, flettet med smuk r\u00f8dbrun kalyx, hver d\u00e6kket med smukke krystaller af THC. #","og_url":"https:\/\/superseeds.dk\/se\/produkt\/acapulco-gold-femi\/","og_site_name":"Superseeds.dk","article_modified_time":"2023-11-23T12:36:10+00:00","og_image":[{"width":475,"height":570,"url":"https:\/\/dev.superseeds.dk\/wp-content\/uploads\/2022\/07\/acapulco-gold_circle_new_12_871679-2.jpg","type":"image\/jpeg"}],"twitter_card":"summary_large_image","twitter_misc":{"Ber\u00e4knad l\u00e4stid":"2 minuter"},"schema":{"@context":"https:\/\/schema.org","@graph":[{"@type":"WebPage","@id":"https:\/\/superseeds.dk\/vare\/acapulco-gold-femi\/","url":"https:\/\/superseeds.dk\/vare\/acapulco-gold-femi\/","name":"Acapulco Gold (Feminiseret) - Barney's Farm - Superseeds.dk","isPartOf":{"@id":"https:\/\/super-seeds.se\/#website"},"primaryImageOfPage":{"@id":"https:\/\/superseeds.dk\/vare\/acapulco-gold-femi\/#primaryimage"},"image":{"@id":"https:\/\/superseeds.dk\/vare\/acapulco-gold-femi\/#primaryimage"},"thumbnailUrl":"https:\/\/superseeds.dk\/wp-content\/uploads\/2022\/07\/acapulco-gold_circle_new_12_871679-2.jpg","datePublished":"2020-09-10T12:51:31+00:00","dateModified":"2023-11-23T12:36:10+00:00","breadcrumb":{"@id":"https:\/\/superseeds.dk\/vare\/acapulco-gold-femi\/#breadcrumb"},"inLanguage":"sv-SE","potentialAction":[{"@type":"ReadAction","target":["https:\/\/superseeds.dk\/vare\/acapulco-gold-femi\/"]}]},{"@type":"ImageObject","inLanguage":"sv-SE","@id":"https:\/\/superseeds.dk\/vare\/acapulco-gold-femi\/#primaryimage","url":"https:\/\/superseeds.dk\/wp-content\/uploads\/2022\/07\/acapulco-gold_circle_new_12_871679-2.jpg","contentUrl":"https:\/\/superseeds.dk\/wp-content\/uploads\/2022\/07\/acapulco-gold_circle_new_12_871679-2.jpg","width":475,"height":570},{"@type":"BreadcrumbList","@id":"https:\/\/superseeds.dk\/vare\/acapulco-gold-femi\/#breadcrumb","itemListElement":[{"@type":"ListItem","position":1,"name":"Hjem","item":"https:\/\/superseeds.dk\/"},{"@type":"ListItem","position":2,"name":"Shop","item":"https:\/\/superseeds.dk\/no\/butikk\/"},{"@type":"ListItem","position":3,"name":"Acapulco Gold (Feminiseret) &#8211; Barney&#8217;s Farm"}]},{"@type":"WebSite","@id":"https:\/\/super-seeds.se\/#website","url":"https:\/\/super-seeds.se\/","name":"Superseeds.com","description":"","publisher":{"@id":"https:\/\/super-seeds.se\/#organization"},"potentialAction":[{"@type":"SearchAction","target":{"@type":"EntryPoint","urlTemplate":"https:\/\/super-seeds.se\/?s={search_term_string}"},"query-input":{"@type":"PropertyValueSpecification","valueRequired":true,"valueName":"search_term_string"}}],"inLanguage":"sv-SE"},{"@type":"Organization","@id":"https:\/\/super-seeds.se\/#organization","name":"Superseeds.com","url":"https:\/\/super-seeds.se\/","logo":{"@type":"ImageObject","inLanguage":"sv-SE","@id":"https:\/\/super-seeds.se\/#\/schema\/logo\/image\/","url":"https:\/\/superseeds.dk\/wp-content\/uploads\/2025\/09\/logo-superseeds.png","contentUrl":"https:\/\/superseeds.dk\/wp-content\/uploads\/2025\/09\/logo-superseeds.png","width":180,"height":160,"caption":"Superseeds.dk"},"image":{"@id":"https:\/\/super-seeds.se\/#\/schema\/logo\/image\/"}}]}},"df_price":69,"df_sale_price":"","df_regular_price":69,"df_image_link":"https:\/\/superseeds.dk\/wp-content\/uploads\/2022\/07\/acapulco-gold_circle_new_12_871679-2-250x300.jpg","_links":{"self":[{"href":"https:\/\/superseeds.dk\/se\/wp-json\/wp\/v2\/product\/23354","targetHints":{"allow":["GET"]}}],"collection":[{"href":"https:\/\/superseeds.dk\/se\/wp-json\/wp\/v2\/product"}],"about":[{"href":"https:\/\/superseeds.dk\/se\/wp-json\/wp\/v2\/types\/product"}],"wp:featuredmedia":[{"embeddable":true,"href":"https:\/\/superseeds.dk\/se\/wp-json\/wp\/v2\/media\/9352"}],"wp:attachment":[{"href":"https:\/\/superseeds.dk\/se\/wp-json\/wp\/v2\/media?parent=23354"}],"wp:term":[{"taxonomy":"product_brand","embeddable":true,"href":"https:\/\/superseeds.dk\/se\/wp-json\/wp\/v2\/product_brand?post=23354"},{"taxonomy":"product_cat","embeddable":true,"href":"https:\/\/superseeds.dk\/se\/wp-json\/wp\/v2\/product_cat?post=23354"},{"taxonomy":"product_tag","embeddable":true,"href":"https:\/\/superseeds.dk\/se\/wp-json\/wp\/v2\/product_tag?post=23354"}],"curies":[{"name":"wp","href":"https:\/\/api.w.org\/{rel}","templated":true}]}}