{"id":70699,"date":"2026-03-18T12:14:28","date_gmt":"2026-03-18T11:14:28","guid":{"rendered":"https:\/\/superseeds.dk\/?post_type=product&#038;p=70699"},"modified":"2026-05-05T16:01:56","modified_gmt":"2026-05-05T14:01:56","slug":"smashberry-fumez-feminiseret-anesia-seeds","status":"publish","type":"product","link":"https:\/\/superseeds.dk\/no\/produkt\/smashberry-fumez-feminiseret-anesia-seeds\/","title":{"rendered":"Smashberry Fumez (Feminiseret) &#8211; Anesia Seeds"},"content":{"rendered":"","protected":false},"excerpt":{"rendered":"<p>&nbsp;<\/p>\n<p>Candy Fumez x Oracle Octane<\/p>\n<ul>\n<li><strong>Genetikk: <\/strong>60% Indica \/ 40% Sativa<\/li>\n<li><strong>Utbytte<\/strong>: 650g\/m\u00b2 \u2022 800-1100 g\/plant<\/li>\n<li><strong>Blomstringstid:<\/strong> 9 uger<\/li>\n<li>Egnet for innend\u00f8rs og utend\u00f8rs bruk<\/li>\n<li><strong>H\u00f8yde:<\/strong> 90-130 cm \u2022 180-220 cm<\/li>\n<li><strong>THC<\/strong>: Op til 35%<\/li>\n<li><strong>Smak<\/strong>: Gasset og s\u00f8dt<\/li>\n<\/ul>","protected":false},"featured_media":70700,"template":"","meta":{"_acf_changed":false},"product_brand":[],"product_cat":[813,1739,907,812,817,818,819,826,815,835],"product_tag":[],"class_list":{"0":"post-70699","1":"product","2":"type-product","3":"status-publish","4":"has-post-thumbnail","6":"product_cat-60-65-dage","7":"product_cat-alle-froe","8":"product_cat-anesia-seeds","9":"product_cat-blomstring-periode","10":"product_cat-feminiserede","11":"product_cat-hoej-thc","12":"product_cat-indendoers","13":"product_cat-indica-dominant","14":"product_cat-producenter-a-z","15":"product_cat-udendoers-feminiserede","16":"pa_antal-3-stk","17":"pa_antal-5-stk","18":"pa_antal-10-stk","19":"pa_blomst-type-feminiserede","20":"pa_blomstringstid-60-65-dage","21":"pa_indica-sativa-indica-dominant","22":"pa_producenter-a-z-anesia-seeds","23":"pa_thc-over-25","24":"pa_udbytte-xxl","26":"first","27":"instock","28":"taxable","29":"shipping-taxable","30":"purchasable","31":"product-type-variable","32":"wvs-archive-product-wrapper"},"acf":[],"yoast_head":"<!-- This site is optimized with the Yoast SEO plugin v26.9 - https:\/\/yoast.com\/product\/yoast-seo-wordpress\/ -->\n<title>Smashberry Fumez (Feminiseret) - Anesia Seeds - Superseeds.dk<\/title>\n<meta name=\"robots\" content=\"index, follow, max-snippet:-1, max-image-preview:large, max-video-preview:-1\" \/>\n<link rel=\"canonical\" href=\"https:\/\/superseeds.dk\/no\/produkt\/smashberry-fumez-feminiseret-anesia-seeds\/\" \/>\n<meta property=\"og:locale\" content=\"nb_NO\" \/>\n<meta property=\"og:type\" content=\"article\" \/>\n<meta property=\"og:title\" content=\"Smashberry Fumez (Feminiseret) - Anesia Seeds - Superseeds.dk\" \/>\n<meta property=\"og:description\" content=\"&nbsp;  Candy Fumez x Oracle Octane   Genetik: 60% Indica \/ 40% Sativa  Udbytte: 650g\/m\u00b2 \u2022 800-1100 g\/plant  Blomstringstid: 9 uger  Velegnet til indend\u00f8rs og udend\u00f8rs  H\u00f8jde: 90-130 cm \u2022 180-220 cm  THC: Op til 35%  Smag: Gasset og s\u00f8dt\" \/>\n<meta property=\"og:url\" content=\"https:\/\/superseeds.dk\/no\/produkt\/smashberry-fumez-feminiseret-anesia-seeds\/\" \/>\n<meta property=\"og:site_name\" content=\"Superseeds.dk\" \/>\n<meta property=\"article:modified_time\" content=\"2026-05-05T14:01:56+00:00\" \/>\n<meta property=\"og:image\" content=\"https:\/\/superseeds.dk\/wp-content\/uploads\/2026\/03\/smashberry-fumez-feminiseret-anesia.png\" \/>\n\t<meta property=\"og:image:width\" content=\"600\" \/>\n\t<meta property=\"og:image:height\" content=\"800\" \/>\n\t<meta property=\"og:image:type\" content=\"image\/png\" \/>\n<meta name=\"twitter:card\" content=\"summary_large_image\" \/>\n<meta name=\"twitter:label1\" content=\"Ansl. lesetid\" \/>\n\t<meta name=\"twitter:data1\" content=\"1 minutt\" \/>\n<script type=\"application\/ld+json\" class=\"yoast-schema-graph\">{\"@context\":\"https:\/\/schema.org\",\"@graph\":[{\"@type\":\"WebPage\",\"@id\":\"https:\/\/superseeds.dk\/vare\/smashberry-fumez-feminiseret-anesia-seeds\/\",\"url\":\"https:\/\/superseeds.dk\/vare\/smashberry-fumez-feminiseret-anesia-seeds\/\",\"name\":\"Smashberry Fumez (Feminiseret) - Anesia Seeds - Superseeds.dk\",\"isPartOf\":{\"@id\":\"https:\/\/super-seeds.se\/#website\"},\"primaryImageOfPage\":{\"@id\":\"https:\/\/superseeds.dk\/vare\/smashberry-fumez-feminiseret-anesia-seeds\/#primaryimage\"},\"image\":{\"@id\":\"https:\/\/superseeds.dk\/vare\/smashberry-fumez-feminiseret-anesia-seeds\/#primaryimage\"},\"thumbnailUrl\":\"https:\/\/superseeds.dk\/wp-content\/uploads\/2026\/03\/smashberry-fumez-feminiseret-anesia.png\",\"datePublished\":\"2026-03-18T11:14:28+00:00\",\"dateModified\":\"2026-05-05T14:01:56+00:00\",\"breadcrumb\":{\"@id\":\"https:\/\/superseeds.dk\/vare\/smashberry-fumez-feminiseret-anesia-seeds\/#breadcrumb\"},\"inLanguage\":\"nb-NO\",\"potentialAction\":[{\"@type\":\"ReadAction\",\"target\":[\"https:\/\/superseeds.dk\/vare\/smashberry-fumez-feminiseret-anesia-seeds\/\"]}]},{\"@type\":\"ImageObject\",\"inLanguage\":\"nb-NO\",\"@id\":\"https:\/\/superseeds.dk\/vare\/smashberry-fumez-feminiseret-anesia-seeds\/#primaryimage\",\"url\":\"https:\/\/superseeds.dk\/wp-content\/uploads\/2026\/03\/smashberry-fumez-feminiseret-anesia.png\",\"contentUrl\":\"https:\/\/superseeds.dk\/wp-content\/uploads\/2026\/03\/smashberry-fumez-feminiseret-anesia.png\",\"width\":600,\"height\":800},{\"@type\":\"BreadcrumbList\",\"@id\":\"https:\/\/superseeds.dk\/vare\/smashberry-fumez-feminiseret-anesia-seeds\/#breadcrumb\",\"itemListElement\":[{\"@type\":\"ListItem\",\"position\":1,\"name\":\"Hjem\",\"item\":\"https:\/\/superseeds.dk\/\"},{\"@type\":\"ListItem\",\"position\":2,\"name\":\"Shop\",\"item\":\"https:\/\/superseeds.dk\/no\/butikk\/\"},{\"@type\":\"ListItem\",\"position\":3,\"name\":\"Smashberry Fumez (Feminiseret) &#8211; Anesia Seeds\"}]},{\"@type\":\"WebSite\",\"@id\":\"https:\/\/super-seeds.se\/#website\",\"url\":\"https:\/\/super-seeds.se\/\",\"name\":\"Superseeds.dk\",\"description\":\"\",\"publisher\":{\"@id\":\"https:\/\/super-seeds.se\/#organization\"},\"potentialAction\":[{\"@type\":\"SearchAction\",\"target\":{\"@type\":\"EntryPoint\",\"urlTemplate\":\"https:\/\/super-seeds.se\/?s={search_term_string}\"},\"query-input\":{\"@type\":\"PropertyValueSpecification\",\"valueRequired\":true,\"valueName\":\"search_term_string\"}}],\"inLanguage\":\"nb-NO\"},{\"@type\":\"Organization\",\"@id\":\"https:\/\/super-seeds.se\/#organization\",\"name\":\"Superseeds.dk\",\"url\":\"https:\/\/super-seeds.se\/\",\"logo\":{\"@type\":\"ImageObject\",\"inLanguage\":\"nb-NO\",\"@id\":\"https:\/\/super-seeds.se\/#\/schema\/logo\/image\/\",\"url\":\"https:\/\/superseeds.dk\/wp-content\/uploads\/2025\/09\/logo-superseeds.png\",\"contentUrl\":\"https:\/\/superseeds.dk\/wp-content\/uploads\/2025\/09\/logo-superseeds.png\",\"width\":180,\"height\":160,\"caption\":\"Superseeds.dk\"},\"image\":{\"@id\":\"https:\/\/super-seeds.se\/#\/schema\/logo\/image\/\"}}]}<\/script>\n<!-- \/ Yoast SEO plugin. -->","yoast_head_json":{"title":"Smashberry Fumez (Feminiseret) - Anesia Seeds - Superseeds.dk","robots":{"index":"index","follow":"follow","max-snippet":"max-snippet:-1","max-image-preview":"max-image-preview:large","max-video-preview":"max-video-preview:-1"},"canonical":"https:\/\/superseeds.dk\/no\/produkt\/smashberry-fumez-feminiseret-anesia-seeds\/","og_locale":"nb_NO","og_type":"article","og_title":"Smashberry Fumez (Feminiseret) - Anesia Seeds - Superseeds.dk","og_description":"&nbsp;  Candy Fumez x Oracle Octane   Genetik: 60% Indica \/ 40% Sativa  Udbytte: 650g\/m\u00b2 \u2022 800-1100 g\/plant  Blomstringstid: 9 uger  Velegnet til indend\u00f8rs og udend\u00f8rs  H\u00f8jde: 90-130 cm \u2022 180-220 cm  THC: Op til 35%  Smag: Gasset og s\u00f8dt","og_url":"https:\/\/superseeds.dk\/no\/produkt\/smashberry-fumez-feminiseret-anesia-seeds\/","og_site_name":"Superseeds.dk","article_modified_time":"2026-05-05T14:01:56+00:00","og_image":[{"width":600,"height":800,"url":"https:\/\/superseeds.dk\/wp-content\/uploads\/2026\/03\/smashberry-fumez-feminiseret-anesia.png","type":"image\/png"}],"twitter_card":"summary_large_image","twitter_misc":{"Ansl. lesetid":"1 minutt"},"schema":{"@context":"https:\/\/schema.org","@graph":[{"@type":"WebPage","@id":"https:\/\/superseeds.dk\/vare\/smashberry-fumez-feminiseret-anesia-seeds\/","url":"https:\/\/superseeds.dk\/vare\/smashberry-fumez-feminiseret-anesia-seeds\/","name":"Smashberry Fumez (Feminiseret) - Anesia Seeds - Superseeds.dk","isPartOf":{"@id":"https:\/\/super-seeds.se\/#website"},"primaryImageOfPage":{"@id":"https:\/\/superseeds.dk\/vare\/smashberry-fumez-feminiseret-anesia-seeds\/#primaryimage"},"image":{"@id":"https:\/\/superseeds.dk\/vare\/smashberry-fumez-feminiseret-anesia-seeds\/#primaryimage"},"thumbnailUrl":"https:\/\/superseeds.dk\/wp-content\/uploads\/2026\/03\/smashberry-fumez-feminiseret-anesia.png","datePublished":"2026-03-18T11:14:28+00:00","dateModified":"2026-05-05T14:01:56+00:00","breadcrumb":{"@id":"https:\/\/superseeds.dk\/vare\/smashberry-fumez-feminiseret-anesia-seeds\/#breadcrumb"},"inLanguage":"nb-NO","potentialAction":[{"@type":"ReadAction","target":["https:\/\/superseeds.dk\/vare\/smashberry-fumez-feminiseret-anesia-seeds\/"]}]},{"@type":"ImageObject","inLanguage":"nb-NO","@id":"https:\/\/superseeds.dk\/vare\/smashberry-fumez-feminiseret-anesia-seeds\/#primaryimage","url":"https:\/\/superseeds.dk\/wp-content\/uploads\/2026\/03\/smashberry-fumez-feminiseret-anesia.png","contentUrl":"https:\/\/superseeds.dk\/wp-content\/uploads\/2026\/03\/smashberry-fumez-feminiseret-anesia.png","width":600,"height":800},{"@type":"BreadcrumbList","@id":"https:\/\/superseeds.dk\/vare\/smashberry-fumez-feminiseret-anesia-seeds\/#breadcrumb","itemListElement":[{"@type":"ListItem","position":1,"name":"Hjem","item":"https:\/\/superseeds.dk\/"},{"@type":"ListItem","position":2,"name":"Shop","item":"https:\/\/superseeds.dk\/no\/butikk\/"},{"@type":"ListItem","position":3,"name":"Smashberry Fumez (Feminiseret) &#8211; Anesia Seeds"}]},{"@type":"WebSite","@id":"https:\/\/super-seeds.se\/#website","url":"https:\/\/super-seeds.se\/","name":"Superseeds.com","description":"","publisher":{"@id":"https:\/\/super-seeds.se\/#organization"},"potentialAction":[{"@type":"SearchAction","target":{"@type":"EntryPoint","urlTemplate":"https:\/\/super-seeds.se\/?s={search_term_string}"},"query-input":{"@type":"PropertyValueSpecification","valueRequired":true,"valueName":"search_term_string"}}],"inLanguage":"nb-NO"},{"@type":"Organization","@id":"https:\/\/super-seeds.se\/#organization","name":"Superseeds.com","url":"https:\/\/super-seeds.se\/","logo":{"@type":"ImageObject","inLanguage":"nb-NO","@id":"https:\/\/super-seeds.se\/#\/schema\/logo\/image\/","url":"https:\/\/superseeds.dk\/wp-content\/uploads\/2025\/09\/logo-superseeds.png","contentUrl":"https:\/\/superseeds.dk\/wp-content\/uploads\/2025\/09\/logo-superseeds.png","width":180,"height":160,"caption":"Superseeds.dk"},"image":{"@id":"https:\/\/super-seeds.se\/#\/schema\/logo\/image\/"}}]}},"df_price":289,"df_sale_price":"","df_regular_price":289,"df_image_link":"https:\/\/superseeds.dk\/wp-content\/uploads\/2026\/03\/smashberry-fumez-feminiseret-anesia.png","_links":{"self":[{"href":"https:\/\/superseeds.dk\/no\/wp-json\/wp\/v2\/product\/70699","targetHints":{"allow":["GET"]}}],"collection":[{"href":"https:\/\/superseeds.dk\/no\/wp-json\/wp\/v2\/product"}],"about":[{"href":"https:\/\/superseeds.dk\/no\/wp-json\/wp\/v2\/types\/product"}],"wp:featuredmedia":[{"embeddable":true,"href":"https:\/\/superseeds.dk\/no\/wp-json\/wp\/v2\/media\/70700"}],"wp:attachment":[{"href":"https:\/\/superseeds.dk\/no\/wp-json\/wp\/v2\/media?parent=70699"}],"wp:term":[{"taxonomy":"product_brand","embeddable":true,"href":"https:\/\/superseeds.dk\/no\/wp-json\/wp\/v2\/product_brand?post=70699"},{"taxonomy":"product_cat","embeddable":true,"href":"https:\/\/superseeds.dk\/no\/wp-json\/wp\/v2\/product_cat?post=70699"},{"taxonomy":"product_tag","embeddable":true,"href":"https:\/\/superseeds.dk\/no\/wp-json\/wp\/v2\/product_tag?post=70699"}],"curies":[{"name":"wp","href":"https:\/\/api.w.org\/{rel}","templated":true}]}}