{"id":65814,"date":"2025-09-08T15:38:42","date_gmt":"2025-09-08T13:38:42","guid":{"rendered":"https:\/\/superseeds.dk\/vare\/wax-collector-vape-pen-dexso\/"},"modified":"2025-09-17T15:24:14","modified_gmt":"2025-09-17T13:24:14","slug":"wax-collector-vape-pen-dexso","status":"publish","type":"product","link":"https:\/\/superseeds.dk\/no\/produkt\/wax-collector-vape-pen-dexso\/","title":{"rendered":"Wax Collector Vape Pen &#8211; Dexso"},"content":{"rendered":"<div class=\"elementor-element elementor-element-ef99738 elementor-widget elementor-widget-heading\" data-id=\"ef99738\" data-element_type=\"widget\" data-widget_type=\"heading.default\">\n<div class=\"elementor-widget-container\">\n<h5 class=\"elementor-heading-title elementor-size-default\"><span dir=\"auto\">FORDELE OG FUNKTIONER<\/span><\/h5>\n<\/div>\n<\/div>\n<div class=\"elementor-element elementor-element-9615764 elementor-widget elementor-widget-text-editor\" data-id=\"9615764\" data-element_type=\"widget\" data-widget_type=\"text-editor.default\">\n<div class=\"elementor-widget-container\">\n<div>\n<p><strong><span dir=\"auto\">Por\u00f8s ekstrakttank med integreret varmespiral.<\/span><\/strong><br \/>\n<span dir=\"auto\">For det f\u00f8rste g\u00f8r den ekstrakterne flydende ved kontakt, hvilket g\u00f8r det nemt at suge dem ned i tanken med et enkelt tryk p\u00e5 en knap. For det andet beskytter den dobbelte varmefunktion varmespiralen mod overophedning og sikrer ideel fordampning af ekstrakterne for uovertruffen ydeevne.<\/span><\/p>\n<p><strong><span dir=\"auto\">Aftageligt k\u00f8ler\u00f8r.<\/span><\/strong><br \/>\n<span dir=\"auto\">Det integrerede k\u00f8ler\u00f8r k\u00f8ler dampen ned til en behagelig temperatur. Forebygger kl\u00f8ende hals og hoste. Nyd den fyldigeste smag og en j\u00e6vn oplevelse med hver vape-session! Denne funktion muligg\u00f8r ogs\u00e5 sikker transport og nem reng\u00f8ring.<\/span><\/p>\n<p><strong><span dir=\"auto\">Udskifteligt hovedstykke<\/span><\/strong><br \/>\n<span dir=\"auto\">garanterer Dexso Nectar Collector Vape Pennens levetid, designet til kvalitet, alsidighed og holdbarhed. S\u00e5ledes holder dit vapev\u00e6rkt\u00f8j lige s\u00e5 l\u00e6nge som batteriet.<\/span><\/p>\n<p><strong><span dir=\"auto\">Nem reng\u00f8ring og vedligeholdelse.<\/span><\/strong><br \/>\n<span dir=\"auto\">Det modul\u00e6re design muligg\u00f8r enkel og brugervenlig reng\u00f8ring, s\u00e5 din vapepen holdes i topform med minimal indsats.<\/span><\/p>\n<p><strong><span dir=\"auto\">B\u00e6rbar og diskret<\/span><\/strong><br \/>\n<span dir=\"auto\">Dens kompakte design g\u00f8r den nem at b\u00e6re og bruge diskret. Udstyret med USB-C hurtigopladning til hurtig og bekvem opladning, s\u00e5 du kan tage dine ekstrakter med p\u00e5 farten.<\/span><\/p>\n<p><strong><span dir=\"auto\">Opl\u00f8sningsmiddelfri<\/span><\/strong><br \/>\n<span dir=\"auto\">Kr\u00e6ver ikke opl\u00f8sningsmidler som PEG 400, s\u00e5 dette vapev\u00e6rkt\u00f8j muligg\u00f8r indtagelse af rene ekstrakter. Derfor er det ideelt for dem, der s\u00f8ger en ren og potent vapingoplevelse, der er egnet til medicinske ekstrakter.<\/span><\/p>\n<p><strong><span dir=\"auto\">Omkostningseffektiv og bekvem.<\/span><\/strong><br \/>\n<span dir=\"auto\">Desuden tilbyder den med en pris p\u00e5 omkring 35 \u20ac stor v\u00e6rdi for cannabisentusiaster, der s\u00f8ger kvalitet.<\/span><\/p>\n<p><strong><span dir=\"auto\">Unikt og innovativt design.<\/span><\/strong><br \/>\n<span dir=\"auto\">Du kan v\u00e6lge mellem klassisk hvid, elegant sort eller livlig bl\u00e5, s\u00e5 den matcher din personlige stil. Endelig adskiller kombinationen af \u200b\u200bpor\u00f8s ekstrakttank, integreret varmespiral og aftageligt k\u00f8ler\u00f8r den fra andre vape-penne p\u00e5 markedet.<\/span><\/p>\n<\/div>\n<\/div>\n<\/div>","protected":false},"excerpt":{"rendered":"<p>Oplev problemfri vaping med Dexso Nectar Collector Vape Pen!<\/p>\n<p>Dette elegante og innovative vape-v\u00e6rkt\u00f8j har en por\u00f8s ekstrakttank, dobbelt varmefunktion, USB-C hurtigopladning og et aftageligt k\u00f8ler\u00f8r.<\/p>\n<p>Derudover f\u00e5s denne praktiske vape-pen i tre stilfulde farver. S\u00f8rg for at f\u00e5 den bedst mulige vape-oplevelse hver gang.<\/p>","protected":false},"featured_media":66135,"template":"","meta":{"_acf_changed":false},"product_brand":[],"product_cat":[2146,1998,1795],"product_tag":[],"class_list":{"0":"post-65814","1":"product","2":"type-product","3":"status-publish","4":"has-post-thumbnail","6":"product_cat-diverse-vapes","7":"product_cat-vape","8":"product_cat-headshop","10":"first","11":"instock","12":"taxable","13":"shipping-taxable","14":"purchasable","15":"product-type-simple"},"acf":[],"yoast_head":"<!-- This site is optimized with the Yoast SEO plugin v26.9 - https:\/\/yoast.com\/product\/yoast-seo-wordpress\/ -->\n<title>Wax Collector Vape Pen - Dexso - Superseeds.dk<\/title>\n<meta name=\"robots\" content=\"index, follow, max-snippet:-1, max-image-preview:large, max-video-preview:-1\" \/>\n<link rel=\"canonical\" href=\"https:\/\/superseeds.dk\/no\/produkt\/wax-collector-vape-pen-dexso\/\" \/>\n<meta property=\"og:locale\" content=\"nb_NO\" \/>\n<meta property=\"og:type\" content=\"article\" \/>\n<meta property=\"og:title\" content=\"Wax Collector Vape Pen - Dexso - Superseeds.dk\" \/>\n<meta property=\"og:description\" content=\"Oplev problemfri vaping med Dexso Nectar Collector Vape Pen!  Dette elegante og innovative vape-v\u00e6rkt\u00f8j har en por\u00f8s ekstrakttank, dobbelt varmefunktion, USB-C hurtigopladning og et aftageligt k\u00f8ler\u00f8r.  Derudover f\u00e5s denne praktiske vape-pen i tre stilfulde farver. S\u00f8rg for at f\u00e5 den bedst mulige vape-oplevelse hver gang.\" \/>\n<meta property=\"og:url\" content=\"https:\/\/superseeds.dk\/no\/produkt\/wax-collector-vape-pen-dexso\/\" \/>\n<meta property=\"og:site_name\" content=\"Superseeds.dk\" \/>\n<meta property=\"article:modified_time\" content=\"2025-09-17T13:24:14+00:00\" \/>\n<meta name=\"twitter:card\" content=\"summary_large_image\" \/>\n<meta name=\"twitter:label1\" content=\"Ansl. lesetid\" \/>\n\t<meta name=\"twitter:data1\" content=\"1 minutt\" \/>\n<script type=\"application\/ld+json\" class=\"yoast-schema-graph\">{\"@context\":\"https:\/\/schema.org\",\"@graph\":[{\"@type\":\"WebPage\",\"@id\":\"https:\/\/superseeds.dk\/vare\/wax-collector-vape-pen-dexso\/\",\"url\":\"https:\/\/superseeds.dk\/vare\/wax-collector-vape-pen-dexso\/\",\"name\":\"Wax Collector Vape Pen - Dexso - Superseeds.dk\",\"isPartOf\":{\"@id\":\"https:\/\/super-seeds.se\/#website\"},\"primaryImageOfPage\":{\"@id\":\"https:\/\/superseeds.dk\/vare\/wax-collector-vape-pen-dexso\/#primaryimage\"},\"image\":{\"@id\":\"https:\/\/superseeds.dk\/vare\/wax-collector-vape-pen-dexso\/#primaryimage\"},\"thumbnailUrl\":\"https:\/\/superseeds.dk\/wp-content\/uploads\/2025\/09\/Wax-Collector-Vape-Pen-\u2013-Dexso.png\",\"datePublished\":\"2025-09-08T13:38:42+00:00\",\"dateModified\":\"2025-09-17T13:24:14+00:00\",\"breadcrumb\":{\"@id\":\"https:\/\/superseeds.dk\/vare\/wax-collector-vape-pen-dexso\/#breadcrumb\"},\"inLanguage\":\"nb-NO\",\"potentialAction\":[{\"@type\":\"ReadAction\",\"target\":[\"https:\/\/superseeds.dk\/vare\/wax-collector-vape-pen-dexso\/\"]}]},{\"@type\":\"ImageObject\",\"inLanguage\":\"nb-NO\",\"@id\":\"https:\/\/superseeds.dk\/vare\/wax-collector-vape-pen-dexso\/#primaryimage\",\"url\":\"https:\/\/superseeds.dk\/wp-content\/uploads\/2025\/09\/Wax-Collector-Vape-Pen-\u2013-Dexso.png\",\"contentUrl\":\"https:\/\/superseeds.dk\/wp-content\/uploads\/2025\/09\/Wax-Collector-Vape-Pen-\u2013-Dexso.png\",\"width\":1080,\"height\":1080},{\"@type\":\"BreadcrumbList\",\"@id\":\"https:\/\/superseeds.dk\/vare\/wax-collector-vape-pen-dexso\/#breadcrumb\",\"itemListElement\":[{\"@type\":\"ListItem\",\"position\":1,\"name\":\"Hjem\",\"item\":\"https:\/\/superseeds.dk\/\"},{\"@type\":\"ListItem\",\"position\":2,\"name\":\"Shop\",\"item\":\"https:\/\/superseeds.dk\/no\/butikk\/\"},{\"@type\":\"ListItem\",\"position\":3,\"name\":\"Wax Collector Vape Pen &#8211; Dexso\"}]},{\"@type\":\"WebSite\",\"@id\":\"https:\/\/super-seeds.se\/#website\",\"url\":\"https:\/\/super-seeds.se\/\",\"name\":\"Superseeds.dk\",\"description\":\"\",\"publisher\":{\"@id\":\"https:\/\/super-seeds.se\/#organization\"},\"potentialAction\":[{\"@type\":\"SearchAction\",\"target\":{\"@type\":\"EntryPoint\",\"urlTemplate\":\"https:\/\/super-seeds.se\/?s={search_term_string}\"},\"query-input\":{\"@type\":\"PropertyValueSpecification\",\"valueRequired\":true,\"valueName\":\"search_term_string\"}}],\"inLanguage\":\"nb-NO\"},{\"@type\":\"Organization\",\"@id\":\"https:\/\/super-seeds.se\/#organization\",\"name\":\"Superseeds.dk\",\"url\":\"https:\/\/super-seeds.se\/\",\"logo\":{\"@type\":\"ImageObject\",\"inLanguage\":\"nb-NO\",\"@id\":\"https:\/\/super-seeds.se\/#\/schema\/logo\/image\/\",\"url\":\"https:\/\/superseeds.dk\/wp-content\/uploads\/2025\/09\/logo-superseeds.png\",\"contentUrl\":\"https:\/\/superseeds.dk\/wp-content\/uploads\/2025\/09\/logo-superseeds.png\",\"width\":180,\"height\":160,\"caption\":\"Superseeds.dk\"},\"image\":{\"@id\":\"https:\/\/super-seeds.se\/#\/schema\/logo\/image\/\"}}]}<\/script>\n<!-- \/ Yoast SEO plugin. -->","yoast_head_json":{"title":"Wax Collector Vape Pen - Dexso - Superseeds.dk","robots":{"index":"index","follow":"follow","max-snippet":"max-snippet:-1","max-image-preview":"max-image-preview:large","max-video-preview":"max-video-preview:-1"},"canonical":"https:\/\/superseeds.dk\/no\/produkt\/wax-collector-vape-pen-dexso\/","og_locale":"nb_NO","og_type":"article","og_title":"Wax Collector Vape Pen - Dexso - Superseeds.dk","og_description":"Oplev problemfri vaping med Dexso Nectar Collector Vape Pen!  Dette elegante og innovative vape-v\u00e6rkt\u00f8j har en por\u00f8s ekstrakttank, dobbelt varmefunktion, USB-C hurtigopladning og et aftageligt k\u00f8ler\u00f8r.  Derudover f\u00e5s denne praktiske vape-pen i tre stilfulde farver. S\u00f8rg for at f\u00e5 den bedst mulige vape-oplevelse hver gang.","og_url":"https:\/\/superseeds.dk\/no\/produkt\/wax-collector-vape-pen-dexso\/","og_site_name":"Superseeds.dk","article_modified_time":"2025-09-17T13:24:14+00:00","twitter_card":"summary_large_image","twitter_misc":{"Ansl. lesetid":"1 minutt"},"schema":{"@context":"https:\/\/schema.org","@graph":[{"@type":"WebPage","@id":"https:\/\/superseeds.dk\/vare\/wax-collector-vape-pen-dexso\/","url":"https:\/\/superseeds.dk\/vare\/wax-collector-vape-pen-dexso\/","name":"Wax Collector Vape Pen - Dexso - Superseeds.dk","isPartOf":{"@id":"https:\/\/super-seeds.se\/#website"},"primaryImageOfPage":{"@id":"https:\/\/superseeds.dk\/vare\/wax-collector-vape-pen-dexso\/#primaryimage"},"image":{"@id":"https:\/\/superseeds.dk\/vare\/wax-collector-vape-pen-dexso\/#primaryimage"},"thumbnailUrl":"https:\/\/superseeds.dk\/wp-content\/uploads\/2025\/09\/Wax-Collector-Vape-Pen-\u2013-Dexso.png","datePublished":"2025-09-08T13:38:42+00:00","dateModified":"2025-09-17T13:24:14+00:00","breadcrumb":{"@id":"https:\/\/superseeds.dk\/vare\/wax-collector-vape-pen-dexso\/#breadcrumb"},"inLanguage":"nb-NO","potentialAction":[{"@type":"ReadAction","target":["https:\/\/superseeds.dk\/vare\/wax-collector-vape-pen-dexso\/"]}]},{"@type":"ImageObject","inLanguage":"nb-NO","@id":"https:\/\/superseeds.dk\/vare\/wax-collector-vape-pen-dexso\/#primaryimage","url":"https:\/\/superseeds.dk\/wp-content\/uploads\/2025\/09\/Wax-Collector-Vape-Pen-\u2013-Dexso.png","contentUrl":"https:\/\/superseeds.dk\/wp-content\/uploads\/2025\/09\/Wax-Collector-Vape-Pen-\u2013-Dexso.png","width":1080,"height":1080},{"@type":"BreadcrumbList","@id":"https:\/\/superseeds.dk\/vare\/wax-collector-vape-pen-dexso\/#breadcrumb","itemListElement":[{"@type":"ListItem","position":1,"name":"Hjem","item":"https:\/\/superseeds.dk\/"},{"@type":"ListItem","position":2,"name":"Shop","item":"https:\/\/superseeds.dk\/no\/butikk\/"},{"@type":"ListItem","position":3,"name":"Wax Collector Vape Pen &#8211; Dexso"}]},{"@type":"WebSite","@id":"https:\/\/super-seeds.se\/#website","url":"https:\/\/super-seeds.se\/","name":"Superseeds.com","description":"","publisher":{"@id":"https:\/\/super-seeds.se\/#organization"},"potentialAction":[{"@type":"SearchAction","target":{"@type":"EntryPoint","urlTemplate":"https:\/\/super-seeds.se\/?s={search_term_string}"},"query-input":{"@type":"PropertyValueSpecification","valueRequired":true,"valueName":"search_term_string"}}],"inLanguage":"nb-NO"},{"@type":"Organization","@id":"https:\/\/super-seeds.se\/#organization","name":"Superseeds.com","url":"https:\/\/super-seeds.se\/","logo":{"@type":"ImageObject","inLanguage":"nb-NO","@id":"https:\/\/super-seeds.se\/#\/schema\/logo\/image\/","url":"https:\/\/superseeds.dk\/wp-content\/uploads\/2025\/09\/logo-superseeds.png","contentUrl":"https:\/\/superseeds.dk\/wp-content\/uploads\/2025\/09\/logo-superseeds.png","width":180,"height":160,"caption":"Superseeds.dk"},"image":{"@id":"https:\/\/super-seeds.se\/#\/schema\/logo\/image\/"}}]}},"df_price":239,"df_sale_price":"","df_regular_price":239,"df_image_link":"https:\/\/superseeds.dk\/wp-content\/uploads\/2025\/09\/Wax-Collector-Vape-Pen-\u2013-Dexso-1024x1024.png","_links":{"self":[{"href":"https:\/\/superseeds.dk\/no\/wp-json\/wp\/v2\/product\/65814","targetHints":{"allow":["GET"]}}],"collection":[{"href":"https:\/\/superseeds.dk\/no\/wp-json\/wp\/v2\/product"}],"about":[{"href":"https:\/\/superseeds.dk\/no\/wp-json\/wp\/v2\/types\/product"}],"wp:featuredmedia":[{"embeddable":true,"href":"https:\/\/superseeds.dk\/no\/wp-json\/wp\/v2\/media\/66135"}],"wp:attachment":[{"href":"https:\/\/superseeds.dk\/no\/wp-json\/wp\/v2\/media?parent=65814"}],"wp:term":[{"taxonomy":"product_brand","embeddable":true,"href":"https:\/\/superseeds.dk\/no\/wp-json\/wp\/v2\/product_brand?post=65814"},{"taxonomy":"product_cat","embeddable":true,"href":"https:\/\/superseeds.dk\/no\/wp-json\/wp\/v2\/product_cat?post=65814"},{"taxonomy":"product_tag","embeddable":true,"href":"https:\/\/superseeds.dk\/no\/wp-json\/wp\/v2\/product_tag?post=65814"}],"curies":[{"name":"wp","href":"https:\/\/api.w.org\/{rel}","templated":true}]}}