{"id":65205,"date":"2025-07-31T07:36:33","date_gmt":"2025-07-31T05:36:33","guid":{"rendered":"https:\/\/superseeds.dk\/vare\/plagron-13-14\/"},"modified":"2025-07-31T07:36:35","modified_gmt":"2025-07-31T05:36:35","slug":"plagron-13-14","status":"publish","type":"product","link":"https:\/\/superseeds.dk\/no\/produkt\/plagron-13-14\/","title":{"rendered":"Plagron 13\/14"},"content":{"rendered":"<p>PK 13-14 er en mineralsk g\u00f8dning, der giver planterne ekstra phosphor og kalium i blomstringsfasen, hvilket resulterer i frugter, der er mere kompakte, solide og tunge.<\/p>\n<p>Dosering og brug: Ryst godt f\u00f8r brug. Tils\u00e6t 2 ml PK 13-14 pr. 1 liter vand (1:500).<br \/>\nDerefter tils\u00e6ttes den grundl\u00e6ggende g\u00f8dning, indtil den \u00f8nskede EC-v\u00e6rdi er n\u00e5et. Brug denne g\u00f8dningsl\u00f8sning hver gang planterne vandes i blomstringsfasen.<\/p>\n<p>Egenskaber: NPK-g\u00f8dning (0-13-14)<\/p>\n<p>Fordele ved PK 13-14:<\/p>\n<ul>\n<li>Stimulerer og accelererer v\u00e6kst og blomstring<\/li>\n<li>S\u00f8rger for mere kompakte blomster<\/li>\n<li>Stimulerer frugtning<\/li>\n<\/ul>\n<p>Tip fra Plagron:<\/p>\n<ul>\n<li>Kombiner PK 13-14 med Sugar Royal for optimale resultater.<\/li>\n<\/ul>","protected":false},"excerpt":{"rendered":"<p>PK 13-14 er en mineralsk g\u00f8dning, der giver planterne ekstra phosphor og kalium i blomstringsfasen, hvilket resulterer i frugter, der er mere kompakte, solide og tunge.<\/p>","protected":false},"featured_media":65207,"template":"","meta":{"_acf_changed":false},"product_brand":[],"product_cat":[1877,1836],"product_tag":[],"class_list":{"0":"post-65205","1":"product","2":"type-product","3":"status-publish","4":"has-post-thumbnail","6":"product_cat-plagron","7":"product_cat-plantegoedning","8":"pa_liter-1-l","10":"first","11":"instock","12":"taxable","13":"shipping-taxable","14":"purchasable","15":"product-type-variable","16":"wvs-archive-product-wrapper"},"acf":[],"yoast_head":"<!-- This site is optimized with the Yoast SEO plugin v26.9 - https:\/\/yoast.com\/product\/yoast-seo-wordpress\/ -->\n<title>Plagron 13\/14 - Superseeds.dk<\/title>\n<meta name=\"robots\" content=\"index, follow, max-snippet:-1, max-image-preview:large, max-video-preview:-1\" \/>\n<link rel=\"canonical\" href=\"https:\/\/superseeds.dk\/no\/produkt\/plagron-13-14\/\" \/>\n<meta property=\"og:locale\" content=\"nb_NO\" \/>\n<meta property=\"og:type\" content=\"article\" \/>\n<meta property=\"og:title\" content=\"Plagron 13\/14 - Superseeds.dk\" \/>\n<meta property=\"og:description\" content=\"PK 13-14 er en mineralsk g\u00f8dning, der giver planterne ekstra phosphor og kalium i blomstringsfasen, hvilket resulterer i frugter, der er mere kompakte, solide og tunge.\" \/>\n<meta property=\"og:url\" content=\"https:\/\/superseeds.dk\/no\/produkt\/plagron-13-14\/\" \/>\n<meta property=\"og:site_name\" content=\"Superseeds.dk\" \/>\n<meta property=\"article:modified_time\" content=\"2025-07-31T05:36:35+00:00\" \/>\n<meta property=\"og:image\" content=\"https:\/\/super-seeds.no\/wp-content\/uploads\/2025\/07\/plagron-pk-13-14-1-litre-2.jpg\" \/>\n\t<meta property=\"og:image:width\" content=\"1600\" \/>\n\t<meta property=\"og:image:height\" content=\"1600\" \/>\n\t<meta property=\"og:image:type\" content=\"image\/jpeg\" \/>\n<meta name=\"twitter:card\" content=\"summary_large_image\" \/>\n<meta name=\"twitter:label1\" content=\"Ansl. lesetid\" \/>\n\t<meta name=\"twitter:data1\" content=\"1 minutt\" \/>\n<script type=\"application\/ld+json\" class=\"yoast-schema-graph\">{\"@context\":\"https:\/\/schema.org\",\"@graph\":[{\"@type\":\"WebPage\",\"@id\":\"https:\/\/superseeds.dk\/vare\/plagron-13-14\/\",\"url\":\"https:\/\/superseeds.dk\/vare\/plagron-13-14\/\",\"name\":\"Plagron 13\/14 - Superseeds.dk\",\"isPartOf\":{\"@id\":\"https:\/\/super-seeds.se\/#website\"},\"primaryImageOfPage\":{\"@id\":\"https:\/\/superseeds.dk\/vare\/plagron-13-14\/#primaryimage\"},\"image\":{\"@id\":\"https:\/\/superseeds.dk\/vare\/plagron-13-14\/#primaryimage\"},\"thumbnailUrl\":\"https:\/\/superseeds.dk\/wp-content\/uploads\/2025\/07\/plagron-pk-13-14-1-litre-2.jpg\",\"datePublished\":\"2025-07-31T05:36:33+00:00\",\"dateModified\":\"2025-07-31T05:36:35+00:00\",\"breadcrumb\":{\"@id\":\"https:\/\/superseeds.dk\/vare\/plagron-13-14\/#breadcrumb\"},\"inLanguage\":\"nb-NO\",\"potentialAction\":[{\"@type\":\"ReadAction\",\"target\":[\"https:\/\/superseeds.dk\/vare\/plagron-13-14\/\"]}]},{\"@type\":\"ImageObject\",\"inLanguage\":\"nb-NO\",\"@id\":\"https:\/\/superseeds.dk\/vare\/plagron-13-14\/#primaryimage\",\"url\":\"https:\/\/superseeds.dk\/wp-content\/uploads\/2025\/07\/plagron-pk-13-14-1-litre-2.jpg\",\"contentUrl\":\"https:\/\/superseeds.dk\/wp-content\/uploads\/2025\/07\/plagron-pk-13-14-1-litre-2.jpg\",\"width\":1600,\"height\":1600},{\"@type\":\"BreadcrumbList\",\"@id\":\"https:\/\/superseeds.dk\/vare\/plagron-13-14\/#breadcrumb\",\"itemListElement\":[{\"@type\":\"ListItem\",\"position\":1,\"name\":\"Hjem\",\"item\":\"https:\/\/superseeds.dk\/\"},{\"@type\":\"ListItem\",\"position\":2,\"name\":\"Shop\",\"item\":\"https:\/\/superseeds.dk\/no\/butikk\/\"},{\"@type\":\"ListItem\",\"position\":3,\"name\":\"Plagron 13\/14\"}]},{\"@type\":\"WebSite\",\"@id\":\"https:\/\/super-seeds.se\/#website\",\"url\":\"https:\/\/super-seeds.se\/\",\"name\":\"Superseeds.dk\",\"description\":\"\",\"publisher\":{\"@id\":\"https:\/\/super-seeds.se\/#organization\"},\"potentialAction\":[{\"@type\":\"SearchAction\",\"target\":{\"@type\":\"EntryPoint\",\"urlTemplate\":\"https:\/\/super-seeds.se\/?s={search_term_string}\"},\"query-input\":{\"@type\":\"PropertyValueSpecification\",\"valueRequired\":true,\"valueName\":\"search_term_string\"}}],\"inLanguage\":\"nb-NO\"},{\"@type\":\"Organization\",\"@id\":\"https:\/\/super-seeds.se\/#organization\",\"name\":\"Superseeds.dk\",\"url\":\"https:\/\/super-seeds.se\/\",\"logo\":{\"@type\":\"ImageObject\",\"inLanguage\":\"nb-NO\",\"@id\":\"https:\/\/super-seeds.se\/#\/schema\/logo\/image\/\",\"url\":\"https:\/\/superseeds.dk\/wp-content\/uploads\/2025\/09\/logo-superseeds.png\",\"contentUrl\":\"https:\/\/superseeds.dk\/wp-content\/uploads\/2025\/09\/logo-superseeds.png\",\"width\":180,\"height\":160,\"caption\":\"Superseeds.dk\"},\"image\":{\"@id\":\"https:\/\/super-seeds.se\/#\/schema\/logo\/image\/\"}}]}<\/script>\n<!-- \/ Yoast SEO plugin. -->","yoast_head_json":{"title":"Plagron 13\/14 - Superseeds.dk","robots":{"index":"index","follow":"follow","max-snippet":"max-snippet:-1","max-image-preview":"max-image-preview:large","max-video-preview":"max-video-preview:-1"},"canonical":"https:\/\/superseeds.dk\/no\/produkt\/plagron-13-14\/","og_locale":"nb_NO","og_type":"article","og_title":"Plagron 13\/14 - Superseeds.dk","og_description":"PK 13-14 er en mineralsk g\u00f8dning, der giver planterne ekstra phosphor og kalium i blomstringsfasen, hvilket resulterer i frugter, der er mere kompakte, solide og tunge.","og_url":"https:\/\/superseeds.dk\/no\/produkt\/plagron-13-14\/","og_site_name":"Superseeds.dk","article_modified_time":"2025-07-31T05:36:35+00:00","og_image":[{"width":1600,"height":1600,"url":"https:\/\/super-seeds.no\/wp-content\/uploads\/2025\/07\/plagron-pk-13-14-1-litre-2.jpg","type":"image\/jpeg"}],"twitter_card":"summary_large_image","twitter_misc":{"Ansl. lesetid":"1 minutt"},"schema":{"@context":"https:\/\/schema.org","@graph":[{"@type":"WebPage","@id":"https:\/\/superseeds.dk\/vare\/plagron-13-14\/","url":"https:\/\/superseeds.dk\/vare\/plagron-13-14\/","name":"Plagron 13\/14 - Superseeds.dk","isPartOf":{"@id":"https:\/\/super-seeds.se\/#website"},"primaryImageOfPage":{"@id":"https:\/\/superseeds.dk\/vare\/plagron-13-14\/#primaryimage"},"image":{"@id":"https:\/\/superseeds.dk\/vare\/plagron-13-14\/#primaryimage"},"thumbnailUrl":"https:\/\/superseeds.dk\/wp-content\/uploads\/2025\/07\/plagron-pk-13-14-1-litre-2.jpg","datePublished":"2025-07-31T05:36:33+00:00","dateModified":"2025-07-31T05:36:35+00:00","breadcrumb":{"@id":"https:\/\/superseeds.dk\/vare\/plagron-13-14\/#breadcrumb"},"inLanguage":"nb-NO","potentialAction":[{"@type":"ReadAction","target":["https:\/\/superseeds.dk\/vare\/plagron-13-14\/"]}]},{"@type":"ImageObject","inLanguage":"nb-NO","@id":"https:\/\/superseeds.dk\/vare\/plagron-13-14\/#primaryimage","url":"https:\/\/superseeds.dk\/wp-content\/uploads\/2025\/07\/plagron-pk-13-14-1-litre-2.jpg","contentUrl":"https:\/\/superseeds.dk\/wp-content\/uploads\/2025\/07\/plagron-pk-13-14-1-litre-2.jpg","width":1600,"height":1600},{"@type":"BreadcrumbList","@id":"https:\/\/superseeds.dk\/vare\/plagron-13-14\/#breadcrumb","itemListElement":[{"@type":"ListItem","position":1,"name":"Hjem","item":"https:\/\/superseeds.dk\/"},{"@type":"ListItem","position":2,"name":"Shop","item":"https:\/\/superseeds.dk\/no\/butikk\/"},{"@type":"ListItem","position":3,"name":"Plagron 13\/14"}]},{"@type":"WebSite","@id":"https:\/\/super-seeds.se\/#website","url":"https:\/\/super-seeds.se\/","name":"Superseeds.com","description":"","publisher":{"@id":"https:\/\/super-seeds.se\/#organization"},"potentialAction":[{"@type":"SearchAction","target":{"@type":"EntryPoint","urlTemplate":"https:\/\/super-seeds.se\/?s={search_term_string}"},"query-input":{"@type":"PropertyValueSpecification","valueRequired":true,"valueName":"search_term_string"}}],"inLanguage":"nb-NO"},{"@type":"Organization","@id":"https:\/\/super-seeds.se\/#organization","name":"Superseeds.com","url":"https:\/\/super-seeds.se\/","logo":{"@type":"ImageObject","inLanguage":"nb-NO","@id":"https:\/\/super-seeds.se\/#\/schema\/logo\/image\/","url":"https:\/\/superseeds.dk\/wp-content\/uploads\/2025\/09\/logo-superseeds.png","contentUrl":"https:\/\/superseeds.dk\/wp-content\/uploads\/2025\/09\/logo-superseeds.png","width":180,"height":160,"caption":"Superseeds.dk"},"image":{"@id":"https:\/\/super-seeds.se\/#\/schema\/logo\/image\/"}}]}},"df_price":89,"df_sale_price":"","df_regular_price":89,"df_image_link":"https:\/\/superseeds.dk\/wp-content\/uploads\/2025\/07\/plagron-pk-13-14-1-litre-2-1024x1024.jpg","_links":{"self":[{"href":"https:\/\/superseeds.dk\/no\/wp-json\/wp\/v2\/product\/65205","targetHints":{"allow":["GET"]}}],"collection":[{"href":"https:\/\/superseeds.dk\/no\/wp-json\/wp\/v2\/product"}],"about":[{"href":"https:\/\/superseeds.dk\/no\/wp-json\/wp\/v2\/types\/product"}],"wp:featuredmedia":[{"embeddable":true,"href":"https:\/\/superseeds.dk\/no\/wp-json\/wp\/v2\/media\/65207"}],"wp:attachment":[{"href":"https:\/\/superseeds.dk\/no\/wp-json\/wp\/v2\/media?parent=65205"}],"wp:term":[{"taxonomy":"product_brand","embeddable":true,"href":"https:\/\/superseeds.dk\/no\/wp-json\/wp\/v2\/product_brand?post=65205"},{"taxonomy":"product_cat","embeddable":true,"href":"https:\/\/superseeds.dk\/no\/wp-json\/wp\/v2\/product_cat?post=65205"},{"taxonomy":"product_tag","embeddable":true,"href":"https:\/\/superseeds.dk\/no\/wp-json\/wp\/v2\/product_tag?post=65205"}],"curies":[{"name":"wp","href":"https:\/\/api.w.org\/{rel}","templated":true}]}}