{"id":62170,"date":"2025-03-27T15:37:56","date_gmt":"2025-03-27T14:37:56","guid":{"rendered":"https:\/\/superseeds.dk\/vare\/digital-co2-maaler-alarm-temperatur-og-fugtighed\/"},"modified":"2025-06-11T10:28:37","modified_gmt":"2025-06-11T08:28:37","slug":"digital-co2-maaler-alarm-temperatur-og-fugtighed","status":"publish","type":"product","link":"https:\/\/superseeds.dk\/no\/produkt\/digital-co2-maaler-alarm-temperatur-og-fugtighed\/","title":{"rendered":"Digital Co2-m\u00e5ler - alarm for temperatur og luftfuktighet"},"content":{"rendered":"","protected":false},"excerpt":{"rendered":"<p><strong>CO2-m\u00e5ler<br \/>\n<\/strong>Smart CO2-m\u00e5ler er med visuel og akustisk alarmsiganl, og med trafiklys-display for nem afl\u00e6sning. Derudover kan du v\u00e6lge at benytte dig af str\u00f8mforsyningen eller det tr\u00e5dl\u00f8se batteri.<\/p>\n<p>Funktioner og m\u00e5linger<br \/>\nM\u00e5leren m\u00e5ler b\u00e5de luftkvaliteten, temperaturen og fugtigheden. Derudover er den med fod s\u00e5 du nemt kan have den st\u00e5en p\u00e5\u00a0 en overflade.<\/p>\n<p>M\u00e5leren m\u00e5ler i god, normal, d\u00e5rlig og kritisk luft kvalitet. Hvis den m\u00e5ler et koncentrationsniveau over dens gr\u00e6nsev\u00e6rdi, kan den alarmere b\u00e5de visuelt og h\u00f8rbart.<\/p>\n<p>Pakken indeholder:<\/p>\n<ul>\n<li>1x CO2 m\u00e5ler<\/li>\n<li>1x Str\u00f8mforsyning<\/li>\n<li>1x Brugervejledning<\/li>\n<li>m\u00e5ler 400-5.000 ppm<\/li>\n<li>inkl hygrometer og termometer<\/li>\n<li>inkl 2000Ma batteri<\/li>\n<li>holder ca. 3 dage mellem opladning<\/li>\n<\/ul>","protected":false},"featured_media":64110,"template":"","meta":{"_acf_changed":false},"product_brand":[],"product_cat":[1884,1860,1824],"product_tag":[],"class_list":{"0":"post-62170","1":"product","2":"type-product","3":"status-publish","4":"has-post-thumbnail","6":"product_cat-co2","7":"product_cat-hygro-thermometer","8":"product_cat-klima","10":"first","11":"instock","12":"sale","13":"taxable","14":"shipping-taxable","15":"purchasable","16":"product-type-simple"},"acf":[],"yoast_head":"<!-- This site is optimized with the Yoast SEO plugin v26.9 - https:\/\/yoast.com\/product\/yoast-seo-wordpress\/ -->\n<title>Digital Co2 m\u00e5ler - alarm temperatur og fugtighed - Superseeds.dk<\/title>\n<meta name=\"robots\" content=\"index, follow, max-snippet:-1, max-image-preview:large, max-video-preview:-1\" \/>\n<link rel=\"canonical\" href=\"https:\/\/superseeds.dk\/no\/produkt\/digital-co2-maaler-alarm-temperatur-og-fugtighed\/\" \/>\n<meta property=\"og:locale\" content=\"nb_NO\" \/>\n<meta property=\"og:type\" content=\"article\" \/>\n<meta property=\"og:title\" content=\"Digital Co2 m\u00e5ler - alarm temperatur og fugtighed - Superseeds.dk\" \/>\n<meta property=\"og:description\" content=\"CO2-m\u00e5ler Smart CO2-m\u00e5ler er med visuel og akustisk alarmsiganl, og med trafiklys-display for nem afl\u00e6sning. Derudover kan du v\u00e6lge at benytte dig af str\u00f8mforsyningen eller det tr\u00e5dl\u00f8se batteri.  Funktioner og m\u00e5linger M\u00e5leren m\u00e5ler b\u00e5de luftkvaliteten, temperaturen og fugtigheden. Derudover er den med fod s\u00e5 du nemt kan have den st\u00e5en p\u00e5\u00a0 en overflade.  M\u00e5leren m\u00e5ler i god, normal, d\u00e5rlig og kritisk luft kvalitet. Hvis den m\u00e5ler et koncentrationsniveau over dens gr\u00e6nsev\u00e6rdi, kan den alarmere b\u00e5de visuelt og h\u00f8rbart.  Pakken indeholder:   1x CO2 m\u00e5ler  1x Str\u00f8mforsyning  1x Brugervejledning  m\u00e5ler 400-5.000 ppm  inkl hygrometer og termometer  inkl 2000Ma batteri  holder ca. 3 dage mellem opladning\" \/>\n<meta property=\"og:url\" content=\"https:\/\/superseeds.dk\/no\/produkt\/digital-co2-maaler-alarm-temperatur-og-fugtighed\/\" \/>\n<meta property=\"og:site_name\" content=\"Superseeds.dk\" \/>\n<meta property=\"article:modified_time\" content=\"2025-06-11T08:28:37+00:00\" \/>\n<meta property=\"og:image\" content=\"https:\/\/superseeds.dk\/wp-content\/uploads\/2025\/06\/Digital-Co2-maaler-\u2013-alarm-temperatur-og-fugtighed.png\" \/>\n\t<meta property=\"og:image:width\" content=\"1080\" \/>\n\t<meta property=\"og:image:height\" content=\"1080\" \/>\n\t<meta property=\"og:image:type\" content=\"image\/png\" \/>\n<meta name=\"twitter:card\" content=\"summary_large_image\" \/>\n<script type=\"application\/ld+json\" class=\"yoast-schema-graph\">{\"@context\":\"https:\/\/schema.org\",\"@graph\":[{\"@type\":\"WebPage\",\"@id\":\"https:\/\/superseeds.dk\/vare\/digital-co2-maaler-alarm-temperatur-og-fugtighed\/\",\"url\":\"https:\/\/superseeds.dk\/vare\/digital-co2-maaler-alarm-temperatur-og-fugtighed\/\",\"name\":\"Digital Co2 m\u00e5ler - alarm temperatur og fugtighed - Superseeds.dk\",\"isPartOf\":{\"@id\":\"https:\/\/super-seeds.se\/#website\"},\"primaryImageOfPage\":{\"@id\":\"https:\/\/superseeds.dk\/vare\/digital-co2-maaler-alarm-temperatur-og-fugtighed\/#primaryimage\"},\"image\":{\"@id\":\"https:\/\/superseeds.dk\/vare\/digital-co2-maaler-alarm-temperatur-og-fugtighed\/#primaryimage\"},\"thumbnailUrl\":\"https:\/\/superseeds.dk\/wp-content\/uploads\/2025\/06\/Digital-Co2-maaler-\u2013-alarm-temperatur-og-fugtighed.png\",\"datePublished\":\"2025-03-27T14:37:56+00:00\",\"dateModified\":\"2025-06-11T08:28:37+00:00\",\"breadcrumb\":{\"@id\":\"https:\/\/superseeds.dk\/vare\/digital-co2-maaler-alarm-temperatur-og-fugtighed\/#breadcrumb\"},\"inLanguage\":\"nb-NO\",\"potentialAction\":[{\"@type\":\"ReadAction\",\"target\":[\"https:\/\/superseeds.dk\/vare\/digital-co2-maaler-alarm-temperatur-og-fugtighed\/\"]}]},{\"@type\":\"ImageObject\",\"inLanguage\":\"nb-NO\",\"@id\":\"https:\/\/superseeds.dk\/vare\/digital-co2-maaler-alarm-temperatur-og-fugtighed\/#primaryimage\",\"url\":\"https:\/\/superseeds.dk\/wp-content\/uploads\/2025\/06\/Digital-Co2-maaler-\u2013-alarm-temperatur-og-fugtighed.png\",\"contentUrl\":\"https:\/\/superseeds.dk\/wp-content\/uploads\/2025\/06\/Digital-Co2-maaler-\u2013-alarm-temperatur-og-fugtighed.png\",\"width\":1080,\"height\":1080},{\"@type\":\"BreadcrumbList\",\"@id\":\"https:\/\/superseeds.dk\/vare\/digital-co2-maaler-alarm-temperatur-og-fugtighed\/#breadcrumb\",\"itemListElement\":[{\"@type\":\"ListItem\",\"position\":1,\"name\":\"Hjem\",\"item\":\"https:\/\/superseeds.dk\/\"},{\"@type\":\"ListItem\",\"position\":2,\"name\":\"Shop\",\"item\":\"https:\/\/superseeds.dk\/no\/butikk\/\"},{\"@type\":\"ListItem\",\"position\":3,\"name\":\"Digital Co2 m\u00e5ler &#8211; alarm temperatur og fugtighed\"}]},{\"@type\":\"WebSite\",\"@id\":\"https:\/\/super-seeds.se\/#website\",\"url\":\"https:\/\/super-seeds.se\/\",\"name\":\"Superseeds.dk\",\"description\":\"\",\"publisher\":{\"@id\":\"https:\/\/super-seeds.se\/#organization\"},\"potentialAction\":[{\"@type\":\"SearchAction\",\"target\":{\"@type\":\"EntryPoint\",\"urlTemplate\":\"https:\/\/super-seeds.se\/?s={search_term_string}\"},\"query-input\":{\"@type\":\"PropertyValueSpecification\",\"valueRequired\":true,\"valueName\":\"search_term_string\"}}],\"inLanguage\":\"nb-NO\"},{\"@type\":\"Organization\",\"@id\":\"https:\/\/super-seeds.se\/#organization\",\"name\":\"Superseeds.dk\",\"url\":\"https:\/\/super-seeds.se\/\",\"logo\":{\"@type\":\"ImageObject\",\"inLanguage\":\"nb-NO\",\"@id\":\"https:\/\/super-seeds.se\/#\/schema\/logo\/image\/\",\"url\":\"https:\/\/superseeds.dk\/wp-content\/uploads\/2025\/09\/logo-superseeds.png\",\"contentUrl\":\"https:\/\/superseeds.dk\/wp-content\/uploads\/2025\/09\/logo-superseeds.png\",\"width\":180,\"height\":160,\"caption\":\"Superseeds.dk\"},\"image\":{\"@id\":\"https:\/\/super-seeds.se\/#\/schema\/logo\/image\/\"}}]}<\/script>\n<!-- \/ Yoast SEO plugin. -->","yoast_head_json":{"title":"Digital Co2 m\u00e5ler - alarm temperatur og fugtighed - Superseeds.dk","robots":{"index":"index","follow":"follow","max-snippet":"max-snippet:-1","max-image-preview":"max-image-preview:large","max-video-preview":"max-video-preview:-1"},"canonical":"https:\/\/superseeds.dk\/no\/produkt\/digital-co2-maaler-alarm-temperatur-og-fugtighed\/","og_locale":"nb_NO","og_type":"article","og_title":"Digital Co2 m\u00e5ler - alarm temperatur og fugtighed - Superseeds.dk","og_description":"CO2-m\u00e5ler Smart CO2-m\u00e5ler er med visuel og akustisk alarmsiganl, og med trafiklys-display for nem afl\u00e6sning. Derudover kan du v\u00e6lge at benytte dig af str\u00f8mforsyningen eller det tr\u00e5dl\u00f8se batteri.  Funktioner og m\u00e5linger M\u00e5leren m\u00e5ler b\u00e5de luftkvaliteten, temperaturen og fugtigheden. Derudover er den med fod s\u00e5 du nemt kan have den st\u00e5en p\u00e5\u00a0 en overflade.  M\u00e5leren m\u00e5ler i god, normal, d\u00e5rlig og kritisk luft kvalitet. Hvis den m\u00e5ler et koncentrationsniveau over dens gr\u00e6nsev\u00e6rdi, kan den alarmere b\u00e5de visuelt og h\u00f8rbart.  Pakken indeholder:   1x CO2 m\u00e5ler  1x Str\u00f8mforsyning  1x Brugervejledning  m\u00e5ler 400-5.000 ppm  inkl hygrometer og termometer  inkl 2000Ma batteri  holder ca. 3 dage mellem opladning","og_url":"https:\/\/superseeds.dk\/no\/produkt\/digital-co2-maaler-alarm-temperatur-og-fugtighed\/","og_site_name":"Superseeds.dk","article_modified_time":"2025-06-11T08:28:37+00:00","og_image":[{"width":1080,"height":1080,"url":"https:\/\/superseeds.dk\/wp-content\/uploads\/2025\/06\/Digital-Co2-maaler-\u2013-alarm-temperatur-og-fugtighed.png","type":"image\/png"}],"twitter_card":"summary_large_image","schema":{"@context":"https:\/\/schema.org","@graph":[{"@type":"WebPage","@id":"https:\/\/superseeds.dk\/vare\/digital-co2-maaler-alarm-temperatur-og-fugtighed\/","url":"https:\/\/superseeds.dk\/vare\/digital-co2-maaler-alarm-temperatur-og-fugtighed\/","name":"Digital Co2 m\u00e5ler - alarm temperatur og fugtighed - Superseeds.dk","isPartOf":{"@id":"https:\/\/super-seeds.se\/#website"},"primaryImageOfPage":{"@id":"https:\/\/superseeds.dk\/vare\/digital-co2-maaler-alarm-temperatur-og-fugtighed\/#primaryimage"},"image":{"@id":"https:\/\/superseeds.dk\/vare\/digital-co2-maaler-alarm-temperatur-og-fugtighed\/#primaryimage"},"thumbnailUrl":"https:\/\/superseeds.dk\/wp-content\/uploads\/2025\/06\/Digital-Co2-maaler-\u2013-alarm-temperatur-og-fugtighed.png","datePublished":"2025-03-27T14:37:56+00:00","dateModified":"2025-06-11T08:28:37+00:00","breadcrumb":{"@id":"https:\/\/superseeds.dk\/vare\/digital-co2-maaler-alarm-temperatur-og-fugtighed\/#breadcrumb"},"inLanguage":"nb-NO","potentialAction":[{"@type":"ReadAction","target":["https:\/\/superseeds.dk\/vare\/digital-co2-maaler-alarm-temperatur-og-fugtighed\/"]}]},{"@type":"ImageObject","inLanguage":"nb-NO","@id":"https:\/\/superseeds.dk\/vare\/digital-co2-maaler-alarm-temperatur-og-fugtighed\/#primaryimage","url":"https:\/\/superseeds.dk\/wp-content\/uploads\/2025\/06\/Digital-Co2-maaler-\u2013-alarm-temperatur-og-fugtighed.png","contentUrl":"https:\/\/superseeds.dk\/wp-content\/uploads\/2025\/06\/Digital-Co2-maaler-\u2013-alarm-temperatur-og-fugtighed.png","width":1080,"height":1080},{"@type":"BreadcrumbList","@id":"https:\/\/superseeds.dk\/vare\/digital-co2-maaler-alarm-temperatur-og-fugtighed\/#breadcrumb","itemListElement":[{"@type":"ListItem","position":1,"name":"Hjem","item":"https:\/\/superseeds.dk\/"},{"@type":"ListItem","position":2,"name":"Shop","item":"https:\/\/superseeds.dk\/no\/butikk\/"},{"@type":"ListItem","position":3,"name":"Digital Co2 m\u00e5ler &#8211; alarm temperatur og fugtighed"}]},{"@type":"WebSite","@id":"https:\/\/super-seeds.se\/#website","url":"https:\/\/super-seeds.se\/","name":"Superseeds.com","description":"","publisher":{"@id":"https:\/\/super-seeds.se\/#organization"},"potentialAction":[{"@type":"SearchAction","target":{"@type":"EntryPoint","urlTemplate":"https:\/\/super-seeds.se\/?s={search_term_string}"},"query-input":{"@type":"PropertyValueSpecification","valueRequired":true,"valueName":"search_term_string"}}],"inLanguage":"nb-NO"},{"@type":"Organization","@id":"https:\/\/super-seeds.se\/#organization","name":"Superseeds.com","url":"https:\/\/super-seeds.se\/","logo":{"@type":"ImageObject","inLanguage":"nb-NO","@id":"https:\/\/super-seeds.se\/#\/schema\/logo\/image\/","url":"https:\/\/superseeds.dk\/wp-content\/uploads\/2025\/09\/logo-superseeds.png","contentUrl":"https:\/\/superseeds.dk\/wp-content\/uploads\/2025\/09\/logo-superseeds.png","width":180,"height":160,"caption":"Superseeds.dk"},"image":{"@id":"https:\/\/super-seeds.se\/#\/schema\/logo\/image\/"}}]}},"df_price":295,"df_sale_price":295,"df_regular_price":399,"df_image_link":"https:\/\/superseeds.dk\/wp-content\/uploads\/2025\/06\/Digital-Co2-maaler-\u2013-alarm-temperatur-og-fugtighed-1024x1024.png","_links":{"self":[{"href":"https:\/\/superseeds.dk\/no\/wp-json\/wp\/v2\/product\/62170","targetHints":{"allow":["GET"]}}],"collection":[{"href":"https:\/\/superseeds.dk\/no\/wp-json\/wp\/v2\/product"}],"about":[{"href":"https:\/\/superseeds.dk\/no\/wp-json\/wp\/v2\/types\/product"}],"wp:featuredmedia":[{"embeddable":true,"href":"https:\/\/superseeds.dk\/no\/wp-json\/wp\/v2\/media\/64110"}],"wp:attachment":[{"href":"https:\/\/superseeds.dk\/no\/wp-json\/wp\/v2\/media?parent=62170"}],"wp:term":[{"taxonomy":"product_brand","embeddable":true,"href":"https:\/\/superseeds.dk\/no\/wp-json\/wp\/v2\/product_brand?post=62170"},{"taxonomy":"product_cat","embeddable":true,"href":"https:\/\/superseeds.dk\/no\/wp-json\/wp\/v2\/product_cat?post=62170"},{"taxonomy":"product_tag","embeddable":true,"href":"https:\/\/superseeds.dk\/no\/wp-json\/wp\/v2\/product_tag?post=62170"}],"curies":[{"name":"wp","href":"https:\/\/api.w.org\/{rel}","templated":true}]}}