{"id":61324,"date":"2025-02-27T16:56:01","date_gmt":"2025-02-27T15:56:01","guid":{"rendered":"https:\/\/superseeds.dk\/vare\/tnoled-2x20w-growing-led-kit\/"},"modified":"2025-03-09T15:15:59","modified_gmt":"2025-03-09T14:15:59","slug":"tnoled-2x20w-growing-led-kit","status":"publish","type":"product","link":"https:\/\/superseeds.dk\/no\/produkt\/tnoled-2x20w-growing-led-kit\/","title":{"rendered":"TNoled 2x20w GROWING LED-sett"},"content":{"rendered":"","protected":false},"excerpt":{"rendered":"<h2>TNoled s\u00e6t<\/h2>\n<p>TNoled er et komplet LED-belysningss\u00e6t til medium-intensitets lyskrav.<\/p>\n<p>Den f\u00e5s i GROWING version og to forskellige st\u00f8rrelser\/kr\u00e6fter (60cmx40cm &amp; 120cm x 40cm dyrkningsarealer). TNoled har erstattet fluorescerende teknologi (TNeon, T5, TCL, CFL osv.) med Cosmorrow p\u00e6rer som er vandt\u00e6tte, holdbare (30.000 timer) og har et utroligt lavt str\u00f8mforbrug, optimerede\u00a0 effekter og bedre planted\u00e6kning.<\/p>\n<p>TNO4065 &amp; TNO8065:\u00a0<strong>\u00a0PPE = 2,0\u03bcmol\/s\/w<\/strong><\/p>","protected":false},"featured_media":61601,"template":"","meta":{"_acf_changed":false},"product_brand":[],"product_cat":[1902,1863,1864,1901],"product_tag":[],"class_list":{"0":"post-61324","1":"product","2":"type-product","3":"status-publish","4":"has-post-thumbnail","6":"product_cat-led-bar","7":"product_cat-lys","8":"product_cat-plantelys-led","9":"product_cat-secret-jardin-led","11":"first","12":"instock","13":"sale","14":"taxable","15":"shipping-taxable","16":"purchasable","17":"product-type-simple"},"acf":[],"yoast_head":"<!-- This site is optimized with the Yoast SEO plugin v26.9 - https:\/\/yoast.com\/product\/yoast-seo-wordpress\/ -->\n<title>TNoled 2x20w GROWING LED Kit - Superseeds.dk<\/title>\n<meta name=\"robots\" content=\"index, follow, max-snippet:-1, max-image-preview:large, max-video-preview:-1\" \/>\n<link rel=\"canonical\" href=\"https:\/\/superseeds.dk\/no\/produkt\/tnoled-2x20w-growing-led-kit\/\" \/>\n<meta property=\"og:locale\" content=\"nb_NO\" \/>\n<meta property=\"og:type\" content=\"article\" \/>\n<meta property=\"og:title\" content=\"TNoled 2x20w GROWING LED Kit - Superseeds.dk\" \/>\n<meta property=\"og:description\" content=\"TNoled s\u00e6t TNoled er et komplet LED-belysningss\u00e6t til medium-intensitets lyskrav.  Den f\u00e5s i GROWING version og to forskellige st\u00f8rrelser\/kr\u00e6fter (60cmx40cm &amp; 120cm x 40cm dyrkningsarealer). TNoled har erstattet fluorescerende teknologi (TNeon, T5, TCL, CFL osv.) med Cosmorrow p\u00e6rer som er vandt\u00e6tte, holdbare (30.000 timer) og har et utroligt lavt str\u00f8mforbrug, optimerede\u00a0 effekter og bedre planted\u00e6kning.  TNO4065 &amp; TNO8065:\u00a0\u00a0PPE = 2,0\u03bcmol\/s\/w\" \/>\n<meta property=\"og:url\" content=\"https:\/\/superseeds.dk\/no\/produkt\/tnoled-2x20w-growing-led-kit\/\" \/>\n<meta property=\"og:site_name\" content=\"Superseeds.dk\" \/>\n<meta property=\"article:modified_time\" content=\"2025-03-09T14:15:59+00:00\" \/>\n<meta property=\"og:image\" content=\"https:\/\/super-seeds.se\/wp-content\/uploads\/2025\/03\/TNoled-2x20w-GROWING-LED-Kit.png\" \/>\n\t<meta property=\"og:image:width\" content=\"1080\" \/>\n\t<meta property=\"og:image:height\" content=\"1080\" \/>\n\t<meta property=\"og:image:type\" content=\"image\/png\" \/>\n<meta name=\"twitter:card\" content=\"summary_large_image\" \/>\n<script type=\"application\/ld+json\" class=\"yoast-schema-graph\">{\"@context\":\"https:\/\/schema.org\",\"@graph\":[{\"@type\":\"WebPage\",\"@id\":\"https:\/\/superseeds.dk\/vare\/tnoled-2x20w-growing-led-kit\/\",\"url\":\"https:\/\/superseeds.dk\/vare\/tnoled-2x20w-growing-led-kit\/\",\"name\":\"TNoled 2x20w GROWING LED Kit - Superseeds.dk\",\"isPartOf\":{\"@id\":\"https:\/\/super-seeds.se\/#website\"},\"primaryImageOfPage\":{\"@id\":\"https:\/\/superseeds.dk\/vare\/tnoled-2x20w-growing-led-kit\/#primaryimage\"},\"image\":{\"@id\":\"https:\/\/superseeds.dk\/vare\/tnoled-2x20w-growing-led-kit\/#primaryimage\"},\"thumbnailUrl\":\"https:\/\/superseeds.dk\/wp-content\/uploads\/2025\/03\/TNoled-2x20w-GROWING-LED-Kit.png\",\"datePublished\":\"2025-02-27T15:56:01+00:00\",\"dateModified\":\"2025-03-09T14:15:59+00:00\",\"breadcrumb\":{\"@id\":\"https:\/\/superseeds.dk\/vare\/tnoled-2x20w-growing-led-kit\/#breadcrumb\"},\"inLanguage\":\"nb-NO\",\"potentialAction\":[{\"@type\":\"ReadAction\",\"target\":[\"https:\/\/superseeds.dk\/vare\/tnoled-2x20w-growing-led-kit\/\"]}]},{\"@type\":\"ImageObject\",\"inLanguage\":\"nb-NO\",\"@id\":\"https:\/\/superseeds.dk\/vare\/tnoled-2x20w-growing-led-kit\/#primaryimage\",\"url\":\"https:\/\/superseeds.dk\/wp-content\/uploads\/2025\/03\/TNoled-2x20w-GROWING-LED-Kit.png\",\"contentUrl\":\"https:\/\/superseeds.dk\/wp-content\/uploads\/2025\/03\/TNoled-2x20w-GROWING-LED-Kit.png\",\"width\":1080,\"height\":1080},{\"@type\":\"BreadcrumbList\",\"@id\":\"https:\/\/superseeds.dk\/vare\/tnoled-2x20w-growing-led-kit\/#breadcrumb\",\"itemListElement\":[{\"@type\":\"ListItem\",\"position\":1,\"name\":\"Hjem\",\"item\":\"https:\/\/superseeds.dk\/\"},{\"@type\":\"ListItem\",\"position\":2,\"name\":\"Shop\",\"item\":\"https:\/\/superseeds.dk\/no\/butikk\/\"},{\"@type\":\"ListItem\",\"position\":3,\"name\":\"TNoled 2x20w GROWING LED Kit\"}]},{\"@type\":\"WebSite\",\"@id\":\"https:\/\/super-seeds.se\/#website\",\"url\":\"https:\/\/super-seeds.se\/\",\"name\":\"Superseeds.dk\",\"description\":\"\",\"publisher\":{\"@id\":\"https:\/\/super-seeds.se\/#organization\"},\"potentialAction\":[{\"@type\":\"SearchAction\",\"target\":{\"@type\":\"EntryPoint\",\"urlTemplate\":\"https:\/\/super-seeds.se\/?s={search_term_string}\"},\"query-input\":{\"@type\":\"PropertyValueSpecification\",\"valueRequired\":true,\"valueName\":\"search_term_string\"}}],\"inLanguage\":\"nb-NO\"},{\"@type\":\"Organization\",\"@id\":\"https:\/\/super-seeds.se\/#organization\",\"name\":\"Superseeds.dk\",\"url\":\"https:\/\/super-seeds.se\/\",\"logo\":{\"@type\":\"ImageObject\",\"inLanguage\":\"nb-NO\",\"@id\":\"https:\/\/super-seeds.se\/#\/schema\/logo\/image\/\",\"url\":\"https:\/\/superseeds.dk\/wp-content\/uploads\/2025\/09\/logo-superseeds.png\",\"contentUrl\":\"https:\/\/superseeds.dk\/wp-content\/uploads\/2025\/09\/logo-superseeds.png\",\"width\":180,\"height\":160,\"caption\":\"Superseeds.dk\"},\"image\":{\"@id\":\"https:\/\/super-seeds.se\/#\/schema\/logo\/image\/\"}}]}<\/script>\n<!-- \/ Yoast SEO plugin. -->","yoast_head_json":{"title":"TNoled 2x20w GROWING LED Kit - Superseeds.dk","robots":{"index":"index","follow":"follow","max-snippet":"max-snippet:-1","max-image-preview":"max-image-preview:large","max-video-preview":"max-video-preview:-1"},"canonical":"https:\/\/superseeds.dk\/no\/produkt\/tnoled-2x20w-growing-led-kit\/","og_locale":"nb_NO","og_type":"article","og_title":"TNoled 2x20w GROWING LED Kit - Superseeds.dk","og_description":"TNoled s\u00e6t TNoled er et komplet LED-belysningss\u00e6t til medium-intensitets lyskrav.  Den f\u00e5s i GROWING version og to forskellige st\u00f8rrelser\/kr\u00e6fter (60cmx40cm &amp; 120cm x 40cm dyrkningsarealer). TNoled har erstattet fluorescerende teknologi (TNeon, T5, TCL, CFL osv.) med Cosmorrow p\u00e6rer som er vandt\u00e6tte, holdbare (30.000 timer) og har et utroligt lavt str\u00f8mforbrug, optimerede\u00a0 effekter og bedre planted\u00e6kning.  TNO4065 &amp; TNO8065:\u00a0\u00a0PPE = 2,0\u03bcmol\/s\/w","og_url":"https:\/\/superseeds.dk\/no\/produkt\/tnoled-2x20w-growing-led-kit\/","og_site_name":"Superseeds.dk","article_modified_time":"2025-03-09T14:15:59+00:00","og_image":[{"width":1080,"height":1080,"url":"https:\/\/super-seeds.se\/wp-content\/uploads\/2025\/03\/TNoled-2x20w-GROWING-LED-Kit.png","type":"image\/png"}],"twitter_card":"summary_large_image","schema":{"@context":"https:\/\/schema.org","@graph":[{"@type":"WebPage","@id":"https:\/\/superseeds.dk\/vare\/tnoled-2x20w-growing-led-kit\/","url":"https:\/\/superseeds.dk\/vare\/tnoled-2x20w-growing-led-kit\/","name":"TNoled 2x20w GROWING LED Kit - Superseeds.dk","isPartOf":{"@id":"https:\/\/super-seeds.se\/#website"},"primaryImageOfPage":{"@id":"https:\/\/superseeds.dk\/vare\/tnoled-2x20w-growing-led-kit\/#primaryimage"},"image":{"@id":"https:\/\/superseeds.dk\/vare\/tnoled-2x20w-growing-led-kit\/#primaryimage"},"thumbnailUrl":"https:\/\/superseeds.dk\/wp-content\/uploads\/2025\/03\/TNoled-2x20w-GROWING-LED-Kit.png","datePublished":"2025-02-27T15:56:01+00:00","dateModified":"2025-03-09T14:15:59+00:00","breadcrumb":{"@id":"https:\/\/superseeds.dk\/vare\/tnoled-2x20w-growing-led-kit\/#breadcrumb"},"inLanguage":"nb-NO","potentialAction":[{"@type":"ReadAction","target":["https:\/\/superseeds.dk\/vare\/tnoled-2x20w-growing-led-kit\/"]}]},{"@type":"ImageObject","inLanguage":"nb-NO","@id":"https:\/\/superseeds.dk\/vare\/tnoled-2x20w-growing-led-kit\/#primaryimage","url":"https:\/\/superseeds.dk\/wp-content\/uploads\/2025\/03\/TNoled-2x20w-GROWING-LED-Kit.png","contentUrl":"https:\/\/superseeds.dk\/wp-content\/uploads\/2025\/03\/TNoled-2x20w-GROWING-LED-Kit.png","width":1080,"height":1080},{"@type":"BreadcrumbList","@id":"https:\/\/superseeds.dk\/vare\/tnoled-2x20w-growing-led-kit\/#breadcrumb","itemListElement":[{"@type":"ListItem","position":1,"name":"Hjem","item":"https:\/\/superseeds.dk\/"},{"@type":"ListItem","position":2,"name":"Shop","item":"https:\/\/superseeds.dk\/no\/butikk\/"},{"@type":"ListItem","position":3,"name":"TNoled 2x20w GROWING LED Kit"}]},{"@type":"WebSite","@id":"https:\/\/super-seeds.se\/#website","url":"https:\/\/super-seeds.se\/","name":"Superseeds.com","description":"","publisher":{"@id":"https:\/\/super-seeds.se\/#organization"},"potentialAction":[{"@type":"SearchAction","target":{"@type":"EntryPoint","urlTemplate":"https:\/\/super-seeds.se\/?s={search_term_string}"},"query-input":{"@type":"PropertyValueSpecification","valueRequired":true,"valueName":"search_term_string"}}],"inLanguage":"nb-NO"},{"@type":"Organization","@id":"https:\/\/super-seeds.se\/#organization","name":"Superseeds.com","url":"https:\/\/super-seeds.se\/","logo":{"@type":"ImageObject","inLanguage":"nb-NO","@id":"https:\/\/super-seeds.se\/#\/schema\/logo\/image\/","url":"https:\/\/superseeds.dk\/wp-content\/uploads\/2025\/09\/logo-superseeds.png","contentUrl":"https:\/\/superseeds.dk\/wp-content\/uploads\/2025\/09\/logo-superseeds.png","width":180,"height":160,"caption":"Superseeds.dk"},"image":{"@id":"https:\/\/super-seeds.se\/#\/schema\/logo\/image\/"}}]}},"df_price":649,"df_sale_price":649,"df_regular_price":749,"df_image_link":"https:\/\/superseeds.dk\/wp-content\/uploads\/2025\/03\/TNoled-2x20w-GROWING-LED-Kit-1024x1024.png","_links":{"self":[{"href":"https:\/\/superseeds.dk\/no\/wp-json\/wp\/v2\/product\/61324","targetHints":{"allow":["GET"]}}],"collection":[{"href":"https:\/\/superseeds.dk\/no\/wp-json\/wp\/v2\/product"}],"about":[{"href":"https:\/\/superseeds.dk\/no\/wp-json\/wp\/v2\/types\/product"}],"wp:featuredmedia":[{"embeddable":true,"href":"https:\/\/superseeds.dk\/no\/wp-json\/wp\/v2\/media\/61601"}],"wp:attachment":[{"href":"https:\/\/superseeds.dk\/no\/wp-json\/wp\/v2\/media?parent=61324"}],"wp:term":[{"taxonomy":"product_brand","embeddable":true,"href":"https:\/\/superseeds.dk\/no\/wp-json\/wp\/v2\/product_brand?post=61324"},{"taxonomy":"product_cat","embeddable":true,"href":"https:\/\/superseeds.dk\/no\/wp-json\/wp\/v2\/product_cat?post=61324"},{"taxonomy":"product_tag","embeddable":true,"href":"https:\/\/superseeds.dk\/no\/wp-json\/wp\/v2\/product_tag?post=61324"}],"curies":[{"name":"wp","href":"https:\/\/api.w.org\/{rel}","templated":true}]}}