{"id":61250,"date":"2025-02-25T15:43:12","date_gmt":"2025-02-25T14:43:12","guid":{"rendered":"https:\/\/superseeds.dk\/vare\/askebaeger-hamp-blade\/"},"modified":"2025-11-19T10:00:32","modified_gmt":"2025-11-19T09:00:32","slug":"askebaeger-hamp-blade","status":"publish","type":"product","link":"https:\/\/superseeds.dk\/no\/produkt\/askebaeger-hamp-blade\/","title":{"rendered":"Askebeger Hampeblader"},"content":{"rendered":"<p>Selv Askepot ville v\u00e6re jaloux: Metal askeb\u00e6ger med fede motiver!<\/p>\n<p>\u2714\ufe0f\ufe0f Letv\u00e6gts metal<\/p>\n<p>\u2714\ufe0f\ufe0f Pladsbesparende stabelbar<\/p>\n<p>\u2714\ufe0f\ufe0f Alsidig brug<\/p>\n<p>Der er fire opbevaringsfolder til ryge pauser.<\/p>\n<p>Diameter: 139mm<\/p>","protected":false},"excerpt":{"rendered":"<p>Selv Askepot ville v\u00e6re jaloux: Metal askeb\u00e6ger med fede motiver!<\/p>\n<p>\u2714\ufe0f\ufe0f Letv\u00e6gts metal<\/p>\n<p>\u2714\ufe0f\ufe0f Pladsbesparende stabelbar<\/p>\n<p>\u2714\ufe0f\ufe0f Alsidig brug<\/p>\n<p>Der er fire opbevaringsfolder til ryge pauser.<\/p>","protected":false},"featured_media":67766,"template":"","meta":{"_acf_changed":false},"product_brand":[],"product_cat":[2207,1795],"product_tag":[],"class_list":{"0":"post-61250","1":"product","2":"type-product","3":"status-publish","4":"has-post-thumbnail","6":"product_cat-mixerbakke-askebaeger","7":"product_cat-headshop","9":"first","10":"instock","11":"sale","12":"taxable","13":"shipping-taxable","14":"purchasable","15":"product-type-simple"},"acf":[],"yoast_head":"<!-- This site is optimized with the Yoast SEO plugin v26.9 - https:\/\/yoast.com\/product\/yoast-seo-wordpress\/ -->\n<title>Askeb\u00e6ger Hamp blade - Superseeds.dk<\/title>\n<meta name=\"robots\" content=\"index, follow, max-snippet:-1, max-image-preview:large, max-video-preview:-1\" \/>\n<link rel=\"canonical\" href=\"https:\/\/superseeds.dk\/no\/produkt\/askebaeger-hamp-blade\/\" \/>\n<meta property=\"og:locale\" content=\"nb_NO\" \/>\n<meta property=\"og:type\" content=\"article\" \/>\n<meta property=\"og:title\" content=\"Askeb\u00e6ger Hamp blade - Superseeds.dk\" \/>\n<meta property=\"og:description\" content=\"Selv Askepot ville v\u00e6re jaloux: Metal askeb\u00e6ger med fede motiver!  \u2714\ufe0f\ufe0f Letv\u00e6gts metal  \u2714\ufe0f\ufe0f Pladsbesparende stabelbar  \u2714\ufe0f\ufe0f Alsidig brug  Der er fire opbevaringsfolder til ryge pauser.\" \/>\n<meta property=\"og:url\" content=\"https:\/\/superseeds.dk\/no\/produkt\/askebaeger-hamp-blade\/\" \/>\n<meta property=\"og:site_name\" content=\"Superseeds.dk\" \/>\n<meta property=\"article:modified_time\" content=\"2025-11-19T09:00:32+00:00\" \/>\n<meta property=\"og:image\" content=\"https:\/\/super-seeds.se\/wp-content\/uploads\/2025\/03\/Askebaeger-Hamp-blade.png\" \/>\n\t<meta property=\"og:image:width\" content=\"1080\" \/>\n\t<meta property=\"og:image:height\" content=\"1080\" \/>\n\t<meta property=\"og:image:type\" content=\"image\/png\" \/>\n<meta name=\"twitter:card\" content=\"summary_large_image\" \/>\n<script type=\"application\/ld+json\" class=\"yoast-schema-graph\">{\"@context\":\"https:\/\/schema.org\",\"@graph\":[{\"@type\":\"WebPage\",\"@id\":\"https:\/\/superseeds.dk\/vare\/askebaeger-hamp-blade\/\",\"url\":\"https:\/\/superseeds.dk\/vare\/askebaeger-hamp-blade\/\",\"name\":\"Askeb\u00e6ger Hamp blade - Superseeds.dk\",\"isPartOf\":{\"@id\":\"https:\/\/super-seeds.se\/#website\"},\"primaryImageOfPage\":{\"@id\":\"https:\/\/superseeds.dk\/vare\/askebaeger-hamp-blade\/#primaryimage\"},\"image\":{\"@id\":\"https:\/\/superseeds.dk\/vare\/askebaeger-hamp-blade\/#primaryimage\"},\"thumbnailUrl\":\"https:\/\/superseeds.dk\/wp-content\/uploads\/2025\/11\/Askebaeger-Hamp-blade.png\",\"datePublished\":\"2025-02-25T14:43:12+00:00\",\"dateModified\":\"2025-11-19T09:00:32+00:00\",\"breadcrumb\":{\"@id\":\"https:\/\/superseeds.dk\/vare\/askebaeger-hamp-blade\/#breadcrumb\"},\"inLanguage\":\"nb-NO\",\"potentialAction\":[{\"@type\":\"ReadAction\",\"target\":[\"https:\/\/superseeds.dk\/vare\/askebaeger-hamp-blade\/\"]}]},{\"@type\":\"ImageObject\",\"inLanguage\":\"nb-NO\",\"@id\":\"https:\/\/superseeds.dk\/vare\/askebaeger-hamp-blade\/#primaryimage\",\"url\":\"https:\/\/superseeds.dk\/wp-content\/uploads\/2025\/11\/Askebaeger-Hamp-blade.png\",\"contentUrl\":\"https:\/\/superseeds.dk\/wp-content\/uploads\/2025\/11\/Askebaeger-Hamp-blade.png\",\"width\":1080,\"height\":1080},{\"@type\":\"BreadcrumbList\",\"@id\":\"https:\/\/superseeds.dk\/vare\/askebaeger-hamp-blade\/#breadcrumb\",\"itemListElement\":[{\"@type\":\"ListItem\",\"position\":1,\"name\":\"Hjem\",\"item\":\"https:\/\/superseeds.dk\/\"},{\"@type\":\"ListItem\",\"position\":2,\"name\":\"Shop\",\"item\":\"https:\/\/superseeds.dk\/no\/butikk\/\"},{\"@type\":\"ListItem\",\"position\":3,\"name\":\"Askeb\u00e6ger Hamp blade\"}]},{\"@type\":\"WebSite\",\"@id\":\"https:\/\/super-seeds.se\/#website\",\"url\":\"https:\/\/super-seeds.se\/\",\"name\":\"Superseeds.dk\",\"description\":\"\",\"publisher\":{\"@id\":\"https:\/\/super-seeds.se\/#organization\"},\"potentialAction\":[{\"@type\":\"SearchAction\",\"target\":{\"@type\":\"EntryPoint\",\"urlTemplate\":\"https:\/\/super-seeds.se\/?s={search_term_string}\"},\"query-input\":{\"@type\":\"PropertyValueSpecification\",\"valueRequired\":true,\"valueName\":\"search_term_string\"}}],\"inLanguage\":\"nb-NO\"},{\"@type\":\"Organization\",\"@id\":\"https:\/\/super-seeds.se\/#organization\",\"name\":\"Superseeds.dk\",\"url\":\"https:\/\/super-seeds.se\/\",\"logo\":{\"@type\":\"ImageObject\",\"inLanguage\":\"nb-NO\",\"@id\":\"https:\/\/super-seeds.se\/#\/schema\/logo\/image\/\",\"url\":\"https:\/\/superseeds.dk\/wp-content\/uploads\/2025\/09\/logo-superseeds.png\",\"contentUrl\":\"https:\/\/superseeds.dk\/wp-content\/uploads\/2025\/09\/logo-superseeds.png\",\"width\":180,\"height\":160,\"caption\":\"Superseeds.dk\"},\"image\":{\"@id\":\"https:\/\/super-seeds.se\/#\/schema\/logo\/image\/\"}}]}<\/script>\n<!-- \/ Yoast SEO plugin. -->","yoast_head_json":{"title":"Askeb\u00e6ger Hamp blade - Superseeds.dk","robots":{"index":"index","follow":"follow","max-snippet":"max-snippet:-1","max-image-preview":"max-image-preview:large","max-video-preview":"max-video-preview:-1"},"canonical":"https:\/\/superseeds.dk\/no\/produkt\/askebaeger-hamp-blade\/","og_locale":"nb_NO","og_type":"article","og_title":"Askeb\u00e6ger Hamp blade - Superseeds.dk","og_description":"Selv Askepot ville v\u00e6re jaloux: Metal askeb\u00e6ger med fede motiver!  \u2714\ufe0f\ufe0f Letv\u00e6gts metal  \u2714\ufe0f\ufe0f Pladsbesparende stabelbar  \u2714\ufe0f\ufe0f Alsidig brug  Der er fire opbevaringsfolder til ryge pauser.","og_url":"https:\/\/superseeds.dk\/no\/produkt\/askebaeger-hamp-blade\/","og_site_name":"Superseeds.dk","article_modified_time":"2025-11-19T09:00:32+00:00","og_image":[{"width":1080,"height":1080,"url":"https:\/\/super-seeds.se\/wp-content\/uploads\/2025\/03\/Askebaeger-Hamp-blade.png","type":"image\/png"}],"twitter_card":"summary_large_image","schema":{"@context":"https:\/\/schema.org","@graph":[{"@type":"WebPage","@id":"https:\/\/superseeds.dk\/vare\/askebaeger-hamp-blade\/","url":"https:\/\/superseeds.dk\/vare\/askebaeger-hamp-blade\/","name":"Askeb\u00e6ger Hamp blade - Superseeds.dk","isPartOf":{"@id":"https:\/\/super-seeds.se\/#website"},"primaryImageOfPage":{"@id":"https:\/\/superseeds.dk\/vare\/askebaeger-hamp-blade\/#primaryimage"},"image":{"@id":"https:\/\/superseeds.dk\/vare\/askebaeger-hamp-blade\/#primaryimage"},"thumbnailUrl":"https:\/\/superseeds.dk\/wp-content\/uploads\/2025\/11\/Askebaeger-Hamp-blade.png","datePublished":"2025-02-25T14:43:12+00:00","dateModified":"2025-11-19T09:00:32+00:00","breadcrumb":{"@id":"https:\/\/superseeds.dk\/vare\/askebaeger-hamp-blade\/#breadcrumb"},"inLanguage":"nb-NO","potentialAction":[{"@type":"ReadAction","target":["https:\/\/superseeds.dk\/vare\/askebaeger-hamp-blade\/"]}]},{"@type":"ImageObject","inLanguage":"nb-NO","@id":"https:\/\/superseeds.dk\/vare\/askebaeger-hamp-blade\/#primaryimage","url":"https:\/\/superseeds.dk\/wp-content\/uploads\/2025\/11\/Askebaeger-Hamp-blade.png","contentUrl":"https:\/\/superseeds.dk\/wp-content\/uploads\/2025\/11\/Askebaeger-Hamp-blade.png","width":1080,"height":1080},{"@type":"BreadcrumbList","@id":"https:\/\/superseeds.dk\/vare\/askebaeger-hamp-blade\/#breadcrumb","itemListElement":[{"@type":"ListItem","position":1,"name":"Hjem","item":"https:\/\/superseeds.dk\/"},{"@type":"ListItem","position":2,"name":"Shop","item":"https:\/\/superseeds.dk\/no\/butikk\/"},{"@type":"ListItem","position":3,"name":"Askeb\u00e6ger Hamp blade"}]},{"@type":"WebSite","@id":"https:\/\/super-seeds.se\/#website","url":"https:\/\/super-seeds.se\/","name":"Superseeds.com","description":"","publisher":{"@id":"https:\/\/super-seeds.se\/#organization"},"potentialAction":[{"@type":"SearchAction","target":{"@type":"EntryPoint","urlTemplate":"https:\/\/super-seeds.se\/?s={search_term_string}"},"query-input":{"@type":"PropertyValueSpecification","valueRequired":true,"valueName":"search_term_string"}}],"inLanguage":"nb-NO"},{"@type":"Organization","@id":"https:\/\/super-seeds.se\/#organization","name":"Superseeds.com","url":"https:\/\/super-seeds.se\/","logo":{"@type":"ImageObject","inLanguage":"nb-NO","@id":"https:\/\/super-seeds.se\/#\/schema\/logo\/image\/","url":"https:\/\/superseeds.dk\/wp-content\/uploads\/2025\/09\/logo-superseeds.png","contentUrl":"https:\/\/superseeds.dk\/wp-content\/uploads\/2025\/09\/logo-superseeds.png","width":180,"height":160,"caption":"Superseeds.dk"},"image":{"@id":"https:\/\/super-seeds.se\/#\/schema\/logo\/image\/"}}]}},"df_price":42.4575,"df_sale_price":42.4575,"df_regular_price":49.95,"df_image_link":"https:\/\/superseeds.dk\/wp-content\/uploads\/2025\/11\/Askebaeger-Hamp-blade-1024x1024.png","_links":{"self":[{"href":"https:\/\/superseeds.dk\/no\/wp-json\/wp\/v2\/product\/61250","targetHints":{"allow":["GET"]}}],"collection":[{"href":"https:\/\/superseeds.dk\/no\/wp-json\/wp\/v2\/product"}],"about":[{"href":"https:\/\/superseeds.dk\/no\/wp-json\/wp\/v2\/types\/product"}],"wp:featuredmedia":[{"embeddable":true,"href":"https:\/\/superseeds.dk\/no\/wp-json\/wp\/v2\/media\/67766"}],"wp:attachment":[{"href":"https:\/\/superseeds.dk\/no\/wp-json\/wp\/v2\/media?parent=61250"}],"wp:term":[{"taxonomy":"product_brand","embeddable":true,"href":"https:\/\/superseeds.dk\/no\/wp-json\/wp\/v2\/product_brand?post=61250"},{"taxonomy":"product_cat","embeddable":true,"href":"https:\/\/superseeds.dk\/no\/wp-json\/wp\/v2\/product_cat?post=61250"},{"taxonomy":"product_tag","embeddable":true,"href":"https:\/\/superseeds.dk\/no\/wp-json\/wp\/v2\/product_tag?post=61250"}],"curies":[{"name":"wp","href":"https:\/\/api.w.org\/{rel}","templated":true}]}}