{"id":60354,"date":"2025-01-31T00:25:35","date_gmt":"2025-01-30T23:25:35","guid":{"rendered":"https:\/\/superseeds.dk\/vare\/wilma-mini-8-pot-165l\/"},"modified":"2025-01-31T00:25:38","modified_gmt":"2025-01-30T23:25:38","slug":"wilma-mini-8-pot-165l","status":"publish","type":"product","link":"https:\/\/superseeds.dk\/no\/produkt\/wilma-mini-8-pot-165l\/","title":{"rendered":"Wilma Mini 8 gryte 1,65 l"},"content":{"rendered":"<p><span class=\"tlid-translation translation\" lang=\"da\">Wilma Mini 8, er et drypsystem med otte 1,65 liter potter. P\u00e5 denne m\u00e5de har planterne en tilstr\u00e6kkelig plads til at udvikle sig optimalt. Wilma grow system er som en personlig assistent, der fodrer planterne lidt og ofte.<\/span><\/p>\n<p>P\u00e5 denne m\u00e5de f\u00e5r planterne n\u00e6ringsstoffer og vand til optimal v\u00e6kst. Planterne er i stand til at optage mere vand og n\u00e6ringsstoffer, og de er aldrig over eller under vandede, hvilket f\u00e5r Wilma-systemet til at producere st\u00f8rre udbytter sammenlignet med almindelige potter med h\u00e5ndvanding.<\/p>\n<p>Wilma grow systems, vejer ikke meget og er samtidigt robust bygget op, s\u00e5 planterne kan forblive p\u00e6nt opretst\u00e5ende, selv n\u00e5r de er blevet store.<\/p>\n<p>Potterne fyldes med dit valgte dyrkningsmedium, og en pumpe leverer n\u00e6ringsopl\u00f8sningen gennem drypperne i potterne. Perfekt, hvis du stadig vil have trygheden ved at dyrke i potter men samtidigt \u00f8nsker et h\u00f8jere udbytte, grundet den regelm\u00e6ssige vanding af lidt og ofte.<\/p>\n<p>Wilma Systems er specielt designet til den entusiastiske dyrker!<\/p>\n<p>M\u00e5ler: 90 x 45 x 21<\/p>\n<p><iframe title=\"Wilma System | (Animation EN)\" width=\"800\" height=\"450\" src=\"https:\/\/www.youtube.com\/embed\/MRMOKHy2kr8?feature=oembed\" frameborder=\"0\" allow=\"accelerometer; autoplay; clipboard-write; encrypted-media; gyroscope; picture-in-picture; web-share\" referrerpolicy=\"strict-origin-when-cross-origin\" allowfullscreen><\/iframe><\/p>","protected":false},"excerpt":{"rendered":"<p>Wilma Mini 8, er et drypsystem med otte 1,65 liter potter. P\u00e5 denne m\u00e5de har planterne en tilstr\u00e6kkelig plads til at udvikle sig optimalt. Wilma grow system er som en personlig assistent, der fodrer planterne lidt og ofte. P\u00e5 denne m\u00e5de f\u00e5r planterne n\u00e6ringsstoffer og vand til optimal v\u00e6kst. Planterne er i stand til at [&hellip;]<\/p>\n","protected":false},"featured_media":60358,"template":"","meta":{"_acf_changed":false},"product_brand":[],"product_cat":[1815,1854,1950],"product_tag":[],"class_list":{"0":"post-60354","1":"product","2":"type-product","3":"status-publish","4":"has-post-thumbnail","6":"product_cat-groudstyr","7":"product_cat-hydro","8":"product_cat-wilma-gro-systemer","10":"first","11":"instock","12":"taxable","13":"shipping-taxable","14":"purchasable","15":"product-type-simple"},"acf":[],"yoast_head":"<!-- This site is optimized with the Yoast SEO plugin v26.9 - https:\/\/yoast.com\/product\/yoast-seo-wordpress\/ -->\n<title>Wilma Mini 8 pot 1,65L - Superseeds.dk<\/title>\n<meta name=\"robots\" content=\"index, follow, max-snippet:-1, max-image-preview:large, max-video-preview:-1\" \/>\n<link rel=\"canonical\" href=\"https:\/\/superseeds.dk\/no\/produkt\/wilma-mini-8-pot-165l\/\" \/>\n<meta property=\"og:locale\" content=\"nb_NO\" \/>\n<meta property=\"og:type\" content=\"article\" \/>\n<meta property=\"og:title\" content=\"Wilma Mini 8 pot 1,65L - Superseeds.dk\" \/>\n<meta property=\"og:description\" content=\"Wilma Mini 8, er et drypsystem med otte 1,65 liter potter. P\u00e5 denne m\u00e5de har planterne en tilstr\u00e6kkelig plads til at udvikle sig optimalt. Wilma grow system er som en personlig assistent, der fodrer planterne lidt og ofte. P\u00e5 denne m\u00e5de f\u00e5r planterne n\u00e6ringsstoffer og vand til optimal v\u00e6kst. Planterne er i stand til at [&hellip;]\" \/>\n<meta property=\"og:url\" content=\"https:\/\/superseeds.dk\/no\/produkt\/wilma-mini-8-pot-165l\/\" \/>\n<meta property=\"og:site_name\" content=\"Superseeds.dk\" \/>\n<meta property=\"article:modified_time\" content=\"2025-01-30T23:25:38+00:00\" \/>\n<meta property=\"og:image\" content=\"https:\/\/super-seeds.no\/wp-content\/uploads\/2025\/01\/Wilma-Mini-8-pot-165L.png\" \/>\n\t<meta property=\"og:image:width\" content=\"1080\" \/>\n\t<meta property=\"og:image:height\" content=\"1080\" \/>\n\t<meta property=\"og:image:type\" content=\"image\/png\" \/>\n<meta name=\"twitter:card\" content=\"summary_large_image\" \/>\n<meta name=\"twitter:label1\" content=\"Ansl. lesetid\" \/>\n\t<meta name=\"twitter:data1\" content=\"1 minutt\" \/>\n<script type=\"application\/ld+json\" class=\"yoast-schema-graph\">{\"@context\":\"https:\/\/schema.org\",\"@graph\":[{\"@type\":\"WebPage\",\"@id\":\"https:\/\/superseeds.dk\/vare\/wilma-mini-8-pot-165l\/\",\"url\":\"https:\/\/superseeds.dk\/vare\/wilma-mini-8-pot-165l\/\",\"name\":\"Wilma Mini 8 pot 1,65L - Superseeds.dk\",\"isPartOf\":{\"@id\":\"https:\/\/super-seeds.se\/#website\"},\"primaryImageOfPage\":{\"@id\":\"https:\/\/superseeds.dk\/vare\/wilma-mini-8-pot-165l\/#primaryimage\"},\"image\":{\"@id\":\"https:\/\/superseeds.dk\/vare\/wilma-mini-8-pot-165l\/#primaryimage\"},\"thumbnailUrl\":\"https:\/\/superseeds.dk\/wp-content\/uploads\/2025\/01\/Wilma-Mini-8-pot-165L.png\",\"datePublished\":\"2025-01-30T23:25:35+00:00\",\"dateModified\":\"2025-01-30T23:25:38+00:00\",\"breadcrumb\":{\"@id\":\"https:\/\/superseeds.dk\/vare\/wilma-mini-8-pot-165l\/#breadcrumb\"},\"inLanguage\":\"nb-NO\",\"potentialAction\":[{\"@type\":\"ReadAction\",\"target\":[\"https:\/\/superseeds.dk\/vare\/wilma-mini-8-pot-165l\/\"]}]},{\"@type\":\"ImageObject\",\"inLanguage\":\"nb-NO\",\"@id\":\"https:\/\/superseeds.dk\/vare\/wilma-mini-8-pot-165l\/#primaryimage\",\"url\":\"https:\/\/superseeds.dk\/wp-content\/uploads\/2025\/01\/Wilma-Mini-8-pot-165L.png\",\"contentUrl\":\"https:\/\/superseeds.dk\/wp-content\/uploads\/2025\/01\/Wilma-Mini-8-pot-165L.png\",\"width\":1080,\"height\":1080},{\"@type\":\"BreadcrumbList\",\"@id\":\"https:\/\/superseeds.dk\/vare\/wilma-mini-8-pot-165l\/#breadcrumb\",\"itemListElement\":[{\"@type\":\"ListItem\",\"position\":1,\"name\":\"Hjem\",\"item\":\"https:\/\/superseeds.dk\/\"},{\"@type\":\"ListItem\",\"position\":2,\"name\":\"Shop\",\"item\":\"https:\/\/superseeds.dk\/no\/butikk\/\"},{\"@type\":\"ListItem\",\"position\":3,\"name\":\"Wilma Mini 8 pot 1,65L\"}]},{\"@type\":\"WebSite\",\"@id\":\"https:\/\/super-seeds.se\/#website\",\"url\":\"https:\/\/super-seeds.se\/\",\"name\":\"Superseeds.dk\",\"description\":\"\",\"publisher\":{\"@id\":\"https:\/\/super-seeds.se\/#organization\"},\"potentialAction\":[{\"@type\":\"SearchAction\",\"target\":{\"@type\":\"EntryPoint\",\"urlTemplate\":\"https:\/\/super-seeds.se\/?s={search_term_string}\"},\"query-input\":{\"@type\":\"PropertyValueSpecification\",\"valueRequired\":true,\"valueName\":\"search_term_string\"}}],\"inLanguage\":\"nb-NO\"},{\"@type\":\"Organization\",\"@id\":\"https:\/\/super-seeds.se\/#organization\",\"name\":\"Superseeds.dk\",\"url\":\"https:\/\/super-seeds.se\/\",\"logo\":{\"@type\":\"ImageObject\",\"inLanguage\":\"nb-NO\",\"@id\":\"https:\/\/super-seeds.se\/#\/schema\/logo\/image\/\",\"url\":\"https:\/\/superseeds.dk\/wp-content\/uploads\/2025\/09\/logo-superseeds.png\",\"contentUrl\":\"https:\/\/superseeds.dk\/wp-content\/uploads\/2025\/09\/logo-superseeds.png\",\"width\":180,\"height\":160,\"caption\":\"Superseeds.dk\"},\"image\":{\"@id\":\"https:\/\/super-seeds.se\/#\/schema\/logo\/image\/\"}}]}<\/script>\n<!-- \/ Yoast SEO plugin. -->","yoast_head_json":{"title":"Wilma Mini 8 pot 1,65L - Superseeds.dk","robots":{"index":"index","follow":"follow","max-snippet":"max-snippet:-1","max-image-preview":"max-image-preview:large","max-video-preview":"max-video-preview:-1"},"canonical":"https:\/\/superseeds.dk\/no\/produkt\/wilma-mini-8-pot-165l\/","og_locale":"nb_NO","og_type":"article","og_title":"Wilma Mini 8 pot 1,65L - Superseeds.dk","og_description":"Wilma Mini 8, er et drypsystem med otte 1,65 liter potter. P\u00e5 denne m\u00e5de har planterne en tilstr\u00e6kkelig plads til at udvikle sig optimalt. Wilma grow system er som en personlig assistent, der fodrer planterne lidt og ofte. P\u00e5 denne m\u00e5de f\u00e5r planterne n\u00e6ringsstoffer og vand til optimal v\u00e6kst. Planterne er i stand til at [&hellip;]","og_url":"https:\/\/superseeds.dk\/no\/produkt\/wilma-mini-8-pot-165l\/","og_site_name":"Superseeds.dk","article_modified_time":"2025-01-30T23:25:38+00:00","og_image":[{"width":1080,"height":1080,"url":"https:\/\/super-seeds.no\/wp-content\/uploads\/2025\/01\/Wilma-Mini-8-pot-165L.png","type":"image\/png"}],"twitter_card":"summary_large_image","twitter_misc":{"Ansl. lesetid":"1 minutt"},"schema":{"@context":"https:\/\/schema.org","@graph":[{"@type":"WebPage","@id":"https:\/\/superseeds.dk\/vare\/wilma-mini-8-pot-165l\/","url":"https:\/\/superseeds.dk\/vare\/wilma-mini-8-pot-165l\/","name":"Wilma Mini 8 pot 1,65L - Superseeds.dk","isPartOf":{"@id":"https:\/\/super-seeds.se\/#website"},"primaryImageOfPage":{"@id":"https:\/\/superseeds.dk\/vare\/wilma-mini-8-pot-165l\/#primaryimage"},"image":{"@id":"https:\/\/superseeds.dk\/vare\/wilma-mini-8-pot-165l\/#primaryimage"},"thumbnailUrl":"https:\/\/superseeds.dk\/wp-content\/uploads\/2025\/01\/Wilma-Mini-8-pot-165L.png","datePublished":"2025-01-30T23:25:35+00:00","dateModified":"2025-01-30T23:25:38+00:00","breadcrumb":{"@id":"https:\/\/superseeds.dk\/vare\/wilma-mini-8-pot-165l\/#breadcrumb"},"inLanguage":"nb-NO","potentialAction":[{"@type":"ReadAction","target":["https:\/\/superseeds.dk\/vare\/wilma-mini-8-pot-165l\/"]}]},{"@type":"ImageObject","inLanguage":"nb-NO","@id":"https:\/\/superseeds.dk\/vare\/wilma-mini-8-pot-165l\/#primaryimage","url":"https:\/\/superseeds.dk\/wp-content\/uploads\/2025\/01\/Wilma-Mini-8-pot-165L.png","contentUrl":"https:\/\/superseeds.dk\/wp-content\/uploads\/2025\/01\/Wilma-Mini-8-pot-165L.png","width":1080,"height":1080},{"@type":"BreadcrumbList","@id":"https:\/\/superseeds.dk\/vare\/wilma-mini-8-pot-165l\/#breadcrumb","itemListElement":[{"@type":"ListItem","position":1,"name":"Hjem","item":"https:\/\/superseeds.dk\/"},{"@type":"ListItem","position":2,"name":"Shop","item":"https:\/\/superseeds.dk\/no\/butikk\/"},{"@type":"ListItem","position":3,"name":"Wilma Mini 8 pot 1,65L"}]},{"@type":"WebSite","@id":"https:\/\/super-seeds.se\/#website","url":"https:\/\/super-seeds.se\/","name":"Superseeds.com","description":"","publisher":{"@id":"https:\/\/super-seeds.se\/#organization"},"potentialAction":[{"@type":"SearchAction","target":{"@type":"EntryPoint","urlTemplate":"https:\/\/super-seeds.se\/?s={search_term_string}"},"query-input":{"@type":"PropertyValueSpecification","valueRequired":true,"valueName":"search_term_string"}}],"inLanguage":"nb-NO"},{"@type":"Organization","@id":"https:\/\/super-seeds.se\/#organization","name":"Superseeds.com","url":"https:\/\/super-seeds.se\/","logo":{"@type":"ImageObject","inLanguage":"nb-NO","@id":"https:\/\/super-seeds.se\/#\/schema\/logo\/image\/","url":"https:\/\/superseeds.dk\/wp-content\/uploads\/2025\/09\/logo-superseeds.png","contentUrl":"https:\/\/superseeds.dk\/wp-content\/uploads\/2025\/09\/logo-superseeds.png","width":180,"height":160,"caption":"Superseeds.dk"},"image":{"@id":"https:\/\/super-seeds.se\/#\/schema\/logo\/image\/"}}]}},"df_price":1195,"df_sale_price":"","df_regular_price":1195,"df_image_link":"https:\/\/superseeds.dk\/wp-content\/uploads\/2025\/01\/Wilma-Mini-8-pot-165L-1024x1024.png","_links":{"self":[{"href":"https:\/\/superseeds.dk\/no\/wp-json\/wp\/v2\/product\/60354","targetHints":{"allow":["GET"]}}],"collection":[{"href":"https:\/\/superseeds.dk\/no\/wp-json\/wp\/v2\/product"}],"about":[{"href":"https:\/\/superseeds.dk\/no\/wp-json\/wp\/v2\/types\/product"}],"wp:featuredmedia":[{"embeddable":true,"href":"https:\/\/superseeds.dk\/no\/wp-json\/wp\/v2\/media\/60358"}],"wp:attachment":[{"href":"https:\/\/superseeds.dk\/no\/wp-json\/wp\/v2\/media?parent=60354"}],"wp:term":[{"taxonomy":"product_brand","embeddable":true,"href":"https:\/\/superseeds.dk\/no\/wp-json\/wp\/v2\/product_brand?post=60354"},{"taxonomy":"product_cat","embeddable":true,"href":"https:\/\/superseeds.dk\/no\/wp-json\/wp\/v2\/product_cat?post=60354"},{"taxonomy":"product_tag","embeddable":true,"href":"https:\/\/superseeds.dk\/no\/wp-json\/wp\/v2\/product_tag?post=60354"}],"curies":[{"name":"wp","href":"https:\/\/api.w.org\/{rel}","templated":true}]}}