{"id":60331,"date":"2025-01-31T00:25:24","date_gmt":"2025-01-30T23:25:24","guid":{"rendered":"https:\/\/superseeds.dk\/vare\/prodac-200-550-l-magic-vandpumpe\/"},"modified":"2025-01-31T00:25:29","modified_gmt":"2025-01-30T23:25:29","slug":"prodac-200-550-l-magic-vandpumpe","status":"publish","type":"product","link":"https:\/\/superseeds.dk\/no\/produkt\/prodac-200-550-l-magic-vandpumpe\/","title":{"rendered":"Prodac Magic vannpumpe"},"content":{"rendered":"<div class=\"product-description\">\n<p>Vand pumpe justerbar, med en kapacitet p\u00e5:<\/p>\n<ul>\n<li>MP 200<br \/>\n100\/300 liter i timen og en l\u00f8fteh\u00f8jde p\u00e5 60 cm.<br \/>\nKapacitet: 10 &#8211; 50 L<br \/>\nBruger 2 watt<br \/>\nH 4,5 x L 4 x B 4,5 cm<\/li>\n<li>MP 550<br \/>\n200\/550 liter i timen og en l\u00f8fteh\u00f8jde p\u00e5 90 cm.<br \/>\nKapacitet: 50 &#8211; 90 L<br \/>\nStudsen m\u00e5ler ca. 15mm udvendig og 11mm indvendig.<br \/>\nBruger 8 watt<br \/>\nH 6 x L 5,2 x B 6,4 cm<\/li>\n<li>MP 800<br \/>\n300\/800 liter i timen og en l\u00f8fteh\u00f8jde p\u00e5 130 cm.<br \/>\nKapacitet: 90 &#8211; 110 L<br \/>\nBruger 16 watt<br \/>\nH 10 x L 5,5 x B 7,7 cm<\/li>\n<\/ul>\n<\/div>","protected":false},"excerpt":{"rendered":"<p>God stabil pumpe til diverse vandings anl\u00e6g, hydroponic, havedame, akvarie og meget mere.<\/p>\n<p>Yderligere information l\u00e6ngere nede p\u00e5 siden.<\/p>","protected":false},"featured_media":60337,"template":"","meta":{"_acf_changed":false},"product_brand":[],"product_cat":[1815,1854,1906],"product_tag":[],"class_list":{"0":"post-60331","1":"product","2":"type-product","3":"status-publish","4":"has-post-thumbnail","6":"product_cat-groudstyr","7":"product_cat-hydro","8":"product_cat-pumper-div-tilbehor","10":"first","11":"onbackorder","12":"taxable","13":"shipping-taxable","14":"purchasable","15":"product-type-variable","16":"wvs-archive-product-wrapper"},"acf":[],"yoast_head":"<!-- This site is optimized with the Yoast SEO plugin v26.9 - https:\/\/yoast.com\/product\/yoast-seo-wordpress\/ -->\n<title>Prodac Magic Vandpumpe - Superseeds.dk<\/title>\n<meta name=\"robots\" content=\"index, follow, max-snippet:-1, max-image-preview:large, max-video-preview:-1\" \/>\n<link rel=\"canonical\" href=\"https:\/\/superseeds.dk\/no\/produkt\/prodac-200-550-l-magic-vandpumpe\/\" \/>\n<meta property=\"og:locale\" content=\"nb_NO\" \/>\n<meta property=\"og:type\" content=\"article\" \/>\n<meta property=\"og:title\" content=\"Prodac Magic Vandpumpe - Superseeds.dk\" \/>\n<meta property=\"og:description\" content=\"God stabil pumpe til diverse vandings anl\u00e6g, hydroponic, havedame, akvarie og meget mere.  Yderligere information l\u00e6ngere nede p\u00e5 siden.\" \/>\n<meta property=\"og:url\" content=\"https:\/\/superseeds.dk\/no\/produkt\/prodac-200-550-l-magic-vandpumpe\/\" \/>\n<meta property=\"og:site_name\" content=\"Superseeds.dk\" \/>\n<meta property=\"article:modified_time\" content=\"2025-01-30T23:25:29+00:00\" \/>\n<meta property=\"og:image\" content=\"https:\/\/superseeds.dk\/wp-content\/uploads\/2025\/01\/Prodac-Magic-Vandpumpe.png\" \/>\n\t<meta property=\"og:image:width\" content=\"1080\" \/>\n\t<meta property=\"og:image:height\" content=\"1080\" \/>\n\t<meta property=\"og:image:type\" content=\"image\/png\" \/>\n<meta name=\"twitter:card\" content=\"summary_large_image\" \/>\n<script type=\"application\/ld+json\" class=\"yoast-schema-graph\">{\"@context\":\"https:\/\/schema.org\",\"@graph\":[{\"@type\":\"WebPage\",\"@id\":\"https:\/\/superseeds.dk\/vare\/prodac-200-550-l-magic-vandpumpe\/\",\"url\":\"https:\/\/superseeds.dk\/vare\/prodac-200-550-l-magic-vandpumpe\/\",\"name\":\"Prodac Magic Vandpumpe - Superseeds.dk\",\"isPartOf\":{\"@id\":\"https:\/\/super-seeds.se\/#website\"},\"primaryImageOfPage\":{\"@id\":\"https:\/\/superseeds.dk\/vare\/prodac-200-550-l-magic-vandpumpe\/#primaryimage\"},\"image\":{\"@id\":\"https:\/\/superseeds.dk\/vare\/prodac-200-550-l-magic-vandpumpe\/#primaryimage\"},\"thumbnailUrl\":\"https:\/\/superseeds.dk\/wp-content\/uploads\/2025\/01\/Prodac-Magic-Vandpumpe.png\",\"datePublished\":\"2025-01-30T23:25:24+00:00\",\"dateModified\":\"2025-01-30T23:25:29+00:00\",\"breadcrumb\":{\"@id\":\"https:\/\/superseeds.dk\/vare\/prodac-200-550-l-magic-vandpumpe\/#breadcrumb\"},\"inLanguage\":\"nb-NO\",\"potentialAction\":[{\"@type\":\"ReadAction\",\"target\":[\"https:\/\/superseeds.dk\/vare\/prodac-200-550-l-magic-vandpumpe\/\"]}]},{\"@type\":\"ImageObject\",\"inLanguage\":\"nb-NO\",\"@id\":\"https:\/\/superseeds.dk\/vare\/prodac-200-550-l-magic-vandpumpe\/#primaryimage\",\"url\":\"https:\/\/superseeds.dk\/wp-content\/uploads\/2025\/01\/Prodac-Magic-Vandpumpe.png\",\"contentUrl\":\"https:\/\/superseeds.dk\/wp-content\/uploads\/2025\/01\/Prodac-Magic-Vandpumpe.png\",\"width\":1080,\"height\":1080},{\"@type\":\"BreadcrumbList\",\"@id\":\"https:\/\/superseeds.dk\/vare\/prodac-200-550-l-magic-vandpumpe\/#breadcrumb\",\"itemListElement\":[{\"@type\":\"ListItem\",\"position\":1,\"name\":\"Hjem\",\"item\":\"https:\/\/superseeds.dk\/\"},{\"@type\":\"ListItem\",\"position\":2,\"name\":\"Shop\",\"item\":\"https:\/\/superseeds.dk\/no\/butikk\/\"},{\"@type\":\"ListItem\",\"position\":3,\"name\":\"Prodac Magic Vandpumpe\"}]},{\"@type\":\"WebSite\",\"@id\":\"https:\/\/super-seeds.se\/#website\",\"url\":\"https:\/\/super-seeds.se\/\",\"name\":\"Superseeds.dk\",\"description\":\"\",\"publisher\":{\"@id\":\"https:\/\/super-seeds.se\/#organization\"},\"potentialAction\":[{\"@type\":\"SearchAction\",\"target\":{\"@type\":\"EntryPoint\",\"urlTemplate\":\"https:\/\/super-seeds.se\/?s={search_term_string}\"},\"query-input\":{\"@type\":\"PropertyValueSpecification\",\"valueRequired\":true,\"valueName\":\"search_term_string\"}}],\"inLanguage\":\"nb-NO\"},{\"@type\":\"Organization\",\"@id\":\"https:\/\/super-seeds.se\/#organization\",\"name\":\"Superseeds.dk\",\"url\":\"https:\/\/super-seeds.se\/\",\"logo\":{\"@type\":\"ImageObject\",\"inLanguage\":\"nb-NO\",\"@id\":\"https:\/\/super-seeds.se\/#\/schema\/logo\/image\/\",\"url\":\"https:\/\/superseeds.dk\/wp-content\/uploads\/2025\/09\/logo-superseeds.png\",\"contentUrl\":\"https:\/\/superseeds.dk\/wp-content\/uploads\/2025\/09\/logo-superseeds.png\",\"width\":180,\"height\":160,\"caption\":\"Superseeds.dk\"},\"image\":{\"@id\":\"https:\/\/super-seeds.se\/#\/schema\/logo\/image\/\"}}]}<\/script>\n<!-- \/ Yoast SEO plugin. -->","yoast_head_json":{"title":"Prodac Magic Vandpumpe - Superseeds.dk","robots":{"index":"index","follow":"follow","max-snippet":"max-snippet:-1","max-image-preview":"max-image-preview:large","max-video-preview":"max-video-preview:-1"},"canonical":"https:\/\/superseeds.dk\/no\/produkt\/prodac-200-550-l-magic-vandpumpe\/","og_locale":"nb_NO","og_type":"article","og_title":"Prodac Magic Vandpumpe - Superseeds.dk","og_description":"God stabil pumpe til diverse vandings anl\u00e6g, hydroponic, havedame, akvarie og meget mere.  Yderligere information l\u00e6ngere nede p\u00e5 siden.","og_url":"https:\/\/superseeds.dk\/no\/produkt\/prodac-200-550-l-magic-vandpumpe\/","og_site_name":"Superseeds.dk","article_modified_time":"2025-01-30T23:25:29+00:00","og_image":[{"width":1080,"height":1080,"url":"https:\/\/superseeds.dk\/wp-content\/uploads\/2025\/01\/Prodac-Magic-Vandpumpe.png","type":"image\/png"}],"twitter_card":"summary_large_image","schema":{"@context":"https:\/\/schema.org","@graph":[{"@type":"WebPage","@id":"https:\/\/superseeds.dk\/vare\/prodac-200-550-l-magic-vandpumpe\/","url":"https:\/\/superseeds.dk\/vare\/prodac-200-550-l-magic-vandpumpe\/","name":"Prodac Magic Vandpumpe - Superseeds.dk","isPartOf":{"@id":"https:\/\/super-seeds.se\/#website"},"primaryImageOfPage":{"@id":"https:\/\/superseeds.dk\/vare\/prodac-200-550-l-magic-vandpumpe\/#primaryimage"},"image":{"@id":"https:\/\/superseeds.dk\/vare\/prodac-200-550-l-magic-vandpumpe\/#primaryimage"},"thumbnailUrl":"https:\/\/superseeds.dk\/wp-content\/uploads\/2025\/01\/Prodac-Magic-Vandpumpe.png","datePublished":"2025-01-30T23:25:24+00:00","dateModified":"2025-01-30T23:25:29+00:00","breadcrumb":{"@id":"https:\/\/superseeds.dk\/vare\/prodac-200-550-l-magic-vandpumpe\/#breadcrumb"},"inLanguage":"nb-NO","potentialAction":[{"@type":"ReadAction","target":["https:\/\/superseeds.dk\/vare\/prodac-200-550-l-magic-vandpumpe\/"]}]},{"@type":"ImageObject","inLanguage":"nb-NO","@id":"https:\/\/superseeds.dk\/vare\/prodac-200-550-l-magic-vandpumpe\/#primaryimage","url":"https:\/\/superseeds.dk\/wp-content\/uploads\/2025\/01\/Prodac-Magic-Vandpumpe.png","contentUrl":"https:\/\/superseeds.dk\/wp-content\/uploads\/2025\/01\/Prodac-Magic-Vandpumpe.png","width":1080,"height":1080},{"@type":"BreadcrumbList","@id":"https:\/\/superseeds.dk\/vare\/prodac-200-550-l-magic-vandpumpe\/#breadcrumb","itemListElement":[{"@type":"ListItem","position":1,"name":"Hjem","item":"https:\/\/superseeds.dk\/"},{"@type":"ListItem","position":2,"name":"Shop","item":"https:\/\/superseeds.dk\/no\/butikk\/"},{"@type":"ListItem","position":3,"name":"Prodac Magic Vandpumpe"}]},{"@type":"WebSite","@id":"https:\/\/super-seeds.se\/#website","url":"https:\/\/super-seeds.se\/","name":"Superseeds.com","description":"","publisher":{"@id":"https:\/\/super-seeds.se\/#organization"},"potentialAction":[{"@type":"SearchAction","target":{"@type":"EntryPoint","urlTemplate":"https:\/\/super-seeds.se\/?s={search_term_string}"},"query-input":{"@type":"PropertyValueSpecification","valueRequired":true,"valueName":"search_term_string"}}],"inLanguage":"nb-NO"},{"@type":"Organization","@id":"https:\/\/super-seeds.se\/#organization","name":"Superseeds.com","url":"https:\/\/super-seeds.se\/","logo":{"@type":"ImageObject","inLanguage":"nb-NO","@id":"https:\/\/super-seeds.se\/#\/schema\/logo\/image\/","url":"https:\/\/superseeds.dk\/wp-content\/uploads\/2025\/09\/logo-superseeds.png","contentUrl":"https:\/\/superseeds.dk\/wp-content\/uploads\/2025\/09\/logo-superseeds.png","width":180,"height":160,"caption":"Superseeds.dk"},"image":{"@id":"https:\/\/super-seeds.se\/#\/schema\/logo\/image\/"}}]}},"df_price":119,"df_sale_price":"","df_regular_price":119,"df_image_link":"https:\/\/superseeds.dk\/wp-content\/uploads\/2025\/01\/Prodac-Magic-Vandpumpe-1024x1024.png","_links":{"self":[{"href":"https:\/\/superseeds.dk\/no\/wp-json\/wp\/v2\/product\/60331","targetHints":{"allow":["GET"]}}],"collection":[{"href":"https:\/\/superseeds.dk\/no\/wp-json\/wp\/v2\/product"}],"about":[{"href":"https:\/\/superseeds.dk\/no\/wp-json\/wp\/v2\/types\/product"}],"wp:featuredmedia":[{"embeddable":true,"href":"https:\/\/superseeds.dk\/no\/wp-json\/wp\/v2\/media\/60337"}],"wp:attachment":[{"href":"https:\/\/superseeds.dk\/no\/wp-json\/wp\/v2\/media?parent=60331"}],"wp:term":[{"taxonomy":"product_brand","embeddable":true,"href":"https:\/\/superseeds.dk\/no\/wp-json\/wp\/v2\/product_brand?post=60331"},{"taxonomy":"product_cat","embeddable":true,"href":"https:\/\/superseeds.dk\/no\/wp-json\/wp\/v2\/product_cat?post=60331"},{"taxonomy":"product_tag","embeddable":true,"href":"https:\/\/superseeds.dk\/no\/wp-json\/wp\/v2\/product_tag?post=60331"}],"curies":[{"name":"wp","href":"https:\/\/api.w.org\/{rel}","templated":true}]}}