{"id":60197,"date":"2025-01-30T23:30:13","date_gmt":"2025-01-30T22:30:13","guid":{"rendered":"https:\/\/superseeds.dk\/vare\/kloever\/"},"modified":"2025-01-30T23:30:15","modified_gmt":"2025-01-30T22:30:15","slug":"doervakt","status":"publish","type":"product","link":"https:\/\/superseeds.dk\/no\/produkt\/doervakt\/","title":{"rendered":"Kl\u00f8ver"},"content":{"rendered":"<p>Fr\u00f8ene v\u00e5re er fra sertifiserte \u00f8kologiske kilder, bakterietestet og f\u00f8lger dansk og europeisk n\u00e6ringsmiddellovgivning for spirede fr\u00f8.<\/p>\n<p>De kommer med en garanti for trygg spising, h\u00f8y spireevne og deilighet.<\/p>\n<p>Hva med mat?<\/p>\n<p>Kl\u00f8ver er klar til \u00e5 spises r\u00e5, og er definitivt min favorittm\u00e5te \u00e5 spise dem p\u00e5. Med et h\u00f8yt helseniv\u00e5 p\u00e5 grunn av de mange vitaminene, mineralene, antioksidantene og proteinene, er de et flott supplement til et sunt hverdagskosthold.<\/p>\n<p>De er over i alfalfa-smakene, og er litt mer spisse i smaken. Det er hint av salat.<\/p>\n<p>Du kan tilsette dem i juice, smoothies og saft, der de ogs\u00e5 er gode smaksforsterkere!<\/p>\n<p>Det er ogs\u00e5 en deilig garnityr og gir et godt kick til salater og mye mer!<\/p>\n<p>#GoodSpirituality fra Micro Greens Danmark!<\/p>","protected":false},"excerpt":{"rendered":"<p>Vores fr\u00f8 er fra \u00f8kologisk certificeret kilde, bakterietestet og f\u00f8lger Dansk og Europ\u00e6isk f\u00f8devarelovgivning indenfor spirefr\u00f8. De kommer med en garanti for sikker spise, h\u00f8j spireevne og l\u00e6kkerhed. Hvad med mad?: Kl\u00f8ver er er klar til at spise r\u00e5, og er helt klart ogs\u00e5 min foretrukne m\u00e5de at spise dem p\u00e5. Med et h\u00f8jt sundhedsniveau [&hellip;]<\/p>\n","protected":false},"featured_media":60200,"template":"","meta":{"_acf_changed":false},"product_brand":[],"product_cat":[1829,2020],"product_tag":[],"class_list":{"0":"post-60197","1":"product","2":"type-product","3":"status-publish","4":"has-post-thumbnail","6":"product_cat-microgreens","7":"product_cat-microgreens-froe","8":"pa_gram-100-g","9":"pa_gram-50-g","11":"first","12":"onbackorder","13":"taxable","14":"shipping-taxable","15":"purchasable","16":"product-type-variable","17":"wvs-archive-product-wrapper"},"acf":[],"yoast_head":"<!-- This site is optimized with the Yoast SEO plugin v26.9 - https:\/\/yoast.com\/product\/yoast-seo-wordpress\/ -->\n<title>Kl\u00f8ver - Superseeds.dk<\/title>\n<meta name=\"robots\" content=\"index, follow, max-snippet:-1, max-image-preview:large, max-video-preview:-1\" \/>\n<link rel=\"canonical\" href=\"https:\/\/superseeds.dk\/no\/produkt\/doervakt\/\" \/>\n<meta property=\"og:locale\" content=\"nb_NO\" \/>\n<meta property=\"og:type\" content=\"article\" \/>\n<meta property=\"og:title\" content=\"Kl\u00f8ver - Superseeds.dk\" \/>\n<meta property=\"og:description\" content=\"Vores fr\u00f8 er fra \u00f8kologisk certificeret kilde, bakterietestet og f\u00f8lger Dansk og Europ\u00e6isk f\u00f8devarelovgivning indenfor spirefr\u00f8. De kommer med en garanti for sikker spise, h\u00f8j spireevne og l\u00e6kkerhed. Hvad med mad?: Kl\u00f8ver er er klar til at spise r\u00e5, og er helt klart ogs\u00e5 min foretrukne m\u00e5de at spise dem p\u00e5. Med et h\u00f8jt sundhedsniveau [&hellip;]\" \/>\n<meta property=\"og:url\" content=\"https:\/\/superseeds.dk\/no\/produkt\/doervakt\/\" \/>\n<meta property=\"og:site_name\" content=\"Superseeds.dk\" \/>\n<meta property=\"article:modified_time\" content=\"2025-01-30T22:30:15+00:00\" \/>\n<meta property=\"og:image\" content=\"https:\/\/super-seeds.no\/wp-content\/uploads\/2025\/01\/Kloever.png\" \/>\n\t<meta property=\"og:image:width\" content=\"1080\" \/>\n\t<meta property=\"og:image:height\" content=\"1080\" \/>\n\t<meta property=\"og:image:type\" content=\"image\/png\" \/>\n<meta name=\"twitter:card\" content=\"summary_large_image\" \/>\n<meta name=\"twitter:label1\" content=\"Ansl. lesetid\" \/>\n\t<meta name=\"twitter:data1\" content=\"1 minutt\" \/>\n<script type=\"application\/ld+json\" class=\"yoast-schema-graph\">{\"@context\":\"https:\/\/schema.org\",\"@graph\":[{\"@type\":\"WebPage\",\"@id\":\"https:\/\/superseeds.dk\/vare\/kloever\/\",\"url\":\"https:\/\/superseeds.dk\/vare\/kloever\/\",\"name\":\"Kl\u00f8ver - Superseeds.dk\",\"isPartOf\":{\"@id\":\"https:\/\/super-seeds.se\/#website\"},\"primaryImageOfPage\":{\"@id\":\"https:\/\/superseeds.dk\/vare\/kloever\/#primaryimage\"},\"image\":{\"@id\":\"https:\/\/superseeds.dk\/vare\/kloever\/#primaryimage\"},\"thumbnailUrl\":\"https:\/\/superseeds.dk\/wp-content\/uploads\/2025\/01\/Kloever.png\",\"datePublished\":\"2025-01-30T22:30:13+00:00\",\"dateModified\":\"2025-01-30T22:30:15+00:00\",\"breadcrumb\":{\"@id\":\"https:\/\/superseeds.dk\/vare\/kloever\/#breadcrumb\"},\"inLanguage\":\"nb-NO\",\"potentialAction\":[{\"@type\":\"ReadAction\",\"target\":[\"https:\/\/superseeds.dk\/vare\/kloever\/\"]}]},{\"@type\":\"ImageObject\",\"inLanguage\":\"nb-NO\",\"@id\":\"https:\/\/superseeds.dk\/vare\/kloever\/#primaryimage\",\"url\":\"https:\/\/superseeds.dk\/wp-content\/uploads\/2025\/01\/Kloever.png\",\"contentUrl\":\"https:\/\/superseeds.dk\/wp-content\/uploads\/2025\/01\/Kloever.png\",\"width\":1080,\"height\":1080},{\"@type\":\"BreadcrumbList\",\"@id\":\"https:\/\/superseeds.dk\/vare\/kloever\/#breadcrumb\",\"itemListElement\":[{\"@type\":\"ListItem\",\"position\":1,\"name\":\"Hjem\",\"item\":\"https:\/\/superseeds.dk\/\"},{\"@type\":\"ListItem\",\"position\":2,\"name\":\"Shop\",\"item\":\"https:\/\/superseeds.dk\/no\/butikk\/\"},{\"@type\":\"ListItem\",\"position\":3,\"name\":\"Kl\u00f8ver\"}]},{\"@type\":\"WebSite\",\"@id\":\"https:\/\/super-seeds.se\/#website\",\"url\":\"https:\/\/super-seeds.se\/\",\"name\":\"Superseeds.dk\",\"description\":\"\",\"publisher\":{\"@id\":\"https:\/\/super-seeds.se\/#organization\"},\"potentialAction\":[{\"@type\":\"SearchAction\",\"target\":{\"@type\":\"EntryPoint\",\"urlTemplate\":\"https:\/\/super-seeds.se\/?s={search_term_string}\"},\"query-input\":{\"@type\":\"PropertyValueSpecification\",\"valueRequired\":true,\"valueName\":\"search_term_string\"}}],\"inLanguage\":\"nb-NO\"},{\"@type\":\"Organization\",\"@id\":\"https:\/\/super-seeds.se\/#organization\",\"name\":\"Superseeds.dk\",\"url\":\"https:\/\/super-seeds.se\/\",\"logo\":{\"@type\":\"ImageObject\",\"inLanguage\":\"nb-NO\",\"@id\":\"https:\/\/super-seeds.se\/#\/schema\/logo\/image\/\",\"url\":\"https:\/\/superseeds.dk\/wp-content\/uploads\/2025\/09\/logo-superseeds.png\",\"contentUrl\":\"https:\/\/superseeds.dk\/wp-content\/uploads\/2025\/09\/logo-superseeds.png\",\"width\":180,\"height\":160,\"caption\":\"Superseeds.dk\"},\"image\":{\"@id\":\"https:\/\/super-seeds.se\/#\/schema\/logo\/image\/\"}}]}<\/script>\n<!-- \/ Yoast SEO plugin. -->","yoast_head_json":{"title":"Kl\u00f8ver - Superseeds.dk","robots":{"index":"index","follow":"follow","max-snippet":"max-snippet:-1","max-image-preview":"max-image-preview:large","max-video-preview":"max-video-preview:-1"},"canonical":"https:\/\/superseeds.dk\/no\/produkt\/doervakt\/","og_locale":"nb_NO","og_type":"article","og_title":"Kl\u00f8ver - Superseeds.dk","og_description":"Vores fr\u00f8 er fra \u00f8kologisk certificeret kilde, bakterietestet og f\u00f8lger Dansk og Europ\u00e6isk f\u00f8devarelovgivning indenfor spirefr\u00f8. De kommer med en garanti for sikker spise, h\u00f8j spireevne og l\u00e6kkerhed. Hvad med mad?: Kl\u00f8ver er er klar til at spise r\u00e5, og er helt klart ogs\u00e5 min foretrukne m\u00e5de at spise dem p\u00e5. Med et h\u00f8jt sundhedsniveau [&hellip;]","og_url":"https:\/\/superseeds.dk\/no\/produkt\/doervakt\/","og_site_name":"Superseeds.dk","article_modified_time":"2025-01-30T22:30:15+00:00","og_image":[{"width":1080,"height":1080,"url":"https:\/\/super-seeds.no\/wp-content\/uploads\/2025\/01\/Kloever.png","type":"image\/png"}],"twitter_card":"summary_large_image","twitter_misc":{"Ansl. lesetid":"1 minutt"},"schema":{"@context":"https:\/\/schema.org","@graph":[{"@type":"WebPage","@id":"https:\/\/superseeds.dk\/vare\/kloever\/","url":"https:\/\/superseeds.dk\/vare\/kloever\/","name":"Kl\u00f8ver - Superseeds.dk","isPartOf":{"@id":"https:\/\/super-seeds.se\/#website"},"primaryImageOfPage":{"@id":"https:\/\/superseeds.dk\/vare\/kloever\/#primaryimage"},"image":{"@id":"https:\/\/superseeds.dk\/vare\/kloever\/#primaryimage"},"thumbnailUrl":"https:\/\/superseeds.dk\/wp-content\/uploads\/2025\/01\/Kloever.png","datePublished":"2025-01-30T22:30:13+00:00","dateModified":"2025-01-30T22:30:15+00:00","breadcrumb":{"@id":"https:\/\/superseeds.dk\/vare\/kloever\/#breadcrumb"},"inLanguage":"nb-NO","potentialAction":[{"@type":"ReadAction","target":["https:\/\/superseeds.dk\/vare\/kloever\/"]}]},{"@type":"ImageObject","inLanguage":"nb-NO","@id":"https:\/\/superseeds.dk\/vare\/kloever\/#primaryimage","url":"https:\/\/superseeds.dk\/wp-content\/uploads\/2025\/01\/Kloever.png","contentUrl":"https:\/\/superseeds.dk\/wp-content\/uploads\/2025\/01\/Kloever.png","width":1080,"height":1080},{"@type":"BreadcrumbList","@id":"https:\/\/superseeds.dk\/vare\/kloever\/#breadcrumb","itemListElement":[{"@type":"ListItem","position":1,"name":"Hjem","item":"https:\/\/superseeds.dk\/"},{"@type":"ListItem","position":2,"name":"Shop","item":"https:\/\/superseeds.dk\/no\/butikk\/"},{"@type":"ListItem","position":3,"name":"Kl\u00f8ver"}]},{"@type":"WebSite","@id":"https:\/\/super-seeds.se\/#website","url":"https:\/\/super-seeds.se\/","name":"Superseeds.com","description":"","publisher":{"@id":"https:\/\/super-seeds.se\/#organization"},"potentialAction":[{"@type":"SearchAction","target":{"@type":"EntryPoint","urlTemplate":"https:\/\/super-seeds.se\/?s={search_term_string}"},"query-input":{"@type":"PropertyValueSpecification","valueRequired":true,"valueName":"search_term_string"}}],"inLanguage":"nb-NO"},{"@type":"Organization","@id":"https:\/\/super-seeds.se\/#organization","name":"Superseeds.com","url":"https:\/\/super-seeds.se\/","logo":{"@type":"ImageObject","inLanguage":"nb-NO","@id":"https:\/\/super-seeds.se\/#\/schema\/logo\/image\/","url":"https:\/\/superseeds.dk\/wp-content\/uploads\/2025\/09\/logo-superseeds.png","contentUrl":"https:\/\/superseeds.dk\/wp-content\/uploads\/2025\/09\/logo-superseeds.png","width":180,"height":160,"caption":"Superseeds.dk"},"image":{"@id":"https:\/\/super-seeds.se\/#\/schema\/logo\/image\/"}}]}},"df_price":28,"df_sale_price":"","df_regular_price":28,"df_image_link":"https:\/\/superseeds.dk\/wp-content\/uploads\/2025\/01\/Kloever-1024x1024.png","_links":{"self":[{"href":"https:\/\/superseeds.dk\/no\/wp-json\/wp\/v2\/product\/60197","targetHints":{"allow":["GET"]}}],"collection":[{"href":"https:\/\/superseeds.dk\/no\/wp-json\/wp\/v2\/product"}],"about":[{"href":"https:\/\/superseeds.dk\/no\/wp-json\/wp\/v2\/types\/product"}],"wp:featuredmedia":[{"embeddable":true,"href":"https:\/\/superseeds.dk\/no\/wp-json\/wp\/v2\/media\/60200"}],"wp:attachment":[{"href":"https:\/\/superseeds.dk\/no\/wp-json\/wp\/v2\/media?parent=60197"}],"wp:term":[{"taxonomy":"product_brand","embeddable":true,"href":"https:\/\/superseeds.dk\/no\/wp-json\/wp\/v2\/product_brand?post=60197"},{"taxonomy":"product_cat","embeddable":true,"href":"https:\/\/superseeds.dk\/no\/wp-json\/wp\/v2\/product_cat?post=60197"},{"taxonomy":"product_tag","embeddable":true,"href":"https:\/\/superseeds.dk\/no\/wp-json\/wp\/v2\/product_tag?post=60197"}],"curies":[{"name":"wp","href":"https:\/\/api.w.org\/{rel}","templated":true}]}}